{"id":1475747,"date":"2025-11-12T16:20:16","date_gmt":"2025-11-12T16:20:16","guid":{"rendered":"https:\/\/talkpal.ai\/pustu-grammatika\/"},"modified":"2025-12-30T11:44:01","modified_gmt":"2025-12-30T11:44:01","slug":"pustu-grammatika","status":"publish","type":"page","link":"https:\/\/talkpal.ai\/et\/pustu-grammatika\/","title":{"rendered":"Pu\u0161tu grammatika"},"content":{"rendered":"\r\n\r\n\r\n<section class=\"languageChallengeSection\">\r\n    <div class=\"languageInfoWrapper\">\r\n        \r\n        <h1>Pu\u0161tu grammatika<\/h1>\r\n        <p><a href=\"https:\/\/talkpal.ai\/learn-pashto\/\">Pu\u0161tu<\/a> keele <a href=\"https:\/\/talkpal.ai\/greek-grammar\/\">grammatika<\/a> v\u00f5ib alguses tunduda keeruline, kuid selle ainulaadsed omadused muudavad keele \u00f5ppimise rahuldust pakkuvaks kogemuseks. Uurides selle t\u00e4hestikku, mutatsioone ja grammatikareegleid, saate \u00fclevaate rikkalikust keeletraditsioonist. Alustage oma teekonda ja avastage <a href=\"https:\/\/talkpal.ai\/learn-pashto\/\">pu\u0161tu<\/a> ilu!<\/p>\r\n\r\n                            <a class=\"getStartedHidden\" href=\"https:\/\/app.talkpal.ai\/et\/signup?lng=\">Alusta<\/a>\r\n        \r\n    <\/div>\r\n\r\n    <figure>\r\n    <img decoding=\"async\" width=\"768\" height=\"768\" src=\"https:\/\/talkpal.ai\/wp-content\/uploads\/2023\/06\/welsh-768x768.png\" class=\"languageImage no-lazy\" alt=\"Language learning for better cognitive abilities\" fetchpriority=\"high\" sizes=\"(max-width: 768px) 150px, 768px\" srcset=\"https:\/\/talkpal.ai\/wp-content\/uploads\/2023\/06\/welsh-768x768.png 768w, https:\/\/talkpal.ai\/wp-content\/uploads\/2023\/06\/welsh-300x300.png 300w\" \/>\r\n    \r\n\r\n    <\/figure>\r\n\r\n            <a class=\"getStartedVisible\" href=\"https:\/\/app.talkpal.ai\/et\/signup?lng=\">Alusta<\/a>\r\n    \r\n<\/section><section class=\"promotionalBanner\">\r\n    <p class=\"promotionalText\">K\u00f5ige t\u00f5husam viis keele \u00f5ppimiseks<\/p>\r\n    <a class=\"promotionalLink\" href=\"https:\/\/app.talkpal.ai\/et\/signup?lng=\">Proovige Talkpal tasuta<\/a>\r\n<\/section>\n<div class=\"wp-block-group pageContainerStyle\"><div class=\"wp-block-group__inner-container is-layout-constrained wp-block-group-is-layout-constrained\">\n<h2 class=\"wp-block-heading\" id=\"h-navigating-the-intricacies-of-pashto-grammar\">Pu\u0161tu grammatika keerukuses navigeerimine<\/h2>\n\n\n\n<p><a href=\"https:\/\/talkpal.ai\/et\/opi-pustu-keelt\/\">Pu\u0161tu,<\/a> Ida-Iraani keel, millel on rikas ajalugu ja kultuuriline t\u00e4htsus kogu Afganistanis ja Pakistanis, pakub p\u00f5nevat keelekogemust neile, kes soovivad uurida selle ainulaadset grammatikas\u00fcsteemi. Pu\u0161tu valdkonda sisenedes ei rikasta te mitte ainult oma keelelist repertuaari, vaid v\u00f5tate omaks ka p\u00f5neva kultuuriteekonna. Kuigi pu\u0161tu keele grammatika v\u00f5ib alguses tunduda keeruline, muudab selle p\u00f5hikomponentideks jagamine keele \u00f5ppimise ligip\u00e4\u00e4setavamaks. Selles artiklis uurime <a href=\"https:\/\/talkpal.ai\/et\/pustu-grammatikaharjutused\/\">pu\u0161tu grammatika<\/a> k\u00fctkestavat maailma ja anname n\u00e4pun\u00e4iteid selle keerukuse valdamiseks.<\/p>\n\n\n\n<h3 class=\"wp-block-heading\" id=\"h-1-pashto-alphabet-and-phonetics\">1. Pu\u0161tu t\u00e4hestik ja foneetika<\/h3>\n\n\n\n<p>Pu\u0161tu kirjas\u00fcsteem p\u00f5hineb <a href=\"https:\/\/talkpal.ai\/learn-persian\/\">p\u00e4rsia<\/a>-araabia kirjal ja sisaldab pu\u0161tu keelele ainulaadseid lisat\u00e4hti, nagu \u067c, \u0689, \u0693, \u06bc, \u0685, \u0681, \u069a, \u0696 ja \u06ab. Pu\u0161tu keele grammatika \u00f5ppimiseks on \u00fclioluline tutvuda selle iseloomuliku kirjastiku ja pu\u0161tu helis\u00fcsteemiga, millel on retroflex ja aspireeritud kaash\u00e4\u00e4likud ning iseloomulikud vokaalide kontrastid.<\/p>\n\n\n\n<h3 class=\"wp-block-heading\" id=\"h-2-split-ergativity-a-peculiar-pashto-feature\">2. Jagatud ergatiivsus: omap\u00e4rane pu\u0161tu omadus<\/h3>\n\n\n\n<p><a href=\"https:\/\/talkpal.ai\/et\/pustu-grammatikaharjutused\/\">Pu\u0161tu grammatika<\/a> \u00fcks silmatorkavamaid aspekte on selle l\u00f5hestatud ergatiivsus paljudes minevikuvormis transitiivsetes lausetes. Sellistes kontekstides esineb agent kaldus k\u00e4\u00e4ndes ja tegus\u00f5na kipub n\u00f5ustuma otsese sihitusega soo ja arvu poolest, mitte agendiga. Pu\u0161tu keeles t\u00e4pse suhtluse jaoks on oluline m\u00f5ista, millal see joondamismuster kehtib ja kuidas kokkulepe toimib.<\/p>\n\n\n\n<h3 class=\"wp-block-heading\" id=\"h-3-nouns-and-pronouns-gender-and-cases\">3. Nimis\u00f5nad ja ases\u00f5nad: sugu ja juhtumid<\/h3>\n\n\n\n<p>Pu\u0161tu nimis\u00f5nadel on grammatiline sugu (meessoost v\u00f5i naissoost) ja need j\u00e4rgivad mitmeid mitmuse moodustumismustreid, mis varieeruvad nimis\u00f5nade klasside j\u00e4rgi. Pu\u0161tu keeles eristatakse ka otseseid ja kaldus k\u00e4\u00e4ndeid, mis m\u00f5jutavad nimis\u00f5nade ja ases\u00f5nade k\u00e4itumist postpositsioonide ja teatud verbikonstruktsioonide puhul. Pu\u0161tu ases\u00f5nad h\u00f5lmavad isiklikke, omastavaid, refleksiivseid, demonstratiivseid ja k\u00fcsivaid vorme nii iseseisvate kui ka enkliitseliste variantidega. Nende vormide ja nende k\u00e4\u00e4nete erinevustega tutvumine parandab oluliselt teie arusaamist pu\u0161tu grammatikast.<\/p>\n\n\n\n<h3 class=\"wp-block-heading\" id=\"h-4-verbs-structure-and-conjugation\">4. Tegus\u00f5nad: struktuur ja konjugatsioon<\/h3>\n\n\n\n<p>Pu\u0161tu verbid j\u00e4rgivad eristatavat s\u00fcsteemi, mis on organiseeritud aspekti ja aja \u00fcmber, isiku ja arvu kokkulangevusega. Tuumaajavormid h\u00f5lmavad olevikku, minevikku ja tulevikku, tulevikku t\u00e4histatakse tavaliselt osakese ba. Pu\u0161tu kasutab j\u00f5uliselt ka selliseid meeleolusid nagu tingimuslik, subjunktiiv ja imperatiiv ning kasutab eituseosakesi, mis erinevad v\u00e4idete ja k\u00e4skude vahel. Konjugatsioonimustrite, sealhulgas perfektiivsete ja imperfektiivsete t\u00fcvede <a href=\"https:\/\/talkpal.ai\/et\/oppimine\/\">\u00f5ppimine<\/a> parandab teie v\u00f5imet pu\u0161tu keeles t\u00f5husalt suhelda.<\/p>\n\n\n\n<h3 class=\"wp-block-heading\" id=\"h-5-adjectives-agreement-and-placement\">5. Omaduss\u00f5nad: kokkulepe ja paigutus<\/h3>\n\n\n\n<p>Pu\u0161tu grammatikas eelnevad omaduss\u00f5nad tavaliselt nimis\u00f5nale, mida nad muudavad, ja paljud omaduss\u00f5nad ei muuda soo ega numbri vormi. M\u00f5ned omaduss\u00f5nad moodustavad v\u00f5rdlevaid ja \u00fcliv\u00f5rdes t\u00e4hendusi ebakorrap\u00e4raselt v\u00f5i kindlate v\u00e4ljendite kaudu, mis on loomulikuma suhtlemise \u00f5ppimiseks h\u00e4davajalikud.<\/p>\n\n\n\n<p><strong>N\u00e4ited:<\/strong><\/p>\n\n\n\n<p><strong>\u2013 Loy Kor (suur maja)<\/strong><\/p>\n\n\n\n<p><strong>\u2013 Kuchni Mashuman (v\u00e4ikesed lapsed)<\/strong><\/p>\n\n\n\n<h3 class=\"wp-block-heading\" id=\"h-6-engaging-with-the-language\">6. Keelega tegelemine<\/h3>\n\n\n\n<p>K\u00f5ige t\u00f5husam viis pu\u0161tu grammatika t\u00e4ielikuks m\u00f5istmiseks ja sisestamiseks on keelega j\u00e4rjepidevalt tegeleda. Pu\u0161tu kirjandust lugedes, pu\u0161tu filme v\u00f5i telesarju vaadates, raadiot ja muusikat kuulates ning aktiivselt emakeelena k\u00f5nelejatega suheldes tugevdate oma arusaamist grammatikast, laiendades samal ajal oma s\u00f5navara.<\/p>\n\n\n\n<h3 class=\"wp-block-heading\" id=\"h-conclusion\">Kokkuv\u00f5te<\/h3>\n\n\n\n<p>Kuigi pu\u0161tu keele grammatika v\u00f5ib tunduda keeruline, saate seda kaunist keelt valdada p\u00fchendumise, harjutamise ja entusiasmiga. Keskendudes p\u00f5hireeglitele ja tegeledes keelega erinevates kontekstides, parandate kiiresti oma pu\u0161tu <a href=\"https:\/\/talkpal.ai\/et\/grammatika\/\">keele grammatikaoskust<\/a>. Kha bakht (edu) pu\u0161tu keele teekonnal ja nautige pu\u0161tu keele grammatika m\u00f5istatusliku, kuid k\u00fctkestava maailma lahtiharutamist!<\/p>\n<\/div><\/div>\n\r\n<section class=\"learnNavigationSection\">\r\n            \r\n        <a href=\"https:\/\/talkpal.ai\/et\/opi-pustu-keelt\/\">\r\n            <div class=\"learnNavigationWrapper\">\r\n                <div class=\"learnNavigationContent\">\r\n                    <img decoding=\"async\" src=\"https:\/\/talkpal.ai\/wp-content\/uploads\/2025\/11\/Pashto.png\" alt=\"Afghan Flag\">\r\n                    <div>\r\n                        <h4>Pu\u0161tu keele \u00f5ppimise kohta<\/h4>\r\n                        <p>Uurige k\u00f5ike pu\u0161tu grammatika kohta.<\/p>\r\n                    <\/div>\r\n                <\/div>\r\n            <\/div>\r\n        <\/a>\r\n\r\n        \r\n        <a href=\"https:\/\/talkpal.ai\/et\/pustu-grammatikaharjutused\/\">\r\n            <div class=\"learnNavigationWrapper\">\r\n                <div class=\"learnNavigationContent\">\r\n                    <img decoding=\"async\" src=\"https:\/\/talkpal.ai\/wp-content\/uploads\/2025\/11\/Pashto.png\" alt=\"Afghan Flag\">\r\n                    <div>\r\n                        <h4>Pu\u0161tu grammatika harjutus<\/h4>\r\n                        <p>Harjutage pu\u0161tu keelt.<\/p>\r\n                    <\/div>\r\n                <\/div>\r\n            <\/div>\r\n        <\/a>\r\n\r\n            <\/section>","protected":false},"excerpt":{"rendered":"<p>Pu\u0161tu grammatika keerukuses navigeerimine Pu\u0161tu, Ida-Iraani keel, millel on rikas ajalugu ja kultuuriline t\u00e4htsus kogu Afganistanis ja Pakistanis, pakub p\u00f5nevat keelekogemust neile, kes soovivad uurida selle ainulaadset grammatikas\u00fcsteemi. Pu\u0161tu valdkonda sisenedes ei rikasta te mitte ainult oma keelelist repertuaari, vaid v\u00f5tate omaks ka p\u00f5neva kultuuriteekonna. Kuigi pu\u0161tu keele grammatika v\u00f5ib alguses tunduda keeruline, muudab selle [&hellip;]<\/p>\n","protected":false},"author":20,"featured_media":0,"parent":0,"menu_order":0,"comment_status":"closed","ping_status":"closed","template":"LearningContentPage.php","meta":{"_acf_changed":false,"footnotes":""},"class_list":["post-1475747","page","type-page","status-publish","hentry"],"acf":[],"yoast_head":"<!-- This site is optimized with the Yoast SEO Premium plugin v27.2 (Yoast SEO v27.2) - https:\/\/yoast.com\/product\/yoast-seo-premium-wordpress\/ -->\n<title>Pu\u0161tu grammatika - Talkpal<\/title>\n<meta name=\"description\" content=\"Selle p\u00f5hjaliku k\u00e4siraamatuga saate omandada pashto keele grammatika, mis h\u00f5lmab t\u00e4hestikku, foneetikat, jagatud ergatiivi, noomenid, pronoomenid, verbid ja omaduss\u00f5nad.\" \/>\n<meta name=\"robots\" content=\"index, follow, max-snippet:-1, max-image-preview:large, max-video-preview:-1\" \/>\n<link rel=\"canonical\" href=\"https:\/\/talkpal.ai\/et\/pustu-grammatika\/\" \/>\n<meta property=\"og:locale\" content=\"et_EE\" \/>\n<meta property=\"og:type\" content=\"article\" \/>\n<meta property=\"og:title\" content=\"Pu\u0161tu grammatika\" \/>\n<meta property=\"og:description\" content=\"Pu\u0161tu grammatika keerukuses navigeerimine Pu\u0161tu, Ida-Iraani keel, millel on rikas ajalugu ja kultuuriline t\u00e4htsus kogu Afganistanis ja Pakistanis, pakub\" \/>\n<meta property=\"og:url\" content=\"https:\/\/talkpal.ai\/et\/pustu-grammatika\/\" \/>\n<meta property=\"og:site_name\" content=\"Talkpal\" \/>\n<meta property=\"article:publisher\" content=\"https:\/\/www.facebook.com\/profile.php?id=100090733639311\" \/>\n<meta property=\"article:modified_time\" content=\"2025-12-30T11:44:01+00:00\" \/>\n<meta property=\"og:image\" content=\"https:\/\/talkpal.ai\/wp-content\/uploads\/2025\/02\/Progress-tab-16_9.png\" \/>\n\t<meta property=\"og:image:width\" content=\"2880\" \/>\n\t<meta property=\"og:image:height\" content=\"1620\" \/>\n\t<meta property=\"og:image:type\" content=\"image\/png\" \/>\n<meta name=\"twitter:card\" content=\"summary_large_image\" \/>\n<meta name=\"twitter:site\" content=\"@talkpalai\" \/>\n<meta name=\"twitter:label1\" content=\"Est. reading time\" \/>\n\t<meta name=\"twitter:data1\" content=\"3 minutit\" \/>\n<script type=\"application\/ld+json\" class=\"yoast-schema-graph\">{\"@context\":\"https:\/\/schema.org\",\"@graph\":[{\"@type\":\"WebPage\",\"@id\":\"https:\/\/talkpal.ai\/et\/pustu-grammatika\/\",\"url\":\"https:\/\/talkpal.ai\/et\/pustu-grammatika\/\",\"name\":\"Pu\u0161tu grammatika - Talkpal\",\"isPartOf\":{\"@id\":\"https:\/\/talkpal.ai\/et\/#website\"},\"datePublished\":\"2025-11-12T16:20:16+00:00\",\"dateModified\":\"2025-12-30T11:44:01+00:00\",\"description\":\"Selle p\u00f5hjaliku k\u00e4siraamatuga saate omandada pashto keele grammatika, mis h\u00f5lmab t\u00e4hestikku, foneetikat, jagatud ergatiivi, noomenid, pronoomenid, verbid ja omaduss\u00f5nad.\",\"breadcrumb\":{\"@id\":\"https:\/\/talkpal.ai\/et\/pustu-grammatika\/#breadcrumb\"},\"inLanguage\":\"et\",\"potentialAction\":[{\"@type\":\"ReadAction\",\"target\":[\"https:\/\/talkpal.ai\/et\/pustu-grammatika\/\"]}]},{\"@type\":\"BreadcrumbList\",\"@id\":\"https:\/\/talkpal.ai\/et\/pustu-grammatika\/#breadcrumb\",\"itemListElement\":[{\"@type\":\"ListItem\",\"position\":1,\"name\":\"Homepage\",\"item\":\"https:\/\/talkpal.ai\/et\/\"},{\"@type\":\"ListItem\",\"position\":2,\"name\":\"Pu\u0161tu grammatika\"}]},{\"@type\":\"WebSite\",\"@id\":\"https:\/\/talkpal.ai\/et\/#website\",\"url\":\"https:\/\/talkpal.ai\/et\/\",\"name\":\"Talkpal\",\"description\":\"AI Language Learning\",\"publisher\":{\"@id\":\"https:\/\/talkpal.ai\/et\/#organization\"},\"alternateName\":\"Talkpal AI\",\"potentialAction\":[{\"@type\":\"SearchAction\",\"target\":{\"@type\":\"EntryPoint\",\"urlTemplate\":\"https:\/\/talkpal.ai\/et\/?s={search_term_string}\"},\"query-input\":{\"@type\":\"PropertyValueSpecification\",\"valueRequired\":true,\"valueName\":\"search_term_string\"}}],\"inLanguage\":\"et\"},{\"@type\":\"Organization\",\"@id\":\"https:\/\/talkpal.ai\/et\/#organization\",\"name\":\"Talkpal, Inc.\",\"alternateName\":\"Talkpal AI\",\"url\":\"https:\/\/talkpal.ai\/et\/\",\"logo\":{\"@type\":\"ImageObject\",\"inLanguage\":\"et\",\"@id\":\"https:\/\/talkpal.ai\/et\/#\/schema\/logo\/image\/\",\"url\":\"https:\/\/talkpal.ai\/wp-content\/uploads\/2024\/03\/Talkpal-Logo-Icon.png\",\"contentUrl\":\"https:\/\/talkpal.ai\/wp-content\/uploads\/2024\/03\/Talkpal-Logo-Icon.png\",\"width\":2880,\"height\":2880,\"caption\":\"Talkpal, Inc.\"},\"image\":{\"@id\":\"https:\/\/talkpal.ai\/et\/#\/schema\/logo\/image\/\"},\"sameAs\":[\"https:\/\/www.facebook.com\/profile.php?id=100090733639311\",\"https:\/\/x.com\/talkpalai\",\"https:\/\/www.linkedin.com\/company\/talkpal\/\",\"https:\/\/www.youtube.com\/@TalkPal\/\",\"https:\/\/www.tiktok.com\/@talkpal\",\"https:\/\/www.instagram.com\/talkpal_ai\/\",\"https:\/\/www.crunchbase.com\/organization\/talkpal-9cde\",\"https:\/\/www.g2.com\/products\/talkpal-for-business\/\",\"https:\/\/www.trustpilot.com\/review\/talkpal.ai\",\"https:\/\/www.capterra.com\/p\/10006800\/TalkPal\/\"],\"description\":\"Talkpal is a language learning web and mobile education app, powered by the latest AI technologies, that provides engaging experiences to its customers in many different languages to help them improve their language skills. Users can chat about unlimited amount of topics with the app and use other modes to practice their language learning.\",\"email\":\"support@talkpal.ai\",\"legalName\":\"Talkpal, Inc.\",\"foundingDate\":\"2023-04-03\",\"duns\":\"118989042\",\"numberOfEmployees\":{\"@type\":\"QuantitativeValue\",\"minValue\":\"11\",\"maxValue\":\"50\"},\"publishingPrinciples\":\"https:\/\/talkpal.ai\/publishing-principles\/\",\"actionableFeedbackPolicy\":\"https:\/\/talkpal.ai\/actionable-feedback-policy\/\",\"correctionsPolicy\":\"https:\/\/talkpal.ai\/corrections-policy\/\",\"ethicsPolicy\":\"https:\/\/talkpal.ai\/ethics-policy\/\",\"diversityPolicy\":\"https:\/\/talkpal.ai\/diversity-policy\/\",\"diversityStaffingReport\":\"https:\/\/talkpal.ai\/diversity-policy\/\"}]}<\/script>\n<!-- \/ Yoast SEO Premium plugin. -->","yoast_head_json":{"title":"Pu\u0161tu grammatika - Talkpal","description":"Selle p\u00f5hjaliku k\u00e4siraamatuga saate omandada pashto keele grammatika, mis h\u00f5lmab t\u00e4hestikku, foneetikat, jagatud ergatiivi, noomenid, pronoomenid, verbid ja omaduss\u00f5nad.","robots":{"index":"index","follow":"follow","max-snippet":"max-snippet:-1","max-image-preview":"max-image-preview:large","max-video-preview":"max-video-preview:-1"},"canonical":"https:\/\/talkpal.ai\/et\/pustu-grammatika\/","og_locale":"et_EE","og_type":"article","og_title":"Pu\u0161tu grammatika","og_description":"Pu\u0161tu grammatika keerukuses navigeerimine Pu\u0161tu, Ida-Iraani keel, millel on rikas ajalugu ja kultuuriline t\u00e4htsus kogu Afganistanis ja Pakistanis, pakub","og_url":"https:\/\/talkpal.ai\/et\/pustu-grammatika\/","og_site_name":"Talkpal","article_publisher":"https:\/\/www.facebook.com\/profile.php?id=100090733639311","article_modified_time":"2025-12-30T11:44:01+00:00","og_image":[{"width":2880,"height":1620,"url":"https:\/\/talkpal.ai\/wp-content\/uploads\/2025\/02\/Progress-tab-16_9.png","type":"image\/png"}],"twitter_card":"summary_large_image","twitter_site":"@talkpalai","twitter_misc":{"Est. reading time":"3 minutit"},"schema":{"@context":"https:\/\/schema.org","@graph":[{"@type":"WebPage","@id":"https:\/\/talkpal.ai\/et\/pustu-grammatika\/","url":"https:\/\/talkpal.ai\/et\/pustu-grammatika\/","name":"Pu\u0161tu grammatika - Talkpal","isPartOf":{"@id":"https:\/\/talkpal.ai\/et\/#website"},"datePublished":"2025-11-12T16:20:16+00:00","dateModified":"2025-12-30T11:44:01+00:00","description":"Selle p\u00f5hjaliku k\u00e4siraamatuga saate omandada pashto keele grammatika, mis h\u00f5lmab t\u00e4hestikku, foneetikat, jagatud ergatiivi, noomenid, pronoomenid, verbid ja omaduss\u00f5nad.","breadcrumb":{"@id":"https:\/\/talkpal.ai\/et\/pustu-grammatika\/#breadcrumb"},"inLanguage":"et","potentialAction":[{"@type":"ReadAction","target":["https:\/\/talkpal.ai\/et\/pustu-grammatika\/"]}]},{"@type":"BreadcrumbList","@id":"https:\/\/talkpal.ai\/et\/pustu-grammatika\/#breadcrumb","itemListElement":[{"@type":"ListItem","position":1,"name":"Homepage","item":"https:\/\/talkpal.ai\/et\/"},{"@type":"ListItem","position":2,"name":"Pu\u0161tu grammatika"}]},{"@type":"WebSite","@id":"https:\/\/talkpal.ai\/et\/#website","url":"https:\/\/talkpal.ai\/et\/","name":"Talkpal","description":"AI Language Learning","publisher":{"@id":"https:\/\/talkpal.ai\/et\/#organization"},"alternateName":"Talkpal AI","potentialAction":[{"@type":"SearchAction","target":{"@type":"EntryPoint","urlTemplate":"https:\/\/talkpal.ai\/et\/?s={search_term_string}"},"query-input":{"@type":"PropertyValueSpecification","valueRequired":true,"valueName":"search_term_string"}}],"inLanguage":"et"},{"@type":"Organization","@id":"https:\/\/talkpal.ai\/et\/#organization","name":"Talkpal, Inc.","alternateName":"Talkpal AI","url":"https:\/\/talkpal.ai\/et\/","logo":{"@type":"ImageObject","inLanguage":"et","@id":"https:\/\/talkpal.ai\/et\/#\/schema\/logo\/image\/","url":"https:\/\/talkpal.ai\/wp-content\/uploads\/2024\/03\/Talkpal-Logo-Icon.png","contentUrl":"https:\/\/talkpal.ai\/wp-content\/uploads\/2024\/03\/Talkpal-Logo-Icon.png","width":2880,"height":2880,"caption":"Talkpal, Inc."},"image":{"@id":"https:\/\/talkpal.ai\/et\/#\/schema\/logo\/image\/"},"sameAs":["https:\/\/www.facebook.com\/profile.php?id=100090733639311","https:\/\/x.com\/talkpalai","https:\/\/www.linkedin.com\/company\/talkpal\/","https:\/\/www.youtube.com\/@TalkPal\/","https:\/\/www.tiktok.com\/@talkpal","https:\/\/www.instagram.com\/talkpal_ai\/","https:\/\/www.crunchbase.com\/organization\/talkpal-9cde","https:\/\/www.g2.com\/products\/talkpal-for-business\/","https:\/\/www.trustpilot.com\/review\/talkpal.ai","https:\/\/www.capterra.com\/p\/10006800\/TalkPal\/"],"description":"Talkpal is a language learning web and mobile education app, powered by the latest AI technologies, that provides engaging experiences to its customers in many different languages to help them improve their language skills. Users can chat about unlimited amount of topics with the app and use other modes to practice their language learning.","email":"support@talkpal.ai","legalName":"Talkpal, Inc.","foundingDate":"2023-04-03","duns":"118989042","numberOfEmployees":{"@type":"QuantitativeValue","minValue":"11","maxValue":"50"},"publishingPrinciples":"https:\/\/talkpal.ai\/publishing-principles\/","actionableFeedbackPolicy":"https:\/\/talkpal.ai\/actionable-feedback-policy\/","correctionsPolicy":"https:\/\/talkpal.ai\/corrections-policy\/","ethicsPolicy":"https:\/\/talkpal.ai\/ethics-policy\/","diversityPolicy":"https:\/\/talkpal.ai\/diversity-policy\/","diversityStaffingReport":"https:\/\/talkpal.ai\/diversity-policy\/"}]}},"_links":{"self":[{"href":"https:\/\/talkpal.ai\/et\/wp-json\/wp\/v2\/pages\/1475747","targetHints":{"allow":["GET"]}}],"collection":[{"href":"https:\/\/talkpal.ai\/et\/wp-json\/wp\/v2\/pages"}],"about":[{"href":"https:\/\/talkpal.ai\/et\/wp-json\/wp\/v2\/types\/page"}],"author":[{"embeddable":true,"href":"https:\/\/talkpal.ai\/et\/wp-json\/wp\/v2\/users\/20"}],"replies":[{"embeddable":true,"href":"https:\/\/talkpal.ai\/et\/wp-json\/wp\/v2\/comments?post=1475747"}],"version-history":[{"count":0,"href":"https:\/\/talkpal.ai\/et\/wp-json\/wp\/v2\/pages\/1475747\/revisions"}],"wp:attachment":[{"href":"https:\/\/talkpal.ai\/et\/wp-json\/wp\/v2\/media?parent=1475747"}],"curies":[{"name":"wp","href":"https:\/\/api.w.org\/{rel}","templated":true}]}}