{"id":1475707,"date":"2025-11-12T16:07:26","date_gmt":"2025-11-12T16:07:26","guid":{"rendered":"https:\/\/talkpal.ai\/oriya-grammatika\/"},"modified":"2025-12-30T12:45:42","modified_gmt":"2025-12-30T12:45:42","slug":"oriya-grammatika","status":"publish","type":"page","link":"https:\/\/talkpal.ai\/et\/oriya-grammatika\/","title":{"rendered":"Odia grammatika"},"content":{"rendered":"\r\n\r\n\r\n<section class=\"languageChallengeSection\">\r\n    <div class=\"languageInfoWrapper\">\r\n        \r\n        <h1>Odia grammatika<\/h1>\r\n        <p><a href=\"https:\/\/talkpal.ai\/learn-odia\/\">Odia<\/a> keele <a href=\"https:\/\/talkpal.ai\/greek-grammar\/\">grammatika<\/a> v\u00f5ib alguses tunduda keeruline, kuid selle unikaalsed omadused muudavad keele \u00f5ppimise nauditavaks kogemuseks. Uurides selle t\u00e4hestikku, mutatsioone ja grammatikareegleid, saate \u00fclevaate rikkalikust keeletraditsioonist. Alusta oma teekonda ja avasta Odia ilu!<\/p>\r\n\r\n                            <a class=\"getStartedHidden\" href=\"https:\/\/app.talkpal.ai\/et\/signup?lng=\">Alusta<\/a>\r\n        \r\n    <\/div>\r\n\r\n    <figure>\r\n    <img decoding=\"async\" width=\"768\" height=\"768\" src=\"https:\/\/talkpal.ai\/wp-content\/uploads\/2023\/06\/welsh-768x768.png\" class=\"languageImage no-lazy\" alt=\"Language learning for better cognitive abilities\" fetchpriority=\"high\" sizes=\"(max-width: 768px) 150px, 768px\" srcset=\"https:\/\/talkpal.ai\/wp-content\/uploads\/2023\/06\/welsh-768x768.png 768w, https:\/\/talkpal.ai\/wp-content\/uploads\/2023\/06\/welsh-300x300.png 300w\" \/>\r\n    \r\n\r\n    <\/figure>\r\n\r\n            <a class=\"getStartedVisible\" href=\"https:\/\/app.talkpal.ai\/et\/signup?lng=\">Alusta<\/a>\r\n    \r\n<\/section><section class=\"promotionalBanner\">\r\n    <p class=\"promotionalText\">K\u00f5ige t\u00f5husam viis keele \u00f5ppimiseks<\/p>\r\n    <a class=\"promotionalLink\" href=\"https:\/\/app.talkpal.ai\/et\/signup?lng=\">Proovige Talkpal tasuta<\/a>\r\n<\/section>\n<div class=\"wp-block-group pageContainerStyle\"><div class=\"wp-block-group__inner-container is-layout-constrained wp-block-group-is-layout-constrained\">\n<h2 class=\"wp-block-heading\" id=\"h-navigating-the-intricacies-of-odia-grammar\">Odia grammatika keerukuste l\u00e4bimine<\/h2>\n\n\n\n<p><a href=\"https:\/\/talkpal.ai\/learn-oriya\/\">Odia<\/a>, tuntud ka kui Odia, on indoaaria keel, millel on rikkalik kirjanduslik traditsioon ja s\u00fcgavad kultuurilised juured Ida-Indias. See pakub p\u00f5nevat keelelist kogemust \u00f5ppijatele, kes soovivad uurida selle erip\u00e4rast grammatikas\u00fcsteemi. Kui sa astud Odia maailma, rikastad sa mitte ainult oma keelelist repertuaari, vaid avad ka p\u00f5neva kultuurilise teekonna. Kuigi <a href=\"https:\/\/talkpal.ai\/odia-grammar\/\">Odia grammatika<\/a> v\u00f5ib alguses tunduda keeruline, muudab selle p\u00f5hikomponentideks jagamine keele \u00f5ppimise lihtsamaks. Selles artiklis uurime Odia keele grammatika k\u00f6itvat maailma ja anname n\u00f5uandeid, kuidas selle keerukust valdada.<\/p>\n\n\n\n<h3 class=\"wp-block-heading\" id=\"h-1-odia-alphabet-and-phonetics\">1. Odia t\u00e4hestik ja foneetika<\/h3>\n\n\n\n<p>Odia kiri on abugida, millel on 11 vokaali ja umbes 35 kaash\u00e4\u00e4likut ning diakriitilised ja konjunkt-konsonandid. See sisaldab retroflex- ja aspireeritud h\u00e4\u00e4likuid, mis on iseloomulikud indoaaria keeltele. Kirja, t\u00e4ish\u00e4\u00e4likum\u00e4rkide ja sides\u00f5nade klastrite tundmine on h\u00e4\u00e4lduse ja lugemise valdamiseks \u00fclioluline. Harjuta Odia keeles lugemist ja kirjutamist, et sisendada heli-s\u00fcmboli vastavus.<\/p>\n\n\n\n<h3 class=\"wp-block-heading\" id=\"h-2-case-markers-and-postpositions-a-distinctive-odia-feature\">2. Korpuse markerid ja postpositsioonid: Iseloomulik Odia tunnus<\/h3>\n\n\n\n<p>Odia keele grammatika silmapaistev k\u00fclg on selle k\u00e4\u00e4ndem\u00e4rkide ja postpositsioonide kasutamine eess\u00f5nade asemel. Levinud markerite hulka kuuluvad ku akusatiivi ja datiivi rollide jaoks, ra genitiivi jaoks, re lokatiivi jaoks, ru ablatiivi jaoks, saha komitatiivi jaoks, dwara instrumentaalse v\u00f5i agentiivse jaoks ja valu eesm\u00e4rgi jaoks. \u00d5ige suhtluse jaoks on oluline m\u00f5ista, kuidas need markerid nimis\u00f5nadele ja ases\u00f5nadele seostuvad.<\/p>\n\n\n\n<h3 class=\"wp-block-heading\" id=\"h-3-nouns-and-pronouns-gender-and-cases\">3. Nimis\u00f5nad ja ases\u00f5nad: sugu ja juhtumid<\/h3>\n\n\n\n<p>Odia nimis\u00f5nadel puudub grammatiline sugu ning mitmus varieerub nimis\u00f5na t\u00fc\u00fcbi ja konteksti j\u00e4rgi. Inim- ja elusad nimis\u00f5nad v\u00f5tavad sageli mitmuse j\u00e4relliite -mane, samas kui elutud nimis\u00f5nad v\u00f5ivad kasutada -gudika v\u00f5i j\u00e4\u00e4da m\u00e4rgistamata, kui mitmus on kontekstist selge. Ases\u00f5nade hulka kuuluvad isiklikud, omastavad, refleksiivsed, demonstratiivsed ja k\u00fcsivad komplektid koos auv\u00e4\u00e4rsete eristustega: mu I, tume you informal, apana you polite, se he or she, semane they. Omastavate s\u00f5nade hulka kuuluvad <a href=\"https:\/\/talkpal.ai\/locations\/language-courses-in-mora\/\">mora<\/a> my, tora ur, apanangkara teie viisakas, tara tema oma. Nende vormide ja nende k\u00e4\u00e4num\u00e4rgistatud variantidega tutvumine parandab oluliselt sinu arusaamist Odia keele grammatikast.<\/p>\n\n\n\n<h3 class=\"wp-block-heading\" id=\"h-4-verbs-structure-and-conjugation\">4. Tegus\u00f5nad: struktuur ja konjugatsioon<\/h3>\n\n\n\n<p>Odia tegus\u00f5nad p\u00f6\u00f6rduvad ajavormi, aspekti, meeleolu ja kokkuleppe jaoks, kus austustasemed m\u00f5jutavad tegus\u00f5nade vorme. Tuum-aspekti moodustised h\u00f5lmavad oleviku progressiivset -uchis, lihtsat minevikku -ilas ja tulevikku -ibas koos liitkonstruktsioonide ja abis\u00fcsteemidega. Aktiivselt kasutatakse tingimuslikke ja imperatiivseid meeleolusid. P\u00f6\u00f6ramismustrite ja nende suhtluse <a href=\"https:\/\/talkpal.ai\/et\/oppimine\/\">\u00f5ppimine<\/a> inimese ja viisakusega parandab sinu v\u00f5imet Odia keeles t\u00f5husalt suhelda.<\/p>\n\n\n\n<h3 class=\"wp-block-heading\" id=\"h-5-adjectives-agreement-and-placement\">5. Omaduss\u00f5nad: kokkulepe ja paigutus<\/h3>\n\n\n\n<p>Odia grammatikas eelnevad omaduss\u00f5nad tavaliselt nimis\u00f5nale, mida nad muudavad, ja tavaliselt ei muutu numbri ega soo t\u00f5ttu. V\u00f5rdlevad ja \u00fcliv\u00f5rded moodustatakse tavaliselt m\u00e4\u00e4rs\u00f5nadega nagu adhika more ja sabutharu most, kuigi tatsama vormid v\u00f5ivad formaalsetes registrites kasutada ka j\u00e4relliiteid. Nende mustrite valdamine aitab k\u00f5nel k\u00f5lada loomulikult, ja idiomaatiliselt.<\/p>\n\n\n\n<p><strong>N\u00e4ited:<\/strong><\/p>\n\n\n\n<p><strong>\u2013 Bada Prema (suur armastus)  <\/strong><\/p>\n\n\n\n<p><strong>\u2013 Chhota pilamane (v\u00e4ikesed lapsed)<\/strong><\/p>\n\n\n\n<h3 class=\"wp-block-heading\" id=\"h-6-engaging-with-the-language\">6. Keelega tegelemine<\/h3>\n\n\n\n<p>K\u00f5ige t\u00f5husam viis Odia grammatika t\u00e4ielikuks m\u00f5istmiseks ja sisendamiseks on j\u00e4rjepidev keelega tegelemine. Lugedes Odia kirjandust, vaadates Odia filme v\u00f5i telesarju, j\u00e4lgides Odia uudiseid ja suheldes aktiivselt emakeelsete k\u00f5nelejatega, tugevdad oma grammatika m\u00f5istmist ja laiendad oma s\u00f5navara.<\/p>\n\n\n\n<h3 class=\"wp-block-heading\" id=\"h-conclusion\">Kokkuv\u00f5te<\/h3>\n\n\n\n<p>Kuigi Odia keele grammatika v\u00f5ib tunduda keeruline, saad selles kaunis keeles oskuslikuks saada p\u00fchendumuse, harjutamise ja entusiasmiga. Keskendudes p\u00f5hireeglitele ja suheldes keelega erinevates kontekstides, arendad kiiresti oma Odia <a href=\"https:\/\/talkpal.ai\/et\/grammatika\/\">keele grammatikaoskust<\/a>. Subha kamana (edu) oma Odia keele teekonnal ja naudi elegantse, kuid kaasahaarava Odia grammatika maailma avastamist!<\/p>\n<\/div><\/div>\n\r\n<section class=\"learnNavigationSection\">\r\n            \r\n        <a href=\"https:\/\/talkpal.ai\/et\/oppige-oriya-keelt\/\">\r\n            <div class=\"learnNavigationWrapper\">\r\n                <div class=\"learnNavigationContent\">\r\n                    <img decoding=\"async\" src=\"https:\/\/talkpal.ai\/wp-content\/uploads\/2025\/11\/Oriya.png\" alt=\"Indian Simplified Flag\">\r\n                    <div>\r\n                        <h4>Odia Learningi kohta<\/h4>\r\n                        <p>Uuri k\u00f5ike Odia Grammatika kohta.<\/p>\r\n                    <\/div>\r\n                <\/div>\r\n            <\/div>\r\n        <\/a>\r\n\r\n        \r\n        <a href=\"https:\/\/talkpal.ai\/et\/oriya-grammatikaharjutused\/\">\r\n            <div class=\"learnNavigationWrapper\">\r\n                <div class=\"learnNavigationContent\">\r\n                    <img decoding=\"async\" src=\"https:\/\/talkpal.ai\/wp-content\/uploads\/2025\/11\/Oriya.png\" alt=\"Indian Simplified Flag\">\r\n                    <div>\r\n                        <h4>Odia grammatikaharjutus<\/h4>\r\n                        <p>Harjuta Odia grammatikat.<\/p>\r\n                    <\/div>\r\n                <\/div>\r\n            <\/div>\r\n        <\/a>\r\n\r\n            <\/section>","protected":false},"excerpt":{"rendered":"<p>Odia grammatika keerukuste l\u00e4bimine Odia, tuntud ka kui Odia, on indoaaria keel, millel on rikkalik kirjanduslik traditsioon ja s\u00fcgavad kultuurilised juured Ida-Indias. See pakub p\u00f5nevat keelelist kogemust \u00f5ppijatele, kes soovivad uurida selle erip\u00e4rast grammatikas\u00fcsteemi. Kui sa astud Odia maailma, rikastad sa mitte ainult oma keelelist repertuaari, vaid avad ka p\u00f5neva kultuurilise teekonna. Kuigi Odia grammatika [&hellip;]<\/p>\n","protected":false},"author":20,"featured_media":0,"parent":0,"menu_order":0,"comment_status":"closed","ping_status":"closed","template":"LearningContentPage.php","meta":{"_acf_changed":false,"footnotes":""},"class_list":["post-1475707","page","type-page","status-publish","hentry"],"acf":[],"yoast_head":"<!-- This site is optimized with the Yoast SEO Premium plugin v27.2 (Yoast SEO v27.2) - https:\/\/yoast.com\/product\/yoast-seo-premium-wordpress\/ -->\n<title>Odia grammatika - Talkpal<\/title>\n<meta name=\"description\" content=\"\u00d5ppige meie p\u00f5hjaliku keele\u00f5piku abil omandama odiakeele grammatika p\u00f5hit\u00f5desid, sealhulgas t\u00e4hestikku, k\u00e4\u00e4ndeid ja verbe.\" \/>\n<meta name=\"robots\" content=\"index, follow, max-snippet:-1, max-image-preview:large, max-video-preview:-1\" \/>\n<link rel=\"canonical\" href=\"https:\/\/talkpal.ai\/et\/oriya-grammatika\/\" \/>\n<meta property=\"og:locale\" content=\"et_EE\" \/>\n<meta property=\"og:type\" content=\"article\" \/>\n<meta property=\"og:title\" content=\"Odia grammatika\" \/>\n<meta property=\"og:description\" content=\"Odia grammatika keerukuste l\u00e4bimine Odia, tuntud ka kui Odia, on indoaaria keel, millel on rikkalik kirjanduslik traditsioon ja s\u00fcgavad kultuurilised\" \/>\n<meta property=\"og:url\" content=\"https:\/\/talkpal.ai\/et\/oriya-grammatika\/\" \/>\n<meta property=\"og:site_name\" content=\"Talkpal\" \/>\n<meta property=\"article:publisher\" content=\"https:\/\/www.facebook.com\/profile.php?id=100090733639311\" \/>\n<meta property=\"article:modified_time\" content=\"2025-12-30T12:45:42+00:00\" \/>\n<meta property=\"og:image\" content=\"https:\/\/talkpal.ai\/wp-content\/uploads\/2025\/02\/Progress-tab-16_9.png\" \/>\n\t<meta property=\"og:image:width\" content=\"2880\" \/>\n\t<meta property=\"og:image:height\" content=\"1620\" \/>\n\t<meta property=\"og:image:type\" content=\"image\/png\" \/>\n<meta name=\"twitter:card\" content=\"summary_large_image\" \/>\n<meta name=\"twitter:site\" content=\"@talkpalai\" \/>\n<meta name=\"twitter:label1\" content=\"Est. reading time\" \/>\n\t<meta name=\"twitter:data1\" content=\"3 minutit\" \/>\n<script type=\"application\/ld+json\" class=\"yoast-schema-graph\">{\"@context\":\"https:\/\/schema.org\",\"@graph\":[{\"@type\":\"WebPage\",\"@id\":\"https:\/\/talkpal.ai\/et\/oriya-grammatika\/\",\"url\":\"https:\/\/talkpal.ai\/et\/oriya-grammatika\/\",\"name\":\"Odia grammatika - Talkpal\",\"isPartOf\":{\"@id\":\"https:\/\/talkpal.ai\/et\/#website\"},\"datePublished\":\"2025-11-12T16:07:26+00:00\",\"dateModified\":\"2025-12-30T12:45:42+00:00\",\"description\":\"\u00d5ppige meie p\u00f5hjaliku keele\u00f5piku abil omandama odiakeele grammatika p\u00f5hit\u00f5desid, sealhulgas t\u00e4hestikku, k\u00e4\u00e4ndeid ja verbe.\",\"breadcrumb\":{\"@id\":\"https:\/\/talkpal.ai\/et\/oriya-grammatika\/#breadcrumb\"},\"inLanguage\":\"et\",\"potentialAction\":[{\"@type\":\"ReadAction\",\"target\":[\"https:\/\/talkpal.ai\/et\/oriya-grammatika\/\"]}]},{\"@type\":\"BreadcrumbList\",\"@id\":\"https:\/\/talkpal.ai\/et\/oriya-grammatika\/#breadcrumb\",\"itemListElement\":[{\"@type\":\"ListItem\",\"position\":1,\"name\":\"Homepage\",\"item\":\"https:\/\/talkpal.ai\/et\/\"},{\"@type\":\"ListItem\",\"position\":2,\"name\":\"Odia grammatika\"}]},{\"@type\":\"WebSite\",\"@id\":\"https:\/\/talkpal.ai\/et\/#website\",\"url\":\"https:\/\/talkpal.ai\/et\/\",\"name\":\"Talkpal\",\"description\":\"AI Language Learning\",\"publisher\":{\"@id\":\"https:\/\/talkpal.ai\/et\/#organization\"},\"alternateName\":\"Talkpal AI\",\"potentialAction\":[{\"@type\":\"SearchAction\",\"target\":{\"@type\":\"EntryPoint\",\"urlTemplate\":\"https:\/\/talkpal.ai\/et\/?s={search_term_string}\"},\"query-input\":{\"@type\":\"PropertyValueSpecification\",\"valueRequired\":true,\"valueName\":\"search_term_string\"}}],\"inLanguage\":\"et\"},{\"@type\":\"Organization\",\"@id\":\"https:\/\/talkpal.ai\/et\/#organization\",\"name\":\"Talkpal, Inc.\",\"alternateName\":\"Talkpal AI\",\"url\":\"https:\/\/talkpal.ai\/et\/\",\"logo\":{\"@type\":\"ImageObject\",\"inLanguage\":\"et\",\"@id\":\"https:\/\/talkpal.ai\/et\/#\/schema\/logo\/image\/\",\"url\":\"https:\/\/talkpal.ai\/wp-content\/uploads\/2024\/03\/Talkpal-Logo-Icon.png\",\"contentUrl\":\"https:\/\/talkpal.ai\/wp-content\/uploads\/2024\/03\/Talkpal-Logo-Icon.png\",\"width\":2880,\"height\":2880,\"caption\":\"Talkpal, Inc.\"},\"image\":{\"@id\":\"https:\/\/talkpal.ai\/et\/#\/schema\/logo\/image\/\"},\"sameAs\":[\"https:\/\/www.facebook.com\/profile.php?id=100090733639311\",\"https:\/\/x.com\/talkpalai\",\"https:\/\/www.linkedin.com\/company\/talkpal\/\",\"https:\/\/www.youtube.com\/@TalkPal\/\",\"https:\/\/www.tiktok.com\/@talkpal\",\"https:\/\/www.instagram.com\/talkpal_ai\/\",\"https:\/\/www.crunchbase.com\/organization\/talkpal-9cde\",\"https:\/\/www.g2.com\/products\/talkpal-for-business\/\",\"https:\/\/www.trustpilot.com\/review\/talkpal.ai\",\"https:\/\/www.capterra.com\/p\/10006800\/TalkPal\/\"],\"description\":\"Talkpal is a language learning web and mobile education app, powered by the latest AI technologies, that provides engaging experiences to its customers in many different languages to help them improve their language skills. Users can chat about unlimited amount of topics with the app and use other modes to practice their language learning.\",\"email\":\"support@talkpal.ai\",\"legalName\":\"Talkpal, Inc.\",\"foundingDate\":\"2023-04-03\",\"duns\":\"118989042\",\"numberOfEmployees\":{\"@type\":\"QuantitativeValue\",\"minValue\":\"11\",\"maxValue\":\"50\"},\"publishingPrinciples\":\"https:\/\/talkpal.ai\/publishing-principles\/\",\"actionableFeedbackPolicy\":\"https:\/\/talkpal.ai\/actionable-feedback-policy\/\",\"correctionsPolicy\":\"https:\/\/talkpal.ai\/corrections-policy\/\",\"ethicsPolicy\":\"https:\/\/talkpal.ai\/ethics-policy\/\",\"diversityPolicy\":\"https:\/\/talkpal.ai\/diversity-policy\/\",\"diversityStaffingReport\":\"https:\/\/talkpal.ai\/diversity-policy\/\"}]}<\/script>\n<!-- \/ Yoast SEO Premium plugin. -->","yoast_head_json":{"title":"Odia grammatika - Talkpal","description":"\u00d5ppige meie p\u00f5hjaliku keele\u00f5piku abil omandama odiakeele grammatika p\u00f5hit\u00f5desid, sealhulgas t\u00e4hestikku, k\u00e4\u00e4ndeid ja verbe.","robots":{"index":"index","follow":"follow","max-snippet":"max-snippet:-1","max-image-preview":"max-image-preview:large","max-video-preview":"max-video-preview:-1"},"canonical":"https:\/\/talkpal.ai\/et\/oriya-grammatika\/","og_locale":"et_EE","og_type":"article","og_title":"Odia grammatika","og_description":"Odia grammatika keerukuste l\u00e4bimine Odia, tuntud ka kui Odia, on indoaaria keel, millel on rikkalik kirjanduslik traditsioon ja s\u00fcgavad kultuurilised","og_url":"https:\/\/talkpal.ai\/et\/oriya-grammatika\/","og_site_name":"Talkpal","article_publisher":"https:\/\/www.facebook.com\/profile.php?id=100090733639311","article_modified_time":"2025-12-30T12:45:42+00:00","og_image":[{"width":2880,"height":1620,"url":"https:\/\/talkpal.ai\/wp-content\/uploads\/2025\/02\/Progress-tab-16_9.png","type":"image\/png"}],"twitter_card":"summary_large_image","twitter_site":"@talkpalai","twitter_misc":{"Est. reading time":"3 minutit"},"schema":{"@context":"https:\/\/schema.org","@graph":[{"@type":"WebPage","@id":"https:\/\/talkpal.ai\/et\/oriya-grammatika\/","url":"https:\/\/talkpal.ai\/et\/oriya-grammatika\/","name":"Odia grammatika - Talkpal","isPartOf":{"@id":"https:\/\/talkpal.ai\/et\/#website"},"datePublished":"2025-11-12T16:07:26+00:00","dateModified":"2025-12-30T12:45:42+00:00","description":"\u00d5ppige meie p\u00f5hjaliku keele\u00f5piku abil omandama odiakeele grammatika p\u00f5hit\u00f5desid, sealhulgas t\u00e4hestikku, k\u00e4\u00e4ndeid ja verbe.","breadcrumb":{"@id":"https:\/\/talkpal.ai\/et\/oriya-grammatika\/#breadcrumb"},"inLanguage":"et","potentialAction":[{"@type":"ReadAction","target":["https:\/\/talkpal.ai\/et\/oriya-grammatika\/"]}]},{"@type":"BreadcrumbList","@id":"https:\/\/talkpal.ai\/et\/oriya-grammatika\/#breadcrumb","itemListElement":[{"@type":"ListItem","position":1,"name":"Homepage","item":"https:\/\/talkpal.ai\/et\/"},{"@type":"ListItem","position":2,"name":"Odia grammatika"}]},{"@type":"WebSite","@id":"https:\/\/talkpal.ai\/et\/#website","url":"https:\/\/talkpal.ai\/et\/","name":"Talkpal","description":"AI Language Learning","publisher":{"@id":"https:\/\/talkpal.ai\/et\/#organization"},"alternateName":"Talkpal AI","potentialAction":[{"@type":"SearchAction","target":{"@type":"EntryPoint","urlTemplate":"https:\/\/talkpal.ai\/et\/?s={search_term_string}"},"query-input":{"@type":"PropertyValueSpecification","valueRequired":true,"valueName":"search_term_string"}}],"inLanguage":"et"},{"@type":"Organization","@id":"https:\/\/talkpal.ai\/et\/#organization","name":"Talkpal, Inc.","alternateName":"Talkpal AI","url":"https:\/\/talkpal.ai\/et\/","logo":{"@type":"ImageObject","inLanguage":"et","@id":"https:\/\/talkpal.ai\/et\/#\/schema\/logo\/image\/","url":"https:\/\/talkpal.ai\/wp-content\/uploads\/2024\/03\/Talkpal-Logo-Icon.png","contentUrl":"https:\/\/talkpal.ai\/wp-content\/uploads\/2024\/03\/Talkpal-Logo-Icon.png","width":2880,"height":2880,"caption":"Talkpal, Inc."},"image":{"@id":"https:\/\/talkpal.ai\/et\/#\/schema\/logo\/image\/"},"sameAs":["https:\/\/www.facebook.com\/profile.php?id=100090733639311","https:\/\/x.com\/talkpalai","https:\/\/www.linkedin.com\/company\/talkpal\/","https:\/\/www.youtube.com\/@TalkPal\/","https:\/\/www.tiktok.com\/@talkpal","https:\/\/www.instagram.com\/talkpal_ai\/","https:\/\/www.crunchbase.com\/organization\/talkpal-9cde","https:\/\/www.g2.com\/products\/talkpal-for-business\/","https:\/\/www.trustpilot.com\/review\/talkpal.ai","https:\/\/www.capterra.com\/p\/10006800\/TalkPal\/"],"description":"Talkpal is a language learning web and mobile education app, powered by the latest AI technologies, that provides engaging experiences to its customers in many different languages to help them improve their language skills. Users can chat about unlimited amount of topics with the app and use other modes to practice their language learning.","email":"support@talkpal.ai","legalName":"Talkpal, Inc.","foundingDate":"2023-04-03","duns":"118989042","numberOfEmployees":{"@type":"QuantitativeValue","minValue":"11","maxValue":"50"},"publishingPrinciples":"https:\/\/talkpal.ai\/publishing-principles\/","actionableFeedbackPolicy":"https:\/\/talkpal.ai\/actionable-feedback-policy\/","correctionsPolicy":"https:\/\/talkpal.ai\/corrections-policy\/","ethicsPolicy":"https:\/\/talkpal.ai\/ethics-policy\/","diversityPolicy":"https:\/\/talkpal.ai\/diversity-policy\/","diversityStaffingReport":"https:\/\/talkpal.ai\/diversity-policy\/"}]}},"_links":{"self":[{"href":"https:\/\/talkpal.ai\/et\/wp-json\/wp\/v2\/pages\/1475707","targetHints":{"allow":["GET"]}}],"collection":[{"href":"https:\/\/talkpal.ai\/et\/wp-json\/wp\/v2\/pages"}],"about":[{"href":"https:\/\/talkpal.ai\/et\/wp-json\/wp\/v2\/types\/page"}],"author":[{"embeddable":true,"href":"https:\/\/talkpal.ai\/et\/wp-json\/wp\/v2\/users\/20"}],"replies":[{"embeddable":true,"href":"https:\/\/talkpal.ai\/et\/wp-json\/wp\/v2\/comments?post=1475707"}],"version-history":[{"count":0,"href":"https:\/\/talkpal.ai\/et\/wp-json\/wp\/v2\/pages\/1475707\/revisions"}],"wp:attachment":[{"href":"https:\/\/talkpal.ai\/et\/wp-json\/wp\/v2\/media?parent=1475707"}],"curies":[{"name":"wp","href":"https:\/\/api.w.org\/{rel}","templated":true}]}}