{"id":1475687,"date":"2025-11-12T15:57:04","date_gmt":"2025-11-12T15:57:04","guid":{"rendered":"https:\/\/talkpal.ai\/mongoolia-keele-grammatika\/"},"modified":"2025-12-30T13:42:33","modified_gmt":"2025-12-30T13:42:33","slug":"mongoolia-keele-grammatika","status":"publish","type":"page","link":"https:\/\/talkpal.ai\/et\/mongoolia-keele-grammatika\/","title":{"rendered":"Mongoolia keele grammatika"},"content":{"rendered":"\r\n\r\n\r\n<section class=\"languageChallengeSection\">\r\n    <div class=\"languageInfoWrapper\">\r\n        \r\n        <h1>Mongoolia keele grammatika<\/h1>\r\n        <p>Mongoolia <a href=\"https:\/\/talkpal.ai\/greek-grammar\/\">grammatika<\/a> v\u00f5ib alguses tunduda keeruline, kuid selle ainulaadsed omadused muudavad keele \u00f5ppimise rahuldust pakkuvaks kogemuseks. Uurides selle t\u00e4hestikku, mutatsioone ja grammatikareegleid, saate \u00fclevaate rikkalikust keeletraditsioonist. Alustage oma teekonda ja avastage Mongoolia ilu!<\/p>\r\n\r\n                            <a class=\"getStartedHidden\" href=\"https:\/\/app.talkpal.ai\/et\/signup?lng=\">Alusta<\/a>\r\n        \r\n    <\/div>\r\n\r\n    <figure>\r\n    <img decoding=\"async\" width=\"768\" height=\"768\" src=\"https:\/\/talkpal.ai\/wp-content\/uploads\/2023\/06\/welsh-768x768.png\" class=\"languageImage no-lazy\" alt=\"Language learning for better cognitive abilities\" fetchpriority=\"high\" sizes=\"(max-width: 768px) 150px, 768px\" srcset=\"https:\/\/talkpal.ai\/wp-content\/uploads\/2023\/06\/welsh-768x768.png 768w, https:\/\/talkpal.ai\/wp-content\/uploads\/2023\/06\/welsh-300x300.png 300w\" \/>\r\n    \r\n\r\n    <\/figure>\r\n\r\n            <a class=\"getStartedVisible\" href=\"https:\/\/app.talkpal.ai\/et\/signup?lng=\">Alusta<\/a>\r\n    \r\n<\/section><section class=\"promotionalBanner\">\r\n    <p class=\"promotionalText\">K\u00f5ige t\u00f5husam viis keele \u00f5ppimiseks<\/p>\r\n    <a class=\"promotionalLink\" href=\"https:\/\/app.talkpal.ai\/et\/signup?lng=\">Proovige Talkpal tasuta<\/a>\r\n<\/section>\n<div class=\"wp-block-group pageContainerStyle\"><div class=\"wp-block-group__inner-container is-layout-constrained wp-block-group-is-layout-constrained\">\n<h2 class=\"wp-block-heading\" id=\"h-navigating-the-intricacies-of-mongolian-grammar\">Mongoolia grammatika keerukuses navigeerimine<\/h2>\n\n\n\n<p><a href=\"https:\/\/talkpal.ai\/et\/oppige-mongoolia-keelt\/\">Mongoolia keel<\/a>, rikkaliku ajaloo ja kultuurilise t\u00e4htsusega mongooli keel, pakub p\u00f5nevat keelelist kogemust neile, kes soovivad uurida selle ainulaadset grammatikas\u00fcsteemi. Mongoolia valdkonda sisenedes ei rikasta te mitte ainult oma keelelist repertuaari, vaid v\u00f5tate omaks ka p\u00f5neva kultuurilise teekonna. Kuigi mongoolia grammatika v\u00f5ib alguses tunduda keeruline, muudab selle p\u00f5hikomponentideks jagamine keele \u00f5ppimise ligip\u00e4\u00e4setavamaks. Selles artiklis uurime mongoolia grammatika k\u00fctkestavat maailma ja anname n\u00e4pun\u00e4iteid selle keerukuse valdamiseks.<\/p>\n\n\n\n<h3 class=\"wp-block-heading\" id=\"h-1-mongolian-alphabet-and-phonetics\">1. Mongoolia t\u00e4hestik ja foneetika<\/h3>\n\n\n\n<p>T\u00e4nap\u00e4eva Mongoolias kasutatav mongoolia t\u00e4hestik on kirillitsas ja koosneb 35 t\u00e4hest, sealhulgas keelele ainulaadsetest m\u00e4rkidest, nagu \u04e8 \u04e9 ja \u04ae \u04af. Sise-Mongoolias kasutatakse ka traditsioonilist vertikaalset mongoolia kirja. Mongoolia grammatika \u00f5ppimiseks on \u00fclioluline tutvuda nende kirjas\u00fcsteemidega, harjutades mongoolia keeles lugemist ja kirjutamist.<\/p>\n\n\n\n<h3 class=\"wp-block-heading\" id=\"h-2-vowel-harmony-a-peculiar-mongolian-feature\">2. T\u00e4ish\u00e4\u00e4likute harmoonia: omap\u00e4rane mongoolia omadus<\/h3>\n\n\n\n<p>Mongoolia grammatika \u00fcks silmatorkavamaid aspekte on vokaalide harmoonia, mis reguleerib, kuidas j\u00e4relliited muutuvad, et need vastaksid t\u00fcve vokaalidele. J\u00e4relliited esinevad tavaliselt eesmise ja tagumise vokaali variandidena ning teatud kaash\u00e4\u00e4likud v\u00f5i t\u00e4ish\u00e4\u00e4likud j\u00e4relliidetes vahelduvad fonoloogilise konteksti alusel. M\u00f5istmine, millal ja kuidas need harmooniad ja vaheldumised tekivad, on mongoolia keele t\u00e4pseks suhtlemiseks \u00fclioluline.<\/p>\n\n\n\n<h3 class=\"wp-block-heading\" id=\"h-3-nouns-and-pronouns-gender-and-cases\">3. Nimis\u00f5nad ja ases\u00f5nad: sugu ja juhtumid<\/h3>\n\n\n\n<p>Mongoolia nimis\u00f5nadel ei ole grammatilist sugu, kuid neil on rikkalik k\u00e4\u00e4ndel\u00f5pud, et t\u00e4histada selliseid suhteid nagu valdus, suund, asukoht ja instrument. Mitmuse moodustumine on erinev, tavaliselt kasutatakse -\u0443\u0443\u0434 v\u00f5i -\u04af\u04af\u0434 vastavalt t\u00e4ish\u00e4\u00e4likute harmooniale ja -\u043d\u0430\u0440 kasutatakse sageli inimeste kohta. Mongoolia keeles on ases\u00f5nad isiklikud, omastavad, refleksiivsed, demonstratiivsed ja k\u00fcsivad ases\u00f5nad. Nende ases\u00f5nade ja nende vormidega tutvumine parandab oluliselt teie arusaamist mongoolia grammatikast.<\/p>\n\n\n\n<h3 class=\"wp-block-heading\" id=\"h-4-verbs-structure-and-conjugation\">4. Tegus\u00f5nad: struktuur ja konjugatsioon<\/h3>\n\n\n\n<p>Mongoolia verbid loovad ajavormi, aspekti, meeleolu ja t\u00f5enduslikkust pigem j\u00e4relliidete kui ulatusliku isikukokkuleppe kaudu. Olemuslike l\u00f5plike vormide hulka kuuluvad -\u043d\u0430 mittemineviku jaoks, -\u0441\u0430\u043d v\u00f5i -\u0441\u044d\u043d mineviku jaoks ja -\u0434\u0430\u0433 v\u00f5i -\u0434\u044d\u0433 harjumusp\u00e4rase jaoks, progresseeruv aspekt v\u00e4ljendub tavaliselt \u0431\u0430\u0439\u043d\u0430 konstruktsioonidega. Keel kasutab ka tingimuslikke, imperatiivseid ja hortatiivseid vorme. Verbide moodustamise reeglite ja abimustrite <a href=\"https:\/\/talkpal.ai\/et\/oppimine\/\">\u00f5ppimine<\/a> parandab teie v\u00f5imet mongoolia keeles t\u00f5husalt suhelda.<\/p>\n\n\n\n<h3 class=\"wp-block-heading\" id=\"h-5-adjectives-agreement-and-placement\">5. Omaduss\u00f5nad: kokkulepe ja paigutus<\/h3>\n\n\n\n<p>Mongoolia grammatikas eelnevad omaduss\u00f5nad tavaliselt nimis\u00f5nale, mida nad muudavad, ega \u00fchti nimis\u00f5naga arvu ega soo poolest. V\u00f5rdlust v\u00e4ljendatakse sageli anal\u00fc\u00fctiliselt, kasutades v\u00f5rdleva jaoks \u0438\u043b\u04af\u04af ja \u00fcliv\u00f5rdes \u0445\u0430\u043c\u0433\u0438\u0439\u043d, mis on loomulikuma suhtlemise \u00f5ppimiseks h\u00e4davajalikud.<\/p>\n\n\n\n<p><strong>N\u00e4ited:<\/strong><\/p>\n\n\n\n<p><strong>\u2013 \u0438\u0445 \u0445\u0430\u0439\u0440 (suur armastus)  <\/strong><\/p>\n\n\n\n<p><strong>\u2013 \u0436\u0438\u0436\u0438\u0433 \u0445\u04af\u04af\u0445\u0434\u04af\u04af\u0434 (v\u00e4ikesed lapsed)<\/strong><\/p>\n\n\n\n<h3 class=\"wp-block-heading\" id=\"h-6-engaging-with-the-language\">6. Keelega tegelemine<\/h3>\n\n\n\n<p>K\u00f5ige t\u00f5husam viis mongoolia grammatika t\u00e4ielikuks m\u00f5istmiseks ja sisestamiseks on keelega j\u00e4rjepidevalt tegeleda. Lugedes mongoolia kirjandust, vaadates Mongoolia filme v\u00f5i telesarju ning suheldes aktiivselt emakeelena k\u00f5nelejatega, tugevdate oma arusaamist grammatikast, laiendades samal ajal oma s\u00f5navara.<\/p>\n\n\n\n<h3 class=\"wp-block-heading\" id=\"h-conclusion\">Kokkuv\u00f5te<\/h3>\n\n\n\n<p>Kuigi mongoolia keele grammatika v\u00f5ib tunduda keeruline, saate selles kaunis keeles omandada p\u00fchendumise, harjutamise ja entusiasmiga. Keskendudes p\u00f5hireeglitele ja tegeledes keelega erinevates kontekstides, parandate kiiresti oma mongoolia <a href=\"https:\/\/talkpal.ai\/et\/grammatika\/\">keele grammatikaoskusi<\/a>. Edu oma mongoolia keele teekonnal ja nautige mongoolia grammatika m\u00f5istatusliku, kuid k\u00fctkestava maailma lahtiharutamist!<\/p>\n<\/div><\/div>\n\r\n<section class=\"learnNavigationSection\">\r\n            \r\n        <a href=\"https:\/\/talkpal.ai\/et\/oppige-mongoolia-keelt\/\">\r\n            <div class=\"learnNavigationWrapper\">\r\n                <div class=\"learnNavigationContent\">\r\n                    <img decoding=\"async\" src=\"https:\/\/talkpal.ai\/wp-content\/uploads\/2025\/11\/Mongolian.png\" alt=\"Mongolian Flag\">\r\n                    <div>\r\n                        <h4>Mongoolia keele \u00f5ppimise kohta<\/h4>\r\n                        <p>Uurige k\u00f5ike mongoolia grammatika kohta.<\/p>\r\n                    <\/div>\r\n                <\/div>\r\n            <\/div>\r\n        <\/a>\r\n\r\n        \r\n        <a href=\"https:\/\/talkpal.ai\/et\/mongoolia-keele-grammatikaharjutused\/\">\r\n            <div class=\"learnNavigationWrapper\">\r\n                <div class=\"learnNavigationContent\">\r\n                    <img decoding=\"async\" src=\"https:\/\/talkpal.ai\/wp-content\/uploads\/2025\/11\/Mongolian.png\" alt=\"Mongolian Flag\">\r\n                    <div>\r\n                        <h4>Mongoolia keele grammatikaharjutus<\/h4>\r\n                        <p>Harjutage mongoolia grammatikat.<\/p>\r\n                    <\/div>\r\n                <\/div>\r\n            <\/div>\r\n        <\/a>\r\n\r\n            <\/section>","protected":false},"excerpt":{"rendered":"<p>Mongoolia grammatika keerukuses navigeerimine Mongoolia keel, rikkaliku ajaloo ja kultuurilise t\u00e4htsusega mongooli keel, pakub p\u00f5nevat keelelist kogemust neile, kes soovivad uurida selle ainulaadset grammatikas\u00fcsteemi. Mongoolia valdkonda sisenedes ei rikasta te mitte ainult oma keelelist repertuaari, vaid v\u00f5tate omaks ka p\u00f5neva kultuurilise teekonna. Kuigi mongoolia grammatika v\u00f5ib alguses tunduda keeruline, muudab selle p\u00f5hikomponentideks jagamine keele \u00f5ppimise [&hellip;]<\/p>\n","protected":false},"author":20,"featured_media":0,"parent":0,"menu_order":0,"comment_status":"closed","ping_status":"closed","template":"LearningContentPage.php","meta":{"_acf_changed":false,"footnotes":""},"class_list":["post-1475687","page","type-page","status-publish","hentry"],"acf":[],"yoast_head":"<!-- This site is optimized with the Yoast SEO Premium plugin v27.2 (Yoast SEO v27.2) - https:\/\/yoast.com\/product\/yoast-seo-premium-wordpress\/ -->\n<title>Mongoolia keele grammatika - Talkpal<\/title>\n<meta name=\"description\" content=\"\u00d5ppige mongoolia keele grammatikareegleid, sealhulgas vokaalide harmooniat ja verbide konjugatsiooni Talkpal AI p\u00f5hjaliku keele\u00f5ppejuhendiga.\" \/>\n<meta name=\"robots\" content=\"index, follow, max-snippet:-1, max-image-preview:large, max-video-preview:-1\" \/>\n<link rel=\"canonical\" href=\"https:\/\/talkpal.ai\/et\/mongoolia-keele-grammatika\/\" \/>\n<meta property=\"og:locale\" content=\"et_EE\" \/>\n<meta property=\"og:type\" content=\"article\" \/>\n<meta property=\"og:title\" content=\"Mongoolia keele grammatika\" \/>\n<meta property=\"og:description\" content=\"Mongoolia grammatika keerukuses navigeerimine Mongoolia keel, rikkaliku ajaloo ja kultuurilise t\u00e4htsusega mongooli keel, pakub p\u00f5nevat keelelist kogemust\" \/>\n<meta property=\"og:url\" content=\"https:\/\/talkpal.ai\/et\/mongoolia-keele-grammatika\/\" \/>\n<meta property=\"og:site_name\" content=\"Talkpal\" \/>\n<meta property=\"article:publisher\" content=\"https:\/\/www.facebook.com\/profile.php?id=100090733639311\" \/>\n<meta property=\"article:modified_time\" content=\"2025-12-30T13:42:33+00:00\" \/>\n<meta property=\"og:image\" content=\"https:\/\/talkpal.ai\/wp-content\/uploads\/2025\/02\/Progress-tab-16_9.png\" \/>\n\t<meta property=\"og:image:width\" content=\"2880\" \/>\n\t<meta property=\"og:image:height\" content=\"1620\" \/>\n\t<meta property=\"og:image:type\" content=\"image\/png\" \/>\n<meta name=\"twitter:card\" content=\"summary_large_image\" \/>\n<meta name=\"twitter:site\" content=\"@talkpalai\" \/>\n<meta name=\"twitter:label1\" content=\"Est. reading time\" \/>\n\t<meta name=\"twitter:data1\" content=\"2 minutit\" \/>\n<script type=\"application\/ld+json\" class=\"yoast-schema-graph\">{\"@context\":\"https:\/\/schema.org\",\"@graph\":[{\"@type\":\"WebPage\",\"@id\":\"https:\/\/talkpal.ai\/et\/mongoolia-keele-grammatika\/\",\"url\":\"https:\/\/talkpal.ai\/et\/mongoolia-keele-grammatika\/\",\"name\":\"Mongoolia keele grammatika - Talkpal\",\"isPartOf\":{\"@id\":\"https:\/\/talkpal.ai\/et\/#website\"},\"datePublished\":\"2025-11-12T15:57:04+00:00\",\"dateModified\":\"2025-12-30T13:42:33+00:00\",\"description\":\"\u00d5ppige mongoolia keele grammatikareegleid, sealhulgas vokaalide harmooniat ja verbide konjugatsiooni Talkpal AI p\u00f5hjaliku keele\u00f5ppejuhendiga.\",\"breadcrumb\":{\"@id\":\"https:\/\/talkpal.ai\/et\/mongoolia-keele-grammatika\/#breadcrumb\"},\"inLanguage\":\"et\",\"potentialAction\":[{\"@type\":\"ReadAction\",\"target\":[\"https:\/\/talkpal.ai\/et\/mongoolia-keele-grammatika\/\"]}]},{\"@type\":\"BreadcrumbList\",\"@id\":\"https:\/\/talkpal.ai\/et\/mongoolia-keele-grammatika\/#breadcrumb\",\"itemListElement\":[{\"@type\":\"ListItem\",\"position\":1,\"name\":\"Homepage\",\"item\":\"https:\/\/talkpal.ai\/et\/\"},{\"@type\":\"ListItem\",\"position\":2,\"name\":\"Mongoolia keele grammatika\"}]},{\"@type\":\"WebSite\",\"@id\":\"https:\/\/talkpal.ai\/et\/#website\",\"url\":\"https:\/\/talkpal.ai\/et\/\",\"name\":\"Talkpal\",\"description\":\"AI Language Learning\",\"publisher\":{\"@id\":\"https:\/\/talkpal.ai\/et\/#organization\"},\"alternateName\":\"Talkpal AI\",\"potentialAction\":[{\"@type\":\"SearchAction\",\"target\":{\"@type\":\"EntryPoint\",\"urlTemplate\":\"https:\/\/talkpal.ai\/et\/?s={search_term_string}\"},\"query-input\":{\"@type\":\"PropertyValueSpecification\",\"valueRequired\":true,\"valueName\":\"search_term_string\"}}],\"inLanguage\":\"et\"},{\"@type\":\"Organization\",\"@id\":\"https:\/\/talkpal.ai\/et\/#organization\",\"name\":\"Talkpal, Inc.\",\"alternateName\":\"Talkpal AI\",\"url\":\"https:\/\/talkpal.ai\/et\/\",\"logo\":{\"@type\":\"ImageObject\",\"inLanguage\":\"et\",\"@id\":\"https:\/\/talkpal.ai\/et\/#\/schema\/logo\/image\/\",\"url\":\"https:\/\/talkpal.ai\/wp-content\/uploads\/2024\/03\/Talkpal-Logo-Icon.png\",\"contentUrl\":\"https:\/\/talkpal.ai\/wp-content\/uploads\/2024\/03\/Talkpal-Logo-Icon.png\",\"width\":2880,\"height\":2880,\"caption\":\"Talkpal, Inc.\"},\"image\":{\"@id\":\"https:\/\/talkpal.ai\/et\/#\/schema\/logo\/image\/\"},\"sameAs\":[\"https:\/\/www.facebook.com\/profile.php?id=100090733639311\",\"https:\/\/x.com\/talkpalai\",\"https:\/\/www.linkedin.com\/company\/talkpal\/\",\"https:\/\/www.youtube.com\/@TalkPal\/\",\"https:\/\/www.tiktok.com\/@talkpal\",\"https:\/\/www.instagram.com\/talkpal_ai\/\",\"https:\/\/www.crunchbase.com\/organization\/talkpal-9cde\",\"https:\/\/www.g2.com\/products\/talkpal-for-business\/\",\"https:\/\/www.trustpilot.com\/review\/talkpal.ai\",\"https:\/\/www.capterra.com\/p\/10006800\/TalkPal\/\"],\"description\":\"Talkpal is a language learning web and mobile education app, powered by the latest AI technologies, that provides engaging experiences to its customers in many different languages to help them improve their language skills. Users can chat about unlimited amount of topics with the app and use other modes to practice their language learning.\",\"email\":\"support@talkpal.ai\",\"legalName\":\"Talkpal, Inc.\",\"foundingDate\":\"2023-04-03\",\"duns\":\"118989042\",\"numberOfEmployees\":{\"@type\":\"QuantitativeValue\",\"minValue\":\"11\",\"maxValue\":\"50\"},\"publishingPrinciples\":\"https:\/\/talkpal.ai\/publishing-principles\/\",\"actionableFeedbackPolicy\":\"https:\/\/talkpal.ai\/actionable-feedback-policy\/\",\"correctionsPolicy\":\"https:\/\/talkpal.ai\/corrections-policy\/\",\"ethicsPolicy\":\"https:\/\/talkpal.ai\/ethics-policy\/\",\"diversityPolicy\":\"https:\/\/talkpal.ai\/diversity-policy\/\",\"diversityStaffingReport\":\"https:\/\/talkpal.ai\/diversity-policy\/\"}]}<\/script>\n<!-- \/ Yoast SEO Premium plugin. -->","yoast_head_json":{"title":"Mongoolia keele grammatika - Talkpal","description":"\u00d5ppige mongoolia keele grammatikareegleid, sealhulgas vokaalide harmooniat ja verbide konjugatsiooni Talkpal AI p\u00f5hjaliku keele\u00f5ppejuhendiga.","robots":{"index":"index","follow":"follow","max-snippet":"max-snippet:-1","max-image-preview":"max-image-preview:large","max-video-preview":"max-video-preview:-1"},"canonical":"https:\/\/talkpal.ai\/et\/mongoolia-keele-grammatika\/","og_locale":"et_EE","og_type":"article","og_title":"Mongoolia keele grammatika","og_description":"Mongoolia grammatika keerukuses navigeerimine Mongoolia keel, rikkaliku ajaloo ja kultuurilise t\u00e4htsusega mongooli keel, pakub p\u00f5nevat keelelist kogemust","og_url":"https:\/\/talkpal.ai\/et\/mongoolia-keele-grammatika\/","og_site_name":"Talkpal","article_publisher":"https:\/\/www.facebook.com\/profile.php?id=100090733639311","article_modified_time":"2025-12-30T13:42:33+00:00","og_image":[{"width":2880,"height":1620,"url":"https:\/\/talkpal.ai\/wp-content\/uploads\/2025\/02\/Progress-tab-16_9.png","type":"image\/png"}],"twitter_card":"summary_large_image","twitter_site":"@talkpalai","twitter_misc":{"Est. reading time":"2 minutit"},"schema":{"@context":"https:\/\/schema.org","@graph":[{"@type":"WebPage","@id":"https:\/\/talkpal.ai\/et\/mongoolia-keele-grammatika\/","url":"https:\/\/talkpal.ai\/et\/mongoolia-keele-grammatika\/","name":"Mongoolia keele grammatika - Talkpal","isPartOf":{"@id":"https:\/\/talkpal.ai\/et\/#website"},"datePublished":"2025-11-12T15:57:04+00:00","dateModified":"2025-12-30T13:42:33+00:00","description":"\u00d5ppige mongoolia keele grammatikareegleid, sealhulgas vokaalide harmooniat ja verbide konjugatsiooni Talkpal AI p\u00f5hjaliku keele\u00f5ppejuhendiga.","breadcrumb":{"@id":"https:\/\/talkpal.ai\/et\/mongoolia-keele-grammatika\/#breadcrumb"},"inLanguage":"et","potentialAction":[{"@type":"ReadAction","target":["https:\/\/talkpal.ai\/et\/mongoolia-keele-grammatika\/"]}]},{"@type":"BreadcrumbList","@id":"https:\/\/talkpal.ai\/et\/mongoolia-keele-grammatika\/#breadcrumb","itemListElement":[{"@type":"ListItem","position":1,"name":"Homepage","item":"https:\/\/talkpal.ai\/et\/"},{"@type":"ListItem","position":2,"name":"Mongoolia keele grammatika"}]},{"@type":"WebSite","@id":"https:\/\/talkpal.ai\/et\/#website","url":"https:\/\/talkpal.ai\/et\/","name":"Talkpal","description":"AI Language Learning","publisher":{"@id":"https:\/\/talkpal.ai\/et\/#organization"},"alternateName":"Talkpal AI","potentialAction":[{"@type":"SearchAction","target":{"@type":"EntryPoint","urlTemplate":"https:\/\/talkpal.ai\/et\/?s={search_term_string}"},"query-input":{"@type":"PropertyValueSpecification","valueRequired":true,"valueName":"search_term_string"}}],"inLanguage":"et"},{"@type":"Organization","@id":"https:\/\/talkpal.ai\/et\/#organization","name":"Talkpal, Inc.","alternateName":"Talkpal AI","url":"https:\/\/talkpal.ai\/et\/","logo":{"@type":"ImageObject","inLanguage":"et","@id":"https:\/\/talkpal.ai\/et\/#\/schema\/logo\/image\/","url":"https:\/\/talkpal.ai\/wp-content\/uploads\/2024\/03\/Talkpal-Logo-Icon.png","contentUrl":"https:\/\/talkpal.ai\/wp-content\/uploads\/2024\/03\/Talkpal-Logo-Icon.png","width":2880,"height":2880,"caption":"Talkpal, Inc."},"image":{"@id":"https:\/\/talkpal.ai\/et\/#\/schema\/logo\/image\/"},"sameAs":["https:\/\/www.facebook.com\/profile.php?id=100090733639311","https:\/\/x.com\/talkpalai","https:\/\/www.linkedin.com\/company\/talkpal\/","https:\/\/www.youtube.com\/@TalkPal\/","https:\/\/www.tiktok.com\/@talkpal","https:\/\/www.instagram.com\/talkpal_ai\/","https:\/\/www.crunchbase.com\/organization\/talkpal-9cde","https:\/\/www.g2.com\/products\/talkpal-for-business\/","https:\/\/www.trustpilot.com\/review\/talkpal.ai","https:\/\/www.capterra.com\/p\/10006800\/TalkPal\/"],"description":"Talkpal is a language learning web and mobile education app, powered by the latest AI technologies, that provides engaging experiences to its customers in many different languages to help them improve their language skills. Users can chat about unlimited amount of topics with the app and use other modes to practice their language learning.","email":"support@talkpal.ai","legalName":"Talkpal, Inc.","foundingDate":"2023-04-03","duns":"118989042","numberOfEmployees":{"@type":"QuantitativeValue","minValue":"11","maxValue":"50"},"publishingPrinciples":"https:\/\/talkpal.ai\/publishing-principles\/","actionableFeedbackPolicy":"https:\/\/talkpal.ai\/actionable-feedback-policy\/","correctionsPolicy":"https:\/\/talkpal.ai\/corrections-policy\/","ethicsPolicy":"https:\/\/talkpal.ai\/ethics-policy\/","diversityPolicy":"https:\/\/talkpal.ai\/diversity-policy\/","diversityStaffingReport":"https:\/\/talkpal.ai\/diversity-policy\/"}]}},"_links":{"self":[{"href":"https:\/\/talkpal.ai\/et\/wp-json\/wp\/v2\/pages\/1475687","targetHints":{"allow":["GET"]}}],"collection":[{"href":"https:\/\/talkpal.ai\/et\/wp-json\/wp\/v2\/pages"}],"about":[{"href":"https:\/\/talkpal.ai\/et\/wp-json\/wp\/v2\/types\/page"}],"author":[{"embeddable":true,"href":"https:\/\/talkpal.ai\/et\/wp-json\/wp\/v2\/users\/20"}],"replies":[{"embeddable":true,"href":"https:\/\/talkpal.ai\/et\/wp-json\/wp\/v2\/comments?post=1475687"}],"version-history":[{"count":0,"href":"https:\/\/talkpal.ai\/et\/wp-json\/wp\/v2\/pages\/1475687\/revisions"}],"wp:attachment":[{"href":"https:\/\/talkpal.ai\/et\/wp-json\/wp\/v2\/media?parent=1475687"}],"curies":[{"name":"wp","href":"https:\/\/api.w.org\/{rel}","templated":true}]}}