{"id":1475628,"date":"2025-11-12T12:26:03","date_gmt":"2025-11-12T12:26:03","guid":{"rendered":"https:\/\/talkpal.ai\/malajalami-grammatikaharjutused\/"},"modified":"2025-12-30T13:57:28","modified_gmt":"2025-12-30T13:57:28","slug":"malajalami-grammatikaharjutused","status":"publish","type":"page","link":"https:\/\/talkpal.ai\/et\/malajalami-grammatikaharjutused\/","title":{"rendered":"Malajalami grammatikaharjutused"},"content":{"rendered":"\r\n\r\n\r\n<section class=\"languageChallengeSection\">\r\n    <div class=\"languageInfoWrapper\">\r\n        \r\n        <h1>Malajalami grammatikaharjutused<\/h1>\r\n        <p>Kas olete valmis sukelduma <a href=\"https:\/\/talkpal.ai\/learn-malayalam\/\">malajalami<\/a> grammatikasse? M\u00f5nede p\u00f5hit\u00f5dede harjutamine aitab teil selle ainulaadse ja ilusa keelega mugavalt hakkama saada. Proovige neid harjutusi, et suurendada oma enesekindlust ja l\u00f5butseda samal ajal!<\/p>\r\n\r\n                            <a class=\"getStartedHidden\" href=\"https:\/\/app.talkpal.ai\/et\/signup?lng=\">Alusta<\/a>\r\n        \r\n    <\/div>\r\n\r\n    <figure>\r\n    <img decoding=\"async\" width=\"768\" height=\"768\" src=\"https:\/\/talkpal.ai\/wp-content\/uploads\/2023\/06\/welsh-768x768.png\" class=\"languageImage no-lazy\" alt=\"Language learning for better cognitive abilities\" fetchpriority=\"high\" sizes=\"(max-width: 768px) 150px, 768px\" srcset=\"https:\/\/talkpal.ai\/wp-content\/uploads\/2023\/06\/welsh-768x768.png 768w, https:\/\/talkpal.ai\/wp-content\/uploads\/2023\/06\/welsh-300x300.png 300w\" \/>\r\n    \r\n\r\n    <\/figure>\r\n\r\n            <a class=\"getStartedVisible\" href=\"https:\/\/app.talkpal.ai\/et\/signup?lng=\">Alusta<\/a>\r\n    \r\n<\/section><section class=\"promotionalBanner\">\r\n    <p class=\"promotionalText\">K\u00f5ige t\u00f5husam viis keele \u00f5ppimiseks<\/p>\r\n    <a class=\"promotionalLink\" href=\"https:\/\/app.talkpal.ai\/et\/signup?lng=\">Proovige Talkpal tasuta<\/a>\r\n<\/section>\n<div class=\"wp-block-group pageContainerStyle\"><div class=\"wp-block-group__inner-container is-layout-constrained wp-block-group-is-layout-constrained\">\n<h2 class=\"wp-block-heading\" id=\"h-malayalam-grammar-topics\">Malajalami grammatika teemad<\/h2>\n\n\n\n<p><a href=\"https:\/\/talkpal.ai\/et\/suurimad-vead-mida-valtida-uue-keele-oppimisel\/\">Uue keele \u00f5ppimine<\/a> v\u00f5ib olla keeruline, kuid rahuldust pakkuv ettev\u00f5tmine. <a href=\"https:\/\/talkpal.ai\/learn-malayalam\/\">Malajalami<\/a> keel, draviidi keel, mida r\u00e4\u00e4gitakse peamiselt Keralas ja naaberpiirkondades, pole erand. Oma ainulaadsete omaduste ja struktuuridega malajalami <a href=\"https:\/\/talkpal.ai\/et\/talkpal-for-education\/\">keele \u00f5ppimine<\/a> n\u00f5uab s\u00fcstemaatilist l\u00e4henemist selle rikkaliku <a href=\"https:\/\/talkpal.ai\/greek-grammar\/\">grammatika<\/a> m\u00f5istmiseks. Selles juhendis kirjeldatakse <a href=\"https:\/\/talkpal.ai\/et\/malajalami-grammatika\/\">malajalami keele grammatika<\/a> p\u00f5hivaldkondi <a href=\"https:\/\/talkpal.ai\/et\/ai-chatbot-keeleoppeks\/\">keele\u00f5ppe<\/a> loogilises j\u00e4rjestuses, alustades p\u00f5hit\u00f5dedest, nagu nimis\u00f5nad ja artiklid, ning liikudes edasi keerukamate valdkondadeni, nagu ajavormid ja lauseehitus.<\/p>\n\n\n\n<h3 class=\"wp-block-heading\" id=\"h-1-nouns\">1. Nimis\u00f5nad:<\/h3>\n\n\n\n<p>Alustage oma malajalami keele teekonda nimis\u00f5nade \u00f5ppimisega. See h\u00f5lmab nimis\u00f5nade erinevate kategooriate m\u00f5istmist, nagu tava- ja p\u00e4risnimed, nende mitmuse vorme, nagu -kal ja -mar, ning k\u00e4\u00e4ndel\u00f5ppude kasutamist selliste suhete puhul nagu asukoht ja valdus.<\/p>\n\n\n\n<h3 class=\"wp-block-heading\" id=\"h-2-articles\">2. Artiklid:<\/h3>\n\n\n\n<p>Malajalami keeles ei ole m\u00e4\u00e4ravaid ega m\u00e4\u00e4ramatuid artikleid. M\u00e4\u00e4ratust ja m\u00e4\u00e4ramatust v\u00e4ljendatakse konteksti, demonstratiivide nagu ee see ja aa see ning numbrite kaudu, nagu oru \u00fcks, mis toimib nagu a v\u00f5i an.<\/p>\n\n\n\n<h3 class=\"wp-block-heading\" id=\"h-3-adjectives\">3. Omaduss\u00f5nad:<\/h3>\n\n\n\n<p>Omaduss\u00f5nad malajalami keeles eelnevad tavaliselt nimis\u00f5nadele ega \u00fchti soo ega arvu poolest. Siit saate teada, kuidas kraadi v\u00e4ljendatakse, sageli kooduthaliga v\u00f5rdleva ja ettavumiga \u00fcliv\u00f5rdes, samuti tavaliste predikaatmustritega.<\/p>\n\n\n\n<h3 class=\"wp-block-heading\" id=\"h-4-pronouns-determiners\">4. Ases\u00f5nad\/m\u00e4\u00e4rajad:<\/h3>\n\n\n\n<p>Ases\u00f5nad ja m\u00e4\u00e4rajad on malajalami keeles olulised; Isiklikud ases\u00f5nad t\u00e4histavad viisakust ja sotsiaalset distantsi ning meie jaoks on kaasav ja eksklusiivne erinevus. Valdus moodustatakse tavaliselt genitiivi j\u00e4relliitega -ute ja m\u00e4\u00e4rajate hulka kuuluvad demonstratiivid ja kvantifitseerijad nagu ella all ja chila some.<\/p>\n\n\n\n<h3 class=\"wp-block-heading\" id=\"h-5-verbs\">5. Tegus\u00f5nad:<\/h3>\n\n\n\n<p>Malajalami verbid muudavad vormi vastavalt ajale ja aspektile, mitte isikule v\u00f5i arvule. Alustage oleviku -unnu vormidest ja uurige j\u00e4rk-j\u00e4rgult minevikku ja tulevikku koos p\u00f5hiliste imperatiivide ja mittel\u00f5plike vormidega.<\/p>\n\n\n\n<h3 class=\"wp-block-heading\" id=\"h-6-tenses\">6. Ajavormid:<\/h3>\n\n\n\n<p>P\u00e4rast verbivormide valdamist s\u00fcvenege malajalami ajavormidesse. See h\u00f5lmab oleviku -unnu, minevikuvormide nagu -i v\u00f5i -ttu ja tuleviku -um m\u00f5istmist ning seda, kuidas neid kasutatakse erinevates kontekstides.<\/p>\n\n\n\n<h3 class=\"wp-block-heading\" id=\"h-7-tense-comparison\">7. Pingeline v\u00f5rdlus:<\/h3>\n\n\n\n<p>Ajavormide v\u00f5rdlemine malajalami keeles aitab m\u00f5ista s\u00fcndmuste jada. <a href=\"https:\/\/talkpal.ai\/locations\/language-courses-in-sama\/\">Sama<\/a> verbi v\u00f5rdlemine olevikus, minevikus ja tulevikus annab malajalami keelest parema arusaamise.<\/p>\n\n\n\n<h3 class=\"wp-block-heading\" id=\"h-8-progressive\">8. Progressiivne:<\/h3>\n\n\n\n<p>Progressiivset v\u00e4ljendatakse malajalami keeles sageli olevikuga -unnu kontekstis ja selgemalt perifrastiliste konstruktsioonidega, kasutades abis\u00f5na irikkuka, n\u00e4iteks verbit\u00fcvi pluss kkondu irikkuka, et n\u00e4idata k\u00e4imasolevaid tegevusi.<\/p>\n\n\n\n<h3 class=\"wp-block-heading\" id=\"h-9-perfect-progressive\">9. T\u00e4iuslik progressiivne:<\/h3>\n\n\n\n<p>Seda kasutatakse toimingute v\u00e4ljendamiseks, mis on kestnud kuni teatud punktini. Malajalami keeles kasutatakse siiani j\u00e4tkuva kohta tavaliselt verbit\u00fcve pluss kkondu irikkunnu ning verbi kesks\u00f5na pluss u\u1e47\u1e6du v\u00e4ljendab tulemuslikke t\u00e4iuslikke.<\/p>\n\n\n\n<h3 class=\"wp-block-heading\" id=\"h-10-conditionals\">10. Tingimused:<\/h3>\n\n\n\n<p>Tingimused v\u00e4ljendavad h\u00fcpoteetilisi olukordi ja nende v\u00f5imalikke tulemusi. Malajalami keeles on need moodustatud selliste l\u00f5ppudega nagu -e\u1e45kil ja -\u0101l ning nende valdamine lisab teie keeleoskusele n\u00fcansse ja t\u00e4psust.<\/p>\n\n\n\n<h3 class=\"wp-block-heading\" id=\"h-11-adverbs\">11. M\u00e4\u00e4rs\u00f5nad:<\/h3>\n\n\n\n<p>Malajalami m\u00e4\u00e4rs\u00f5nad muudavad tegus\u00f5nu, omaduss\u00f5nu v\u00f5i muid m\u00e4\u00e4rs\u00f5nu. Need annavad teavet viisi, koha, aja, astme ja muu kohta ning on moodustatud kas eraldi s\u00f5nadena v\u00f5i omaduss\u00f5nadest, sageli koos -\u0101yi&#8217;ga.<\/p>\n\n\n\n<h3 class=\"wp-block-heading\" id=\"h-12-prepositions\">12. Eess\u00f5nad:<\/h3>\n\n\n\n<p>Malajalami keel kasutab eess\u00f5nade asemel peamiselt postpositsioone ja k\u00e4\u00e4ndej\u00e4relliiteid. Aja, koha, suuna ja muu suhted v\u00e4ljenduvad selliste l\u00f5ppude kaudu nagu -il lokatiiv, -kku datiivi, -\u0101l instrumentaalne ja seotud postpositsioonid.<\/p>\n\n\n\n<h3 class=\"wp-block-heading\" id=\"h-13-sentences\">13. Laused:<\/h3>\n\n\n\n<p>L\u00f5puks harjutage lausete koostamist. See h\u00f5lmab k\u00f5igi varem \u00f5pitud grammatikapunktide kasutamist kontekstis koos malajalami t\u00fc\u00fcpilise subjekti-objekti-verbi j\u00e4rjekorra ja klausaalstruktuuridega, tagades seega malajalami keele tervikliku m\u00f5istmise.<\/p>\n<\/div><\/div>\n\r\n<section class=\"learnNavigationSection\">\r\n            \r\n        <a href=\"https:\/\/talkpal.ai\/et\/oppige-malajalami-keelt\/\">\r\n            <div class=\"learnNavigationWrapper\">\r\n                <div class=\"learnNavigationContent\">\r\n                    <img decoding=\"async\" src=\"https:\/\/talkpal.ai\/wp-content\/uploads\/2025\/11\/Malayalam.png\" alt=\"Indian Simplified Flag\">\r\n                    <div>\r\n                        <h4>Malajalami \u00f5ppimise kohta<\/h4>\r\n                        <p>Uurige k\u00f5ike malajalami grammatika kohta.<\/p>\r\n                    <\/div>\r\n                <\/div>\r\n            <\/div>\r\n        <\/a>\r\n\r\n        \r\n        <a href=\"https:\/\/talkpal.ai\/et\/malajalami-grammatika\/\">\r\n            <div class=\"learnNavigationWrapper\">\r\n                <div class=\"learnNavigationContent\">\r\n                    <img decoding=\"async\" src=\"https:\/\/talkpal.ai\/wp-content\/uploads\/2025\/11\/Malayalam.png\" alt=\"Indian Simplified Flag\">\r\n                    <div>\r\n                        <h4>Malajalami grammatika tunnid<\/h4>\r\n                        <p>Harjutage malajalami keele grammatikat.<\/p>\r\n                    <\/div>\r\n                <\/div>\r\n            <\/div>\r\n        <\/a>\r\n\r\n            <\/section>","protected":false},"excerpt":{"rendered":"<p>Malajalami grammatika teemad Uue keele \u00f5ppimine v\u00f5ib olla keeruline, kuid rahuldust pakkuv ettev\u00f5tmine. Malajalami keel, draviidi keel, mida r\u00e4\u00e4gitakse peamiselt Keralas ja naaberpiirkondades, pole erand. Oma ainulaadsete omaduste ja struktuuridega malajalami keele \u00f5ppimine n\u00f5uab s\u00fcstemaatilist l\u00e4henemist selle rikkaliku grammatika m\u00f5istmiseks. Selles juhendis kirjeldatakse malajalami keele grammatika p\u00f5hivaldkondi keele\u00f5ppe loogilises j\u00e4rjestuses, alustades p\u00f5hit\u00f5dedest, nagu nimis\u00f5nad ja [&hellip;]<\/p>\n","protected":false},"author":20,"featured_media":0,"parent":0,"menu_order":0,"comment_status":"closed","ping_status":"closed","template":"LearningContentPage.php","meta":{"_acf_changed":false,"footnotes":""},"class_list":["post-1475628","page","type-page","status-publish","hentry"],"acf":[],"yoast_head":"<!-- This site is optimized with the Yoast SEO Premium plugin v27.2 (Yoast SEO v27.2) - https:\/\/yoast.com\/product\/yoast-seo-premium-wordpress\/ -->\n<title>Malajalami grammatikaharjutused - Talkpal<\/title>\n<meta name=\"description\" content=\"\u00d5ppige malaija keele grammatikat interaktiivsete harjutuste abil, mis on m\u00f5eldud teie sujuva keeleoskuse ja keelest arusaamise parandamiseks juba t\u00e4na.\" \/>\n<meta name=\"robots\" content=\"index, follow, max-snippet:-1, max-image-preview:large, max-video-preview:-1\" \/>\n<link rel=\"canonical\" href=\"https:\/\/talkpal.ai\/et\/malajalami-grammatikaharjutused\/\" \/>\n<meta property=\"og:locale\" content=\"et_EE\" \/>\n<meta property=\"og:type\" content=\"article\" \/>\n<meta property=\"og:title\" content=\"Malajalami grammatikaharjutused\" \/>\n<meta property=\"og:description\" content=\"Malajalami grammatika teemad Uue keele \u00f5ppimine v\u00f5ib olla keeruline, kuid rahuldust pakkuv ettev\u00f5tmine. Malajalami keel, draviidi keel, mida r\u00e4\u00e4gitakse\" \/>\n<meta property=\"og:url\" content=\"https:\/\/talkpal.ai\/et\/malajalami-grammatikaharjutused\/\" \/>\n<meta property=\"og:site_name\" content=\"Talkpal\" \/>\n<meta property=\"article:publisher\" content=\"https:\/\/www.facebook.com\/profile.php?id=100090733639311\" \/>\n<meta property=\"article:modified_time\" content=\"2025-12-30T13:57:28+00:00\" \/>\n<meta property=\"og:image\" content=\"https:\/\/talkpal.ai\/wp-content\/uploads\/2025\/02\/Progress-tab-16_9.png\" \/>\n\t<meta property=\"og:image:width\" content=\"2880\" \/>\n\t<meta property=\"og:image:height\" content=\"1620\" \/>\n\t<meta property=\"og:image:type\" content=\"image\/png\" \/>\n<meta name=\"twitter:card\" content=\"summary_large_image\" \/>\n<meta name=\"twitter:site\" content=\"@talkpalai\" \/>\n<meta name=\"twitter:label1\" content=\"Est. reading time\" \/>\n\t<meta name=\"twitter:data1\" content=\"3 minutit\" \/>\n<script type=\"application\/ld+json\" class=\"yoast-schema-graph\">{\"@context\":\"https:\/\/schema.org\",\"@graph\":[{\"@type\":\"WebPage\",\"@id\":\"https:\/\/talkpal.ai\/et\/malajalami-grammatikaharjutused\/\",\"url\":\"https:\/\/talkpal.ai\/et\/malajalami-grammatikaharjutused\/\",\"name\":\"Malajalami grammatikaharjutused - Talkpal\",\"isPartOf\":{\"@id\":\"https:\/\/talkpal.ai\/et\/#website\"},\"datePublished\":\"2025-11-12T12:26:03+00:00\",\"dateModified\":\"2025-12-30T13:57:28+00:00\",\"description\":\"\u00d5ppige malaija keele grammatikat interaktiivsete harjutuste abil, mis on m\u00f5eldud teie sujuva keeleoskuse ja keelest arusaamise parandamiseks juba t\u00e4na.\",\"breadcrumb\":{\"@id\":\"https:\/\/talkpal.ai\/et\/malajalami-grammatikaharjutused\/#breadcrumb\"},\"inLanguage\":\"et\",\"potentialAction\":[{\"@type\":\"ReadAction\",\"target\":[\"https:\/\/talkpal.ai\/et\/malajalami-grammatikaharjutused\/\"]}]},{\"@type\":\"BreadcrumbList\",\"@id\":\"https:\/\/talkpal.ai\/et\/malajalami-grammatikaharjutused\/#breadcrumb\",\"itemListElement\":[{\"@type\":\"ListItem\",\"position\":1,\"name\":\"Homepage\",\"item\":\"https:\/\/talkpal.ai\/et\/\"},{\"@type\":\"ListItem\",\"position\":2,\"name\":\"Malajalami grammatikaharjutused\"}]},{\"@type\":\"WebSite\",\"@id\":\"https:\/\/talkpal.ai\/et\/#website\",\"url\":\"https:\/\/talkpal.ai\/et\/\",\"name\":\"Talkpal\",\"description\":\"AI Language Learning\",\"publisher\":{\"@id\":\"https:\/\/talkpal.ai\/et\/#organization\"},\"alternateName\":\"Talkpal AI\",\"potentialAction\":[{\"@type\":\"SearchAction\",\"target\":{\"@type\":\"EntryPoint\",\"urlTemplate\":\"https:\/\/talkpal.ai\/et\/?s={search_term_string}\"},\"query-input\":{\"@type\":\"PropertyValueSpecification\",\"valueRequired\":true,\"valueName\":\"search_term_string\"}}],\"inLanguage\":\"et\"},{\"@type\":\"Organization\",\"@id\":\"https:\/\/talkpal.ai\/et\/#organization\",\"name\":\"Talkpal, Inc.\",\"alternateName\":\"Talkpal AI\",\"url\":\"https:\/\/talkpal.ai\/et\/\",\"logo\":{\"@type\":\"ImageObject\",\"inLanguage\":\"et\",\"@id\":\"https:\/\/talkpal.ai\/et\/#\/schema\/logo\/image\/\",\"url\":\"https:\/\/talkpal.ai\/wp-content\/uploads\/2024\/03\/Talkpal-Logo-Icon.png\",\"contentUrl\":\"https:\/\/talkpal.ai\/wp-content\/uploads\/2024\/03\/Talkpal-Logo-Icon.png\",\"width\":2880,\"height\":2880,\"caption\":\"Talkpal, Inc.\"},\"image\":{\"@id\":\"https:\/\/talkpal.ai\/et\/#\/schema\/logo\/image\/\"},\"sameAs\":[\"https:\/\/www.facebook.com\/profile.php?id=100090733639311\",\"https:\/\/x.com\/talkpalai\",\"https:\/\/www.linkedin.com\/company\/talkpal\/\",\"https:\/\/www.youtube.com\/@TalkPal\/\",\"https:\/\/www.tiktok.com\/@talkpal\",\"https:\/\/www.instagram.com\/talkpal_ai\/\",\"https:\/\/www.crunchbase.com\/organization\/talkpal-9cde\",\"https:\/\/www.g2.com\/products\/talkpal-for-business\/\",\"https:\/\/www.trustpilot.com\/review\/talkpal.ai\",\"https:\/\/www.capterra.com\/p\/10006800\/TalkPal\/\"],\"description\":\"Talkpal is a language learning web and mobile education app, powered by the latest AI technologies, that provides engaging experiences to its customers in many different languages to help them improve their language skills. Users can chat about unlimited amount of topics with the app and use other modes to practice their language learning.\",\"email\":\"support@talkpal.ai\",\"legalName\":\"Talkpal, Inc.\",\"foundingDate\":\"2023-04-03\",\"duns\":\"118989042\",\"numberOfEmployees\":{\"@type\":\"QuantitativeValue\",\"minValue\":\"11\",\"maxValue\":\"50\"},\"publishingPrinciples\":\"https:\/\/talkpal.ai\/publishing-principles\/\",\"actionableFeedbackPolicy\":\"https:\/\/talkpal.ai\/actionable-feedback-policy\/\",\"correctionsPolicy\":\"https:\/\/talkpal.ai\/corrections-policy\/\",\"ethicsPolicy\":\"https:\/\/talkpal.ai\/ethics-policy\/\",\"diversityPolicy\":\"https:\/\/talkpal.ai\/diversity-policy\/\",\"diversityStaffingReport\":\"https:\/\/talkpal.ai\/diversity-policy\/\"}]}<\/script>\n<!-- \/ Yoast SEO Premium plugin. -->","yoast_head_json":{"title":"Malajalami grammatikaharjutused - Talkpal","description":"\u00d5ppige malaija keele grammatikat interaktiivsete harjutuste abil, mis on m\u00f5eldud teie sujuva keeleoskuse ja keelest arusaamise parandamiseks juba t\u00e4na.","robots":{"index":"index","follow":"follow","max-snippet":"max-snippet:-1","max-image-preview":"max-image-preview:large","max-video-preview":"max-video-preview:-1"},"canonical":"https:\/\/talkpal.ai\/et\/malajalami-grammatikaharjutused\/","og_locale":"et_EE","og_type":"article","og_title":"Malajalami grammatikaharjutused","og_description":"Malajalami grammatika teemad Uue keele \u00f5ppimine v\u00f5ib olla keeruline, kuid rahuldust pakkuv ettev\u00f5tmine. Malajalami keel, draviidi keel, mida r\u00e4\u00e4gitakse","og_url":"https:\/\/talkpal.ai\/et\/malajalami-grammatikaharjutused\/","og_site_name":"Talkpal","article_publisher":"https:\/\/www.facebook.com\/profile.php?id=100090733639311","article_modified_time":"2025-12-30T13:57:28+00:00","og_image":[{"width":2880,"height":1620,"url":"https:\/\/talkpal.ai\/wp-content\/uploads\/2025\/02\/Progress-tab-16_9.png","type":"image\/png"}],"twitter_card":"summary_large_image","twitter_site":"@talkpalai","twitter_misc":{"Est. reading time":"3 minutit"},"schema":{"@context":"https:\/\/schema.org","@graph":[{"@type":"WebPage","@id":"https:\/\/talkpal.ai\/et\/malajalami-grammatikaharjutused\/","url":"https:\/\/talkpal.ai\/et\/malajalami-grammatikaharjutused\/","name":"Malajalami grammatikaharjutused - Talkpal","isPartOf":{"@id":"https:\/\/talkpal.ai\/et\/#website"},"datePublished":"2025-11-12T12:26:03+00:00","dateModified":"2025-12-30T13:57:28+00:00","description":"\u00d5ppige malaija keele grammatikat interaktiivsete harjutuste abil, mis on m\u00f5eldud teie sujuva keeleoskuse ja keelest arusaamise parandamiseks juba t\u00e4na.","breadcrumb":{"@id":"https:\/\/talkpal.ai\/et\/malajalami-grammatikaharjutused\/#breadcrumb"},"inLanguage":"et","potentialAction":[{"@type":"ReadAction","target":["https:\/\/talkpal.ai\/et\/malajalami-grammatikaharjutused\/"]}]},{"@type":"BreadcrumbList","@id":"https:\/\/talkpal.ai\/et\/malajalami-grammatikaharjutused\/#breadcrumb","itemListElement":[{"@type":"ListItem","position":1,"name":"Homepage","item":"https:\/\/talkpal.ai\/et\/"},{"@type":"ListItem","position":2,"name":"Malajalami grammatikaharjutused"}]},{"@type":"WebSite","@id":"https:\/\/talkpal.ai\/et\/#website","url":"https:\/\/talkpal.ai\/et\/","name":"Talkpal","description":"AI Language Learning","publisher":{"@id":"https:\/\/talkpal.ai\/et\/#organization"},"alternateName":"Talkpal AI","potentialAction":[{"@type":"SearchAction","target":{"@type":"EntryPoint","urlTemplate":"https:\/\/talkpal.ai\/et\/?s={search_term_string}"},"query-input":{"@type":"PropertyValueSpecification","valueRequired":true,"valueName":"search_term_string"}}],"inLanguage":"et"},{"@type":"Organization","@id":"https:\/\/talkpal.ai\/et\/#organization","name":"Talkpal, Inc.","alternateName":"Talkpal AI","url":"https:\/\/talkpal.ai\/et\/","logo":{"@type":"ImageObject","inLanguage":"et","@id":"https:\/\/talkpal.ai\/et\/#\/schema\/logo\/image\/","url":"https:\/\/talkpal.ai\/wp-content\/uploads\/2024\/03\/Talkpal-Logo-Icon.png","contentUrl":"https:\/\/talkpal.ai\/wp-content\/uploads\/2024\/03\/Talkpal-Logo-Icon.png","width":2880,"height":2880,"caption":"Talkpal, Inc."},"image":{"@id":"https:\/\/talkpal.ai\/et\/#\/schema\/logo\/image\/"},"sameAs":["https:\/\/www.facebook.com\/profile.php?id=100090733639311","https:\/\/x.com\/talkpalai","https:\/\/www.linkedin.com\/company\/talkpal\/","https:\/\/www.youtube.com\/@TalkPal\/","https:\/\/www.tiktok.com\/@talkpal","https:\/\/www.instagram.com\/talkpal_ai\/","https:\/\/www.crunchbase.com\/organization\/talkpal-9cde","https:\/\/www.g2.com\/products\/talkpal-for-business\/","https:\/\/www.trustpilot.com\/review\/talkpal.ai","https:\/\/www.capterra.com\/p\/10006800\/TalkPal\/"],"description":"Talkpal is a language learning web and mobile education app, powered by the latest AI technologies, that provides engaging experiences to its customers in many different languages to help them improve their language skills. Users can chat about unlimited amount of topics with the app and use other modes to practice their language learning.","email":"support@talkpal.ai","legalName":"Talkpal, Inc.","foundingDate":"2023-04-03","duns":"118989042","numberOfEmployees":{"@type":"QuantitativeValue","minValue":"11","maxValue":"50"},"publishingPrinciples":"https:\/\/talkpal.ai\/publishing-principles\/","actionableFeedbackPolicy":"https:\/\/talkpal.ai\/actionable-feedback-policy\/","correctionsPolicy":"https:\/\/talkpal.ai\/corrections-policy\/","ethicsPolicy":"https:\/\/talkpal.ai\/ethics-policy\/","diversityPolicy":"https:\/\/talkpal.ai\/diversity-policy\/","diversityStaffingReport":"https:\/\/talkpal.ai\/diversity-policy\/"}]}},"_links":{"self":[{"href":"https:\/\/talkpal.ai\/et\/wp-json\/wp\/v2\/pages\/1475628","targetHints":{"allow":["GET"]}}],"collection":[{"href":"https:\/\/talkpal.ai\/et\/wp-json\/wp\/v2\/pages"}],"about":[{"href":"https:\/\/talkpal.ai\/et\/wp-json\/wp\/v2\/types\/page"}],"author":[{"embeddable":true,"href":"https:\/\/talkpal.ai\/et\/wp-json\/wp\/v2\/users\/20"}],"replies":[{"embeddable":true,"href":"https:\/\/talkpal.ai\/et\/wp-json\/wp\/v2\/comments?post=1475628"}],"version-history":[{"count":0,"href":"https:\/\/talkpal.ai\/et\/wp-json\/wp\/v2\/pages\/1475628\/revisions"}],"wp:attachment":[{"href":"https:\/\/talkpal.ai\/et\/wp-json\/wp\/v2\/media?parent=1475628"}],"curies":[{"name":"wp","href":"https:\/\/api.w.org\/{rel}","templated":true}]}}