{"id":1475607,"date":"2025-11-12T12:14:54","date_gmt":"2025-11-12T12:14:54","guid":{"rendered":"https:\/\/talkpal.ai\/laose-grammatikaharjutused\/"},"modified":"2025-12-30T14:13:35","modified_gmt":"2025-12-30T14:13:35","slug":"laose-grammatikaharjutused","status":"publish","type":"page","link":"https:\/\/talkpal.ai\/et\/laose-grammatikaharjutused\/","title":{"rendered":"Laose grammatikaharjutused"},"content":{"rendered":"\r\n\r\n\r\n<section class=\"languageChallengeSection\">\r\n    <div class=\"languageInfoWrapper\">\r\n        \r\n        <h1>Laose grammatikaharjutused<\/h1>\r\n        <p>Kas olete valmis sukelduma Laose grammatikasse? M\u00f5nede p\u00f5hit\u00f5dede harjutamine aitab teil selle ainulaadse ja ilusa keelega mugavalt hakkama saada. Proovige neid harjutusi, et suurendada oma enesekindlust ja l\u00f5butseda samal ajal!<\/p>\r\n\r\n                            <a class=\"getStartedHidden\" href=\"https:\/\/app.talkpal.ai\/et\/signup?lng=\">Alusta<\/a>\r\n        \r\n    <\/div>\r\n\r\n    <figure>\r\n    <img decoding=\"async\" width=\"768\" height=\"768\" src=\"https:\/\/talkpal.ai\/wp-content\/uploads\/2023\/06\/welsh-768x768.png\" class=\"languageImage no-lazy\" alt=\"Language learning for better cognitive abilities\" fetchpriority=\"high\" sizes=\"(max-width: 768px) 150px, 768px\" srcset=\"https:\/\/talkpal.ai\/wp-content\/uploads\/2023\/06\/welsh-768x768.png 768w, https:\/\/talkpal.ai\/wp-content\/uploads\/2023\/06\/welsh-300x300.png 300w\" \/>\r\n    \r\n\r\n    <\/figure>\r\n\r\n            <a class=\"getStartedVisible\" href=\"https:\/\/app.talkpal.ai\/et\/signup?lng=\">Alusta<\/a>\r\n    \r\n<\/section><section class=\"promotionalBanner\">\r\n    <p class=\"promotionalText\">K\u00f5ige t\u00f5husam viis keele \u00f5ppimiseks<\/p>\r\n    <a class=\"promotionalLink\" href=\"https:\/\/app.talkpal.ai\/et\/signup?lng=\">Proovige Talkpal tasuta<\/a>\r\n<\/section>\n<div class=\"wp-block-group pageContainerStyle\"><div class=\"wp-block-group__inner-container is-layout-constrained wp-block-group-is-layout-constrained\">\n<h2 class=\"wp-block-heading\" id=\"h-lao-grammar-topics\">Laose grammatika teemad<\/h2>\n\n\n\n<p><a href=\"https:\/\/talkpal.ai\/et\/suurimad-vead-mida-valtida-uue-keele-oppimisel\/\">Uue keele \u00f5ppimine<\/a> v\u00f5ib olla keeruline, kuid rahuldust pakkuv ettev\u00f5tmine. <a href=\"https:\/\/talkpal.ai\/learn-lao\/\">Lao<\/a>, tai-kadai keel, mida r\u00e4\u00e4gitakse peamiselt Laoses, pole erand. Oma ainulaadsete omaduste ja struktuuridega n\u00f5uab <a href=\"https:\/\/talkpal.ai\/learn-lao\/\">lao<\/a> <a href=\"https:\/\/talkpal.ai\/et\/talkpal-for-education\/\">keele \u00f5ppimine<\/a> s\u00fcstemaatilist l\u00e4henemist, et m\u00f5ista, kuidas t\u00e4hendus on \u00fcles ehitatud osakeste, s\u00f5naj\u00e4rje ja klassifikaatorite, mitte k\u00e4\u00e4namise abil. Selles juhendis kirjeldatakse <a href=\"https:\/\/talkpal.ai\/et\/laose-grammatika\/\">Laose grammatika<\/a> p\u00f5hivaldkondi <a href=\"https:\/\/talkpal.ai\/et\/ai-chatbot-keeleoppeks\/\">keele\u00f5ppe<\/a> loogilises j\u00e4rjestuses, alustades p\u00f5hit\u00f5dedest, nagu nimis\u00f5nad ja klassifikaatorid, ning liikudes edasi keerukamate valdkondadeni, nagu aspektimarkerid ja lauseehitus.<\/p>\n\n\n\n<h3 class=\"wp-block-heading\" id=\"h-1-nouns\">1. Nimis\u00f5nad:<\/h3>\n\n\n\n<p>Alustage oma Laose keele teekonda nimis\u00f5nade \u00f5ppimisega. See h\u00f5lmab tavaliste ja p\u00e4risnimede m\u00f5istmist, seda, kuidas paljusust n\u00e4idatakse konteksti, numbrite ja s\u00f5nade kaudu, samuti klassifikaatorite olulist rolli p\u00e4rast numbreid ja kvantoreid.<\/p>\n\n\n\n<h3 class=\"wp-block-heading\" id=\"h-2-articles\">2. Artiklid:<\/h3>\n\n\n\n<p>Lao ei kasuta m\u00e4\u00e4ravaid ega m\u00e4\u00e4ramatuid artikleid. Selle asemel v\u00e4ljendatakse m\u00e4\u00e4ratust ja spetsiifilisust konteksti, demonstratiivide nagu see ja teine ning klassifikaatorite konstruktsioonide kaudu.<\/p>\n\n\n\n<h3 class=\"wp-block-heading\" id=\"h-3-adjectives\">3. Omaduss\u00f5nad:<\/h3>\n\n\n\n<p>Laose omaduss\u00f5nad j\u00e4rgivad tavaliselt nimis\u00f5nu, mida nad muudavad. Siit saate teada, kuidas omaduss\u00f5nad v\u00f5ivad toimida ka predikaatidena ja kuidas moodustada v\u00f5rdlusi, kasutades markereid rohkem ja kui, samuti \u00fcliv\u00f5rdeid k\u00f5ige rohkem.<\/p>\n\n\n\n<h3 class=\"wp-block-heading\" id=\"h-4-pronouns-determiners\">4. Ases\u00f5nad\/m\u00e4\u00e4rajad:<\/h3>\n\n\n\n<p>Ases\u00f5nad ja m\u00e4\u00e4rajad on laoses olulised; Ases\u00f5nad varieeruvad viisakuse, vanuse ja sotsiaalse konteksti j\u00e4rgi. Determinaatorite hulka kuuluvad demonstratiivid ja kvantorid ning valdamist t\u00e4histatakse tavaliselt s\u00f5naga for of omaniku ja nimis\u00f5na vahel.<\/p>\n\n\n\n<h3 class=\"wp-block-heading\" id=\"h-5-verbs\">5. Tegus\u00f5nad:<\/h3>\n\n\n\n<p>Laose verbid ei muuda vormi, isikut ega arvu. Aega, aspekti ja meeleolu n\u00e4idatakse osakeste ja abis\u00f5nadega. Alustage p\u00f5hilistest verbimustritest ja \u00f5ppige mineviku, l\u00f5puleviimise, k\u00e4imasoleva tegevuse ja kavatsuse \u00fchiseid markereid.<\/p>\n\n\n\n<h3 class=\"wp-block-heading\" id=\"h-6-tenses\">6. Ajavormid:<\/h3>\n\n\n\n<p>P\u00e4rast p\u00f5hiliste verbimustrite valdamist s\u00fcvenege sellesse, kuidas Lao v\u00e4ljendab aega ilma k\u00e4\u00e4ndevormideta. See h\u00f5lmab ajas\u00f5nade ja aspektimarkerite kasutamist, et eristada praeguseid olukordi, l\u00f5petatud s\u00fcndmusi ja tulevasi v\u00f5i kavandatud tegevusi erinevates kontekstides.<\/p>\n\n\n\n<h3 class=\"wp-block-heading\" id=\"h-7-tense-comparison\">7. Pingeline v\u00f5rdlus:<\/h3>\n\n\n\n<p>Aja ja aspektide m\u00e4rkimise v\u00f5rdlemine Laose keeles aitab m\u00f5ista s\u00fcndmuste j\u00e4rjestust ja vaatenurka. V\u00f5rrelge <a href=\"https:\/\/talkpal.ai\/locations\/language-courses-in-sama\/\">sama<\/a> lauset erinevate osakestega, et n\u00e4ha, kuidas t\u00e4hendus nihkub l\u00f5petatud, k\u00e4imasoleva, harjumusp\u00e4rase ja tulevase lugemise vahel.<\/p>\n\n\n\n<h3 class=\"wp-block-heading\" id=\"h-8-progressive\">8. Progressiivne:<\/h3>\n\n\n\n<p>Laose progressiivset kasutatakse k\u00e4imasolevate tegevuste v\u00e4ljendamiseks. Tavaliselt moodustatakse see poolelioleva verbaalse markeriga ja seda v\u00f5ib tugevdada lause l\u00f5pu v\u00f5i verbaalse markeriga, mis n\u00e4itab praegust olekut.<\/p>\n\n\n\n<h3 class=\"wp-block-heading\" id=\"h-9-perfect-progressive\">9. T\u00e4iuslik progressiivne:<\/h3>\n\n\n\n<p>Seda t\u00e4hendust v\u00e4ljendatakse kombinatsioonidega, mis n\u00e4itavad kestust kuni v\u00f5rdluspunktini. Lao kasutab aspektimarkereid, aja v\u00e4ljendeid ja osakesi, mis n\u00e4itavad juba v\u00f5i siiani, et edastada on juba m\u00f5nda aega teinud.<\/p>\n\n\n\n<h3 class=\"wp-block-heading\" id=\"h-10-conditionals\">10. Tingimused:<\/h3>\n\n\n\n<p>Tingimused v\u00e4ljendavad h\u00fcpoteetilisi olukordi ja nende v\u00f5imalikke tulemusi. Need on moodustatud if-klausliga, millele j\u00e4rgneb tulemusklausel, kasutades sageli modaalseid osakesi, et n\u00e4idata t\u00f5en\u00e4osust v\u00f5i kavatsust, mitte pingelisi muutusi.<\/p>\n\n\n\n<h3 class=\"wp-block-heading\" id=\"h-11-adverbs\">11. M\u00e4\u00e4rs\u00f5nad:<\/h3>\n\n\n\n<p>Laose m\u00e4\u00e4rs\u00f5nad muudavad tegus\u00f5nu, omaduss\u00f5nu v\u00f5i muid m\u00e4\u00e4rs\u00f5nu. Tavaliselt ilmuvad need verbi j\u00e4rel v\u00f5i lause l\u00f5pus ja annavad teavet viisi, koha, aja, astme ja muu kohta.<\/p>\n\n\n\n<h3 class=\"wp-block-heading\" id=\"h-12-prepositions\">12. Eess\u00f5nad:<\/h3>\n\n\n\n<p>Eess\u00f5nad seovad s\u00f5nu ja fraase omavahel. Laose keeles on paljud neist katted, mis esinevad nimis\u00f5na ees v\u00f5i verbikonstruktsioonides, et v\u00e4ljendada aja, koha, suuna ja saate suhteid.<\/p>\n\n\n\n<h3 class=\"wp-block-heading\" id=\"h-13-sentences\">13. Laused:<\/h3>\n\n\n\n<p>L\u00f5puks harjutage lausete koostamist. Lao on peamiselt subjekti verbi objekt, mille ees on eitus ja positsioonil on k\u00fcsimuse partiklid v\u00f5i k\u00fcsis\u00f5nad. Kasutage k\u00f5iki varem \u00f5pitud grammatikapunkte kontekstis, sealhulgas klassifikaatoreid, aspektimarkereid ja jadategus\u00f5nu, et tagada Laose keele igak\u00fclgne m\u00f5istmine.<\/p>\n<\/div><\/div>\n\r\n<section class=\"learnNavigationSection\">\r\n            \r\n        <a href=\"https:\/\/talkpal.ai\/et\/oppige-lao-keelt\/\">\r\n            <div class=\"learnNavigationWrapper\">\r\n                <div class=\"learnNavigationContent\">\r\n                    <img decoding=\"async\" src=\"https:\/\/talkpal.ai\/wp-content\/uploads\/2025\/11\/Lao-1.png\" alt=\"Laotian Flag\">\r\n                    <div>\r\n                        <h4>Laose \u00f5ppimise kohta<\/h4>\r\n                        <p>Uurige k\u00f5ike Laose grammatika kohta.<\/p>\r\n                    <\/div>\r\n                <\/div>\r\n            <\/div>\r\n        <\/a>\r\n\r\n        \r\n        <a href=\"https:\/\/talkpal.ai\/et\/laose-grammatika\/\">\r\n            <div class=\"learnNavigationWrapper\">\r\n                <div class=\"learnNavigationContent\">\r\n                    <img decoding=\"async\" src=\"https:\/\/talkpal.ai\/wp-content\/uploads\/2025\/11\/Lao-1.png\" alt=\"Laotian Flag\">\r\n                    <div>\r\n                        <h4>Laose grammatika tunnid<\/h4>\r\n                        <p>Harjutage Laose grammatikat.<\/p>\r\n                    <\/div>\r\n                <\/div>\r\n            <\/div>\r\n        <\/a>\r\n\r\n            <\/section>","protected":false},"excerpt":{"rendered":"<p>Laose grammatika teemad Uue keele \u00f5ppimine v\u00f5ib olla keeruline, kuid rahuldust pakkuv ettev\u00f5tmine. Lao, tai-kadai keel, mida r\u00e4\u00e4gitakse peamiselt Laoses, pole erand. Oma ainulaadsete omaduste ja struktuuridega n\u00f5uab lao keele \u00f5ppimine s\u00fcstemaatilist l\u00e4henemist, et m\u00f5ista, kuidas t\u00e4hendus on \u00fcles ehitatud osakeste, s\u00f5naj\u00e4rje ja klassifikaatorite, mitte k\u00e4\u00e4namise abil. Selles juhendis kirjeldatakse Laose grammatika p\u00f5hivaldkondi keele\u00f5ppe loogilises [&hellip;]<\/p>\n","protected":false},"author":20,"featured_media":0,"parent":0,"menu_order":0,"comment_status":"closed","ping_status":"closed","template":"LearningContentPage.php","meta":{"_acf_changed":false,"footnotes":""},"class_list":["post-1475607","page","type-page","status-publish","hentry"],"acf":[],"yoast_head":"<!-- This site is optimized with the Yoast SEO Premium plugin v27.2 (Yoast SEO v27.2) - https:\/\/yoast.com\/product\/yoast-seo-premium-wordpress\/ -->\n<title>Laose grammatikaharjutused - Talkpal<\/title>\n<meta name=\"description\" content=\"\u00d5ppige lao keele grammatikat interaktiivsete harjutuste abil, mis aitavad teil omandada keeleoskus ja enesekindlus.\" \/>\n<meta name=\"robots\" content=\"index, follow, max-snippet:-1, max-image-preview:large, max-video-preview:-1\" \/>\n<link rel=\"canonical\" href=\"https:\/\/talkpal.ai\/et\/laose-grammatikaharjutused\/\" \/>\n<meta property=\"og:locale\" content=\"et_EE\" \/>\n<meta property=\"og:type\" content=\"article\" \/>\n<meta property=\"og:title\" content=\"Laose grammatikaharjutused\" \/>\n<meta property=\"og:description\" content=\"Laose grammatika teemad Uue keele \u00f5ppimine v\u00f5ib olla keeruline, kuid rahuldust pakkuv ettev\u00f5tmine. Lao, tai-kadai keel, mida r\u00e4\u00e4gitakse peamiselt Laoses,\" \/>\n<meta property=\"og:url\" content=\"https:\/\/talkpal.ai\/et\/laose-grammatikaharjutused\/\" \/>\n<meta property=\"og:site_name\" content=\"Talkpal\" \/>\n<meta property=\"article:publisher\" content=\"https:\/\/www.facebook.com\/profile.php?id=100090733639311\" \/>\n<meta property=\"article:modified_time\" content=\"2025-12-30T14:13:35+00:00\" \/>\n<meta property=\"og:image\" content=\"https:\/\/talkpal.ai\/wp-content\/uploads\/2025\/02\/Progress-tab-16_9.png\" \/>\n\t<meta property=\"og:image:width\" content=\"2880\" \/>\n\t<meta property=\"og:image:height\" content=\"1620\" \/>\n\t<meta property=\"og:image:type\" content=\"image\/png\" \/>\n<meta name=\"twitter:card\" content=\"summary_large_image\" \/>\n<meta name=\"twitter:site\" content=\"@talkpalai\" \/>\n<meta name=\"twitter:label1\" content=\"Est. reading time\" \/>\n\t<meta name=\"twitter:data1\" content=\"3 minutit\" \/>\n<script type=\"application\/ld+json\" class=\"yoast-schema-graph\">{\"@context\":\"https:\/\/schema.org\",\"@graph\":[{\"@type\":\"WebPage\",\"@id\":\"https:\/\/talkpal.ai\/et\/laose-grammatikaharjutused\/\",\"url\":\"https:\/\/talkpal.ai\/et\/laose-grammatikaharjutused\/\",\"name\":\"Laose grammatikaharjutused - Talkpal\",\"isPartOf\":{\"@id\":\"https:\/\/talkpal.ai\/et\/#website\"},\"datePublished\":\"2025-11-12T12:14:54+00:00\",\"dateModified\":\"2025-12-30T14:13:35+00:00\",\"description\":\"\u00d5ppige lao keele grammatikat interaktiivsete harjutuste abil, mis aitavad teil omandada keeleoskus ja enesekindlus.\",\"breadcrumb\":{\"@id\":\"https:\/\/talkpal.ai\/et\/laose-grammatikaharjutused\/#breadcrumb\"},\"inLanguage\":\"et\",\"potentialAction\":[{\"@type\":\"ReadAction\",\"target\":[\"https:\/\/talkpal.ai\/et\/laose-grammatikaharjutused\/\"]}]},{\"@type\":\"BreadcrumbList\",\"@id\":\"https:\/\/talkpal.ai\/et\/laose-grammatikaharjutused\/#breadcrumb\",\"itemListElement\":[{\"@type\":\"ListItem\",\"position\":1,\"name\":\"Homepage\",\"item\":\"https:\/\/talkpal.ai\/et\/\"},{\"@type\":\"ListItem\",\"position\":2,\"name\":\"Laose grammatikaharjutused\"}]},{\"@type\":\"WebSite\",\"@id\":\"https:\/\/talkpal.ai\/et\/#website\",\"url\":\"https:\/\/talkpal.ai\/et\/\",\"name\":\"Talkpal\",\"description\":\"AI Language Learning\",\"publisher\":{\"@id\":\"https:\/\/talkpal.ai\/et\/#organization\"},\"alternateName\":\"Talkpal AI\",\"potentialAction\":[{\"@type\":\"SearchAction\",\"target\":{\"@type\":\"EntryPoint\",\"urlTemplate\":\"https:\/\/talkpal.ai\/et\/?s={search_term_string}\"},\"query-input\":{\"@type\":\"PropertyValueSpecification\",\"valueRequired\":true,\"valueName\":\"search_term_string\"}}],\"inLanguage\":\"et\"},{\"@type\":\"Organization\",\"@id\":\"https:\/\/talkpal.ai\/et\/#organization\",\"name\":\"Talkpal, Inc.\",\"alternateName\":\"Talkpal AI\",\"url\":\"https:\/\/talkpal.ai\/et\/\",\"logo\":{\"@type\":\"ImageObject\",\"inLanguage\":\"et\",\"@id\":\"https:\/\/talkpal.ai\/et\/#\/schema\/logo\/image\/\",\"url\":\"https:\/\/talkpal.ai\/wp-content\/uploads\/2024\/03\/Talkpal-Logo-Icon.png\",\"contentUrl\":\"https:\/\/talkpal.ai\/wp-content\/uploads\/2024\/03\/Talkpal-Logo-Icon.png\",\"width\":2880,\"height\":2880,\"caption\":\"Talkpal, Inc.\"},\"image\":{\"@id\":\"https:\/\/talkpal.ai\/et\/#\/schema\/logo\/image\/\"},\"sameAs\":[\"https:\/\/www.facebook.com\/profile.php?id=100090733639311\",\"https:\/\/x.com\/talkpalai\",\"https:\/\/www.linkedin.com\/company\/talkpal\/\",\"https:\/\/www.youtube.com\/@TalkPal\/\",\"https:\/\/www.tiktok.com\/@talkpal\",\"https:\/\/www.instagram.com\/talkpal_ai\/\",\"https:\/\/www.crunchbase.com\/organization\/talkpal-9cde\",\"https:\/\/www.g2.com\/products\/talkpal-for-business\/\",\"https:\/\/www.trustpilot.com\/review\/talkpal.ai\",\"https:\/\/www.capterra.com\/p\/10006800\/TalkPal\/\"],\"description\":\"Talkpal is a language learning web and mobile education app, powered by the latest AI technologies, that provides engaging experiences to its customers in many different languages to help them improve their language skills. Users can chat about unlimited amount of topics with the app and use other modes to practice their language learning.\",\"email\":\"support@talkpal.ai\",\"legalName\":\"Talkpal, Inc.\",\"foundingDate\":\"2023-04-03\",\"duns\":\"118989042\",\"numberOfEmployees\":{\"@type\":\"QuantitativeValue\",\"minValue\":\"11\",\"maxValue\":\"50\"},\"publishingPrinciples\":\"https:\/\/talkpal.ai\/publishing-principles\/\",\"actionableFeedbackPolicy\":\"https:\/\/talkpal.ai\/actionable-feedback-policy\/\",\"correctionsPolicy\":\"https:\/\/talkpal.ai\/corrections-policy\/\",\"ethicsPolicy\":\"https:\/\/talkpal.ai\/ethics-policy\/\",\"diversityPolicy\":\"https:\/\/talkpal.ai\/diversity-policy\/\",\"diversityStaffingReport\":\"https:\/\/talkpal.ai\/diversity-policy\/\"}]}<\/script>\n<!-- \/ Yoast SEO Premium plugin. -->","yoast_head_json":{"title":"Laose grammatikaharjutused - Talkpal","description":"\u00d5ppige lao keele grammatikat interaktiivsete harjutuste abil, mis aitavad teil omandada keeleoskus ja enesekindlus.","robots":{"index":"index","follow":"follow","max-snippet":"max-snippet:-1","max-image-preview":"max-image-preview:large","max-video-preview":"max-video-preview:-1"},"canonical":"https:\/\/talkpal.ai\/et\/laose-grammatikaharjutused\/","og_locale":"et_EE","og_type":"article","og_title":"Laose grammatikaharjutused","og_description":"Laose grammatika teemad Uue keele \u00f5ppimine v\u00f5ib olla keeruline, kuid rahuldust pakkuv ettev\u00f5tmine. Lao, tai-kadai keel, mida r\u00e4\u00e4gitakse peamiselt Laoses,","og_url":"https:\/\/talkpal.ai\/et\/laose-grammatikaharjutused\/","og_site_name":"Talkpal","article_publisher":"https:\/\/www.facebook.com\/profile.php?id=100090733639311","article_modified_time":"2025-12-30T14:13:35+00:00","og_image":[{"width":2880,"height":1620,"url":"https:\/\/talkpal.ai\/wp-content\/uploads\/2025\/02\/Progress-tab-16_9.png","type":"image\/png"}],"twitter_card":"summary_large_image","twitter_site":"@talkpalai","twitter_misc":{"Est. reading time":"3 minutit"},"schema":{"@context":"https:\/\/schema.org","@graph":[{"@type":"WebPage","@id":"https:\/\/talkpal.ai\/et\/laose-grammatikaharjutused\/","url":"https:\/\/talkpal.ai\/et\/laose-grammatikaharjutused\/","name":"Laose grammatikaharjutused - Talkpal","isPartOf":{"@id":"https:\/\/talkpal.ai\/et\/#website"},"datePublished":"2025-11-12T12:14:54+00:00","dateModified":"2025-12-30T14:13:35+00:00","description":"\u00d5ppige lao keele grammatikat interaktiivsete harjutuste abil, mis aitavad teil omandada keeleoskus ja enesekindlus.","breadcrumb":{"@id":"https:\/\/talkpal.ai\/et\/laose-grammatikaharjutused\/#breadcrumb"},"inLanguage":"et","potentialAction":[{"@type":"ReadAction","target":["https:\/\/talkpal.ai\/et\/laose-grammatikaharjutused\/"]}]},{"@type":"BreadcrumbList","@id":"https:\/\/talkpal.ai\/et\/laose-grammatikaharjutused\/#breadcrumb","itemListElement":[{"@type":"ListItem","position":1,"name":"Homepage","item":"https:\/\/talkpal.ai\/et\/"},{"@type":"ListItem","position":2,"name":"Laose grammatikaharjutused"}]},{"@type":"WebSite","@id":"https:\/\/talkpal.ai\/et\/#website","url":"https:\/\/talkpal.ai\/et\/","name":"Talkpal","description":"AI Language Learning","publisher":{"@id":"https:\/\/talkpal.ai\/et\/#organization"},"alternateName":"Talkpal AI","potentialAction":[{"@type":"SearchAction","target":{"@type":"EntryPoint","urlTemplate":"https:\/\/talkpal.ai\/et\/?s={search_term_string}"},"query-input":{"@type":"PropertyValueSpecification","valueRequired":true,"valueName":"search_term_string"}}],"inLanguage":"et"},{"@type":"Organization","@id":"https:\/\/talkpal.ai\/et\/#organization","name":"Talkpal, Inc.","alternateName":"Talkpal AI","url":"https:\/\/talkpal.ai\/et\/","logo":{"@type":"ImageObject","inLanguage":"et","@id":"https:\/\/talkpal.ai\/et\/#\/schema\/logo\/image\/","url":"https:\/\/talkpal.ai\/wp-content\/uploads\/2024\/03\/Talkpal-Logo-Icon.png","contentUrl":"https:\/\/talkpal.ai\/wp-content\/uploads\/2024\/03\/Talkpal-Logo-Icon.png","width":2880,"height":2880,"caption":"Talkpal, Inc."},"image":{"@id":"https:\/\/talkpal.ai\/et\/#\/schema\/logo\/image\/"},"sameAs":["https:\/\/www.facebook.com\/profile.php?id=100090733639311","https:\/\/x.com\/talkpalai","https:\/\/www.linkedin.com\/company\/talkpal\/","https:\/\/www.youtube.com\/@TalkPal\/","https:\/\/www.tiktok.com\/@talkpal","https:\/\/www.instagram.com\/talkpal_ai\/","https:\/\/www.crunchbase.com\/organization\/talkpal-9cde","https:\/\/www.g2.com\/products\/talkpal-for-business\/","https:\/\/www.trustpilot.com\/review\/talkpal.ai","https:\/\/www.capterra.com\/p\/10006800\/TalkPal\/"],"description":"Talkpal is a language learning web and mobile education app, powered by the latest AI technologies, that provides engaging experiences to its customers in many different languages to help them improve their language skills. Users can chat about unlimited amount of topics with the app and use other modes to practice their language learning.","email":"support@talkpal.ai","legalName":"Talkpal, Inc.","foundingDate":"2023-04-03","duns":"118989042","numberOfEmployees":{"@type":"QuantitativeValue","minValue":"11","maxValue":"50"},"publishingPrinciples":"https:\/\/talkpal.ai\/publishing-principles\/","actionableFeedbackPolicy":"https:\/\/talkpal.ai\/actionable-feedback-policy\/","correctionsPolicy":"https:\/\/talkpal.ai\/corrections-policy\/","ethicsPolicy":"https:\/\/talkpal.ai\/ethics-policy\/","diversityPolicy":"https:\/\/talkpal.ai\/diversity-policy\/","diversityStaffingReport":"https:\/\/talkpal.ai\/diversity-policy\/"}]}},"_links":{"self":[{"href":"https:\/\/talkpal.ai\/et\/wp-json\/wp\/v2\/pages\/1475607","targetHints":{"allow":["GET"]}}],"collection":[{"href":"https:\/\/talkpal.ai\/et\/wp-json\/wp\/v2\/pages"}],"about":[{"href":"https:\/\/talkpal.ai\/et\/wp-json\/wp\/v2\/types\/page"}],"author":[{"embeddable":true,"href":"https:\/\/talkpal.ai\/et\/wp-json\/wp\/v2\/users\/20"}],"replies":[{"embeddable":true,"href":"https:\/\/talkpal.ai\/et\/wp-json\/wp\/v2\/comments?post=1475607"}],"version-history":[{"count":0,"href":"https:\/\/talkpal.ai\/et\/wp-json\/wp\/v2\/pages\/1475607\/revisions"}],"wp:attachment":[{"href":"https:\/\/talkpal.ai\/et\/wp-json\/wp\/v2\/media?parent=1475607"}],"curies":[{"name":"wp","href":"https:\/\/api.w.org\/{rel}","templated":true}]}}