{"id":1475587,"date":"2025-11-12T12:14:52","date_gmt":"2025-11-12T12:14:52","guid":{"rendered":"https:\/\/talkpal.ai\/laose-grammatika\/"},"modified":"2025-12-30T14:12:52","modified_gmt":"2025-12-30T14:12:52","slug":"laose-grammatika","status":"publish","type":"page","link":"https:\/\/talkpal.ai\/et\/laose-grammatika\/","title":{"rendered":"Laose grammatika"},"content":{"rendered":"\r\n\r\n\r\n<section class=\"languageChallengeSection\">\r\n    <div class=\"languageInfoWrapper\">\r\n        \r\n        <h1>Laose grammatika<\/h1>\r\n        <p><a href=\"https:\/\/talkpal.ai\/et\/laose-grammatikaharjutused\/\">Laose grammatika<\/a> v\u00f5ib alguses tunduda keeruline, kuid selle ainulaadsed omadused muudavad keele \u00f5ppimise rahuldust pakkuvaks kogemuseks. Uurides selle t\u00e4hestikku, mutatsioone ja grammatikareegleid, saate \u00fclevaate rikkalikust keeletraditsioonist. Alustage oma teekonda ja avastage <a href=\"https:\/\/talkpal.ai\/learn-lao\/\">Lao<\/a> ilu!<\/p>\r\n\r\n                            <a class=\"getStartedHidden\" href=\"https:\/\/app.talkpal.ai\/et\/signup?lng=\">Alusta<\/a>\r\n        \r\n    <\/div>\r\n\r\n    <figure>\r\n    <img decoding=\"async\" width=\"768\" height=\"768\" src=\"https:\/\/talkpal.ai\/wp-content\/uploads\/2023\/06\/welsh-768x768.png\" class=\"languageImage no-lazy\" alt=\"Language learning for better cognitive abilities\" fetchpriority=\"high\" sizes=\"(max-width: 768px) 150px, 768px\" srcset=\"https:\/\/talkpal.ai\/wp-content\/uploads\/2023\/06\/welsh-768x768.png 768w, https:\/\/talkpal.ai\/wp-content\/uploads\/2023\/06\/welsh-300x300.png 300w\" \/>\r\n    \r\n\r\n    <\/figure>\r\n\r\n            <a class=\"getStartedVisible\" href=\"https:\/\/app.talkpal.ai\/et\/signup?lng=\">Alusta<\/a>\r\n    \r\n<\/section><section class=\"promotionalBanner\">\r\n    <p class=\"promotionalText\">K\u00f5ige t\u00f5husam viis keele \u00f5ppimiseks<\/p>\r\n    <a class=\"promotionalLink\" href=\"https:\/\/app.talkpal.ai\/et\/signup?lng=\">Proovige Talkpal tasuta<\/a>\r\n<\/section>\n<div class=\"wp-block-group pageContainerStyle\"><div class=\"wp-block-group__inner-container is-layout-constrained wp-block-group-is-layout-constrained\">\n<h2 class=\"wp-block-heading\" id=\"h-navigating-the-intricacies-of-lao-grammar\">Laose grammatika keerukuses navigeerimine<\/h2>\n\n\n\n<p><a href=\"https:\/\/talkpal.ai\/et\/oppige-lao-keelt\/\">Lao,<\/a> rikkaliku ajaloo ja kultuurilise t\u00e4htsusega tai-kadai keel, pakub p\u00f5nevat keelelist kogemust neile, kes soovivad uurida selle ainulaadset grammatikas\u00fcsteemi. Laose kuningriiki seikledes ei rikasta te mitte ainult oma keelelist repertuaari, vaid v\u00f5tate omaks ka p\u00f5neva kultuurilise teekonna. Kuigi Laose <a href=\"https:\/\/talkpal.ai\/greek-grammar\/\">grammatika<\/a> v\u00f5ib alguses tunduda v\u00f5\u00f5ras, muudab selle p\u00f5hikomponentideks jagamine keele \u00f5ppimise ligip\u00e4\u00e4setavamaks. Selles artiklis uurime Laose grammatika k\u00fctkestavat maailma ja anname n\u00e4pun\u00e4iteid selle keerukuse valdamiseks.<\/p>\n\n\n\n<h3 class=\"wp-block-heading\" id=\"h-1-lao-alphabet-and-phonetics\">1. Laose t\u00e4hestik ja foneetika<\/h3>\n\n\n\n<p>Laose kirjas kasutatakse 27 kaash\u00e4\u00e4likut\u00e4hte, arvukalt t\u00e4ish\u00e4\u00e4likum\u00e4rke ja nelja toonim\u00e4rki. Lao keel on tonaalne, viie tooniga standardses Vientiane murdes. Laose grammatika \u00f5ppimiseks on \u00fclioluline tutvuda selle omap\u00e4rase kirjas\u00fcsteemiga, harjutades laose keeles lugemist ja kirjutamist.<\/p>\n\n\n\n<h3 class=\"wp-block-heading\" id=\"h-2-tone-system-a-defining-lao-feature\">2. Toonis\u00fcsteem: Laose m\u00e4\u00e4rav omadus<\/h3>\n\n\n\n<p>Laose grammatika \u00fcks silmatorkavamaid aspekte on selle toonis\u00fcsteem. Kaash\u00e4\u00e4likud on r\u00fchmitatud k\u00f5rgetesse, keskmistesse ja madalatesse klassidesse, mis suhtlevad tooni m\u00e4\u00e4ramiseks toonim\u00e4rkide, t\u00e4ish\u00e4\u00e4liku pikkuse ja silbit\u00fc\u00fcbiga. Arusaamine, kuidas kaash\u00e4\u00e4likuklassid ja toonim\u00e4rgid h\u00e4\u00e4ldust kujundavad, on laose keeles t\u00e4pse suhtluse jaoks \u00fclioluline.<\/p>\n\n\n\n<h3 class=\"wp-block-heading\" id=\"h-3-nouns-and-pronouns-classifiers-and-politeness\">3. Nimis\u00f5nad ja ases\u00f5nad: klassifikaatorid ja viisakus<\/h3>\n\n\n\n<p>Laose nimis\u00f5nadel ei ole grammatilist sugu ega k\u00e4\u00e4net ning mitmust v\u00e4ljendatakse tavaliselt s\u00f5nadega nagu &#8220;palju&#8221; v\u00f5i klassifikaatoritega, mitte k\u00e4\u00e4ndega. Laose ases\u00f5nad h\u00f5lmavad isiklikke, omastavaid, refleksiivseid, demonstratiivseid ja k\u00fcsivaid vorme, kusjuures paljud valikud on kujundatud vanuse, staatuse ja viisakuse j\u00e4rgi. Nende ases\u00f5nade, klassifikaatorite ja omastava markeriga &#8220;khong&#8221; tutvumine parandab oluliselt teie arusaamist Laose grammatikast.<\/p>\n\n\n\n<h3 class=\"wp-block-heading\" id=\"h-4-verbs-structure-and-conjugation\">4. Tegus\u00f5nad: struktuur ja konjugatsioon<\/h3>\n\n\n\n<p>Laose verbid ei konjugeeri ajavormi, meeleolu ega isiku jaoks. Aega ja aspekti v\u00e4ljendatakse selliste osakestega nagu &#8220;kamlang&#8221; progressiivse, &#8220;laew&#8221; l\u00f5petatud tegevuste jaoks ja &#8220;si&#8221; tuleviku jaoks. Tingimuslikud ja imperatiivsed t\u00e4hendused moodustuvad osakeste ja kontekstiga. Kui \u00f5pite, kuidas laose keel kasutab osakesi, jadategus\u00f5nu ja kopulasid, nagu &#8220;pliiats&#8221; identiteedi ja &#8220;yu&#8221; asukoha jaoks, parandab teie v\u00f5imet laose keeles t\u00f5husalt suhelda.<\/p>\n\n\n\n<h3 class=\"wp-block-heading\" id=\"h-5-adjectives-agreement-and-placement\">5. Omaduss\u00f5nad: kokkulepe ja paigutus<\/h3>\n\n\n\n<p>Laose grammatikas j\u00e4rgivad omaduss\u00f5nad tavaliselt nimis\u00f5na, mida nad muudavad, ega n\u00f5ustu soo ega arvuga. V\u00f5rdlused ja \u00fcliv\u00f5rded on \u00fcles ehitatud osakestega, nagu &#8220;kwaa&#8221; &#8220;rohkem kui&#8221; ja &#8220;thi sut&#8221; &#8220;k\u00f5ige rohkem&#8221;, mis on loomulikuma suhtlemise \u00f5ppimiseks h\u00e4davajalikud.<\/p>\n\n\n\n<p><strong>N\u00e4ited:<\/strong><\/p>\n\n\n\n<p><strong>\u2013 khw\u0101m hak nyai (suur armastus)<\/strong><\/p>\n\n\n\n<p><strong>\u2013 dek n\u00f2i (v\u00e4ikesed lapsed)<\/strong><\/p>\n\n\n\n<h3 class=\"wp-block-heading\" id=\"h-6-engaging-with-the-language\">6. Keelega tegelemine<\/h3>\n\n\n\n<p>K\u00f5ige t\u00f5husam viis Laose grammatika t\u00e4ielikuks m\u00f5istmiseks ja omaks v\u00f5tmiseks on keelega j\u00e4rjepidevalt tegeleda. Lugedes Laose kirjandust, vaadates Laose filme v\u00f5i telesarju ning suheldes aktiivselt emakeelek\u00f5nelejatega, tugevdate oma arusaamist grammatikast, laiendades samal ajal oma s\u00f5navara.<\/p>\n\n\n\n<h3 class=\"wp-block-heading\" id=\"h-conclusion\">Kokkuv\u00f5te<\/h3>\n\n\n\n<p>Kuigi Laose keele grammatika v\u00f5ib tunduda keeruline, saate seda kaunist keelt valdada p\u00fchendumise, harjutamise ja entusiasmiga. Keskendudes p\u00f5hireeglitele ja tegeledes keelega erinevates kontekstides, parandate kiiresti oma Laose <a href=\"https:\/\/talkpal.ai\/et\/grammatika\/\">keele grammatikaoskusi<\/a>. Sok dii (edu) oma Laose keele teekonnal ja nautige Laose grammatika m\u00f5istatusliku, kuid k\u00fctkestava maailma lahtiharutamist!<\/p>\n<\/div><\/div>\n\r\n<section class=\"learnNavigationSection\">\r\n            \r\n        <a href=\"https:\/\/talkpal.ai\/et\/oppige-lao-keelt\/\">\r\n            <div class=\"learnNavigationWrapper\">\r\n                <div class=\"learnNavigationContent\">\r\n                    <img decoding=\"async\" src=\"https:\/\/talkpal.ai\/wp-content\/uploads\/2025\/11\/Lao-1.png\" alt=\"Laotian Flag\">\r\n                    <div>\r\n                        <h4>Laose \u00f5ppimise kohta<\/h4>\r\n                        <p>Uurige k\u00f5ike Laose grammatika kohta.<\/p>\r\n                    <\/div>\r\n                <\/div>\r\n            <\/div>\r\n        <\/a>\r\n\r\n        \r\n        <a href=\"https:\/\/talkpal.ai\/et\/laose-grammatikaharjutused\/\">\r\n            <div class=\"learnNavigationWrapper\">\r\n                <div class=\"learnNavigationContent\">\r\n                    <img decoding=\"async\" src=\"https:\/\/talkpal.ai\/wp-content\/uploads\/2025\/11\/Lao-1.png\" alt=\"Laotian Flag\">\r\n                    <div>\r\n                        <h4>Laose grammatikaharjutus<\/h4>\r\n                        <p>Harjutage Laose grammatikat.<\/p>\r\n                    <\/div>\r\n                <\/div>\r\n            <\/div>\r\n        <\/a>\r\n\r\n            <\/section>","protected":false},"excerpt":{"rendered":"<p>Laose grammatika keerukuses navigeerimine Lao, rikkaliku ajaloo ja kultuurilise t\u00e4htsusega tai-kadai keel, pakub p\u00f5nevat keelelist kogemust neile, kes soovivad uurida selle ainulaadset grammatikas\u00fcsteemi. Laose kuningriiki seikledes ei rikasta te mitte ainult oma keelelist repertuaari, vaid v\u00f5tate omaks ka p\u00f5neva kultuurilise teekonna. Kuigi Laose grammatika v\u00f5ib alguses tunduda v\u00f5\u00f5ras, muudab selle p\u00f5hikomponentideks jagamine keele \u00f5ppimise ligip\u00e4\u00e4setavamaks. [&hellip;]<\/p>\n","protected":false},"author":20,"featured_media":0,"parent":0,"menu_order":0,"comment_status":"closed","ping_status":"closed","template":"LearningContentPage.php","meta":{"_acf_changed":false,"footnotes":""},"class_list":["post-1475587","page","type-page","status-publish","hentry"],"acf":[],"yoast_head":"<!-- This site is optimized with the Yoast SEO Premium plugin v27.2 (Yoast SEO v27.2) - https:\/\/yoast.com\/product\/yoast-seo-premium-wordpress\/ -->\n<title>Laose grammatika - Talkpal<\/title>\n<meta name=\"description\" content=\"\u00d5ppige lao keele grammatika p\u00f5hit\u00f5desid, sealhulgas toonis\u00fcsteemi ja lauseehitust, et parandada oma keeleoskust Talkpaliga.\" \/>\n<meta name=\"robots\" content=\"index, follow, max-snippet:-1, max-image-preview:large, max-video-preview:-1\" \/>\n<link rel=\"canonical\" href=\"https:\/\/talkpal.ai\/et\/laose-grammatika\/\" \/>\n<meta property=\"og:locale\" content=\"et_EE\" \/>\n<meta property=\"og:type\" content=\"article\" \/>\n<meta property=\"og:title\" content=\"Laose grammatika\" \/>\n<meta property=\"og:description\" content=\"Laose grammatika keerukuses navigeerimine Lao, rikkaliku ajaloo ja kultuurilise t\u00e4htsusega tai-kadai keel, pakub p\u00f5nevat keelelist kogemust neile, kes\" \/>\n<meta property=\"og:url\" content=\"https:\/\/talkpal.ai\/et\/laose-grammatika\/\" \/>\n<meta property=\"og:site_name\" content=\"Talkpal\" \/>\n<meta property=\"article:publisher\" content=\"https:\/\/www.facebook.com\/profile.php?id=100090733639311\" \/>\n<meta property=\"article:modified_time\" content=\"2025-12-30T14:12:52+00:00\" \/>\n<meta property=\"og:image\" content=\"https:\/\/talkpal.ai\/wp-content\/uploads\/2025\/02\/Progress-tab-16_9.png\" \/>\n\t<meta property=\"og:image:width\" content=\"2880\" \/>\n\t<meta property=\"og:image:height\" content=\"1620\" \/>\n\t<meta property=\"og:image:type\" content=\"image\/png\" \/>\n<meta name=\"twitter:card\" content=\"summary_large_image\" \/>\n<meta name=\"twitter:site\" content=\"@talkpalai\" \/>\n<meta name=\"twitter:label1\" content=\"Est. reading time\" \/>\n\t<meta name=\"twitter:data1\" content=\"2 minutit\" \/>\n<script type=\"application\/ld+json\" class=\"yoast-schema-graph\">{\"@context\":\"https:\/\/schema.org\",\"@graph\":[{\"@type\":\"WebPage\",\"@id\":\"https:\/\/talkpal.ai\/et\/laose-grammatika\/\",\"url\":\"https:\/\/talkpal.ai\/et\/laose-grammatika\/\",\"name\":\"Laose grammatika - Talkpal\",\"isPartOf\":{\"@id\":\"https:\/\/talkpal.ai\/et\/#website\"},\"datePublished\":\"2025-11-12T12:14:52+00:00\",\"dateModified\":\"2025-12-30T14:12:52+00:00\",\"description\":\"\u00d5ppige lao keele grammatika p\u00f5hit\u00f5desid, sealhulgas toonis\u00fcsteemi ja lauseehitust, et parandada oma keeleoskust Talkpaliga.\",\"breadcrumb\":{\"@id\":\"https:\/\/talkpal.ai\/et\/laose-grammatika\/#breadcrumb\"},\"inLanguage\":\"et\",\"potentialAction\":[{\"@type\":\"ReadAction\",\"target\":[\"https:\/\/talkpal.ai\/et\/laose-grammatika\/\"]}]},{\"@type\":\"BreadcrumbList\",\"@id\":\"https:\/\/talkpal.ai\/et\/laose-grammatika\/#breadcrumb\",\"itemListElement\":[{\"@type\":\"ListItem\",\"position\":1,\"name\":\"Homepage\",\"item\":\"https:\/\/talkpal.ai\/et\/\"},{\"@type\":\"ListItem\",\"position\":2,\"name\":\"Laose grammatika\"}]},{\"@type\":\"WebSite\",\"@id\":\"https:\/\/talkpal.ai\/et\/#website\",\"url\":\"https:\/\/talkpal.ai\/et\/\",\"name\":\"Talkpal\",\"description\":\"AI Language Learning\",\"publisher\":{\"@id\":\"https:\/\/talkpal.ai\/et\/#organization\"},\"alternateName\":\"Talkpal AI\",\"potentialAction\":[{\"@type\":\"SearchAction\",\"target\":{\"@type\":\"EntryPoint\",\"urlTemplate\":\"https:\/\/talkpal.ai\/et\/?s={search_term_string}\"},\"query-input\":{\"@type\":\"PropertyValueSpecification\",\"valueRequired\":true,\"valueName\":\"search_term_string\"}}],\"inLanguage\":\"et\"},{\"@type\":\"Organization\",\"@id\":\"https:\/\/talkpal.ai\/et\/#organization\",\"name\":\"Talkpal, Inc.\",\"alternateName\":\"Talkpal AI\",\"url\":\"https:\/\/talkpal.ai\/et\/\",\"logo\":{\"@type\":\"ImageObject\",\"inLanguage\":\"et\",\"@id\":\"https:\/\/talkpal.ai\/et\/#\/schema\/logo\/image\/\",\"url\":\"https:\/\/talkpal.ai\/wp-content\/uploads\/2024\/03\/Talkpal-Logo-Icon.png\",\"contentUrl\":\"https:\/\/talkpal.ai\/wp-content\/uploads\/2024\/03\/Talkpal-Logo-Icon.png\",\"width\":2880,\"height\":2880,\"caption\":\"Talkpal, Inc.\"},\"image\":{\"@id\":\"https:\/\/talkpal.ai\/et\/#\/schema\/logo\/image\/\"},\"sameAs\":[\"https:\/\/www.facebook.com\/profile.php?id=100090733639311\",\"https:\/\/x.com\/talkpalai\",\"https:\/\/www.linkedin.com\/company\/talkpal\/\",\"https:\/\/www.youtube.com\/@TalkPal\/\",\"https:\/\/www.tiktok.com\/@talkpal\",\"https:\/\/www.instagram.com\/talkpal_ai\/\",\"https:\/\/www.crunchbase.com\/organization\/talkpal-9cde\",\"https:\/\/www.g2.com\/products\/talkpal-for-business\/\",\"https:\/\/www.trustpilot.com\/review\/talkpal.ai\",\"https:\/\/www.capterra.com\/p\/10006800\/TalkPal\/\"],\"description\":\"Talkpal is a language learning web and mobile education app, powered by the latest AI technologies, that provides engaging experiences to its customers in many different languages to help them improve their language skills. Users can chat about unlimited amount of topics with the app and use other modes to practice their language learning.\",\"email\":\"support@talkpal.ai\",\"legalName\":\"Talkpal, Inc.\",\"foundingDate\":\"2023-04-03\",\"duns\":\"118989042\",\"numberOfEmployees\":{\"@type\":\"QuantitativeValue\",\"minValue\":\"11\",\"maxValue\":\"50\"},\"publishingPrinciples\":\"https:\/\/talkpal.ai\/publishing-principles\/\",\"actionableFeedbackPolicy\":\"https:\/\/talkpal.ai\/actionable-feedback-policy\/\",\"correctionsPolicy\":\"https:\/\/talkpal.ai\/corrections-policy\/\",\"ethicsPolicy\":\"https:\/\/talkpal.ai\/ethics-policy\/\",\"diversityPolicy\":\"https:\/\/talkpal.ai\/diversity-policy\/\",\"diversityStaffingReport\":\"https:\/\/talkpal.ai\/diversity-policy\/\"}]}<\/script>\n<!-- \/ Yoast SEO Premium plugin. -->","yoast_head_json":{"title":"Laose grammatika - Talkpal","description":"\u00d5ppige lao keele grammatika p\u00f5hit\u00f5desid, sealhulgas toonis\u00fcsteemi ja lauseehitust, et parandada oma keeleoskust Talkpaliga.","robots":{"index":"index","follow":"follow","max-snippet":"max-snippet:-1","max-image-preview":"max-image-preview:large","max-video-preview":"max-video-preview:-1"},"canonical":"https:\/\/talkpal.ai\/et\/laose-grammatika\/","og_locale":"et_EE","og_type":"article","og_title":"Laose grammatika","og_description":"Laose grammatika keerukuses navigeerimine Lao, rikkaliku ajaloo ja kultuurilise t\u00e4htsusega tai-kadai keel, pakub p\u00f5nevat keelelist kogemust neile, kes","og_url":"https:\/\/talkpal.ai\/et\/laose-grammatika\/","og_site_name":"Talkpal","article_publisher":"https:\/\/www.facebook.com\/profile.php?id=100090733639311","article_modified_time":"2025-12-30T14:12:52+00:00","og_image":[{"width":2880,"height":1620,"url":"https:\/\/talkpal.ai\/wp-content\/uploads\/2025\/02\/Progress-tab-16_9.png","type":"image\/png"}],"twitter_card":"summary_large_image","twitter_site":"@talkpalai","twitter_misc":{"Est. reading time":"2 minutit"},"schema":{"@context":"https:\/\/schema.org","@graph":[{"@type":"WebPage","@id":"https:\/\/talkpal.ai\/et\/laose-grammatika\/","url":"https:\/\/talkpal.ai\/et\/laose-grammatika\/","name":"Laose grammatika - Talkpal","isPartOf":{"@id":"https:\/\/talkpal.ai\/et\/#website"},"datePublished":"2025-11-12T12:14:52+00:00","dateModified":"2025-12-30T14:12:52+00:00","description":"\u00d5ppige lao keele grammatika p\u00f5hit\u00f5desid, sealhulgas toonis\u00fcsteemi ja lauseehitust, et parandada oma keeleoskust Talkpaliga.","breadcrumb":{"@id":"https:\/\/talkpal.ai\/et\/laose-grammatika\/#breadcrumb"},"inLanguage":"et","potentialAction":[{"@type":"ReadAction","target":["https:\/\/talkpal.ai\/et\/laose-grammatika\/"]}]},{"@type":"BreadcrumbList","@id":"https:\/\/talkpal.ai\/et\/laose-grammatika\/#breadcrumb","itemListElement":[{"@type":"ListItem","position":1,"name":"Homepage","item":"https:\/\/talkpal.ai\/et\/"},{"@type":"ListItem","position":2,"name":"Laose grammatika"}]},{"@type":"WebSite","@id":"https:\/\/talkpal.ai\/et\/#website","url":"https:\/\/talkpal.ai\/et\/","name":"Talkpal","description":"AI Language Learning","publisher":{"@id":"https:\/\/talkpal.ai\/et\/#organization"},"alternateName":"Talkpal AI","potentialAction":[{"@type":"SearchAction","target":{"@type":"EntryPoint","urlTemplate":"https:\/\/talkpal.ai\/et\/?s={search_term_string}"},"query-input":{"@type":"PropertyValueSpecification","valueRequired":true,"valueName":"search_term_string"}}],"inLanguage":"et"},{"@type":"Organization","@id":"https:\/\/talkpal.ai\/et\/#organization","name":"Talkpal, Inc.","alternateName":"Talkpal AI","url":"https:\/\/talkpal.ai\/et\/","logo":{"@type":"ImageObject","inLanguage":"et","@id":"https:\/\/talkpal.ai\/et\/#\/schema\/logo\/image\/","url":"https:\/\/talkpal.ai\/wp-content\/uploads\/2024\/03\/Talkpal-Logo-Icon.png","contentUrl":"https:\/\/talkpal.ai\/wp-content\/uploads\/2024\/03\/Talkpal-Logo-Icon.png","width":2880,"height":2880,"caption":"Talkpal, Inc."},"image":{"@id":"https:\/\/talkpal.ai\/et\/#\/schema\/logo\/image\/"},"sameAs":["https:\/\/www.facebook.com\/profile.php?id=100090733639311","https:\/\/x.com\/talkpalai","https:\/\/www.linkedin.com\/company\/talkpal\/","https:\/\/www.youtube.com\/@TalkPal\/","https:\/\/www.tiktok.com\/@talkpal","https:\/\/www.instagram.com\/talkpal_ai\/","https:\/\/www.crunchbase.com\/organization\/talkpal-9cde","https:\/\/www.g2.com\/products\/talkpal-for-business\/","https:\/\/www.trustpilot.com\/review\/talkpal.ai","https:\/\/www.capterra.com\/p\/10006800\/TalkPal\/"],"description":"Talkpal is a language learning web and mobile education app, powered by the latest AI technologies, that provides engaging experiences to its customers in many different languages to help them improve their language skills. Users can chat about unlimited amount of topics with the app and use other modes to practice their language learning.","email":"support@talkpal.ai","legalName":"Talkpal, Inc.","foundingDate":"2023-04-03","duns":"118989042","numberOfEmployees":{"@type":"QuantitativeValue","minValue":"11","maxValue":"50"},"publishingPrinciples":"https:\/\/talkpal.ai\/publishing-principles\/","actionableFeedbackPolicy":"https:\/\/talkpal.ai\/actionable-feedback-policy\/","correctionsPolicy":"https:\/\/talkpal.ai\/corrections-policy\/","ethicsPolicy":"https:\/\/talkpal.ai\/ethics-policy\/","diversityPolicy":"https:\/\/talkpal.ai\/diversity-policy\/","diversityStaffingReport":"https:\/\/talkpal.ai\/diversity-policy\/"}]}},"_links":{"self":[{"href":"https:\/\/talkpal.ai\/et\/wp-json\/wp\/v2\/pages\/1475587","targetHints":{"allow":["GET"]}}],"collection":[{"href":"https:\/\/talkpal.ai\/et\/wp-json\/wp\/v2\/pages"}],"about":[{"href":"https:\/\/talkpal.ai\/et\/wp-json\/wp\/v2\/types\/page"}],"author":[{"embeddable":true,"href":"https:\/\/talkpal.ai\/et\/wp-json\/wp\/v2\/users\/20"}],"replies":[{"embeddable":true,"href":"https:\/\/talkpal.ai\/et\/wp-json\/wp\/v2\/comments?post=1475587"}],"version-history":[{"count":0,"href":"https:\/\/talkpal.ai\/et\/wp-json\/wp\/v2\/pages\/1475587\/revisions"}],"wp:attachment":[{"href":"https:\/\/talkpal.ai\/et\/wp-json\/wp\/v2\/media?parent=1475587"}],"curies":[{"name":"wp","href":"https:\/\/api.w.org\/{rel}","templated":true}]}}