{"id":1475527,"date":"2025-11-12T10:09:38","date_gmt":"2025-11-12T10:09:38","guid":{"rendered":"https:\/\/talkpal.ai\/jaava-keele-grammatika\/"},"modified":"2025-12-30T15:03:11","modified_gmt":"2025-12-30T15:03:11","slug":"jaava-keele-grammatika","status":"publish","type":"page","link":"https:\/\/talkpal.ai\/et\/jaava-keele-grammatika\/","title":{"rendered":"Jaava keele grammatika"},"content":{"rendered":"\r\n\r\n\r\n<section class=\"languageChallengeSection\">\r\n    <div class=\"languageInfoWrapper\">\r\n        \r\n        <h1>Jaava keele grammatika<\/h1>\r\n        <p><a href=\"https:\/\/talkpal.ai\/javanese-grammar\/\">Jaava keele grammatika<\/a> v\u00f5ib alguses tunduda keeruline, kuid selle ainulaadsed omadused muudavad keele \u00f5ppimise rahuldust pakkuvaks kogemuseks. Uurides selle t\u00e4hestikku, mutatsioone ja grammatikareegleid, saate \u00fclevaate rikkalikust keeletraditsioonist. Alustage oma teekonda ja avastage jaava ilu!<\/p>\r\n\r\n                            <a class=\"getStartedHidden\" href=\"https:\/\/app.talkpal.ai\/et\/signup?lng=\">Alusta<\/a>\r\n        \r\n    <\/div>\r\n\r\n    <figure>\r\n    <img decoding=\"async\" width=\"768\" height=\"768\" src=\"https:\/\/talkpal.ai\/wp-content\/uploads\/2023\/06\/welsh-768x768.png\" class=\"languageImage no-lazy\" alt=\"Language learning for better cognitive abilities\" fetchpriority=\"high\" sizes=\"(max-width: 768px) 150px, 768px\" srcset=\"https:\/\/talkpal.ai\/wp-content\/uploads\/2023\/06\/welsh-768x768.png 768w, https:\/\/talkpal.ai\/wp-content\/uploads\/2023\/06\/welsh-300x300.png 300w\" \/>\r\n    \r\n\r\n    <\/figure>\r\n\r\n            <a class=\"getStartedVisible\" href=\"https:\/\/app.talkpal.ai\/et\/signup?lng=\">Alusta<\/a>\r\n    \r\n<\/section><section class=\"promotionalBanner\">\r\n    <p class=\"promotionalText\">K\u00f5ige t\u00f5husam viis keele \u00f5ppimiseks<\/p>\r\n    <a class=\"promotionalLink\" href=\"https:\/\/app.talkpal.ai\/et\/signup?lng=\">Proovige Talkpal tasuta<\/a>\r\n<\/section>\n<div class=\"wp-block-group pageContainerStyle\"><div class=\"wp-block-group__inner-container is-layout-constrained wp-block-group-is-layout-constrained\">\n<h2 class=\"wp-block-heading\" id=\"h-navigating-the-intricacies-of-javanese-grammar\">Jaava keele grammatika keerukuses navigeerimine<\/h2>\n\n\n\n<p>Rikkaliku ajaloo ja kultuurilise t\u00e4htsusega austroneesia keel <a href=\"https:\/\/talkpal.ai\/et\/oppige-jaava-keelt\/\">jaava keel<\/a> pakub p\u00f5nevat keelelist kogemust neile, kes soovivad uurida selle ainulaadset grammatikas\u00fcsteemi. Jaava keele valdkonda sisenedes ei rikasta te mitte ainult oma keelelist repertuaari, vaid v\u00f5tate omaks ka p\u00f5neva kultuurilise teekonna. Kuigi <a href=\"https:\/\/talkpal.ai\/javanese-grammar\/\">jaava keele grammatika<\/a> v\u00f5ib alguses tunduda keeruline, muudab selle p\u00f5hikomponentideks jaotamine keele \u00f5ppimise ligip\u00e4\u00e4setavamaks. Selles artiklis uurime jaava keele <a href=\"https:\/\/talkpal.ai\/greek-grammar\/\">grammatika<\/a> k\u00fctkestavat maailma ja anname n\u00e4pun\u00e4iteid, kuidas selle keerukusega toime tulla.<\/p>\n\n\n\n<h3 class=\"wp-block-heading\" id=\"h-1-javanese-alphabet-and-phonetics\">1. Jaava t\u00e4hestik ja foneetika<\/h3>\n\n\n\n<p>Jaava keelt kirjutatakse t\u00e4nap\u00e4eval tavaliselt ladina t\u00e4hestikuga, kuigi sellel on ka <a href=\"https:\/\/talkpal.ai\/will-ai-kill-traditional-language-learning\/\">traditsiooniline<\/a> kiri, mida tuntakse Aksara Jawa v\u00f5i Hanacaraka nime all. Jaava keele grammatika \u00f5ppimiseks on \u00fclioluline tutvuda nii kaasaegse ladina keelel p\u00f5hineva ortograafia kui ka traditsioonilise kirjaga. Peamised foneetilised tunnused h\u00f5lmavad e \/\u0259\/ ja \u00e9 \/e\/ eristamist, velaarset nasaalset ng ja palataalset <a href=\"https:\/\/talkpal.ai\/talkpal-new-years-discount\/\">ny<\/a> ning glottaalset peatust, mis v\u00f5ib m\u00f5nes murdes esile kerkida. Lugemise ja kirjutamise harjutamine m\u00f5lemas s\u00fcsteemis loob grammatikale tugeva aluse.<\/p>\n\n\n\n<h3 class=\"wp-block-heading\" id=\"h-2-nouns-and-pronouns-number-and-levels\">2. Nimis\u00f5nad ja ases\u00f5nad: arv ja tasemed<\/h3>\n\n\n\n<p>\u00dcks jaava keele silmatorkav aspekt on viis, kuidas teatud eesliited k\u00e4ivitavad muudatusi s\u00f5na algkonsonandis. Nasaalne verbaalne eesliide N- p\u00f5hjustab vaheldumisi, nagu p muutumine m, t muutumine n-ks, k muutumine ng-ks ja s muutumine ny-ks. Jaava keele t\u00e4pseks suhtlemiseks on oluline m\u00f5ista, millal ja kuidas need vaheldumised toimuvad. N\u00e4ideteks on pangan manganiks, tulis nuliks, gawe nggaweks ja sapu nyapuks.<\/p>\n\n\n\n<h3 class=\"wp-block-heading\" id=\"h-3-nouns-and-pronouns-gender-and-cases\">3. Nimis\u00f5nad ja ases\u00f5nad: sugu ja juhtumid<\/h3>\n\n\n\n<p>Jaava nimis\u00f5nadel ei ole grammatilist sugu ega k\u00e4\u00e4net. Mitmus on sageli valikuline ja seda saab v\u00e4ljendada redubleerimise v\u00f5i lugupidamise ja kollektiivide partiklitega, n\u00e4iteks bocah-bocah lastele ja para lugupidavale inimeste mitmusele. Ases\u00f5nad varieeruvad k\u00f5netaseme j\u00e4rgi, mis on jaava keeles keskne: ngoko vormid nagu aku, kowe, dheweke ja krama vormid nagu <a href=\"https:\/\/talkpal.ai\/locations\/language-courses-in-kula\/\">kula<\/a>, panjenengan, piyambakipun. Valdust saab t\u00e4histada enklitikatega, nagu -ku, -mu ja -e, ning demonstratiivide hulka kuuluvad iki this ja iku that.<\/p>\n\n\n\n<h3 class=\"wp-block-heading\" id=\"h-4-verbs-structure-and-conjugation\">4. Tegus\u00f5nad: struktuur ja konjugatsioon<\/h3>\n\n\n\n<p>Jaava verbid ei konjugeeri isiku ega ajavormi jaoks. Selle asemel v\u00e4ljendatakse aspekti, meeleolu ja aega osakeste ja abivahendite kaudu, nagu wis juba, durung <a href=\"https:\/\/talkpal.ai\/culture\/how-do-you-say-not-yet-in-estonian\/\">veel mitte<\/a>, lagi pooleli, arep v\u00f5i bakal tuleviku v\u00f5i kavatsuse jaoks. H\u00e4\u00e4lt ja valentsi k\u00e4sitletakse morfoloogiaga, sealhulgas aktiivse nina eesliide N-, passiivne di- ja formaalsemas v\u00f5i kirjanduslikumas kontekstis ka-. Proklitika nagu tak- v\u00f5ib m\u00f5nes stiilis t\u00e4histada esimese isiku agenti. Nende mustrite valdamine parandab teie v\u00f5imet jaava keeles t\u00f5husalt suhelda.<\/p>\n\n\n\n<h3 class=\"wp-block-heading\" id=\"h-5-adjectives-agreement-and-placement\">5. Omaduss\u00f5nad: kokkulepe ja paigutus<\/h3>\n\n\n\n<p>Jaava grammatikas j\u00e4rgivad omaduss\u00f5nad tavaliselt nimis\u00f5na, mida nad muudavad, ega \u00fchti arvu ega soo poolest. V\u00f5rdlevad ja \u00fcliv\u00f5rdes t\u00e4hendused moodustuvad tavaliselt luwih more ja kahvatuvad k\u00f5ige rohkem, sageli saka kui v\u00f5rdluse t\u00e4histamiseks. Duplikatsioon v\u00f5i v\u00f5imendajad, nagu banget v\u00e4ga, v\u00f5ivad n\u00fcansse lisada.<\/p>\n\n\n\n<p><strong>N\u00e4ited:<\/strong><\/p>\n\n\n\n<p><strong>\u2013 Tresna Gedhe (suur armastus)<\/strong><\/p>\n\n\n\n<p><strong>\u2013 Bocah-Bocah cilik (v\u00e4ikesed lapsed)<\/strong><\/p>\n\n\n\n<h3 class=\"wp-block-heading\" id=\"h-6-engaging-with-the-language\">6. Keelega tegelemine<\/h3>\n\n\n\n<p>K\u00f5ige t\u00f5husam viis jaava keele grammatika t\u00e4ielikuks m\u00f5istmiseks ja sisestamiseks on keelega j\u00e4rjepidevalt tegeleda. Lugedes jaava kirjandust ja laulutekste, vaadates wayang kulitit v\u00f5i kaasaegset jaava meediat, kuulates tembang macapati ja suheldes aktiivselt emakeelek\u00f5nelejatega erinevates registrites, tugevdate oma arusaamist grammatikast, laiendades samal ajal oma s\u00f5navara.<\/p>\n\n\n\n<h3 class=\"wp-block-heading\" id=\"h-conclusion\">Kokkuv\u00f5te<\/h3>\n\n\n\n<p>Kuigi jaava keele grammatika v\u00f5ib tunduda keeruline, saate seda kaunist keelt valdada p\u00fchendumise, harjutamise ja entusiasmiga. Keskendudes p\u00f5hireeglitele ja tegeledes keelega erinevates kontekstides, parandate kiiresti oma jaava keele <a href=\"https:\/\/talkpal.ai\/et\/grammatika\/\">grammatikaoskusi<\/a>. Muga-muga sukses (edu) oma jaava keele teekonnal ja nautige jaava keele grammatika m\u00f5istatusliku, kuid k\u00fctkestava maailma lahtiharutamist!<\/p>\n<\/div><\/div>\n\r\n<section class=\"learnNavigationSection\">\r\n            \r\n        <a href=\"https:\/\/talkpal.ai\/et\/oppige-jaava-keelt\/\">\r\n            <div class=\"learnNavigationWrapper\">\r\n                <div class=\"learnNavigationContent\">\r\n                    <img decoding=\"async\" src=\"https:\/\/talkpal.ai\/wp-content\/uploads\/2025\/11\/Javanese.png\" alt=\"Indonesian Flag\">\r\n                    <div>\r\n                        <h4>Jaava keele \u00f5ppimise kohta<\/h4>\r\n                        <p>Uurige k\u00f5ike jaava keele grammatika kohta.<\/p>\r\n                    <\/div>\r\n                <\/div>\r\n            <\/div>\r\n        <\/a>\r\n\r\n        \r\n        <a href=\"https:\/\/talkpal.ai\/et\/jaava-keele-grammatikaharjutused\/\">\r\n            <div class=\"learnNavigationWrapper\">\r\n                <div class=\"learnNavigationContent\">\r\n                    <img decoding=\"async\" src=\"https:\/\/talkpal.ai\/wp-content\/uploads\/2025\/11\/Javanese.png\" alt=\"Indonesian Flag\">\r\n                    <div>\r\n                        <h4>Jaava keele grammatikaharjutus<\/h4>\r\n                        <p>Harjutage jaava keele grammatikat.<\/p>\r\n                    <\/div>\r\n                <\/div>\r\n            <\/div>\r\n        <\/a>\r\n\r\n            <\/section>","protected":false},"excerpt":{"rendered":"<p>Jaava keele grammatika keerukuses navigeerimine Rikkaliku ajaloo ja kultuurilise t\u00e4htsusega austroneesia keel jaava keel pakub p\u00f5nevat keelelist kogemust neile, kes soovivad uurida selle ainulaadset grammatikas\u00fcsteemi. Jaava keele valdkonda sisenedes ei rikasta te mitte ainult oma keelelist repertuaari, vaid v\u00f5tate omaks ka p\u00f5neva kultuurilise teekonna. Kuigi jaava keele grammatika v\u00f5ib alguses tunduda keeruline, muudab selle p\u00f5hikomponentideks [&hellip;]<\/p>\n","protected":false},"author":20,"featured_media":0,"parent":0,"menu_order":0,"comment_status":"closed","ping_status":"closed","template":"LearningContentPage.php","meta":{"_acf_changed":false,"footnotes":""},"class_list":["post-1475527","page","type-page","status-publish","hentry"],"acf":[],"yoast_head":"<!-- This site is optimized with the Yoast SEO Premium plugin v27.2 (Yoast SEO v27.2) - https:\/\/yoast.com\/product\/yoast-seo-premium-wordpress\/ -->\n<title>Jaava keele grammatika - Talkpal<\/title>\n<meta name=\"description\" content=\"\u00d5ppige jaapani keele grammatikareeglid ja lausekonstruktsioonid kiiresti \u00e4ra meie p\u00f5hjaliku juhendi abil, mis on m\u00f5eldud t\u00f5husaks keele\u00f5ppeks.\" \/>\n<meta name=\"robots\" content=\"index, follow, max-snippet:-1, max-image-preview:large, max-video-preview:-1\" \/>\n<link rel=\"canonical\" href=\"https:\/\/talkpal.ai\/et\/jaava-keele-grammatika\/\" \/>\n<meta property=\"og:locale\" content=\"et_EE\" \/>\n<meta property=\"og:type\" content=\"article\" \/>\n<meta property=\"og:title\" content=\"Jaava keele grammatika\" \/>\n<meta property=\"og:description\" content=\"Jaava keele grammatika keerukuses navigeerimine Rikkaliku ajaloo ja kultuurilise t\u00e4htsusega austroneesia keel jaava keel pakub p\u00f5nevat keelelist kogemust\" \/>\n<meta property=\"og:url\" content=\"https:\/\/talkpal.ai\/et\/jaava-keele-grammatika\/\" \/>\n<meta property=\"og:site_name\" content=\"Talkpal\" \/>\n<meta property=\"article:publisher\" content=\"https:\/\/www.facebook.com\/profile.php?id=100090733639311\" \/>\n<meta property=\"article:modified_time\" content=\"2025-12-30T15:03:11+00:00\" \/>\n<meta property=\"og:image\" content=\"https:\/\/talkpal.ai\/wp-content\/uploads\/2025\/02\/Progress-tab-16_9.png\" \/>\n\t<meta property=\"og:image:width\" content=\"2880\" \/>\n\t<meta property=\"og:image:height\" content=\"1620\" \/>\n\t<meta property=\"og:image:type\" content=\"image\/png\" \/>\n<meta name=\"twitter:card\" content=\"summary_large_image\" \/>\n<meta name=\"twitter:site\" content=\"@talkpalai\" \/>\n<meta name=\"twitter:label1\" content=\"Est. reading time\" \/>\n\t<meta name=\"twitter:data1\" content=\"3 minutit\" \/>\n<script type=\"application\/ld+json\" class=\"yoast-schema-graph\">{\"@context\":\"https:\/\/schema.org\",\"@graph\":[{\"@type\":\"WebPage\",\"@id\":\"https:\/\/talkpal.ai\/et\/jaava-keele-grammatika\/\",\"url\":\"https:\/\/talkpal.ai\/et\/jaava-keele-grammatika\/\",\"name\":\"Jaava keele grammatika - Talkpal\",\"isPartOf\":{\"@id\":\"https:\/\/talkpal.ai\/et\/#website\"},\"datePublished\":\"2025-11-12T10:09:38+00:00\",\"dateModified\":\"2025-12-30T15:03:11+00:00\",\"description\":\"\u00d5ppige jaapani keele grammatikareeglid ja lausekonstruktsioonid kiiresti \u00e4ra meie p\u00f5hjaliku juhendi abil, mis on m\u00f5eldud t\u00f5husaks keele\u00f5ppeks.\",\"breadcrumb\":{\"@id\":\"https:\/\/talkpal.ai\/et\/jaava-keele-grammatika\/#breadcrumb\"},\"inLanguage\":\"et\",\"potentialAction\":[{\"@type\":\"ReadAction\",\"target\":[\"https:\/\/talkpal.ai\/et\/jaava-keele-grammatika\/\"]}]},{\"@type\":\"BreadcrumbList\",\"@id\":\"https:\/\/talkpal.ai\/et\/jaava-keele-grammatika\/#breadcrumb\",\"itemListElement\":[{\"@type\":\"ListItem\",\"position\":1,\"name\":\"Homepage\",\"item\":\"https:\/\/talkpal.ai\/et\/\"},{\"@type\":\"ListItem\",\"position\":2,\"name\":\"Jaava keele grammatika\"}]},{\"@type\":\"WebSite\",\"@id\":\"https:\/\/talkpal.ai\/et\/#website\",\"url\":\"https:\/\/talkpal.ai\/et\/\",\"name\":\"Talkpal\",\"description\":\"AI Language Learning\",\"publisher\":{\"@id\":\"https:\/\/talkpal.ai\/et\/#organization\"},\"alternateName\":\"Talkpal AI\",\"potentialAction\":[{\"@type\":\"SearchAction\",\"target\":{\"@type\":\"EntryPoint\",\"urlTemplate\":\"https:\/\/talkpal.ai\/et\/?s={search_term_string}\"},\"query-input\":{\"@type\":\"PropertyValueSpecification\",\"valueRequired\":true,\"valueName\":\"search_term_string\"}}],\"inLanguage\":\"et\"},{\"@type\":\"Organization\",\"@id\":\"https:\/\/talkpal.ai\/et\/#organization\",\"name\":\"Talkpal, Inc.\",\"alternateName\":\"Talkpal AI\",\"url\":\"https:\/\/talkpal.ai\/et\/\",\"logo\":{\"@type\":\"ImageObject\",\"inLanguage\":\"et\",\"@id\":\"https:\/\/talkpal.ai\/et\/#\/schema\/logo\/image\/\",\"url\":\"https:\/\/talkpal.ai\/wp-content\/uploads\/2024\/03\/Talkpal-Logo-Icon.png\",\"contentUrl\":\"https:\/\/talkpal.ai\/wp-content\/uploads\/2024\/03\/Talkpal-Logo-Icon.png\",\"width\":2880,\"height\":2880,\"caption\":\"Talkpal, Inc.\"},\"image\":{\"@id\":\"https:\/\/talkpal.ai\/et\/#\/schema\/logo\/image\/\"},\"sameAs\":[\"https:\/\/www.facebook.com\/profile.php?id=100090733639311\",\"https:\/\/x.com\/talkpalai\",\"https:\/\/www.linkedin.com\/company\/talkpal\/\",\"https:\/\/www.youtube.com\/@TalkPal\/\",\"https:\/\/www.tiktok.com\/@talkpal\",\"https:\/\/www.instagram.com\/talkpal_ai\/\",\"https:\/\/www.crunchbase.com\/organization\/talkpal-9cde\",\"https:\/\/www.g2.com\/products\/talkpal-for-business\/\",\"https:\/\/www.trustpilot.com\/review\/talkpal.ai\",\"https:\/\/www.capterra.com\/p\/10006800\/TalkPal\/\"],\"description\":\"Talkpal is a language learning web and mobile education app, powered by the latest AI technologies, that provides engaging experiences to its customers in many different languages to help them improve their language skills. Users can chat about unlimited amount of topics with the app and use other modes to practice their language learning.\",\"email\":\"support@talkpal.ai\",\"legalName\":\"Talkpal, Inc.\",\"foundingDate\":\"2023-04-03\",\"duns\":\"118989042\",\"numberOfEmployees\":{\"@type\":\"QuantitativeValue\",\"minValue\":\"11\",\"maxValue\":\"50\"},\"publishingPrinciples\":\"https:\/\/talkpal.ai\/publishing-principles\/\",\"actionableFeedbackPolicy\":\"https:\/\/talkpal.ai\/actionable-feedback-policy\/\",\"correctionsPolicy\":\"https:\/\/talkpal.ai\/corrections-policy\/\",\"ethicsPolicy\":\"https:\/\/talkpal.ai\/ethics-policy\/\",\"diversityPolicy\":\"https:\/\/talkpal.ai\/diversity-policy\/\",\"diversityStaffingReport\":\"https:\/\/talkpal.ai\/diversity-policy\/\"}]}<\/script>\n<!-- \/ Yoast SEO Premium plugin. -->","yoast_head_json":{"title":"Jaava keele grammatika - Talkpal","description":"\u00d5ppige jaapani keele grammatikareeglid ja lausekonstruktsioonid kiiresti \u00e4ra meie p\u00f5hjaliku juhendi abil, mis on m\u00f5eldud t\u00f5husaks keele\u00f5ppeks.","robots":{"index":"index","follow":"follow","max-snippet":"max-snippet:-1","max-image-preview":"max-image-preview:large","max-video-preview":"max-video-preview:-1"},"canonical":"https:\/\/talkpal.ai\/et\/jaava-keele-grammatika\/","og_locale":"et_EE","og_type":"article","og_title":"Jaava keele grammatika","og_description":"Jaava keele grammatika keerukuses navigeerimine Rikkaliku ajaloo ja kultuurilise t\u00e4htsusega austroneesia keel jaava keel pakub p\u00f5nevat keelelist kogemust","og_url":"https:\/\/talkpal.ai\/et\/jaava-keele-grammatika\/","og_site_name":"Talkpal","article_publisher":"https:\/\/www.facebook.com\/profile.php?id=100090733639311","article_modified_time":"2025-12-30T15:03:11+00:00","og_image":[{"width":2880,"height":1620,"url":"https:\/\/talkpal.ai\/wp-content\/uploads\/2025\/02\/Progress-tab-16_9.png","type":"image\/png"}],"twitter_card":"summary_large_image","twitter_site":"@talkpalai","twitter_misc":{"Est. reading time":"3 minutit"},"schema":{"@context":"https:\/\/schema.org","@graph":[{"@type":"WebPage","@id":"https:\/\/talkpal.ai\/et\/jaava-keele-grammatika\/","url":"https:\/\/talkpal.ai\/et\/jaava-keele-grammatika\/","name":"Jaava keele grammatika - Talkpal","isPartOf":{"@id":"https:\/\/talkpal.ai\/et\/#website"},"datePublished":"2025-11-12T10:09:38+00:00","dateModified":"2025-12-30T15:03:11+00:00","description":"\u00d5ppige jaapani keele grammatikareeglid ja lausekonstruktsioonid kiiresti \u00e4ra meie p\u00f5hjaliku juhendi abil, mis on m\u00f5eldud t\u00f5husaks keele\u00f5ppeks.","breadcrumb":{"@id":"https:\/\/talkpal.ai\/et\/jaava-keele-grammatika\/#breadcrumb"},"inLanguage":"et","potentialAction":[{"@type":"ReadAction","target":["https:\/\/talkpal.ai\/et\/jaava-keele-grammatika\/"]}]},{"@type":"BreadcrumbList","@id":"https:\/\/talkpal.ai\/et\/jaava-keele-grammatika\/#breadcrumb","itemListElement":[{"@type":"ListItem","position":1,"name":"Homepage","item":"https:\/\/talkpal.ai\/et\/"},{"@type":"ListItem","position":2,"name":"Jaava keele grammatika"}]},{"@type":"WebSite","@id":"https:\/\/talkpal.ai\/et\/#website","url":"https:\/\/talkpal.ai\/et\/","name":"Talkpal","description":"AI Language Learning","publisher":{"@id":"https:\/\/talkpal.ai\/et\/#organization"},"alternateName":"Talkpal AI","potentialAction":[{"@type":"SearchAction","target":{"@type":"EntryPoint","urlTemplate":"https:\/\/talkpal.ai\/et\/?s={search_term_string}"},"query-input":{"@type":"PropertyValueSpecification","valueRequired":true,"valueName":"search_term_string"}}],"inLanguage":"et"},{"@type":"Organization","@id":"https:\/\/talkpal.ai\/et\/#organization","name":"Talkpal, Inc.","alternateName":"Talkpal AI","url":"https:\/\/talkpal.ai\/et\/","logo":{"@type":"ImageObject","inLanguage":"et","@id":"https:\/\/talkpal.ai\/et\/#\/schema\/logo\/image\/","url":"https:\/\/talkpal.ai\/wp-content\/uploads\/2024\/03\/Talkpal-Logo-Icon.png","contentUrl":"https:\/\/talkpal.ai\/wp-content\/uploads\/2024\/03\/Talkpal-Logo-Icon.png","width":2880,"height":2880,"caption":"Talkpal, Inc."},"image":{"@id":"https:\/\/talkpal.ai\/et\/#\/schema\/logo\/image\/"},"sameAs":["https:\/\/www.facebook.com\/profile.php?id=100090733639311","https:\/\/x.com\/talkpalai","https:\/\/www.linkedin.com\/company\/talkpal\/","https:\/\/www.youtube.com\/@TalkPal\/","https:\/\/www.tiktok.com\/@talkpal","https:\/\/www.instagram.com\/talkpal_ai\/","https:\/\/www.crunchbase.com\/organization\/talkpal-9cde","https:\/\/www.g2.com\/products\/talkpal-for-business\/","https:\/\/www.trustpilot.com\/review\/talkpal.ai","https:\/\/www.capterra.com\/p\/10006800\/TalkPal\/"],"description":"Talkpal is a language learning web and mobile education app, powered by the latest AI technologies, that provides engaging experiences to its customers in many different languages to help them improve their language skills. Users can chat about unlimited amount of topics with the app and use other modes to practice their language learning.","email":"support@talkpal.ai","legalName":"Talkpal, Inc.","foundingDate":"2023-04-03","duns":"118989042","numberOfEmployees":{"@type":"QuantitativeValue","minValue":"11","maxValue":"50"},"publishingPrinciples":"https:\/\/talkpal.ai\/publishing-principles\/","actionableFeedbackPolicy":"https:\/\/talkpal.ai\/actionable-feedback-policy\/","correctionsPolicy":"https:\/\/talkpal.ai\/corrections-policy\/","ethicsPolicy":"https:\/\/talkpal.ai\/ethics-policy\/","diversityPolicy":"https:\/\/talkpal.ai\/diversity-policy\/","diversityStaffingReport":"https:\/\/talkpal.ai\/diversity-policy\/"}]}},"_links":{"self":[{"href":"https:\/\/talkpal.ai\/et\/wp-json\/wp\/v2\/pages\/1475527","targetHints":{"allow":["GET"]}}],"collection":[{"href":"https:\/\/talkpal.ai\/et\/wp-json\/wp\/v2\/pages"}],"about":[{"href":"https:\/\/talkpal.ai\/et\/wp-json\/wp\/v2\/types\/page"}],"author":[{"embeddable":true,"href":"https:\/\/talkpal.ai\/et\/wp-json\/wp\/v2\/users\/20"}],"replies":[{"embeddable":true,"href":"https:\/\/talkpal.ai\/et\/wp-json\/wp\/v2\/comments?post=1475527"}],"version-history":[{"count":0,"href":"https:\/\/talkpal.ai\/et\/wp-json\/wp\/v2\/pages\/1475527\/revisions"}],"wp:attachment":[{"href":"https:\/\/talkpal.ai\/et\/wp-json\/wp\/v2\/media?parent=1475527"}],"curies":[{"name":"wp","href":"https:\/\/api.w.org\/{rel}","templated":true}]}}