{"id":1475477,"date":"2025-11-12T09:38:09","date_gmt":"2025-11-12T09:38:09","guid":{"rendered":"https:\/\/talkpal.ai\/gujarati-grammatika\/"},"modified":"2025-12-30T15:11:51","modified_gmt":"2025-12-30T15:11:51","slug":"gujarati-grammatika","status":"publish","type":"page","link":"https:\/\/talkpal.ai\/et\/gujarati-grammatika\/","title":{"rendered":"Gujarati grammatika"},"content":{"rendered":"\r\n\r\n\r\n<section class=\"languageChallengeSection\">\r\n    <div class=\"languageInfoWrapper\">\r\n        \r\n        <h1>Gujarati grammatika<\/h1>\r\n        <p><a href=\"https:\/\/talkpal.ai\/learn-gujarati\/\">Gujarati<\/a> keele <a href=\"https:\/\/talkpal.ai\/greek-grammar\/\">grammatika<\/a> v\u00f5ib alguses tunduda keeruline, kuid selle ainulaadsed omadused muudavad keele \u00f5ppimise rahuldust pakkuvaks kogemuseks. Uurides selle t\u00e4hestikku, mutatsioone ja grammatikareegleid, saate \u00fclevaate rikkalikust keeletraditsioonist. Alustage oma teekonda ja avastage Gujarati ilu!<\/p>\r\n\r\n                            <a class=\"getStartedHidden\" href=\"https:\/\/app.talkpal.ai\/et\/signup?lng=\">Alusta<\/a>\r\n        \r\n    <\/div>\r\n\r\n    <figure>\r\n    <img decoding=\"async\" width=\"768\" height=\"768\" src=\"https:\/\/talkpal.ai\/wp-content\/uploads\/2023\/06\/welsh-768x768.png\" class=\"languageImage no-lazy\" alt=\"Language learning for better cognitive abilities\" fetchpriority=\"high\" sizes=\"(max-width: 768px) 150px, 768px\" srcset=\"https:\/\/talkpal.ai\/wp-content\/uploads\/2023\/06\/welsh-768x768.png 768w, https:\/\/talkpal.ai\/wp-content\/uploads\/2023\/06\/welsh-300x300.png 300w\" \/>\r\n    \r\n\r\n    <\/figure>\r\n\r\n            <a class=\"getStartedVisible\" href=\"https:\/\/app.talkpal.ai\/et\/signup?lng=\">Alusta<\/a>\r\n    \r\n<\/section><section class=\"promotionalBanner\">\r\n    <p class=\"promotionalText\">K\u00f5ige t\u00f5husam viis keele \u00f5ppimiseks<\/p>\r\n    <a class=\"promotionalLink\" href=\"https:\/\/app.talkpal.ai\/et\/signup?lng=\">Proovige Talkpal tasuta<\/a>\r\n<\/section>\n<div class=\"wp-block-group pageContainerStyle\"><div class=\"wp-block-group__inner-container is-layout-constrained wp-block-group-is-layout-constrained\">\n<h2 class=\"wp-block-heading\" id=\"h-navigating-the-intricacies-of-gujarati-grammar\">Gujarati keele grammatika keerukuses navigeerimine<\/h2>\n\n\n\n<p><a href=\"https:\/\/talkpal.ai\/et\/oppige-gudzarati-keelt\/\">Gujarati<\/a> keel, rikkaliku ajaloo ja kultuurilise t\u00e4htsusega indoaaria keel, pakub p\u00f5nevat keelekogemust neile, kes soovivad uurida selle ainulaadset grammatikas\u00fcsteemi. Gujarati valdkonda sisenedes ei rikasta te mitte ainult oma keelelist repertuaari, vaid v\u00f5tate omaks ka p\u00f5neva kultuurilise teekonna. Kuigi gud\u017earati keele grammatika v\u00f5ib alguses tunduda keeruline, muudab selle p\u00f5hikomponentideks jagamine keele \u00f5ppimise ligip\u00e4\u00e4setavamaks. Selles artiklis uurime <a href=\"https:\/\/talkpal.ai\/gujarati-grammar\/\">gud\u017earati grammatika<\/a> k\u00fctkestavat maailma ja anname n\u00e4pun\u00e4iteid selle keerukuse valdamiseks.<\/p>\n\n\n\n<h3 class=\"wp-block-heading\" id=\"h-1-gujarati-alphabet-and-phonetics\">1. Gujarati t\u00e4hestik ja foneetika<\/h3>\n\n\n\n<p>Gujarati kiri on abugida, mis kasutab diakriitiliste m\u00e4rkidega kaash\u00e4\u00e4likute ja t\u00e4ish\u00e4\u00e4likute komplekti, mida nimetatakse matradeks, ning sellel on loomup\u00e4rane t\u00e4ish\u00e4\u00e4lik, mida kontekstis muudetakse v\u00f5i summutatakse. Gujarati keele grammatika \u00f5ppimiseks on \u00fclioluline tutvuda selle oman\u00e4olise kirjas\u00fcsteemiga, harjutades gujarati keeles lugemist ja kirjutamist.<\/p>\n\n\n\n<h3 class=\"wp-block-heading\" id=\"h-2-postpositions-and-case-markers-a-peculiar-gujarati-feature\">2. Postpositsioonid ja juhtumimarkerid: omap\u00e4rane gud\u017earati tunnus<\/h3>\n\n\n\n<p>Gujarati keele grammatika \u00fcks silmatorkavamaid aspekte on postpositsioonide ja k\u00e4\u00e4ndemarkerite kasutamine, mis j\u00e4rgnevad nimis\u00f5nadele grammatiliste seoste t\u00e4histamiseks. Levinud markerite hulka kuuluvad datiivi -ne, genitiiv -no\/-ni\/-nu, mis \u00fchtib vallatud nimis\u00f5naga, instrumentaal -thi, lokatiiv -ma ja ergatiiv -e paljudes varasemates transitiivsetes lausetes. Gujarati t\u00e4pse suhtluse jaoks on \u00fclioluline m\u00f5ista, millal ja kuidas need markerid esinevad.<\/p>\n\n\n\n<h3 class=\"wp-block-heading\" id=\"h-3-nouns-and-pronouns-gender-and-cases\">3. Nimis\u00f5nad ja ases\u00f5nad: sugu ja juhtumid<\/h3>\n\n\n\n<p>Gujarati nimis\u00f5nadel on grammatiline sugu (meessoost, naissoost v\u00f5i kesksoost) ning need j\u00e4rgivad erinevaid mitmuse moodustamise ja kokkuleppe mustreid, mis p\u00f5hinevad nende sool ja arvul. Gujarati keeles on ases\u00f5nad isiklikud, omastavad, refleksiivsed, demonstratiivsed ja k\u00fcsivad ases\u00f5nad. Nende ases\u00f5nade ja nende vormidega tutvumine parandab oluliselt teie arusaamist gud\u017earati keele grammatikast.<\/p>\n\n\n\n<h3 class=\"wp-block-heading\" id=\"h-4-verbs-structure-and-conjugation\">4. Tegus\u00f5nad: struktuur ja konjugatsioon<\/h3>\n\n\n\n<p>Gujarati tegus\u00f5nad j\u00e4rgivad eristavat struktuuri ja konjugatsioonimustrit s\u00f5ltuvalt ajast, aspektist, meeleolust ja isikust, kusjuures kokkuleppemustrid v\u00f5ivad m\u00f5nes kontekstis soo ja arvu j\u00e4rgi erineda. Gujarati keele olulised ajavormid on olevik, minevik ja tulevik koos lisaelementidega, nagu harjumusp\u00e4rased, progressiivsed, t\u00e4iuslikud aspektid ning tingimuslikud ja imperatiivsed meeleolud. Verbide konjugatsioonireeglite <a href=\"https:\/\/talkpal.ai\/et\/oppimine\/\">\u00f5ppimine<\/a> parandab teie v\u00f5imet gud\u017earati keeles t\u00f5husalt suhelda.<\/p>\n\n\n\n<h3 class=\"wp-block-heading\" id=\"h-5-adjectives-agreement-and-placement\">5. Omaduss\u00f5nad: kokkulepe ja paigutus<\/h3>\n\n\n\n<p>Gujarati keele grammatikas eelnevad omaduss\u00f5nad tavaliselt nimis\u00f5nale, mida nad muudavad, ning taandavad omaduss\u00f5nad \u00fchtivad soo ja arvu poolest nimis\u00f5naga. Paljud omaduss\u00f5nad on kaldumatud ning v\u00f5rdlevad ja \u00fcliv\u00f5rdelised t\u00e4hendused moodustatakse tavaliselt m\u00e4\u00e4rs\u00f5nadega vadhaare (veel) ja savthi (enamik), mis on loomulikuma suhtlemise \u00f5ppimiseks h\u00e4davajalikud.<\/p>\n\n\n\n<p><strong>N\u00e4ited:<\/strong><\/p>\n\n\n\n<p><strong>\u2013 \u0aae\u0acb\u0a9f\u0acb \u0aaa\u0acd\u0ab0\u0ac7\u0aae (suur armastus)<\/strong><\/p>\n\n\n\n<p><strong>\u2013 \u0aa8\u0abe\u0aa8\u0abe \u0aac\u0abe\u0ab3\u0a95\u0acb (v\u00e4ikesed lapsed)<\/strong><\/p>\n\n\n\n<h3 class=\"wp-block-heading\" id=\"h-6-engaging-with-the-language\">6. Keelega tegelemine<\/h3>\n\n\n\n<p>K\u00f5ige t\u00f5husam viis gud\u017earati keele grammatika t\u00e4ielikuks m\u00f5istmiseks ja sisestamiseks on keelega j\u00e4rjepidevalt tegeleda. Lugedes gud\u017earati kirjandust, vaadates gud\u017earati filme v\u00f5i telesarju ning suheldes aktiivselt emakeelena k\u00f5nelejatega, tugevdate oma arusaamist grammatikast, laiendades samal ajal oma s\u00f5navara.<\/p>\n\n\n\n<h3 class=\"wp-block-heading\" id=\"h-conclusion\">Kokkuv\u00f5te<\/h3>\n\n\n\n<p>Kuigi gud\u017earati keele grammatika v\u00f5ib tunduda keeruline, saate seda kaunist keelt valdada p\u00fchendumise, harjutamise ja entusiasmiga. Keskendudes p\u00f5hireeglitele ja tegeledes keelega erinevates kontekstides, parandate kiiresti oma gud\u017earati keele <a href=\"https:\/\/talkpal.ai\/et\/grammatika\/\">grammatikaoskusi<\/a>. Shubhkamnao (head soovid) oma gud\u017earati keele teekonnaga ja nautige gud\u017earati keele grammatika m\u00f5istatusliku, kuid k\u00fctkestava maailma lahtiharutamist!<\/p>\n<\/div><\/div>\n\r\n<section class=\"learnNavigationSection\">\r\n            \r\n        <a href=\"https:\/\/talkpal.ai\/et\/oppige-gudzarati-keelt\/\">\r\n            <div class=\"learnNavigationWrapper\">\r\n                <div class=\"learnNavigationContent\">\r\n                    <img decoding=\"async\" src=\"https:\/\/talkpal.ai\/wp-content\/uploads\/2025\/11\/Gujarati.png\" alt=\"Indian Simplified Flag\">\r\n                    <div>\r\n                        <h4>Gujarati \u00f5ppimise kohta<\/h4>\r\n                        <p>Uurige k\u00f5ike Gujarati grammatika kohta.<\/p>\r\n                    <\/div>\r\n                <\/div>\r\n            <\/div>\r\n        <\/a>\r\n\r\n        \r\n        <a href=\"https:\/\/talkpal.ai\/et\/gujarati-grammatikaharjutused\/\">\r\n            <div class=\"learnNavigationWrapper\">\r\n                <div class=\"learnNavigationContent\">\r\n                    <img decoding=\"async\" src=\"https:\/\/talkpal.ai\/wp-content\/uploads\/2025\/11\/Gujarati.png\" alt=\"Indian Simplified Flag\">\r\n                    <div>\r\n                        <h4>Gujarati grammatikaharjutus<\/h4>\r\n                        <p>Harjutage gud\u017earati keele grammatikat.<\/p>\r\n                    <\/div>\r\n                <\/div>\r\n            <\/div>\r\n        <\/a>\r\n\r\n            <\/section>","protected":false},"excerpt":{"rendered":"<p>Gujarati keele grammatika keerukuses navigeerimine Gujarati keel, rikkaliku ajaloo ja kultuurilise t\u00e4htsusega indoaaria keel, pakub p\u00f5nevat keelekogemust neile, kes soovivad uurida selle ainulaadset grammatikas\u00fcsteemi. Gujarati valdkonda sisenedes ei rikasta te mitte ainult oma keelelist repertuaari, vaid v\u00f5tate omaks ka p\u00f5neva kultuurilise teekonna. Kuigi gud\u017earati keele grammatika v\u00f5ib alguses tunduda keeruline, muudab selle p\u00f5hikomponentideks jagamine keele [&hellip;]<\/p>\n","protected":false},"author":20,"featured_media":0,"parent":0,"menu_order":0,"comment_status":"closed","ping_status":"closed","template":"LearningContentPage.php","meta":{"_acf_changed":false,"footnotes":""},"class_list":["post-1475477","page","type-page","status-publish","hentry"],"acf":[],"yoast_head":"<!-- This site is optimized with the Yoast SEO Premium plugin v27.2 (Yoast SEO v27.2) - https:\/\/yoast.com\/product\/yoast-seo-premium-wordpress\/ -->\n<title>Gujarati grammatika - Talkpal<\/title>\n<meta name=\"description\" content=\"\u00d5ppige gujarati keele grammatika p\u00f5hit\u00f5desid, sealhulgas verbe ja nimis\u00f5nu, et parandada oluliselt oma keeleoskust.\" \/>\n<meta name=\"robots\" content=\"index, follow, max-snippet:-1, max-image-preview:large, max-video-preview:-1\" \/>\n<link rel=\"canonical\" href=\"https:\/\/talkpal.ai\/et\/gujarati-grammatika\/\" \/>\n<meta property=\"og:locale\" content=\"et_EE\" \/>\n<meta property=\"og:type\" content=\"article\" \/>\n<meta property=\"og:title\" content=\"Gujarati grammatika\" \/>\n<meta property=\"og:description\" content=\"Gujarati keele grammatika keerukuses navigeerimine Gujarati keel, rikkaliku ajaloo ja kultuurilise t\u00e4htsusega indoaaria keel, pakub p\u00f5nevat keelekogemust\" \/>\n<meta property=\"og:url\" content=\"https:\/\/talkpal.ai\/et\/gujarati-grammatika\/\" \/>\n<meta property=\"og:site_name\" content=\"Talkpal\" \/>\n<meta property=\"article:publisher\" content=\"https:\/\/www.facebook.com\/profile.php?id=100090733639311\" \/>\n<meta property=\"article:modified_time\" content=\"2025-12-30T15:11:51+00:00\" \/>\n<meta property=\"og:image\" content=\"https:\/\/talkpal.ai\/wp-content\/uploads\/2025\/02\/Progress-tab-16_9.png\" \/>\n\t<meta property=\"og:image:width\" content=\"2880\" \/>\n\t<meta property=\"og:image:height\" content=\"1620\" \/>\n\t<meta property=\"og:image:type\" content=\"image\/png\" \/>\n<meta name=\"twitter:card\" content=\"summary_large_image\" \/>\n<meta name=\"twitter:site\" content=\"@talkpalai\" \/>\n<meta name=\"twitter:label1\" content=\"Est. reading time\" \/>\n\t<meta name=\"twitter:data1\" content=\"3 minutit\" \/>\n<script type=\"application\/ld+json\" class=\"yoast-schema-graph\">{\"@context\":\"https:\/\/schema.org\",\"@graph\":[{\"@type\":\"WebPage\",\"@id\":\"https:\/\/talkpal.ai\/et\/gujarati-grammatika\/\",\"url\":\"https:\/\/talkpal.ai\/et\/gujarati-grammatika\/\",\"name\":\"Gujarati grammatika - Talkpal\",\"isPartOf\":{\"@id\":\"https:\/\/talkpal.ai\/et\/#website\"},\"datePublished\":\"2025-11-12T09:38:09+00:00\",\"dateModified\":\"2025-12-30T15:11:51+00:00\",\"description\":\"\u00d5ppige gujarati keele grammatika p\u00f5hit\u00f5desid, sealhulgas verbe ja nimis\u00f5nu, et parandada oluliselt oma keeleoskust.\",\"breadcrumb\":{\"@id\":\"https:\/\/talkpal.ai\/et\/gujarati-grammatika\/#breadcrumb\"},\"inLanguage\":\"et\",\"potentialAction\":[{\"@type\":\"ReadAction\",\"target\":[\"https:\/\/talkpal.ai\/et\/gujarati-grammatika\/\"]}]},{\"@type\":\"BreadcrumbList\",\"@id\":\"https:\/\/talkpal.ai\/et\/gujarati-grammatika\/#breadcrumb\",\"itemListElement\":[{\"@type\":\"ListItem\",\"position\":1,\"name\":\"Homepage\",\"item\":\"https:\/\/talkpal.ai\/et\/\"},{\"@type\":\"ListItem\",\"position\":2,\"name\":\"Gujarati grammatika\"}]},{\"@type\":\"WebSite\",\"@id\":\"https:\/\/talkpal.ai\/et\/#website\",\"url\":\"https:\/\/talkpal.ai\/et\/\",\"name\":\"Talkpal\",\"description\":\"AI Language Learning\",\"publisher\":{\"@id\":\"https:\/\/talkpal.ai\/et\/#organization\"},\"alternateName\":\"Talkpal AI\",\"potentialAction\":[{\"@type\":\"SearchAction\",\"target\":{\"@type\":\"EntryPoint\",\"urlTemplate\":\"https:\/\/talkpal.ai\/et\/?s={search_term_string}\"},\"query-input\":{\"@type\":\"PropertyValueSpecification\",\"valueRequired\":true,\"valueName\":\"search_term_string\"}}],\"inLanguage\":\"et\"},{\"@type\":\"Organization\",\"@id\":\"https:\/\/talkpal.ai\/et\/#organization\",\"name\":\"Talkpal, Inc.\",\"alternateName\":\"Talkpal AI\",\"url\":\"https:\/\/talkpal.ai\/et\/\",\"logo\":{\"@type\":\"ImageObject\",\"inLanguage\":\"et\",\"@id\":\"https:\/\/talkpal.ai\/et\/#\/schema\/logo\/image\/\",\"url\":\"https:\/\/talkpal.ai\/wp-content\/uploads\/2024\/03\/Talkpal-Logo-Icon.png\",\"contentUrl\":\"https:\/\/talkpal.ai\/wp-content\/uploads\/2024\/03\/Talkpal-Logo-Icon.png\",\"width\":2880,\"height\":2880,\"caption\":\"Talkpal, Inc.\"},\"image\":{\"@id\":\"https:\/\/talkpal.ai\/et\/#\/schema\/logo\/image\/\"},\"sameAs\":[\"https:\/\/www.facebook.com\/profile.php?id=100090733639311\",\"https:\/\/x.com\/talkpalai\",\"https:\/\/www.linkedin.com\/company\/talkpal\/\",\"https:\/\/www.youtube.com\/@TalkPal\/\",\"https:\/\/www.tiktok.com\/@talkpal\",\"https:\/\/www.instagram.com\/talkpal_ai\/\",\"https:\/\/www.crunchbase.com\/organization\/talkpal-9cde\",\"https:\/\/www.g2.com\/products\/talkpal-for-business\/\",\"https:\/\/www.trustpilot.com\/review\/talkpal.ai\",\"https:\/\/www.capterra.com\/p\/10006800\/TalkPal\/\"],\"description\":\"Talkpal is a language learning web and mobile education app, powered by the latest AI technologies, that provides engaging experiences to its customers in many different languages to help them improve their language skills. Users can chat about unlimited amount of topics with the app and use other modes to practice their language learning.\",\"email\":\"support@talkpal.ai\",\"legalName\":\"Talkpal, Inc.\",\"foundingDate\":\"2023-04-03\",\"duns\":\"118989042\",\"numberOfEmployees\":{\"@type\":\"QuantitativeValue\",\"minValue\":\"11\",\"maxValue\":\"50\"},\"publishingPrinciples\":\"https:\/\/talkpal.ai\/publishing-principles\/\",\"actionableFeedbackPolicy\":\"https:\/\/talkpal.ai\/actionable-feedback-policy\/\",\"correctionsPolicy\":\"https:\/\/talkpal.ai\/corrections-policy\/\",\"ethicsPolicy\":\"https:\/\/talkpal.ai\/ethics-policy\/\",\"diversityPolicy\":\"https:\/\/talkpal.ai\/diversity-policy\/\",\"diversityStaffingReport\":\"https:\/\/talkpal.ai\/diversity-policy\/\"}]}<\/script>\n<!-- \/ Yoast SEO Premium plugin. -->","yoast_head_json":{"title":"Gujarati grammatika - Talkpal","description":"\u00d5ppige gujarati keele grammatika p\u00f5hit\u00f5desid, sealhulgas verbe ja nimis\u00f5nu, et parandada oluliselt oma keeleoskust.","robots":{"index":"index","follow":"follow","max-snippet":"max-snippet:-1","max-image-preview":"max-image-preview:large","max-video-preview":"max-video-preview:-1"},"canonical":"https:\/\/talkpal.ai\/et\/gujarati-grammatika\/","og_locale":"et_EE","og_type":"article","og_title":"Gujarati grammatika","og_description":"Gujarati keele grammatika keerukuses navigeerimine Gujarati keel, rikkaliku ajaloo ja kultuurilise t\u00e4htsusega indoaaria keel, pakub p\u00f5nevat keelekogemust","og_url":"https:\/\/talkpal.ai\/et\/gujarati-grammatika\/","og_site_name":"Talkpal","article_publisher":"https:\/\/www.facebook.com\/profile.php?id=100090733639311","article_modified_time":"2025-12-30T15:11:51+00:00","og_image":[{"width":2880,"height":1620,"url":"https:\/\/talkpal.ai\/wp-content\/uploads\/2025\/02\/Progress-tab-16_9.png","type":"image\/png"}],"twitter_card":"summary_large_image","twitter_site":"@talkpalai","twitter_misc":{"Est. reading time":"3 minutit"},"schema":{"@context":"https:\/\/schema.org","@graph":[{"@type":"WebPage","@id":"https:\/\/talkpal.ai\/et\/gujarati-grammatika\/","url":"https:\/\/talkpal.ai\/et\/gujarati-grammatika\/","name":"Gujarati grammatika - Talkpal","isPartOf":{"@id":"https:\/\/talkpal.ai\/et\/#website"},"datePublished":"2025-11-12T09:38:09+00:00","dateModified":"2025-12-30T15:11:51+00:00","description":"\u00d5ppige gujarati keele grammatika p\u00f5hit\u00f5desid, sealhulgas verbe ja nimis\u00f5nu, et parandada oluliselt oma keeleoskust.","breadcrumb":{"@id":"https:\/\/talkpal.ai\/et\/gujarati-grammatika\/#breadcrumb"},"inLanguage":"et","potentialAction":[{"@type":"ReadAction","target":["https:\/\/talkpal.ai\/et\/gujarati-grammatika\/"]}]},{"@type":"BreadcrumbList","@id":"https:\/\/talkpal.ai\/et\/gujarati-grammatika\/#breadcrumb","itemListElement":[{"@type":"ListItem","position":1,"name":"Homepage","item":"https:\/\/talkpal.ai\/et\/"},{"@type":"ListItem","position":2,"name":"Gujarati grammatika"}]},{"@type":"WebSite","@id":"https:\/\/talkpal.ai\/et\/#website","url":"https:\/\/talkpal.ai\/et\/","name":"Talkpal","description":"AI Language Learning","publisher":{"@id":"https:\/\/talkpal.ai\/et\/#organization"},"alternateName":"Talkpal AI","potentialAction":[{"@type":"SearchAction","target":{"@type":"EntryPoint","urlTemplate":"https:\/\/talkpal.ai\/et\/?s={search_term_string}"},"query-input":{"@type":"PropertyValueSpecification","valueRequired":true,"valueName":"search_term_string"}}],"inLanguage":"et"},{"@type":"Organization","@id":"https:\/\/talkpal.ai\/et\/#organization","name":"Talkpal, Inc.","alternateName":"Talkpal AI","url":"https:\/\/talkpal.ai\/et\/","logo":{"@type":"ImageObject","inLanguage":"et","@id":"https:\/\/talkpal.ai\/et\/#\/schema\/logo\/image\/","url":"https:\/\/talkpal.ai\/wp-content\/uploads\/2024\/03\/Talkpal-Logo-Icon.png","contentUrl":"https:\/\/talkpal.ai\/wp-content\/uploads\/2024\/03\/Talkpal-Logo-Icon.png","width":2880,"height":2880,"caption":"Talkpal, Inc."},"image":{"@id":"https:\/\/talkpal.ai\/et\/#\/schema\/logo\/image\/"},"sameAs":["https:\/\/www.facebook.com\/profile.php?id=100090733639311","https:\/\/x.com\/talkpalai","https:\/\/www.linkedin.com\/company\/talkpal\/","https:\/\/www.youtube.com\/@TalkPal\/","https:\/\/www.tiktok.com\/@talkpal","https:\/\/www.instagram.com\/talkpal_ai\/","https:\/\/www.crunchbase.com\/organization\/talkpal-9cde","https:\/\/www.g2.com\/products\/talkpal-for-business\/","https:\/\/www.trustpilot.com\/review\/talkpal.ai","https:\/\/www.capterra.com\/p\/10006800\/TalkPal\/"],"description":"Talkpal is a language learning web and mobile education app, powered by the latest AI technologies, that provides engaging experiences to its customers in many different languages to help them improve their language skills. Users can chat about unlimited amount of topics with the app and use other modes to practice their language learning.","email":"support@talkpal.ai","legalName":"Talkpal, Inc.","foundingDate":"2023-04-03","duns":"118989042","numberOfEmployees":{"@type":"QuantitativeValue","minValue":"11","maxValue":"50"},"publishingPrinciples":"https:\/\/talkpal.ai\/publishing-principles\/","actionableFeedbackPolicy":"https:\/\/talkpal.ai\/actionable-feedback-policy\/","correctionsPolicy":"https:\/\/talkpal.ai\/corrections-policy\/","ethicsPolicy":"https:\/\/talkpal.ai\/ethics-policy\/","diversityPolicy":"https:\/\/talkpal.ai\/diversity-policy\/","diversityStaffingReport":"https:\/\/talkpal.ai\/diversity-policy\/"}]}},"_links":{"self":[{"href":"https:\/\/talkpal.ai\/et\/wp-json\/wp\/v2\/pages\/1475477","targetHints":{"allow":["GET"]}}],"collection":[{"href":"https:\/\/talkpal.ai\/et\/wp-json\/wp\/v2\/pages"}],"about":[{"href":"https:\/\/talkpal.ai\/et\/wp-json\/wp\/v2\/types\/page"}],"author":[{"embeddable":true,"href":"https:\/\/talkpal.ai\/et\/wp-json\/wp\/v2\/users\/20"}],"replies":[{"embeddable":true,"href":"https:\/\/talkpal.ai\/et\/wp-json\/wp\/v2\/comments?post=1475477"}],"version-history":[{"count":0,"href":"https:\/\/talkpal.ai\/et\/wp-json\/wp\/v2\/pages\/1475477\/revisions"}],"wp:attachment":[{"href":"https:\/\/talkpal.ai\/et\/wp-json\/wp\/v2\/media?parent=1475477"}],"curies":[{"name":"wp","href":"https:\/\/api.w.org\/{rel}","templated":true}]}}