{"id":1475437,"date":"2025-11-11T17:01:21","date_gmt":"2025-11-11T17:01:21","guid":{"rendered":"https:\/\/talkpal.ai\/gruusia-keele-grammatika\/"},"modified":"2025-12-30T14:53:04","modified_gmt":"2025-12-30T14:53:04","slug":"gruusia-keele-grammatika","status":"publish","type":"page","link":"https:\/\/talkpal.ai\/et\/gruusia-keele-grammatika\/","title":{"rendered":"Gruusia keele grammatika"},"content":{"rendered":"\r\n\r\n\r\n<section class=\"languageChallengeSection\">\r\n    <div class=\"languageInfoWrapper\">\r\n        \r\n        <h1>Gruusia keele grammatika<\/h1>\r\n        <p><a href=\"https:\/\/talkpal.ai\/georgian-grammar\/\">Gruusia keele grammatika<\/a> v\u00f5ib alguses tunduda keeruline, kuid selle ainulaadsed omadused muudavad keele \u00f5ppimise rahuldust pakkuvaks kogemuseks. Uurides selle t\u00e4hestikku, mutatsioone ja grammatikareegleid, saate \u00fclevaate rikkalikust keeletraditsioonist. Alustage oma teekonda ja avastage <a href=\"https:\/\/talkpal.ai\/learn-georgian\/\">gruusia<\/a> keele ilu!<\/p>\r\n\r\n                            <a class=\"getStartedHidden\" href=\"https:\/\/app.talkpal.ai\/et\/signup?lng=\">Alusta<\/a>\r\n        \r\n    <\/div>\r\n\r\n    <figure>\r\n    <img decoding=\"async\" width=\"768\" height=\"768\" src=\"https:\/\/talkpal.ai\/wp-content\/uploads\/2023\/06\/welsh-768x768.png\" class=\"languageImage no-lazy\" alt=\"Language learning for better cognitive abilities\" fetchpriority=\"high\" sizes=\"(max-width: 768px) 150px, 768px\" srcset=\"https:\/\/talkpal.ai\/wp-content\/uploads\/2023\/06\/welsh-768x768.png 768w, https:\/\/talkpal.ai\/wp-content\/uploads\/2023\/06\/welsh-300x300.png 300w\" \/>\r\n    \r\n\r\n    <\/figure>\r\n\r\n            <a class=\"getStartedVisible\" href=\"https:\/\/app.talkpal.ai\/et\/signup?lng=\">Alusta<\/a>\r\n    \r\n<\/section><section class=\"promotionalBanner\">\r\n    <p class=\"promotionalText\">K\u00f5ige t\u00f5husam viis keele \u00f5ppimiseks<\/p>\r\n    <a class=\"promotionalLink\" href=\"https:\/\/app.talkpal.ai\/et\/signup?lng=\">Proovige Talkpal tasuta<\/a>\r\n<\/section>\n<div class=\"wp-block-group pageContainerStyle\"><div class=\"wp-block-group__inner-container is-layout-constrained wp-block-group-is-layout-constrained\">\n<h2 class=\"wp-block-heading\" id=\"h-navigating-the-intricacies-of-georgian-grammar\">Gruusia keele grammatika keerukuses navigeerimine<\/h2>\n\n\n\n<p><a href=\"https:\/\/talkpal.ai\/et\/oppige-gruusia-keelt\/\">Gruusia keel<\/a>, rikkaliku ajaloo ja kultuurilise t\u00e4htsusega kartveli keel, pakub p\u00f5nevat keelelist kogemust neile, kes soovivad uurida selle ainulaadset grammatikas\u00fcsteemi. <a href=\"https:\/\/talkpal.ai\/learn-georgian\/\">Gruusia<\/a> keele valdkonda sisenedes ei rikasta te mitte ainult oma keelelist repertuaari, vaid v\u00f5tate omaks ka p\u00f5neva kultuurilise teekonna. Kuigi <a href=\"https:\/\/talkpal.ai\/georgian-grammar\/\">gruusia keele grammatika<\/a> v\u00f5ib alguses tunduda keeruline, muudab selle p\u00f5hikomponentideks jagamine keele \u00f5ppimise ligip\u00e4\u00e4setavamaks. Selles artiklis uurime gruusia keele <a href=\"https:\/\/talkpal.ai\/greek-grammar\/\">grammatika<\/a> k\u00fctkestavat maailma ja anname n\u00e4pun\u00e4iteid selle keerukuse valdamiseks.<\/p>\n\n\n\n<h3 class=\"wp-block-heading\" id=\"h-1-georgian-alphabet-and-phonetics\">1. Gruusia t\u00e4hestik ja foneetika<\/h3>\n\n\n\n<p>Gruusia t\u00e4hestik, tuntud kui Mkhedruli, koosneb 33 t\u00e4hest ja on keelele ainulaadne. See kasutab eristavaid m\u00e4rke, nagu \u10e7, \u10ed ja \u10e6. Gruusia keele grammatika \u00f5ppimiseks on \u00fclioluline tutvuda selle kirjas\u00fcsteemiga, harjutades gruusia keeles lugemist ja kirjutamist.<\/p>\n\n\n\n<h3 class=\"wp-block-heading\" id=\"h-2-ejective-consonants-and-consonant-clusters-a-peculiar-georgian-feature\">2. Ejektiivsed kaash\u00e4\u00e4likud ja kaash\u00e4\u00e4likute klastrid: omap\u00e4rane Gruusia omadus<\/h3>\n\n\n\n<p>Gruusia keele \u00fcks silmatorkavamaid aspekte on selle ejektiivsed kaash\u00e4\u00e4likud ja keerulised kaash\u00e4\u00e4likute klastrid. Ejektiivid nagu p&#8217;, t&#8217;, k&#8217;, ts&#8217;, ch&#8217; ja q&#8217; on tavalised ning <a href=\"https:\/\/talkpal.ai\/et\/oppige-gruusia-keelt\/\">gruusia keel<\/a> lubab pikki kaash\u00e4\u00e4likute klastreid, mis v\u00f5ivad uustulnukatele v\u00e4ljakutseid tekitada. Nende helide toimimise m\u00f5istmine ja nende h\u00e4\u00e4lduse harjutamine on gruusia keeles t\u00e4pse suhtlemise jaoks \u00fclioluline.<\/p>\n\n\n\n<h3 class=\"wp-block-heading\" id=\"h-3-nouns-and-pronouns-gender-and-cases\">3. Nimis\u00f5nad ja ases\u00f5nad: sugu ja juhtumid<\/h3>\n\n\n\n<p>Gruusia nimis\u00f5nadel ei ole grammatilist sugu, mis lihtsustab n\u00f5ustumist, kuid nad k\u00e4\u00e4navad k\u00e4\u00e4ndeid. Tavalised k\u00e4\u00e4nded on nominatiiv, ergatiiv, daativ, genitiiv, instrumentaal, m\u00e4\u00e4rs\u00f5na ja vokatiiv. Mitmused moodustatakse sageli j\u00e4relliitega -eb- ja lisal\u00f5puga s\u00f5ltuvalt k\u00e4\u00e4ndest. Gruusia keele ases\u00f5nade hulka kuuluvad isiklikud, omastavad, refleksiivsed, demonstratiivsed ja k\u00fcsivad ases\u00f5nad ning need ei t\u00e4hista sugu. Nende ases\u00f5nade ja nende vormidega tutvumine parandab oluliselt teie arusaamist gruusia keele grammatikast.<\/p>\n\n\n\n<h3 class=\"wp-block-heading\" id=\"h-4-verbs-structure-and-conjugation\">4. Tegus\u00f5nad: struktuur ja konjugatsioon<\/h3>\n\n\n\n<p>Gruusia verbid j\u00e4rgivad iseloomulikku struktuuri, millel on keeruline kokkulangevus ja morfoloogia. Verbaalsed s\u00fcsteemid on organiseeritud kriitikateks, mis \u00fchendavad endas aja, aspekti ja meeleolu, eriti oleviku, aoristliku ja t\u00e4iusliku seeria. Sellised omadused nagu eess\u00f5nad, versioonimarkerid ja pol\u00fcpersonaalne kokkulepe on konjugatsioonis kesksel kohal. Nende mustrite <a href=\"https:\/\/talkpal.ai\/et\/oppimine\/\">\u00f5ppimine<\/a> koos tingimuslike, imperatiivsete ja subjunktiivsete meeleoludega parandab teie v\u00f5imet gruusia keeles t\u00f5husalt suhelda.<\/p>\n\n\n\n<h3 class=\"wp-block-heading\" id=\"h-5-adjectives-agreement-and-placement\">5. Omaduss\u00f5nad: kokkulepe ja paigutus<\/h3>\n\n\n\n<p>Gruusia grammatika keeles eelnevad omaduss\u00f5nad tavaliselt nimis\u00f5nale, mida nad muudavad, ega t\u00e4hista sugu. Paljud omaduss\u00f5nad ei kasuta mitmuse j\u00e4relliidet, kuigi need v\u00f5ivad olenevalt t\u00fc\u00fcbist n\u00e4idata k\u00e4\u00e4ndek\u00e4itumist. V\u00f5rdlevad ja \u00fcliv\u00f5rded moodustatakse tavaliselt anal\u00fc\u00fctiliselt selliste s\u00f5nadega nagu upro (rohkem) ja qvelaze (enamik), mis on loomulikuma suhtlemise \u00f5ppimiseks h\u00e4davajalikud.<\/p>\n\n\n\n<p><strong>N\u00e4ited:<\/strong><\/p>\n\n\n\n<p><strong>\u2013 Didi Siqvaruli (suur armastus)<\/strong><\/p>\n\n\n\n<p><strong>\u2013 Patara Bavshvebi (v\u00e4ikesed lapsed)<\/strong><\/p>\n\n\n\n<h3 class=\"wp-block-heading\" id=\"h-6-engaging-with-the-language\">6. Keelega tegelemine<\/h3>\n\n\n\n<p>K\u00f5ige t\u00f5husam viis gruusia keele grammatika t\u00e4ielikuks m\u00f5istmiseks ja omaks v\u00f5tmiseks on keelega j\u00e4rjepidevalt tegeleda. Gruusia kirjandust lugedes, Gruusia filme v\u00f5i telesarju vaadates ja aktiivselt emakeelena k\u00f5nelejatega suheldes tugevdate oma arusaamist grammatikast, laiendades samal ajal oma s\u00f5navara.  <\/p>\n\n\n\n<h3 class=\"wp-block-heading\" id=\"h-conclusion\">Kokkuv\u00f5te<\/h3>\n\n\n\n<p>Kuigi gruusia keele grammatika v\u00f5ib tunduda keeruline, saate seda kaunist keelt valdada p\u00fchendumise, harjutamise ja entusiasmiga. Keskendudes p\u00f5hireeglitele ja tegeledes keelega erinevates kontekstides, parandate kiiresti oma gruusia <a href=\"https:\/\/talkpal.ai\/et\/grammatika\/\">keele grammatikaoskusi<\/a>. \u10ec\u10d0\u10e0\u10db\u10d0\u10e2\u10d4\u10d1\u10d4\u10d1\u10d8 (edu) oma gruusia keele teekonnal ja nautige gruusia grammatika m\u00f5istatusliku, kuid k\u00fctkestava maailma lahtiharutamist!<\/p>\n<\/div><\/div>\n\r\n<section class=\"learnNavigationSection\">\r\n            \r\n        <a href=\"https:\/\/talkpal.ai\/et\/opi-komri-keel\/\">\r\n            <div class=\"learnNavigationWrapper\">\r\n                <div class=\"learnNavigationContent\">\r\n                    <img decoding=\"async\" src=\"https:\/\/talkpal.ai\/wp-content\/uploads\/2025\/11\/Georgian.png\" alt=\"Georgian Flag\">\r\n                    <div>\r\n                        <h4>Gruusia keele \u00f5ppimise kohta<\/h4>\r\n                        <p>Uurige k\u00f5ike gruusia keele grammatika kohta.<\/p>\r\n                    <\/div>\r\n                <\/div>\r\n            <\/div>\r\n        <\/a>\r\n\r\n        \r\n        <a href=\"https:\/\/talkpal.ai\/et\/komri-keele-grammatikaharjutused\/\">\r\n            <div class=\"learnNavigationWrapper\">\r\n                <div class=\"learnNavigationContent\">\r\n                    <img decoding=\"async\" src=\"https:\/\/talkpal.ai\/wp-content\/uploads\/2025\/11\/Georgian.png\" alt=\"Georgian Flag\">\r\n                    <div>\r\n                        <h4>Gruusia keele grammatikaharjutus<\/h4>\r\n                        <p>Harjutage gruusia keele grammatikat.<\/p>\r\n                    <\/div>\r\n                <\/div>\r\n            <\/div>\r\n        <\/a>\r\n\r\n            <\/section>","protected":false},"excerpt":{"rendered":"<p>Gruusia keele grammatika keerukuses navigeerimine Gruusia keel, rikkaliku ajaloo ja kultuurilise t\u00e4htsusega kartveli keel, pakub p\u00f5nevat keelelist kogemust neile, kes soovivad uurida selle ainulaadset grammatikas\u00fcsteemi. Gruusia keele valdkonda sisenedes ei rikasta te mitte ainult oma keelelist repertuaari, vaid v\u00f5tate omaks ka p\u00f5neva kultuurilise teekonna. Kuigi gruusia keele grammatika v\u00f5ib alguses tunduda keeruline, muudab selle p\u00f5hikomponentideks [&hellip;]<\/p>\n","protected":false},"author":20,"featured_media":0,"parent":0,"menu_order":0,"comment_status":"closed","ping_status":"closed","template":"LearningContentPage.php","meta":{"_acf_changed":false,"footnotes":""},"class_list":["post-1475437","page","type-page","status-publish","hentry"],"acf":[],"yoast_head":"<!-- This site is optimized with the Yoast SEO Premium plugin v27.2 (Yoast SEO v27.2) - https:\/\/yoast.com\/product\/yoast-seo-premium-wordpress\/ -->\n<title>Gruusia keele grammatika - Talkpal<\/title>\n<meta name=\"description\" content=\"\u00d5ppige gruusia keele grammatikareeglid ja t\u00e4hestik kiiresti \u00e4ra meie p\u00f5hjaliku juhendi ja tehisintellekti keele\u00f5petajaga.\" \/>\n<meta name=\"robots\" content=\"index, follow, max-snippet:-1, max-image-preview:large, max-video-preview:-1\" \/>\n<link rel=\"canonical\" href=\"https:\/\/talkpal.ai\/et\/gruusia-keele-grammatika\/\" \/>\n<meta property=\"og:locale\" content=\"et_EE\" \/>\n<meta property=\"og:type\" content=\"article\" \/>\n<meta property=\"og:title\" content=\"Gruusia keele grammatika\" \/>\n<meta property=\"og:description\" content=\"Gruusia keele grammatika keerukuses navigeerimine Gruusia keel, rikkaliku ajaloo ja kultuurilise t\u00e4htsusega kartveli keel, pakub p\u00f5nevat keelelist\" \/>\n<meta property=\"og:url\" content=\"https:\/\/talkpal.ai\/et\/gruusia-keele-grammatika\/\" \/>\n<meta property=\"og:site_name\" content=\"Talkpal\" \/>\n<meta property=\"article:publisher\" content=\"https:\/\/www.facebook.com\/profile.php?id=100090733639311\" \/>\n<meta property=\"article:modified_time\" content=\"2025-12-30T14:53:04+00:00\" \/>\n<meta property=\"og:image\" content=\"https:\/\/talkpal.ai\/wp-content\/uploads\/2025\/02\/Progress-tab-16_9.png\" \/>\n\t<meta property=\"og:image:width\" content=\"2880\" \/>\n\t<meta property=\"og:image:height\" content=\"1620\" \/>\n\t<meta property=\"og:image:type\" content=\"image\/png\" \/>\n<meta name=\"twitter:card\" content=\"summary_large_image\" \/>\n<meta name=\"twitter:site\" content=\"@talkpalai\" \/>\n<meta name=\"twitter:label1\" content=\"Est. reading time\" \/>\n\t<meta name=\"twitter:data1\" content=\"3 minutit\" \/>\n<script type=\"application\/ld+json\" class=\"yoast-schema-graph\">{\"@context\":\"https:\/\/schema.org\",\"@graph\":[{\"@type\":\"WebPage\",\"@id\":\"https:\/\/talkpal.ai\/et\/gruusia-keele-grammatika\/\",\"url\":\"https:\/\/talkpal.ai\/et\/gruusia-keele-grammatika\/\",\"name\":\"Gruusia keele grammatika - Talkpal\",\"isPartOf\":{\"@id\":\"https:\/\/talkpal.ai\/et\/#website\"},\"datePublished\":\"2025-11-11T17:01:21+00:00\",\"dateModified\":\"2025-12-30T14:53:04+00:00\",\"description\":\"\u00d5ppige gruusia keele grammatikareeglid ja t\u00e4hestik kiiresti \u00e4ra meie p\u00f5hjaliku juhendi ja tehisintellekti keele\u00f5petajaga.\",\"breadcrumb\":{\"@id\":\"https:\/\/talkpal.ai\/et\/gruusia-keele-grammatika\/#breadcrumb\"},\"inLanguage\":\"et\",\"potentialAction\":[{\"@type\":\"ReadAction\",\"target\":[\"https:\/\/talkpal.ai\/et\/gruusia-keele-grammatika\/\"]}]},{\"@type\":\"BreadcrumbList\",\"@id\":\"https:\/\/talkpal.ai\/et\/gruusia-keele-grammatika\/#breadcrumb\",\"itemListElement\":[{\"@type\":\"ListItem\",\"position\":1,\"name\":\"Homepage\",\"item\":\"https:\/\/talkpal.ai\/et\/\"},{\"@type\":\"ListItem\",\"position\":2,\"name\":\"Gruusia keele grammatika\"}]},{\"@type\":\"WebSite\",\"@id\":\"https:\/\/talkpal.ai\/et\/#website\",\"url\":\"https:\/\/talkpal.ai\/et\/\",\"name\":\"Talkpal\",\"description\":\"AI Language Learning\",\"publisher\":{\"@id\":\"https:\/\/talkpal.ai\/et\/#organization\"},\"alternateName\":\"Talkpal AI\",\"potentialAction\":[{\"@type\":\"SearchAction\",\"target\":{\"@type\":\"EntryPoint\",\"urlTemplate\":\"https:\/\/talkpal.ai\/et\/?s={search_term_string}\"},\"query-input\":{\"@type\":\"PropertyValueSpecification\",\"valueRequired\":true,\"valueName\":\"search_term_string\"}}],\"inLanguage\":\"et\"},{\"@type\":\"Organization\",\"@id\":\"https:\/\/talkpal.ai\/et\/#organization\",\"name\":\"Talkpal, Inc.\",\"alternateName\":\"Talkpal AI\",\"url\":\"https:\/\/talkpal.ai\/et\/\",\"logo\":{\"@type\":\"ImageObject\",\"inLanguage\":\"et\",\"@id\":\"https:\/\/talkpal.ai\/et\/#\/schema\/logo\/image\/\",\"url\":\"https:\/\/talkpal.ai\/wp-content\/uploads\/2024\/03\/Talkpal-Logo-Icon.png\",\"contentUrl\":\"https:\/\/talkpal.ai\/wp-content\/uploads\/2024\/03\/Talkpal-Logo-Icon.png\",\"width\":2880,\"height\":2880,\"caption\":\"Talkpal, Inc.\"},\"image\":{\"@id\":\"https:\/\/talkpal.ai\/et\/#\/schema\/logo\/image\/\"},\"sameAs\":[\"https:\/\/www.facebook.com\/profile.php?id=100090733639311\",\"https:\/\/x.com\/talkpalai\",\"https:\/\/www.linkedin.com\/company\/talkpal\/\",\"https:\/\/www.youtube.com\/@TalkPal\/\",\"https:\/\/www.tiktok.com\/@talkpal\",\"https:\/\/www.instagram.com\/talkpal_ai\/\",\"https:\/\/www.crunchbase.com\/organization\/talkpal-9cde\",\"https:\/\/www.g2.com\/products\/talkpal-for-business\/\",\"https:\/\/www.trustpilot.com\/review\/talkpal.ai\",\"https:\/\/www.capterra.com\/p\/10006800\/TalkPal\/\"],\"description\":\"Talkpal is a language learning web and mobile education app, powered by the latest AI technologies, that provides engaging experiences to its customers in many different languages to help them improve their language skills. Users can chat about unlimited amount of topics with the app and use other modes to practice their language learning.\",\"email\":\"support@talkpal.ai\",\"legalName\":\"Talkpal, Inc.\",\"foundingDate\":\"2023-04-03\",\"duns\":\"118989042\",\"numberOfEmployees\":{\"@type\":\"QuantitativeValue\",\"minValue\":\"11\",\"maxValue\":\"50\"},\"publishingPrinciples\":\"https:\/\/talkpal.ai\/publishing-principles\/\",\"actionableFeedbackPolicy\":\"https:\/\/talkpal.ai\/actionable-feedback-policy\/\",\"correctionsPolicy\":\"https:\/\/talkpal.ai\/corrections-policy\/\",\"ethicsPolicy\":\"https:\/\/talkpal.ai\/ethics-policy\/\",\"diversityPolicy\":\"https:\/\/talkpal.ai\/diversity-policy\/\",\"diversityStaffingReport\":\"https:\/\/talkpal.ai\/diversity-policy\/\"}]}<\/script>\n<!-- \/ Yoast SEO Premium plugin. -->","yoast_head_json":{"title":"Gruusia keele grammatika - Talkpal","description":"\u00d5ppige gruusia keele grammatikareeglid ja t\u00e4hestik kiiresti \u00e4ra meie p\u00f5hjaliku juhendi ja tehisintellekti keele\u00f5petajaga.","robots":{"index":"index","follow":"follow","max-snippet":"max-snippet:-1","max-image-preview":"max-image-preview:large","max-video-preview":"max-video-preview:-1"},"canonical":"https:\/\/talkpal.ai\/et\/gruusia-keele-grammatika\/","og_locale":"et_EE","og_type":"article","og_title":"Gruusia keele grammatika","og_description":"Gruusia keele grammatika keerukuses navigeerimine Gruusia keel, rikkaliku ajaloo ja kultuurilise t\u00e4htsusega kartveli keel, pakub p\u00f5nevat keelelist","og_url":"https:\/\/talkpal.ai\/et\/gruusia-keele-grammatika\/","og_site_name":"Talkpal","article_publisher":"https:\/\/www.facebook.com\/profile.php?id=100090733639311","article_modified_time":"2025-12-30T14:53:04+00:00","og_image":[{"width":2880,"height":1620,"url":"https:\/\/talkpal.ai\/wp-content\/uploads\/2025\/02\/Progress-tab-16_9.png","type":"image\/png"}],"twitter_card":"summary_large_image","twitter_site":"@talkpalai","twitter_misc":{"Est. reading time":"3 minutit"},"schema":{"@context":"https:\/\/schema.org","@graph":[{"@type":"WebPage","@id":"https:\/\/talkpal.ai\/et\/gruusia-keele-grammatika\/","url":"https:\/\/talkpal.ai\/et\/gruusia-keele-grammatika\/","name":"Gruusia keele grammatika - Talkpal","isPartOf":{"@id":"https:\/\/talkpal.ai\/et\/#website"},"datePublished":"2025-11-11T17:01:21+00:00","dateModified":"2025-12-30T14:53:04+00:00","description":"\u00d5ppige gruusia keele grammatikareeglid ja t\u00e4hestik kiiresti \u00e4ra meie p\u00f5hjaliku juhendi ja tehisintellekti keele\u00f5petajaga.","breadcrumb":{"@id":"https:\/\/talkpal.ai\/et\/gruusia-keele-grammatika\/#breadcrumb"},"inLanguage":"et","potentialAction":[{"@type":"ReadAction","target":["https:\/\/talkpal.ai\/et\/gruusia-keele-grammatika\/"]}]},{"@type":"BreadcrumbList","@id":"https:\/\/talkpal.ai\/et\/gruusia-keele-grammatika\/#breadcrumb","itemListElement":[{"@type":"ListItem","position":1,"name":"Homepage","item":"https:\/\/talkpal.ai\/et\/"},{"@type":"ListItem","position":2,"name":"Gruusia keele grammatika"}]},{"@type":"WebSite","@id":"https:\/\/talkpal.ai\/et\/#website","url":"https:\/\/talkpal.ai\/et\/","name":"Talkpal","description":"AI Language Learning","publisher":{"@id":"https:\/\/talkpal.ai\/et\/#organization"},"alternateName":"Talkpal AI","potentialAction":[{"@type":"SearchAction","target":{"@type":"EntryPoint","urlTemplate":"https:\/\/talkpal.ai\/et\/?s={search_term_string}"},"query-input":{"@type":"PropertyValueSpecification","valueRequired":true,"valueName":"search_term_string"}}],"inLanguage":"et"},{"@type":"Organization","@id":"https:\/\/talkpal.ai\/et\/#organization","name":"Talkpal, Inc.","alternateName":"Talkpal AI","url":"https:\/\/talkpal.ai\/et\/","logo":{"@type":"ImageObject","inLanguage":"et","@id":"https:\/\/talkpal.ai\/et\/#\/schema\/logo\/image\/","url":"https:\/\/talkpal.ai\/wp-content\/uploads\/2024\/03\/Talkpal-Logo-Icon.png","contentUrl":"https:\/\/talkpal.ai\/wp-content\/uploads\/2024\/03\/Talkpal-Logo-Icon.png","width":2880,"height":2880,"caption":"Talkpal, Inc."},"image":{"@id":"https:\/\/talkpal.ai\/et\/#\/schema\/logo\/image\/"},"sameAs":["https:\/\/www.facebook.com\/profile.php?id=100090733639311","https:\/\/x.com\/talkpalai","https:\/\/www.linkedin.com\/company\/talkpal\/","https:\/\/www.youtube.com\/@TalkPal\/","https:\/\/www.tiktok.com\/@talkpal","https:\/\/www.instagram.com\/talkpal_ai\/","https:\/\/www.crunchbase.com\/organization\/talkpal-9cde","https:\/\/www.g2.com\/products\/talkpal-for-business\/","https:\/\/www.trustpilot.com\/review\/talkpal.ai","https:\/\/www.capterra.com\/p\/10006800\/TalkPal\/"],"description":"Talkpal is a language learning web and mobile education app, powered by the latest AI technologies, that provides engaging experiences to its customers in many different languages to help them improve their language skills. Users can chat about unlimited amount of topics with the app and use other modes to practice their language learning.","email":"support@talkpal.ai","legalName":"Talkpal, Inc.","foundingDate":"2023-04-03","duns":"118989042","numberOfEmployees":{"@type":"QuantitativeValue","minValue":"11","maxValue":"50"},"publishingPrinciples":"https:\/\/talkpal.ai\/publishing-principles\/","actionableFeedbackPolicy":"https:\/\/talkpal.ai\/actionable-feedback-policy\/","correctionsPolicy":"https:\/\/talkpal.ai\/corrections-policy\/","ethicsPolicy":"https:\/\/talkpal.ai\/ethics-policy\/","diversityPolicy":"https:\/\/talkpal.ai\/diversity-policy\/","diversityStaffingReport":"https:\/\/talkpal.ai\/diversity-policy\/"}]}},"_links":{"self":[{"href":"https:\/\/talkpal.ai\/et\/wp-json\/wp\/v2\/pages\/1475437","targetHints":{"allow":["GET"]}}],"collection":[{"href":"https:\/\/talkpal.ai\/et\/wp-json\/wp\/v2\/pages"}],"about":[{"href":"https:\/\/talkpal.ai\/et\/wp-json\/wp\/v2\/types\/page"}],"author":[{"embeddable":true,"href":"https:\/\/talkpal.ai\/et\/wp-json\/wp\/v2\/users\/20"}],"replies":[{"embeddable":true,"href":"https:\/\/talkpal.ai\/et\/wp-json\/wp\/v2\/comments?post=1475437"}],"version-history":[{"count":0,"href":"https:\/\/talkpal.ai\/et\/wp-json\/wp\/v2\/pages\/1475437\/revisions"}],"wp:attachment":[{"href":"https:\/\/talkpal.ai\/et\/wp-json\/wp\/v2\/media?parent=1475437"}],"curies":[{"name":"wp","href":"https:\/\/api.w.org\/{rel}","templated":true}]}}