{"id":1475410,"date":"2025-11-11T12:32:58","date_gmt":"2025-11-11T12:32:58","guid":{"rendered":"https:\/\/talkpal.ai\/albaania-keele-grammatikaharjutused\/"},"modified":"2025-12-30T15:40:01","modified_gmt":"2025-12-30T15:40:01","slug":"albaania-keele-grammatikaharjutused","status":"publish","type":"page","link":"https:\/\/talkpal.ai\/et\/albaania-keele-grammatikaharjutused\/","title":{"rendered":"Albaania keele grammatikaharjutused"},"content":{"rendered":"\r\n\r\n\r\n<section class=\"languageChallengeSection\">\r\n    <div class=\"languageInfoWrapper\">\r\n        \r\n        <h1>Albaania keele grammatikaharjutused<\/h1>\r\n        <p>Kas olete valmis sukelduma <a href=\"https:\/\/talkpal.ai\/learn-albanian\/\">albaania<\/a> keele grammatikasse? M\u00f5nede p\u00f5hit\u00f5dede harjutamine aitab teil selle ainulaadse ja ilusa keelega mugavalt hakkama saada. Proovige neid harjutusi, et suurendada oma enesekindlust ja l\u00f5butseda samal ajal!<\/p>\r\n\r\n                            <a class=\"getStartedHidden\" href=\"https:\/\/app.talkpal.ai\/et\/signup?lng=\">Alusta<\/a>\r\n        \r\n    <\/div>\r\n\r\n    <figure>\r\n    <img decoding=\"async\" width=\"768\" height=\"768\" src=\"https:\/\/talkpal.ai\/wp-content\/uploads\/2023\/06\/welsh-768x768.png\" class=\"languageImage no-lazy\" alt=\"Language learning for better cognitive abilities\" fetchpriority=\"high\" sizes=\"(max-width: 768px) 150px, 768px\" srcset=\"https:\/\/talkpal.ai\/wp-content\/uploads\/2023\/06\/welsh-768x768.png 768w, https:\/\/talkpal.ai\/wp-content\/uploads\/2023\/06\/welsh-300x300.png 300w\" \/>\r\n    \r\n\r\n    <\/figure>\r\n\r\n            <a class=\"getStartedVisible\" href=\"https:\/\/app.talkpal.ai\/et\/signup?lng=\">Alusta<\/a>\r\n    \r\n<\/section><section class=\"promotionalBanner\">\r\n    <p class=\"promotionalText\">K\u00f5ige t\u00f5husam viis keele \u00f5ppimiseks<\/p>\r\n    <a class=\"promotionalLink\" href=\"https:\/\/app.talkpal.ai\/et\/signup?lng=\">Proovige Talkpal tasuta<\/a>\r\n<\/section>\n<div class=\"wp-block-group pageContainerStyle\"><div class=\"wp-block-group__inner-container is-layout-constrained wp-block-group-is-layout-constrained\">\n<h2 class=\"wp-block-heading\" id=\"h-albanian-grammar-topics\">Albaania keele grammatika teemad<\/h2>\n\n\n\n<p><a href=\"https:\/\/talkpal.ai\/et\/suurimad-vead-mida-valtida-uue-keele-oppimisel\/\">Uue keele \u00f5ppimine<\/a> v\u00f5ib olla keeruline, kuid rahuldust pakkuv ettev\u00f5tmine. <a href=\"https:\/\/talkpal.ai\/et\/oppige-albaania-keelt\/\">Albaania keel<\/a>, indoeuroopa keel, mida k\u00f5neldakse peamiselt Albaanias, pole erand. Oma ainulaadsete omaduste ja struktuuridega n\u00f5uab <a href=\"https:\/\/talkpal.ai\/learn-albanian\/\">albaania<\/a> keele <a href=\"https:\/\/talkpal.ai\/et\/talkpal-for-education\/\">\u00f5ppimine<\/a> s\u00fcstemaatilist l\u00e4henemist selle rikkaliku <a href=\"https:\/\/talkpal.ai\/greek-grammar\/\">grammatika<\/a> m\u00f5istmiseks. See juhend kirjeldab <a href=\"https:\/\/talkpal.ai\/et\/albaania-keele-grammatika\/\">albaania keele grammatika<\/a> p\u00f5hivaldkondi loogilises j\u00e4rjestuses <a href=\"https:\/\/talkpal.ai\/et\/ai-chatbot-keeleoppeks\/\">keele\u00f5ppeks<\/a>, alustades p\u00f5hit\u00f5dedest, nagu nimis\u00f5nad ja artiklid, ning liikudes edasi keerukamate valdkondadeni, nagu ajavormid ja lauseehitus.<\/p>\n\n\n\n<h3 class=\"wp-block-heading\" id=\"h-1-nouns\">1. Nimis\u00f5nad:<\/h3>\n\n\n\n<p>Alustage oma albaania keele teekonda nimis\u00f5nade \u00f5ppimisega. See h\u00f5lmab soo ja arvu, tavaliste ja p\u00e4risnimede ning nende mitmuse vormide m\u00f5istmist. Albaania nimis\u00f5nad k\u00e4\u00e4navad ka k\u00e4\u00e4nde jaoks ja neil on nii m\u00e4\u00e4ramata kui ka kindlad vormid, kusjuures m\u00e4\u00e4ratust t\u00e4histab sageli nimis\u00f5nale lisatud j\u00e4relliide.<\/p>\n\n\n\n<h3 class=\"wp-block-heading\" id=\"h-2-articles\">2. Artiklid:<\/h3>\n\n\n\n<p>Albaaniakeelsed artiklid t\u00f6\u00f6tavad <a href=\"https:\/\/talkpal.ai\/learn-english\/\">inglise<\/a> <a href=\"https:\/\/talkpal.ai\/ai-english-speaking-practice\/\">keelest<\/a> erinevalt. M\u00e4\u00e4rav artikkel on tavaliselt nimis\u00f5nale lisatud j\u00e4relliide, samas kui m\u00e4\u00e4ramata artikkel on eraldi s\u00f5na nj\u00eb ainsuses. Albaania keeles kasutatakse ka linkivat artiklit omaduss\u00f5nade ees ja teatud genitiivikonstruktsioonides, mis \u00fchtib soo ja arvu poolest.<\/p>\n\n\n\n<h3 class=\"wp-block-heading\" id=\"h-3-adjectives\">3. Omaduss\u00f5nad:<\/h3>\n\n\n\n<p>Albaania keeles j\u00e4rgivad omaduss\u00f5nad tavaliselt nimis\u00f5nu. \u00dcksmeelsust n\u00e4itab omaduss\u00f5na ette asetatud linkiv artikkel, mis peegeldab nimis\u00f5na sugu, numbrit ja k\u00e4\u00e4net. \u00d5ppige, kuidas moodustada komparatiivisid ja \u00fcliv\u00f5rdeid, tavaliselt m\u00eb v\u00f5rdleva ja m\u00e4\u00e4rava vormiga \u00fcliv\u00f5rde.<\/p>\n\n\n\n<h3 class=\"wp-block-heading\" id=\"h-4-pronouns-determiners\">4. Ases\u00f5nad\/m\u00e4\u00e4rajad:<\/h3>\n\n\n\n<p>Ases\u00f5nad ja m\u00e4\u00e4rajad on albaania keeles olulised; need asendavad nimis\u00f5nu ja annavad teavet isiku, valduse, koguse ja muu kohta. P\u00f6\u00f6rake erilist t\u00e4helepanu kliitilistele objekti ases\u00f5nadele, mis esinevad sageli enne tegus\u00f5na, ja omastavatele m\u00e4\u00e4rajatele, mis n\u00f5ustuvad nimis\u00f5naga, mida nad muudavad.<\/p>\n\n\n\n<h3 class=\"wp-block-heading\" id=\"h-5-verbs\">5. Tegus\u00f5nad:<\/h3>\n\n\n\n<p>Albaania verbid muudavad isiku ja numbri vormi ning neid kasutatakse mitmes meeleolus, nagu indikatiiv, subjunktiiv, imperatiiv, tingimuslik ja imetlusv\u00e4\u00e4rne. Alustage oleviku ja tavaliste minevikuvormidega, seej\u00e4rel laiendage teiste meeleolude ja h\u00e4\u00e4ltega, sealhulgas passiivsete moodustistega.<\/p>\n\n\n\n<h3 class=\"wp-block-heading\" id=\"h-6-tenses\">6. Ajavormid:<\/h3>\n\n\n\n<p>P\u00e4rast verbivormide valdamist s\u00fcvenege albaania ajavormidesse. V\u00f5tmevormid h\u00f5lmavad olevikku, ebat\u00e4iuslikku, aoristlikku, t\u00e4iuslikku olevikku, pluperfekti ja tuleviku vorme. Siit saate teada, kuidas <a href=\"https:\/\/talkpal.ai\/locations\/language-courses-in-iga\/\">iga<\/a> ajavormi kasutatakse kontekstis, et v\u00e4ljendada l\u00f5petatud tegevusi, k\u00e4imasolevaid tegevusi ja tulevasi s\u00fcndmusi.<\/p>\n\n\n\n<h3 class=\"wp-block-heading\" id=\"h-7-tense-comparison\">7. Pingeline v\u00f5rdlus:<\/h3>\n\n\n\n<p>Albaania keeles ajavormide v\u00f5rdlemine aitab m\u00f5ista s\u00fcndmuste j\u00e4rjestust ja aspekti. Vastandage aoristi t\u00e4iusliku olevikuga ja ebat\u00e4iuslikku aoristiga, et n\u00e4ha, kuidas <a href=\"https:\/\/talkpal.ai\/et\/oppige-albaania-keelt\/\">albaania keel<\/a> eristab \u00fcksikuid l\u00f5petatud tegevusi, k\u00e4imasolevaid minevikutegevusi ja praegust asjakohasust.<\/p>\n\n\n\n<h3 class=\"wp-block-heading\" id=\"h-8-progressive\">8. Progressiivne:<\/h3>\n\n\n\n<p>Albaania keeles v\u00e4ljendatakse progressiivset aspekti tavaliselt partikliga po enne l\u00f5plikku verbi v\u00f5i struktuuriga jam hertsog, millele j\u00e4rgneb verbaalne nimis\u00f5na v\u00f5i kesks\u00f5na. Kasutage neid k\u00e4imasolevate tegevuste v\u00e4ljendamiseks olevikus v\u00f5i minevikus.<\/p>\n\n\n\n<h3 class=\"wp-block-heading\" id=\"h-9-perfect-progressive\">9. T\u00e4iuslik progressiivne:<\/h3>\n\n\n\n<p>Seda aspekti kasutatakse toimingute v\u00e4ljendamiseks, mis on kestnud kuni teatud punktini. Albaania keeles moodustatakse see kam qen\u00eb hertsogiga, millele j\u00e4rgneb kesks\u00f5na oleviku t\u00e4iuslik progressiivne ja kisha qen\u00eb hertsog mineviku t\u00e4iusliku progressiivse jaoks.<\/p>\n\n\n\n<h3 class=\"wp-block-heading\" id=\"h-10-conditionals\">10. Tingimused:<\/h3>\n\n\n\n<p>Tingimused v\u00e4ljendavad h\u00fcpoteetilisi olukordi ja nende v\u00f5imalikke tulemusi. Albaania keeles kasutatakse vorme koos do t\u00eb pluss sobiv verbivorm v\u00f5imalike v\u00f5i ebareaalsete olukordade jaoks ning if-lauseid, mis on sisse toodud n\u00ebse v\u00f5i po t\u00eb. Nende valdamine lisab teie keeleoskusele n\u00fcansse.<\/p>\n\n\n\n<h3 class=\"wp-block-heading\" id=\"h-11-adverbs\">11. M\u00e4\u00e4rs\u00f5nad:<\/h3>\n\n\n\n<p>Albaania m\u00e4\u00e4rs\u00f5nad muudavad tegus\u00f5nu, omaduss\u00f5nu v\u00f5i muid m\u00e4\u00e4rs\u00f5nu. Need annavad teavet viisi, koha, aja, astme ja muu kohta, kasutades sageli omaduss\u00f5nadega identseid vorme v\u00f5i fikseeritud m\u00e4\u00e4rs\u00f5nasid, nagu tani, dje, k\u00ebtu ja atje.<\/p>\n\n\n\n<h3 class=\"wp-block-heading\" id=\"h-12-prepositions\">12. Eess\u00f5nad:<\/h3>\n\n\n\n<p>Eess\u00f5nad seovad s\u00f5nu ja fraase omavahel. Nad v\u00e4ljendavad aja, koha, suuna ja muu suhteid, kasutades tavalisi esemeid nagu n\u00eb, te, tek, me, pa, p\u00ebr, nga, mbi, n\u00ebn, para ja pas. Siit saate teada, kuidas neid kombineerida k\u00e4\u00e4nete ja nimis\u00f5nafraaside linkiva artikliga.<\/p>\n\n\n\n<h3 class=\"wp-block-heading\" id=\"h-13-sentences\">13. Laused:<\/h3>\n\n\n\n<p>L\u00f5puks harjutage lausete koostamist. Albaania keel on tavaliselt paindliku s\u00f5naj\u00e4rjega, millel on \u00fchine SVO-muster, kasutab verbi ees kliitilisi ases\u00f5nu, eitab nukiga ja moodustab k\u00fcsimusi intonatsiooni v\u00f5i a-ga. K\u00f5igi varem \u00f5pitud grammatikapunktide kasutamine kontekstis tagab albaania keele igak\u00fclgse m\u00f5istmise.<\/p>\n<\/div><\/div>\n\r\n<section class=\"learnNavigationSection\">\r\n            \r\n        <a href=\"https:\/\/talkpal.ai\/et\/oppige-albaania-keelt\/\">\r\n            <div class=\"learnNavigationWrapper\">\r\n                <div class=\"learnNavigationContent\">\r\n                    <img decoding=\"async\" src=\"https:\/\/talkpal.ai\/wp-content\/uploads\/2025\/11\/Albanian.png\" alt=\"Albanian Flag\">\r\n                    <div>\r\n                        <h4>Albaania keele \u00f5ppimise kohta<\/h4>\r\n                        <p>Uurige k\u00f5ike albaania keele grammatika kohta.<\/p>\r\n                    <\/div>\r\n                <\/div>\r\n            <\/div>\r\n        <\/a>\r\n\r\n        \r\n        <a href=\"https:\/\/talkpal.ai\/et\/albaania-keele-grammatika\/\">\r\n            <div class=\"learnNavigationWrapper\">\r\n                <div class=\"learnNavigationContent\">\r\n                    <img decoding=\"async\" src=\"https:\/\/talkpal.ai\/wp-content\/uploads\/2025\/11\/Albanian.png\" alt=\"Albanian Flag\">\r\n                    <div>\r\n                        <h4>Albaania keele grammatika tunnid<\/h4>\r\n                        <p>Harjutage albaania keele grammatikat.<\/p>\r\n                    <\/div>\r\n                <\/div>\r\n            <\/div>\r\n        <\/a>\r\n\r\n            <\/section>","protected":false},"excerpt":{"rendered":"<p>Albaania keele grammatika teemad Uue keele \u00f5ppimine v\u00f5ib olla keeruline, kuid rahuldust pakkuv ettev\u00f5tmine. Albaania keel, indoeuroopa keel, mida k\u00f5neldakse peamiselt Albaanias, pole erand. Oma ainulaadsete omaduste ja struktuuridega n\u00f5uab albaania keele \u00f5ppimine s\u00fcstemaatilist l\u00e4henemist selle rikkaliku grammatika m\u00f5istmiseks. See juhend kirjeldab albaania keele grammatika p\u00f5hivaldkondi loogilises j\u00e4rjestuses keele\u00f5ppeks, alustades p\u00f5hit\u00f5dedest, nagu nimis\u00f5nad ja artiklid, [&hellip;]<\/p>\n","protected":false},"author":20,"featured_media":0,"parent":0,"menu_order":0,"comment_status":"closed","ping_status":"closed","template":"LearningContentPage.php","meta":{"_acf_changed":false,"footnotes":""},"class_list":["post-1475410","page","type-page","status-publish","hentry"],"acf":[],"yoast_head":"<!-- This site is optimized with the Yoast SEO Premium plugin v27.2 (Yoast SEO v27.2) - https:\/\/yoast.com\/product\/yoast-seo-premium-wordpress\/ -->\n<title>Albaania keele grammatikaharjutused - Talkpal<\/title>\n<meta name=\"description\" content=\"Parandage oma albaania keele oskust Talkpal&#039;i interaktiivsete grammatikaharjutuste abil, mis h\u00f5lmavad nimis\u00f5nu, verbe, ajavormi ja lausekonstruktsioone.\" \/>\n<meta name=\"robots\" content=\"index, follow, max-snippet:-1, max-image-preview:large, max-video-preview:-1\" \/>\n<link rel=\"canonical\" href=\"https:\/\/talkpal.ai\/et\/albaania-keele-grammatikaharjutused\/\" \/>\n<meta property=\"og:locale\" content=\"et_EE\" \/>\n<meta property=\"og:type\" content=\"article\" \/>\n<meta property=\"og:title\" content=\"Albaania keele grammatikaharjutused\" \/>\n<meta property=\"og:description\" content=\"Albaania keele grammatika teemad Uue keele \u00f5ppimine v\u00f5ib olla keeruline, kuid rahuldust pakkuv ettev\u00f5tmine. Albaania keel, indoeuroopa keel, mida\" \/>\n<meta property=\"og:url\" content=\"https:\/\/talkpal.ai\/et\/albaania-keele-grammatikaharjutused\/\" \/>\n<meta property=\"og:site_name\" content=\"Talkpal\" \/>\n<meta property=\"article:publisher\" content=\"https:\/\/www.facebook.com\/profile.php?id=100090733639311\" \/>\n<meta property=\"article:modified_time\" content=\"2025-12-30T15:40:01+00:00\" \/>\n<meta property=\"og:image\" content=\"https:\/\/talkpal.ai\/wp-content\/uploads\/2025\/02\/Progress-tab-16_9.png\" \/>\n\t<meta property=\"og:image:width\" content=\"2880\" \/>\n\t<meta property=\"og:image:height\" content=\"1620\" \/>\n\t<meta property=\"og:image:type\" content=\"image\/png\" \/>\n<meta name=\"twitter:card\" content=\"summary_large_image\" \/>\n<meta name=\"twitter:site\" content=\"@talkpalai\" \/>\n<meta name=\"twitter:label1\" content=\"Est. reading time\" \/>\n\t<meta name=\"twitter:data1\" content=\"3 minutit\" \/>\n<script type=\"application\/ld+json\" class=\"yoast-schema-graph\">{\"@context\":\"https:\/\/schema.org\",\"@graph\":[{\"@type\":\"WebPage\",\"@id\":\"https:\/\/talkpal.ai\/et\/albaania-keele-grammatikaharjutused\/\",\"url\":\"https:\/\/talkpal.ai\/et\/albaania-keele-grammatikaharjutused\/\",\"name\":\"Albaania keele grammatikaharjutused - Talkpal\",\"isPartOf\":{\"@id\":\"https:\/\/talkpal.ai\/et\/#website\"},\"datePublished\":\"2025-11-11T12:32:58+00:00\",\"dateModified\":\"2025-12-30T15:40:01+00:00\",\"description\":\"Parandage oma albaania keele oskust Talkpal'i interaktiivsete grammatikaharjutuste abil, mis h\u00f5lmavad nimis\u00f5nu, verbe, ajavormi ja lausekonstruktsioone.\",\"breadcrumb\":{\"@id\":\"https:\/\/talkpal.ai\/et\/albaania-keele-grammatikaharjutused\/#breadcrumb\"},\"inLanguage\":\"et\",\"potentialAction\":[{\"@type\":\"ReadAction\",\"target\":[\"https:\/\/talkpal.ai\/et\/albaania-keele-grammatikaharjutused\/\"]}]},{\"@type\":\"BreadcrumbList\",\"@id\":\"https:\/\/talkpal.ai\/et\/albaania-keele-grammatikaharjutused\/#breadcrumb\",\"itemListElement\":[{\"@type\":\"ListItem\",\"position\":1,\"name\":\"Homepage\",\"item\":\"https:\/\/talkpal.ai\/et\/\"},{\"@type\":\"ListItem\",\"position\":2,\"name\":\"Albaania keele grammatikaharjutused\"}]},{\"@type\":\"WebSite\",\"@id\":\"https:\/\/talkpal.ai\/et\/#website\",\"url\":\"https:\/\/talkpal.ai\/et\/\",\"name\":\"Talkpal\",\"description\":\"AI Language Learning\",\"publisher\":{\"@id\":\"https:\/\/talkpal.ai\/et\/#organization\"},\"alternateName\":\"Talkpal AI\",\"potentialAction\":[{\"@type\":\"SearchAction\",\"target\":{\"@type\":\"EntryPoint\",\"urlTemplate\":\"https:\/\/talkpal.ai\/et\/?s={search_term_string}\"},\"query-input\":{\"@type\":\"PropertyValueSpecification\",\"valueRequired\":true,\"valueName\":\"search_term_string\"}}],\"inLanguage\":\"et\"},{\"@type\":\"Organization\",\"@id\":\"https:\/\/talkpal.ai\/et\/#organization\",\"name\":\"Talkpal, Inc.\",\"alternateName\":\"Talkpal AI\",\"url\":\"https:\/\/talkpal.ai\/et\/\",\"logo\":{\"@type\":\"ImageObject\",\"inLanguage\":\"et\",\"@id\":\"https:\/\/talkpal.ai\/et\/#\/schema\/logo\/image\/\",\"url\":\"https:\/\/talkpal.ai\/wp-content\/uploads\/2024\/03\/Talkpal-Logo-Icon.png\",\"contentUrl\":\"https:\/\/talkpal.ai\/wp-content\/uploads\/2024\/03\/Talkpal-Logo-Icon.png\",\"width\":2880,\"height\":2880,\"caption\":\"Talkpal, Inc.\"},\"image\":{\"@id\":\"https:\/\/talkpal.ai\/et\/#\/schema\/logo\/image\/\"},\"sameAs\":[\"https:\/\/www.facebook.com\/profile.php?id=100090733639311\",\"https:\/\/x.com\/talkpalai\",\"https:\/\/www.linkedin.com\/company\/talkpal\/\",\"https:\/\/www.youtube.com\/@TalkPal\/\",\"https:\/\/www.tiktok.com\/@talkpal\",\"https:\/\/www.instagram.com\/talkpal_ai\/\",\"https:\/\/www.crunchbase.com\/organization\/talkpal-9cde\",\"https:\/\/www.g2.com\/products\/talkpal-for-business\/\",\"https:\/\/www.trustpilot.com\/review\/talkpal.ai\",\"https:\/\/www.capterra.com\/p\/10006800\/TalkPal\/\"],\"description\":\"Talkpal is a language learning web and mobile education app, powered by the latest AI technologies, that provides engaging experiences to its customers in many different languages to help them improve their language skills. Users can chat about unlimited amount of topics with the app and use other modes to practice their language learning.\",\"email\":\"support@talkpal.ai\",\"legalName\":\"Talkpal, Inc.\",\"foundingDate\":\"2023-04-03\",\"duns\":\"118989042\",\"numberOfEmployees\":{\"@type\":\"QuantitativeValue\",\"minValue\":\"11\",\"maxValue\":\"50\"},\"publishingPrinciples\":\"https:\/\/talkpal.ai\/publishing-principles\/\",\"actionableFeedbackPolicy\":\"https:\/\/talkpal.ai\/actionable-feedback-policy\/\",\"correctionsPolicy\":\"https:\/\/talkpal.ai\/corrections-policy\/\",\"ethicsPolicy\":\"https:\/\/talkpal.ai\/ethics-policy\/\",\"diversityPolicy\":\"https:\/\/talkpal.ai\/diversity-policy\/\",\"diversityStaffingReport\":\"https:\/\/talkpal.ai\/diversity-policy\/\"}]}<\/script>\n<!-- \/ Yoast SEO Premium plugin. -->","yoast_head_json":{"title":"Albaania keele grammatikaharjutused - Talkpal","description":"Parandage oma albaania keele oskust Talkpal'i interaktiivsete grammatikaharjutuste abil, mis h\u00f5lmavad nimis\u00f5nu, verbe, ajavormi ja lausekonstruktsioone.","robots":{"index":"index","follow":"follow","max-snippet":"max-snippet:-1","max-image-preview":"max-image-preview:large","max-video-preview":"max-video-preview:-1"},"canonical":"https:\/\/talkpal.ai\/et\/albaania-keele-grammatikaharjutused\/","og_locale":"et_EE","og_type":"article","og_title":"Albaania keele grammatikaharjutused","og_description":"Albaania keele grammatika teemad Uue keele \u00f5ppimine v\u00f5ib olla keeruline, kuid rahuldust pakkuv ettev\u00f5tmine. Albaania keel, indoeuroopa keel, mida","og_url":"https:\/\/talkpal.ai\/et\/albaania-keele-grammatikaharjutused\/","og_site_name":"Talkpal","article_publisher":"https:\/\/www.facebook.com\/profile.php?id=100090733639311","article_modified_time":"2025-12-30T15:40:01+00:00","og_image":[{"width":2880,"height":1620,"url":"https:\/\/talkpal.ai\/wp-content\/uploads\/2025\/02\/Progress-tab-16_9.png","type":"image\/png"}],"twitter_card":"summary_large_image","twitter_site":"@talkpalai","twitter_misc":{"Est. reading time":"3 minutit"},"schema":{"@context":"https:\/\/schema.org","@graph":[{"@type":"WebPage","@id":"https:\/\/talkpal.ai\/et\/albaania-keele-grammatikaharjutused\/","url":"https:\/\/talkpal.ai\/et\/albaania-keele-grammatikaharjutused\/","name":"Albaania keele grammatikaharjutused - Talkpal","isPartOf":{"@id":"https:\/\/talkpal.ai\/et\/#website"},"datePublished":"2025-11-11T12:32:58+00:00","dateModified":"2025-12-30T15:40:01+00:00","description":"Parandage oma albaania keele oskust Talkpal'i interaktiivsete grammatikaharjutuste abil, mis h\u00f5lmavad nimis\u00f5nu, verbe, ajavormi ja lausekonstruktsioone.","breadcrumb":{"@id":"https:\/\/talkpal.ai\/et\/albaania-keele-grammatikaharjutused\/#breadcrumb"},"inLanguage":"et","potentialAction":[{"@type":"ReadAction","target":["https:\/\/talkpal.ai\/et\/albaania-keele-grammatikaharjutused\/"]}]},{"@type":"BreadcrumbList","@id":"https:\/\/talkpal.ai\/et\/albaania-keele-grammatikaharjutused\/#breadcrumb","itemListElement":[{"@type":"ListItem","position":1,"name":"Homepage","item":"https:\/\/talkpal.ai\/et\/"},{"@type":"ListItem","position":2,"name":"Albaania keele grammatikaharjutused"}]},{"@type":"WebSite","@id":"https:\/\/talkpal.ai\/et\/#website","url":"https:\/\/talkpal.ai\/et\/","name":"Talkpal","description":"AI Language Learning","publisher":{"@id":"https:\/\/talkpal.ai\/et\/#organization"},"alternateName":"Talkpal AI","potentialAction":[{"@type":"SearchAction","target":{"@type":"EntryPoint","urlTemplate":"https:\/\/talkpal.ai\/et\/?s={search_term_string}"},"query-input":{"@type":"PropertyValueSpecification","valueRequired":true,"valueName":"search_term_string"}}],"inLanguage":"et"},{"@type":"Organization","@id":"https:\/\/talkpal.ai\/et\/#organization","name":"Talkpal, Inc.","alternateName":"Talkpal AI","url":"https:\/\/talkpal.ai\/et\/","logo":{"@type":"ImageObject","inLanguage":"et","@id":"https:\/\/talkpal.ai\/et\/#\/schema\/logo\/image\/","url":"https:\/\/talkpal.ai\/wp-content\/uploads\/2024\/03\/Talkpal-Logo-Icon.png","contentUrl":"https:\/\/talkpal.ai\/wp-content\/uploads\/2024\/03\/Talkpal-Logo-Icon.png","width":2880,"height":2880,"caption":"Talkpal, Inc."},"image":{"@id":"https:\/\/talkpal.ai\/et\/#\/schema\/logo\/image\/"},"sameAs":["https:\/\/www.facebook.com\/profile.php?id=100090733639311","https:\/\/x.com\/talkpalai","https:\/\/www.linkedin.com\/company\/talkpal\/","https:\/\/www.youtube.com\/@TalkPal\/","https:\/\/www.tiktok.com\/@talkpal","https:\/\/www.instagram.com\/talkpal_ai\/","https:\/\/www.crunchbase.com\/organization\/talkpal-9cde","https:\/\/www.g2.com\/products\/talkpal-for-business\/","https:\/\/www.trustpilot.com\/review\/talkpal.ai","https:\/\/www.capterra.com\/p\/10006800\/TalkPal\/"],"description":"Talkpal is a language learning web and mobile education app, powered by the latest AI technologies, that provides engaging experiences to its customers in many different languages to help them improve their language skills. Users can chat about unlimited amount of topics with the app and use other modes to practice their language learning.","email":"support@talkpal.ai","legalName":"Talkpal, Inc.","foundingDate":"2023-04-03","duns":"118989042","numberOfEmployees":{"@type":"QuantitativeValue","minValue":"11","maxValue":"50"},"publishingPrinciples":"https:\/\/talkpal.ai\/publishing-principles\/","actionableFeedbackPolicy":"https:\/\/talkpal.ai\/actionable-feedback-policy\/","correctionsPolicy":"https:\/\/talkpal.ai\/corrections-policy\/","ethicsPolicy":"https:\/\/talkpal.ai\/ethics-policy\/","diversityPolicy":"https:\/\/talkpal.ai\/diversity-policy\/","diversityStaffingReport":"https:\/\/talkpal.ai\/diversity-policy\/"}]}},"_links":{"self":[{"href":"https:\/\/talkpal.ai\/et\/wp-json\/wp\/v2\/pages\/1475410","targetHints":{"allow":["GET"]}}],"collection":[{"href":"https:\/\/talkpal.ai\/et\/wp-json\/wp\/v2\/pages"}],"about":[{"href":"https:\/\/talkpal.ai\/et\/wp-json\/wp\/v2\/types\/page"}],"author":[{"embeddable":true,"href":"https:\/\/talkpal.ai\/et\/wp-json\/wp\/v2\/users\/20"}],"replies":[{"embeddable":true,"href":"https:\/\/talkpal.ai\/et\/wp-json\/wp\/v2\/comments?post=1475410"}],"version-history":[{"count":0,"href":"https:\/\/talkpal.ai\/et\/wp-json\/wp\/v2\/pages\/1475410\/revisions"}],"wp:attachment":[{"href":"https:\/\/talkpal.ai\/et\/wp-json\/wp\/v2\/media?parent=1475410"}],"curies":[{"name":"wp","href":"https:\/\/api.w.org\/{rel}","templated":true}]}}