{"id":1475388,"date":"2025-11-11T12:01:19","date_gmt":"2025-11-11T12:01:19","guid":{"rendered":"https:\/\/talkpal.ai\/albaania-keele-grammatika\/"},"modified":"2025-12-30T15:37:50","modified_gmt":"2025-12-30T15:37:50","slug":"albaania-keele-grammatika","status":"publish","type":"page","link":"https:\/\/talkpal.ai\/et\/albaania-keele-grammatika\/","title":{"rendered":"Albaania keele grammatika"},"content":{"rendered":"\r\n\r\n\r\n<section class=\"languageChallengeSection\">\r\n    <div class=\"languageInfoWrapper\">\r\n        \r\n        <h1>Albaania keele grammatika<\/h1>\r\n        <p><a href=\"https:\/\/talkpal.ai\/learn-albanian\/\">Albaania<\/a> keele <a href=\"https:\/\/talkpal.ai\/greek-grammar\/\">grammatika<\/a> v\u00f5ib alguses tunduda keeruline, kuid selle ainulaadsed omadused muudavad keele \u00f5ppimise rahuldust pakkuvaks kogemuseks. Uurides selle t\u00e4hestikku, mutatsioone ja grammatikareegleid, saate \u00fclevaate rikkalikust keeletraditsioonist. Alustage oma teekonda ja avastage albaania keele ilu!<\/p>\r\n\r\n                            <a class=\"getStartedHidden\" href=\"https:\/\/app.talkpal.ai\/et\/signup?lng=\">Alusta<\/a>\r\n        \r\n    <\/div>\r\n\r\n    <figure>\r\n    <img decoding=\"async\" width=\"768\" height=\"768\" src=\"https:\/\/talkpal.ai\/wp-content\/uploads\/2023\/06\/welsh-768x768.png\" class=\"languageImage no-lazy\" alt=\"Language learning for better cognitive abilities\" fetchpriority=\"high\" sizes=\"(max-width: 768px) 150px, 768px\" srcset=\"https:\/\/talkpal.ai\/wp-content\/uploads\/2023\/06\/welsh-768x768.png 768w, https:\/\/talkpal.ai\/wp-content\/uploads\/2023\/06\/welsh-300x300.png 300w\" \/>\r\n    \r\n\r\n    <\/figure>\r\n\r\n            <a class=\"getStartedVisible\" href=\"https:\/\/app.talkpal.ai\/et\/signup?lng=\">Alusta<\/a>\r\n    \r\n<\/section><section class=\"promotionalBanner\">\r\n    <p class=\"promotionalText\">K\u00f5ige t\u00f5husam viis keele \u00f5ppimiseks<\/p>\r\n    <a class=\"promotionalLink\" href=\"https:\/\/app.talkpal.ai\/et\/signup?lng=\">Proovige Talkpal tasuta<\/a>\r\n<\/section>\n<div class=\"wp-block-group pageContainerStyle\"><div class=\"wp-block-group__inner-container is-layout-constrained wp-block-group-is-layout-constrained\">\n<h2 class=\"wp-block-heading\" id=\"h-navigating-the-intricacies-of-albanian-grammar\">Albaania keele grammatika keerukuses navigeerimine<\/h2>\n\n\n\n<p><a href=\"https:\/\/talkpal.ai\/et\/oppige-albaania-keelt\/\">Albaania keel<\/a>, indoeuroopa keel, millel on selge haru ja s\u00fcgavad kultuurilised juured, pakub rahuldust pakkuvat teekonda \u00f5ppijatele, keda t\u00f5mbab selle ainulaadne grammatika- ja helis\u00fcsteem. Albaania keelt uurides laiendate oma keelelist t\u00f6\u00f6riistakomplekti, luues samal ajal \u00fchenduse Albaania kultuuri ja laiema albaania keelt k\u00f5neleva maailmaga. Albaania keele grammatika v\u00f5ib alguses tunduda keeruline, kuid selle jagamine p\u00f5hiosadeks muudab edasimineku lihtsaks. Allpool on keskendunud juhend oluliste asjade kohta koos n\u00e4pun\u00e4idetega, mis aitavad teil neid omandada.<\/p>\n\n\n\n<h3 class=\"wp-block-heading\" id=\"h-1-albanian-alphabet-and-phonetics\">1. Albaania t\u00e4hestik ja foneetika<\/h3>\n\n\n\n<p>Albaania t\u00e4hestikus on 36 t\u00e4hte, sealhulgas mitu, mis on kirjutatud digraafidena, kuid mida loetakse \u00fcksikuteks t\u00e4htedeks, n\u00e4iteks dh, gj, ll, nj, rr, sh, th, xh, zh. See kasutab ka \u00e7 ja \u00eb ning t\u00e4ish\u00e4\u00e4lik y t\u00e4histab l\u00e4hedast \u00fcmarat h\u00e4\u00e4likut. Kontrast r ja rr vahel on t\u00e4hendusrikas ning q ja gj on palataalsed peatused, mis erinevad k-st ja g-st. Nende helide ja t\u00e4htedega harjumine valjusti lugemise ja kuulamise harjutamise kaudu on oluline esimene samm.<\/p>\n\n\n\n<h3 class=\"wp-block-heading\" id=\"h-2-definite-articles-and-linkers-a-distinctive-albanian-feature\">2. Kindlad artiklid ja linkijad: Albaania erip\u00e4ra<\/h3>\n\n\n\n<p>Albaania keele tunnuseks on j\u00e4relliide m\u00e4\u00e4rav artikkel, mis kinnitub nimis\u00f5nadele ja varieerub soo ja arvu j\u00e4rgi. Teine m\u00e4rkimisv\u00e4\u00e4rne omadus on nimis\u00f5nafraasi \u00fchendav partikkel, tavaliselt i v\u00f5i e m\u00e4\u00e4ramatus ja t\u00eb v\u00f5i s\u00eb m\u00e4\u00e4ravas ja k\u00e4\u00e4ndekontekstis, mida kasutatakse enne omaduss\u00f5nu ja m\u00f5ningaid modifikaatoreid. Albaania keeles t\u00e4pse suhtluse jaoks on oluline m\u00f5ista, millal ja kuidas m\u00e4\u00e4ratus ja linkija ilmuvad.<\/p>\n\n\n\n<h3 class=\"wp-block-heading\" id=\"h-3-nouns-and-pronouns-gender-and-cases\">3. Nimis\u00f5nad ja ases\u00f5nad: sugu ja juhtumid<\/h3>\n\n\n\n<p>Albaania nimis\u00f5nadel on grammatiline sugu (meessoost v\u00f5i naissoost) ja nad j\u00e4rgivad erinevaid mitmuse moodustamise mustreid. Keel t\u00e4histab nimis\u00f5nafraasis k\u00e4\u00e4ndesuhteid, standardkeeles traditsiooniliselt viit k\u00e4\u00e4net. Ases\u00f5nade hulka kuuluvad isiklikud, omastavad, refleksiivsed, demonstratiivsed ja k\u00fcsivad vormid, samuti verbiga seotud objektiklitika. Nende ases\u00f5nade ja nende paigutusega tutvumine parandab oluliselt teie arusaamist albaania keele grammatikast.<\/p>\n\n\n\n<h3 class=\"wp-block-heading\" id=\"h-4-verbs-structure-and-conjugation\">4. Tegus\u00f5nad: struktuur ja konjugatsioon<\/h3>\n\n\n\n<p>Albaania verbid j\u00e4rgivad erinevat struktuuri ja konjugatsioonimustrit s\u00f5ltuvalt ajast, meeleolust ja isikust. Olulised ajavormid h\u00f5lmavad olevikku, lihtsat minevikku, ebat\u00e4iuslikku ja liitperfekti koos tulevikuga, mis on moodustatud do t\u00eb pluss subjunktiiviga. <a href=\"https:\/\/talkpal.ai\/et\/oppige-albaania-keelt\/\">Albaania keel<\/a> kasutab laialdaselt ka subjunktiivi ning sisaldab tingimuslikke ja imperatiivseid meeleolusid. Levinud verbide konjugatsioonireeglite <a href=\"https:\/\/talkpal.ai\/et\/oppimine\/\">\u00f5ppimine<\/a> parandab teie v\u00f5imet t\u00f5husalt albaania keeles suhelda.<\/p>\n\n\n\n<h3 class=\"wp-block-heading\" id=\"h-5-adjectives-agreement-and-placement\">5. Omaduss\u00f5nad: kokkulepe ja paigutus<\/h3>\n\n\n\n<p>Albaania grammatikas j\u00e4rgivad omaduss\u00f5nad tavaliselt nimis\u00f5na, mida nad muudavad ja n\u00f5ustuvad siduva osakese kaudu, mis n\u00e4itab sugu ja arvu. M\u00f5nel omaduss\u00f5nal on ebaregulaarsed v\u00f5rdlevad ja \u00fcliv\u00f5rdelised mustrid ning v\u00f5rdlevad kasutavad sageli m\u00eb pluss omaduss\u00f5na, samas kui \u00fcliv\u00f5rded lisavad n\u00f5ustuva artikli. Kokkuleppe ja paigutuse valdamine aitab teil k\u00f5lada loomulikult.<\/p>\n\n\n\n<p><strong>N\u00e4ited:<\/strong><\/p>\n\n\n\n<p><strong>\u2013 Dashuri e Madhe (suur armastus)<\/strong><\/p>\n\n\n\n<p><strong>\u2013 f\u00ebmij\u00eb t\u00eb vegj\u00ebl (v\u00e4ikesed lapsed)<\/strong><\/p>\n\n\n\n<h3 class=\"wp-block-heading\" id=\"h-6-engaging-with-the-language\">6. Keelega tegelemine<\/h3>\n\n\n\n<p>K\u00f5ige t\u00f5husam viis albaania keele grammatika t\u00e4ielikuks m\u00f5istmiseks ja omaks v\u00f5tmiseks on keelega j\u00e4rjepidevalt tegeleda. Albaania kirjandust lugedes, Albaania filme v\u00f5i telesarju vaadates, uudiseid ja taskuh\u00e4\u00e4lingusaateid j\u00e4lgides ning aktiivselt emakeelena k\u00f5nelejatega suheldes tugevdate oma arusaamist grammatikast, laiendades samal ajal oma s\u00f5navara.<\/p>\n\n\n\n<h3 class=\"wp-block-heading\" id=\"h-conclusion\">Kokkuv\u00f5te<\/h3>\n\n\n\n<p>Kuigi albaania keele grammatika v\u00f5ib tunduda keeruline, saate seda kaunist keelt valdada p\u00fchendumise, harjutamise ja entusiasmiga. Keskendudes p\u00f5hireeglitele ja tegeledes keelega erinevates kontekstides, parandate kiiresti oma albaania <a href=\"https:\/\/talkpal.ai\/et\/grammatika\/\">keele grammatikaoskust<\/a>. Suksese oma albaania keele teekonnaga ja nautige albaania keele grammatika v\u00e4ljendusrikka ja k\u00fctkestava maailma lahtiharutamist.<\/p>\n<\/div><\/div>\n\r\n<section class=\"learnNavigationSection\">\r\n            \r\n        <a href=\"https:\/\/talkpal.ai\/et\/oppige-albaania-keelt\/\">\r\n            <div class=\"learnNavigationWrapper\">\r\n                <div class=\"learnNavigationContent\">\r\n                    <img decoding=\"async\" src=\"https:\/\/talkpal.ai\/wp-content\/uploads\/2025\/11\/Albanian.png\" alt=\"Albanian Flag\">\r\n                    <div>\r\n                        <h4>Albaania keele \u00f5ppimise kohta<\/h4>\r\n                        <p>Uurige k\u00f5ike albaania keele grammatika kohta.<\/p>\r\n                    <\/div>\r\n                <\/div>\r\n            <\/div>\r\n        <\/a>\r\n\r\n        \r\n        <a href=\"https:\/\/talkpal.ai\/et\/albaania-keele-grammatikaharjutused\/\">\r\n            <div class=\"learnNavigationWrapper\">\r\n                <div class=\"learnNavigationContent\">\r\n                    <img decoding=\"async\" src=\"https:\/\/talkpal.ai\/wp-content\/uploads\/2025\/11\/Albanian.png\" alt=\"Albanian Flag\">\r\n                    <div>\r\n                        <h4>Albaania keele grammatikaharjutus<\/h4>\r\n                        <p>Harjutage albaania keele grammatikat.<\/p>\r\n                    <\/div>\r\n                <\/div>\r\n            <\/div>\r\n        <\/a>\r\n\r\n            <\/section>","protected":false},"excerpt":{"rendered":"<p>Albaania keele grammatika keerukuses navigeerimine Albaania keel, indoeuroopa keel, millel on selge haru ja s\u00fcgavad kultuurilised juured, pakub rahuldust pakkuvat teekonda \u00f5ppijatele, keda t\u00f5mbab selle ainulaadne grammatika- ja helis\u00fcsteem. Albaania keelt uurides laiendate oma keelelist t\u00f6\u00f6riistakomplekti, luues samal ajal \u00fchenduse Albaania kultuuri ja laiema albaania keelt k\u00f5neleva maailmaga. Albaania keele grammatika v\u00f5ib alguses tunduda keeruline, [&hellip;]<\/p>\n","protected":false},"author":20,"featured_media":0,"parent":0,"menu_order":0,"comment_status":"closed","ping_status":"closed","template":"LearningContentPage.php","meta":{"_acf_changed":false,"footnotes":""},"class_list":["post-1475388","page","type-page","status-publish","hentry"],"acf":[],"yoast_head":"<!-- This site is optimized with the Yoast SEO Premium plugin v27.2 (Yoast SEO v27.2) - https:\/\/yoast.com\/product\/yoast-seo-premium-wordpress\/ -->\n<title>Albaania keele grammatika - Talkpal<\/title>\n<meta name=\"description\" content=\"\u00d5ppige albaania keele grammatika p\u00f5hit\u00f5desid, sealhulgas juhtumeid ja verbe, Talkpal&#039;i interaktiivse AI keele\u00f5piku abil.\" \/>\n<meta name=\"robots\" content=\"index, follow, max-snippet:-1, max-image-preview:large, max-video-preview:-1\" \/>\n<link rel=\"canonical\" href=\"https:\/\/talkpal.ai\/et\/albaania-keele-grammatika\/\" \/>\n<meta property=\"og:locale\" content=\"et_EE\" \/>\n<meta property=\"og:type\" content=\"article\" \/>\n<meta property=\"og:title\" content=\"Albaania keele grammatika\" \/>\n<meta property=\"og:description\" content=\"Albaania keele grammatika keerukuses navigeerimine Albaania keel, indoeuroopa keel, millel on selge haru ja s\u00fcgavad kultuurilised juured, pakub rahuldust\" \/>\n<meta property=\"og:url\" content=\"https:\/\/talkpal.ai\/et\/albaania-keele-grammatika\/\" \/>\n<meta property=\"og:site_name\" content=\"Talkpal\" \/>\n<meta property=\"article:publisher\" content=\"https:\/\/www.facebook.com\/profile.php?id=100090733639311\" \/>\n<meta property=\"article:modified_time\" content=\"2025-12-30T15:37:50+00:00\" \/>\n<meta property=\"og:image\" content=\"https:\/\/talkpal.ai\/wp-content\/uploads\/2025\/02\/Progress-tab-16_9.png\" \/>\n\t<meta property=\"og:image:width\" content=\"2880\" \/>\n\t<meta property=\"og:image:height\" content=\"1620\" \/>\n\t<meta property=\"og:image:type\" content=\"image\/png\" \/>\n<meta name=\"twitter:card\" content=\"summary_large_image\" \/>\n<meta name=\"twitter:site\" content=\"@talkpalai\" \/>\n<meta name=\"twitter:label1\" content=\"Est. reading time\" \/>\n\t<meta name=\"twitter:data1\" content=\"3 minutit\" \/>\n<script type=\"application\/ld+json\" class=\"yoast-schema-graph\">{\"@context\":\"https:\/\/schema.org\",\"@graph\":[{\"@type\":\"WebPage\",\"@id\":\"https:\/\/talkpal.ai\/et\/albaania-keele-grammatika\/\",\"url\":\"https:\/\/talkpal.ai\/et\/albaania-keele-grammatika\/\",\"name\":\"Albaania keele grammatika - Talkpal\",\"isPartOf\":{\"@id\":\"https:\/\/talkpal.ai\/et\/#website\"},\"datePublished\":\"2025-11-11T12:01:19+00:00\",\"dateModified\":\"2025-12-30T15:37:50+00:00\",\"description\":\"\u00d5ppige albaania keele grammatika p\u00f5hit\u00f5desid, sealhulgas juhtumeid ja verbe, Talkpal'i interaktiivse AI keele\u00f5piku abil.\",\"breadcrumb\":{\"@id\":\"https:\/\/talkpal.ai\/et\/albaania-keele-grammatika\/#breadcrumb\"},\"inLanguage\":\"et\",\"potentialAction\":[{\"@type\":\"ReadAction\",\"target\":[\"https:\/\/talkpal.ai\/et\/albaania-keele-grammatika\/\"]}]},{\"@type\":\"BreadcrumbList\",\"@id\":\"https:\/\/talkpal.ai\/et\/albaania-keele-grammatika\/#breadcrumb\",\"itemListElement\":[{\"@type\":\"ListItem\",\"position\":1,\"name\":\"Homepage\",\"item\":\"https:\/\/talkpal.ai\/et\/\"},{\"@type\":\"ListItem\",\"position\":2,\"name\":\"Albaania keele grammatika\"}]},{\"@type\":\"WebSite\",\"@id\":\"https:\/\/talkpal.ai\/et\/#website\",\"url\":\"https:\/\/talkpal.ai\/et\/\",\"name\":\"Talkpal\",\"description\":\"AI Language Learning\",\"publisher\":{\"@id\":\"https:\/\/talkpal.ai\/et\/#organization\"},\"alternateName\":\"Talkpal AI\",\"potentialAction\":[{\"@type\":\"SearchAction\",\"target\":{\"@type\":\"EntryPoint\",\"urlTemplate\":\"https:\/\/talkpal.ai\/et\/?s={search_term_string}\"},\"query-input\":{\"@type\":\"PropertyValueSpecification\",\"valueRequired\":true,\"valueName\":\"search_term_string\"}}],\"inLanguage\":\"et\"},{\"@type\":\"Organization\",\"@id\":\"https:\/\/talkpal.ai\/et\/#organization\",\"name\":\"Talkpal, Inc.\",\"alternateName\":\"Talkpal AI\",\"url\":\"https:\/\/talkpal.ai\/et\/\",\"logo\":{\"@type\":\"ImageObject\",\"inLanguage\":\"et\",\"@id\":\"https:\/\/talkpal.ai\/et\/#\/schema\/logo\/image\/\",\"url\":\"https:\/\/talkpal.ai\/wp-content\/uploads\/2024\/03\/Talkpal-Logo-Icon.png\",\"contentUrl\":\"https:\/\/talkpal.ai\/wp-content\/uploads\/2024\/03\/Talkpal-Logo-Icon.png\",\"width\":2880,\"height\":2880,\"caption\":\"Talkpal, Inc.\"},\"image\":{\"@id\":\"https:\/\/talkpal.ai\/et\/#\/schema\/logo\/image\/\"},\"sameAs\":[\"https:\/\/www.facebook.com\/profile.php?id=100090733639311\",\"https:\/\/x.com\/talkpalai\",\"https:\/\/www.linkedin.com\/company\/talkpal\/\",\"https:\/\/www.youtube.com\/@TalkPal\/\",\"https:\/\/www.tiktok.com\/@talkpal\",\"https:\/\/www.instagram.com\/talkpal_ai\/\",\"https:\/\/www.crunchbase.com\/organization\/talkpal-9cde\",\"https:\/\/www.g2.com\/products\/talkpal-for-business\/\",\"https:\/\/www.trustpilot.com\/review\/talkpal.ai\",\"https:\/\/www.capterra.com\/p\/10006800\/TalkPal\/\"],\"description\":\"Talkpal is a language learning web and mobile education app, powered by the latest AI technologies, that provides engaging experiences to its customers in many different languages to help them improve their language skills. Users can chat about unlimited amount of topics with the app and use other modes to practice their language learning.\",\"email\":\"support@talkpal.ai\",\"legalName\":\"Talkpal, Inc.\",\"foundingDate\":\"2023-04-03\",\"duns\":\"118989042\",\"numberOfEmployees\":{\"@type\":\"QuantitativeValue\",\"minValue\":\"11\",\"maxValue\":\"50\"},\"publishingPrinciples\":\"https:\/\/talkpal.ai\/publishing-principles\/\",\"actionableFeedbackPolicy\":\"https:\/\/talkpal.ai\/actionable-feedback-policy\/\",\"correctionsPolicy\":\"https:\/\/talkpal.ai\/corrections-policy\/\",\"ethicsPolicy\":\"https:\/\/talkpal.ai\/ethics-policy\/\",\"diversityPolicy\":\"https:\/\/talkpal.ai\/diversity-policy\/\",\"diversityStaffingReport\":\"https:\/\/talkpal.ai\/diversity-policy\/\"}]}<\/script>\n<!-- \/ Yoast SEO Premium plugin. -->","yoast_head_json":{"title":"Albaania keele grammatika - Talkpal","description":"\u00d5ppige albaania keele grammatika p\u00f5hit\u00f5desid, sealhulgas juhtumeid ja verbe, Talkpal'i interaktiivse AI keele\u00f5piku abil.","robots":{"index":"index","follow":"follow","max-snippet":"max-snippet:-1","max-image-preview":"max-image-preview:large","max-video-preview":"max-video-preview:-1"},"canonical":"https:\/\/talkpal.ai\/et\/albaania-keele-grammatika\/","og_locale":"et_EE","og_type":"article","og_title":"Albaania keele grammatika","og_description":"Albaania keele grammatika keerukuses navigeerimine Albaania keel, indoeuroopa keel, millel on selge haru ja s\u00fcgavad kultuurilised juured, pakub rahuldust","og_url":"https:\/\/talkpal.ai\/et\/albaania-keele-grammatika\/","og_site_name":"Talkpal","article_publisher":"https:\/\/www.facebook.com\/profile.php?id=100090733639311","article_modified_time":"2025-12-30T15:37:50+00:00","og_image":[{"width":2880,"height":1620,"url":"https:\/\/talkpal.ai\/wp-content\/uploads\/2025\/02\/Progress-tab-16_9.png","type":"image\/png"}],"twitter_card":"summary_large_image","twitter_site":"@talkpalai","twitter_misc":{"Est. reading time":"3 minutit"},"schema":{"@context":"https:\/\/schema.org","@graph":[{"@type":"WebPage","@id":"https:\/\/talkpal.ai\/et\/albaania-keele-grammatika\/","url":"https:\/\/talkpal.ai\/et\/albaania-keele-grammatika\/","name":"Albaania keele grammatika - Talkpal","isPartOf":{"@id":"https:\/\/talkpal.ai\/et\/#website"},"datePublished":"2025-11-11T12:01:19+00:00","dateModified":"2025-12-30T15:37:50+00:00","description":"\u00d5ppige albaania keele grammatika p\u00f5hit\u00f5desid, sealhulgas juhtumeid ja verbe, Talkpal'i interaktiivse AI keele\u00f5piku abil.","breadcrumb":{"@id":"https:\/\/talkpal.ai\/et\/albaania-keele-grammatika\/#breadcrumb"},"inLanguage":"et","potentialAction":[{"@type":"ReadAction","target":["https:\/\/talkpal.ai\/et\/albaania-keele-grammatika\/"]}]},{"@type":"BreadcrumbList","@id":"https:\/\/talkpal.ai\/et\/albaania-keele-grammatika\/#breadcrumb","itemListElement":[{"@type":"ListItem","position":1,"name":"Homepage","item":"https:\/\/talkpal.ai\/et\/"},{"@type":"ListItem","position":2,"name":"Albaania keele grammatika"}]},{"@type":"WebSite","@id":"https:\/\/talkpal.ai\/et\/#website","url":"https:\/\/talkpal.ai\/et\/","name":"Talkpal","description":"AI Language Learning","publisher":{"@id":"https:\/\/talkpal.ai\/et\/#organization"},"alternateName":"Talkpal AI","potentialAction":[{"@type":"SearchAction","target":{"@type":"EntryPoint","urlTemplate":"https:\/\/talkpal.ai\/et\/?s={search_term_string}"},"query-input":{"@type":"PropertyValueSpecification","valueRequired":true,"valueName":"search_term_string"}}],"inLanguage":"et"},{"@type":"Organization","@id":"https:\/\/talkpal.ai\/et\/#organization","name":"Talkpal, Inc.","alternateName":"Talkpal AI","url":"https:\/\/talkpal.ai\/et\/","logo":{"@type":"ImageObject","inLanguage":"et","@id":"https:\/\/talkpal.ai\/et\/#\/schema\/logo\/image\/","url":"https:\/\/talkpal.ai\/wp-content\/uploads\/2024\/03\/Talkpal-Logo-Icon.png","contentUrl":"https:\/\/talkpal.ai\/wp-content\/uploads\/2024\/03\/Talkpal-Logo-Icon.png","width":2880,"height":2880,"caption":"Talkpal, Inc."},"image":{"@id":"https:\/\/talkpal.ai\/et\/#\/schema\/logo\/image\/"},"sameAs":["https:\/\/www.facebook.com\/profile.php?id=100090733639311","https:\/\/x.com\/talkpalai","https:\/\/www.linkedin.com\/company\/talkpal\/","https:\/\/www.youtube.com\/@TalkPal\/","https:\/\/www.tiktok.com\/@talkpal","https:\/\/www.instagram.com\/talkpal_ai\/","https:\/\/www.crunchbase.com\/organization\/talkpal-9cde","https:\/\/www.g2.com\/products\/talkpal-for-business\/","https:\/\/www.trustpilot.com\/review\/talkpal.ai","https:\/\/www.capterra.com\/p\/10006800\/TalkPal\/"],"description":"Talkpal is a language learning web and mobile education app, powered by the latest AI technologies, that provides engaging experiences to its customers in many different languages to help them improve their language skills. Users can chat about unlimited amount of topics with the app and use other modes to practice their language learning.","email":"support@talkpal.ai","legalName":"Talkpal, Inc.","foundingDate":"2023-04-03","duns":"118989042","numberOfEmployees":{"@type":"QuantitativeValue","minValue":"11","maxValue":"50"},"publishingPrinciples":"https:\/\/talkpal.ai\/publishing-principles\/","actionableFeedbackPolicy":"https:\/\/talkpal.ai\/actionable-feedback-policy\/","correctionsPolicy":"https:\/\/talkpal.ai\/corrections-policy\/","ethicsPolicy":"https:\/\/talkpal.ai\/ethics-policy\/","diversityPolicy":"https:\/\/talkpal.ai\/diversity-policy\/","diversityStaffingReport":"https:\/\/talkpal.ai\/diversity-policy\/"}]}},"_links":{"self":[{"href":"https:\/\/talkpal.ai\/et\/wp-json\/wp\/v2\/pages\/1475388","targetHints":{"allow":["GET"]}}],"collection":[{"href":"https:\/\/talkpal.ai\/et\/wp-json\/wp\/v2\/pages"}],"about":[{"href":"https:\/\/talkpal.ai\/et\/wp-json\/wp\/v2\/types\/page"}],"author":[{"embeddable":true,"href":"https:\/\/talkpal.ai\/et\/wp-json\/wp\/v2\/users\/20"}],"replies":[{"embeddable":true,"href":"https:\/\/talkpal.ai\/et\/wp-json\/wp\/v2\/comments?post=1475388"}],"version-history":[{"count":0,"href":"https:\/\/talkpal.ai\/et\/wp-json\/wp\/v2\/pages\/1475388\/revisions"}],"wp:attachment":[{"href":"https:\/\/talkpal.ai\/et\/wp-json\/wp\/v2\/media?parent=1475388"}],"curies":[{"name":"wp","href":"https:\/\/api.w.org\/{rel}","templated":true}]}}