{"id":1475338,"date":"2025-11-11T15:55:06","date_gmt":"2025-11-11T15:55:06","guid":{"rendered":"https:\/\/talkpal.ai\/bengali-grammatikaharjutused\/"},"modified":"2025-12-30T15:16:27","modified_gmt":"2025-12-30T15:16:27","slug":"bengali-grammatikaharjutused","status":"publish","type":"page","link":"https:\/\/talkpal.ai\/et\/bengali-grammatikaharjutused\/","title":{"rendered":"Bengali grammatikaharjutused"},"content":{"rendered":"\r\n\r\n\r\n<section class=\"languageChallengeSection\">\r\n    <div class=\"languageInfoWrapper\">\r\n        \r\n        <h1>Bengali grammatikaharjutused<\/h1>\r\n        <p>Kas olete valmis sukelduma <a href=\"https:\/\/talkpal.ai\/learn-bengali\/\">bengali<\/a> grammatikasse? M\u00f5nede p\u00f5hit\u00f5dede harjutamine aitab teil selle ainulaadse ja ilusa keelega mugavalt hakkama saada. Proovige neid harjutusi, et suurendada oma enesekindlust ja l\u00f5butseda samal ajal!<\/p>\r\n\r\n                            <a class=\"getStartedHidden\" href=\"https:\/\/app.talkpal.ai\/et\/signup?lng=\">Alusta<\/a>\r\n        \r\n    <\/div>\r\n\r\n    <figure>\r\n    <img decoding=\"async\" width=\"768\" height=\"768\" src=\"https:\/\/talkpal.ai\/wp-content\/uploads\/2023\/06\/welsh-768x768.png\" class=\"languageImage no-lazy\" alt=\"Language learning for better cognitive abilities\" fetchpriority=\"high\" sizes=\"(max-width: 768px) 150px, 768px\" srcset=\"https:\/\/talkpal.ai\/wp-content\/uploads\/2023\/06\/welsh-768x768.png 768w, https:\/\/talkpal.ai\/wp-content\/uploads\/2023\/06\/welsh-300x300.png 300w\" \/>\r\n    \r\n\r\n    <\/figure>\r\n\r\n            <a class=\"getStartedVisible\" href=\"https:\/\/app.talkpal.ai\/et\/signup?lng=\">Alusta<\/a>\r\n    \r\n<\/section><section class=\"promotionalBanner\">\r\n    <p class=\"promotionalText\">K\u00f5ige t\u00f5husam viis keele \u00f5ppimiseks<\/p>\r\n    <a class=\"promotionalLink\" href=\"https:\/\/app.talkpal.ai\/et\/signup?lng=\">Proovige Talkpal tasuta<\/a>\r\n<\/section>\n<div class=\"wp-block-group pageContainerStyle\"><div class=\"wp-block-group__inner-container is-layout-constrained wp-block-group-is-layout-constrained\">\n<h2 class=\"wp-block-heading\" id=\"h-bengali-grammar-topics\">Bengali grammatika teemad<\/h2>\n\n\n\n<p><a href=\"https:\/\/talkpal.ai\/et\/suurimad-vead-mida-valtida-uue-keele-oppimisel\/\">Uue keele \u00f5ppimine<\/a> v\u00f5ib olla keeruline, kuid rahuldust pakkuv ettev\u00f5tmine. <a href=\"https:\/\/talkpal.ai\/learn-bengali\/\">Bengali keel<\/a>, indoaaria keel, mida r\u00e4\u00e4gitakse peamiselt Bangladeshis ja India L\u00e4\u00e4ne-Bengali osariigis, pole erand. Oma ainulaadsete omaduste ja struktuuridega n\u00f5uab bengali keele <a href=\"https:\/\/talkpal.ai\/et\/talkpal-for-education\/\">\u00f5ppimine<\/a> s\u00fcstemaatilist l\u00e4henemist selle <a href=\"https:\/\/talkpal.ai\/greek-grammar\/\">grammatika<\/a> m\u00f5istmiseks. Selles juhendis kirjeldatakse <a href=\"https:\/\/talkpal.ai\/et\/bengali-grammatika\/\">bengali keele grammatika<\/a> p\u00f5hivaldkondi <a href=\"https:\/\/talkpal.ai\/et\/ai-chatbot-keeleoppeks\/\">keele\u00f5ppe<\/a> loogilises j\u00e4rjestuses, alustades p\u00f5hit\u00f5dedest, nagu nimis\u00f5nad ja artiklid, ning liikudes edasi keerukamate valdkondadeni, nagu ajavormid ja lauseehitus.<\/p>\n\n\n\n<h3 class=\"wp-block-heading\" id=\"h-1-nouns\">1. Nimis\u00f5nad:<\/h3>\n\n\n\n<p>Alustage oma bengali keele teekonda nimis\u00f5nade \u00f5ppimisega. See h\u00f5lmab tavaliste ja p\u00e4risnimede m\u00f5istmist, seda, kuidas mitmust v\u00e4ljendatakse selliste vormidega nagu -ra inimeste jaoks ja -gulo v\u00f5i -guli asjade jaoks, ning klassifikaatorite rolli numbritega.<\/p>\n\n\n\n<h3 class=\"wp-block-heading\" id=\"h-2-articles\">2. Artiklid:<\/h3>\n\n\n\n<p>Bengali keeles ei ole m\u00e4\u00e4ravaid ega m\u00e4\u00e4ramatuid artikleid nagu <a href=\"https:\/\/talkpal.ai\/ai-english-speaking-practice\/\">inglise keeles<\/a>. Selle asemel v\u00e4ljendatakse m\u00e4\u00e4ratust ja m\u00e4\u00e4ramatust konteksti, demonstratiivide, numbrite ja klassifikaatorite (nt -ta, -ti, -khana) ja mitmuse markerite nagu -gulo kaudu.<\/p>\n\n\n\n<h3 class=\"wp-block-heading\" id=\"h-3-adjectives\">3. Omaduss\u00f5nad:<\/h3>\n\n\n\n<p>Omaduss\u00f5nad bengali keeles eelnevad tavaliselt nende nimis\u00f5nadele. \u00dcldiselt ei muutu need soo ega arvu j\u00e4rgi. Siit saate teada, kuidas siduda nimis\u00f5nataolisi modifikaatoreid genitiiviga -er ning kuidas moodustada v\u00f5rdlusi ja \u00fcliv\u00f5rdeid, kasutades v\u00f5rdleva s\u00f5na aro ja \u00fcliv\u00f5rdes shobcheye, samuti kirjanduslikke j\u00e4relliiteid -tar ja -tam.<\/p>\n\n\n\n<h3 class=\"wp-block-heading\" id=\"h-4-pronouns-determiners\">4. Ases\u00f5nad\/m\u00e4\u00e4rajad:<\/h3>\n\n\n\n<p>Ases\u00f5nad ja m\u00e4\u00e4rajad on bengali keeles olulised. \u00d5ppige isikulisi ases\u00f5nu formaalsuse tasanditel ja l\u00e4hedusel, nagu <a href=\"https:\/\/talkpal.ai\/locations\/language-courses-in-ami\/\">ami<\/a>, tumi, apni, tui, eta, ota, seta. \u00d5ppige omastavaid s\u00f5nu genitiiv-er ja kvantiteedis\u00f5nadega nagu onek, kichu, koyek ja kuidas klassifikaatoreid on vaja p\u00e4rast numbreid ja paljusid m\u00e4\u00e4rajaid.<\/p>\n\n\n\n<h3 class=\"wp-block-heading\" id=\"h-5-verbs\">5. Tegus\u00f5nad:<\/h3>\n\n\n\n<p>Bengali verbid muudavad vormi aja, aspekti, isiku ja formaalsuse taseme jaoks. Alustage olevikuvormidest ja liikuge minevikku ja tulevikku. Siit saate teada, kuidas verbit\u00fcved kombineeritakse aspektimarkerite ja isiklike l\u00f5ppudega, samuti imperatiivsete ja subjunktiivilaadsete kasutusviisidega.<\/p>\n\n\n\n<h3 class=\"wp-block-heading\" id=\"h-6-tenses\">6. Ajavormid:<\/h3>\n\n\n\n<p>P\u00e4rast verbimustrite valdamist s\u00fcvenege bengali ajavormi ja aspekti. M\u00f5istke olevikku, minevikku ja tulevikku koos aspektiliste erinevustega, nagu lihtne, progressiivne ja t\u00e4iuslik, ning kuidas formaalsus l\u00f5ppu m\u00f5jutab.<\/p>\n\n\n\n<h3 class=\"wp-block-heading\" id=\"h-7-tense-comparison\">7. Pingeline v\u00f5rdlus:<\/h3>\n\n\n\n<p>Ajavormide ja aspektide v\u00f5rdlemine bengali keeles aitab m\u00f5ista s\u00fcndmuste j\u00e4rjestust ja n\u00fcansse. <a href=\"https:\/\/talkpal.ai\/locations\/language-courses-in-sama\/\">Sama<\/a> verbi v\u00f5rdlemine oleviku, mineviku, tuleviku ja formaalsuse tasemete vahel tugevdab teie arusaamist kasutamisest.<\/p>\n\n\n\n<h3 class=\"wp-block-heading\" id=\"h-8-progressive\">8. Progressiivne:<\/h3>\n\n\n\n<p>Bengali progressiivne v\u00e4ljendab j\u00e4tkuvat tegevust. Tavaliselt moodustatakse see progressiivse markeriga -chh-, mis on lisatud verbi t\u00fcvele pluss isikulised l\u00f5pud, n\u00e4iteks korchhi, sest ma teen, ja v\u00f5ib esineda ka perifrastilistes vormides, nagu korte achhi m\u00f5nes registris.<\/p>\n\n\n\n<h3 class=\"wp-block-heading\" id=\"h-9-perfect-progressive\">9. T\u00e4iuslik progressiivne:<\/h3>\n\n\n\n<p>See v\u00e4ljendab tegevusi, mis on kestnud kuni teatud punktini. Bengali keeles edastatakse seda tavaliselt kesks\u00f5nade ja abit\u00e4htedega, nagu kore aschi for have been doing ja korte chhilam for was doing, kusjuures variandid kasutavad thaka j\u00e4rjepidevuse r\u00f5hutamiseks.<\/p>\n\n\n\n<h3 class=\"wp-block-heading\" id=\"h-10-conditionals\">10. Tingimused:<\/h3>\n\n\n\n<p>Tingimuslikud v\u00e4ljendavad h\u00fcpoteetilisi olukordi ja tulemusi. Bengali keeles moodustatakse need partikliga jodi ja sageli tahole, samuti tingimuslike j\u00e4relliidetega nagu -le verbil ja kontrafaktuaalsed s\u00f5nad hoto jaoks oleks.<\/p>\n\n\n\n<h3 class=\"wp-block-heading\" id=\"h-11-adverbs\">11. M\u00e4\u00e4rs\u00f5nad:<\/h3>\n\n\n\n<p>Bengali m\u00e4\u00e4rs\u00f5nad muudavad tegus\u00f5nu, omaduss\u00f5nu v\u00f5i muid m\u00e4\u00e4rs\u00f5nu. \u00d5ppige -bhabe&#8217;ga moodustatud m\u00e4\u00e4rs\u00f5nu, samuti tavalisi koha, aja ja astme muutumatuid m\u00e4\u00e4rs\u00f5nu, nagu ekhane, ekhon, beshi ja khub.<\/p>\n\n\n\n<h3 class=\"wp-block-heading\" id=\"h-12-prepositions\">12. Eess\u00f5nad:<\/h3>\n\n\n\n<p>Bengali keeles kasutatakse pigem postpositsioone kui eess\u00f5nu. Nad j\u00e4rgivad nimis\u00f5na ja n\u00f5uavad sageli k\u00e4\u00e4ne- v\u00f5i genitiivide linkimist, n\u00e4iteks ghore, ghar theke, boi er upor, bandhuder shathe, kal porjonto, ning v\u00e4ljendavad aja, koha ja suuna suhteid.<\/p>\n\n\n\n<h3 class=\"wp-block-heading\" id=\"h-13-sentences\">13. Laused:<\/h3>\n\n\n\n<p>L\u00f5puks harjutage lausete koostamist. See h\u00f5lmab k\u00f5igi varem \u00f5pitud grammatikapunktide kasutamist kontekstis, sealhulgas t\u00fc\u00fcpilist SOV-s\u00f5nade j\u00e4rjekorda, eitust na-ga, sageli nullkopulat olevikus ning k\u00fcsimuste moodustamist ki- ja wh-s\u00f5nadega, tagades seega bengali keele tervikliku m\u00f5istmise.<\/p>\n<\/div><\/div>\n\r\n<section class=\"learnNavigationSection\">\r\n            \r\n        <a href=\"https:\/\/talkpal.ai\/et\/oppige-bengali-keelt\/\">\r\n            <div class=\"learnNavigationWrapper\">\r\n                <div class=\"learnNavigationContent\">\r\n                    <img decoding=\"async\" src=\"https:\/\/talkpal.ai\/wp-content\/uploads\/2025\/11\/Bengali.png\" alt=\"Bengali Flag\">\r\n                    <div>\r\n                        <h4>Bengali keele \u00f5ppimise kohta<\/h4>\r\n                        <p>Uurige k\u00f5ike bengali grammatika kohta.<\/p>\r\n                    <\/div>\r\n                <\/div>\r\n            <\/div>\r\n        <\/a>\r\n\r\n        \r\n        <a href=\"https:\/\/talkpal.ai\/et\/bengali-grammatika\/\">\r\n            <div class=\"learnNavigationWrapper\">\r\n                <div class=\"learnNavigationContent\">\r\n                    <img decoding=\"async\" src=\"https:\/\/talkpal.ai\/wp-content\/uploads\/2025\/11\/Bengali.png\" alt=\"Bengali Flag\">\r\n                    <div>\r\n                        <h4>Bengali grammatika tunnid<\/h4>\r\n                        <p>Harjutage bengali keele grammatikat.<\/p>\r\n                    <\/div>\r\n                <\/div>\r\n            <\/div>\r\n        <\/a>\r\n\r\n            <\/section>","protected":false},"excerpt":{"rendered":"<p>Bengali grammatika teemad Uue keele \u00f5ppimine v\u00f5ib olla keeruline, kuid rahuldust pakkuv ettev\u00f5tmine. Bengali keel, indoaaria keel, mida r\u00e4\u00e4gitakse peamiselt Bangladeshis ja India L\u00e4\u00e4ne-Bengali osariigis, pole erand. Oma ainulaadsete omaduste ja struktuuridega n\u00f5uab bengali keele \u00f5ppimine s\u00fcstemaatilist l\u00e4henemist selle grammatika m\u00f5istmiseks. Selles juhendis kirjeldatakse bengali keele grammatika p\u00f5hivaldkondi keele\u00f5ppe loogilises j\u00e4rjestuses, alustades p\u00f5hit\u00f5dedest, nagu nimis\u00f5nad [&hellip;]<\/p>\n","protected":false},"author":20,"featured_media":0,"parent":0,"menu_order":0,"comment_status":"closed","ping_status":"closed","template":"LearningContentPage.php","meta":{"_acf_changed":false,"footnotes":""},"class_list":["post-1475338","page","type-page","status-publish","hentry"],"acf":[],"yoast_head":"<!-- This site is optimized with the Yoast SEO Premium plugin v27.2 (Yoast SEO v27.2) - https:\/\/yoast.com\/product\/yoast-seo-premium-wordpress\/ -->\n<title>Bengali grammatikaharjutused - Talkpal<\/title>\n<meta name=\"description\" content=\"\u00d5ppige bengali keele grammatika p\u00f5hit\u00f5desid interaktiivsete harjutuste abil, mis h\u00f5lmavad nimis\u00f5nu, verbe ja ajavormi, et parandada oma keeleoskust.\" \/>\n<meta name=\"robots\" content=\"index, follow, max-snippet:-1, max-image-preview:large, max-video-preview:-1\" \/>\n<link rel=\"canonical\" href=\"https:\/\/talkpal.ai\/et\/bengali-grammatikaharjutused\/\" \/>\n<meta property=\"og:locale\" content=\"et_EE\" \/>\n<meta property=\"og:type\" content=\"article\" \/>\n<meta property=\"og:title\" content=\"Bengali grammatikaharjutused\" \/>\n<meta property=\"og:description\" content=\"Bengali grammatika teemad Uue keele \u00f5ppimine v\u00f5ib olla keeruline, kuid rahuldust pakkuv ettev\u00f5tmine. Bengali keel, indoaaria keel, mida r\u00e4\u00e4gitakse\" \/>\n<meta property=\"og:url\" content=\"https:\/\/talkpal.ai\/et\/bengali-grammatikaharjutused\/\" \/>\n<meta property=\"og:site_name\" content=\"Talkpal\" \/>\n<meta property=\"article:publisher\" content=\"https:\/\/www.facebook.com\/profile.php?id=100090733639311\" \/>\n<meta property=\"article:modified_time\" content=\"2025-12-30T15:16:27+00:00\" \/>\n<meta property=\"og:image\" content=\"https:\/\/talkpal.ai\/wp-content\/uploads\/2025\/02\/Progress-tab-16_9.png\" \/>\n\t<meta property=\"og:image:width\" content=\"2880\" \/>\n\t<meta property=\"og:image:height\" content=\"1620\" \/>\n\t<meta property=\"og:image:type\" content=\"image\/png\" \/>\n<meta name=\"twitter:card\" content=\"summary_large_image\" \/>\n<meta name=\"twitter:site\" content=\"@talkpalai\" \/>\n<meta name=\"twitter:label1\" content=\"Est. reading time\" \/>\n\t<meta name=\"twitter:data1\" content=\"3 minutit\" \/>\n<script type=\"application\/ld+json\" class=\"yoast-schema-graph\">{\"@context\":\"https:\/\/schema.org\",\"@graph\":[{\"@type\":\"WebPage\",\"@id\":\"https:\/\/talkpal.ai\/et\/bengali-grammatikaharjutused\/\",\"url\":\"https:\/\/talkpal.ai\/et\/bengali-grammatikaharjutused\/\",\"name\":\"Bengali grammatikaharjutused - Talkpal\",\"isPartOf\":{\"@id\":\"https:\/\/talkpal.ai\/et\/#website\"},\"datePublished\":\"2025-11-11T15:55:06+00:00\",\"dateModified\":\"2025-12-30T15:16:27+00:00\",\"description\":\"\u00d5ppige bengali keele grammatika p\u00f5hit\u00f5desid interaktiivsete harjutuste abil, mis h\u00f5lmavad nimis\u00f5nu, verbe ja ajavormi, et parandada oma keeleoskust.\",\"breadcrumb\":{\"@id\":\"https:\/\/talkpal.ai\/et\/bengali-grammatikaharjutused\/#breadcrumb\"},\"inLanguage\":\"et\",\"potentialAction\":[{\"@type\":\"ReadAction\",\"target\":[\"https:\/\/talkpal.ai\/et\/bengali-grammatikaharjutused\/\"]}]},{\"@type\":\"BreadcrumbList\",\"@id\":\"https:\/\/talkpal.ai\/et\/bengali-grammatikaharjutused\/#breadcrumb\",\"itemListElement\":[{\"@type\":\"ListItem\",\"position\":1,\"name\":\"Homepage\",\"item\":\"https:\/\/talkpal.ai\/et\/\"},{\"@type\":\"ListItem\",\"position\":2,\"name\":\"Bengali grammatikaharjutused\"}]},{\"@type\":\"WebSite\",\"@id\":\"https:\/\/talkpal.ai\/et\/#website\",\"url\":\"https:\/\/talkpal.ai\/et\/\",\"name\":\"Talkpal\",\"description\":\"AI Language Learning\",\"publisher\":{\"@id\":\"https:\/\/talkpal.ai\/et\/#organization\"},\"alternateName\":\"Talkpal AI\",\"potentialAction\":[{\"@type\":\"SearchAction\",\"target\":{\"@type\":\"EntryPoint\",\"urlTemplate\":\"https:\/\/talkpal.ai\/et\/?s={search_term_string}\"},\"query-input\":{\"@type\":\"PropertyValueSpecification\",\"valueRequired\":true,\"valueName\":\"search_term_string\"}}],\"inLanguage\":\"et\"},{\"@type\":\"Organization\",\"@id\":\"https:\/\/talkpal.ai\/et\/#organization\",\"name\":\"Talkpal, Inc.\",\"alternateName\":\"Talkpal AI\",\"url\":\"https:\/\/talkpal.ai\/et\/\",\"logo\":{\"@type\":\"ImageObject\",\"inLanguage\":\"et\",\"@id\":\"https:\/\/talkpal.ai\/et\/#\/schema\/logo\/image\/\",\"url\":\"https:\/\/talkpal.ai\/wp-content\/uploads\/2024\/03\/Talkpal-Logo-Icon.png\",\"contentUrl\":\"https:\/\/talkpal.ai\/wp-content\/uploads\/2024\/03\/Talkpal-Logo-Icon.png\",\"width\":2880,\"height\":2880,\"caption\":\"Talkpal, Inc.\"},\"image\":{\"@id\":\"https:\/\/talkpal.ai\/et\/#\/schema\/logo\/image\/\"},\"sameAs\":[\"https:\/\/www.facebook.com\/profile.php?id=100090733639311\",\"https:\/\/x.com\/talkpalai\",\"https:\/\/www.linkedin.com\/company\/talkpal\/\",\"https:\/\/www.youtube.com\/@TalkPal\/\",\"https:\/\/www.tiktok.com\/@talkpal\",\"https:\/\/www.instagram.com\/talkpal_ai\/\",\"https:\/\/www.crunchbase.com\/organization\/talkpal-9cde\",\"https:\/\/www.g2.com\/products\/talkpal-for-business\/\",\"https:\/\/www.trustpilot.com\/review\/talkpal.ai\",\"https:\/\/www.capterra.com\/p\/10006800\/TalkPal\/\"],\"description\":\"Talkpal is a language learning web and mobile education app, powered by the latest AI technologies, that provides engaging experiences to its customers in many different languages to help them improve their language skills. Users can chat about unlimited amount of topics with the app and use other modes to practice their language learning.\",\"email\":\"support@talkpal.ai\",\"legalName\":\"Talkpal, Inc.\",\"foundingDate\":\"2023-04-03\",\"duns\":\"118989042\",\"numberOfEmployees\":{\"@type\":\"QuantitativeValue\",\"minValue\":\"11\",\"maxValue\":\"50\"},\"publishingPrinciples\":\"https:\/\/talkpal.ai\/publishing-principles\/\",\"actionableFeedbackPolicy\":\"https:\/\/talkpal.ai\/actionable-feedback-policy\/\",\"correctionsPolicy\":\"https:\/\/talkpal.ai\/corrections-policy\/\",\"ethicsPolicy\":\"https:\/\/talkpal.ai\/ethics-policy\/\",\"diversityPolicy\":\"https:\/\/talkpal.ai\/diversity-policy\/\",\"diversityStaffingReport\":\"https:\/\/talkpal.ai\/diversity-policy\/\"}]}<\/script>\n<!-- \/ Yoast SEO Premium plugin. -->","yoast_head_json":{"title":"Bengali grammatikaharjutused - Talkpal","description":"\u00d5ppige bengali keele grammatika p\u00f5hit\u00f5desid interaktiivsete harjutuste abil, mis h\u00f5lmavad nimis\u00f5nu, verbe ja ajavormi, et parandada oma keeleoskust.","robots":{"index":"index","follow":"follow","max-snippet":"max-snippet:-1","max-image-preview":"max-image-preview:large","max-video-preview":"max-video-preview:-1"},"canonical":"https:\/\/talkpal.ai\/et\/bengali-grammatikaharjutused\/","og_locale":"et_EE","og_type":"article","og_title":"Bengali grammatikaharjutused","og_description":"Bengali grammatika teemad Uue keele \u00f5ppimine v\u00f5ib olla keeruline, kuid rahuldust pakkuv ettev\u00f5tmine. Bengali keel, indoaaria keel, mida r\u00e4\u00e4gitakse","og_url":"https:\/\/talkpal.ai\/et\/bengali-grammatikaharjutused\/","og_site_name":"Talkpal","article_publisher":"https:\/\/www.facebook.com\/profile.php?id=100090733639311","article_modified_time":"2025-12-30T15:16:27+00:00","og_image":[{"width":2880,"height":1620,"url":"https:\/\/talkpal.ai\/wp-content\/uploads\/2025\/02\/Progress-tab-16_9.png","type":"image\/png"}],"twitter_card":"summary_large_image","twitter_site":"@talkpalai","twitter_misc":{"Est. reading time":"3 minutit"},"schema":{"@context":"https:\/\/schema.org","@graph":[{"@type":"WebPage","@id":"https:\/\/talkpal.ai\/et\/bengali-grammatikaharjutused\/","url":"https:\/\/talkpal.ai\/et\/bengali-grammatikaharjutused\/","name":"Bengali grammatikaharjutused - Talkpal","isPartOf":{"@id":"https:\/\/talkpal.ai\/et\/#website"},"datePublished":"2025-11-11T15:55:06+00:00","dateModified":"2025-12-30T15:16:27+00:00","description":"\u00d5ppige bengali keele grammatika p\u00f5hit\u00f5desid interaktiivsete harjutuste abil, mis h\u00f5lmavad nimis\u00f5nu, verbe ja ajavormi, et parandada oma keeleoskust.","breadcrumb":{"@id":"https:\/\/talkpal.ai\/et\/bengali-grammatikaharjutused\/#breadcrumb"},"inLanguage":"et","potentialAction":[{"@type":"ReadAction","target":["https:\/\/talkpal.ai\/et\/bengali-grammatikaharjutused\/"]}]},{"@type":"BreadcrumbList","@id":"https:\/\/talkpal.ai\/et\/bengali-grammatikaharjutused\/#breadcrumb","itemListElement":[{"@type":"ListItem","position":1,"name":"Homepage","item":"https:\/\/talkpal.ai\/et\/"},{"@type":"ListItem","position":2,"name":"Bengali grammatikaharjutused"}]},{"@type":"WebSite","@id":"https:\/\/talkpal.ai\/et\/#website","url":"https:\/\/talkpal.ai\/et\/","name":"Talkpal","description":"AI Language Learning","publisher":{"@id":"https:\/\/talkpal.ai\/et\/#organization"},"alternateName":"Talkpal AI","potentialAction":[{"@type":"SearchAction","target":{"@type":"EntryPoint","urlTemplate":"https:\/\/talkpal.ai\/et\/?s={search_term_string}"},"query-input":{"@type":"PropertyValueSpecification","valueRequired":true,"valueName":"search_term_string"}}],"inLanguage":"et"},{"@type":"Organization","@id":"https:\/\/talkpal.ai\/et\/#organization","name":"Talkpal, Inc.","alternateName":"Talkpal AI","url":"https:\/\/talkpal.ai\/et\/","logo":{"@type":"ImageObject","inLanguage":"et","@id":"https:\/\/talkpal.ai\/et\/#\/schema\/logo\/image\/","url":"https:\/\/talkpal.ai\/wp-content\/uploads\/2024\/03\/Talkpal-Logo-Icon.png","contentUrl":"https:\/\/talkpal.ai\/wp-content\/uploads\/2024\/03\/Talkpal-Logo-Icon.png","width":2880,"height":2880,"caption":"Talkpal, Inc."},"image":{"@id":"https:\/\/talkpal.ai\/et\/#\/schema\/logo\/image\/"},"sameAs":["https:\/\/www.facebook.com\/profile.php?id=100090733639311","https:\/\/x.com\/talkpalai","https:\/\/www.linkedin.com\/company\/talkpal\/","https:\/\/www.youtube.com\/@TalkPal\/","https:\/\/www.tiktok.com\/@talkpal","https:\/\/www.instagram.com\/talkpal_ai\/","https:\/\/www.crunchbase.com\/organization\/talkpal-9cde","https:\/\/www.g2.com\/products\/talkpal-for-business\/","https:\/\/www.trustpilot.com\/review\/talkpal.ai","https:\/\/www.capterra.com\/p\/10006800\/TalkPal\/"],"description":"Talkpal is a language learning web and mobile education app, powered by the latest AI technologies, that provides engaging experiences to its customers in many different languages to help them improve their language skills. Users can chat about unlimited amount of topics with the app and use other modes to practice their language learning.","email":"support@talkpal.ai","legalName":"Talkpal, Inc.","foundingDate":"2023-04-03","duns":"118989042","numberOfEmployees":{"@type":"QuantitativeValue","minValue":"11","maxValue":"50"},"publishingPrinciples":"https:\/\/talkpal.ai\/publishing-principles\/","actionableFeedbackPolicy":"https:\/\/talkpal.ai\/actionable-feedback-policy\/","correctionsPolicy":"https:\/\/talkpal.ai\/corrections-policy\/","ethicsPolicy":"https:\/\/talkpal.ai\/ethics-policy\/","diversityPolicy":"https:\/\/talkpal.ai\/diversity-policy\/","diversityStaffingReport":"https:\/\/talkpal.ai\/diversity-policy\/"}]}},"_links":{"self":[{"href":"https:\/\/talkpal.ai\/et\/wp-json\/wp\/v2\/pages\/1475338","targetHints":{"allow":["GET"]}}],"collection":[{"href":"https:\/\/talkpal.ai\/et\/wp-json\/wp\/v2\/pages"}],"about":[{"href":"https:\/\/talkpal.ai\/et\/wp-json\/wp\/v2\/types\/page"}],"author":[{"embeddable":true,"href":"https:\/\/talkpal.ai\/et\/wp-json\/wp\/v2\/users\/20"}],"replies":[{"embeddable":true,"href":"https:\/\/talkpal.ai\/et\/wp-json\/wp\/v2\/comments?post=1475338"}],"version-history":[{"count":0,"href":"https:\/\/talkpal.ai\/et\/wp-json\/wp\/v2\/pages\/1475338\/revisions"}],"wp:attachment":[{"href":"https:\/\/talkpal.ai\/et\/wp-json\/wp\/v2\/media?parent=1475338"}],"curies":[{"name":"wp","href":"https:\/\/api.w.org\/{rel}","templated":true}]}}