{"id":147428,"date":"2023-05-14T14:12:07","date_gmt":"2023-05-14T14:12:07","guid":{"rendered":"http:\/\/talkpal.ai\/marathi-grammatika\/"},"modified":"2025-12-12T10:38:04","modified_gmt":"2025-12-12T10:38:04","slug":"marathi-grammatika","status":"publish","type":"page","link":"https:\/\/talkpal.ai\/et\/marathi-grammatika\/","title":{"rendered":"Marathi grammatika"},"content":{"rendered":"\r\n\r\n\r\n<section class=\"languageChallengeSection\">\r\n    <div class=\"languageInfoWrapper\">\r\n        \r\n        <h1>Marathi grammatika<\/h1>\r\n        <p>Huvitab sind <a href=\"https:\/\/talkpal.ai\/learn-marathi\/\">marathi<\/a> keel? Astuge sisse <a href=\"https:\/\/talkpal.ai\/learn-marathi\/\">marathi<\/a> keele grammatikasse, kus soop\u00f5hised nimis\u00f5nad, paindlik lauseehitus ja v\u00e4ljendusrikkad verbi\u00fchendused loovad elava ja d\u00fcnaamilise keele. Alusta oma \u00f5ppimist juba t\u00e4na &#8211; marathi keele <a href=\"https:\/\/talkpal.ai\/greek-grammar\/\">grammatika<\/a> omandamine aitab sul enesekindlalt suhelda ja suhelda Maharashtra rikkalike traditsioonide ja kultuuriga!<\/p>\r\n\r\n                            <a class=\"getStartedHidden\" href=\"https:\/\/app.talkpal.ai\/et\/signup?lng=\">Alusta<\/a>\r\n        \r\n    <\/div>\r\n\r\n    <figure>\r\n    <img decoding=\"async\" width=\"768\" height=\"768\" src=\"https:\/\/talkpal.ai\/wp-content\/uploads\/2023\/06\/marathi-768x768.png\" class=\"languageImage no-lazy\" alt=\"Fun ways to make language learning interesting\" fetchpriority=\"high\" sizes=\"(max-width: 768px) 150px, 768px\" srcset=\"https:\/\/talkpal.ai\/wp-content\/uploads\/2023\/06\/marathi-768x768.png 768w, https:\/\/talkpal.ai\/wp-content\/uploads\/2023\/06\/marathi-300x300.png 300w\" \/>\r\n    \r\n\r\n    <\/figure>\r\n\r\n            <a class=\"getStartedVisible\" href=\"https:\/\/app.talkpal.ai\/et\/signup?lng=\">Alusta<\/a>\r\n    \r\n<\/section>\r\n<section class=\"promotionalBanner\">\r\n    <p class=\"promotionalText\">K\u00f5ige t\u00f5husam viis keele \u00f5ppimiseks<\/p>\r\n    <a class=\"promotionalLink\" href=\"https:\/\/app.talkpal.ai\/et\/signup?lng=\">Proovige Talkpal tasuta<\/a>\r\n<\/section>\n<div class=\"wp-block-group pageContainerStyle\"><div class=\"wp-block-group__inner-container is-layout-constrained wp-block-group-is-layout-constrained\">\n<h2 class=\"wp-block-heading\" id=\"h-the-allure-of-marathi-grammar-unfolding-its-mysteries-and-intricacies\">Marathi grammatika v\u00f5lu: selle saladuste ja keerukuste avamine<\/h2>\n\n\n\n<p>Kas m\u00e4letate <a href=\"https:\/\/talkpal.ai\/et\/grammar\/abitegusonad-inglise-keele-grammatikas\/\">inglise keele grammatika<\/a> \u00f5ppimise h\u00e4mmastavat teekonda, mis on koormatud keerukate reeglite, erandite ja keeruka terminoloogiaga? Kui te kaalute n\u00fc\u00fcd marathi keele \u00f5ppimist, siis olge valmis <a href=\"https:\/\/talkpal.ai\/locations\/language-courses-in-sama\/\">sama<\/a> kaasahaaravaks marathi keele grammatika uurimiseks.<\/p>\n\n\n\n<p>Marathi, indo-aaria keel, mida r\u00e4\u00e4gitakse peamiselt India Maharashtra osariigis, uhkeldab rikkaliku traditsiooni ja ainulaadsete keeleliste omadustega. Kui sukeldute Marathi grammatika m\u00fcstikasse, avastate selle t\u00e4hestike, keerukate reeglite ja lummava foneetika p\u00f5neva koosm\u00f5ju. Niisiis, lammutame \u00fcheskoos marathi keele grammatika v\u00f5lu, \u00fcks v\u00e4ike reegel korraga.<\/p>\n\n\n\n<p><strong>Marathi grammatika<\/strong> \u00fcks silmatorkavamaid tunnuseid on nimis\u00f5nade k\u00e4\u00e4ndel\u00f5ppude ulatuslik kasutamine. Need k\u00e4\u00e4nded aitavad sageli edastada olulisi grammatilisi elemente, nagu arv, sugu ja juhtum. Marathil on kolm sugu \u2013 mehelik, naiselik ja neuter \u2013 ning igal sugupoolel on oma erip\u00e4rased k\u00e4\u00e4numustrid. Lisaks on keelel kaks numbrit \u2013 ainsus ja mitmus \u2013, mis aitavad v\u00e4ljendada nimis\u00f5na hulka.<\/p>\n\n\n\n<p><strong>Marathi grammatika teine ainulaadne tunnus<\/strong> on see, kuidas verbid konjugeerivad, s\u00f5ltuvalt pingest. Marathi keele verbide konjugatsioonil tuleb arvestada mitte ainult verbi ajavormi, vaid ka subjekti sugu ja arvu. Marathi verbivormid h\u00f5lmavad imperatiivide ja subjunktiivide k\u00f5rval olevikku, minevikku ja tulevikku. Need ulatuslikud konjugatsioonid lisavad Marathile s\u00fcgavust ja d\u00fcnaamilisust, muutes selle t\u00f5eliselt k\u00fctkestavaks keeleks, mida uurida.<\/p>\n\n\n\n<p>Marathi keel on tuntud ka oma <strong>ases\u00f5nade mitmekesisuse<\/strong> poolest. Marathil on arvukalt isiklikke, demonstratiivseid, \u00fclekuulavaid ja refleksiivseid ases\u00f5nu, millest iga\u00fchel on oma deklinatsioonimustrid. See v\u00f5ib alguses tunduda hirmutav, kuid kui s\u00fcvenete keelde, hindate Marathi grammatika pakutavat v\u00f5rratut t\u00e4psust.<\/p>\n\n\n\n<p>Marathi grammatika veel \u00fcks intrigeeriv tahk seisneb s\u00f5nade <strong>paigutuses lauses<\/strong>. S\u00f5nade j\u00e4rjekord marathis j\u00e4rgib \u00fcldiselt subjekti-objekti-verbi (SOV) struktuuri, sarnaselt teistele indo-aaria keeltele. See struktuur asetab verbi tavaliselt lause l\u00f5ppu, mis v\u00f5ib esialgu osutuda <a href=\"https:\/\/talkpal.ai\/learn-english\/\">inglise<\/a> keele k\u00f5nelejate jaoks keeruliseks.<\/p>\n\n\n\n<p><strong>Sukeldudes Marathi foneetikasse<\/strong>, puutute kokku h\u00fcpnotiseeriva helide valikuga, mis on v\u00e4ljendatud l\u00e4bi 16 vokaali (swar) ja 36 kaash\u00e4\u00e4likut (vyanjan). Devanagari kirjaviis, mida marathi keel kasutab, lisab sellele niigi paeluvale keelele veel rohkem v\u00f5lu.  <\/p>\n\n\n\n<p>Marathi grammatika <a href=\"https:\/\/talkpal.ai\/et\/oppimine\/\">\u00f5ppimine<\/a> oma lugematute reeglite ja keerukusega v\u00f5ib kahtlemata olla alguses hirmutav \u00fclesanne. Kuid see v\u00e4ljakutse on ka see, mis muudab selle erakordselt stimuleerivaks ja r\u00f5\u00f5mustavaks. Kui sukeldute Marathi grammatika lummavasse maailma, avastate mitte ainult keele toimimise, vaid saate ka s\u00fcgavama arusaamise kultuurist, ajaloost ja tarkusest, mida see kehastab.<\/p>\n\n\n\n<p>Niisiis, miks mitte alustada seda keelelist seiklust, et uurida Marathi grammatika ahvatlevaid s\u00fcgavusi ja avastada selle lugematuid saladusi ja n\u00fcansse, mis ootavad omandamist? \u00d5ppimisr\u00f5\u00f5m ja r\u00f5\u00f5m Marathi grammatika peensuste m\u00f5istmisest on vaid m\u00f5ne hetke kaugusel!<\/p>\n<\/div><\/div>\n\r\n<section class=\"learnNavigationSection\">\r\n            \r\n        <a href=\"https:\/\/talkpal.ai\/et\/opi-marathi\/\">\r\n            <div class=\"learnNavigationWrapper\">\r\n                <div class=\"learnNavigationContent\">\r\n                    <img decoding=\"async\" src=\"https:\/\/talkpal.ai\/wp-content\/uploads\/2023\/05\/Marathi-india.png\" alt=\"TalkPal Marathi Flag\">\r\n                    <div>\r\n                        <h4>Marathi \u00f5ppimise kohta<\/h4>\r\n                        <p>Uuri k\u00f5ike Marathi grammatika kohta .<\/p>\r\n                    <\/div>\r\n                <\/div>\r\n            <\/div>\r\n        <\/a>\r\n\r\n        \r\n        <a href=\"https:\/\/talkpal.ai\/et\/marathi-grammatika-harjutused\/\">\r\n            <div class=\"learnNavigationWrapper\">\r\n                <div class=\"learnNavigationContent\">\r\n                    <img decoding=\"async\" src=\"https:\/\/talkpal.ai\/wp-content\/uploads\/2023\/05\/Marathi-india.png\" alt=\"TalkPal Marathi Flag\">\r\n                    <div>\r\n                        <h4>Marathi keele grammatika harjutus<\/h4>\r\n                        <p>Harjutage Marathi grammatikat.<\/p>\r\n                    <\/div>\r\n                <\/div>\r\n            <\/div>\r\n        <\/a>\r\n\r\n        \r\n        <a href=\"https:\/\/talkpal.ai\/vocabulary_language\/marathi\/\">\r\n            <div class=\"learnNavigationWrapper\">\r\n                <div class=\"learnNavigationContent\">\r\n                    <img decoding=\"async\" src=\"https:\/\/talkpal.ai\/wp-content\/uploads\/2023\/05\/Marathi-india.png\" alt=\"TalkPal Marathi Flag\">\r\n                    <div>\r\n                        <h4>Marathi s\u00f5navara<\/h4>\r\n                        <p>Laiendage oma marathi keele s\u00f5navara.<\/p>\r\n                    <\/div>\r\n                <\/div>\r\n            <\/div>\r\n        <\/a>\r\n\r\n            <\/section>","protected":false},"excerpt":{"rendered":"<p>Marathi grammatika v\u00f5lu: selle saladuste ja keerukuste avamine Kas m\u00e4letate inglise keele grammatika \u00f5ppimise h\u00e4mmastavat teekonda, mis on koormatud keerukate reeglite, erandite ja keeruka terminoloogiaga? Kui te kaalute n\u00fc\u00fcd marathi keele \u00f5ppimist, siis olge valmis sama kaasahaaravaks marathi keele grammatika uurimiseks. Marathi, indo-aaria keel, mida r\u00e4\u00e4gitakse peamiselt India Maharashtra osariigis, uhkeldab rikkaliku traditsiooni ja ainulaadsete [&hellip;]<\/p>\n","protected":false},"author":1,"featured_media":116462,"parent":0,"menu_order":0,"comment_status":"closed","ping_status":"closed","template":"LearningContentPage.php","meta":{"_acf_changed":false,"footnotes":""},"class_list":["post-147428","page","type-page","status-publish","has-post-thumbnail","hentry"],"acf":[],"yoast_head":"<!-- This site is optimized with the Yoast SEO Premium plugin v27.2 (Yoast SEO v27.2) - https:\/\/yoast.com\/product\/yoast-seo-premium-wordpress\/ -->\n<title>Marathi grammatika - Talkpal<\/title>\n<meta name=\"description\" content=\"Avastage keele \u00f5ppimisel marathi keele grammatika p\u00f5nevat maailma ja avastage selle unikaalsed reeglid, foneetika ja k\u00e4\u00e4nded.\" \/>\n<meta name=\"robots\" content=\"index, follow, max-snippet:-1, max-image-preview:large, max-video-preview:-1\" \/>\n<link rel=\"canonical\" href=\"https:\/\/talkpal.ai\/et\/marathi-grammatika\/\" \/>\n<meta property=\"og:locale\" content=\"et_EE\" \/>\n<meta property=\"og:type\" content=\"article\" \/>\n<meta property=\"og:title\" content=\"Marathi grammatika\" \/>\n<meta property=\"og:description\" content=\"Marathi grammatika v\u00f5lu: selle saladuste ja keerukuste avamine Kas m\u00e4letate inglise keele grammatika \u00f5ppimise h\u00e4mmastavat teekonda, mis on koormatud\" \/>\n<meta property=\"og:url\" content=\"https:\/\/talkpal.ai\/et\/marathi-grammatika\/\" \/>\n<meta property=\"og:site_name\" content=\"Talkpal\" \/>\n<meta property=\"article:publisher\" content=\"https:\/\/www.facebook.com\/profile.php?id=100090733639311\" \/>\n<meta property=\"article:modified_time\" content=\"2025-12-12T10:38:04+00:00\" \/>\n<meta property=\"og:image\" content=\"https:\/\/talkpal.ai\/wp-content\/uploads\/2023\/05\/Marathi-india.png\" \/>\n\t<meta property=\"og:image:width\" content=\"512\" \/>\n\t<meta property=\"og:image:height\" content=\"512\" \/>\n\t<meta property=\"og:image:type\" content=\"image\/png\" \/>\n<meta name=\"twitter:card\" content=\"summary_large_image\" \/>\n<meta name=\"twitter:site\" content=\"@talkpalai\" \/>\n<meta name=\"twitter:label1\" content=\"Est. reading time\" \/>\n\t<meta name=\"twitter:data1\" content=\"2 minutit\" \/>\n<script type=\"application\/ld+json\" class=\"yoast-schema-graph\">{\"@context\":\"https:\/\/schema.org\",\"@graph\":[{\"@type\":\"WebPage\",\"@id\":\"https:\/\/talkpal.ai\/et\/marathi-grammatika\/\",\"url\":\"https:\/\/talkpal.ai\/et\/marathi-grammatika\/\",\"name\":\"Marathi grammatika - Talkpal\",\"isPartOf\":{\"@id\":\"https:\/\/talkpal.ai\/et\/#website\"},\"primaryImageOfPage\":{\"@id\":\"https:\/\/talkpal.ai\/et\/marathi-grammatika\/#primaryimage\"},\"image\":{\"@id\":\"https:\/\/talkpal.ai\/et\/marathi-grammatika\/#primaryimage\"},\"thumbnailUrl\":\"https:\/\/talkpal.ai\/wp-content\/uploads\/2023\/05\/Marathi-india.png\",\"datePublished\":\"2023-05-14T14:12:07+00:00\",\"dateModified\":\"2025-12-12T10:38:04+00:00\",\"description\":\"Avastage keele \u00f5ppimisel marathi keele grammatika p\u00f5nevat maailma ja avastage selle unikaalsed reeglid, foneetika ja k\u00e4\u00e4nded.\",\"breadcrumb\":{\"@id\":\"https:\/\/talkpal.ai\/et\/marathi-grammatika\/#breadcrumb\"},\"inLanguage\":\"et\",\"potentialAction\":[{\"@type\":\"ReadAction\",\"target\":[\"https:\/\/talkpal.ai\/et\/marathi-grammatika\/\"]}]},{\"@type\":\"ImageObject\",\"inLanguage\":\"et\",\"@id\":\"https:\/\/talkpal.ai\/et\/marathi-grammatika\/#primaryimage\",\"url\":\"https:\/\/talkpal.ai\/wp-content\/uploads\/2023\/05\/Marathi-india.png\",\"contentUrl\":\"https:\/\/talkpal.ai\/wp-content\/uploads\/2023\/05\/Marathi-india.png\",\"width\":512,\"height\":512},{\"@type\":\"BreadcrumbList\",\"@id\":\"https:\/\/talkpal.ai\/et\/marathi-grammatika\/#breadcrumb\",\"itemListElement\":[{\"@type\":\"ListItem\",\"position\":1,\"name\":\"Homepage\",\"item\":\"https:\/\/talkpal.ai\/et\/\"},{\"@type\":\"ListItem\",\"position\":2,\"name\":\"Marathi grammatika\"}]},{\"@type\":\"WebSite\",\"@id\":\"https:\/\/talkpal.ai\/et\/#website\",\"url\":\"https:\/\/talkpal.ai\/et\/\",\"name\":\"Talkpal\",\"description\":\"AI Language Learning\",\"publisher\":{\"@id\":\"https:\/\/talkpal.ai\/et\/#organization\"},\"alternateName\":\"Talkpal AI\",\"potentialAction\":[{\"@type\":\"SearchAction\",\"target\":{\"@type\":\"EntryPoint\",\"urlTemplate\":\"https:\/\/talkpal.ai\/et\/?s={search_term_string}\"},\"query-input\":{\"@type\":\"PropertyValueSpecification\",\"valueRequired\":true,\"valueName\":\"search_term_string\"}}],\"inLanguage\":\"et\"},{\"@type\":\"Organization\",\"@id\":\"https:\/\/talkpal.ai\/et\/#organization\",\"name\":\"Talkpal, Inc.\",\"alternateName\":\"Talkpal AI\",\"url\":\"https:\/\/talkpal.ai\/et\/\",\"logo\":{\"@type\":\"ImageObject\",\"inLanguage\":\"et\",\"@id\":\"https:\/\/talkpal.ai\/et\/#\/schema\/logo\/image\/\",\"url\":\"https:\/\/talkpal.ai\/wp-content\/uploads\/2024\/03\/Talkpal-Logo-Icon.png\",\"contentUrl\":\"https:\/\/talkpal.ai\/wp-content\/uploads\/2024\/03\/Talkpal-Logo-Icon.png\",\"width\":2880,\"height\":2880,\"caption\":\"Talkpal, Inc.\"},\"image\":{\"@id\":\"https:\/\/talkpal.ai\/et\/#\/schema\/logo\/image\/\"},\"sameAs\":[\"https:\/\/www.facebook.com\/profile.php?id=100090733639311\",\"https:\/\/x.com\/talkpalai\",\"https:\/\/www.linkedin.com\/company\/talkpal\/\",\"https:\/\/www.youtube.com\/@TalkPal\/\",\"https:\/\/www.tiktok.com\/@talkpal\",\"https:\/\/www.instagram.com\/talkpal_ai\/\",\"https:\/\/www.crunchbase.com\/organization\/talkpal-9cde\",\"https:\/\/www.g2.com\/products\/talkpal-for-business\/\",\"https:\/\/www.trustpilot.com\/review\/talkpal.ai\",\"https:\/\/www.capterra.com\/p\/10006800\/TalkPal\/\"],\"description\":\"Talkpal is a language learning web and mobile education app, powered by the latest AI technologies, that provides engaging experiences to its customers in many different languages to help them improve their language skills. Users can chat about unlimited amount of topics with the app and use other modes to practice their language learning.\",\"email\":\"support@talkpal.ai\",\"legalName\":\"Talkpal, Inc.\",\"foundingDate\":\"2023-04-03\",\"duns\":\"118989042\",\"numberOfEmployees\":{\"@type\":\"QuantitativeValue\",\"minValue\":\"11\",\"maxValue\":\"50\"},\"publishingPrinciples\":\"https:\/\/talkpal.ai\/publishing-principles\/\",\"actionableFeedbackPolicy\":\"https:\/\/talkpal.ai\/actionable-feedback-policy\/\",\"correctionsPolicy\":\"https:\/\/talkpal.ai\/corrections-policy\/\",\"ethicsPolicy\":\"https:\/\/talkpal.ai\/ethics-policy\/\",\"diversityPolicy\":\"https:\/\/talkpal.ai\/diversity-policy\/\",\"diversityStaffingReport\":\"https:\/\/talkpal.ai\/diversity-policy\/\"}]}<\/script>\n<!-- \/ Yoast SEO Premium plugin. -->","yoast_head_json":{"title":"Marathi grammatika - Talkpal","description":"Avastage keele \u00f5ppimisel marathi keele grammatika p\u00f5nevat maailma ja avastage selle unikaalsed reeglid, foneetika ja k\u00e4\u00e4nded.","robots":{"index":"index","follow":"follow","max-snippet":"max-snippet:-1","max-image-preview":"max-image-preview:large","max-video-preview":"max-video-preview:-1"},"canonical":"https:\/\/talkpal.ai\/et\/marathi-grammatika\/","og_locale":"et_EE","og_type":"article","og_title":"Marathi grammatika","og_description":"Marathi grammatika v\u00f5lu: selle saladuste ja keerukuste avamine Kas m\u00e4letate inglise keele grammatika \u00f5ppimise h\u00e4mmastavat teekonda, mis on koormatud","og_url":"https:\/\/talkpal.ai\/et\/marathi-grammatika\/","og_site_name":"Talkpal","article_publisher":"https:\/\/www.facebook.com\/profile.php?id=100090733639311","article_modified_time":"2025-12-12T10:38:04+00:00","og_image":[{"width":512,"height":512,"url":"https:\/\/talkpal.ai\/wp-content\/uploads\/2023\/05\/Marathi-india.png","type":"image\/png"}],"twitter_card":"summary_large_image","twitter_site":"@talkpalai","twitter_misc":{"Est. reading time":"2 minutit"},"schema":{"@context":"https:\/\/schema.org","@graph":[{"@type":"WebPage","@id":"https:\/\/talkpal.ai\/et\/marathi-grammatika\/","url":"https:\/\/talkpal.ai\/et\/marathi-grammatika\/","name":"Marathi grammatika - Talkpal","isPartOf":{"@id":"https:\/\/talkpal.ai\/et\/#website"},"primaryImageOfPage":{"@id":"https:\/\/talkpal.ai\/et\/marathi-grammatika\/#primaryimage"},"image":{"@id":"https:\/\/talkpal.ai\/et\/marathi-grammatika\/#primaryimage"},"thumbnailUrl":"https:\/\/talkpal.ai\/wp-content\/uploads\/2023\/05\/Marathi-india.png","datePublished":"2023-05-14T14:12:07+00:00","dateModified":"2025-12-12T10:38:04+00:00","description":"Avastage keele \u00f5ppimisel marathi keele grammatika p\u00f5nevat maailma ja avastage selle unikaalsed reeglid, foneetika ja k\u00e4\u00e4nded.","breadcrumb":{"@id":"https:\/\/talkpal.ai\/et\/marathi-grammatika\/#breadcrumb"},"inLanguage":"et","potentialAction":[{"@type":"ReadAction","target":["https:\/\/talkpal.ai\/et\/marathi-grammatika\/"]}]},{"@type":"ImageObject","inLanguage":"et","@id":"https:\/\/talkpal.ai\/et\/marathi-grammatika\/#primaryimage","url":"https:\/\/talkpal.ai\/wp-content\/uploads\/2023\/05\/Marathi-india.png","contentUrl":"https:\/\/talkpal.ai\/wp-content\/uploads\/2023\/05\/Marathi-india.png","width":512,"height":512},{"@type":"BreadcrumbList","@id":"https:\/\/talkpal.ai\/et\/marathi-grammatika\/#breadcrumb","itemListElement":[{"@type":"ListItem","position":1,"name":"Homepage","item":"https:\/\/talkpal.ai\/et\/"},{"@type":"ListItem","position":2,"name":"Marathi grammatika"}]},{"@type":"WebSite","@id":"https:\/\/talkpal.ai\/et\/#website","url":"https:\/\/talkpal.ai\/et\/","name":"Talkpal","description":"AI Language Learning","publisher":{"@id":"https:\/\/talkpal.ai\/et\/#organization"},"alternateName":"Talkpal AI","potentialAction":[{"@type":"SearchAction","target":{"@type":"EntryPoint","urlTemplate":"https:\/\/talkpal.ai\/et\/?s={search_term_string}"},"query-input":{"@type":"PropertyValueSpecification","valueRequired":true,"valueName":"search_term_string"}}],"inLanguage":"et"},{"@type":"Organization","@id":"https:\/\/talkpal.ai\/et\/#organization","name":"Talkpal, Inc.","alternateName":"Talkpal AI","url":"https:\/\/talkpal.ai\/et\/","logo":{"@type":"ImageObject","inLanguage":"et","@id":"https:\/\/talkpal.ai\/et\/#\/schema\/logo\/image\/","url":"https:\/\/talkpal.ai\/wp-content\/uploads\/2024\/03\/Talkpal-Logo-Icon.png","contentUrl":"https:\/\/talkpal.ai\/wp-content\/uploads\/2024\/03\/Talkpal-Logo-Icon.png","width":2880,"height":2880,"caption":"Talkpal, Inc."},"image":{"@id":"https:\/\/talkpal.ai\/et\/#\/schema\/logo\/image\/"},"sameAs":["https:\/\/www.facebook.com\/profile.php?id=100090733639311","https:\/\/x.com\/talkpalai","https:\/\/www.linkedin.com\/company\/talkpal\/","https:\/\/www.youtube.com\/@TalkPal\/","https:\/\/www.tiktok.com\/@talkpal","https:\/\/www.instagram.com\/talkpal_ai\/","https:\/\/www.crunchbase.com\/organization\/talkpal-9cde","https:\/\/www.g2.com\/products\/talkpal-for-business\/","https:\/\/www.trustpilot.com\/review\/talkpal.ai","https:\/\/www.capterra.com\/p\/10006800\/TalkPal\/"],"description":"Talkpal is a language learning web and mobile education app, powered by the latest AI technologies, that provides engaging experiences to its customers in many different languages to help them improve their language skills. Users can chat about unlimited amount of topics with the app and use other modes to practice their language learning.","email":"support@talkpal.ai","legalName":"Talkpal, Inc.","foundingDate":"2023-04-03","duns":"118989042","numberOfEmployees":{"@type":"QuantitativeValue","minValue":"11","maxValue":"50"},"publishingPrinciples":"https:\/\/talkpal.ai\/publishing-principles\/","actionableFeedbackPolicy":"https:\/\/talkpal.ai\/actionable-feedback-policy\/","correctionsPolicy":"https:\/\/talkpal.ai\/corrections-policy\/","ethicsPolicy":"https:\/\/talkpal.ai\/ethics-policy\/","diversityPolicy":"https:\/\/talkpal.ai\/diversity-policy\/","diversityStaffingReport":"https:\/\/talkpal.ai\/diversity-policy\/"}]}},"_links":{"self":[{"href":"https:\/\/talkpal.ai\/et\/wp-json\/wp\/v2\/pages\/147428","targetHints":{"allow":["GET"]}}],"collection":[{"href":"https:\/\/talkpal.ai\/et\/wp-json\/wp\/v2\/pages"}],"about":[{"href":"https:\/\/talkpal.ai\/et\/wp-json\/wp\/v2\/types\/page"}],"author":[{"embeddable":true,"href":"https:\/\/talkpal.ai\/et\/wp-json\/wp\/v2\/users\/1"}],"replies":[{"embeddable":true,"href":"https:\/\/talkpal.ai\/et\/wp-json\/wp\/v2\/comments?post=147428"}],"version-history":[{"count":0,"href":"https:\/\/talkpal.ai\/et\/wp-json\/wp\/v2\/pages\/147428\/revisions"}],"wp:featuredmedia":[{"embeddable":true,"href":"https:\/\/talkpal.ai\/et\/wp-json\/wp\/v2\/media\/116462"}],"wp:attachment":[{"href":"https:\/\/talkpal.ai\/et\/wp-json\/wp\/v2\/media?parent=147428"}],"curies":[{"name":"wp","href":"https:\/\/api.w.org\/{rel}","templated":true}]}}