{"id":147101,"date":"2023-05-14T14:11:47","date_gmt":"2023-05-14T14:11:47","guid":{"rendered":"http:\/\/talkpal.ai\/malai-grammatika\/"},"modified":"2025-12-17T16:41:32","modified_gmt":"2025-12-17T16:41:32","slug":"malai-grammatika","status":"publish","type":"page","link":"https:\/\/talkpal.ai\/et\/malai-grammatika\/","title":{"rendered":"Malai grammatika"},"content":{"rendered":"\r\n\r\n\r\n<section class=\"languageChallengeSection\">\r\n    <div class=\"languageInfoWrapper\">\r\n        \r\n        <h1>Malai grammatika<\/h1>\r\n        <p>Oled huvitatud <a href=\"https:\/\/talkpal.ai\/learn-malay\/\">malai<\/a> keele \u00f5ppimisest? Sukeldu <a href=\"https:\/\/talkpal.ai\/learn-malay\/\">malai<\/a> keele grammatikasse, mis on tuntud oma lihtsate reeglite, verbi konjugatsiooni puudumise ja afikside kasutamise poolest t\u00e4henduse loomiseks. Alusta juba t\u00e4na &#8211; malai keele <a href=\"https:\/\/talkpal.ai\/greek-grammar\/\">grammatika<\/a> omandamine annab sulle enesekindlust, et suhelda h\u00f5lpsasti ja avada uksed Kagu-Aasia mitmekesistele ja d\u00fcnaamilistele kultuuridele!<\/p>\r\n\r\n                            <a class=\"getStartedHidden\" href=\"https:\/\/app.talkpal.ai\/et\/signup?lng=\">Alusta<\/a>\r\n        \r\n    <\/div>\r\n\r\n    <figure>\r\n    <img decoding=\"async\" width=\"768\" height=\"768\" src=\"https:\/\/talkpal.ai\/wp-content\/uploads\/2023\/06\/malay-768x768.png\" class=\"languageImage no-lazy\" alt=\"Language learning for personal accomplishments\" fetchpriority=\"high\" sizes=\"(max-width: 768px) 150px, 768px\" srcset=\"https:\/\/talkpal.ai\/wp-content\/uploads\/2023\/06\/malay-768x768.png 768w, https:\/\/talkpal.ai\/wp-content\/uploads\/2023\/06\/malay-300x300.png 300w\" \/>\r\n    \r\n\r\n    <\/figure>\r\n\r\n            <a class=\"getStartedVisible\" href=\"https:\/\/app.talkpal.ai\/et\/signup?lng=\">Alusta<\/a>\r\n    \r\n<\/section>\r\n<section class=\"promotionalBanner\">\r\n    <p class=\"promotionalText\">K\u00f5ige t\u00f5husam viis keele \u00f5ppimiseks<\/p>\r\n    <a class=\"promotionalLink\" href=\"https:\/\/app.talkpal.ai\/et\/signup?lng=\">Proovige Talkpal tasuta<\/a>\r\n<\/section>\n<div class=\"wp-block-group pageContainerStyle\"><div class=\"wp-block-group__inner-container is-layout-constrained wp-block-group-is-layout-constrained\">\n<h2 class=\"wp-block-heading\" id=\"h-malay-grammar-exploring-the-richness-of-bahasa-melayu\">Malai grammatika: Bahasa Melayu rikkuse uurimine<\/h2>\n\n\n\n<p><a href=\"https:\/\/talkpal.ai\/et\/opi-malai-keel\/\">Malai keel<\/a> ehk <a href=\"https:\/\/talkpal.ai\/ms\/belajar-bahasa-melayu\/\">Bahasa Melayu<\/a> kuulub maailma enim r\u00e4\u00e4gitud keelte hulka, \u00fchendades Malaisia, <a href=\"https:\/\/talkpal.ai\/learn-indonesian\/\">Indoneesia<\/a>, Brunei ja Singapuri erinevaid rahvaid. Malai keele \u00f5ppimisse s\u00fcvenedes avastate kiiresti selle grammatika ilu ja areneva keelemaastiku. Selle artikli eesm\u00e4rk on tutvustada teile <a href=\"https:\/\/talkpal.ai\/malay-grammar\/\">malai grammatika<\/a> p\u00f5hiprintsiipe, mis aitavad teil seda mitmek\u00fclgset keelt paremini m\u00f5ista ja hinnata.<\/p>\n\n\n\n<h3 class=\"wp-block-heading\" id=\"h-1-nouns-simplicity-rules\">1. Nimis\u00f5nad \u2013 lihtsuse reeglid<\/h3>\n\n\n\n<p>Erinevalt teistest keeltest ei ole malai keele grammatikas nimis\u00f5nade deklinatsioonid ega soolikad klassifikatsioonid. Selle asemel paneb nimis\u00f5na kasutamine suurt r\u00f5hku lihtsusele. Nimis\u00f5nade mitmuse vormid luuakse pelgalt neid dubleerides. K\u00f5lab lihtsalt, eks? N\u00e4iteks &#8220;\u00f5un&#8221; on &#8220;buah epal&#8221;, nii et &#8220;\u00f5unad&#8221; muutub &#8220;buah-buah epal&#8221;. Mitteametlikus k\u00f5nes v\u00f5ite dubleerimise loobuda.<\/p>\n\n\n\n<h3 class=\"wp-block-heading\" id=\"h-2-adjectives-straightforward-descriptions\">2. Omaduss\u00f5nad \u2013 lihtsad kirjeldused<\/h3>\n\n\n\n<p>Malai adjektiivid j\u00e4\u00e4vad muutumatuks, s\u00f5ltumata sellest, millist p\u00f5hikirja nad kirjeldavad, mist\u00f5ttu on neid uskumatult lihtne kasutada &#8211; veel \u00fcks tunnistus keele lihtsusest. Omaduss\u00f5na paigutamine tuleb nimis\u00f5na j\u00e4rel, luues lausetes meeldiva voolu. N\u00e4iteks &#8220;suur maja&#8221; on &#8220;rumah besar&#8221;, kusjuures &#8220;rumah&#8221; t\u00e4hendab &#8220;maja&#8221; ja &#8220;besar&#8221; &#8220;suur&#8221;.<\/p>\n\n\n\n<h3 class=\"wp-block-heading\" id=\"h-3-verbs-the-magic-of-prefixes-and-suffixes\">3. Tegus\u00f5nad \u2013 ees- ja j\u00e4relliidete maagia<\/h3>\n\n\n\n<p>Malai verbid v\u00f5ivad uhkeldada mitmek\u00fclgsusega, mis on nii p\u00f5nev kui ka lihtne. Bahasa melayu keeles ei edastata ajavormide kaudu selges\u00f5naliselt aega, vaid neid n\u00e4idatakse konteksti v\u00f5i ajam\u00e4rkide kaudu. Lisaks kasutab malai laialdaselt eesliiteid ja j\u00e4relliiteid, et v\u00e4ljendada erinevaid verbi aspekte.<\/p>\n\n\n\n<p>On kolm peamist eesliidet: &#8220;meN-&#8220;, &#8220;ber-&#8221; ja &#8220;ter-&#8220;. Prefiksil &#8220;meN-&#8221; on mitmesuguseid kasutusviise, sealhulgas aktiivsete verbide moodustamine ja p\u00f5hjusliku tegevuse t\u00e4histamine. Samal ajal t\u00e4histab &#8220;ber-&#8221; intransitiivseid tegevusi ja &#8220;ter-&#8221; t\u00e4histab juhuslikke s\u00fcndmusi v\u00f5i passiivseid tegevusi. Oluline on m\u00e4rkida, et <a href=\"https:\/\/talkpal.ai\/locations\/language-courses-in-iga\/\">iga<\/a> eesliide v\u00f5ib p\u00f5hjustada v\u00e4ikeseid \u00f5igekirja muutusi p\u00f5hiverbile.<\/p>\n\n\n\n<p>Sufiksid, nagu &#8220;-kan&#8221; ja &#8220;-i&#8221;, aitavad anda t\u00e4iendavat spetsiifilisust, samas kui infiks &#8220;-el-&#8221; lisab intensiivsust p\u00f5hiverbile.<\/p>\n\n\n\n<h3 class=\"wp-block-heading\" id=\"h-4-prepositions-amp-particles-adding-flavor-to-sentences\">4. Eess\u00f5nad ja osakesed &#8211; lausetele maitse lisamine<\/h3>\n\n\n\n<p>Eess\u00f5nad ja osakesed m\u00e4ngivad malai grammatikas olulist rolli, toimides keelelise liimina ja pakkudes olulist konteksti. Prepositsioonid, nagu &#8220;di&#8221; (at), &#8220;ke&#8221; (to) ja &#8220;dari&#8221; (from), aitavad luua seoseid s\u00f5nade vahel. Teisest k\u00fcljest kasutatakse partikleid, nagu &#8220;lah&#8221;, &#8220;kah&#8221; ja &#8220;pun&#8221;, et lisada lausetele r\u00f5huasetusi, emotsiooni ja k\u00fcsim\u00e4rke.<\/p>\n\n\n\n<p>N\u00e4iteks lause &#8220;Kamu pergi sana&#8221;, mis t\u00e4hendab &#8220;Sa l\u00e4hed sinna&#8221;, muutub r\u00f5hutatumaks, kui lisada l\u00f5ppu &#8220;lah&#8221;: &#8220;Kamu pergi sana lah.&#8221; N\u00fc\u00fcd t\u00e4hendab see &#8220;Sa l\u00e4hed sinna (kohe).&#8221;<\/p>\n\n\n\n<h3 class=\"wp-block-heading\" id=\"h-5-embracing-the-journey\">5. Teekonna omaksv\u00f5tmine<\/h3>\n\n\n\n<p>Kuigi malai keele grammatika v\u00f5ib teiste keeltega v\u00f5rreldes tunduda sirgjooneline, peitub selle ilu lihtsate reeglite abil saavutatud v\u00e4ljendite rikkuses ja mitmekesisuses. <a href=\"https:\/\/talkpal.ai\/malay-grammar\/\">Malai grammatika<\/a> \u00f5ppimise lihtsus v\u00f5imaldab teil t\u00f5husamalt suhelda mitmekesise malai keelt k\u00f5neleva maailmaga ja sukelduda selle ainulaadsesse kultuuri.<\/p>\n\n\n\n<p>Enne pea ees Bahasa Melayu maailma sukeldumist pidage meeles, et teekond ei pruugi alati olla sujuv. Hoidke avatud meelt, suhelge emakeelena k\u00f5nelejatega ja mis k\u00f5ige t\u00e4htsam &#8211; nautige selle ilusa keele n\u00fcansside avastamise kogemust. Selamat belajar \u2013 head \u00f5ppimist!<\/p>\n<\/div><\/div>\n\r\n<section class=\"learnNavigationSection\">\r\n            \r\n        <a href=\"https:\/\/talkpal.ai\/et\/opi-malai-keel\/\">\r\n            <div class=\"learnNavigationWrapper\">\r\n                <div class=\"learnNavigationContent\">\r\n                    <img decoding=\"async\" src=\"https:\/\/talkpal.ai\/wp-content\/uploads\/2024\/08\/Malay.jpg\" alt=\"Malaysian Flag\">\r\n                    <div>\r\n                        <h4>Malaja \u00f5ppimise kohta<\/h4>\r\n                        <p>Uuri k\u00f5ike malai grammatika kohta.<\/p>\r\n                    <\/div>\r\n                <\/div>\r\n            <\/div>\r\n        <\/a>\r\n\r\n        \r\n        <a href=\"https:\/\/talkpal.ai\/et\/malai-grammatika-harjutused\/\">\r\n            <div class=\"learnNavigationWrapper\">\r\n                <div class=\"learnNavigationContent\">\r\n                    <img decoding=\"async\" src=\"https:\/\/talkpal.ai\/wp-content\/uploads\/2024\/08\/Malay.jpg\" alt=\"Malaysian Flag\">\r\n                    <div>\r\n                        <h4>Malai keele grammatika harjutus<\/h4>\r\n                        <p>Harjuta malai keele grammatikat<\/p>\r\n                    <\/div>\r\n                <\/div>\r\n            <\/div>\r\n        <\/a>\r\n\r\n        \r\n        <a href=\"https:\/\/talkpal.ai\/vocabulary_language\/malay\/\">\r\n            <div class=\"learnNavigationWrapper\">\r\n                <div class=\"learnNavigationContent\">\r\n                    <img decoding=\"async\" src=\"https:\/\/talkpal.ai\/wp-content\/uploads\/2024\/08\/Malay.jpg\" alt=\"Malaysian Flag\">\r\n                    <div>\r\n                        <h4>Malai keele s\u00f5navara<\/h4>\r\n                        <p>Laiendage oma malai keele s\u00f5navara.<\/p>\r\n                    <\/div>\r\n                <\/div>\r\n            <\/div>\r\n        <\/a>\r\n\r\n            <\/section>","protected":false},"excerpt":{"rendered":"<p>Malai grammatika: Bahasa Melayu rikkuse uurimine Malai keel ehk Bahasa Melayu kuulub maailma enim r\u00e4\u00e4gitud keelte hulka, \u00fchendades Malaisia, Indoneesia, Brunei ja Singapuri erinevaid rahvaid. Malai keele \u00f5ppimisse s\u00fcvenedes avastate kiiresti selle grammatika ilu ja areneva keelemaastiku. Selle artikli eesm\u00e4rk on tutvustada teile malai grammatika p\u00f5hiprintsiipe, mis aitavad teil seda mitmek\u00fclgset keelt paremini m\u00f5ista ja [&hellip;]<\/p>\n","protected":false},"author":1,"featured_media":115653,"parent":0,"menu_order":0,"comment_status":"closed","ping_status":"closed","template":"LearningContentPage.php","meta":{"_acf_changed":false,"footnotes":""},"class_list":["post-147101","page","type-page","status-publish","has-post-thumbnail","hentry"],"acf":[],"yoast_head":"<!-- This site is optimized with the Yoast SEO Premium plugin v27.2 (Yoast SEO v27.2) - https:\/\/yoast.com\/product\/yoast-seo-premium-wordpress\/ -->\n<title>Malai grammatika - Talkpal<\/title>\n<meta name=\"description\" content=\"Tutvuge malai keele grammatikaga ja \u00f5ppige, kuidas selle lihtsus v\u00f5ib parandada teie arusaamist malai keelest.\" \/>\n<meta name=\"robots\" content=\"index, follow, max-snippet:-1, max-image-preview:large, max-video-preview:-1\" \/>\n<link rel=\"canonical\" href=\"https:\/\/talkpal.ai\/et\/malai-grammatika\/\" \/>\n<meta property=\"og:locale\" content=\"et_EE\" \/>\n<meta property=\"og:type\" content=\"article\" \/>\n<meta property=\"og:title\" content=\"Malai grammatika\" \/>\n<meta property=\"og:description\" content=\"Malai grammatika: Bahasa Melayu rikkuse uurimine Malai keel ehk Bahasa Melayu kuulub maailma enim r\u00e4\u00e4gitud keelte hulka, \u00fchendades Malaisia, Indoneesia,\" \/>\n<meta property=\"og:url\" content=\"https:\/\/talkpal.ai\/et\/malai-grammatika\/\" \/>\n<meta property=\"og:site_name\" content=\"Talkpal\" \/>\n<meta property=\"article:publisher\" content=\"https:\/\/www.facebook.com\/profile.php?id=100090733639311\" \/>\n<meta property=\"article:modified_time\" content=\"2025-12-17T16:41:32+00:00\" \/>\n<meta property=\"og:image\" content=\"https:\/\/talkpal.ai\/wp-content\/uploads\/2023\/05\/malaysia.png\" \/>\n\t<meta property=\"og:image:width\" content=\"512\" \/>\n\t<meta property=\"og:image:height\" content=\"512\" \/>\n\t<meta property=\"og:image:type\" content=\"image\/png\" \/>\n<meta name=\"twitter:card\" content=\"summary_large_image\" \/>\n<meta name=\"twitter:site\" content=\"@talkpalai\" \/>\n<meta name=\"twitter:label1\" content=\"Est. reading time\" \/>\n\t<meta name=\"twitter:data1\" content=\"2 minutit\" \/>\n<script type=\"application\/ld+json\" class=\"yoast-schema-graph\">{\"@context\":\"https:\/\/schema.org\",\"@graph\":[{\"@type\":\"WebPage\",\"@id\":\"https:\/\/talkpal.ai\/et\/malai-grammatika\/\",\"url\":\"https:\/\/talkpal.ai\/et\/malai-grammatika\/\",\"name\":\"Malai grammatika - Talkpal\",\"isPartOf\":{\"@id\":\"https:\/\/talkpal.ai\/et\/#website\"},\"primaryImageOfPage\":{\"@id\":\"https:\/\/talkpal.ai\/et\/malai-grammatika\/#primaryimage\"},\"image\":{\"@id\":\"https:\/\/talkpal.ai\/et\/malai-grammatika\/#primaryimage\"},\"thumbnailUrl\":\"https:\/\/talkpal.ai\/wp-content\/uploads\/2023\/05\/malaysia.png\",\"datePublished\":\"2023-05-14T14:11:47+00:00\",\"dateModified\":\"2025-12-17T16:41:32+00:00\",\"description\":\"Tutvuge malai keele grammatikaga ja \u00f5ppige, kuidas selle lihtsus v\u00f5ib parandada teie arusaamist malai keelest.\",\"breadcrumb\":{\"@id\":\"https:\/\/talkpal.ai\/et\/malai-grammatika\/#breadcrumb\"},\"inLanguage\":\"et\",\"potentialAction\":[{\"@type\":\"ReadAction\",\"target\":[\"https:\/\/talkpal.ai\/et\/malai-grammatika\/\"]}]},{\"@type\":\"ImageObject\",\"inLanguage\":\"et\",\"@id\":\"https:\/\/talkpal.ai\/et\/malai-grammatika\/#primaryimage\",\"url\":\"https:\/\/talkpal.ai\/wp-content\/uploads\/2023\/05\/malaysia.png\",\"contentUrl\":\"https:\/\/talkpal.ai\/wp-content\/uploads\/2023\/05\/malaysia.png\",\"width\":512,\"height\":512},{\"@type\":\"BreadcrumbList\",\"@id\":\"https:\/\/talkpal.ai\/et\/malai-grammatika\/#breadcrumb\",\"itemListElement\":[{\"@type\":\"ListItem\",\"position\":1,\"name\":\"Homepage\",\"item\":\"https:\/\/talkpal.ai\/et\/\"},{\"@type\":\"ListItem\",\"position\":2,\"name\":\"Malai grammatika\"}]},{\"@type\":\"WebSite\",\"@id\":\"https:\/\/talkpal.ai\/et\/#website\",\"url\":\"https:\/\/talkpal.ai\/et\/\",\"name\":\"Talkpal\",\"description\":\"AI Language Learning\",\"publisher\":{\"@id\":\"https:\/\/talkpal.ai\/et\/#organization\"},\"alternateName\":\"Talkpal AI\",\"potentialAction\":[{\"@type\":\"SearchAction\",\"target\":{\"@type\":\"EntryPoint\",\"urlTemplate\":\"https:\/\/talkpal.ai\/et\/?s={search_term_string}\"},\"query-input\":{\"@type\":\"PropertyValueSpecification\",\"valueRequired\":true,\"valueName\":\"search_term_string\"}}],\"inLanguage\":\"et\"},{\"@type\":\"Organization\",\"@id\":\"https:\/\/talkpal.ai\/et\/#organization\",\"name\":\"Talkpal, Inc.\",\"alternateName\":\"Talkpal AI\",\"url\":\"https:\/\/talkpal.ai\/et\/\",\"logo\":{\"@type\":\"ImageObject\",\"inLanguage\":\"et\",\"@id\":\"https:\/\/talkpal.ai\/et\/#\/schema\/logo\/image\/\",\"url\":\"https:\/\/talkpal.ai\/wp-content\/uploads\/2024\/03\/Talkpal-Logo-Icon.png\",\"contentUrl\":\"https:\/\/talkpal.ai\/wp-content\/uploads\/2024\/03\/Talkpal-Logo-Icon.png\",\"width\":2880,\"height\":2880,\"caption\":\"Talkpal, Inc.\"},\"image\":{\"@id\":\"https:\/\/talkpal.ai\/et\/#\/schema\/logo\/image\/\"},\"sameAs\":[\"https:\/\/www.facebook.com\/profile.php?id=100090733639311\",\"https:\/\/x.com\/talkpalai\",\"https:\/\/www.linkedin.com\/company\/talkpal\/\",\"https:\/\/www.youtube.com\/@TalkPal\/\",\"https:\/\/www.tiktok.com\/@talkpal\",\"https:\/\/www.instagram.com\/talkpal_ai\/\",\"https:\/\/www.crunchbase.com\/organization\/talkpal-9cde\",\"https:\/\/www.g2.com\/products\/talkpal-for-business\/\",\"https:\/\/www.trustpilot.com\/review\/talkpal.ai\",\"https:\/\/www.capterra.com\/p\/10006800\/TalkPal\/\"],\"description\":\"Talkpal is a language learning web and mobile education app, powered by the latest AI technologies, that provides engaging experiences to its customers in many different languages to help them improve their language skills. Users can chat about unlimited amount of topics with the app and use other modes to practice their language learning.\",\"email\":\"support@talkpal.ai\",\"legalName\":\"Talkpal, Inc.\",\"foundingDate\":\"2023-04-03\",\"duns\":\"118989042\",\"numberOfEmployees\":{\"@type\":\"QuantitativeValue\",\"minValue\":\"11\",\"maxValue\":\"50\"},\"publishingPrinciples\":\"https:\/\/talkpal.ai\/publishing-principles\/\",\"actionableFeedbackPolicy\":\"https:\/\/talkpal.ai\/actionable-feedback-policy\/\",\"correctionsPolicy\":\"https:\/\/talkpal.ai\/corrections-policy\/\",\"ethicsPolicy\":\"https:\/\/talkpal.ai\/ethics-policy\/\",\"diversityPolicy\":\"https:\/\/talkpal.ai\/diversity-policy\/\",\"diversityStaffingReport\":\"https:\/\/talkpal.ai\/diversity-policy\/\"}]}<\/script>\n<!-- \/ Yoast SEO Premium plugin. -->","yoast_head_json":{"title":"Malai grammatika - Talkpal","description":"Tutvuge malai keele grammatikaga ja \u00f5ppige, kuidas selle lihtsus v\u00f5ib parandada teie arusaamist malai keelest.","robots":{"index":"index","follow":"follow","max-snippet":"max-snippet:-1","max-image-preview":"max-image-preview:large","max-video-preview":"max-video-preview:-1"},"canonical":"https:\/\/talkpal.ai\/et\/malai-grammatika\/","og_locale":"et_EE","og_type":"article","og_title":"Malai grammatika","og_description":"Malai grammatika: Bahasa Melayu rikkuse uurimine Malai keel ehk Bahasa Melayu kuulub maailma enim r\u00e4\u00e4gitud keelte hulka, \u00fchendades Malaisia, Indoneesia,","og_url":"https:\/\/talkpal.ai\/et\/malai-grammatika\/","og_site_name":"Talkpal","article_publisher":"https:\/\/www.facebook.com\/profile.php?id=100090733639311","article_modified_time":"2025-12-17T16:41:32+00:00","og_image":[{"width":512,"height":512,"url":"https:\/\/talkpal.ai\/wp-content\/uploads\/2023\/05\/malaysia.png","type":"image\/png"}],"twitter_card":"summary_large_image","twitter_site":"@talkpalai","twitter_misc":{"Est. reading time":"2 minutit"},"schema":{"@context":"https:\/\/schema.org","@graph":[{"@type":"WebPage","@id":"https:\/\/talkpal.ai\/et\/malai-grammatika\/","url":"https:\/\/talkpal.ai\/et\/malai-grammatika\/","name":"Malai grammatika - Talkpal","isPartOf":{"@id":"https:\/\/talkpal.ai\/et\/#website"},"primaryImageOfPage":{"@id":"https:\/\/talkpal.ai\/et\/malai-grammatika\/#primaryimage"},"image":{"@id":"https:\/\/talkpal.ai\/et\/malai-grammatika\/#primaryimage"},"thumbnailUrl":"https:\/\/talkpal.ai\/wp-content\/uploads\/2023\/05\/malaysia.png","datePublished":"2023-05-14T14:11:47+00:00","dateModified":"2025-12-17T16:41:32+00:00","description":"Tutvuge malai keele grammatikaga ja \u00f5ppige, kuidas selle lihtsus v\u00f5ib parandada teie arusaamist malai keelest.","breadcrumb":{"@id":"https:\/\/talkpal.ai\/et\/malai-grammatika\/#breadcrumb"},"inLanguage":"et","potentialAction":[{"@type":"ReadAction","target":["https:\/\/talkpal.ai\/et\/malai-grammatika\/"]}]},{"@type":"ImageObject","inLanguage":"et","@id":"https:\/\/talkpal.ai\/et\/malai-grammatika\/#primaryimage","url":"https:\/\/talkpal.ai\/wp-content\/uploads\/2023\/05\/malaysia.png","contentUrl":"https:\/\/talkpal.ai\/wp-content\/uploads\/2023\/05\/malaysia.png","width":512,"height":512},{"@type":"BreadcrumbList","@id":"https:\/\/talkpal.ai\/et\/malai-grammatika\/#breadcrumb","itemListElement":[{"@type":"ListItem","position":1,"name":"Homepage","item":"https:\/\/talkpal.ai\/et\/"},{"@type":"ListItem","position":2,"name":"Malai grammatika"}]},{"@type":"WebSite","@id":"https:\/\/talkpal.ai\/et\/#website","url":"https:\/\/talkpal.ai\/et\/","name":"Talkpal","description":"AI Language Learning","publisher":{"@id":"https:\/\/talkpal.ai\/et\/#organization"},"alternateName":"Talkpal AI","potentialAction":[{"@type":"SearchAction","target":{"@type":"EntryPoint","urlTemplate":"https:\/\/talkpal.ai\/et\/?s={search_term_string}"},"query-input":{"@type":"PropertyValueSpecification","valueRequired":true,"valueName":"search_term_string"}}],"inLanguage":"et"},{"@type":"Organization","@id":"https:\/\/talkpal.ai\/et\/#organization","name":"Talkpal, Inc.","alternateName":"Talkpal AI","url":"https:\/\/talkpal.ai\/et\/","logo":{"@type":"ImageObject","inLanguage":"et","@id":"https:\/\/talkpal.ai\/et\/#\/schema\/logo\/image\/","url":"https:\/\/talkpal.ai\/wp-content\/uploads\/2024\/03\/Talkpal-Logo-Icon.png","contentUrl":"https:\/\/talkpal.ai\/wp-content\/uploads\/2024\/03\/Talkpal-Logo-Icon.png","width":2880,"height":2880,"caption":"Talkpal, Inc."},"image":{"@id":"https:\/\/talkpal.ai\/et\/#\/schema\/logo\/image\/"},"sameAs":["https:\/\/www.facebook.com\/profile.php?id=100090733639311","https:\/\/x.com\/talkpalai","https:\/\/www.linkedin.com\/company\/talkpal\/","https:\/\/www.youtube.com\/@TalkPal\/","https:\/\/www.tiktok.com\/@talkpal","https:\/\/www.instagram.com\/talkpal_ai\/","https:\/\/www.crunchbase.com\/organization\/talkpal-9cde","https:\/\/www.g2.com\/products\/talkpal-for-business\/","https:\/\/www.trustpilot.com\/review\/talkpal.ai","https:\/\/www.capterra.com\/p\/10006800\/TalkPal\/"],"description":"Talkpal is a language learning web and mobile education app, powered by the latest AI technologies, that provides engaging experiences to its customers in many different languages to help them improve their language skills. Users can chat about unlimited amount of topics with the app and use other modes to practice their language learning.","email":"support@talkpal.ai","legalName":"Talkpal, Inc.","foundingDate":"2023-04-03","duns":"118989042","numberOfEmployees":{"@type":"QuantitativeValue","minValue":"11","maxValue":"50"},"publishingPrinciples":"https:\/\/talkpal.ai\/publishing-principles\/","actionableFeedbackPolicy":"https:\/\/talkpal.ai\/actionable-feedback-policy\/","correctionsPolicy":"https:\/\/talkpal.ai\/corrections-policy\/","ethicsPolicy":"https:\/\/talkpal.ai\/ethics-policy\/","diversityPolicy":"https:\/\/talkpal.ai\/diversity-policy\/","diversityStaffingReport":"https:\/\/talkpal.ai\/diversity-policy\/"}]}},"_links":{"self":[{"href":"https:\/\/talkpal.ai\/et\/wp-json\/wp\/v2\/pages\/147101","targetHints":{"allow":["GET"]}}],"collection":[{"href":"https:\/\/talkpal.ai\/et\/wp-json\/wp\/v2\/pages"}],"about":[{"href":"https:\/\/talkpal.ai\/et\/wp-json\/wp\/v2\/types\/page"}],"author":[{"embeddable":true,"href":"https:\/\/talkpal.ai\/et\/wp-json\/wp\/v2\/users\/1"}],"replies":[{"embeddable":true,"href":"https:\/\/talkpal.ai\/et\/wp-json\/wp\/v2\/comments?post=147101"}],"version-history":[{"count":0,"href":"https:\/\/talkpal.ai\/et\/wp-json\/wp\/v2\/pages\/147101\/revisions"}],"wp:featuredmedia":[{"embeddable":true,"href":"https:\/\/talkpal.ai\/et\/wp-json\/wp\/v2\/media\/115653"}],"wp:attachment":[{"href":"https:\/\/talkpal.ai\/et\/wp-json\/wp\/v2\/media?parent=147101"}],"curies":[{"name":"wp","href":"https:\/\/api.w.org\/{rel}","templated":true}]}}