{"id":146770,"date":"2023-05-14T14:11:28","date_gmt":"2023-05-14T14:11:28","guid":{"rendered":"http:\/\/talkpal.ai\/makedoonia-grammatika\/"},"modified":"2025-12-17T16:39:26","modified_gmt":"2025-12-17T16:39:26","slug":"makedoonia-grammatika","status":"publish","type":"page","link":"https:\/\/talkpal.ai\/et\/makedoonia-grammatika\/","title":{"rendered":"Makedoonia grammatika"},"content":{"rendered":"\r\n\r\n\r\n<section class=\"languageChallengeSection\">\r\n    <div class=\"languageInfoWrapper\">\r\n        \r\n        <h1>Makedoonia grammatika<\/h1>\r\n        <p>Sukeldu <a href=\"https:\/\/talkpal.ai\/macedonian-grammar\/\">makedoonia keele grammatika<\/a> p\u00f5nevasse maailma ja avasta selle ainulaadse l\u00f5unaslaavi keele struktuur. <a href=\"https:\/\/talkpal.ai\/learn-macedonian\/\">Makedoonia<\/a> keele <a href=\"https:\/\/talkpal.ai\/greek-grammar\/\">grammatika<\/a> p\u00f5hit\u00f5dede \u00f5ppimine annab teile v\u00f5imaluse enesekindlamalt suhelda ja tutvuda P\u00f5hja-Makedoonia rikkaliku kultuuriga. Alusta juba t\u00e4na ja tee esimene samm makedoonia keele omandamise suunas!<\/p>\r\n\r\n                            <a class=\"getStartedHidden\" href=\"https:\/\/app.talkpal.ai\/et\/signup?lng=\">Alusta<\/a>\r\n        \r\n    <\/div>\r\n\r\n    <figure>\r\n    <img decoding=\"async\" width=\"768\" height=\"768\" src=\"https:\/\/talkpal.ai\/wp-content\/uploads\/2023\/06\/macedonian-768x768.png\" class=\"languageImage no-lazy\" alt=\"Language learning through conversational practice\" fetchpriority=\"high\" sizes=\"(max-width: 768px) 150px, 768px\" srcset=\"https:\/\/talkpal.ai\/wp-content\/uploads\/2023\/06\/macedonian-768x768.png 768w, https:\/\/talkpal.ai\/wp-content\/uploads\/2023\/06\/macedonian-300x300.png 300w\" \/>\r\n    \r\n\r\n    <\/figure>\r\n\r\n            <a class=\"getStartedVisible\" href=\"https:\/\/app.talkpal.ai\/et\/signup?lng=\">Alusta<\/a>\r\n    \r\n<\/section>\r\n<section class=\"promotionalBanner\">\r\n    <p class=\"promotionalText\">K\u00f5ige t\u00f5husam viis keele \u00f5ppimiseks<\/p>\r\n    <a class=\"promotionalLink\" href=\"https:\/\/app.talkpal.ai\/et\/signup?lng=\">Proovige Talkpal tasuta<\/a>\r\n<\/section>\n<div class=\"wp-block-group pageContainerStyle\"><div class=\"wp-block-group__inner-container is-layout-constrained wp-block-group-is-layout-constrained\">\n<h2 class=\"wp-block-heading\" id=\"h-unraveling-the-mysteries-of-macedonian-grammar\">Makedoonia grammatika saladuste lahti harutamine<\/h2>\n\n\n\n<p>Makedoonia keele grammatika &#8211; keerukas, kuid ligip\u00e4\u00e4setav, p\u00f5nev, kuid graatsiline, keeruline, kuid intrigeeriv. Kui alustate oma reisi makedoonia keele maailma, v\u00f5ite tunda p\u00f5nevuse ja hirmutamise segu, kui tegemist on selle grammatiliste m\u00f5istatuste de\u0161ifreerimisega. \u00c4ra karda, tulihingeline keelehuviline! Me oleme siin, et toetada teid selles keelelises seikluses!<\/p>\n\n\n\n<p>Selles kaasahaaravas artiklis valgustame makedoonia keele grammatika olulisi aspekte, <a href=\"https:\/\/talkpal.ai\/locations\/language-courses-in-andes\/\">andes<\/a> \u00fclevaateid, selgitusi ja praktilisi n\u00e4iteid. Me paljastame, et see p\u00f5nev Balkani keel on k\u00e4ttesaadavam, kui te arvate! Nii et pange end kokku ja lubage meil makedoonia keele grammatikat teie jaoks lihtsustada ja dem\u00fcstifitseerida.<\/p>\n\n\n\n<h3 class=\"wp-block-heading\" id=\"h-1-delightful-declensions-noun-cases-made-easy\">1. Veetlevad deklinatsioonid: nimis\u00f5najuhtumid on tehtud lihtsaks<\/h3>\n\n\n\n<p>Nagu ka teistel slaavi keeltel, on makedoonia keelel keeruline nimis\u00f5najuhtumite s\u00fcsteem, mis koosneb kolmest juhtumist: nominatiivne, akusatiivne ja datiivne. Kuigi see on v\u00e4hem hirmutav kui rohkemate juhtumitega keeled, on nende n\u00fcansside valdamine sujuvuse saavutamiseks h\u00e4davajalik. Need juhtumid m\u00e4\u00e4ravad lauses nimis\u00f5nadele, ases\u00f5nadele ja omaduss\u00f5nadele erinevad rollid. Siin on l\u00fchike \u00fclevaade:<\/p>\n\n\n\n<p><strong>&#8211; Nominatiiv: Lause subjekt.<\/strong><\/p>\n\n\n\n<p><strong>&#8211; Akusatiiv: Otsene objekt v\u00f5i tegevuse eesm\u00e4rk<\/strong><\/p>\n\n\n\n<p><strong>&#8211; Datiiv: Kaudne objekt v\u00f5i tegevuse suunda n\u00e4itav objekt.<\/strong><\/p>\n\n\n\n<p>Nende juhtumite riputamiseks on v\u00f5ti praktika. Aja jooksul ja kokkupuutel keelega muutuvad need eristused teiseks olemuseks.<\/p>\n\n\n\n<h3 class=\"wp-block-heading\" id=\"h-2-amiable-adjectives-agreement-is-everything\">2. S\u00f5bralikud omaduss\u00f5nad: kokkulepe on k\u00f5ik<\/h3>\n\n\n\n<p><a href=\"https:\/\/talkpal.ai\/macedonian-grammar\/\">Makedoonia grammatika<\/a> omaduss\u00f5nad on kongeniaalsed konformistid. Nad n\u00f5ustuvad kirjeldatavate nimis\u00f5nade soo, arvu ja juhtumiga. See t\u00e4hendab, et peate kohandama <a href=\"https:\/\/talkpal.ai\/locations\/language-courses-in-iga\/\">iga<\/a> omaduss\u00f5na vormi, et see vastaks substantiivi omadustele.<\/p>\n\n\n\n<p>Selle protsessi sujuvamaks muutmiseks keskenduge omaduss\u00f5na p\u00f5hivormide \u2013 meheliku, naiseliku ja kastreeritud \u2013 \u00f5ppimisele. Regulaarse praktika korral muutub omaduss\u00f5nade kokkuleppimise protsess peagi intuitiivseks.<\/p>\n\n\n\n<h3 class=\"wp-block-heading\" id=\"h-3-vigorous-verbs-conjugation-and-aspect-mastery\">3. J\u00f5ulised tegus\u00f5nad: konjugatsioon ja aspektimeisterlikkus<\/h3>\n\n\n\n<p>Nagu ka teiste slaavi keelte puhul, kogevad makedoonia verbid olulisi erinevusi. Konjugatsioon s\u00f5ltub pingest, meeleolust, inimesest, arvust ja mis k\u00f5ige t\u00e4htsam &#8211; aspektist.<\/p>\n\n\n\n<p>Makedoonia verbidel on kaks aspekti: t\u00e4iuslik ja ebat\u00e4iuslik. T\u00e4iuslikud verbid v\u00e4ljendavad t\u00e4ielikku tegevust, samas kui ebat\u00e4iuslikud verbid edastavad pidevat v\u00f5i korduvat tegevust. Selle kontseptsiooni m\u00f5istmine on teie grammatiliste teadmiste t\u00e4iustamisel \u00fclioluline.<\/p>\n\n\n\n<h3 class=\"wp-block-heading\" id=\"h-4-pitch-perfect-particles-mastering-stress-and-intonation\">4. Pigi t\u00e4iuslikud osakesed: stressi ja intonatsiooni valdamine<\/h3>\n\n\n\n<p>Ainulaadne Makedoonia v\u00e4ljakutse keele\u00f5ppijatele on oman\u00e4olise helik\u00f5rguse-aktsendi s\u00fcsteemi omandamine, mis omistab silpidele stressi ja intonatsiooni. See s\u00fcsteem v\u00f5ib otseselt m\u00f5jutada t\u00e4hendust ja m\u00f5istmist.<\/p>\n\n\n\n<p>Et saavutada h\u00e4\u00e4lduse t\u00e4psus ja selgus suhtluses, p\u00f6\u00f6rake suurt t\u00e4helepanu emakeelsete makedoonia keele k\u00f5nelejate intonatsioonimustritele. Algajana v\u00f5ite vaeva n\u00e4ha, kuid pidage meeles, et harjutamine kasvatab enesekindlust ja meisterlikkust.<\/p>\n\n\n\n<h3 class=\"wp-block-heading\" id=\"h-5-embrace-the-intricacies-persevere-and-prosper\">5. V\u00f5tke omaks keerukused: p\u00fcsige ja \u00f5itsege<\/h3>\n\n\n\n<p>Makedoonia grammatika v\u00f5ib esmapilgul tunduda keeruline, kuid pidage meeles, et kannatlikkus, praktika ja sihikindlus on edu saladused. Suhelge keelega lugemise, kirjutamise, kuulamise ja r\u00e4\u00e4kimise kaudu. V\u00f5tke vastu v\u00e4ljakutsed ja premeerige end edusammudega rahuloluga.<\/p>\n\n\n\n<p>Niisiis, kas olete valmis sukelduma Makedoonia grammatika h\u00fcpnotiseerivasse valdkonda? V\u00f5tke omaks selle veidrused ja keerukused, nautige peensusi ja pidage meeles, et p\u00fchendumuse ja entusiasmiga saate avada makedoonia keele t\u00f5elise ilu. \u0421\u043e \u0441\u0440\u0435\u045c\u0430! (\u00d5nn kaasa!)<\/p>\n<\/div><\/div>\n\r\n<section class=\"learnNavigationSection\">\r\n            \r\n        <a href=\"https:\/\/talkpal.ai\/et\/opi-makedoonia-keel\/\">\r\n            <div class=\"learnNavigationWrapper\">\r\n                <div class=\"learnNavigationContent\">\r\n                    <img decoding=\"async\" src=\"https:\/\/talkpal.ai\/wp-content\/uploads\/2024\/08\/Macedonian.jpg\" alt=\"Macedonian Flag\">\r\n                    <div>\r\n                        <h4>Makedoonia \u00f5ppimise kohta<\/h4>\r\n                        <p>Uuri k\u00f5ike makedoonia keele grammatika kohta.<\/p>\r\n                    <\/div>\r\n                <\/div>\r\n            <\/div>\r\n        <\/a>\r\n\r\n        \r\n        <a href=\"https:\/\/talkpal.ai\/et\/makedoonia-keele-grammatikaharjutused\/\">\r\n            <div class=\"learnNavigationWrapper\">\r\n                <div class=\"learnNavigationContent\">\r\n                    <img decoding=\"async\" src=\"https:\/\/talkpal.ai\/wp-content\/uploads\/2024\/08\/Macedonian.jpg\" alt=\"Macedonian Flag\">\r\n                    <div>\r\n                        <h4>Makedoonia keele grammatika harjutus<\/h4>\r\n                        <p>Harjutage makedoonia grammatikat.<\/p>\r\n                    <\/div>\r\n                <\/div>\r\n            <\/div>\r\n        <\/a>\r\n\r\n        \r\n        <a href=\"https:\/\/talkpal.ai\/vocabulary_language\/macedonian\/\">\r\n            <div class=\"learnNavigationWrapper\">\r\n                <div class=\"learnNavigationContent\">\r\n                    <img decoding=\"async\" src=\"https:\/\/talkpal.ai\/wp-content\/uploads\/2024\/08\/Macedonian.jpg\" alt=\"Macedonian Flag\">\r\n                    <div>\r\n                        <h4>Makedoonia keele s\u00f5navara<\/h4>\r\n                        <p>Laiendage oma makedoonia keele s\u00f5navara.<\/p>\r\n                    <\/div>\r\n                <\/div>\r\n            <\/div>\r\n        <\/a>\r\n\r\n            <\/section>","protected":false},"excerpt":{"rendered":"<p>Makedoonia grammatika saladuste lahti harutamine Makedoonia keele grammatika &#8211; keerukas, kuid ligip\u00e4\u00e4setav, p\u00f5nev, kuid graatsiline, keeruline, kuid intrigeeriv. Kui alustate oma reisi makedoonia keele maailma, v\u00f5ite tunda p\u00f5nevuse ja hirmutamise segu, kui tegemist on selle grammatiliste m\u00f5istatuste de\u0161ifreerimisega. \u00c4ra karda, tulihingeline keelehuviline! Me oleme siin, et toetada teid selles keelelises seikluses! Selles kaasahaaravas artiklis valgustame [&hellip;]<\/p>\n","protected":false},"author":1,"featured_media":115448,"parent":0,"menu_order":0,"comment_status":"closed","ping_status":"closed","template":"LearningContentPage.php","meta":{"_acf_changed":false,"footnotes":""},"class_list":["post-146770","page","type-page","status-publish","has-post-thumbnail","hentry"],"acf":[],"yoast_head":"<!-- This site is optimized with the Yoast SEO Premium plugin v27.2 (Yoast SEO v27.2) - https:\/\/yoast.com\/product\/yoast-seo-premium-wordpress\/ -->\n<title>Makedoonia grammatika - Talkpal<\/title>\n<meta name=\"description\" content=\"Meisterda makedoonia keele grammatika vaevata Talkpal, teie tehisintellektip\u00f5hise keele\u00f5petajaga. Parandage oma makedoonia keele grammatikaoskust!\" \/>\n<meta name=\"robots\" content=\"index, follow, max-snippet:-1, max-image-preview:large, max-video-preview:-1\" \/>\n<link rel=\"canonical\" href=\"https:\/\/talkpal.ai\/et\/makedoonia-grammatika\/\" \/>\n<meta property=\"og:locale\" content=\"et_EE\" \/>\n<meta property=\"og:type\" content=\"article\" \/>\n<meta property=\"og:title\" content=\"Makedoonia grammatika\" \/>\n<meta property=\"og:description\" content=\"Makedoonia grammatika saladuste lahti harutamine Makedoonia keele grammatika - keerukas, kuid ligip\u00e4\u00e4setav, p\u00f5nev, kuid graatsiline, keeruline, kuid\" \/>\n<meta property=\"og:url\" content=\"https:\/\/talkpal.ai\/et\/makedoonia-grammatika\/\" \/>\n<meta property=\"og:site_name\" content=\"Talkpal\" \/>\n<meta property=\"article:publisher\" content=\"https:\/\/www.facebook.com\/profile.php?id=100090733639311\" \/>\n<meta property=\"article:modified_time\" content=\"2025-12-17T16:39:26+00:00\" \/>\n<meta property=\"og:image\" content=\"https:\/\/talkpal.ai\/wp-content\/uploads\/2023\/05\/republic-of-macedonia.png\" \/>\n\t<meta property=\"og:image:width\" content=\"512\" \/>\n\t<meta property=\"og:image:height\" content=\"512\" \/>\n\t<meta property=\"og:image:type\" content=\"image\/png\" \/>\n<meta name=\"twitter:card\" content=\"summary_large_image\" \/>\n<meta name=\"twitter:site\" content=\"@talkpalai\" \/>\n<meta name=\"twitter:label1\" content=\"Est. reading time\" \/>\n\t<meta name=\"twitter:data1\" content=\"3 minutit\" \/>\n<script type=\"application\/ld+json\" class=\"yoast-schema-graph\">{\"@context\":\"https:\/\/schema.org\",\"@graph\":[{\"@type\":\"WebPage\",\"@id\":\"https:\/\/talkpal.ai\/et\/makedoonia-grammatika\/\",\"url\":\"https:\/\/talkpal.ai\/et\/makedoonia-grammatika\/\",\"name\":\"Makedoonia grammatika - Talkpal\",\"isPartOf\":{\"@id\":\"https:\/\/talkpal.ai\/et\/#website\"},\"primaryImageOfPage\":{\"@id\":\"https:\/\/talkpal.ai\/et\/makedoonia-grammatika\/#primaryimage\"},\"image\":{\"@id\":\"https:\/\/talkpal.ai\/et\/makedoonia-grammatika\/#primaryimage\"},\"thumbnailUrl\":\"https:\/\/talkpal.ai\/wp-content\/uploads\/2023\/05\/republic-of-macedonia.png\",\"datePublished\":\"2023-05-14T14:11:28+00:00\",\"dateModified\":\"2025-12-17T16:39:26+00:00\",\"description\":\"Meisterda makedoonia keele grammatika vaevata Talkpal, teie tehisintellektip\u00f5hise keele\u00f5petajaga. Parandage oma makedoonia keele grammatikaoskust!\",\"breadcrumb\":{\"@id\":\"https:\/\/talkpal.ai\/et\/makedoonia-grammatika\/#breadcrumb\"},\"inLanguage\":\"et\",\"potentialAction\":[{\"@type\":\"ReadAction\",\"target\":[\"https:\/\/talkpal.ai\/et\/makedoonia-grammatika\/\"]}]},{\"@type\":\"ImageObject\",\"inLanguage\":\"et\",\"@id\":\"https:\/\/talkpal.ai\/et\/makedoonia-grammatika\/#primaryimage\",\"url\":\"https:\/\/talkpal.ai\/wp-content\/uploads\/2023\/05\/republic-of-macedonia.png\",\"contentUrl\":\"https:\/\/talkpal.ai\/wp-content\/uploads\/2023\/05\/republic-of-macedonia.png\",\"width\":512,\"height\":512},{\"@type\":\"BreadcrumbList\",\"@id\":\"https:\/\/talkpal.ai\/et\/makedoonia-grammatika\/#breadcrumb\",\"itemListElement\":[{\"@type\":\"ListItem\",\"position\":1,\"name\":\"Homepage\",\"item\":\"https:\/\/talkpal.ai\/et\/\"},{\"@type\":\"ListItem\",\"position\":2,\"name\":\"Makedoonia grammatika\"}]},{\"@type\":\"WebSite\",\"@id\":\"https:\/\/talkpal.ai\/et\/#website\",\"url\":\"https:\/\/talkpal.ai\/et\/\",\"name\":\"Talkpal\",\"description\":\"AI Language Learning\",\"publisher\":{\"@id\":\"https:\/\/talkpal.ai\/et\/#organization\"},\"alternateName\":\"Talkpal AI\",\"potentialAction\":[{\"@type\":\"SearchAction\",\"target\":{\"@type\":\"EntryPoint\",\"urlTemplate\":\"https:\/\/talkpal.ai\/et\/?s={search_term_string}\"},\"query-input\":{\"@type\":\"PropertyValueSpecification\",\"valueRequired\":true,\"valueName\":\"search_term_string\"}}],\"inLanguage\":\"et\"},{\"@type\":\"Organization\",\"@id\":\"https:\/\/talkpal.ai\/et\/#organization\",\"name\":\"Talkpal, Inc.\",\"alternateName\":\"Talkpal AI\",\"url\":\"https:\/\/talkpal.ai\/et\/\",\"logo\":{\"@type\":\"ImageObject\",\"inLanguage\":\"et\",\"@id\":\"https:\/\/talkpal.ai\/et\/#\/schema\/logo\/image\/\",\"url\":\"https:\/\/talkpal.ai\/wp-content\/uploads\/2024\/03\/Talkpal-Logo-Icon.png\",\"contentUrl\":\"https:\/\/talkpal.ai\/wp-content\/uploads\/2024\/03\/Talkpal-Logo-Icon.png\",\"width\":2880,\"height\":2880,\"caption\":\"Talkpal, Inc.\"},\"image\":{\"@id\":\"https:\/\/talkpal.ai\/et\/#\/schema\/logo\/image\/\"},\"sameAs\":[\"https:\/\/www.facebook.com\/profile.php?id=100090733639311\",\"https:\/\/x.com\/talkpalai\",\"https:\/\/www.linkedin.com\/company\/talkpal\/\",\"https:\/\/www.youtube.com\/@TalkPal\/\",\"https:\/\/www.tiktok.com\/@talkpal\",\"https:\/\/www.instagram.com\/talkpal_ai\/\",\"https:\/\/www.crunchbase.com\/organization\/talkpal-9cde\",\"https:\/\/www.g2.com\/products\/talkpal-for-business\/\",\"https:\/\/www.trustpilot.com\/review\/talkpal.ai\",\"https:\/\/www.capterra.com\/p\/10006800\/TalkPal\/\"],\"description\":\"Talkpal is a language learning web and mobile education app, powered by the latest AI technologies, that provides engaging experiences to its customers in many different languages to help them improve their language skills. Users can chat about unlimited amount of topics with the app and use other modes to practice their language learning.\",\"email\":\"support@talkpal.ai\",\"legalName\":\"Talkpal, Inc.\",\"foundingDate\":\"2023-04-03\",\"duns\":\"118989042\",\"numberOfEmployees\":{\"@type\":\"QuantitativeValue\",\"minValue\":\"11\",\"maxValue\":\"50\"},\"publishingPrinciples\":\"https:\/\/talkpal.ai\/publishing-principles\/\",\"actionableFeedbackPolicy\":\"https:\/\/talkpal.ai\/actionable-feedback-policy\/\",\"correctionsPolicy\":\"https:\/\/talkpal.ai\/corrections-policy\/\",\"ethicsPolicy\":\"https:\/\/talkpal.ai\/ethics-policy\/\",\"diversityPolicy\":\"https:\/\/talkpal.ai\/diversity-policy\/\",\"diversityStaffingReport\":\"https:\/\/talkpal.ai\/diversity-policy\/\"}]}<\/script>\n<!-- \/ Yoast SEO Premium plugin. -->","yoast_head_json":{"title":"Makedoonia grammatika - Talkpal","description":"Meisterda makedoonia keele grammatika vaevata Talkpal, teie tehisintellektip\u00f5hise keele\u00f5petajaga. Parandage oma makedoonia keele grammatikaoskust!","robots":{"index":"index","follow":"follow","max-snippet":"max-snippet:-1","max-image-preview":"max-image-preview:large","max-video-preview":"max-video-preview:-1"},"canonical":"https:\/\/talkpal.ai\/et\/makedoonia-grammatika\/","og_locale":"et_EE","og_type":"article","og_title":"Makedoonia grammatika","og_description":"Makedoonia grammatika saladuste lahti harutamine Makedoonia keele grammatika - keerukas, kuid ligip\u00e4\u00e4setav, p\u00f5nev, kuid graatsiline, keeruline, kuid","og_url":"https:\/\/talkpal.ai\/et\/makedoonia-grammatika\/","og_site_name":"Talkpal","article_publisher":"https:\/\/www.facebook.com\/profile.php?id=100090733639311","article_modified_time":"2025-12-17T16:39:26+00:00","og_image":[{"width":512,"height":512,"url":"https:\/\/talkpal.ai\/wp-content\/uploads\/2023\/05\/republic-of-macedonia.png","type":"image\/png"}],"twitter_card":"summary_large_image","twitter_site":"@talkpalai","twitter_misc":{"Est. reading time":"3 minutit"},"schema":{"@context":"https:\/\/schema.org","@graph":[{"@type":"WebPage","@id":"https:\/\/talkpal.ai\/et\/makedoonia-grammatika\/","url":"https:\/\/talkpal.ai\/et\/makedoonia-grammatika\/","name":"Makedoonia grammatika - Talkpal","isPartOf":{"@id":"https:\/\/talkpal.ai\/et\/#website"},"primaryImageOfPage":{"@id":"https:\/\/talkpal.ai\/et\/makedoonia-grammatika\/#primaryimage"},"image":{"@id":"https:\/\/talkpal.ai\/et\/makedoonia-grammatika\/#primaryimage"},"thumbnailUrl":"https:\/\/talkpal.ai\/wp-content\/uploads\/2023\/05\/republic-of-macedonia.png","datePublished":"2023-05-14T14:11:28+00:00","dateModified":"2025-12-17T16:39:26+00:00","description":"Meisterda makedoonia keele grammatika vaevata Talkpal, teie tehisintellektip\u00f5hise keele\u00f5petajaga. Parandage oma makedoonia keele grammatikaoskust!","breadcrumb":{"@id":"https:\/\/talkpal.ai\/et\/makedoonia-grammatika\/#breadcrumb"},"inLanguage":"et","potentialAction":[{"@type":"ReadAction","target":["https:\/\/talkpal.ai\/et\/makedoonia-grammatika\/"]}]},{"@type":"ImageObject","inLanguage":"et","@id":"https:\/\/talkpal.ai\/et\/makedoonia-grammatika\/#primaryimage","url":"https:\/\/talkpal.ai\/wp-content\/uploads\/2023\/05\/republic-of-macedonia.png","contentUrl":"https:\/\/talkpal.ai\/wp-content\/uploads\/2023\/05\/republic-of-macedonia.png","width":512,"height":512},{"@type":"BreadcrumbList","@id":"https:\/\/talkpal.ai\/et\/makedoonia-grammatika\/#breadcrumb","itemListElement":[{"@type":"ListItem","position":1,"name":"Homepage","item":"https:\/\/talkpal.ai\/et\/"},{"@type":"ListItem","position":2,"name":"Makedoonia grammatika"}]},{"@type":"WebSite","@id":"https:\/\/talkpal.ai\/et\/#website","url":"https:\/\/talkpal.ai\/et\/","name":"Talkpal","description":"AI Language Learning","publisher":{"@id":"https:\/\/talkpal.ai\/et\/#organization"},"alternateName":"Talkpal AI","potentialAction":[{"@type":"SearchAction","target":{"@type":"EntryPoint","urlTemplate":"https:\/\/talkpal.ai\/et\/?s={search_term_string}"},"query-input":{"@type":"PropertyValueSpecification","valueRequired":true,"valueName":"search_term_string"}}],"inLanguage":"et"},{"@type":"Organization","@id":"https:\/\/talkpal.ai\/et\/#organization","name":"Talkpal, Inc.","alternateName":"Talkpal AI","url":"https:\/\/talkpal.ai\/et\/","logo":{"@type":"ImageObject","inLanguage":"et","@id":"https:\/\/talkpal.ai\/et\/#\/schema\/logo\/image\/","url":"https:\/\/talkpal.ai\/wp-content\/uploads\/2024\/03\/Talkpal-Logo-Icon.png","contentUrl":"https:\/\/talkpal.ai\/wp-content\/uploads\/2024\/03\/Talkpal-Logo-Icon.png","width":2880,"height":2880,"caption":"Talkpal, Inc."},"image":{"@id":"https:\/\/talkpal.ai\/et\/#\/schema\/logo\/image\/"},"sameAs":["https:\/\/www.facebook.com\/profile.php?id=100090733639311","https:\/\/x.com\/talkpalai","https:\/\/www.linkedin.com\/company\/talkpal\/","https:\/\/www.youtube.com\/@TalkPal\/","https:\/\/www.tiktok.com\/@talkpal","https:\/\/www.instagram.com\/talkpal_ai\/","https:\/\/www.crunchbase.com\/organization\/talkpal-9cde","https:\/\/www.g2.com\/products\/talkpal-for-business\/","https:\/\/www.trustpilot.com\/review\/talkpal.ai","https:\/\/www.capterra.com\/p\/10006800\/TalkPal\/"],"description":"Talkpal is a language learning web and mobile education app, powered by the latest AI technologies, that provides engaging experiences to its customers in many different languages to help them improve their language skills. Users can chat about unlimited amount of topics with the app and use other modes to practice their language learning.","email":"support@talkpal.ai","legalName":"Talkpal, Inc.","foundingDate":"2023-04-03","duns":"118989042","numberOfEmployees":{"@type":"QuantitativeValue","minValue":"11","maxValue":"50"},"publishingPrinciples":"https:\/\/talkpal.ai\/publishing-principles\/","actionableFeedbackPolicy":"https:\/\/talkpal.ai\/actionable-feedback-policy\/","correctionsPolicy":"https:\/\/talkpal.ai\/corrections-policy\/","ethicsPolicy":"https:\/\/talkpal.ai\/ethics-policy\/","diversityPolicy":"https:\/\/talkpal.ai\/diversity-policy\/","diversityStaffingReport":"https:\/\/talkpal.ai\/diversity-policy\/"}]}},"_links":{"self":[{"href":"https:\/\/talkpal.ai\/et\/wp-json\/wp\/v2\/pages\/146770","targetHints":{"allow":["GET"]}}],"collection":[{"href":"https:\/\/talkpal.ai\/et\/wp-json\/wp\/v2\/pages"}],"about":[{"href":"https:\/\/talkpal.ai\/et\/wp-json\/wp\/v2\/types\/page"}],"author":[{"embeddable":true,"href":"https:\/\/talkpal.ai\/et\/wp-json\/wp\/v2\/users\/1"}],"replies":[{"embeddable":true,"href":"https:\/\/talkpal.ai\/et\/wp-json\/wp\/v2\/comments?post=146770"}],"version-history":[{"count":0,"href":"https:\/\/talkpal.ai\/et\/wp-json\/wp\/v2\/pages\/146770\/revisions"}],"wp:featuredmedia":[{"embeddable":true,"href":"https:\/\/talkpal.ai\/et\/wp-json\/wp\/v2\/media\/115448"}],"wp:attachment":[{"href":"https:\/\/talkpal.ai\/et\/wp-json\/wp\/v2\/media?parent=146770"}],"curies":[{"name":"wp","href":"https:\/\/api.w.org\/{rel}","templated":true}]}}