{"id":146452,"date":"2023-05-14T14:11:00","date_gmt":"2023-05-14T14:11:00","guid":{"rendered":"http:\/\/talkpal.ai\/kasahhi-grammatika\/"},"modified":"2025-12-17T16:59:20","modified_gmt":"2025-12-17T16:59:20","slug":"kasahhi-grammatika","status":"publish","type":"page","link":"https:\/\/talkpal.ai\/et\/kasahhi-grammatika\/","title":{"rendered":"Kasahhi grammatika"},"content":{"rendered":"\r\n\r\n\r\n<section class=\"languageChallengeSection\">\r\n    <div class=\"languageInfoWrapper\">\r\n        \r\n        <h1>Kasahhi grammatika<\/h1>\r\n        <p><a href=\"https:\/\/talkpal.ai\/learn-kazakh\/\">Kasahhi<\/a> keele \u00f5ppimine avab ukse rikkaliku ajaloo- ja kultuuririkkasse keelde, mille keskmes on p\u00f5nev grammatikas\u00fcsteem. Kuigi <a href=\"https:\/\/talkpal.ai\/learn-kazakh\/\">kasahhi<\/a> keele <a href=\"https:\/\/talkpal.ai\/greek-grammar\/\">grammatika<\/a> v\u00f5ib esialgu tunduda keeruline, muudab selle p\u00f5hijoonte &#8211; n\u00e4iteks h\u00e4\u00e4likuharmoonia, nimis\u00f5nade ja verbide ajavormide &#8211; m\u00f5istmine keele omandamise nii saavutatavaks kui ka rahuldust pakkuvaks. Sukeldu sisse ja avasta, mis teeb kasahhi keele ainulaadseks!<\/p>\r\n\r\n                            <a class=\"getStartedHidden\" href=\"https:\/\/app.talkpal.ai\/et\/signup?lng=\">Alusta<\/a>\r\n        \r\n    <\/div>\r\n\r\n    <figure>\r\n    <img decoding=\"async\" width=\"768\" height=\"768\" src=\"https:\/\/talkpal.ai\/wp-content\/uploads\/2023\/06\/Khazak-768x768.png\" class=\"languageImage no-lazy\" alt=\"Language learning for increased negotiation skills\" fetchpriority=\"high\" sizes=\"(max-width: 768px) 150px, 768px\" srcset=\"https:\/\/talkpal.ai\/wp-content\/uploads\/2023\/06\/Khazak-768x768.png 768w, https:\/\/talkpal.ai\/wp-content\/uploads\/2023\/06\/Khazak-300x300.png 300w\" \/>\r\n    \r\n\r\n    <\/figure>\r\n\r\n            <a class=\"getStartedVisible\" href=\"https:\/\/app.talkpal.ai\/et\/signup?lng=\">Alusta<\/a>\r\n    \r\n<\/section>\r\n<section class=\"promotionalBanner\">\r\n    <p class=\"promotionalText\">K\u00f5ige t\u00f5husam viis keele \u00f5ppimiseks<\/p>\r\n    <a class=\"promotionalLink\" href=\"https:\/\/app.talkpal.ai\/et\/signup?lng=\">Proovige Talkpal tasuta<\/a>\r\n<\/section>\n<div class=\"wp-block-group pageContainerStyle\"><div class=\"wp-block-group__inner-container is-layout-constrained wp-block-group-is-layout-constrained\">\n<h2 class=\"wp-block-heading\" id=\"h-kazakh-grammar-unlocking-the-secrets-of-the-kazakh-language\">Kasahhi grammatika: kasahhi keele saladuste avamine<\/h2>\n\n\n\n<p>Kasahhi keele \u00f5ppimisel on <a href=\"https:\/\/talkpal.ai\/kazakh-grammar\/\">kasahhi grammatika<\/a> p\u00f5hialuste m\u00f5istmine selle saladuste avamiseks h\u00e4davajalik. Kuigi see v\u00f5ib alguses tunduda hirmutav, on grammatikas\u00fcsteemil ainulaadsed omadused, mis muudavad keele p\u00f5nevaks. K\u00e4esolevas artiklis p\u00fc\u00fctakse valgustada kasahhi keele grammatika p\u00f5hiaspekte, pakkudes vestluslikku ja mitteametlikku sissejuhatust keele rikkalikku struktuuri.<\/p>\n\n\n\n<h3 class=\"wp-block-heading\" id=\"h-1-nouns-harmony-in-cases-and-declensions\">1. Nimis\u00f5nad \u2013 harmoonia k\u00e4\u00e4nakutes ja k\u00e4\u00e4nakutes<\/h3>\n\n\n\n<p>\u00dcks esimesi asju, mida kasahhi keele grammatikas arvesse v\u00f5tta, on nimis\u00f5na struktuur. Keel kasutab vokaalide harmoonias\u00fcsteemi, kus t\u00e4ish\u00e4\u00e4likud on kas ees v\u00f5i taga ja eelistatakse harmoonilisi kombinatsioone. See s\u00fcsteem on seotud nimis\u00f5na mitmusega, mis on moodustatud erinevate j\u00e4relliidete kaudu, mis vastavad algse nimis\u00f5na harmoonilisele r\u00fchmale.<\/p>\n\n\n\n<p>Kasahhi nimis\u00f5nad j\u00e4rgivad seitset juhtumit: nominatiivne, genitiivne, datiivne, akusatiivne, lokatiivne, ablatiivne ja instrumentaalne. Kuigi alguses hirmutav, on nende juhtumite valdamine t\u00e4psete lausestruktuuride moodustamisel \u00fclioluline. Juhtumid m\u00e4\u00e4ravad s\u00f5nade vahelised suhted, v\u00f5imaldades paindlikkust s\u00f5nade j\u00e4rjekorras ilma t\u00e4hendust kaotamata.<\/p>\n\n\n\n<h3 class=\"wp-block-heading\" id=\"h-2-adjectives-agreement-and-comparison\">2. Omaduss\u00f5nad \u2013 kokkulepe ja v\u00f5rdlus<\/h3>\n\n\n\n<p>Kasahstani omaduss\u00f5nu kasutatakse nimis\u00f5nade kirjeldamiseks ja lisateabe andmiseks. Nad peavad n\u00f5ustuma nimis\u00f5naga, mida nad juhtumi ja arvu osas muudavad. Lisaks saab omaduss\u00f5nu v\u00f5rrelda v\u00f5rdlevate ja \u00fcliv\u00f5rrete abil, mis saavutatakse vastavate j\u00e4relliidete lisamisega, et edastada erinevaid r\u00f5huasetusi.<\/p>\n\n\n\n<p>N\u00e4iteks s\u00f5na &#8220;ilus&#8221; on kasahhi keeles &#8220;\u0441\u044b\u04a3\u0448\u044b&#8221;. Kui kirjeldada ilusat aeda (\u0431\u0430\u049b), oleks lause &#8220;\u0441\u044b\u04a3\u0448\u044b \u0431\u0430\u049b&#8221;. Kui \u00fctleksite &#8220;ilusam&#8221;, kasutaksite &#8220;\u0441\u044b\u04a3\u0448\u044b\u0440\u0430\u049b&#8221;, samas kui &#8220;k\u00f5ige ilusam&#8221; moodustataks &#8220;\u0441\u044b\u04a3\u0448\u044b&#8221;. Et \u00f6elda &#8220;k\u00f5ige ilusam aed&#8221;, kasutaksite &#8220;\u0441\u044b\u04a3\u0448\u044b \u0431\u0430\u049b&#8221;.<\/p>\n\n\n\n<h3 class=\"wp-block-heading\" id=\"h-3-verbs-tense-mood-and-aspect\">3. Tegus\u00f5nad &#8211; pinge, meeleolu ja aspekt<\/h3>\n\n\n\n<p>Kasahhi verbid kujutavad pinget, meeleolu ja aspekti. Keel sisaldab kolme peamist ajastust: minevik, olevik ja tulevik. Igal pingel on erinevad vormid, mis p\u00f5hinevad subjekti ases\u00f5nal, meeleolul (n\u00e4iteks imperatiivsel v\u00f5i tingimuslikul) ja aspektil (kas tegevus on t\u00e4iuslik, peegeldab l\u00f5petatud tegevust v\u00f5i ebat\u00e4iuslik, mis n\u00e4itab k\u00e4imasolevat v\u00f5i harjumusp\u00e4rast tegevust).<\/p>\n\n\n\n<h3 class=\"wp-block-heading\" id=\"h-4-pronouns-personal-and-demonstrative\">4. Ases\u00f5nad \u2013 isikuline ja demonstratiivne<\/h3>\n\n\n\n<p>Ases\u00f5nad kasahhi grammatikas h\u00f5lmavad isiklikke, omastavaid, demonstratiivseid, \u00fclekuulatavaid ja suhtelisi sorte. Nad peavad juhul, kui ja number on kokku lepitud nimis\u00f5naga, millele nad viitavad v\u00f5i mida nad asendavad. Demonstratiivsetel ases\u00f5nadel on n\u00e4iteks kolm vormi: proksimaalne (\u0431\u04b1\u043b), mediaalne (\u043e\u0441\u044b) ja distaalne (\u0430\u043d\u0430\u0443), s\u00f5ltuvalt k\u00f5neleja kaugusest.<\/p>\n\n\n\n<h3 class=\"wp-block-heading\" id=\"h-5-embracing-the-uniqueness-of-kazakh-grammar\">5. Kasahhi grammatika ainulaadsuse omaksv\u00f5tmine<\/h3>\n\n\n\n<p>Kasahhi keele teekonnale asudes pidage meeles, et see ei t\u00e4henda n\u00fcansside korraga omandamist. R\u00f5\u00f5m avastada ainulaadne grammatikas\u00fcsteem, mis eristab kasahhi ja v\u00f5tab aega selle m\u00f5istmiseks, tundmata end \u00fclekoormatuna.<\/p>\n\n\n\n<p>Kasahhi keele grammatika erip\u00e4rasid hinnates ja uurides saate t\u00f5eliselt avada selle keele ilu, saades parema ligip\u00e4\u00e4su selle rikkalikule kultuurip\u00e4randile, mida see kehastab. \u0421\u04d9\u0442\u0442\u0456 \u043e\u049b\u0443 \u2013 Head \u00f5ppimist!<\/p>\n<\/div><\/div>\n\r\n<section class=\"learnNavigationSection\">\r\n            \r\n        <a href=\"https:\/\/talkpal.ai\/et\/opi-kasahhi\/\">\r\n            <div class=\"learnNavigationWrapper\">\r\n                <div class=\"learnNavigationContent\">\r\n                    <img decoding=\"async\" src=\"https:\/\/talkpal.ai\/wp-content\/uploads\/2024\/08\/Kazakh.jpg\" alt=\"Kazakh Flag\">\r\n                    <div>\r\n                        <h4>Kasahstani \u00f5ppimise kohta<\/h4>\r\n                        <p>Uuri k\u00f5ike kasahhi grammatika kohta .<\/p>\r\n                    <\/div>\r\n                <\/div>\r\n            <\/div>\r\n        <\/a>\r\n\r\n        \r\n        <a href=\"https:\/\/talkpal.ai\/et\/kasahhi-grammatika-harjutused\/\">\r\n            <div class=\"learnNavigationWrapper\">\r\n                <div class=\"learnNavigationContent\">\r\n                    <img decoding=\"async\" src=\"https:\/\/talkpal.ai\/wp-content\/uploads\/2024\/08\/Kazakh.jpg\" alt=\"Kazakh Flag\">\r\n                    <div>\r\n                        <h4>Kasahhi keele grammatika harjutus<\/h4>\r\n                        <p>Harjuta kasahhi grammatikat.<\/p>\r\n                    <\/div>\r\n                <\/div>\r\n            <\/div>\r\n        <\/a>\r\n\r\n        \r\n        <a href=\"https:\/\/talkpal.ai\/vocabulary_language\/kazakh\/\">\r\n            <div class=\"learnNavigationWrapper\">\r\n                <div class=\"learnNavigationContent\">\r\n                    <img decoding=\"async\" src=\"https:\/\/talkpal.ai\/wp-content\/uploads\/2024\/08\/Kazakh.jpg\" alt=\"Kazakh Flag\">\r\n                    <div>\r\n                        <h4>Kasahhi s\u00f5navara<\/h4>\r\n                        <p>Laiendage oma kasahhi keele s\u00f5navara.<\/p>\r\n                    <\/div>\r\n                <\/div>\r\n            <\/div>\r\n        <\/a>\r\n\r\n            <\/section>","protected":false},"excerpt":{"rendered":"<p>Kasahhi grammatika: kasahhi keele saladuste avamine Kasahhi keele \u00f5ppimisel on kasahhi grammatika p\u00f5hialuste m\u00f5istmine selle saladuste avamiseks h\u00e4davajalik. Kuigi see v\u00f5ib alguses tunduda hirmutav, on grammatikas\u00fcsteemil ainulaadsed omadused, mis muudavad keele p\u00f5nevaks. K\u00e4esolevas artiklis p\u00fc\u00fctakse valgustada kasahhi keele grammatika p\u00f5hiaspekte, pakkudes vestluslikku ja mitteametlikku sissejuhatust keele rikkalikku struktuuri. 1. Nimis\u00f5nad \u2013 harmoonia k\u00e4\u00e4nakutes ja k\u00e4\u00e4nakutes [&hellip;]<\/p>\n","protected":false},"author":1,"featured_media":114432,"parent":0,"menu_order":0,"comment_status":"closed","ping_status":"closed","template":"LearningContentPage.php","meta":{"_acf_changed":false,"footnotes":""},"class_list":["post-146452","page","type-page","status-publish","has-post-thumbnail","hentry"],"acf":[],"yoast_head":"<!-- This site is optimized with the Yoast SEO Premium plugin v27.2 (Yoast SEO v27.2) - https:\/\/yoast.com\/product\/yoast-seo-premium-wordpress\/ -->\n<title>Kasahhi grammatika - Talkpal<\/title>\n<meta name=\"description\" content=\"\u00d5ppige vaevata kasahhi keele grammatikat - \u00f5ppige p\u00f5hireegleid, harjutage lauseehitust ja parandage kiiresti oma ladusust.\" \/>\n<meta name=\"robots\" content=\"index, follow, max-snippet:-1, max-image-preview:large, max-video-preview:-1\" \/>\n<link rel=\"canonical\" href=\"https:\/\/talkpal.ai\/et\/kasahhi-grammatika\/\" \/>\n<meta property=\"og:locale\" content=\"et_EE\" \/>\n<meta property=\"og:type\" content=\"article\" \/>\n<meta property=\"og:title\" content=\"Kasahhi grammatika\" \/>\n<meta property=\"og:description\" content=\"Kasahhi grammatika: kasahhi keele saladuste avamine Kasahhi keele \u00f5ppimisel on kasahhi grammatika p\u00f5hialuste m\u00f5istmine selle saladuste avamiseks\" \/>\n<meta property=\"og:url\" content=\"https:\/\/talkpal.ai\/et\/kasahhi-grammatika\/\" \/>\n<meta property=\"og:site_name\" content=\"Talkpal\" \/>\n<meta property=\"article:publisher\" content=\"https:\/\/www.facebook.com\/profile.php?id=100090733639311\" \/>\n<meta property=\"article:modified_time\" content=\"2025-12-17T16:59:20+00:00\" \/>\n<meta property=\"og:image\" content=\"https:\/\/talkpal.ai\/wp-content\/uploads\/2023\/05\/kazakhstan.png\" \/>\n\t<meta property=\"og:image:width\" content=\"512\" \/>\n\t<meta property=\"og:image:height\" content=\"512\" \/>\n\t<meta property=\"og:image:type\" content=\"image\/png\" \/>\n<meta name=\"twitter:card\" content=\"summary_large_image\" \/>\n<meta name=\"twitter:site\" content=\"@talkpalai\" \/>\n<meta name=\"twitter:label1\" content=\"Est. reading time\" \/>\n\t<meta name=\"twitter:data1\" content=\"2 minutit\" \/>\n<script type=\"application\/ld+json\" class=\"yoast-schema-graph\">{\"@context\":\"https:\/\/schema.org\",\"@graph\":[{\"@type\":\"WebPage\",\"@id\":\"https:\/\/talkpal.ai\/et\/kasahhi-grammatika\/\",\"url\":\"https:\/\/talkpal.ai\/et\/kasahhi-grammatika\/\",\"name\":\"Kasahhi grammatika - Talkpal\",\"isPartOf\":{\"@id\":\"https:\/\/talkpal.ai\/et\/#website\"},\"primaryImageOfPage\":{\"@id\":\"https:\/\/talkpal.ai\/et\/kasahhi-grammatika\/#primaryimage\"},\"image\":{\"@id\":\"https:\/\/talkpal.ai\/et\/kasahhi-grammatika\/#primaryimage\"},\"thumbnailUrl\":\"https:\/\/talkpal.ai\/wp-content\/uploads\/2023\/05\/kazakhstan.png\",\"datePublished\":\"2023-05-14T14:11:00+00:00\",\"dateModified\":\"2025-12-17T16:59:20+00:00\",\"description\":\"\u00d5ppige vaevata kasahhi keele grammatikat - \u00f5ppige p\u00f5hireegleid, harjutage lauseehitust ja parandage kiiresti oma ladusust.\",\"breadcrumb\":{\"@id\":\"https:\/\/talkpal.ai\/et\/kasahhi-grammatika\/#breadcrumb\"},\"inLanguage\":\"et\",\"potentialAction\":[{\"@type\":\"ReadAction\",\"target\":[\"https:\/\/talkpal.ai\/et\/kasahhi-grammatika\/\"]}]},{\"@type\":\"ImageObject\",\"inLanguage\":\"et\",\"@id\":\"https:\/\/talkpal.ai\/et\/kasahhi-grammatika\/#primaryimage\",\"url\":\"https:\/\/talkpal.ai\/wp-content\/uploads\/2023\/05\/kazakhstan.png\",\"contentUrl\":\"https:\/\/talkpal.ai\/wp-content\/uploads\/2023\/05\/kazakhstan.png\",\"width\":512,\"height\":512},{\"@type\":\"BreadcrumbList\",\"@id\":\"https:\/\/talkpal.ai\/et\/kasahhi-grammatika\/#breadcrumb\",\"itemListElement\":[{\"@type\":\"ListItem\",\"position\":1,\"name\":\"Homepage\",\"item\":\"https:\/\/talkpal.ai\/et\/\"},{\"@type\":\"ListItem\",\"position\":2,\"name\":\"Kasahhi grammatika\"}]},{\"@type\":\"WebSite\",\"@id\":\"https:\/\/talkpal.ai\/et\/#website\",\"url\":\"https:\/\/talkpal.ai\/et\/\",\"name\":\"Talkpal\",\"description\":\"AI Language Learning\",\"publisher\":{\"@id\":\"https:\/\/talkpal.ai\/et\/#organization\"},\"alternateName\":\"Talkpal AI\",\"potentialAction\":[{\"@type\":\"SearchAction\",\"target\":{\"@type\":\"EntryPoint\",\"urlTemplate\":\"https:\/\/talkpal.ai\/et\/?s={search_term_string}\"},\"query-input\":{\"@type\":\"PropertyValueSpecification\",\"valueRequired\":true,\"valueName\":\"search_term_string\"}}],\"inLanguage\":\"et\"},{\"@type\":\"Organization\",\"@id\":\"https:\/\/talkpal.ai\/et\/#organization\",\"name\":\"Talkpal, Inc.\",\"alternateName\":\"Talkpal AI\",\"url\":\"https:\/\/talkpal.ai\/et\/\",\"logo\":{\"@type\":\"ImageObject\",\"inLanguage\":\"et\",\"@id\":\"https:\/\/talkpal.ai\/et\/#\/schema\/logo\/image\/\",\"url\":\"https:\/\/talkpal.ai\/wp-content\/uploads\/2024\/03\/Talkpal-Logo-Icon.png\",\"contentUrl\":\"https:\/\/talkpal.ai\/wp-content\/uploads\/2024\/03\/Talkpal-Logo-Icon.png\",\"width\":2880,\"height\":2880,\"caption\":\"Talkpal, Inc.\"},\"image\":{\"@id\":\"https:\/\/talkpal.ai\/et\/#\/schema\/logo\/image\/\"},\"sameAs\":[\"https:\/\/www.facebook.com\/profile.php?id=100090733639311\",\"https:\/\/x.com\/talkpalai\",\"https:\/\/www.linkedin.com\/company\/talkpal\/\",\"https:\/\/www.youtube.com\/@TalkPal\/\",\"https:\/\/www.tiktok.com\/@talkpal\",\"https:\/\/www.instagram.com\/talkpal_ai\/\",\"https:\/\/www.crunchbase.com\/organization\/talkpal-9cde\",\"https:\/\/www.g2.com\/products\/talkpal-for-business\/\",\"https:\/\/www.trustpilot.com\/review\/talkpal.ai\",\"https:\/\/www.capterra.com\/p\/10006800\/TalkPal\/\"],\"description\":\"Talkpal is a language learning web and mobile education app, powered by the latest AI technologies, that provides engaging experiences to its customers in many different languages to help them improve their language skills. Users can chat about unlimited amount of topics with the app and use other modes to practice their language learning.\",\"email\":\"support@talkpal.ai\",\"legalName\":\"Talkpal, Inc.\",\"foundingDate\":\"2023-04-03\",\"duns\":\"118989042\",\"numberOfEmployees\":{\"@type\":\"QuantitativeValue\",\"minValue\":\"11\",\"maxValue\":\"50\"},\"publishingPrinciples\":\"https:\/\/talkpal.ai\/publishing-principles\/\",\"actionableFeedbackPolicy\":\"https:\/\/talkpal.ai\/actionable-feedback-policy\/\",\"correctionsPolicy\":\"https:\/\/talkpal.ai\/corrections-policy\/\",\"ethicsPolicy\":\"https:\/\/talkpal.ai\/ethics-policy\/\",\"diversityPolicy\":\"https:\/\/talkpal.ai\/diversity-policy\/\",\"diversityStaffingReport\":\"https:\/\/talkpal.ai\/diversity-policy\/\"}]}<\/script>\n<!-- \/ Yoast SEO Premium plugin. -->","yoast_head_json":{"title":"Kasahhi grammatika - Talkpal","description":"\u00d5ppige vaevata kasahhi keele grammatikat - \u00f5ppige p\u00f5hireegleid, harjutage lauseehitust ja parandage kiiresti oma ladusust.","robots":{"index":"index","follow":"follow","max-snippet":"max-snippet:-1","max-image-preview":"max-image-preview:large","max-video-preview":"max-video-preview:-1"},"canonical":"https:\/\/talkpal.ai\/et\/kasahhi-grammatika\/","og_locale":"et_EE","og_type":"article","og_title":"Kasahhi grammatika","og_description":"Kasahhi grammatika: kasahhi keele saladuste avamine Kasahhi keele \u00f5ppimisel on kasahhi grammatika p\u00f5hialuste m\u00f5istmine selle saladuste avamiseks","og_url":"https:\/\/talkpal.ai\/et\/kasahhi-grammatika\/","og_site_name":"Talkpal","article_publisher":"https:\/\/www.facebook.com\/profile.php?id=100090733639311","article_modified_time":"2025-12-17T16:59:20+00:00","og_image":[{"width":512,"height":512,"url":"https:\/\/talkpal.ai\/wp-content\/uploads\/2023\/05\/kazakhstan.png","type":"image\/png"}],"twitter_card":"summary_large_image","twitter_site":"@talkpalai","twitter_misc":{"Est. reading time":"2 minutit"},"schema":{"@context":"https:\/\/schema.org","@graph":[{"@type":"WebPage","@id":"https:\/\/talkpal.ai\/et\/kasahhi-grammatika\/","url":"https:\/\/talkpal.ai\/et\/kasahhi-grammatika\/","name":"Kasahhi grammatika - Talkpal","isPartOf":{"@id":"https:\/\/talkpal.ai\/et\/#website"},"primaryImageOfPage":{"@id":"https:\/\/talkpal.ai\/et\/kasahhi-grammatika\/#primaryimage"},"image":{"@id":"https:\/\/talkpal.ai\/et\/kasahhi-grammatika\/#primaryimage"},"thumbnailUrl":"https:\/\/talkpal.ai\/wp-content\/uploads\/2023\/05\/kazakhstan.png","datePublished":"2023-05-14T14:11:00+00:00","dateModified":"2025-12-17T16:59:20+00:00","description":"\u00d5ppige vaevata kasahhi keele grammatikat - \u00f5ppige p\u00f5hireegleid, harjutage lauseehitust ja parandage kiiresti oma ladusust.","breadcrumb":{"@id":"https:\/\/talkpal.ai\/et\/kasahhi-grammatika\/#breadcrumb"},"inLanguage":"et","potentialAction":[{"@type":"ReadAction","target":["https:\/\/talkpal.ai\/et\/kasahhi-grammatika\/"]}]},{"@type":"ImageObject","inLanguage":"et","@id":"https:\/\/talkpal.ai\/et\/kasahhi-grammatika\/#primaryimage","url":"https:\/\/talkpal.ai\/wp-content\/uploads\/2023\/05\/kazakhstan.png","contentUrl":"https:\/\/talkpal.ai\/wp-content\/uploads\/2023\/05\/kazakhstan.png","width":512,"height":512},{"@type":"BreadcrumbList","@id":"https:\/\/talkpal.ai\/et\/kasahhi-grammatika\/#breadcrumb","itemListElement":[{"@type":"ListItem","position":1,"name":"Homepage","item":"https:\/\/talkpal.ai\/et\/"},{"@type":"ListItem","position":2,"name":"Kasahhi grammatika"}]},{"@type":"WebSite","@id":"https:\/\/talkpal.ai\/et\/#website","url":"https:\/\/talkpal.ai\/et\/","name":"Talkpal","description":"AI Language Learning","publisher":{"@id":"https:\/\/talkpal.ai\/et\/#organization"},"alternateName":"Talkpal AI","potentialAction":[{"@type":"SearchAction","target":{"@type":"EntryPoint","urlTemplate":"https:\/\/talkpal.ai\/et\/?s={search_term_string}"},"query-input":{"@type":"PropertyValueSpecification","valueRequired":true,"valueName":"search_term_string"}}],"inLanguage":"et"},{"@type":"Organization","@id":"https:\/\/talkpal.ai\/et\/#organization","name":"Talkpal, Inc.","alternateName":"Talkpal AI","url":"https:\/\/talkpal.ai\/et\/","logo":{"@type":"ImageObject","inLanguage":"et","@id":"https:\/\/talkpal.ai\/et\/#\/schema\/logo\/image\/","url":"https:\/\/talkpal.ai\/wp-content\/uploads\/2024\/03\/Talkpal-Logo-Icon.png","contentUrl":"https:\/\/talkpal.ai\/wp-content\/uploads\/2024\/03\/Talkpal-Logo-Icon.png","width":2880,"height":2880,"caption":"Talkpal, Inc."},"image":{"@id":"https:\/\/talkpal.ai\/et\/#\/schema\/logo\/image\/"},"sameAs":["https:\/\/www.facebook.com\/profile.php?id=100090733639311","https:\/\/x.com\/talkpalai","https:\/\/www.linkedin.com\/company\/talkpal\/","https:\/\/www.youtube.com\/@TalkPal\/","https:\/\/www.tiktok.com\/@talkpal","https:\/\/www.instagram.com\/talkpal_ai\/","https:\/\/www.crunchbase.com\/organization\/talkpal-9cde","https:\/\/www.g2.com\/products\/talkpal-for-business\/","https:\/\/www.trustpilot.com\/review\/talkpal.ai","https:\/\/www.capterra.com\/p\/10006800\/TalkPal\/"],"description":"Talkpal is a language learning web and mobile education app, powered by the latest AI technologies, that provides engaging experiences to its customers in many different languages to help them improve their language skills. Users can chat about unlimited amount of topics with the app and use other modes to practice their language learning.","email":"support@talkpal.ai","legalName":"Talkpal, Inc.","foundingDate":"2023-04-03","duns":"118989042","numberOfEmployees":{"@type":"QuantitativeValue","minValue":"11","maxValue":"50"},"publishingPrinciples":"https:\/\/talkpal.ai\/publishing-principles\/","actionableFeedbackPolicy":"https:\/\/talkpal.ai\/actionable-feedback-policy\/","correctionsPolicy":"https:\/\/talkpal.ai\/corrections-policy\/","ethicsPolicy":"https:\/\/talkpal.ai\/ethics-policy\/","diversityPolicy":"https:\/\/talkpal.ai\/diversity-policy\/","diversityStaffingReport":"https:\/\/talkpal.ai\/diversity-policy\/"}]}},"_links":{"self":[{"href":"https:\/\/talkpal.ai\/et\/wp-json\/wp\/v2\/pages\/146452","targetHints":{"allow":["GET"]}}],"collection":[{"href":"https:\/\/talkpal.ai\/et\/wp-json\/wp\/v2\/pages"}],"about":[{"href":"https:\/\/talkpal.ai\/et\/wp-json\/wp\/v2\/types\/page"}],"author":[{"embeddable":true,"href":"https:\/\/talkpal.ai\/et\/wp-json\/wp\/v2\/users\/1"}],"replies":[{"embeddable":true,"href":"https:\/\/talkpal.ai\/et\/wp-json\/wp\/v2\/comments?post=146452"}],"version-history":[{"count":0,"href":"https:\/\/talkpal.ai\/et\/wp-json\/wp\/v2\/pages\/146452\/revisions"}],"wp:featuredmedia":[{"embeddable":true,"href":"https:\/\/talkpal.ai\/et\/wp-json\/wp\/v2\/media\/114432"}],"wp:attachment":[{"href":"https:\/\/talkpal.ai\/et\/wp-json\/wp\/v2\/media?parent=146452"}],"curies":[{"name":"wp","href":"https:\/\/api.w.org\/{rel}","templated":true}]}}