{"id":146118,"date":"2023-05-14T14:10:42","date_gmt":"2023-05-14T14:10:42","guid":{"rendered":"http:\/\/talkpal.ai\/leedu-keele-grammatika\/"},"modified":"2025-12-12T10:52:16","modified_gmt":"2025-12-12T10:52:16","slug":"leedu-keele-grammatika","status":"publish","type":"page","link":"https:\/\/talkpal.ai\/et\/leedu-keele-grammatika\/","title":{"rendered":"Leedu keele grammatika"},"content":{"rendered":"\r\n\r\n\r\n<section class=\"languageChallengeSection\">\r\n    <div class=\"languageInfoWrapper\">\r\n        \r\n        <h1>Leedu keele grammatika<\/h1>\r\n        <p>Alustage oma reisi <a href=\"https:\/\/talkpal.ai\/learn-lithuanian\/\">leedu<\/a> keele <a href=\"https:\/\/talkpal.ai\/greek-grammar\/\">grammatika<\/a> sisse ja avastage \u00fcks Euroopa vanimaid ja p\u00f5nevamaid keeli. \u00d5ppige \u00e4ra olulised reeglid ja mustrid, et luua tugev keelep\u00f5hi. Sukeldu n\u00fc\u00fcd ja alusta <a href=\"https:\/\/talkpal.ai\/learn-lithuanian\/\">leedu<\/a> keele omandamist juba t\u00e4na!<\/p>\r\n\r\n                            <a class=\"getStartedHidden\" href=\"https:\/\/app.talkpal.ai\/et\/signup?lng=\">Alusta<\/a>\r\n        \r\n    <\/div>\r\n\r\n    <figure>\r\n    <img decoding=\"async\" width=\"768\" height=\"768\" src=\"https:\/\/talkpal.ai\/wp-content\/uploads\/2023\/06\/lithuenian-768x768.png\" class=\"languageImage no-lazy\" alt=\"Language learning for boosting creativity\" fetchpriority=\"high\" sizes=\"(max-width: 768px) 150px, 768px\" srcset=\"https:\/\/talkpal.ai\/wp-content\/uploads\/2023\/06\/lithuenian-768x768.png 768w, https:\/\/talkpal.ai\/wp-content\/uploads\/2023\/06\/lithuenian-300x300.png 300w\" \/>\r\n    \r\n\r\n    <\/figure>\r\n\r\n            <a class=\"getStartedVisible\" href=\"https:\/\/app.talkpal.ai\/et\/signup?lng=\">Alusta<\/a>\r\n    \r\n<\/section>\r\n<section class=\"promotionalBanner\">\r\n    <p class=\"promotionalText\">K\u00f5ige t\u00f5husam viis keele \u00f5ppimiseks<\/p>\r\n    <a class=\"promotionalLink\" href=\"https:\/\/app.talkpal.ai\/et\/signup?lng=\">Proovige Talkpal tasuta<\/a>\r\n<\/section>\n<div class=\"wp-block-group pageContainerStyle\"><div class=\"wp-block-group__inner-container is-layout-constrained wp-block-group-is-layout-constrained\">\n<h2 class=\"wp-block-heading\" id=\"h-lithuanian-grammar-a-fascinating-journey-through-language\">Leedu grammatika: p\u00f5nev teekond l\u00e4bi keele<\/h2>\n\n\n\n<p>Kas olete kunagi kaalunud leedu keele \u00f5ppimist v\u00f5i olete lihtsalt leidnud, et teid huvitab selle ainulaadne grammatika? Noh, teid ootab ees t\u00f5eline maiuspala! <a href=\"https:\/\/talkpal.ai\/lithuanian-grammar\/\">Leedu keele grammatika<\/a> v\u00f5ib alguses tunduda omap\u00e4rane, kuid \u00e4rge eksige \u2013 see demonstreerib peent keeleloogikat. Selles artiklis avame leedu grammatika erinevaid aspekte, <a href=\"https:\/\/talkpal.ai\/locations\/language-courses-in-andes\/\">andes<\/a> teile v\u00f5imaluse hinnata selle v\u00f5lu.<\/p>\n\n\n\n<p>Esiteks l\u00fchike taust: <a href=\"https:\/\/talkpal.ai\/et\/opi-leedu-keel\/\">leedu keel<\/a> on balti keel, mida k\u00f5neldakse peamiselt Leedus, kuid kohtab ka naaberriikides. \u00dche vanima elava indoeuroopa keelena s\u00e4ilitab see arhailised omadused, andes \u00fclevaate teiste keelte arengust keeleperekonnas. See ajalooline t\u00e4hendus muudab leedu keele keeles\u00f5prade jaoks eriti k\u00fctkestavaks.<\/p>\n\n\n\n<p>Uurime n\u00fc\u00fcd m\u00f5ningaid <a href=\"https:\/\/talkpal.ai\/lithuanian-grammar\/\">leedu keele grammatika<\/a> p\u00f5hiaspekte.<\/p>\n\n\n\n<h3 class=\"wp-block-heading\" id=\"h-1-nouns-cases-and-declensions\">1. Nimis\u00f5nad, k\u00e4\u00e4nded ja k\u00e4\u00e4nded<\/h3>\n\n\n\n<p>Leedu grammatika \u00fcks silmapaistvamaid tunnuseid on selle keeruline juhtumis\u00fcsteem. Nimis\u00f5nad v\u00f5tavad erinevaid vorme s\u00f5ltuvalt nende funktsioonist lauses ja sellest, kas nad peegeldavad tegevuse subjekti, objekti v\u00f5i saajat. Leedu keeles on seitse juhtumit: nominatiivne, genitiivne, datiivne, akusatiivne, instrumentaalne, lokatiivne ja kutsuv.<\/p>\n\n\n\n<p>V\u00f5tame n\u00e4iteks nimis\u00f5na &#8220;vaikas&#8221; (laps). See v\u00f5ib muutuda &#8220;vaiko&#8221;, &#8220;vaikui&#8221;, &#8220;vaik\u0105&#8221; ja nii edasi, s\u00f5ltuvalt sellest, millist rolli see lauses m\u00e4ngib. Lisaks sellele m\u00f5jutavad l\u00f5pps\u00f5nu nimis\u00f5na sugu (maskuliinne v\u00f5i feminiinne) ja need jagunevad veelgi deklinatsioonidesse, mis muudab keele veelgi mitmek\u00fclgsemaks.<\/p>\n\n\n\n<h3 class=\"wp-block-heading\" id=\"h-2-verb-conjugation-and-tenses\">2. Verbi konjugatsioon ja ajad<\/h3>\n\n\n\n<p>Leedu verbid muudavad oma l\u00f5ppu s\u00f5ltuvalt subjekti isikust ja arvust (ainsuses v\u00f5i mitmuses). N\u00e4iteks verbist &#8220;eiti&#8221; (minna) v\u00f5ib saada muu hulgas &#8220;einu&#8221; (ma l\u00e4hen), &#8220;einate&#8221; (sa &#8211; mitmuses &#8211; l\u00e4hed), &#8220;eina&#8221; (nad l\u00e4hevad).<\/p>\n\n\n\n<p>Leedu keeles on neli peamist ajavormi: olevik, minevik, minevik ja tulevik. Huvitav on see, et keeles on ka aspektimarkerid: t\u00e4iuslik ja ebat\u00e4iuslik. Need markerid annavad lisateavet selle kohta, kas toiming on l\u00f5pule viidud v\u00f5i pooleli. N\u00e4iteks &#8220;ne\u0161ti&#8221; (kanda &#8211; imperfektiiv) versus &#8220;nat&#8221; (kanda &#8211; perfektiiv).<\/p>\n\n\n\n<h3 class=\"wp-block-heading\" id=\"h-3-sentence-structure-and-word-order\">3. Lauseehitus ja s\u00f5nade j\u00e4rjekord<\/h3>\n\n\n\n<p>Kuigi leedu keel j\u00e4rgib \u00fcldiselt SVO (subjekt-verb-objekt) s\u00f5nade j\u00e4rjekorda, v\u00f5imaldab selle juhtumis\u00fcsteem m\u00e4rkimisv\u00e4\u00e4rset paindlikkust. Erinevalt inglise keelest, kus s\u00f5nade j\u00e4rjestus m\u00e4\u00e4rab tavaliselt lause t\u00e4henduse, ei muuda s\u00f5nade \u00fcmberpaigutamine leedu keeles t\u00e4hendust. N\u00e4iteks &#8220;kat\u0117 valgo \u017euv\u012f&#8221; (kass s\u00f6\u00f6b kala) v\u00f5ib olla ka &#8220;\u017euv\u012f valgo kat\u0117&#8221;, ilma et see kaotaks v\u00f5i muudaks t\u00e4hendust.<\/p>\n\n\n\n<p>See paindlikkus v\u00f5imaldab teil m\u00e4ngida lauseehitusega, r\u00f5hutada teatud elemente v\u00f5i luua n\u00fcansse, kui muutute keelt osavamaks.<\/p>\n\n\n\n<h3 class=\"wp-block-heading\" id=\"h-4-adjectives-adverbs-and-agreement-rules\">4. Omaduss\u00f5nad, m\u00e4\u00e4rs\u00f5nad ja kokkuleppereeglid<\/h3>\n\n\n\n<p>Nagu paljud keeled, kirjeldavad ka leedukeelsed omaduss\u00f5nad ja m\u00e4\u00e4rs\u00f5nad nimis\u00f5nu ja tegus\u00f5nu, kuid j\u00e4rgivad ka konkreetseid kokkuleppereegleid. Eelk\u00f5ige peavad omaduss\u00f5nad n\u00f5ustuma nimis\u00f5naga, mida nad muudavad juhul, soost ja arvust. Kui olete nimis\u00f5na juhtumitest ja verbi konjugatsioonidest aru saanud, tulevad need reeglid loomulikumalt.<\/p>\n\n\n\n<p>Niisiis, kas olete valmis sukelduma leedu grammatikasse? T\u00e4nu p\u00fcsivusele, p\u00fchendumusele ja \u00f5igetele ressurssidele on leedu keele \u00f5ppimine, mis on rikas ajaloo ja kultuurip\u00e4randi poolest, tohutult rahuldust pakkuv kogemus. Tegelege keelega samm-sammult, harjutage j\u00e4rjepidevalt ja olge avatud oma vigadest \u00f5ppimisele. S\u0117km\u0117s! (\u00d5nn kaasa!)<\/p>\n<\/div><\/div>\n\r\n<section class=\"learnNavigationSection\">\r\n            \r\n        <a href=\"https:\/\/talkpal.ai\/et\/opi-leedu-keel\/\">\r\n            <div class=\"learnNavigationWrapper\">\r\n                <div class=\"learnNavigationContent\">\r\n                    <img decoding=\"async\" src=\"https:\/\/talkpal.ai\/wp-content\/uploads\/2024\/08\/Lithuanian.jpg\" alt=\"Lithuanian Flag\">\r\n                    <div>\r\n                        <h4>Leedu keele \u00f5ppimise kohta<\/h4>\r\n                        <p>Uuri k\u00f5ike leedu keele grammatika kohta.<\/p>\r\n                    <\/div>\r\n                <\/div>\r\n            <\/div>\r\n        <\/a>\r\n\r\n        \r\n        <a href=\"https:\/\/talkpal.ai\/et\/leedu-keele-grammatika-harjutused\/\">\r\n            <div class=\"learnNavigationWrapper\">\r\n                <div class=\"learnNavigationContent\">\r\n                    <img decoding=\"async\" src=\"https:\/\/talkpal.ai\/wp-content\/uploads\/2024\/08\/Lithuanian.jpg\" alt=\"Lithuanian Flag\">\r\n                    <div>\r\n                        <h4>Leedu keele grammatika harjutus<\/h4>\r\n                        <p>Harjutage leedu grammatikat.<\/p>\r\n                    <\/div>\r\n                <\/div>\r\n            <\/div>\r\n        <\/a>\r\n\r\n        \r\n        <a href=\"https:\/\/talkpal.ai\/vocabulary_language\/lithuanian\/\">\r\n            <div class=\"learnNavigationWrapper\">\r\n                <div class=\"learnNavigationContent\">\r\n                    <img decoding=\"async\" src=\"https:\/\/talkpal.ai\/wp-content\/uploads\/2024\/08\/Lithuanian.jpg\" alt=\"Lithuanian Flag\">\r\n                    <div>\r\n                        <h4>Leedu keele s\u00f5navara<\/h4>\r\n                        <p>Laiendage oma leedu keele s\u00f5navara.<\/p>\r\n                    <\/div>\r\n                <\/div>\r\n            <\/div>\r\n        <\/a>\r\n\r\n            <\/section>","protected":false},"excerpt":{"rendered":"<p>Leedu grammatika: p\u00f5nev teekond l\u00e4bi keele Kas olete kunagi kaalunud leedu keele \u00f5ppimist v\u00f5i olete lihtsalt leidnud, et teid huvitab selle ainulaadne grammatika? Noh, teid ootab ees t\u00f5eline maiuspala! Leedu keele grammatika v\u00f5ib alguses tunduda omap\u00e4rane, kuid \u00e4rge eksige \u2013 see demonstreerib peent keeleloogikat. Selles artiklis avame leedu grammatika erinevaid aspekte, andes teile v\u00f5imaluse hinnata [&hellip;]<\/p>\n","protected":false},"author":1,"featured_media":115067,"parent":0,"menu_order":0,"comment_status":"closed","ping_status":"closed","template":"LearningContentPage.php","meta":{"_acf_changed":false,"footnotes":""},"class_list":["post-146118","page","type-page","status-publish","has-post-thumbnail","hentry"],"acf":[],"yoast_head":"<!-- This site is optimized with the Yoast SEO Premium plugin v27.2 (Yoast SEO v27.2) - https:\/\/yoast.com\/product\/yoast-seo-premium-wordpress\/ -->\n<title>Leedu keele grammatika - Talkpal<\/title>\n<meta name=\"description\" content=\"Avastage, kuidas leedu keele grammatika peegeldab ajaloolist rikkust ja loogikat, mis teeb sellest ideaalse \u00f5ppematerjali keelehuvilistele.\" \/>\n<meta name=\"robots\" content=\"index, follow, max-snippet:-1, max-image-preview:large, max-video-preview:-1\" \/>\n<link rel=\"canonical\" href=\"https:\/\/talkpal.ai\/et\/leedu-keele-grammatika\/\" \/>\n<meta property=\"og:locale\" content=\"et_EE\" \/>\n<meta property=\"og:type\" content=\"article\" \/>\n<meta property=\"og:title\" content=\"Leedu keele grammatika\" \/>\n<meta property=\"og:description\" content=\"Leedu grammatika: p\u00f5nev teekond l\u00e4bi keele Kas olete kunagi kaalunud leedu keele \u00f5ppimist v\u00f5i olete lihtsalt leidnud, et teid huvitab selle ainulaadne\" \/>\n<meta property=\"og:url\" content=\"https:\/\/talkpal.ai\/et\/leedu-keele-grammatika\/\" \/>\n<meta property=\"og:site_name\" content=\"Talkpal\" \/>\n<meta property=\"article:publisher\" content=\"https:\/\/www.facebook.com\/profile.php?id=100090733639311\" \/>\n<meta property=\"article:modified_time\" content=\"2025-12-12T10:52:16+00:00\" \/>\n<meta property=\"og:image\" content=\"https:\/\/talkpal.ai\/wp-content\/uploads\/2023\/05\/Lithuanian.png\" \/>\n\t<meta property=\"og:image:width\" content=\"512\" \/>\n\t<meta property=\"og:image:height\" content=\"512\" \/>\n\t<meta property=\"og:image:type\" content=\"image\/png\" \/>\n<meta name=\"twitter:card\" content=\"summary_large_image\" \/>\n<meta name=\"twitter:site\" content=\"@talkpalai\" \/>\n<meta name=\"twitter:label1\" content=\"Est. reading time\" \/>\n\t<meta name=\"twitter:data1\" content=\"3 minutit\" \/>\n<script type=\"application\/ld+json\" class=\"yoast-schema-graph\">{\"@context\":\"https:\/\/schema.org\",\"@graph\":[{\"@type\":\"WebPage\",\"@id\":\"https:\/\/talkpal.ai\/et\/leedu-keele-grammatika\/\",\"url\":\"https:\/\/talkpal.ai\/et\/leedu-keele-grammatika\/\",\"name\":\"Leedu keele grammatika - Talkpal\",\"isPartOf\":{\"@id\":\"https:\/\/talkpal.ai\/et\/#website\"},\"primaryImageOfPage\":{\"@id\":\"https:\/\/talkpal.ai\/et\/leedu-keele-grammatika\/#primaryimage\"},\"image\":{\"@id\":\"https:\/\/talkpal.ai\/et\/leedu-keele-grammatika\/#primaryimage\"},\"thumbnailUrl\":\"https:\/\/talkpal.ai\/wp-content\/uploads\/2023\/05\/Lithuanian.png\",\"datePublished\":\"2023-05-14T14:10:42+00:00\",\"dateModified\":\"2025-12-12T10:52:16+00:00\",\"description\":\"Avastage, kuidas leedu keele grammatika peegeldab ajaloolist rikkust ja loogikat, mis teeb sellest ideaalse \u00f5ppematerjali keelehuvilistele.\",\"breadcrumb\":{\"@id\":\"https:\/\/talkpal.ai\/et\/leedu-keele-grammatika\/#breadcrumb\"},\"inLanguage\":\"et\",\"potentialAction\":[{\"@type\":\"ReadAction\",\"target\":[\"https:\/\/talkpal.ai\/et\/leedu-keele-grammatika\/\"]}]},{\"@type\":\"ImageObject\",\"inLanguage\":\"et\",\"@id\":\"https:\/\/talkpal.ai\/et\/leedu-keele-grammatika\/#primaryimage\",\"url\":\"https:\/\/talkpal.ai\/wp-content\/uploads\/2023\/05\/Lithuanian.png\",\"contentUrl\":\"https:\/\/talkpal.ai\/wp-content\/uploads\/2023\/05\/Lithuanian.png\",\"width\":512,\"height\":512},{\"@type\":\"BreadcrumbList\",\"@id\":\"https:\/\/talkpal.ai\/et\/leedu-keele-grammatika\/#breadcrumb\",\"itemListElement\":[{\"@type\":\"ListItem\",\"position\":1,\"name\":\"Homepage\",\"item\":\"https:\/\/talkpal.ai\/et\/\"},{\"@type\":\"ListItem\",\"position\":2,\"name\":\"Leedu keele grammatika\"}]},{\"@type\":\"WebSite\",\"@id\":\"https:\/\/talkpal.ai\/et\/#website\",\"url\":\"https:\/\/talkpal.ai\/et\/\",\"name\":\"Talkpal\",\"description\":\"AI Language Learning\",\"publisher\":{\"@id\":\"https:\/\/talkpal.ai\/et\/#organization\"},\"alternateName\":\"Talkpal AI\",\"potentialAction\":[{\"@type\":\"SearchAction\",\"target\":{\"@type\":\"EntryPoint\",\"urlTemplate\":\"https:\/\/talkpal.ai\/et\/?s={search_term_string}\"},\"query-input\":{\"@type\":\"PropertyValueSpecification\",\"valueRequired\":true,\"valueName\":\"search_term_string\"}}],\"inLanguage\":\"et\"},{\"@type\":\"Organization\",\"@id\":\"https:\/\/talkpal.ai\/et\/#organization\",\"name\":\"Talkpal, Inc.\",\"alternateName\":\"Talkpal AI\",\"url\":\"https:\/\/talkpal.ai\/et\/\",\"logo\":{\"@type\":\"ImageObject\",\"inLanguage\":\"et\",\"@id\":\"https:\/\/talkpal.ai\/et\/#\/schema\/logo\/image\/\",\"url\":\"https:\/\/talkpal.ai\/wp-content\/uploads\/2024\/03\/Talkpal-Logo-Icon.png\",\"contentUrl\":\"https:\/\/talkpal.ai\/wp-content\/uploads\/2024\/03\/Talkpal-Logo-Icon.png\",\"width\":2880,\"height\":2880,\"caption\":\"Talkpal, Inc.\"},\"image\":{\"@id\":\"https:\/\/talkpal.ai\/et\/#\/schema\/logo\/image\/\"},\"sameAs\":[\"https:\/\/www.facebook.com\/profile.php?id=100090733639311\",\"https:\/\/x.com\/talkpalai\",\"https:\/\/www.linkedin.com\/company\/talkpal\/\",\"https:\/\/www.youtube.com\/@TalkPal\/\",\"https:\/\/www.tiktok.com\/@talkpal\",\"https:\/\/www.instagram.com\/talkpal_ai\/\",\"https:\/\/www.crunchbase.com\/organization\/talkpal-9cde\",\"https:\/\/www.g2.com\/products\/talkpal-for-business\/\",\"https:\/\/www.trustpilot.com\/review\/talkpal.ai\",\"https:\/\/www.capterra.com\/p\/10006800\/TalkPal\/\"],\"description\":\"Talkpal is a language learning web and mobile education app, powered by the latest AI technologies, that provides engaging experiences to its customers in many different languages to help them improve their language skills. Users can chat about unlimited amount of topics with the app and use other modes to practice their language learning.\",\"email\":\"support@talkpal.ai\",\"legalName\":\"Talkpal, Inc.\",\"foundingDate\":\"2023-04-03\",\"duns\":\"118989042\",\"numberOfEmployees\":{\"@type\":\"QuantitativeValue\",\"minValue\":\"11\",\"maxValue\":\"50\"},\"publishingPrinciples\":\"https:\/\/talkpal.ai\/publishing-principles\/\",\"actionableFeedbackPolicy\":\"https:\/\/talkpal.ai\/actionable-feedback-policy\/\",\"correctionsPolicy\":\"https:\/\/talkpal.ai\/corrections-policy\/\",\"ethicsPolicy\":\"https:\/\/talkpal.ai\/ethics-policy\/\",\"diversityPolicy\":\"https:\/\/talkpal.ai\/diversity-policy\/\",\"diversityStaffingReport\":\"https:\/\/talkpal.ai\/diversity-policy\/\"}]}<\/script>\n<!-- \/ Yoast SEO Premium plugin. -->","yoast_head_json":{"title":"Leedu keele grammatika - Talkpal","description":"Avastage, kuidas leedu keele grammatika peegeldab ajaloolist rikkust ja loogikat, mis teeb sellest ideaalse \u00f5ppematerjali keelehuvilistele.","robots":{"index":"index","follow":"follow","max-snippet":"max-snippet:-1","max-image-preview":"max-image-preview:large","max-video-preview":"max-video-preview:-1"},"canonical":"https:\/\/talkpal.ai\/et\/leedu-keele-grammatika\/","og_locale":"et_EE","og_type":"article","og_title":"Leedu keele grammatika","og_description":"Leedu grammatika: p\u00f5nev teekond l\u00e4bi keele Kas olete kunagi kaalunud leedu keele \u00f5ppimist v\u00f5i olete lihtsalt leidnud, et teid huvitab selle ainulaadne","og_url":"https:\/\/talkpal.ai\/et\/leedu-keele-grammatika\/","og_site_name":"Talkpal","article_publisher":"https:\/\/www.facebook.com\/profile.php?id=100090733639311","article_modified_time":"2025-12-12T10:52:16+00:00","og_image":[{"width":512,"height":512,"url":"https:\/\/talkpal.ai\/wp-content\/uploads\/2023\/05\/Lithuanian.png","type":"image\/png"}],"twitter_card":"summary_large_image","twitter_site":"@talkpalai","twitter_misc":{"Est. reading time":"3 minutit"},"schema":{"@context":"https:\/\/schema.org","@graph":[{"@type":"WebPage","@id":"https:\/\/talkpal.ai\/et\/leedu-keele-grammatika\/","url":"https:\/\/talkpal.ai\/et\/leedu-keele-grammatika\/","name":"Leedu keele grammatika - Talkpal","isPartOf":{"@id":"https:\/\/talkpal.ai\/et\/#website"},"primaryImageOfPage":{"@id":"https:\/\/talkpal.ai\/et\/leedu-keele-grammatika\/#primaryimage"},"image":{"@id":"https:\/\/talkpal.ai\/et\/leedu-keele-grammatika\/#primaryimage"},"thumbnailUrl":"https:\/\/talkpal.ai\/wp-content\/uploads\/2023\/05\/Lithuanian.png","datePublished":"2023-05-14T14:10:42+00:00","dateModified":"2025-12-12T10:52:16+00:00","description":"Avastage, kuidas leedu keele grammatika peegeldab ajaloolist rikkust ja loogikat, mis teeb sellest ideaalse \u00f5ppematerjali keelehuvilistele.","breadcrumb":{"@id":"https:\/\/talkpal.ai\/et\/leedu-keele-grammatika\/#breadcrumb"},"inLanguage":"et","potentialAction":[{"@type":"ReadAction","target":["https:\/\/talkpal.ai\/et\/leedu-keele-grammatika\/"]}]},{"@type":"ImageObject","inLanguage":"et","@id":"https:\/\/talkpal.ai\/et\/leedu-keele-grammatika\/#primaryimage","url":"https:\/\/talkpal.ai\/wp-content\/uploads\/2023\/05\/Lithuanian.png","contentUrl":"https:\/\/talkpal.ai\/wp-content\/uploads\/2023\/05\/Lithuanian.png","width":512,"height":512},{"@type":"BreadcrumbList","@id":"https:\/\/talkpal.ai\/et\/leedu-keele-grammatika\/#breadcrumb","itemListElement":[{"@type":"ListItem","position":1,"name":"Homepage","item":"https:\/\/talkpal.ai\/et\/"},{"@type":"ListItem","position":2,"name":"Leedu keele grammatika"}]},{"@type":"WebSite","@id":"https:\/\/talkpal.ai\/et\/#website","url":"https:\/\/talkpal.ai\/et\/","name":"Talkpal","description":"AI Language Learning","publisher":{"@id":"https:\/\/talkpal.ai\/et\/#organization"},"alternateName":"Talkpal AI","potentialAction":[{"@type":"SearchAction","target":{"@type":"EntryPoint","urlTemplate":"https:\/\/talkpal.ai\/et\/?s={search_term_string}"},"query-input":{"@type":"PropertyValueSpecification","valueRequired":true,"valueName":"search_term_string"}}],"inLanguage":"et"},{"@type":"Organization","@id":"https:\/\/talkpal.ai\/et\/#organization","name":"Talkpal, Inc.","alternateName":"Talkpal AI","url":"https:\/\/talkpal.ai\/et\/","logo":{"@type":"ImageObject","inLanguage":"et","@id":"https:\/\/talkpal.ai\/et\/#\/schema\/logo\/image\/","url":"https:\/\/talkpal.ai\/wp-content\/uploads\/2024\/03\/Talkpal-Logo-Icon.png","contentUrl":"https:\/\/talkpal.ai\/wp-content\/uploads\/2024\/03\/Talkpal-Logo-Icon.png","width":2880,"height":2880,"caption":"Talkpal, Inc."},"image":{"@id":"https:\/\/talkpal.ai\/et\/#\/schema\/logo\/image\/"},"sameAs":["https:\/\/www.facebook.com\/profile.php?id=100090733639311","https:\/\/x.com\/talkpalai","https:\/\/www.linkedin.com\/company\/talkpal\/","https:\/\/www.youtube.com\/@TalkPal\/","https:\/\/www.tiktok.com\/@talkpal","https:\/\/www.instagram.com\/talkpal_ai\/","https:\/\/www.crunchbase.com\/organization\/talkpal-9cde","https:\/\/www.g2.com\/products\/talkpal-for-business\/","https:\/\/www.trustpilot.com\/review\/talkpal.ai","https:\/\/www.capterra.com\/p\/10006800\/TalkPal\/"],"description":"Talkpal is a language learning web and mobile education app, powered by the latest AI technologies, that provides engaging experiences to its customers in many different languages to help them improve their language skills. Users can chat about unlimited amount of topics with the app and use other modes to practice their language learning.","email":"support@talkpal.ai","legalName":"Talkpal, Inc.","foundingDate":"2023-04-03","duns":"118989042","numberOfEmployees":{"@type":"QuantitativeValue","minValue":"11","maxValue":"50"},"publishingPrinciples":"https:\/\/talkpal.ai\/publishing-principles\/","actionableFeedbackPolicy":"https:\/\/talkpal.ai\/actionable-feedback-policy\/","correctionsPolicy":"https:\/\/talkpal.ai\/corrections-policy\/","ethicsPolicy":"https:\/\/talkpal.ai\/ethics-policy\/","diversityPolicy":"https:\/\/talkpal.ai\/diversity-policy\/","diversityStaffingReport":"https:\/\/talkpal.ai\/diversity-policy\/"}]}},"_links":{"self":[{"href":"https:\/\/talkpal.ai\/et\/wp-json\/wp\/v2\/pages\/146118","targetHints":{"allow":["GET"]}}],"collection":[{"href":"https:\/\/talkpal.ai\/et\/wp-json\/wp\/v2\/pages"}],"about":[{"href":"https:\/\/talkpal.ai\/et\/wp-json\/wp\/v2\/types\/page"}],"author":[{"embeddable":true,"href":"https:\/\/talkpal.ai\/et\/wp-json\/wp\/v2\/users\/1"}],"replies":[{"embeddable":true,"href":"https:\/\/talkpal.ai\/et\/wp-json\/wp\/v2\/comments?post=146118"}],"version-history":[{"count":0,"href":"https:\/\/talkpal.ai\/et\/wp-json\/wp\/v2\/pages\/146118\/revisions"}],"wp:featuredmedia":[{"embeddable":true,"href":"https:\/\/talkpal.ai\/et\/wp-json\/wp\/v2\/media\/115067"}],"wp:attachment":[{"href":"https:\/\/talkpal.ai\/et\/wp-json\/wp\/v2\/media?parent=146118"}],"curies":[{"name":"wp","href":"https:\/\/api.w.org\/{rel}","templated":true}]}}