{"id":145878,"date":"2023-05-14T14:10:24","date_gmt":"2023-05-14T14:10:24","guid":{"rendered":"http:\/\/talkpal.ai\/lati-keele-grammatika\/"},"modified":"2025-12-17T17:13:13","modified_gmt":"2025-12-17T17:13:13","slug":"lati-keele-grammatika","status":"publish","type":"page","link":"https:\/\/talkpal.ai\/et\/lati-keele-grammatika\/","title":{"rendered":"L\u00e4ti keele grammatika"},"content":{"rendered":"\r\n\r\n\r\n<section class=\"languageChallengeSection\">\r\n    <div class=\"languageInfoWrapper\">\r\n        \r\n        <h1>L\u00e4ti keele grammatika<\/h1>\r\n        <p>Avastage <a href=\"https:\/\/talkpal.ai\/latvian-grammar\/\">l\u00e4ti keele grammatika<\/a> ainulaadne maailm ja avage Baltikumi \u00fche k\u00f5ige eluj\u00f5ulisema keele ilu. Selle struktuuri ja reeglite m\u00f5istmisega suurendate oma enesekindlust ja suhtlemisoskust. Alusta <a href=\"https:\/\/talkpal.ai\/learn-latvian\/\">l\u00e4ti<\/a> keele <a href=\"https:\/\/talkpal.ai\/greek-grammar\/\">grammatika<\/a> \u00f5ppimist juba t\u00e4na ja astu esimene samm l\u00e4ti keele oskuseni!\n\n<\/p>\r\n\r\n                            <a class=\"getStartedHidden\" href=\"https:\/\/app.talkpal.ai\/et\/signup?lng=\">Alusta<\/a>\r\n        \r\n    <\/div>\r\n\r\n    <figure>\r\n    <img decoding=\"async\" width=\"768\" height=\"768\" src=\"https:\/\/talkpal.ai\/wp-content\/uploads\/2023\/06\/latvian-768x768.png\" class=\"languageImage no-lazy\" alt=\"Language learning to access more cultures\" fetchpriority=\"high\" sizes=\"(max-width: 768px) 150px, 768px\" srcset=\"https:\/\/talkpal.ai\/wp-content\/uploads\/2023\/06\/latvian-768x768.png 768w, https:\/\/talkpal.ai\/wp-content\/uploads\/2023\/06\/latvian-300x300.png 300w\" \/>\r\n    \r\n\r\n    <\/figure>\r\n\r\n            <a class=\"getStartedVisible\" href=\"https:\/\/app.talkpal.ai\/et\/signup?lng=\">Alusta<\/a>\r\n    \r\n<\/section>\r\n<section class=\"promotionalBanner\">\r\n    <p class=\"promotionalText\">K\u00f5ige t\u00f5husam viis keele \u00f5ppimiseks<\/p>\r\n    <a class=\"promotionalLink\" href=\"https:\/\/app.talkpal.ai\/et\/signup?lng=\">Proovige Talkpal tasuta<\/a>\r\n<\/section>\n<div class=\"wp-block-group pageContainerStyle\"><div class=\"wp-block-group__inner-container is-layout-constrained wp-block-group-is-layout-constrained\">\n<h2 class=\"wp-block-heading\" id=\"h-the-ultimate-guide-to-latvian-grammar-navigating-the-intricacies-of-a-unique-language\">L\u00e4ti keele grammatika \u00fclim juhend: ainulaadse keele keerukuses navigeerimine<\/h2>\n\n\n\n<p>L\u00e4ti keele grammatika, nagu ka keel <a href=\"https:\/\/talkpal.ai\/locations\/language-courses-in-ise\/\">ise<\/a>, esitab rikkaliku ja p\u00f5neva keeleliste elementide gobel\u00e4\u00e4ni. Balti keelena v\u00f5lub <a href=\"https:\/\/talkpal.ai\/et\/opi-lati-keel\/\">l\u00e4ti keel<\/a> \u00f5ppijaid oma mitmek\u00fclgsete omadustega ja esitab v\u00e4ljakutseid ka k\u00f5ige vilunumatele k\u00f5nelejatele. Selles juhendis tutvustame l\u00e4ti keele grammatika p\u00f5hiprintsiipe, selgitame selle keerukust ja toetame teid selle paeluvas keeles sujuvalt hakkama saamisel. Alustame!<\/p>\n\n\n\n<h3 class=\"wp-block-heading\" id=\"h-the-nuts-and-bolts-latvian-sentence-structure\">Mutrid ja poldid: l\u00e4ti lauseehitus<\/h3>\n\n\n\n<p>Selle keskmes on l\u00e4ti keele grammatika \u00fcsna lihtne. Keel j\u00e4rgib \u00fcldiselt subjekti-verbi-objekti (SVO) lausestruktuuri, sarnaselt <a href=\"https:\/\/talkpal.ai\/learn-english\/\">inglise<\/a> keelele ja paljudele teistele keeltele. N\u00e4iteks lause &#8220;Ma s\u00f6\u00f6n \u00f5una&#8221; t\u00f5lgitakse &#8220;Es \u0113du \u0101bolu&#8221; (Es \u0113du \u0101bolu). Lihtne, eks? Kui me aga s\u00fcgavamale kaevume, kohtate l\u00e4ti keele grammatika m\u00f5ningaid intrigeerivaid ja erip\u00e4raseid omadusi.<\/p>\n\n\n\n<h3 class=\"wp-block-heading\" id=\"h-meet-the-family-latvian-nouns-and-their-cases\">Tutvuge perekonnaga: L\u00e4ti nimis\u00f5nad ja nende juhtumid<\/h3>\n\n\n\n<p>L\u00e4ti keele grammatika \u00fcks h\u00e4mmastavamaid omadusi inglise keele k\u00f5nelejate jaoks on grammatiliste juhtumite m\u00f5iste. L\u00e4ti keeles on seitse juhtumit: nominatiivne, genitiivne, datiivne, akusatiivne, lokatiivne, instrumentaalne ja vokaalne. Igal juhtumil on oma funktsioon ja see m\u00f5jutab nimis\u00f5nade, omaduss\u00f5nade, ases\u00f5nade ja m\u00f5nikord isegi tegus\u00f5nade vormi.<\/p>\n\n\n\n<p>V\u00f5tame n\u00e4iteks s\u00f5na &#8220;\u0101bols&#8221; (\u0101bols), mis t\u00e4hendab &#8220;\u00f5un&#8221;:<\/p>\n\n\n\n<p><strong>&#8211; Nominatiiv (kasutatakse subjektide puhul): \u0101bols<\/strong><\/p>\n\n\n\n<p><strong>&#8211; Genitiiv (kasutatakse valduse puhul): \u0101bola<\/strong><\/p>\n\n\n\n<p><strong>&#8211; Datiiv (kasutatakse kaudsete objektide puhul): \u0101bolam<\/strong><\/p>\n\n\n\n<p><strong>&#8211; Akusatiiv (kasutatakse otseste objektide puhul): \u0101bolu<\/strong><\/p>\n\n\n\n<p><strong>&#8211; Lokaator (kasutatakse asukoha m\u00e4\u00e4ramiseks): \u0101bol\u0101<\/strong><\/p>\n\n\n\n<p><strong>&#8211; Instrumentaalne juhtum (kasutatakse tegevuse teostamise vahendi puhul): \u0101bolu\/-iem<\/strong><\/p>\n\n\n\n<p><strong>&#8211; Vokatiiv (kasutatakse kellegi v\u00f5i millegi poole p\u00f6\u00f6rdumiseks): \u0101bol<\/strong><\/p>\n\n\n\n<p>Oluline on tutvuda nende juhtudega, sest need v\u00f5ivad teie lausete t\u00e4hendust oluliselt muuta.<\/p>\n\n\n\n<h3 class=\"wp-block-heading\" id=\"h-playing-with-numbers-latvian-plurals-and-genders\">Numbritega m\u00e4ngimine: l\u00e4ti mitmused ja sood<\/h3>\n\n\n\n<p>Mitmuse moodustamisel l\u00e4ti keeles on oluline meeles pidada nimis\u00f5na sugu. L\u00e4ti keeles on nimis\u00f5nadel kaks sugu \u2013 mehelik ja naiselik. Sugu m\u00f5jutab nimis\u00f5nade, omaduss\u00f5nade, numbrite ja teatud verbivormide l\u00f5ppu.<\/p>\n\n\n\n<p>\u00dcldiselt l\u00f5pevad mehelikud nimis\u00f5nad mitmuse nominatiivsel juhul -i-ga, samas kui naiselikud nimis\u00f5nad l\u00f5pevad -as-ga. N\u00e4iteks &#8220;zirgs&#8221; (zirgs, meheliku t\u00e4hendusega substantiivi &#8220;hobune&#8221;) muutub &#8220;zirgi&#8221; (zirgi, hobused) ja &#8220;sieviete&#8221; (sieviete, naiseliku t\u00e4hendusega substantiivi &#8220;naine&#8221;) muutub &#8220;sievietes&#8221; (sievietes, naised).<\/p>\n\n\n\n<p>Loomulikult on olemas m\u00f5ned erandid, mist\u00f5ttu on oluline \u00f5ppida \u00e4ra nimis\u00f5nad koos nende sugupooltega ja olla teadlik ebakorrap\u00e4rasest mitmusest.<\/p>\n\n\n\n<h3 class=\"wp-block-heading\" id=\"h-the-art-of-conjugation-latvian-verbs\">Konjugatsiooni kunst: l\u00e4ti verbid<\/h3>\n\n\n\n<p>L\u00e4ti verbid v\u00f5ivad esialgu tunduda hirmutavad oma arvukate ajavormide, meeleolude ja konjugatsioonide t\u00f5ttu. Kuid nende m\u00f5istmise v\u00f5ti on \u00fchiste mustrite \u00e4ratundmine ja regulaarne harjutamine.<\/p>\n\n\n\n<p>L\u00e4ti keeles jagunevad tegus\u00f5nad kolme r\u00fchma nende infinitiivsete l\u00f5ppude, -t, -sidemete ja -sidemete\/-t alusel. Igal r\u00fchmal on konkreetsed konjugatsioonireeglid. V\u00f5tame n\u00e4iteks verbi &#8220;las\u012bt&#8221; (las\u012bt, &#8220;lugeda&#8221;):<\/p>\n\n\n\n<p><strong>Praegune aeg: Es lasu (Es lasu, &#8220;ma loen&#8221;).<\/strong><\/p>\n\n\n\n<p><strong>Minevikus: Es las\u012bju (Es las\u012bju, &#8220;ma lugesin&#8221;).<\/strong><\/p>\n\n\n\n<p><strong>Tulevikus: Es las\u012b\u0161u (Es las\u012b\u0161u, &#8220;ma loen&#8221;).<\/strong><\/p>\n\n\n\n<p>Nagu n\u00e4ete, muutuvad l\u00f5pud vastavalt pingele. Ja see ei kriimusta isegi mitte l\u00e4ti verbide konjugatsiooni pinda! Kuid \u00e4rge laske end sellest heidutada. Harjutamise ja kannatlikkusega hakkate mustreid \u00e4ra tundma ja vallutate selle v\u00e4ljakutse.<\/p>\n\n\n\n<h3 class=\"wp-block-heading\" id=\"h-the-finishing-touches-latvian-adjectives-adverbs-and-more\">Viimane lihv: l\u00e4ti omaduss\u00f5nad, m\u00e4\u00e4rs\u00f5nad ja palju muud<\/h3>\n\n\n\n<p>Kui tegemist on l\u00e4ti omaduss\u00f5nade ja m\u00e4\u00e4rs\u00f5nadega, m\u00e4ngivad need kriitilist rolli teie k\u00f5ne s\u00fcgavuse ja keerukuse lisamisel. Omaduss\u00f5nad peavad n\u00f5ustuma nimis\u00f5nadega, mida nad soo ja juhtumi osas muudavad, kusjuures l\u00f5pud varieeruvad vastavalt.<\/p>\n\n\n\n<p>N\u00e4iteks &#8220;gar\u0161\u012bgs&#8221; (gar\u0161\u012bgs) t\u00e4hendab &#8220;maitsev&#8221; ja seda v\u00f5ib n\u00e4ha kui &#8220;gar\u0161\u012bgs \u0101bols&#8221; (gar\u0161\u012bgs \u0101bols, &#8220;maitsev \u00f5un&#8221;) v\u00f5i &#8220;gar\u0161\u012bga zupa&#8221; (gar\u0161\u012bga zupa, &#8220;maitsev supp&#8221;), kusjuures mehelikud ja naiselikud nimis\u00f5nad on erineva l\u00f5puga.<\/p>\n\n\n\n<p>Adverbid j\u00e4rgivad tavaliselt sarnaseid mustreid, mis on sageli tuletatud omaduss\u00f5nadest. L\u00e4ti keeles l\u00f5peb enamik m\u00e4\u00e4rs\u00f5nu -i-ga, mis on sama vorm kui omaduss\u00f5nade mehelik ainsus.<\/p>\n\n\n\n<p>Kokkuv\u00f5tteks v\u00f5ib \u00f6elda, et l\u00e4ti keele grammatika keerukus ja erip\u00e4ra on k\u00fcll keeruline, kuid annab sellele keelele oma lummava ilu ja iseloomu. Kombineerides visaduse, uudishimu ja praktilise rakendamise, saate varsti h\u00f5lpsasti ja enesekindlalt liikuda l\u00e4ti keele grammatikas. Head \u00f5ppimist!<\/p>\n<\/div><\/div>\n\r\n<section class=\"learnNavigationSection\">\r\n            \r\n        <a href=\"https:\/\/talkpal.ai\/et\/opi-lati-keel\/\">\r\n            <div class=\"learnNavigationWrapper\">\r\n                <div class=\"learnNavigationContent\">\r\n                    <img decoding=\"async\" src=\"https:\/\/talkpal.ai\/wp-content\/uploads\/2024\/08\/Latvian.jpg\" alt=\"Latvian Flag\">\r\n                    <div>\r\n                        <h4>L\u00e4ti \u00f5ppimise kohta<\/h4>\r\n                        <p>Uuri k\u00f5ike l\u00e4ti keele grammatika kohta.<\/p>\r\n                    <\/div>\r\n                <\/div>\r\n            <\/div>\r\n        <\/a>\r\n\r\n        \r\n        <a href=\"https:\/\/talkpal.ai\/et\/lati-keele-grammatika-harjutused\/\">\r\n            <div class=\"learnNavigationWrapper\">\r\n                <div class=\"learnNavigationContent\">\r\n                    <img decoding=\"async\" src=\"https:\/\/talkpal.ai\/wp-content\/uploads\/2024\/08\/Latvian.jpg\" alt=\"Latvian Flag\">\r\n                    <div>\r\n                        <h4>L\u00e4ti keele grammatika harjutus<\/h4>\r\n                        <p>Harjutage l\u00e4ti keele grammatikat.<\/p>\r\n                    <\/div>\r\n                <\/div>\r\n            <\/div>\r\n        <\/a>\r\n\r\n        \r\n        <a href=\"https:\/\/talkpal.ai\/vocabulary_language\/latvian\/\">\r\n            <div class=\"learnNavigationWrapper\">\r\n                <div class=\"learnNavigationContent\">\r\n                    <img decoding=\"async\" src=\"https:\/\/talkpal.ai\/wp-content\/uploads\/2024\/08\/Latvian.jpg\" alt=\"Latvian Flag\">\r\n                    <div>\r\n                        <h4>L\u00e4ti keele s\u00f5navara<\/h4>\r\n                        <p>Laiendage oma l\u00e4ti keele s\u00f5navara.<\/p>\r\n                    <\/div>\r\n                <\/div>\r\n            <\/div>\r\n        <\/a>\r\n\r\n            <\/section>","protected":false},"excerpt":{"rendered":"<p>L\u00e4ti keele grammatika \u00fclim juhend: ainulaadse keele keerukuses navigeerimine L\u00e4ti keele grammatika, nagu ka keel ise, esitab rikkaliku ja p\u00f5neva keeleliste elementide gobel\u00e4\u00e4ni. Balti keelena v\u00f5lub l\u00e4ti keel \u00f5ppijaid oma mitmek\u00fclgsete omadustega ja esitab v\u00e4ljakutseid ka k\u00f5ige vilunumatele k\u00f5nelejatele. Selles juhendis tutvustame l\u00e4ti keele grammatika p\u00f5hiprintsiipe, selgitame selle keerukust ja toetame teid selle paeluvas keeles [&hellip;]<\/p>\n","protected":false},"author":1,"featured_media":114430,"parent":0,"menu_order":0,"comment_status":"closed","ping_status":"closed","template":"LearningContentPage.php","meta":{"_acf_changed":false,"footnotes":""},"class_list":["post-145878","page","type-page","status-publish","has-post-thumbnail","hentry"],"acf":[],"yoast_head":"<!-- This site is optimized with the Yoast SEO Premium plugin v27.2 (Yoast SEO v27.2) - https:\/\/yoast.com\/product\/yoast-seo-premium-wordpress\/ -->\n<title>L\u00e4ti keele grammatika - Talkpal<\/title>\n<meta name=\"description\" content=\"\u00d5ppige l\u00e4ti keele grammatikat kindlalt - \u00f5ppige reegleid, harjutage kasutust ja suurendage keeleoskust h\u00f5lpsasti. Talkpalisikup\u00e4rastatud tehisintellekti juhendamisega.\" \/>\n<meta name=\"robots\" content=\"index, follow, max-snippet:-1, max-image-preview:large, max-video-preview:-1\" \/>\n<link rel=\"canonical\" href=\"https:\/\/talkpal.ai\/et\/lati-keele-grammatika\/\" \/>\n<meta property=\"og:locale\" content=\"et_EE\" \/>\n<meta property=\"og:type\" content=\"article\" \/>\n<meta property=\"og:title\" content=\"L\u00e4ti keele grammatika\" \/>\n<meta property=\"og:description\" content=\"L\u00e4ti keele grammatika \u00fclim juhend: ainulaadse keele keerukuses navigeerimine L\u00e4ti keele grammatika, nagu ka keel ise, esitab rikkaliku ja p\u00f5neva\" \/>\n<meta property=\"og:url\" content=\"https:\/\/talkpal.ai\/et\/lati-keele-grammatika\/\" \/>\n<meta property=\"og:site_name\" content=\"Talkpal\" \/>\n<meta property=\"article:publisher\" content=\"https:\/\/www.facebook.com\/profile.php?id=100090733639311\" \/>\n<meta property=\"article:modified_time\" content=\"2025-12-17T17:13:13+00:00\" \/>\n<meta property=\"og:image\" content=\"https:\/\/talkpal.ai\/wp-content\/uploads\/2023\/05\/latvia.png\" \/>\n\t<meta property=\"og:image:width\" content=\"512\" \/>\n\t<meta property=\"og:image:height\" content=\"512\" \/>\n\t<meta property=\"og:image:type\" content=\"image\/png\" \/>\n<meta name=\"twitter:card\" content=\"summary_large_image\" \/>\n<meta name=\"twitter:site\" content=\"@talkpalai\" \/>\n<meta name=\"twitter:label1\" content=\"Est. reading time\" \/>\n\t<meta name=\"twitter:data1\" content=\"3 minutit\" \/>\n<script type=\"application\/ld+json\" class=\"yoast-schema-graph\">{\"@context\":\"https:\/\/schema.org\",\"@graph\":[{\"@type\":\"WebPage\",\"@id\":\"https:\/\/talkpal.ai\/et\/lati-keele-grammatika\/\",\"url\":\"https:\/\/talkpal.ai\/et\/lati-keele-grammatika\/\",\"name\":\"L\u00e4ti keele grammatika - Talkpal\",\"isPartOf\":{\"@id\":\"https:\/\/talkpal.ai\/et\/#website\"},\"primaryImageOfPage\":{\"@id\":\"https:\/\/talkpal.ai\/et\/lati-keele-grammatika\/#primaryimage\"},\"image\":{\"@id\":\"https:\/\/talkpal.ai\/et\/lati-keele-grammatika\/#primaryimage\"},\"thumbnailUrl\":\"https:\/\/talkpal.ai\/wp-content\/uploads\/2023\/05\/latvia.png\",\"datePublished\":\"2023-05-14T14:10:24+00:00\",\"dateModified\":\"2025-12-17T17:13:13+00:00\",\"description\":\"\u00d5ppige l\u00e4ti keele grammatikat kindlalt - \u00f5ppige reegleid, harjutage kasutust ja suurendage keeleoskust h\u00f5lpsasti. Talkpalisikup\u00e4rastatud tehisintellekti juhendamisega.\",\"breadcrumb\":{\"@id\":\"https:\/\/talkpal.ai\/et\/lati-keele-grammatika\/#breadcrumb\"},\"inLanguage\":\"et\",\"potentialAction\":[{\"@type\":\"ReadAction\",\"target\":[\"https:\/\/talkpal.ai\/et\/lati-keele-grammatika\/\"]}]},{\"@type\":\"ImageObject\",\"inLanguage\":\"et\",\"@id\":\"https:\/\/talkpal.ai\/et\/lati-keele-grammatika\/#primaryimage\",\"url\":\"https:\/\/talkpal.ai\/wp-content\/uploads\/2023\/05\/latvia.png\",\"contentUrl\":\"https:\/\/talkpal.ai\/wp-content\/uploads\/2023\/05\/latvia.png\",\"width\":512,\"height\":512},{\"@type\":\"BreadcrumbList\",\"@id\":\"https:\/\/talkpal.ai\/et\/lati-keele-grammatika\/#breadcrumb\",\"itemListElement\":[{\"@type\":\"ListItem\",\"position\":1,\"name\":\"Homepage\",\"item\":\"https:\/\/talkpal.ai\/et\/\"},{\"@type\":\"ListItem\",\"position\":2,\"name\":\"L\u00e4ti keele grammatika\"}]},{\"@type\":\"WebSite\",\"@id\":\"https:\/\/talkpal.ai\/et\/#website\",\"url\":\"https:\/\/talkpal.ai\/et\/\",\"name\":\"Talkpal\",\"description\":\"AI Language Learning\",\"publisher\":{\"@id\":\"https:\/\/talkpal.ai\/et\/#organization\"},\"alternateName\":\"Talkpal AI\",\"potentialAction\":[{\"@type\":\"SearchAction\",\"target\":{\"@type\":\"EntryPoint\",\"urlTemplate\":\"https:\/\/talkpal.ai\/et\/?s={search_term_string}\"},\"query-input\":{\"@type\":\"PropertyValueSpecification\",\"valueRequired\":true,\"valueName\":\"search_term_string\"}}],\"inLanguage\":\"et\"},{\"@type\":\"Organization\",\"@id\":\"https:\/\/talkpal.ai\/et\/#organization\",\"name\":\"Talkpal, Inc.\",\"alternateName\":\"Talkpal AI\",\"url\":\"https:\/\/talkpal.ai\/et\/\",\"logo\":{\"@type\":\"ImageObject\",\"inLanguage\":\"et\",\"@id\":\"https:\/\/talkpal.ai\/et\/#\/schema\/logo\/image\/\",\"url\":\"https:\/\/talkpal.ai\/wp-content\/uploads\/2024\/03\/Talkpal-Logo-Icon.png\",\"contentUrl\":\"https:\/\/talkpal.ai\/wp-content\/uploads\/2024\/03\/Talkpal-Logo-Icon.png\",\"width\":2880,\"height\":2880,\"caption\":\"Talkpal, Inc.\"},\"image\":{\"@id\":\"https:\/\/talkpal.ai\/et\/#\/schema\/logo\/image\/\"},\"sameAs\":[\"https:\/\/www.facebook.com\/profile.php?id=100090733639311\",\"https:\/\/x.com\/talkpalai\",\"https:\/\/www.linkedin.com\/company\/talkpal\/\",\"https:\/\/www.youtube.com\/@TalkPal\/\",\"https:\/\/www.tiktok.com\/@talkpal\",\"https:\/\/www.instagram.com\/talkpal_ai\/\",\"https:\/\/www.crunchbase.com\/organization\/talkpal-9cde\",\"https:\/\/www.g2.com\/products\/talkpal-for-business\/\",\"https:\/\/www.trustpilot.com\/review\/talkpal.ai\",\"https:\/\/www.capterra.com\/p\/10006800\/TalkPal\/\"],\"description\":\"Talkpal is a language learning web and mobile education app, powered by the latest AI technologies, that provides engaging experiences to its customers in many different languages to help them improve their language skills. Users can chat about unlimited amount of topics with the app and use other modes to practice their language learning.\",\"email\":\"support@talkpal.ai\",\"legalName\":\"Talkpal, Inc.\",\"foundingDate\":\"2023-04-03\",\"duns\":\"118989042\",\"numberOfEmployees\":{\"@type\":\"QuantitativeValue\",\"minValue\":\"11\",\"maxValue\":\"50\"},\"publishingPrinciples\":\"https:\/\/talkpal.ai\/publishing-principles\/\",\"actionableFeedbackPolicy\":\"https:\/\/talkpal.ai\/actionable-feedback-policy\/\",\"correctionsPolicy\":\"https:\/\/talkpal.ai\/corrections-policy\/\",\"ethicsPolicy\":\"https:\/\/talkpal.ai\/ethics-policy\/\",\"diversityPolicy\":\"https:\/\/talkpal.ai\/diversity-policy\/\",\"diversityStaffingReport\":\"https:\/\/talkpal.ai\/diversity-policy\/\"}]}<\/script>\n<!-- \/ Yoast SEO Premium plugin. -->","yoast_head_json":{"title":"L\u00e4ti keele grammatika - Talkpal","description":"\u00d5ppige l\u00e4ti keele grammatikat kindlalt - \u00f5ppige reegleid, harjutage kasutust ja suurendage keeleoskust h\u00f5lpsasti. Talkpalisikup\u00e4rastatud tehisintellekti juhendamisega.","robots":{"index":"index","follow":"follow","max-snippet":"max-snippet:-1","max-image-preview":"max-image-preview:large","max-video-preview":"max-video-preview:-1"},"canonical":"https:\/\/talkpal.ai\/et\/lati-keele-grammatika\/","og_locale":"et_EE","og_type":"article","og_title":"L\u00e4ti keele grammatika","og_description":"L\u00e4ti keele grammatika \u00fclim juhend: ainulaadse keele keerukuses navigeerimine L\u00e4ti keele grammatika, nagu ka keel ise, esitab rikkaliku ja p\u00f5neva","og_url":"https:\/\/talkpal.ai\/et\/lati-keele-grammatika\/","og_site_name":"Talkpal","article_publisher":"https:\/\/www.facebook.com\/profile.php?id=100090733639311","article_modified_time":"2025-12-17T17:13:13+00:00","og_image":[{"width":512,"height":512,"url":"https:\/\/talkpal.ai\/wp-content\/uploads\/2023\/05\/latvia.png","type":"image\/png"}],"twitter_card":"summary_large_image","twitter_site":"@talkpalai","twitter_misc":{"Est. reading time":"3 minutit"},"schema":{"@context":"https:\/\/schema.org","@graph":[{"@type":"WebPage","@id":"https:\/\/talkpal.ai\/et\/lati-keele-grammatika\/","url":"https:\/\/talkpal.ai\/et\/lati-keele-grammatika\/","name":"L\u00e4ti keele grammatika - Talkpal","isPartOf":{"@id":"https:\/\/talkpal.ai\/et\/#website"},"primaryImageOfPage":{"@id":"https:\/\/talkpal.ai\/et\/lati-keele-grammatika\/#primaryimage"},"image":{"@id":"https:\/\/talkpal.ai\/et\/lati-keele-grammatika\/#primaryimage"},"thumbnailUrl":"https:\/\/talkpal.ai\/wp-content\/uploads\/2023\/05\/latvia.png","datePublished":"2023-05-14T14:10:24+00:00","dateModified":"2025-12-17T17:13:13+00:00","description":"\u00d5ppige l\u00e4ti keele grammatikat kindlalt - \u00f5ppige reegleid, harjutage kasutust ja suurendage keeleoskust h\u00f5lpsasti. Talkpalisikup\u00e4rastatud tehisintellekti juhendamisega.","breadcrumb":{"@id":"https:\/\/talkpal.ai\/et\/lati-keele-grammatika\/#breadcrumb"},"inLanguage":"et","potentialAction":[{"@type":"ReadAction","target":["https:\/\/talkpal.ai\/et\/lati-keele-grammatika\/"]}]},{"@type":"ImageObject","inLanguage":"et","@id":"https:\/\/talkpal.ai\/et\/lati-keele-grammatika\/#primaryimage","url":"https:\/\/talkpal.ai\/wp-content\/uploads\/2023\/05\/latvia.png","contentUrl":"https:\/\/talkpal.ai\/wp-content\/uploads\/2023\/05\/latvia.png","width":512,"height":512},{"@type":"BreadcrumbList","@id":"https:\/\/talkpal.ai\/et\/lati-keele-grammatika\/#breadcrumb","itemListElement":[{"@type":"ListItem","position":1,"name":"Homepage","item":"https:\/\/talkpal.ai\/et\/"},{"@type":"ListItem","position":2,"name":"L\u00e4ti keele grammatika"}]},{"@type":"WebSite","@id":"https:\/\/talkpal.ai\/et\/#website","url":"https:\/\/talkpal.ai\/et\/","name":"Talkpal","description":"AI Language Learning","publisher":{"@id":"https:\/\/talkpal.ai\/et\/#organization"},"alternateName":"Talkpal AI","potentialAction":[{"@type":"SearchAction","target":{"@type":"EntryPoint","urlTemplate":"https:\/\/talkpal.ai\/et\/?s={search_term_string}"},"query-input":{"@type":"PropertyValueSpecification","valueRequired":true,"valueName":"search_term_string"}}],"inLanguage":"et"},{"@type":"Organization","@id":"https:\/\/talkpal.ai\/et\/#organization","name":"Talkpal, Inc.","alternateName":"Talkpal AI","url":"https:\/\/talkpal.ai\/et\/","logo":{"@type":"ImageObject","inLanguage":"et","@id":"https:\/\/talkpal.ai\/et\/#\/schema\/logo\/image\/","url":"https:\/\/talkpal.ai\/wp-content\/uploads\/2024\/03\/Talkpal-Logo-Icon.png","contentUrl":"https:\/\/talkpal.ai\/wp-content\/uploads\/2024\/03\/Talkpal-Logo-Icon.png","width":2880,"height":2880,"caption":"Talkpal, Inc."},"image":{"@id":"https:\/\/talkpal.ai\/et\/#\/schema\/logo\/image\/"},"sameAs":["https:\/\/www.facebook.com\/profile.php?id=100090733639311","https:\/\/x.com\/talkpalai","https:\/\/www.linkedin.com\/company\/talkpal\/","https:\/\/www.youtube.com\/@TalkPal\/","https:\/\/www.tiktok.com\/@talkpal","https:\/\/www.instagram.com\/talkpal_ai\/","https:\/\/www.crunchbase.com\/organization\/talkpal-9cde","https:\/\/www.g2.com\/products\/talkpal-for-business\/","https:\/\/www.trustpilot.com\/review\/talkpal.ai","https:\/\/www.capterra.com\/p\/10006800\/TalkPal\/"],"description":"Talkpal is a language learning web and mobile education app, powered by the latest AI technologies, that provides engaging experiences to its customers in many different languages to help them improve their language skills. Users can chat about unlimited amount of topics with the app and use other modes to practice their language learning.","email":"support@talkpal.ai","legalName":"Talkpal, Inc.","foundingDate":"2023-04-03","duns":"118989042","numberOfEmployees":{"@type":"QuantitativeValue","minValue":"11","maxValue":"50"},"publishingPrinciples":"https:\/\/talkpal.ai\/publishing-principles\/","actionableFeedbackPolicy":"https:\/\/talkpal.ai\/actionable-feedback-policy\/","correctionsPolicy":"https:\/\/talkpal.ai\/corrections-policy\/","ethicsPolicy":"https:\/\/talkpal.ai\/ethics-policy\/","diversityPolicy":"https:\/\/talkpal.ai\/diversity-policy\/","diversityStaffingReport":"https:\/\/talkpal.ai\/diversity-policy\/"}]}},"_links":{"self":[{"href":"https:\/\/talkpal.ai\/et\/wp-json\/wp\/v2\/pages\/145878","targetHints":{"allow":["GET"]}}],"collection":[{"href":"https:\/\/talkpal.ai\/et\/wp-json\/wp\/v2\/pages"}],"about":[{"href":"https:\/\/talkpal.ai\/et\/wp-json\/wp\/v2\/types\/page"}],"author":[{"embeddable":true,"href":"https:\/\/talkpal.ai\/et\/wp-json\/wp\/v2\/users\/1"}],"replies":[{"embeddable":true,"href":"https:\/\/talkpal.ai\/et\/wp-json\/wp\/v2\/comments?post=145878"}],"version-history":[{"count":0,"href":"https:\/\/talkpal.ai\/et\/wp-json\/wp\/v2\/pages\/145878\/revisions"}],"wp:featuredmedia":[{"embeddable":true,"href":"https:\/\/talkpal.ai\/et\/wp-json\/wp\/v2\/media\/114430"}],"wp:attachment":[{"href":"https:\/\/talkpal.ai\/et\/wp-json\/wp\/v2\/media?parent=145878"}],"curies":[{"name":"wp","href":"https:\/\/api.w.org\/{rel}","templated":true}]}}