{"id":145454,"date":"2023-05-14T14:09:47","date_gmt":"2023-05-14T14:09:47","guid":{"rendered":"http:\/\/talkpal.ai\/kannada-grammatika\/"},"modified":"2025-12-11T16:23:36","modified_gmt":"2025-12-11T16:23:36","slug":"kannada-grammatika","status":"publish","type":"page","link":"https:\/\/talkpal.ai\/et\/kannada-grammatika\/","title":{"rendered":"Kannada grammatika"},"content":{"rendered":"\r\n\r\n\r\n<section class=\"languageChallengeSection\">\r\n    <div class=\"languageInfoWrapper\">\r\n        \r\n        <h1>Kannada grammatika<\/h1>\r\n        <p>Oled p\u00f5nevil, et uurida <a href=\"https:\/\/talkpal.ai\/learn-kannada\/\">Kannada<\/a> keelt? Sukeldu <a href=\"https:\/\/talkpal.ai\/learn-kannada\/\">kannada<\/a> keele grammatikasse, mis pakub rikkalikke verbide liits\u00f5nu, soop\u00f5hiseid nimis\u00f5nu ja loogilist k\u00e4\u00e4ndes\u00fcsteemi, mis muudab keele elavaks. Alustage \u00f5ppimist juba t\u00e4na &#8211; kannada keele <a href=\"https:\/\/talkpal.ai\/greek-grammar\/\">grammatika<\/a> omandamine annab teile vahendid, mis aitavad teil s\u00fcgavuti siduda end Karnataka elava kultuuriga ja suhelda enesekindlalt \u00fches L\u00f5una-India k\u00f5ige v\u00e4ljendusrikkamas keeles!<\/p>\r\n\r\n                            <a class=\"getStartedHidden\" href=\"https:\/\/app.talkpal.ai\/et\/signup?lng=\">Alusta<\/a>\r\n        \r\n    <\/div>\r\n\r\n    <figure>\r\n    <img decoding=\"async\" width=\"768\" height=\"768\" src=\"https:\/\/talkpal.ai\/wp-content\/uploads\/2023\/06\/Kannada-768x768.png\" class=\"languageImage no-lazy\" alt=\"Language learning for increased mental flexibility\" fetchpriority=\"high\" sizes=\"(max-width: 768px) 150px, 768px\" srcset=\"https:\/\/talkpal.ai\/wp-content\/uploads\/2023\/06\/Kannada-768x768.png 768w, https:\/\/talkpal.ai\/wp-content\/uploads\/2023\/06\/Kannada-300x300.png 300w\" \/>\r\n    \r\n\r\n    <\/figure>\r\n\r\n            <a class=\"getStartedVisible\" href=\"https:\/\/app.talkpal.ai\/et\/signup?lng=\">Alusta<\/a>\r\n    \r\n<\/section>\r\n<section class=\"promotionalBanner\">\r\n    <p class=\"promotionalText\">K\u00f5ige t\u00f5husam viis keele \u00f5ppimiseks<\/p>\r\n    <a class=\"promotionalLink\" href=\"https:\/\/app.talkpal.ai\/et\/signup?lng=\">Proovige Talkpal tasuta<\/a>\r\n<\/section>\n<div class=\"wp-block-group pageContainerStyle\"><div class=\"wp-block-group__inner-container is-layout-constrained wp-block-group-is-layout-constrained\">\n<h2 class=\"wp-block-heading\" id=\"h-kannada-grammar-an-insight-into-the-richness-of-the-dravidian-language\">Kannada grammatika: \u00fclevaade draviidi keele rikkusest<\/h2>\n\n\n\n<p>Kas olete kunagi m\u00f5elnud India keelelise mitmekesisuse \u00fcle? Keelehuvilise v\u00f5i uudishimuliku \u00f5ppijana v\u00f5ite olla huvitatud india \u00fche klassikalise keele &#8211; kannada &#8211; l\u00e4hemast uurimisest. Kannada on draviidi keel, mida k\u00f5neldakse peamiselt Karnataka osariigi l\u00f5unaosas. See on umbes 44 miljoni inimese emakeel, mis teeb sellest \u00fche suurema India keele. Sukeldume s\u00fcgavale kannada keele grammatika p\u00f5nevasse maailma ja \u00f5pime rohkem selle kauni keele kohta.<\/p>\n\n\n\n<h3 class=\"wp-block-heading\" id=\"h-the-linguistic-alphabet-kannada-script\">Keeleline t\u00e4hestik: kannada skript<\/h3>\n\n\n\n<p>Kannada kiri, mida tuntakse ka kui &#8220;\u0c95\u0ca8\u0ccd\u0ca8\u0ca1 \u0cb2\u0cbf\u0caa\u0cbf&#8221; (Kannada Lipi), on abugida &#8211; silbiliste t\u00e4hestikega kirjas\u00fcsteem. <a href=\"https:\/\/talkpal.ai\/locations\/language-courses-in-iga\/\">Iga<\/a> t\u00e4ht t\u00e4histab erinevat kaash\u00e4\u00e4liku-vokaali kombinatsiooni. Skript koosneb 49 t\u00e4hem\u00e4rgist, sealhulgas 34 kaash\u00e4\u00e4likust ja 13 t\u00e4ish\u00e4\u00e4likust. Visuaalselt eristuva v\u00e4limusega kannada kirjaviis on imeliselt ainulaadne viis keele helide ja t\u00e4henduste edastamiseks.<\/p>\n\n\n\n<h3 class=\"wp-block-heading\" id=\"h-nouns-pronouns-and-cases-more-than-meets-the-eye\">Nimis\u00f5nad, ases\u00f5nad ja juhtumid \u2013 rohkem kui silmaga kokku puutub<\/h3>\n\n\n\n<p>Kannada nimis\u00f5nad on ainulaadsed t\u00e4nu oma deklinatsioonis\u00fcsteemile \u2013 nad j\u00e4rgivad juhtumis\u00fcsteemi sarnaselt teiste draviidi keeltega. Kannadas on kaheksa juhtumit, mis aitavad m\u00e4\u00e4ratleda nimis\u00f5na ja teiste lause s\u00f5nade vahelist suhet: nominatiivne, akusatiivne, instrumentaalne, datiivne, ablatiivne, genitiivne, lokatiivne ja kutsuv. Kannada nimis\u00f5nad liigitatakse ka soo (mehelik, naiselik ja neuter) ja arvu (ainsus, mitmus ja duaal j\u00e4rgi &#8211; india keelte seas haruldane tunnus).<\/p>\n\n\n\n<p>Ka ases\u00f5nad kannadas on p\u00f5nevad. Nad kannavad <a href=\"https:\/\/talkpal.ai\/locations\/language-courses-in-iga\/\">iga<\/a> inimese (esimene, teine ja kolmas), arvu (ainsus, mitmus ja kaksik) ja soo (mehelik, naiselik ja neuter) eristusi. Lisaks sellele on kannada keeles mitmeid aupakkuvaid k\u00f5neviise, mis n\u00e4itavad keele kultuurilisi aspekte, mis on seotud austuse ja viisakusega.<\/p>\n\n\n\n<h3 class=\"wp-block-heading\" id=\"h-venturing-into-verbs-tenses-aspects-and-moods\">Tegus\u00f5nadesse s\u00fcvenemine: ajavormid, aspektid ja meeleolud<\/h3>\n\n\n\n<p>Kannada tegus\u00f5nu iseloomustab rikkalik konjugatsioonis\u00fcsteem. Verbid konjugeeritakse vastavalt pingele (minevik, olevik ja tulevik), aspektile (t\u00e4iuslik v\u00f5i ebat\u00e4iuslik) ja meeleolule (soovituslik, imperatiivne ja tingimuslik). T\u00e4iendavat keerukust lisab p\u00f5hjuslike verbide ning passiivsete ja aktiivsete h\u00e4\u00e4lte olemasolu. Konjugatsioon s\u00f5ltub inimesest, arvust ja soost, muutes Kannada verbivormid v\u00e4ga k\u00e4\u00e4nuliseks ja keeruliseks.<\/p>\n\n\n\n<h3 class=\"wp-block-heading\" id=\"h-adjectives-adverbs-and-more\">Omaduss\u00f5nad, m\u00e4\u00e4rs\u00f5nad ja palju muud<\/h3>\n\n\n\n<p>Kannada omaduss\u00f5nad ja numbrid n\u00f5ustuvad nimis\u00f5nadega, mida nad soo, arvu ja juhtumi osas muudavad. Omaduss\u00f5nu saab k\u00e4\u00e4nata samamoodi nagu nimis\u00f5nu ja neid saab isegi kombineerida m\u00e4\u00e4rs\u00f5nade moodustamiseks. Keel kasutab ka erinevaid sides\u00f5nu, osakesi ja eess\u00f5nu, et \u00fchendada laused ja nende komponendid \u00fchtseks ja v\u00e4ljendusrikkaks tervikuks.<\/p>\n\n\n\n<h3 class=\"wp-block-heading\" id=\"h-embracing-the-beauty-of-kannada-grammar\">Kannada grammatika ilu omaksv\u00f5tmine<\/h3>\n\n\n\n<p><a href=\"https:\/\/talkpal.ai\/kannada-grammar\/\">Kannada grammatika<\/a> maailm on nii p\u00f5nev kui ka keeruline. Keerukas juhtumis\u00fcsteem, ainulaadne skript ja k\u00f5rgelt paisutatud verbivormid annavad Kannadale selle v\u00f5lu ja rikkuse. S\u00fcvenedes selle peene keele valdkonda, saate s\u00fcgavama arusaamise India keelelisest ja kultuurilisest mitmekesisusest.<\/p>\n\n\n\n<p>Niisiis, miks mitte uurida Kannada ilu edasi? Kire ja uudishimuga v\u00f5ite peagi leida end nautimas suurep\u00e4rast kirjandust, kino ja muusikat selles majesteetlikus keeles. Head \u00f5ppimist!<\/p>\n<\/div><\/div>\n\r\n<section class=\"learnNavigationSection\">\r\n            \r\n        <a href=\"https:\/\/talkpal.ai\/et\/opi-kannada\/\">\r\n            <div class=\"learnNavigationWrapper\">\r\n                <div class=\"learnNavigationContent\">\r\n                    <img decoding=\"async\" src=\"https:\/\/talkpal.ai\/wp-content\/uploads\/2024\/08\/Kannada.jpg\" alt=\"Indian Simplified Flag\">\r\n                    <div>\r\n                        <h4>Kannada \u00f5ppimise kohta<\/h4>\r\n                        <p>Uuri k\u00f5ike Kannada grammatika kohta.<\/p>\r\n                    <\/div>\r\n                <\/div>\r\n            <\/div>\r\n        <\/a>\r\n\r\n        \r\n        <a href=\"https:\/\/talkpal.ai\/et\/kannada-grammatika-harjutused\/\">\r\n            <div class=\"learnNavigationWrapper\">\r\n                <div class=\"learnNavigationContent\">\r\n                    <img decoding=\"async\" src=\"https:\/\/talkpal.ai\/wp-content\/uploads\/2024\/08\/Kannada.jpg\" alt=\"Indian Simplified Flag\">\r\n                    <div>\r\n                        <h4>Kannada keele grammatika harjutus<\/h4>\r\n                        <p>Harjutage kannada grammatikat.<\/p>\r\n                    <\/div>\r\n                <\/div>\r\n            <\/div>\r\n        <\/a>\r\n\r\n        \r\n        <a href=\"https:\/\/talkpal.ai\/vocabulary_language\/kannada\/\">\r\n            <div class=\"learnNavigationWrapper\">\r\n                <div class=\"learnNavigationContent\">\r\n                    <img decoding=\"async\" src=\"https:\/\/talkpal.ai\/wp-content\/uploads\/2024\/08\/Kannada.jpg\" alt=\"Indian Simplified Flag\">\r\n                    <div>\r\n                        <h4>Kannada s\u00f5navara<\/h4>\r\n                        <p>Laiendage oma kannada keele s\u00f5navara.<\/p>\r\n                    <\/div>\r\n                <\/div>\r\n            <\/div>\r\n        <\/a>\r\n\r\n            <\/section>","protected":false},"excerpt":{"rendered":"<p>Kannada grammatika: \u00fclevaade draviidi keele rikkusest Kas olete kunagi m\u00f5elnud India keelelise mitmekesisuse \u00fcle? Keelehuvilise v\u00f5i uudishimuliku \u00f5ppijana v\u00f5ite olla huvitatud india \u00fche klassikalise keele &#8211; kannada &#8211; l\u00e4hemast uurimisest. Kannada on draviidi keel, mida k\u00f5neldakse peamiselt Karnataka osariigi l\u00f5unaosas. See on umbes 44 miljoni inimese emakeel, mis teeb sellest \u00fche suurema India keele. Sukeldume [&hellip;]<\/p>\n","protected":false},"author":1,"featured_media":113755,"parent":0,"menu_order":0,"comment_status":"closed","ping_status":"closed","template":"LearningContentPage.php","meta":{"_acf_changed":false,"footnotes":""},"class_list":["post-145454","page","type-page","status-publish","has-post-thumbnail","hentry"],"acf":[],"yoast_head":"<!-- This site is optimized with the Yoast SEO Premium plugin v27.2 (Yoast SEO v27.2) - https:\/\/yoast.com\/product\/yoast-seo-premium-wordpress\/ -->\n<title>Kannada grammatika - Talkpal<\/title>\n<meta name=\"description\" content=\"\u00d5ppige kannada keele grammatikat kindlalt - m\u00f5istke p\u00f5hireegleid, teravdage lauseehitust ja suurendage sujuvust.\" \/>\n<meta name=\"robots\" content=\"index, follow, max-snippet:-1, max-image-preview:large, max-video-preview:-1\" \/>\n<link rel=\"canonical\" href=\"https:\/\/talkpal.ai\/et\/kannada-grammatika\/\" \/>\n<meta property=\"og:locale\" content=\"et_EE\" \/>\n<meta property=\"og:type\" content=\"article\" \/>\n<meta property=\"og:title\" content=\"Kannada grammatika\" \/>\n<meta property=\"og:description\" content=\"Kannada grammatika: \u00fclevaade draviidi keele rikkusest Kas olete kunagi m\u00f5elnud India keelelise mitmekesisuse \u00fcle? Keelehuvilise v\u00f5i uudishimuliku \u00f5ppijana\" \/>\n<meta property=\"og:url\" content=\"https:\/\/talkpal.ai\/et\/kannada-grammatika\/\" \/>\n<meta property=\"og:site_name\" content=\"Talkpal\" \/>\n<meta property=\"article:publisher\" content=\"https:\/\/www.facebook.com\/profile.php?id=100090733639311\" \/>\n<meta property=\"article:modified_time\" content=\"2025-12-11T16:23:36+00:00\" \/>\n<meta property=\"og:image\" content=\"https:\/\/talkpal.ai\/wp-content\/uploads\/2023\/05\/Kannada-india.png\" \/>\n\t<meta property=\"og:image:width\" content=\"512\" \/>\n\t<meta property=\"og:image:height\" content=\"512\" \/>\n\t<meta property=\"og:image:type\" content=\"image\/png\" \/>\n<meta name=\"twitter:card\" content=\"summary_large_image\" \/>\n<meta name=\"twitter:site\" content=\"@talkpalai\" \/>\n<meta name=\"twitter:label1\" content=\"Est. reading time\" \/>\n\t<meta name=\"twitter:data1\" content=\"2 minutit\" \/>\n<script type=\"application\/ld+json\" class=\"yoast-schema-graph\">{\"@context\":\"https:\/\/schema.org\",\"@graph\":[{\"@type\":\"WebPage\",\"@id\":\"https:\/\/talkpal.ai\/et\/kannada-grammatika\/\",\"url\":\"https:\/\/talkpal.ai\/et\/kannada-grammatika\/\",\"name\":\"Kannada grammatika - Talkpal\",\"isPartOf\":{\"@id\":\"https:\/\/talkpal.ai\/et\/#website\"},\"primaryImageOfPage\":{\"@id\":\"https:\/\/talkpal.ai\/et\/kannada-grammatika\/#primaryimage\"},\"image\":{\"@id\":\"https:\/\/talkpal.ai\/et\/kannada-grammatika\/#primaryimage\"},\"thumbnailUrl\":\"https:\/\/talkpal.ai\/wp-content\/uploads\/2023\/05\/Kannada-india.png\",\"datePublished\":\"2023-05-14T14:09:47+00:00\",\"dateModified\":\"2025-12-11T16:23:36+00:00\",\"description\":\"\u00d5ppige kannada keele grammatikat kindlalt - m\u00f5istke p\u00f5hireegleid, teravdage lauseehitust ja suurendage sujuvust.\",\"breadcrumb\":{\"@id\":\"https:\/\/talkpal.ai\/et\/kannada-grammatika\/#breadcrumb\"},\"inLanguage\":\"et\",\"potentialAction\":[{\"@type\":\"ReadAction\",\"target\":[\"https:\/\/talkpal.ai\/et\/kannada-grammatika\/\"]}]},{\"@type\":\"ImageObject\",\"inLanguage\":\"et\",\"@id\":\"https:\/\/talkpal.ai\/et\/kannada-grammatika\/#primaryimage\",\"url\":\"https:\/\/talkpal.ai\/wp-content\/uploads\/2023\/05\/Kannada-india.png\",\"contentUrl\":\"https:\/\/talkpal.ai\/wp-content\/uploads\/2023\/05\/Kannada-india.png\",\"width\":512,\"height\":512},{\"@type\":\"BreadcrumbList\",\"@id\":\"https:\/\/talkpal.ai\/et\/kannada-grammatika\/#breadcrumb\",\"itemListElement\":[{\"@type\":\"ListItem\",\"position\":1,\"name\":\"Homepage\",\"item\":\"https:\/\/talkpal.ai\/et\/\"},{\"@type\":\"ListItem\",\"position\":2,\"name\":\"Kannada grammatika\"}]},{\"@type\":\"WebSite\",\"@id\":\"https:\/\/talkpal.ai\/et\/#website\",\"url\":\"https:\/\/talkpal.ai\/et\/\",\"name\":\"Talkpal\",\"description\":\"AI Language Learning\",\"publisher\":{\"@id\":\"https:\/\/talkpal.ai\/et\/#organization\"},\"alternateName\":\"Talkpal AI\",\"potentialAction\":[{\"@type\":\"SearchAction\",\"target\":{\"@type\":\"EntryPoint\",\"urlTemplate\":\"https:\/\/talkpal.ai\/et\/?s={search_term_string}\"},\"query-input\":{\"@type\":\"PropertyValueSpecification\",\"valueRequired\":true,\"valueName\":\"search_term_string\"}}],\"inLanguage\":\"et\"},{\"@type\":\"Organization\",\"@id\":\"https:\/\/talkpal.ai\/et\/#organization\",\"name\":\"Talkpal, Inc.\",\"alternateName\":\"Talkpal AI\",\"url\":\"https:\/\/talkpal.ai\/et\/\",\"logo\":{\"@type\":\"ImageObject\",\"inLanguage\":\"et\",\"@id\":\"https:\/\/talkpal.ai\/et\/#\/schema\/logo\/image\/\",\"url\":\"https:\/\/talkpal.ai\/wp-content\/uploads\/2024\/03\/Talkpal-Logo-Icon.png\",\"contentUrl\":\"https:\/\/talkpal.ai\/wp-content\/uploads\/2024\/03\/Talkpal-Logo-Icon.png\",\"width\":2880,\"height\":2880,\"caption\":\"Talkpal, Inc.\"},\"image\":{\"@id\":\"https:\/\/talkpal.ai\/et\/#\/schema\/logo\/image\/\"},\"sameAs\":[\"https:\/\/www.facebook.com\/profile.php?id=100090733639311\",\"https:\/\/x.com\/talkpalai\",\"https:\/\/www.linkedin.com\/company\/talkpal\/\",\"https:\/\/www.youtube.com\/@TalkPal\/\",\"https:\/\/www.tiktok.com\/@talkpal\",\"https:\/\/www.instagram.com\/talkpal_ai\/\",\"https:\/\/www.crunchbase.com\/organization\/talkpal-9cde\",\"https:\/\/www.g2.com\/products\/talkpal-for-business\/\",\"https:\/\/www.trustpilot.com\/review\/talkpal.ai\",\"https:\/\/www.capterra.com\/p\/10006800\/TalkPal\/\"],\"description\":\"Talkpal is a language learning web and mobile education app, powered by the latest AI technologies, that provides engaging experiences to its customers in many different languages to help them improve their language skills. Users can chat about unlimited amount of topics with the app and use other modes to practice their language learning.\",\"email\":\"support@talkpal.ai\",\"legalName\":\"Talkpal, Inc.\",\"foundingDate\":\"2023-04-03\",\"duns\":\"118989042\",\"numberOfEmployees\":{\"@type\":\"QuantitativeValue\",\"minValue\":\"11\",\"maxValue\":\"50\"},\"publishingPrinciples\":\"https:\/\/talkpal.ai\/publishing-principles\/\",\"actionableFeedbackPolicy\":\"https:\/\/talkpal.ai\/actionable-feedback-policy\/\",\"correctionsPolicy\":\"https:\/\/talkpal.ai\/corrections-policy\/\",\"ethicsPolicy\":\"https:\/\/talkpal.ai\/ethics-policy\/\",\"diversityPolicy\":\"https:\/\/talkpal.ai\/diversity-policy\/\",\"diversityStaffingReport\":\"https:\/\/talkpal.ai\/diversity-policy\/\"}]}<\/script>\n<!-- \/ Yoast SEO Premium plugin. -->","yoast_head_json":{"title":"Kannada grammatika - Talkpal","description":"\u00d5ppige kannada keele grammatikat kindlalt - m\u00f5istke p\u00f5hireegleid, teravdage lauseehitust ja suurendage sujuvust.","robots":{"index":"index","follow":"follow","max-snippet":"max-snippet:-1","max-image-preview":"max-image-preview:large","max-video-preview":"max-video-preview:-1"},"canonical":"https:\/\/talkpal.ai\/et\/kannada-grammatika\/","og_locale":"et_EE","og_type":"article","og_title":"Kannada grammatika","og_description":"Kannada grammatika: \u00fclevaade draviidi keele rikkusest Kas olete kunagi m\u00f5elnud India keelelise mitmekesisuse \u00fcle? Keelehuvilise v\u00f5i uudishimuliku \u00f5ppijana","og_url":"https:\/\/talkpal.ai\/et\/kannada-grammatika\/","og_site_name":"Talkpal","article_publisher":"https:\/\/www.facebook.com\/profile.php?id=100090733639311","article_modified_time":"2025-12-11T16:23:36+00:00","og_image":[{"width":512,"height":512,"url":"https:\/\/talkpal.ai\/wp-content\/uploads\/2023\/05\/Kannada-india.png","type":"image\/png"}],"twitter_card":"summary_large_image","twitter_site":"@talkpalai","twitter_misc":{"Est. reading time":"2 minutit"},"schema":{"@context":"https:\/\/schema.org","@graph":[{"@type":"WebPage","@id":"https:\/\/talkpal.ai\/et\/kannada-grammatika\/","url":"https:\/\/talkpal.ai\/et\/kannada-grammatika\/","name":"Kannada grammatika - Talkpal","isPartOf":{"@id":"https:\/\/talkpal.ai\/et\/#website"},"primaryImageOfPage":{"@id":"https:\/\/talkpal.ai\/et\/kannada-grammatika\/#primaryimage"},"image":{"@id":"https:\/\/talkpal.ai\/et\/kannada-grammatika\/#primaryimage"},"thumbnailUrl":"https:\/\/talkpal.ai\/wp-content\/uploads\/2023\/05\/Kannada-india.png","datePublished":"2023-05-14T14:09:47+00:00","dateModified":"2025-12-11T16:23:36+00:00","description":"\u00d5ppige kannada keele grammatikat kindlalt - m\u00f5istke p\u00f5hireegleid, teravdage lauseehitust ja suurendage sujuvust.","breadcrumb":{"@id":"https:\/\/talkpal.ai\/et\/kannada-grammatika\/#breadcrumb"},"inLanguage":"et","potentialAction":[{"@type":"ReadAction","target":["https:\/\/talkpal.ai\/et\/kannada-grammatika\/"]}]},{"@type":"ImageObject","inLanguage":"et","@id":"https:\/\/talkpal.ai\/et\/kannada-grammatika\/#primaryimage","url":"https:\/\/talkpal.ai\/wp-content\/uploads\/2023\/05\/Kannada-india.png","contentUrl":"https:\/\/talkpal.ai\/wp-content\/uploads\/2023\/05\/Kannada-india.png","width":512,"height":512},{"@type":"BreadcrumbList","@id":"https:\/\/talkpal.ai\/et\/kannada-grammatika\/#breadcrumb","itemListElement":[{"@type":"ListItem","position":1,"name":"Homepage","item":"https:\/\/talkpal.ai\/et\/"},{"@type":"ListItem","position":2,"name":"Kannada grammatika"}]},{"@type":"WebSite","@id":"https:\/\/talkpal.ai\/et\/#website","url":"https:\/\/talkpal.ai\/et\/","name":"Talkpal","description":"AI Language Learning","publisher":{"@id":"https:\/\/talkpal.ai\/et\/#organization"},"alternateName":"Talkpal AI","potentialAction":[{"@type":"SearchAction","target":{"@type":"EntryPoint","urlTemplate":"https:\/\/talkpal.ai\/et\/?s={search_term_string}"},"query-input":{"@type":"PropertyValueSpecification","valueRequired":true,"valueName":"search_term_string"}}],"inLanguage":"et"},{"@type":"Organization","@id":"https:\/\/talkpal.ai\/et\/#organization","name":"Talkpal, Inc.","alternateName":"Talkpal AI","url":"https:\/\/talkpal.ai\/et\/","logo":{"@type":"ImageObject","inLanguage":"et","@id":"https:\/\/talkpal.ai\/et\/#\/schema\/logo\/image\/","url":"https:\/\/talkpal.ai\/wp-content\/uploads\/2024\/03\/Talkpal-Logo-Icon.png","contentUrl":"https:\/\/talkpal.ai\/wp-content\/uploads\/2024\/03\/Talkpal-Logo-Icon.png","width":2880,"height":2880,"caption":"Talkpal, Inc."},"image":{"@id":"https:\/\/talkpal.ai\/et\/#\/schema\/logo\/image\/"},"sameAs":["https:\/\/www.facebook.com\/profile.php?id=100090733639311","https:\/\/x.com\/talkpalai","https:\/\/www.linkedin.com\/company\/talkpal\/","https:\/\/www.youtube.com\/@TalkPal\/","https:\/\/www.tiktok.com\/@talkpal","https:\/\/www.instagram.com\/talkpal_ai\/","https:\/\/www.crunchbase.com\/organization\/talkpal-9cde","https:\/\/www.g2.com\/products\/talkpal-for-business\/","https:\/\/www.trustpilot.com\/review\/talkpal.ai","https:\/\/www.capterra.com\/p\/10006800\/TalkPal\/"],"description":"Talkpal is a language learning web and mobile education app, powered by the latest AI technologies, that provides engaging experiences to its customers in many different languages to help them improve their language skills. Users can chat about unlimited amount of topics with the app and use other modes to practice their language learning.","email":"support@talkpal.ai","legalName":"Talkpal, Inc.","foundingDate":"2023-04-03","duns":"118989042","numberOfEmployees":{"@type":"QuantitativeValue","minValue":"11","maxValue":"50"},"publishingPrinciples":"https:\/\/talkpal.ai\/publishing-principles\/","actionableFeedbackPolicy":"https:\/\/talkpal.ai\/actionable-feedback-policy\/","correctionsPolicy":"https:\/\/talkpal.ai\/corrections-policy\/","ethicsPolicy":"https:\/\/talkpal.ai\/ethics-policy\/","diversityPolicy":"https:\/\/talkpal.ai\/diversity-policy\/","diversityStaffingReport":"https:\/\/talkpal.ai\/diversity-policy\/"}]}},"_links":{"self":[{"href":"https:\/\/talkpal.ai\/et\/wp-json\/wp\/v2\/pages\/145454","targetHints":{"allow":["GET"]}}],"collection":[{"href":"https:\/\/talkpal.ai\/et\/wp-json\/wp\/v2\/pages"}],"about":[{"href":"https:\/\/talkpal.ai\/et\/wp-json\/wp\/v2\/types\/page"}],"author":[{"embeddable":true,"href":"https:\/\/talkpal.ai\/et\/wp-json\/wp\/v2\/users\/1"}],"replies":[{"embeddable":true,"href":"https:\/\/talkpal.ai\/et\/wp-json\/wp\/v2\/comments?post=145454"}],"version-history":[{"count":0,"href":"https:\/\/talkpal.ai\/et\/wp-json\/wp\/v2\/pages\/145454\/revisions"}],"wp:featuredmedia":[{"embeddable":true,"href":"https:\/\/talkpal.ai\/et\/wp-json\/wp\/v2\/media\/113755"}],"wp:attachment":[{"href":"https:\/\/talkpal.ai\/et\/wp-json\/wp\/v2\/media?parent=145454"}],"curies":[{"name":"wp","href":"https:\/\/api.w.org\/{rel}","templated":true}]}}