{"id":145119,"date":"2023-05-14T14:09:29","date_gmt":"2023-05-14T14:09:29","guid":{"rendered":"http:\/\/talkpal.ai\/indoneesia-grammatika\/"},"modified":"2025-12-13T15:43:54","modified_gmt":"2025-12-13T15:43:54","slug":"indoneesia-grammatika","status":"publish","type":"page","link":"https:\/\/talkpal.ai\/et\/indoneesia-grammatika\/","title":{"rendered":"Indoneesia grammatika"},"content":{"rendered":"\r\n\r\n\r\n<section class=\"languageChallengeSection\">\r\n    <div class=\"languageInfoWrapper\">\r\n        \r\n        <h1>Indoneesia grammatika<\/h1>\r\n        <p>Kas olete huvitatud <a href=\"https:\/\/talkpal.ai\/learn-indonesian\/\">indoneesia<\/a> keele omandamisest? <a href=\"https:\/\/talkpal.ai\/learn-indonesian\/\">Indoneesia<\/a> keel on oma lihtsa <a href=\"https:\/\/talkpal.ai\/greek-grammar\/\">grammatika<\/a> &#8211; ei ole verbi\u00fchendusi, ei ole substantiivide sugusid ja lihtne lauseehitus &#8211; \u00fcks k\u00f5ige \u00f5ppijas\u00f5bralikumaid keeli. Alusta oma teekonda juba t\u00e4na ja vaata, kuidas <a href=\"https:\/\/talkpal.ai\/indonesian-grammar\/\">indoneesia keele grammatika<\/a> m\u00f5istmine v\u00f5ib kiiresti avada maailma, kus saab suhelda ja kogeda elavat kultuurielamust!<\/p>\r\n\r\n                            <a class=\"getStartedHidden\" href=\"https:\/\/app.talkpal.ai\/et\/signup?lng=\">Alusta<\/a>\r\n        \r\n    <\/div>\r\n\r\n    <figure>\r\n    <img decoding=\"async\" width=\"768\" height=\"768\" src=\"https:\/\/talkpal.ai\/wp-content\/uploads\/2023\/06\/indonesia-768x768.png\" class=\"languageImage no-lazy\" alt=\"Language learning for personal achievement\" fetchpriority=\"high\" sizes=\"(max-width: 768px) 150px, 768px\" srcset=\"https:\/\/talkpal.ai\/wp-content\/uploads\/2023\/06\/indonesia-768x768.png 768w, https:\/\/talkpal.ai\/wp-content\/uploads\/2023\/06\/indonesia-300x300.png 300w\" \/>\r\n    \r\n\r\n    <\/figure>\r\n\r\n            <a class=\"getStartedVisible\" href=\"https:\/\/app.talkpal.ai\/et\/signup?lng=\">Alusta<\/a>\r\n    \r\n<\/section>\r\n<section class=\"promotionalBanner\">\r\n    <p class=\"promotionalText\"><\/p>\r\n    <a class=\"promotionalLink\" href=\"https:\/\/app.talkpal.ai\/et\/signup?lng=\"><\/a>\r\n<\/section>\n<div class=\"wp-block-group pageContainerStyle\"><div class=\"wp-block-group__inner-container is-layout-constrained wp-block-group-is-layout-constrained\">\n<h2 class=\"wp-block-heading\" id=\"h-the-wonders-of-indonesian-grammar-a-guide-for-language-learners\">Indoneesia grammatika imed: juhend keele\u00f5ppijatele<\/h2>\n\n\n\n<p><a href=\"https:\/\/talkpal.ai\/indonesian-grammar\/\">Indoneesia keele grammatika<\/a> &#8211; lihtne, kuid elegantne, k\u00fclalislahke, kuid kaasahaarav, k\u00e4ttesaadav, kuid kaasahaarav. Kui alustate oma teekonda indoneesia keele \u00f5ppimiseks, v\u00f5ite olla kindel, et selle grammatika omaksv\u00f5tmine on nauditav kogemus. Selle artikli eesm\u00e4rk on pakkuda teile arusaamist Indoneesia grammatika p\u00f5hiaspektidest ja aidata teil omaks v\u00f5tta selle Kagu-Aasia keele ilu.<\/p>\n\n\n\n<p>S\u00fcveneme indoneesia keele grammatika p\u00f5hielementidesse koos selgituste ja n\u00e4idetega, mis teevad reeglid ja m\u00f5isted meeldivalt selgeks. Niisiis, istuge, l\u00f5dvestuge ja lubage meil teie jaoks <a href=\"https:\/\/talkpal.ai\/locations\/language-courses-in-lahti\/\">lahti<\/a> harutada Indoneesia grammatika p\u00f5nevad saladused.<\/p>\n\n\n\n<h3 class=\"wp-block-heading\" id=\"h-1-nouns-no-genders-no-plurals-no-stress\">1. Nimis\u00f5nad: pole sugusid, pole mitmust, pole stressi!<\/h3>\n\n\n\n<p>Indoneesia grammatika \u00fcks v\u00e4rskendavamaid aspekte on selle nimis\u00f5nas\u00fcsteemi lihtsus. Indoneesia nimis\u00f5nadel ei ole sugu ega mitmuse vorme. See t\u00e4hendab, et te \u00fctlete &#8220;anjing&#8221; (koer), olenemata sellest, kas te viitate \u00fchele kutsikale v\u00f5i t\u00e4iskasvanud koerte r\u00fchmale.<\/p>\n\n\n\n<p>Mitmuse vormi t\u00e4psustamiseks v\u00f5ite kas korrata nimis\u00f5na (nt &#8220;anak-anak&#8221;, kui tegemist on &#8220;lastega&#8221;) v\u00f5i kasutada koguselist terminit nagu &#8220;banyak&#8221; (palju) v\u00f5i &#8220;beberapa&#8221; (m\u00f5ned). See on k\u00f5ik! Kas see ei olegi v\u00e4rsket \u00f5hku v\u00f5rreldes teiste keeltega?<\/p>\n\n\n\n<h3 class=\"wp-block-heading\" id=\"h-2-pronouns-staying-humble-and-respectful\">2. Ases\u00f5nad: alandlikuks ja lugupidavaks j\u00e4\u00e4mine<\/h3>\n\n\n\n<p>Indoneesia grammatikas kasutatakse erinevaid ases\u00f5nu, mis p\u00f5hinevad erineval formaalsuse tasemel. Sobiva ases\u00f5na kasutamine kellegi <a href=\"https:\/\/talkpal.ai\/locations\/learn-english-in-poole\/\">poole<\/a> p\u00f6\u00f6rdumisel on oluline austuse ja alandlikkuse n\u00e4itamiseks. N\u00e4iteks &#8220;aku&#8221; (mina\/mina) on juhuslik ja intiimne, &#8220;saya&#8221; on viisakas ja neutraalne ning &#8220;saya&#8221; on ametlik ja tagasihoidlik. Samamoodi on &#8220;kamu&#8221; (sina) mitteametlik, &#8220;Anda&#8221; on viisakas ja &#8220;Bapak\/Ibu&#8221; (h\u00e4rra\/naine) on reserveeritud v\u00e4ga formaalsete olukordade jaoks.<\/p>\n\n\n\n<p>Pidage meeles, et uutes v\u00f5i ebakindlates olukordades on alati hea viisakus olla viisakas.<\/p>\n\n\n\n<h3 class=\"wp-block-heading\" id=\"h-3-verbs-no-conjugations-but-prefixes-and-suffixes-galore\">3. Tegus\u00f5nad: konjugatsioone pole, kuid ees- ja j\u00e4relliited galore!<\/h3>\n\n\n\n<p>Indoneesia verbid j\u00e4\u00e4vad muutumatuks, olenemata pingest, meeleolust v\u00f5i teemast, muutes need palju lihtsamaks kui verbid paljudes teistes keeltes. Siiski tuleb teil \u00f5ppida kasutama ees- ja j\u00e4relliiteid, et muuta verbi t\u00e4hendust.<\/p>\n\n\n\n<p>M\u00f5ned tavalised eesliited on &#8220;me-&#8221; (aktiivverbid), &#8220;di-&#8221; (passiivverbid) ja &#8220;ber-&#8221; (statiivi verbid). Tavalised sufiksid on &#8220;-kan&#8221; (p\u00f5hjuslik verbi) ja &#8220;-i&#8221; (transitiivne verbi). N\u00e4iteks &#8220;makan&#8221; t\u00e4hendab &#8220;s\u00fc\u00fca&#8221;, &#8220;memakan&#8221; t\u00e4hendab &#8220;tarbida&#8221; ja &#8220;dimakan&#8221; t\u00e4hendab &#8220;s\u00fc\u00fca&#8221;.<\/p>\n\n\n\n<h3 class=\"wp-block-heading\" id=\"h-4-word-order-subject-verb-object-simplicity\">4. S\u00f5nade j\u00e4rjekord: subjekt-verb-objekt lihtsus!<\/h3>\n\n\n\n<p>Indoneesia keele grammatika j\u00e4rgib lihtsat teema-verbi-objekti (SVO) s\u00f5nade j\u00e4rjekorda, mis sarnaneb <a href=\"https:\/\/talkpal.ai\/learn-english\/\">inglise<\/a> keelega. See muudab lauseehituse ja arusaamise inglise keelt k\u00f5nelevatele inimestele palju lihtsamaks. N\u00e4iteks &#8220;Saya memakan pisang&#8221; t\u00e4hendab otse &#8220;ma (subjekt) s\u00f6\u00f6n (verb) banaani (objekt)&#8221;.<\/p>\n\n\n\n<h3 class=\"wp-block-heading\" id=\"h-5-immerse-yourself-in-indonesian-practice-makes-perfect\">5. Sukelduge indoneesia keelde: harjutamine teeb t\u00e4iuslikuks<\/h3>\n\n\n\n<p>Indoneesia grammatika ilu seisneb selle lihtsuses ja ligip\u00e4\u00e4setavuses. Regulaarne harjutamine lugemise, kirjutamise, kuulamise ja r\u00e4\u00e4kimise kaudu aitab teil keelt ja selle grammatikat omandada. V\u00f5tke vastu v\u00e4ljakutsed, vallutage keerukused ja avage indoneesia keele t\u00f5eline v\u00f5lu.<\/p>\n\n\n\n<p>Niisiis, kas olete valmis s\u00fcvenema Indoneesia grammatika imedesse? L\u00e4henege sellele enesekindlalt ja uudishimulikult ning p\u00fchendumuse ja p\u00f5nevusega v\u00f5ite peagi saada k\u00f5nekaks Indoneesia k\u00f5nelejaks. Selamat belajar! (Head \u00f5ppimist!)<\/p>\n<\/div><\/div>\n\r\n<section class=\"learnNavigationSection\">\r\n            \r\n        <a href=\"https:\/\/talkpal.ai\/et\/opi-indoneesia-keel\/\">\r\n            <div class=\"learnNavigationWrapper\">\r\n                <div class=\"learnNavigationContent\">\r\n                    <img decoding=\"async\" src=\"https:\/\/talkpal.ai\/wp-content\/uploads\/2024\/08\/Indonesian.jpg\" alt=\"Indonesian Flag\">\r\n                    <div>\r\n                        <h4>Indoneesia \u00f5ppimise kohta<\/h4>\r\n                        <p>Uuri k\u00f5ike Indoneesia grammatika kohta.<\/p>\r\n                    <\/div>\r\n                <\/div>\r\n            <\/div>\r\n        <\/a>\r\n\r\n        \r\n        <a href=\"https:\/\/talkpal.ai\/et\/indoneesia-grammatika-harjutused\/\">\r\n            <div class=\"learnNavigationWrapper\">\r\n                <div class=\"learnNavigationContent\">\r\n                    <img decoding=\"async\" src=\"https:\/\/talkpal.ai\/wp-content\/uploads\/2024\/08\/Indonesian.jpg\" alt=\"Indonesian Flag\">\r\n                    <div>\r\n                        <h4>Indoneesia keele grammatika harjutus<\/h4>\r\n                        <p>Harjutage indoneesia grammatikat.<\/p>\r\n                    <\/div>\r\n                <\/div>\r\n            <\/div>\r\n        <\/a>\r\n\r\n        \r\n        <a href=\"https:\/\/talkpal.ai\/vocabulary_language\/indonesian\/\">\r\n            <div class=\"learnNavigationWrapper\">\r\n                <div class=\"learnNavigationContent\">\r\n                    <img decoding=\"async\" src=\"https:\/\/talkpal.ai\/wp-content\/uploads\/2024\/08\/Indonesian.jpg\" alt=\"Indonesian Flag\">\r\n                    <div>\r\n                        <h4>Indoneesia keele s\u00f5navara<\/h4>\r\n                        <p>Laiendage oma indoneesia keele s\u00f5navara.<\/p>\r\n                    <\/div>\r\n                <\/div>\r\n            <\/div>\r\n        <\/a>\r\n\r\n            <\/section>","protected":false},"excerpt":{"rendered":"<p>Indoneesia grammatika imed: juhend keele\u00f5ppijatele Indoneesia keele grammatika &#8211; lihtne, kuid elegantne, k\u00fclalislahke, kuid kaasahaarav, k\u00e4ttesaadav, kuid kaasahaarav. Kui alustate oma teekonda indoneesia keele \u00f5ppimiseks, v\u00f5ite olla kindel, et selle grammatika omaksv\u00f5tmine on nauditav kogemus. Selle artikli eesm\u00e4rk on pakkuda teile arusaamist Indoneesia grammatika p\u00f5hiaspektidest ja aidata teil omaks v\u00f5tta selle Kagu-Aasia keele ilu. S\u00fcveneme [&hellip;]<\/p>\n","protected":false},"author":1,"featured_media":113981,"parent":0,"menu_order":0,"comment_status":"closed","ping_status":"closed","template":"LearningContentPage.php","meta":{"_acf_changed":false,"footnotes":""},"class_list":["post-145119","page","type-page","status-publish","has-post-thumbnail","hentry"],"acf":[],"yoast_head":"<!-- This site is optimized with the Yoast SEO Premium plugin v27.2 (Yoast SEO v27.2) - https:\/\/yoast.com\/product\/yoast-seo-premium-wordpress\/ -->\n<title>Indoneesia grammatika - Talkpal<\/title>\n<meta name=\"description\" content=\"\u00d5ppige indoneesia keele grammatika vaevata \u00e4ra Talkpal&#039;s AI keele\u00f5pperakendusega. Suhtle enesekindlalt, kasutades Talkpaltehisintellektip\u00f5hist juhendamist.\" \/>\n<meta name=\"robots\" content=\"index, follow, max-snippet:-1, max-image-preview:large, max-video-preview:-1\" \/>\n<link rel=\"canonical\" href=\"https:\/\/talkpal.ai\/et\/indoneesia-grammatika\/\" \/>\n<meta property=\"og:locale\" content=\"et_EE\" \/>\n<meta property=\"og:type\" content=\"article\" \/>\n<meta property=\"og:title\" content=\"Indoneesia grammatika\" \/>\n<meta property=\"og:description\" content=\"Indoneesia grammatika imed: juhend keele\u00f5ppijatele Indoneesia keele grammatika - lihtne, kuid elegantne, k\u00fclalislahke, kuid kaasahaarav, k\u00e4ttesaadav, kuid\" \/>\n<meta property=\"og:url\" content=\"https:\/\/talkpal.ai\/et\/indoneesia-grammatika\/\" \/>\n<meta property=\"og:site_name\" content=\"Talkpal\" \/>\n<meta property=\"article:publisher\" content=\"https:\/\/www.facebook.com\/profile.php?id=100090733639311\" \/>\n<meta property=\"article:modified_time\" content=\"2025-12-13T15:43:54+00:00\" \/>\n<meta property=\"og:image\" content=\"https:\/\/talkpal.ai\/wp-content\/uploads\/2023\/05\/indonesia.png\" \/>\n\t<meta property=\"og:image:width\" content=\"512\" \/>\n\t<meta property=\"og:image:height\" content=\"512\" \/>\n\t<meta property=\"og:image:type\" content=\"image\/png\" \/>\n<meta name=\"twitter:card\" content=\"summary_large_image\" \/>\n<meta name=\"twitter:site\" content=\"@talkpalai\" \/>\n<meta name=\"twitter:label1\" content=\"Est. reading time\" \/>\n\t<meta name=\"twitter:data1\" content=\"2 minutit\" \/>\n<script type=\"application\/ld+json\" class=\"yoast-schema-graph\">{\"@context\":\"https:\/\/schema.org\",\"@graph\":[{\"@type\":\"WebPage\",\"@id\":\"https:\/\/talkpal.ai\/et\/indoneesia-grammatika\/\",\"url\":\"https:\/\/talkpal.ai\/et\/indoneesia-grammatika\/\",\"name\":\"Indoneesia grammatika - Talkpal\",\"isPartOf\":{\"@id\":\"https:\/\/talkpal.ai\/et\/#website\"},\"primaryImageOfPage\":{\"@id\":\"https:\/\/talkpal.ai\/et\/indoneesia-grammatika\/#primaryimage\"},\"image\":{\"@id\":\"https:\/\/talkpal.ai\/et\/indoneesia-grammatika\/#primaryimage\"},\"thumbnailUrl\":\"https:\/\/talkpal.ai\/wp-content\/uploads\/2023\/05\/indonesia.png\",\"datePublished\":\"2023-05-14T14:09:29+00:00\",\"dateModified\":\"2025-12-13T15:43:54+00:00\",\"description\":\"\u00d5ppige indoneesia keele grammatika vaevata \u00e4ra Talkpal's AI keele\u00f5pperakendusega. Suhtle enesekindlalt, kasutades Talkpaltehisintellektip\u00f5hist juhendamist.\",\"breadcrumb\":{\"@id\":\"https:\/\/talkpal.ai\/et\/indoneesia-grammatika\/#breadcrumb\"},\"inLanguage\":\"et\",\"potentialAction\":[{\"@type\":\"ReadAction\",\"target\":[\"https:\/\/talkpal.ai\/et\/indoneesia-grammatika\/\"]}]},{\"@type\":\"ImageObject\",\"inLanguage\":\"et\",\"@id\":\"https:\/\/talkpal.ai\/et\/indoneesia-grammatika\/#primaryimage\",\"url\":\"https:\/\/talkpal.ai\/wp-content\/uploads\/2023\/05\/indonesia.png\",\"contentUrl\":\"https:\/\/talkpal.ai\/wp-content\/uploads\/2023\/05\/indonesia.png\",\"width\":512,\"height\":512},{\"@type\":\"BreadcrumbList\",\"@id\":\"https:\/\/talkpal.ai\/et\/indoneesia-grammatika\/#breadcrumb\",\"itemListElement\":[{\"@type\":\"ListItem\",\"position\":1,\"name\":\"Homepage\",\"item\":\"https:\/\/talkpal.ai\/et\/\"},{\"@type\":\"ListItem\",\"position\":2,\"name\":\"Indoneesia grammatika\"}]},{\"@type\":\"WebSite\",\"@id\":\"https:\/\/talkpal.ai\/et\/#website\",\"url\":\"https:\/\/talkpal.ai\/et\/\",\"name\":\"Talkpal\",\"description\":\"AI Language Learning\",\"publisher\":{\"@id\":\"https:\/\/talkpal.ai\/et\/#organization\"},\"alternateName\":\"Talkpal AI\",\"potentialAction\":[{\"@type\":\"SearchAction\",\"target\":{\"@type\":\"EntryPoint\",\"urlTemplate\":\"https:\/\/talkpal.ai\/et\/?s={search_term_string}\"},\"query-input\":{\"@type\":\"PropertyValueSpecification\",\"valueRequired\":true,\"valueName\":\"search_term_string\"}}],\"inLanguage\":\"et\"},{\"@type\":\"Organization\",\"@id\":\"https:\/\/talkpal.ai\/et\/#organization\",\"name\":\"Talkpal, Inc.\",\"alternateName\":\"Talkpal AI\",\"url\":\"https:\/\/talkpal.ai\/et\/\",\"logo\":{\"@type\":\"ImageObject\",\"inLanguage\":\"et\",\"@id\":\"https:\/\/talkpal.ai\/et\/#\/schema\/logo\/image\/\",\"url\":\"https:\/\/talkpal.ai\/wp-content\/uploads\/2024\/03\/Talkpal-Logo-Icon.png\",\"contentUrl\":\"https:\/\/talkpal.ai\/wp-content\/uploads\/2024\/03\/Talkpal-Logo-Icon.png\",\"width\":2880,\"height\":2880,\"caption\":\"Talkpal, Inc.\"},\"image\":{\"@id\":\"https:\/\/talkpal.ai\/et\/#\/schema\/logo\/image\/\"},\"sameAs\":[\"https:\/\/www.facebook.com\/profile.php?id=100090733639311\",\"https:\/\/x.com\/talkpalai\",\"https:\/\/www.linkedin.com\/company\/talkpal\/\",\"https:\/\/www.youtube.com\/@TalkPal\/\",\"https:\/\/www.tiktok.com\/@talkpal\",\"https:\/\/www.instagram.com\/talkpal_ai\/\",\"https:\/\/www.crunchbase.com\/organization\/talkpal-9cde\",\"https:\/\/www.g2.com\/products\/talkpal-for-business\/\",\"https:\/\/www.trustpilot.com\/review\/talkpal.ai\",\"https:\/\/www.capterra.com\/p\/10006800\/TalkPal\/\"],\"description\":\"Talkpal is a language learning web and mobile education app, powered by the latest AI technologies, that provides engaging experiences to its customers in many different languages to help them improve their language skills. Users can chat about unlimited amount of topics with the app and use other modes to practice their language learning.\",\"email\":\"support@talkpal.ai\",\"legalName\":\"Talkpal, Inc.\",\"foundingDate\":\"2023-04-03\",\"duns\":\"118989042\",\"numberOfEmployees\":{\"@type\":\"QuantitativeValue\",\"minValue\":\"11\",\"maxValue\":\"50\"},\"publishingPrinciples\":\"https:\/\/talkpal.ai\/publishing-principles\/\",\"actionableFeedbackPolicy\":\"https:\/\/talkpal.ai\/actionable-feedback-policy\/\",\"correctionsPolicy\":\"https:\/\/talkpal.ai\/corrections-policy\/\",\"ethicsPolicy\":\"https:\/\/talkpal.ai\/ethics-policy\/\",\"diversityPolicy\":\"https:\/\/talkpal.ai\/diversity-policy\/\",\"diversityStaffingReport\":\"https:\/\/talkpal.ai\/diversity-policy\/\"}]}<\/script>\n<!-- \/ Yoast SEO Premium plugin. -->","yoast_head_json":{"title":"Indoneesia grammatika - Talkpal","description":"\u00d5ppige indoneesia keele grammatika vaevata \u00e4ra Talkpal's AI keele\u00f5pperakendusega. Suhtle enesekindlalt, kasutades Talkpaltehisintellektip\u00f5hist juhendamist.","robots":{"index":"index","follow":"follow","max-snippet":"max-snippet:-1","max-image-preview":"max-image-preview:large","max-video-preview":"max-video-preview:-1"},"canonical":"https:\/\/talkpal.ai\/et\/indoneesia-grammatika\/","og_locale":"et_EE","og_type":"article","og_title":"Indoneesia grammatika","og_description":"Indoneesia grammatika imed: juhend keele\u00f5ppijatele Indoneesia keele grammatika - lihtne, kuid elegantne, k\u00fclalislahke, kuid kaasahaarav, k\u00e4ttesaadav, kuid","og_url":"https:\/\/talkpal.ai\/et\/indoneesia-grammatika\/","og_site_name":"Talkpal","article_publisher":"https:\/\/www.facebook.com\/profile.php?id=100090733639311","article_modified_time":"2025-12-13T15:43:54+00:00","og_image":[{"width":512,"height":512,"url":"https:\/\/talkpal.ai\/wp-content\/uploads\/2023\/05\/indonesia.png","type":"image\/png"}],"twitter_card":"summary_large_image","twitter_site":"@talkpalai","twitter_misc":{"Est. reading time":"2 minutit"},"schema":{"@context":"https:\/\/schema.org","@graph":[{"@type":"WebPage","@id":"https:\/\/talkpal.ai\/et\/indoneesia-grammatika\/","url":"https:\/\/talkpal.ai\/et\/indoneesia-grammatika\/","name":"Indoneesia grammatika - Talkpal","isPartOf":{"@id":"https:\/\/talkpal.ai\/et\/#website"},"primaryImageOfPage":{"@id":"https:\/\/talkpal.ai\/et\/indoneesia-grammatika\/#primaryimage"},"image":{"@id":"https:\/\/talkpal.ai\/et\/indoneesia-grammatika\/#primaryimage"},"thumbnailUrl":"https:\/\/talkpal.ai\/wp-content\/uploads\/2023\/05\/indonesia.png","datePublished":"2023-05-14T14:09:29+00:00","dateModified":"2025-12-13T15:43:54+00:00","description":"\u00d5ppige indoneesia keele grammatika vaevata \u00e4ra Talkpal's AI keele\u00f5pperakendusega. Suhtle enesekindlalt, kasutades Talkpaltehisintellektip\u00f5hist juhendamist.","breadcrumb":{"@id":"https:\/\/talkpal.ai\/et\/indoneesia-grammatika\/#breadcrumb"},"inLanguage":"et","potentialAction":[{"@type":"ReadAction","target":["https:\/\/talkpal.ai\/et\/indoneesia-grammatika\/"]}]},{"@type":"ImageObject","inLanguage":"et","@id":"https:\/\/talkpal.ai\/et\/indoneesia-grammatika\/#primaryimage","url":"https:\/\/talkpal.ai\/wp-content\/uploads\/2023\/05\/indonesia.png","contentUrl":"https:\/\/talkpal.ai\/wp-content\/uploads\/2023\/05\/indonesia.png","width":512,"height":512},{"@type":"BreadcrumbList","@id":"https:\/\/talkpal.ai\/et\/indoneesia-grammatika\/#breadcrumb","itemListElement":[{"@type":"ListItem","position":1,"name":"Homepage","item":"https:\/\/talkpal.ai\/et\/"},{"@type":"ListItem","position":2,"name":"Indoneesia grammatika"}]},{"@type":"WebSite","@id":"https:\/\/talkpal.ai\/et\/#website","url":"https:\/\/talkpal.ai\/et\/","name":"Talkpal","description":"AI Language Learning","publisher":{"@id":"https:\/\/talkpal.ai\/et\/#organization"},"alternateName":"Talkpal AI","potentialAction":[{"@type":"SearchAction","target":{"@type":"EntryPoint","urlTemplate":"https:\/\/talkpal.ai\/et\/?s={search_term_string}"},"query-input":{"@type":"PropertyValueSpecification","valueRequired":true,"valueName":"search_term_string"}}],"inLanguage":"et"},{"@type":"Organization","@id":"https:\/\/talkpal.ai\/et\/#organization","name":"Talkpal, Inc.","alternateName":"Talkpal AI","url":"https:\/\/talkpal.ai\/et\/","logo":{"@type":"ImageObject","inLanguage":"et","@id":"https:\/\/talkpal.ai\/et\/#\/schema\/logo\/image\/","url":"https:\/\/talkpal.ai\/wp-content\/uploads\/2024\/03\/Talkpal-Logo-Icon.png","contentUrl":"https:\/\/talkpal.ai\/wp-content\/uploads\/2024\/03\/Talkpal-Logo-Icon.png","width":2880,"height":2880,"caption":"Talkpal, Inc."},"image":{"@id":"https:\/\/talkpal.ai\/et\/#\/schema\/logo\/image\/"},"sameAs":["https:\/\/www.facebook.com\/profile.php?id=100090733639311","https:\/\/x.com\/talkpalai","https:\/\/www.linkedin.com\/company\/talkpal\/","https:\/\/www.youtube.com\/@TalkPal\/","https:\/\/www.tiktok.com\/@talkpal","https:\/\/www.instagram.com\/talkpal_ai\/","https:\/\/www.crunchbase.com\/organization\/talkpal-9cde","https:\/\/www.g2.com\/products\/talkpal-for-business\/","https:\/\/www.trustpilot.com\/review\/talkpal.ai","https:\/\/www.capterra.com\/p\/10006800\/TalkPal\/"],"description":"Talkpal is a language learning web and mobile education app, powered by the latest AI technologies, that provides engaging experiences to its customers in many different languages to help them improve their language skills. Users can chat about unlimited amount of topics with the app and use other modes to practice their language learning.","email":"support@talkpal.ai","legalName":"Talkpal, Inc.","foundingDate":"2023-04-03","duns":"118989042","numberOfEmployees":{"@type":"QuantitativeValue","minValue":"11","maxValue":"50"},"publishingPrinciples":"https:\/\/talkpal.ai\/publishing-principles\/","actionableFeedbackPolicy":"https:\/\/talkpal.ai\/actionable-feedback-policy\/","correctionsPolicy":"https:\/\/talkpal.ai\/corrections-policy\/","ethicsPolicy":"https:\/\/talkpal.ai\/ethics-policy\/","diversityPolicy":"https:\/\/talkpal.ai\/diversity-policy\/","diversityStaffingReport":"https:\/\/talkpal.ai\/diversity-policy\/"}]}},"_links":{"self":[{"href":"https:\/\/talkpal.ai\/et\/wp-json\/wp\/v2\/pages\/145119","targetHints":{"allow":["GET"]}}],"collection":[{"href":"https:\/\/talkpal.ai\/et\/wp-json\/wp\/v2\/pages"}],"about":[{"href":"https:\/\/talkpal.ai\/et\/wp-json\/wp\/v2\/types\/page"}],"author":[{"embeddable":true,"href":"https:\/\/talkpal.ai\/et\/wp-json\/wp\/v2\/users\/1"}],"replies":[{"embeddable":true,"href":"https:\/\/talkpal.ai\/et\/wp-json\/wp\/v2\/comments?post=145119"}],"version-history":[{"count":0,"href":"https:\/\/talkpal.ai\/et\/wp-json\/wp\/v2\/pages\/145119\/revisions"}],"wp:featuredmedia":[{"embeddable":true,"href":"https:\/\/talkpal.ai\/et\/wp-json\/wp\/v2\/media\/113981"}],"wp:attachment":[{"href":"https:\/\/talkpal.ai\/et\/wp-json\/wp\/v2\/media?parent=145119"}],"curies":[{"name":"wp","href":"https:\/\/api.w.org\/{rel}","templated":true}]}}