{"id":144820,"date":"2023-05-14T14:09:11","date_gmt":"2023-05-14T14:09:11","guid":{"rendered":"http:\/\/talkpal.ai\/islandi-keele-grammatika\/"},"modified":"2025-12-12T10:40:49","modified_gmt":"2025-12-12T10:40:49","slug":"islandi-keele-grammatika","status":"publish","type":"page","link":"https:\/\/talkpal.ai\/et\/islandi-keele-grammatika\/","title":{"rendered":"Islandi keele grammatika"},"content":{"rendered":"\r\n\r\n\r\n<section class=\"languageChallengeSection\">\r\n    <div class=\"languageInfoWrapper\">\r\n        \r\n        <h1>Islandi keele grammatika<\/h1>\r\n        <p>Avastage <a href=\"https:\/\/talkpal.ai\/learn-icelandic\/\">islandi<\/a> keele p\u00f5nevat struktuuri, \u00f5ppides selle p\u00f5hilisi grammatikareegleid. <a href=\"https:\/\/talkpal.ai\/learn-icelandic\/\">Islandi<\/a> keele <a href=\"https:\/\/talkpal.ai\/greek-grammar\/\">grammatika<\/a> valdamine aitab teil t\u00f5husalt suhelda ja luua s\u00fcgavamaid sidemeid Islandi ainulaadse kultuuri ja ajalooga. Alusta islandi keele grammatika \u00f5ppimist juba t\u00e4na ja astu esimene samm sujuva keeleoskuse suunas!<\/p>\r\n\r\n                            <a class=\"getStartedHidden\" href=\"https:\/\/app.talkpal.ai\/et\/signup?lng=\">Alusta<\/a>\r\n        \r\n    <\/div>\r\n\r\n    <figure>\r\n    <img decoding=\"async\" width=\"768\" height=\"768\" src=\"https:\/\/talkpal.ai\/wp-content\/uploads\/2023\/06\/Icelandic-768x768.png\" class=\"languageImage no-lazy\" alt=\"Language learning for better job opportunities\" fetchpriority=\"high\" sizes=\"(max-width: 768px) 150px, 768px\" srcset=\"https:\/\/talkpal.ai\/wp-content\/uploads\/2023\/06\/Icelandic-768x768.png 768w, https:\/\/talkpal.ai\/wp-content\/uploads\/2023\/06\/Icelandic-300x300.png 300w\" \/>\r\n    \r\n\r\n    <\/figure>\r\n\r\n            <a class=\"getStartedVisible\" href=\"https:\/\/app.talkpal.ai\/et\/signup?lng=\">Alusta<\/a>\r\n    \r\n<\/section>\r\n<section class=\"promotionalBanner\">\r\n    <p class=\"promotionalText\">K\u00f5ige t\u00f5husam viis keele \u00f5ppimiseks<\/p>\r\n    <a class=\"promotionalLink\" href=\"https:\/\/app.talkpal.ai\/et\/signup?lng=\">Proovige Talkpal tasuta<\/a>\r\n<\/section>\n<div class=\"wp-block-group pageContainerStyle\"><div class=\"wp-block-group__inner-container is-layout-constrained wp-block-group-is-layout-constrained\">\n<h2 class=\"wp-block-heading\" id=\"h-the-magic-of-icelandic-grammar-unlocking-the-secrets-of-the-viking-tongue\">Islandi grammatika maagia: viikingikeele saladuste avamine<\/h2>\n\n\n\n<h3 class=\"wp-block-heading\" id=\"h-introduction-icelandic-the-land-of-fire-and-ice\">Sissejuhatus: Island, tule ja j\u00e4\u00e4 maa<\/h3>\n\n\n\n<p><a href=\"https:\/\/talkpal.ai\/et\/opi-islandi-keel\/\">Islandi keel<\/a>, mida r\u00e4\u00e4givad vapustava Islandi saareriigi inimesed, on tuntud oma rikkaliku ajaloo, k\u00fctkestava poeetilise traditsiooni ning erakordse v\u00f5ime poolest kohaneda ja areneda ajaga. Vanap\u00f5hja keelest p\u00e4rit islandi keelel on eriline v\u00f5lu, mis k\u00f6idab keeles\u00f5pru ja p\u00fcrgivaid pol\u00fcglotte. Niisiis, kinnitage oma turvav\u00f6\u00f6d, inimesed! N\u00fc\u00fcd sukeldume <a href=\"https:\/\/talkpal.ai\/icelandic-grammar\/\">Islandi grammatika<\/a> kaunisse ja keerulisse maailma, avame selle saladusi ja avastame selle peidetud aardeid.<\/p>\n\n\n\n<h3 class=\"wp-block-heading\" id=\"h-1-runic-scripts-to-latin-alphabet-a-story-of-transformation\">1. Ruuniskriptid ladina t\u00e4hestikku: \u00fcmberkujundamise lugu<\/h3>\n\n\n\n<p>Islandi t\u00e4hestik on omaette seiklus, mis koosneb 32 t\u00e4hem\u00e4rgist, mis p\u00e4rinevad erinevatest ajaloolistest juurtest. Kuigi see p\u00f5hineb peamiselt ladina kirjaviisil, on t\u00e4hestikus s\u00e4ilinud m\u00f5ned erip\u00e4rased t\u00e4hem\u00e4rgid, mis p\u00e4rinevad tema iidsete p\u00f5hjamaiste esivanemate riimkirja kirjast. Nende t\u00e4hem\u00e4rkide omandamine on esimene takistus keele \u00f5ppimisel, kuid harjutades saad neist peagi meistriks!<\/p>\n\n\n\n<h3 class=\"wp-block-heading\" id=\"h-2-noun-mastery-getting-to-the-roots-of-icelandic-grammar\">2. Nimis\u00f5na meisterlikkus: islandi keele grammatika juurteni j\u00f5udmine<\/h3>\n\n\n\n<p>Islandi grammatika \u00fcks p\u00f5hijooni on nimis\u00f5nade k\u00e4\u00e4namine soo, arvu ja juhtumi j\u00e4rgi. Islandi nimis\u00f5nad v\u00f5ivad olla naiselikud, mehelikud v\u00f5i kastreeritud ning igal sugupoolel on oma ainulaadne reeglite kogum. Kuigi see v\u00f5ib tunduda keelelise teerullis\u00f5iduna, on nende keerukuste m\u00f5istmine keele kui terviku m\u00f5istmiseks h\u00e4davajalik. Saadud teadmised avavad teile terve maailma v\u00f5imalusi mitmesuguste peente ja keeruliste t\u00e4henduste v\u00e4ljendamiseks &#8211; see on islandi keele grammatika t\u00f5eline hiilgus!<\/p>\n\n\n\n<h3 class=\"wp-block-heading\" id=\"h-3-the-mighty-verb-icelandic-s-unsung-hero\">3. V\u00f5imas verb: islandi laulmatu kangelane<\/h3>\n\n\n\n<p>Sarnaselt nimis\u00f5nadele l\u00e4bivad ka islandi verbid ulatusliku muutuse s\u00f5ltuvalt ajavormist, meeleolust ning subjekti isikust ja numbrist. See keeruline s\u00fcsteem v\u00f5ib alguses olla hirmutav, kuid kannatage minuga! Kui \u00f5pite \u00e4ra korrap\u00e4rased mustrid ja ebaregulaarsed veidrused, hakkate n\u00e4gema, kui elegantne ja mitmek\u00fclgne islandi keele verbide konjugatsioon v\u00f5ib olla. Islandi verbide vallutamine avab v\u00f5ime v\u00e4ljendada m\u00f5tteid, tundeid ja tegevusi t\u00e4pselt ja loovalt.<\/p>\n\n\n\n<h3 class=\"wp-block-heading\" id=\"h-4-word-order-icelandic-s-flexible-backbone\">4. S\u00f5nade j\u00e4rjekord: Islandi keele paindlik selgroog<\/h3>\n\n\n\n<p>Vastupidiselt islandi grammatika m\u00f5nede elementide j\u00e4ikusele pakub keel paindlikkust s\u00f5nade j\u00e4rjestamisel. See t\u00e4hendab, et v\u00f5ite panna subjekti, verbi ja objekti erinevatesse asetustesse, kui te s\u00e4ilitate soo, arvu, kohaarvu ja muud kokkulepped &#8211; vallandate endas kunstniku! Lausete kohandamine sellisel m\u00e4ngulisel viisil v\u00f5ib aidata luua r\u00f5hku, n\u00fcansse ja vestluslikku tooni, muutes teie k\u00f5ne kaasahaaravamaks ja nauditavamaks.<\/p>\n\n\n\n<h3 class=\"wp-block-heading\" id=\"h-5-embrace-the-culture-discover-the-pulse-of-the-icelandic-language\">5. V\u00f5tke omaks kultuur: avastage islandi keele pulss<\/h3>\n\n\n\n<p>Islandi keelt ei saa lahutada selle kultuurilistest juurtest, mis on tugevalt seotud saagade, Eddade ning rahva ainulaadse ajaloo ja maailmavaatega. Et t\u00f5eliselt keelde sukelduda, v\u00f5tke selle kontekst kogu s\u00fcdamest omaks. Sukelduge selle folkloori, s\u00f6\u00f6ge selle kirjanduslikke aardeid ja suhelge emakeelena k\u00f5nelejatega. See l\u00e4henemisviis on v\u00f5tmet\u00e4htsusega, et saavutada nii keeleoskus kui ka s\u00fcgavam side Islandi rahva ja nende rikkaliku kultuurip\u00e4randiga.<\/p>\n\n\n\n<h3 class=\"wp-block-heading\" id=\"h-conclusion-an-icelandic-grammar-journey-worth-taking\">J\u00e4reldus: Islandi keele grammatika teekond, mida tasub ette v\u00f5tta<\/h3>\n\n\n\n<p>Kuigi islandi keele grammatika v\u00f5ib tunduda hirmu\u00e4ratava v\u00e4ljakutsena, on h\u00fcved rikkalikud neile, kes sukelduvad. P\u00fcsivus, suur huvi kultuuri vastu ja rohkelt uudishimu aitavad teil Islandi keele keerdk\u00e4ikudest vaimustuda. Niisiis, liituge meiega selles seikluses ja avastage islandi grammatika maagia, \u00fcks p\u00f5nev samm korraga.<\/p>\n<\/div><\/div>\n\r\n<section class=\"learnNavigationSection\">\r\n            \r\n        <a href=\"https:\/\/talkpal.ai\/et\/opi-islandi-keel\/\">\r\n            <div class=\"learnNavigationWrapper\">\r\n                <div class=\"learnNavigationContent\">\r\n                    <img decoding=\"async\" src=\"https:\/\/talkpal.ai\/wp-content\/uploads\/2024\/08\/Icelandic.jpg\" alt=\"Iceland Flag\">\r\n                    <div>\r\n                        <h4>Islandi \u00f5ppimise kohta<\/h4>\r\n                        <p>Uuri k\u00f5ike islandi keele grammatika kohta.<\/p>\r\n                    <\/div>\r\n                <\/div>\r\n            <\/div>\r\n        <\/a>\r\n\r\n        \r\n        <a href=\"https:\/\/talkpal.ai\/et\/islandi-keele-grammatika-harjutused\/\">\r\n            <div class=\"learnNavigationWrapper\">\r\n                <div class=\"learnNavigationContent\">\r\n                    <img decoding=\"async\" src=\"https:\/\/talkpal.ai\/wp-content\/uploads\/2024\/08\/Icelandic.jpg\" alt=\"Iceland Flag\">\r\n                    <div>\r\n                        <h4>Islandi keele grammatika harjutus<\/h4>\r\n                        <p>Harjutage islandi grammatikat.<\/p>\r\n                    <\/div>\r\n                <\/div>\r\n            <\/div>\r\n        <\/a>\r\n\r\n        \r\n        <a href=\"https:\/\/talkpal.ai\/vocabulary_language\/icelandic\/\">\r\n            <div class=\"learnNavigationWrapper\">\r\n                <div class=\"learnNavigationContent\">\r\n                    <img decoding=\"async\" src=\"https:\/\/talkpal.ai\/wp-content\/uploads\/2024\/08\/Icelandic.jpg\" alt=\"Iceland Flag\">\r\n                    <div>\r\n                        <h4>Islandi keele s\u00f5navara<\/h4>\r\n                        <p>Laiendage oma islandi keele s\u00f5navara.<\/p>\r\n                    <\/div>\r\n                <\/div>\r\n            <\/div>\r\n        <\/a>\r\n\r\n            <\/section>","protected":false},"excerpt":{"rendered":"<p>Islandi grammatika maagia: viikingikeele saladuste avamine Sissejuhatus: Island, tule ja j\u00e4\u00e4 maa Islandi keel, mida r\u00e4\u00e4givad vapustava Islandi saareriigi inimesed, on tuntud oma rikkaliku ajaloo, k\u00fctkestava poeetilise traditsiooni ning erakordse v\u00f5ime poolest kohaneda ja areneda ajaga. Vanap\u00f5hja keelest p\u00e4rit islandi keelel on eriline v\u00f5lu, mis k\u00f6idab keeles\u00f5pru ja p\u00fcrgivaid pol\u00fcglotte. Niisiis, kinnitage oma turvav\u00f6\u00f6d, inimesed! [&hellip;]<\/p>\n","protected":false},"author":1,"featured_media":113472,"parent":0,"menu_order":0,"comment_status":"closed","ping_status":"closed","template":"LearningContentPage.php","meta":{"_acf_changed":false,"footnotes":""},"class_list":["post-144820","page","type-page","status-publish","has-post-thumbnail","hentry"],"acf":[],"yoast_head":"<!-- This site is optimized with the Yoast SEO Premium plugin v27.2 (Yoast SEO v27.2) - https:\/\/yoast.com\/product\/yoast-seo-premium-wordpress\/ -->\n<title>Islandi keele grammatika - Talkpal<\/title>\n<meta name=\"description\" content=\"\u00d5ppige islandi keele grammatika selgeks - m\u00f5istke peamisi grammatikareegleid, moodustage \u00f5igeid lauseid ja suurendage enesekindlust kiiresti, kasutades TalkpalAI \u00f5ppetunde.\" \/>\n<meta name=\"robots\" content=\"index, follow, max-snippet:-1, max-image-preview:large, max-video-preview:-1\" \/>\n<link rel=\"canonical\" href=\"https:\/\/talkpal.ai\/et\/islandi-keele-grammatika\/\" \/>\n<meta property=\"og:locale\" content=\"et_EE\" \/>\n<meta property=\"og:type\" content=\"article\" \/>\n<meta property=\"og:title\" content=\"Islandi keele grammatika\" \/>\n<meta property=\"og:description\" content=\"Islandi grammatika maagia: viikingikeele saladuste avamine Sissejuhatus: Island, tule ja j\u00e4\u00e4 maa Islandi keel, mida r\u00e4\u00e4givad vapustava Islandi saareriigi\" \/>\n<meta property=\"og:url\" content=\"https:\/\/talkpal.ai\/et\/islandi-keele-grammatika\/\" \/>\n<meta property=\"og:site_name\" content=\"Talkpal\" \/>\n<meta property=\"article:publisher\" content=\"https:\/\/www.facebook.com\/profile.php?id=100090733639311\" \/>\n<meta property=\"article:modified_time\" content=\"2025-12-12T10:40:49+00:00\" \/>\n<meta property=\"og:image\" content=\"https:\/\/talkpal.ai\/wp-content\/uploads\/2023\/05\/iceland.png\" \/>\n\t<meta property=\"og:image:width\" content=\"512\" \/>\n\t<meta property=\"og:image:height\" content=\"512\" \/>\n\t<meta property=\"og:image:type\" content=\"image\/png\" \/>\n<meta name=\"twitter:card\" content=\"summary_large_image\" \/>\n<meta name=\"twitter:site\" content=\"@talkpalai\" \/>\n<meta name=\"twitter:label1\" content=\"Est. reading time\" \/>\n\t<meta name=\"twitter:data1\" content=\"3 minutit\" \/>\n<script type=\"application\/ld+json\" class=\"yoast-schema-graph\">{\"@context\":\"https:\/\/schema.org\",\"@graph\":[{\"@type\":\"WebPage\",\"@id\":\"https:\/\/talkpal.ai\/et\/islandi-keele-grammatika\/\",\"url\":\"https:\/\/talkpal.ai\/et\/islandi-keele-grammatika\/\",\"name\":\"Islandi keele grammatika - Talkpal\",\"isPartOf\":{\"@id\":\"https:\/\/talkpal.ai\/et\/#website\"},\"primaryImageOfPage\":{\"@id\":\"https:\/\/talkpal.ai\/et\/islandi-keele-grammatika\/#primaryimage\"},\"image\":{\"@id\":\"https:\/\/talkpal.ai\/et\/islandi-keele-grammatika\/#primaryimage\"},\"thumbnailUrl\":\"https:\/\/talkpal.ai\/wp-content\/uploads\/2023\/05\/iceland.png\",\"datePublished\":\"2023-05-14T14:09:11+00:00\",\"dateModified\":\"2025-12-12T10:40:49+00:00\",\"description\":\"\u00d5ppige islandi keele grammatika selgeks - m\u00f5istke peamisi grammatikareegleid, moodustage \u00f5igeid lauseid ja suurendage enesekindlust kiiresti, kasutades TalkpalAI \u00f5ppetunde.\",\"breadcrumb\":{\"@id\":\"https:\/\/talkpal.ai\/et\/islandi-keele-grammatika\/#breadcrumb\"},\"inLanguage\":\"et\",\"potentialAction\":[{\"@type\":\"ReadAction\",\"target\":[\"https:\/\/talkpal.ai\/et\/islandi-keele-grammatika\/\"]}]},{\"@type\":\"ImageObject\",\"inLanguage\":\"et\",\"@id\":\"https:\/\/talkpal.ai\/et\/islandi-keele-grammatika\/#primaryimage\",\"url\":\"https:\/\/talkpal.ai\/wp-content\/uploads\/2023\/05\/iceland.png\",\"contentUrl\":\"https:\/\/talkpal.ai\/wp-content\/uploads\/2023\/05\/iceland.png\",\"width\":512,\"height\":512},{\"@type\":\"BreadcrumbList\",\"@id\":\"https:\/\/talkpal.ai\/et\/islandi-keele-grammatika\/#breadcrumb\",\"itemListElement\":[{\"@type\":\"ListItem\",\"position\":1,\"name\":\"Homepage\",\"item\":\"https:\/\/talkpal.ai\/et\/\"},{\"@type\":\"ListItem\",\"position\":2,\"name\":\"Islandi keele grammatika\"}]},{\"@type\":\"WebSite\",\"@id\":\"https:\/\/talkpal.ai\/et\/#website\",\"url\":\"https:\/\/talkpal.ai\/et\/\",\"name\":\"Talkpal\",\"description\":\"AI Language Learning\",\"publisher\":{\"@id\":\"https:\/\/talkpal.ai\/et\/#organization\"},\"alternateName\":\"Talkpal AI\",\"potentialAction\":[{\"@type\":\"SearchAction\",\"target\":{\"@type\":\"EntryPoint\",\"urlTemplate\":\"https:\/\/talkpal.ai\/et\/?s={search_term_string}\"},\"query-input\":{\"@type\":\"PropertyValueSpecification\",\"valueRequired\":true,\"valueName\":\"search_term_string\"}}],\"inLanguage\":\"et\"},{\"@type\":\"Organization\",\"@id\":\"https:\/\/talkpal.ai\/et\/#organization\",\"name\":\"Talkpal, Inc.\",\"alternateName\":\"Talkpal AI\",\"url\":\"https:\/\/talkpal.ai\/et\/\",\"logo\":{\"@type\":\"ImageObject\",\"inLanguage\":\"et\",\"@id\":\"https:\/\/talkpal.ai\/et\/#\/schema\/logo\/image\/\",\"url\":\"https:\/\/talkpal.ai\/wp-content\/uploads\/2024\/03\/Talkpal-Logo-Icon.png\",\"contentUrl\":\"https:\/\/talkpal.ai\/wp-content\/uploads\/2024\/03\/Talkpal-Logo-Icon.png\",\"width\":2880,\"height\":2880,\"caption\":\"Talkpal, Inc.\"},\"image\":{\"@id\":\"https:\/\/talkpal.ai\/et\/#\/schema\/logo\/image\/\"},\"sameAs\":[\"https:\/\/www.facebook.com\/profile.php?id=100090733639311\",\"https:\/\/x.com\/talkpalai\",\"https:\/\/www.linkedin.com\/company\/talkpal\/\",\"https:\/\/www.youtube.com\/@TalkPal\/\",\"https:\/\/www.tiktok.com\/@talkpal\",\"https:\/\/www.instagram.com\/talkpal_ai\/\",\"https:\/\/www.crunchbase.com\/organization\/talkpal-9cde\",\"https:\/\/www.g2.com\/products\/talkpal-for-business\/\",\"https:\/\/www.trustpilot.com\/review\/talkpal.ai\",\"https:\/\/www.capterra.com\/p\/10006800\/TalkPal\/\"],\"description\":\"Talkpal is a language learning web and mobile education app, powered by the latest AI technologies, that provides engaging experiences to its customers in many different languages to help them improve their language skills. Users can chat about unlimited amount of topics with the app and use other modes to practice their language learning.\",\"email\":\"support@talkpal.ai\",\"legalName\":\"Talkpal, Inc.\",\"foundingDate\":\"2023-04-03\",\"duns\":\"118989042\",\"numberOfEmployees\":{\"@type\":\"QuantitativeValue\",\"minValue\":\"11\",\"maxValue\":\"50\"},\"publishingPrinciples\":\"https:\/\/talkpal.ai\/publishing-principles\/\",\"actionableFeedbackPolicy\":\"https:\/\/talkpal.ai\/actionable-feedback-policy\/\",\"correctionsPolicy\":\"https:\/\/talkpal.ai\/corrections-policy\/\",\"ethicsPolicy\":\"https:\/\/talkpal.ai\/ethics-policy\/\",\"diversityPolicy\":\"https:\/\/talkpal.ai\/diversity-policy\/\",\"diversityStaffingReport\":\"https:\/\/talkpal.ai\/diversity-policy\/\"}]}<\/script>\n<!-- \/ Yoast SEO Premium plugin. -->","yoast_head_json":{"title":"Islandi keele grammatika - Talkpal","description":"\u00d5ppige islandi keele grammatika selgeks - m\u00f5istke peamisi grammatikareegleid, moodustage \u00f5igeid lauseid ja suurendage enesekindlust kiiresti, kasutades TalkpalAI \u00f5ppetunde.","robots":{"index":"index","follow":"follow","max-snippet":"max-snippet:-1","max-image-preview":"max-image-preview:large","max-video-preview":"max-video-preview:-1"},"canonical":"https:\/\/talkpal.ai\/et\/islandi-keele-grammatika\/","og_locale":"et_EE","og_type":"article","og_title":"Islandi keele grammatika","og_description":"Islandi grammatika maagia: viikingikeele saladuste avamine Sissejuhatus: Island, tule ja j\u00e4\u00e4 maa Islandi keel, mida r\u00e4\u00e4givad vapustava Islandi saareriigi","og_url":"https:\/\/talkpal.ai\/et\/islandi-keele-grammatika\/","og_site_name":"Talkpal","article_publisher":"https:\/\/www.facebook.com\/profile.php?id=100090733639311","article_modified_time":"2025-12-12T10:40:49+00:00","og_image":[{"width":512,"height":512,"url":"https:\/\/talkpal.ai\/wp-content\/uploads\/2023\/05\/iceland.png","type":"image\/png"}],"twitter_card":"summary_large_image","twitter_site":"@talkpalai","twitter_misc":{"Est. reading time":"3 minutit"},"schema":{"@context":"https:\/\/schema.org","@graph":[{"@type":"WebPage","@id":"https:\/\/talkpal.ai\/et\/islandi-keele-grammatika\/","url":"https:\/\/talkpal.ai\/et\/islandi-keele-grammatika\/","name":"Islandi keele grammatika - Talkpal","isPartOf":{"@id":"https:\/\/talkpal.ai\/et\/#website"},"primaryImageOfPage":{"@id":"https:\/\/talkpal.ai\/et\/islandi-keele-grammatika\/#primaryimage"},"image":{"@id":"https:\/\/talkpal.ai\/et\/islandi-keele-grammatika\/#primaryimage"},"thumbnailUrl":"https:\/\/talkpal.ai\/wp-content\/uploads\/2023\/05\/iceland.png","datePublished":"2023-05-14T14:09:11+00:00","dateModified":"2025-12-12T10:40:49+00:00","description":"\u00d5ppige islandi keele grammatika selgeks - m\u00f5istke peamisi grammatikareegleid, moodustage \u00f5igeid lauseid ja suurendage enesekindlust kiiresti, kasutades TalkpalAI \u00f5ppetunde.","breadcrumb":{"@id":"https:\/\/talkpal.ai\/et\/islandi-keele-grammatika\/#breadcrumb"},"inLanguage":"et","potentialAction":[{"@type":"ReadAction","target":["https:\/\/talkpal.ai\/et\/islandi-keele-grammatika\/"]}]},{"@type":"ImageObject","inLanguage":"et","@id":"https:\/\/talkpal.ai\/et\/islandi-keele-grammatika\/#primaryimage","url":"https:\/\/talkpal.ai\/wp-content\/uploads\/2023\/05\/iceland.png","contentUrl":"https:\/\/talkpal.ai\/wp-content\/uploads\/2023\/05\/iceland.png","width":512,"height":512},{"@type":"BreadcrumbList","@id":"https:\/\/talkpal.ai\/et\/islandi-keele-grammatika\/#breadcrumb","itemListElement":[{"@type":"ListItem","position":1,"name":"Homepage","item":"https:\/\/talkpal.ai\/et\/"},{"@type":"ListItem","position":2,"name":"Islandi keele grammatika"}]},{"@type":"WebSite","@id":"https:\/\/talkpal.ai\/et\/#website","url":"https:\/\/talkpal.ai\/et\/","name":"Talkpal","description":"AI Language Learning","publisher":{"@id":"https:\/\/talkpal.ai\/et\/#organization"},"alternateName":"Talkpal AI","potentialAction":[{"@type":"SearchAction","target":{"@type":"EntryPoint","urlTemplate":"https:\/\/talkpal.ai\/et\/?s={search_term_string}"},"query-input":{"@type":"PropertyValueSpecification","valueRequired":true,"valueName":"search_term_string"}}],"inLanguage":"et"},{"@type":"Organization","@id":"https:\/\/talkpal.ai\/et\/#organization","name":"Talkpal, Inc.","alternateName":"Talkpal AI","url":"https:\/\/talkpal.ai\/et\/","logo":{"@type":"ImageObject","inLanguage":"et","@id":"https:\/\/talkpal.ai\/et\/#\/schema\/logo\/image\/","url":"https:\/\/talkpal.ai\/wp-content\/uploads\/2024\/03\/Talkpal-Logo-Icon.png","contentUrl":"https:\/\/talkpal.ai\/wp-content\/uploads\/2024\/03\/Talkpal-Logo-Icon.png","width":2880,"height":2880,"caption":"Talkpal, Inc."},"image":{"@id":"https:\/\/talkpal.ai\/et\/#\/schema\/logo\/image\/"},"sameAs":["https:\/\/www.facebook.com\/profile.php?id=100090733639311","https:\/\/x.com\/talkpalai","https:\/\/www.linkedin.com\/company\/talkpal\/","https:\/\/www.youtube.com\/@TalkPal\/","https:\/\/www.tiktok.com\/@talkpal","https:\/\/www.instagram.com\/talkpal_ai\/","https:\/\/www.crunchbase.com\/organization\/talkpal-9cde","https:\/\/www.g2.com\/products\/talkpal-for-business\/","https:\/\/www.trustpilot.com\/review\/talkpal.ai","https:\/\/www.capterra.com\/p\/10006800\/TalkPal\/"],"description":"Talkpal is a language learning web and mobile education app, powered by the latest AI technologies, that provides engaging experiences to its customers in many different languages to help them improve their language skills. Users can chat about unlimited amount of topics with the app and use other modes to practice their language learning.","email":"support@talkpal.ai","legalName":"Talkpal, Inc.","foundingDate":"2023-04-03","duns":"118989042","numberOfEmployees":{"@type":"QuantitativeValue","minValue":"11","maxValue":"50"},"publishingPrinciples":"https:\/\/talkpal.ai\/publishing-principles\/","actionableFeedbackPolicy":"https:\/\/talkpal.ai\/actionable-feedback-policy\/","correctionsPolicy":"https:\/\/talkpal.ai\/corrections-policy\/","ethicsPolicy":"https:\/\/talkpal.ai\/ethics-policy\/","diversityPolicy":"https:\/\/talkpal.ai\/diversity-policy\/","diversityStaffingReport":"https:\/\/talkpal.ai\/diversity-policy\/"}]}},"_links":{"self":[{"href":"https:\/\/talkpal.ai\/et\/wp-json\/wp\/v2\/pages\/144820","targetHints":{"allow":["GET"]}}],"collection":[{"href":"https:\/\/talkpal.ai\/et\/wp-json\/wp\/v2\/pages"}],"about":[{"href":"https:\/\/talkpal.ai\/et\/wp-json\/wp\/v2\/types\/page"}],"author":[{"embeddable":true,"href":"https:\/\/talkpal.ai\/et\/wp-json\/wp\/v2\/users\/1"}],"replies":[{"embeddable":true,"href":"https:\/\/talkpal.ai\/et\/wp-json\/wp\/v2\/comments?post=144820"}],"version-history":[{"count":0,"href":"https:\/\/talkpal.ai\/et\/wp-json\/wp\/v2\/pages\/144820\/revisions"}],"wp:featuredmedia":[{"embeddable":true,"href":"https:\/\/talkpal.ai\/et\/wp-json\/wp\/v2\/media\/113472"}],"wp:attachment":[{"href":"https:\/\/talkpal.ai\/et\/wp-json\/wp\/v2\/media?parent=144820"}],"curies":[{"name":"wp","href":"https:\/\/api.w.org\/{rel}","templated":true}]}}