{"id":144519,"date":"2023-05-14T14:08:53","date_gmt":"2023-05-14T14:08:53","guid":{"rendered":"http:\/\/talkpal.ai\/ungari-keele-grammatika\/"},"modified":"2025-12-12T10:48:23","modified_gmt":"2025-12-12T10:48:23","slug":"ungari-keele-grammatika","status":"publish","type":"page","link":"https:\/\/talkpal.ai\/et\/ungari-keele-grammatika\/","title":{"rendered":"Ungari keele grammatika"},"content":{"rendered":"\r\n\r\n\r\n<section class=\"languageChallengeSection\">\r\n    <div class=\"languageInfoWrapper\">\r\n        \r\n        <h1>Ungari keele grammatika<\/h1>\r\n        <p>Kas olete valmis v\u00f5tma vastu t\u00f5eliselt ainulaadse keelek\u00fcmbluse? Sukeldu ungari keele grammatikasse ja avasta selle t\u00e4helepanuv\u00e4\u00e4rsed omadused. Alustage \u00f5ppimist juba t\u00e4na ja avastage, kuidas ungari keele <a href=\"https:\/\/talkpal.ai\/greek-grammar\/\">grammatika<\/a> omandamine avab uksed sisukatele vestlustele ja Ungari rikkaliku keelep\u00e4randi s\u00fcgavale v\u00e4\u00e4rtustamisele!<\/p>\r\n\r\n                            <a class=\"getStartedHidden\" href=\"https:\/\/app.talkpal.ai\/et\/signup?lng=\">Alusta<\/a>\r\n        \r\n    <\/div>\r\n\r\n    <figure>\r\n    <img decoding=\"async\" width=\"768\" height=\"768\" src=\"https:\/\/talkpal.ai\/wp-content\/uploads\/2023\/06\/hungarian-768x768.png\" class=\"languageImage no-lazy\" alt=\"Language learning strategies for advanced learners\" fetchpriority=\"high\" sizes=\"(max-width: 768px) 150px, 768px\" srcset=\"https:\/\/talkpal.ai\/wp-content\/uploads\/2023\/06\/hungarian-768x768.png 768w, https:\/\/talkpal.ai\/wp-content\/uploads\/2023\/06\/hungarian-300x300.png 300w\" \/>\r\n    \r\n\r\n    <\/figure>\r\n\r\n            <a class=\"getStartedVisible\" href=\"https:\/\/app.talkpal.ai\/et\/signup?lng=\">Alusta<\/a>\r\n    \r\n<\/section>\r\n<section class=\"promotionalBanner\">\r\n    <p class=\"promotionalText\">K\u00f5ige t\u00f5husam viis keele \u00f5ppimiseks<\/p>\r\n    <a class=\"promotionalLink\" href=\"https:\/\/app.talkpal.ai\/et\/signup?lng=\">Proovige Talkpal tasuta<\/a>\r\n<\/section>\n<div class=\"wp-block-group pageContainerStyle\"><div class=\"wp-block-group__inner-container is-layout-constrained wp-block-group-is-layout-constrained\">\n<h2 class=\"wp-block-heading\" id=\"h-title-unlocking-the-secrets-of-hungarian-grammar\">Pealkiri: Ungari grammatika saladuste avamine<\/h2>\n\n\n\n<p><a href=\"https:\/\/talkpal.ai\/et\/opi-ungari-keel\/\">Ungari keel<\/a>, soome-ugri keel, paistab silma oma ainulaadse grammatikas\u00fcsteemiga, muutes selle keelehuvilistele kaasahaaravaks v\u00e4ljakutseks. Ungari keele <a href=\"https:\/\/talkpal.ai\/et\/oppimine\/\">\u00f5ppimine<\/a> mitte ainult ei avarda teie keeleteadmisi, vaid v\u00f5imaldab teil ka s\u00fcveneda Ungari k\u00fctkestavasse kultuuri ja ajalukku. Kuigi <a href=\"https:\/\/talkpal.ai\/hungarian-grammar\/\">ungari keele grammatika<\/a> v\u00f5ib esialgu tunduda hirmutav, muudab selle jagamine hallatavateks komponentideks \u00f5ppeprotsessi k\u00e4ttesaadavamaks. Selles artiklis tutvustame teile ungari keele grammatika intrigeerivat maailma ja anname juhiseid selle keerukuse omandamiseks.<\/p>\n\n\n\n<h3 class=\"wp-block-heading\" id=\"h-1-word-order-a-flexible-feature\">1. S\u00f5nade j\u00e4rjekord: paindlik funktsioon<\/h3>\n\n\n\n<p>Erinevalt paljudest teistest keeltest on ungari keeles suhteliselt paindlik s\u00f5nade j\u00e4rjekord. Kuigi t\u00fc\u00fcpiline ungarikeelne lause j\u00e4rgib subjekti-verbi-objekti (SVO) mustrit, on levinud ka muud s\u00f5naj\u00e4rjestused, mida kasutatakse lause erinevate osade r\u00f5hutamiseks. Nende variatsioonidega tutvumine v\u00f5imaldab teil ungarikeelseid lauseid t\u00f5husamalt m\u00f5ista ja konstrueerida.<\/p>\n\n\n\n<h3 class=\"wp-block-heading\" id=\"h-2-nouns-and-cases-the-role-of-suffixes\">2. Nimis\u00f5nad ja juhtumid: j\u00e4relliidete roll<\/h3>\n\n\n\n<p>Ungari nimis\u00f5nadel ei ole grammatilist sugu, lihtsustades lause \u00fclesehitust. Kuid nimis\u00f5nad ja muud k\u00f5neosad ungari keele grammatikas kasutavad hulgaliselt j\u00e4relliiteid, et n\u00e4idata juhtumeid, valdust ja paljusust. Nende j\u00e4relliidete ja nende kasutamise \u00f5ppimine parandab oluliselt teie v\u00f5imet ungari keeles suhelda.<\/p>\n\n\n\n<p>N\u00e4ited:<\/p>\n\n\n\n<p><strong>&#8211; h\u00e1z (maja) &#8211; h\u00e1zak (majad)<\/strong><\/p>\n\n\n\n<p><strong>&#8211; h\u00e1zban (majas) &#8211; h\u00e1zakban (majades)<\/strong><\/p>\n\n\n\n<h3 class=\"wp-block-heading\" id=\"h-3-verbs-conjugation-and-tense\">3. Tegus\u00f5nad: konjugatsioon ja pingeline<\/h3>\n\n\n\n<p>Ungari verbid on konjugeeritud pinge, meeleolu, teema ja kindluse j\u00e4rgi. Kuigi ungari keeles on mitu ajavormi, on kolme peamise ajavormi &#8211; olevik, minevik ja tulevik &#8211; tundma\u00f5ppimine hea l\u00e4htepunkt. Tutvuge regulaarsete verbi konjugatsioonimustritega ja \u00f5ppige tavalisi ebaregulaarseid tegus\u00f5nu, et parandada oma verbaalset suhtlemisoskust.<\/p>\n\n\n\n<h3 class=\"wp-block-heading\" id=\"h-4-adjectives-agreement-and-placement\">4. Omaduss\u00f5nad: leping ja paigutus<\/h3>\n\n\n\n<p>Ungari grammatikas peavad omaduss\u00f5nad n\u00f5ustuma nimis\u00f5naga, mida nad arvu poolest (ainsuses v\u00f5i mitmuses) muudavad. Kuid omaduss\u00f5nad ei pea grammatilise juhtumi nimis\u00f5nale vastama. Omaduss\u00f5nad eelnevad tavaliselt nimis\u00f5nale, pakkudes lausele kirjeldavat konteksti.<\/p>\n\n\n\n<p>N\u00e4ited:<\/p>\n\n\n\n<p><strong>&#8211; piros alma (punane \u00f5un)<\/strong><\/p>\n\n\n\n<p><strong>&#8211; ilus vir\u00e1gok (ilusad lilled)<\/strong><\/p>\n\n\n\n<h3 class=\"wp-block-heading\" id=\"h-5-vowel-harmony-a-unique-feature\">5. Vokaalide harmoonia: ainulaadne omadus<\/h3>\n\n\n\n<p>Ungari grammatika erip\u00e4ra on vokaalide harmoonia, mis h\u00f5lmab t\u00e4ish\u00e4\u00e4likute kokkuleppimist s\u00f5nades. Vokaalide harmoonia m\u00f5jutab sufiksite moodustamise ja s\u00f5nadele kinnitamise viisi. Vokaalide harmoonia m\u00f5istmine ja harjutamine muudab teie kirjutatud ja suulise ungari keele t\u00e4psemaks ja loomulikumaks.<\/p>\n\n\n\n<h3 class=\"wp-block-heading\" id=\"h-6-engaging-with-the-language\">6. Keelega tegelemine<\/h3>\n\n\n\n<p>K\u00f5ige t\u00f5husam viis ungari keele grammatika t\u00e4ielikuks m\u00f5istmiseks ja omaksv\u00f5tmiseks on keelega j\u00e4rjepidev suhtlemine. Lugedes ungari kirjandust, vaadates emakeelseid filme v\u00f5i suheldes aktiivselt emakeelena k\u00f5nelejatega, tugevdate oma arusaamist grammatikast, laiendades samal ajal oma s\u00f5navara.<\/p>\n\n\n\n<h3 class=\"wp-block-heading\" id=\"h-conclusion\">Kokkuv\u00f5te<\/h3>\n\n\n\n<p>Kuigi ungari keele grammatika v\u00f5ib tunduda keeruline, aitab sellele samm-sammult l\u00e4henemine ja j\u00e4rjepidev harjutamine teil seda p\u00f5nevat keelt osata. V\u00f5tke vastu v\u00e4ljakutse, kui alustate oma ungari keele teekonda, ja peagi leiate end kindlalt navigeerimas selle keele grammatika keerdk\u00e4ikudes. Head \u00f5ppimist ja nautige ungari keele grammatika imede avastamist!<\/p>\n<\/div><\/div>\n\r\n<section class=\"learnNavigationSection\">\r\n            \r\n        <a href=\"https:\/\/talkpal.ai\/et\/opi-ungari-keel\/\">\r\n            <div class=\"learnNavigationWrapper\">\r\n                <div class=\"learnNavigationContent\">\r\n                    <img decoding=\"async\" src=\"https:\/\/talkpal.ai\/wp-content\/uploads\/2024\/08\/Hungarian.jpg\" alt=\"Hungarian Flag\">\r\n                    <div>\r\n                        <h4>Ungari \u00f5ppimise kohta<\/h4>\r\n                        <p>Uuri k\u00f5ike ungari keele grammatika kohta.<\/p>\r\n                    <\/div>\r\n                <\/div>\r\n            <\/div>\r\n        <\/a>\r\n\r\n        \r\n        <a href=\"https:\/\/talkpal.ai\/et\/ungari-keele-grammatika-harjutused\/\">\r\n            <div class=\"learnNavigationWrapper\">\r\n                <div class=\"learnNavigationContent\">\r\n                    <img decoding=\"async\" src=\"https:\/\/talkpal.ai\/wp-content\/uploads\/2024\/08\/Hungarian.jpg\" alt=\"Hungarian Flag\">\r\n                    <div>\r\n                        <h4>Ungari keele grammatika harjutus<\/h4>\r\n                        <p>Harjutage ungari keele grammatikat.<\/p>\r\n                    <\/div>\r\n                <\/div>\r\n            <\/div>\r\n        <\/a>\r\n\r\n        \r\n        <a href=\"https:\/\/talkpal.ai\/vocabulary_language\/hungarian\/\">\r\n            <div class=\"learnNavigationWrapper\">\r\n                <div class=\"learnNavigationContent\">\r\n                    <img decoding=\"async\" src=\"https:\/\/talkpal.ai\/wp-content\/uploads\/2024\/08\/Hungarian.jpg\" alt=\"Hungarian Flag\">\r\n                    <div>\r\n                        <h4>Ungari s\u00f5navara<\/h4>\r\n                        <p>Laiendage oma ungari keele s\u00f5navara.<\/p>\r\n                    <\/div>\r\n                <\/div>\r\n            <\/div>\r\n        <\/a>\r\n\r\n            <\/section>","protected":false},"excerpt":{"rendered":"<p>Pealkiri: Ungari grammatika saladuste avamine Ungari keel, soome-ugri keel, paistab silma oma ainulaadse grammatikas\u00fcsteemiga, muutes selle keelehuvilistele kaasahaaravaks v\u00e4ljakutseks. Ungari keele \u00f5ppimine mitte ainult ei avarda teie keeleteadmisi, vaid v\u00f5imaldab teil ka s\u00fcveneda Ungari k\u00fctkestavasse kultuuri ja ajalukku. Kuigi ungari keele grammatika v\u00f5ib esialgu tunduda hirmutav, muudab selle jagamine hallatavateks komponentideks \u00f5ppeprotsessi k\u00e4ttesaadavamaks. Selles artiklis [&hellip;]<\/p>\n","protected":false},"author":1,"featured_media":113244,"parent":0,"menu_order":0,"comment_status":"closed","ping_status":"closed","template":"LearningContentPage.php","meta":{"_acf_changed":false,"footnotes":""},"class_list":["post-144519","page","type-page","status-publish","has-post-thumbnail","hentry"],"acf":[],"yoast_head":"<!-- This site is optimized with the Yoast SEO Premium plugin v27.2 (Yoast SEO v27.2) - https:\/\/yoast.com\/product\/yoast-seo-premium-wordpress\/ -->\n<title>Ungari keele grammatika - Talkpal<\/title>\n<meta name=\"description\" content=\"Ungari keele grammatika omandamine - \u00f5ppige grammatikareegleid ja harjutage lausete moodustamist. Saage kasulikke juhiseid Talkpal AI.\" \/>\n<meta name=\"robots\" content=\"index, follow, max-snippet:-1, max-image-preview:large, max-video-preview:-1\" \/>\n<link rel=\"canonical\" href=\"https:\/\/talkpal.ai\/et\/ungari-keele-grammatika\/\" \/>\n<meta property=\"og:locale\" content=\"et_EE\" \/>\n<meta property=\"og:type\" content=\"article\" \/>\n<meta property=\"og:title\" content=\"Ungari keele grammatika\" \/>\n<meta property=\"og:description\" content=\"Pealkiri: Ungari grammatika saladuste avamine Ungari keel, soome-ugri keel, paistab silma oma ainulaadse grammatikas\u00fcsteemiga, muutes selle\" \/>\n<meta property=\"og:url\" content=\"https:\/\/talkpal.ai\/et\/ungari-keele-grammatika\/\" \/>\n<meta property=\"og:site_name\" content=\"Talkpal\" \/>\n<meta property=\"article:publisher\" content=\"https:\/\/www.facebook.com\/profile.php?id=100090733639311\" \/>\n<meta property=\"article:modified_time\" content=\"2025-12-12T10:48:23+00:00\" \/>\n<meta property=\"og:image\" content=\"https:\/\/talkpal.ai\/wp-content\/uploads\/2023\/05\/Hungarian.png\" \/>\n\t<meta property=\"og:image:width\" content=\"512\" \/>\n\t<meta property=\"og:image:height\" content=\"512\" \/>\n\t<meta property=\"og:image:type\" content=\"image\/png\" \/>\n<meta name=\"twitter:card\" content=\"summary_large_image\" \/>\n<meta name=\"twitter:site\" content=\"@talkpalai\" \/>\n<meta name=\"twitter:label1\" content=\"Est. reading time\" \/>\n\t<meta name=\"twitter:data1\" content=\"2 minutit\" \/>\n<script type=\"application\/ld+json\" class=\"yoast-schema-graph\">{\"@context\":\"https:\/\/schema.org\",\"@graph\":[{\"@type\":\"WebPage\",\"@id\":\"https:\/\/talkpal.ai\/et\/ungari-keele-grammatika\/\",\"url\":\"https:\/\/talkpal.ai\/et\/ungari-keele-grammatika\/\",\"name\":\"Ungari keele grammatika - Talkpal\",\"isPartOf\":{\"@id\":\"https:\/\/talkpal.ai\/et\/#website\"},\"primaryImageOfPage\":{\"@id\":\"https:\/\/talkpal.ai\/et\/ungari-keele-grammatika\/#primaryimage\"},\"image\":{\"@id\":\"https:\/\/talkpal.ai\/et\/ungari-keele-grammatika\/#primaryimage\"},\"thumbnailUrl\":\"https:\/\/talkpal.ai\/wp-content\/uploads\/2023\/05\/Hungarian.png\",\"datePublished\":\"2023-05-14T14:08:53+00:00\",\"dateModified\":\"2025-12-12T10:48:23+00:00\",\"description\":\"Ungari keele grammatika omandamine - \u00f5ppige grammatikareegleid ja harjutage lausete moodustamist. Saage kasulikke juhiseid Talkpal AI.\",\"breadcrumb\":{\"@id\":\"https:\/\/talkpal.ai\/et\/ungari-keele-grammatika\/#breadcrumb\"},\"inLanguage\":\"et\",\"potentialAction\":[{\"@type\":\"ReadAction\",\"target\":[\"https:\/\/talkpal.ai\/et\/ungari-keele-grammatika\/\"]}]},{\"@type\":\"ImageObject\",\"inLanguage\":\"et\",\"@id\":\"https:\/\/talkpal.ai\/et\/ungari-keele-grammatika\/#primaryimage\",\"url\":\"https:\/\/talkpal.ai\/wp-content\/uploads\/2023\/05\/Hungarian.png\",\"contentUrl\":\"https:\/\/talkpal.ai\/wp-content\/uploads\/2023\/05\/Hungarian.png\",\"width\":512,\"height\":512},{\"@type\":\"BreadcrumbList\",\"@id\":\"https:\/\/talkpal.ai\/et\/ungari-keele-grammatika\/#breadcrumb\",\"itemListElement\":[{\"@type\":\"ListItem\",\"position\":1,\"name\":\"Homepage\",\"item\":\"https:\/\/talkpal.ai\/et\/\"},{\"@type\":\"ListItem\",\"position\":2,\"name\":\"Ungari keele grammatika\"}]},{\"@type\":\"WebSite\",\"@id\":\"https:\/\/talkpal.ai\/et\/#website\",\"url\":\"https:\/\/talkpal.ai\/et\/\",\"name\":\"Talkpal\",\"description\":\"AI Language Learning\",\"publisher\":{\"@id\":\"https:\/\/talkpal.ai\/et\/#organization\"},\"alternateName\":\"Talkpal AI\",\"potentialAction\":[{\"@type\":\"SearchAction\",\"target\":{\"@type\":\"EntryPoint\",\"urlTemplate\":\"https:\/\/talkpal.ai\/et\/?s={search_term_string}\"},\"query-input\":{\"@type\":\"PropertyValueSpecification\",\"valueRequired\":true,\"valueName\":\"search_term_string\"}}],\"inLanguage\":\"et\"},{\"@type\":\"Organization\",\"@id\":\"https:\/\/talkpal.ai\/et\/#organization\",\"name\":\"Talkpal, Inc.\",\"alternateName\":\"Talkpal AI\",\"url\":\"https:\/\/talkpal.ai\/et\/\",\"logo\":{\"@type\":\"ImageObject\",\"inLanguage\":\"et\",\"@id\":\"https:\/\/talkpal.ai\/et\/#\/schema\/logo\/image\/\",\"url\":\"https:\/\/talkpal.ai\/wp-content\/uploads\/2024\/03\/Talkpal-Logo-Icon.png\",\"contentUrl\":\"https:\/\/talkpal.ai\/wp-content\/uploads\/2024\/03\/Talkpal-Logo-Icon.png\",\"width\":2880,\"height\":2880,\"caption\":\"Talkpal, Inc.\"},\"image\":{\"@id\":\"https:\/\/talkpal.ai\/et\/#\/schema\/logo\/image\/\"},\"sameAs\":[\"https:\/\/www.facebook.com\/profile.php?id=100090733639311\",\"https:\/\/x.com\/talkpalai\",\"https:\/\/www.linkedin.com\/company\/talkpal\/\",\"https:\/\/www.youtube.com\/@TalkPal\/\",\"https:\/\/www.tiktok.com\/@talkpal\",\"https:\/\/www.instagram.com\/talkpal_ai\/\",\"https:\/\/www.crunchbase.com\/organization\/talkpal-9cde\",\"https:\/\/www.g2.com\/products\/talkpal-for-business\/\",\"https:\/\/www.trustpilot.com\/review\/talkpal.ai\",\"https:\/\/www.capterra.com\/p\/10006800\/TalkPal\/\"],\"description\":\"Talkpal is a language learning web and mobile education app, powered by the latest AI technologies, that provides engaging experiences to its customers in many different languages to help them improve their language skills. Users can chat about unlimited amount of topics with the app and use other modes to practice their language learning.\",\"email\":\"support@talkpal.ai\",\"legalName\":\"Talkpal, Inc.\",\"foundingDate\":\"2023-04-03\",\"duns\":\"118989042\",\"numberOfEmployees\":{\"@type\":\"QuantitativeValue\",\"minValue\":\"11\",\"maxValue\":\"50\"},\"publishingPrinciples\":\"https:\/\/talkpal.ai\/publishing-principles\/\",\"actionableFeedbackPolicy\":\"https:\/\/talkpal.ai\/actionable-feedback-policy\/\",\"correctionsPolicy\":\"https:\/\/talkpal.ai\/corrections-policy\/\",\"ethicsPolicy\":\"https:\/\/talkpal.ai\/ethics-policy\/\",\"diversityPolicy\":\"https:\/\/talkpal.ai\/diversity-policy\/\",\"diversityStaffingReport\":\"https:\/\/talkpal.ai\/diversity-policy\/\"}]}<\/script>\n<!-- \/ Yoast SEO Premium plugin. -->","yoast_head_json":{"title":"Ungari keele grammatika - Talkpal","description":"Ungari keele grammatika omandamine - \u00f5ppige grammatikareegleid ja harjutage lausete moodustamist. Saage kasulikke juhiseid Talkpal AI.","robots":{"index":"index","follow":"follow","max-snippet":"max-snippet:-1","max-image-preview":"max-image-preview:large","max-video-preview":"max-video-preview:-1"},"canonical":"https:\/\/talkpal.ai\/et\/ungari-keele-grammatika\/","og_locale":"et_EE","og_type":"article","og_title":"Ungari keele grammatika","og_description":"Pealkiri: Ungari grammatika saladuste avamine Ungari keel, soome-ugri keel, paistab silma oma ainulaadse grammatikas\u00fcsteemiga, muutes selle","og_url":"https:\/\/talkpal.ai\/et\/ungari-keele-grammatika\/","og_site_name":"Talkpal","article_publisher":"https:\/\/www.facebook.com\/profile.php?id=100090733639311","article_modified_time":"2025-12-12T10:48:23+00:00","og_image":[{"width":512,"height":512,"url":"https:\/\/talkpal.ai\/wp-content\/uploads\/2023\/05\/Hungarian.png","type":"image\/png"}],"twitter_card":"summary_large_image","twitter_site":"@talkpalai","twitter_misc":{"Est. reading time":"2 minutit"},"schema":{"@context":"https:\/\/schema.org","@graph":[{"@type":"WebPage","@id":"https:\/\/talkpal.ai\/et\/ungari-keele-grammatika\/","url":"https:\/\/talkpal.ai\/et\/ungari-keele-grammatika\/","name":"Ungari keele grammatika - Talkpal","isPartOf":{"@id":"https:\/\/talkpal.ai\/et\/#website"},"primaryImageOfPage":{"@id":"https:\/\/talkpal.ai\/et\/ungari-keele-grammatika\/#primaryimage"},"image":{"@id":"https:\/\/talkpal.ai\/et\/ungari-keele-grammatika\/#primaryimage"},"thumbnailUrl":"https:\/\/talkpal.ai\/wp-content\/uploads\/2023\/05\/Hungarian.png","datePublished":"2023-05-14T14:08:53+00:00","dateModified":"2025-12-12T10:48:23+00:00","description":"Ungari keele grammatika omandamine - \u00f5ppige grammatikareegleid ja harjutage lausete moodustamist. Saage kasulikke juhiseid Talkpal AI.","breadcrumb":{"@id":"https:\/\/talkpal.ai\/et\/ungari-keele-grammatika\/#breadcrumb"},"inLanguage":"et","potentialAction":[{"@type":"ReadAction","target":["https:\/\/talkpal.ai\/et\/ungari-keele-grammatika\/"]}]},{"@type":"ImageObject","inLanguage":"et","@id":"https:\/\/talkpal.ai\/et\/ungari-keele-grammatika\/#primaryimage","url":"https:\/\/talkpal.ai\/wp-content\/uploads\/2023\/05\/Hungarian.png","contentUrl":"https:\/\/talkpal.ai\/wp-content\/uploads\/2023\/05\/Hungarian.png","width":512,"height":512},{"@type":"BreadcrumbList","@id":"https:\/\/talkpal.ai\/et\/ungari-keele-grammatika\/#breadcrumb","itemListElement":[{"@type":"ListItem","position":1,"name":"Homepage","item":"https:\/\/talkpal.ai\/et\/"},{"@type":"ListItem","position":2,"name":"Ungari keele grammatika"}]},{"@type":"WebSite","@id":"https:\/\/talkpal.ai\/et\/#website","url":"https:\/\/talkpal.ai\/et\/","name":"Talkpal","description":"AI Language Learning","publisher":{"@id":"https:\/\/talkpal.ai\/et\/#organization"},"alternateName":"Talkpal AI","potentialAction":[{"@type":"SearchAction","target":{"@type":"EntryPoint","urlTemplate":"https:\/\/talkpal.ai\/et\/?s={search_term_string}"},"query-input":{"@type":"PropertyValueSpecification","valueRequired":true,"valueName":"search_term_string"}}],"inLanguage":"et"},{"@type":"Organization","@id":"https:\/\/talkpal.ai\/et\/#organization","name":"Talkpal, Inc.","alternateName":"Talkpal AI","url":"https:\/\/talkpal.ai\/et\/","logo":{"@type":"ImageObject","inLanguage":"et","@id":"https:\/\/talkpal.ai\/et\/#\/schema\/logo\/image\/","url":"https:\/\/talkpal.ai\/wp-content\/uploads\/2024\/03\/Talkpal-Logo-Icon.png","contentUrl":"https:\/\/talkpal.ai\/wp-content\/uploads\/2024\/03\/Talkpal-Logo-Icon.png","width":2880,"height":2880,"caption":"Talkpal, Inc."},"image":{"@id":"https:\/\/talkpal.ai\/et\/#\/schema\/logo\/image\/"},"sameAs":["https:\/\/www.facebook.com\/profile.php?id=100090733639311","https:\/\/x.com\/talkpalai","https:\/\/www.linkedin.com\/company\/talkpal\/","https:\/\/www.youtube.com\/@TalkPal\/","https:\/\/www.tiktok.com\/@talkpal","https:\/\/www.instagram.com\/talkpal_ai\/","https:\/\/www.crunchbase.com\/organization\/talkpal-9cde","https:\/\/www.g2.com\/products\/talkpal-for-business\/","https:\/\/www.trustpilot.com\/review\/talkpal.ai","https:\/\/www.capterra.com\/p\/10006800\/TalkPal\/"],"description":"Talkpal is a language learning web and mobile education app, powered by the latest AI technologies, that provides engaging experiences to its customers in many different languages to help them improve their language skills. Users can chat about unlimited amount of topics with the app and use other modes to practice their language learning.","email":"support@talkpal.ai","legalName":"Talkpal, Inc.","foundingDate":"2023-04-03","duns":"118989042","numberOfEmployees":{"@type":"QuantitativeValue","minValue":"11","maxValue":"50"},"publishingPrinciples":"https:\/\/talkpal.ai\/publishing-principles\/","actionableFeedbackPolicy":"https:\/\/talkpal.ai\/actionable-feedback-policy\/","correctionsPolicy":"https:\/\/talkpal.ai\/corrections-policy\/","ethicsPolicy":"https:\/\/talkpal.ai\/ethics-policy\/","diversityPolicy":"https:\/\/talkpal.ai\/diversity-policy\/","diversityStaffingReport":"https:\/\/talkpal.ai\/diversity-policy\/"}]}},"_links":{"self":[{"href":"https:\/\/talkpal.ai\/et\/wp-json\/wp\/v2\/pages\/144519","targetHints":{"allow":["GET"]}}],"collection":[{"href":"https:\/\/talkpal.ai\/et\/wp-json\/wp\/v2\/pages"}],"about":[{"href":"https:\/\/talkpal.ai\/et\/wp-json\/wp\/v2\/types\/page"}],"author":[{"embeddable":true,"href":"https:\/\/talkpal.ai\/et\/wp-json\/wp\/v2\/users\/1"}],"replies":[{"embeddable":true,"href":"https:\/\/talkpal.ai\/et\/wp-json\/wp\/v2\/comments?post=144519"}],"version-history":[{"count":0,"href":"https:\/\/talkpal.ai\/et\/wp-json\/wp\/v2\/pages\/144519\/revisions"}],"wp:featuredmedia":[{"embeddable":true,"href":"https:\/\/talkpal.ai\/et\/wp-json\/wp\/v2\/media\/113244"}],"wp:attachment":[{"href":"https:\/\/talkpal.ai\/et\/wp-json\/wp\/v2\/media?parent=144519"}],"curies":[{"name":"wp","href":"https:\/\/api.w.org\/{rel}","templated":true}]}}