{"id":144213,"date":"2023-05-14T14:04:48","date_gmt":"2023-05-14T14:04:48","guid":{"rendered":"http:\/\/talkpal.ai\/heebrea-keele-grammatika\/"},"modified":"2025-12-13T15:39:58","modified_gmt":"2025-12-13T15:39:58","slug":"heebrea-keele-grammatika","status":"publish","type":"page","link":"https:\/\/talkpal.ai\/et\/heebrea-keele-grammatika\/","title":{"rendered":"Heebrea keele grammatika"},"content":{"rendered":"\r\n\r\n\r\n<section class=\"languageChallengeSection\">\r\n    <div class=\"languageInfoWrapper\">\r\n        \r\n        <h1>Heebrea keele grammatika<\/h1>\r\n        <p>\u00d5ppige heebrea keele grammatikat ja avage selle keele saladused, millel on s\u00fcgavad ajaloolised juured ja t\u00e4nap\u00e4evane t\u00e4htsus. V\u00f5ta vastu v\u00e4ljakutse ja \u00fchenda end elava kultuuriga l\u00e4bi <a href=\"https:\/\/talkpal.ai\/hebrew-grammar\/\">heebrea keele grammatika<\/a> ilu!<\/p>\r\n\r\n                            <a class=\"getStartedHidden\" href=\"https:\/\/app.talkpal.ai\/et\/signup?lng=\">Alusta<\/a>\r\n        \r\n    <\/div>\r\n\r\n    <figure>\r\n    <img decoding=\"async\" width=\"768\" height=\"768\" src=\"https:\/\/talkpal.ai\/wp-content\/uploads\/2023\/06\/hebrew-768x768.png\" class=\"languageImage no-lazy\" alt=\"Language learning for proficient communication\" fetchpriority=\"high\" sizes=\"(max-width: 768px) 150px, 768px\" srcset=\"https:\/\/talkpal.ai\/wp-content\/uploads\/2023\/06\/hebrew-768x768.png 768w, https:\/\/talkpal.ai\/wp-content\/uploads\/2023\/06\/hebrew-300x300.png 300w\" \/>\r\n    \r\n\r\n    <\/figure>\r\n\r\n            <a class=\"getStartedVisible\" href=\"https:\/\/app.talkpal.ai\/et\/signup?lng=\">Alusta<\/a>\r\n    \r\n<\/section>\r\n<section class=\"promotionalBanner\">\r\n    <p class=\"promotionalText\">K\u00f5ige t\u00f5husam viis keele \u00f5ppimiseks<\/p>\r\n    <a class=\"promotionalLink\" href=\"https:\/\/app.talkpal.ai\/et\/signup?lng=\">Proovige Talkpal tasuta<\/a>\r\n<\/section>\n<div class=\"wp-block-group pageContainerStyle\"><div class=\"wp-block-group__inner-container is-layout-constrained wp-block-group-is-layout-constrained\">\n<h2 class=\"wp-block-heading\" id=\"h-mastering-hebrew-grammar-your-ultimate-guide\">Heebrea keele grammatika valdamine: teie \u00fclim juhend<\/h2>\n\n\n\n<p>Shalom, <a href=\"https:\/\/talkpal.ai\/talkpal-discount-for-language-enthusiasts\/\">keelehuvilised<\/a>! Kas olete valmis sukelduma <a href=\"https:\/\/talkpal.ai\/hebrew-grammar\/\">heebrea keele grammatika<\/a> p\u00f5nevasse maailma? Olete j\u00f5udnud \u00f5igesse kohta. See artikkel, mis on t\u00e4is kergesti m\u00f5istetavat teavet ja vestluslikku tooni, juhatab teid l\u00e4bi heebrea <a href=\"https:\/\/talkpal.ai\/greek-grammar\/\">grammatika<\/a> h\u00fcpnotiseeriva valdkonna. Peagi suudate luua lauseid ja pidada emakeelena k\u00f5nelejatega sisukaid vestlusi. Nii et alustame oma teekonda heebrea keele grammatika omandamise suunas!<\/p>\n\n\n\n<p><strong>Aga esiteks, miks heebrea grammatika?<\/strong><\/p>\n\n\n\n<p>Kui \u00f5pid heebrea keelt, on grammatika kindel alus oluline, et vabalt r\u00e4\u00e4kida, lugeda ja kirjutada. Kuigi heebrea keele grammatika v\u00f5ib esialgu tunduda keeruline, muutub see p\u00e4rast v\u00e4iksemateks, paremini hallatavateks t\u00fckkideks jagamist ligip\u00e4\u00e4setavamaks. Niisiis, alustame seda p\u00f5nevat teekonda!<\/p>\n\n\n\n<h3 class=\"wp-block-heading\" id=\"h-1-nouns-gender-and-number\">1. Nimis\u00f5nad, sugu ja arv<\/h3>\n\n\n\n<p>Heebrea nimis\u00f5nadel on kaks sugu \u2014 mehelik ja naiselik \u2014 ning need v\u00f5ivad olla ainsuses v\u00f5i mitmuses. Nomeni soo kindlaksm\u00e4\u00e4ramine on aluseks korrektsele lauseehitusele, sest see m\u00f5jutab teisi s\u00f5naliike, n\u00e4iteks verbe ja omaduss\u00f5nu.  <\/p>\n\n\n\n<p>\u00dcldine rusikareegel: kui nimis\u00f5na l\u00f5peb &#8220;\u05d4&#8221; (hey) v\u00f5i &#8220;\u05ea&#8221; (tav), on see tavaliselt naiselik. Siiski on erandeid, nii et nimis\u00f5na sugude meeldej\u00e4tmine s\u00f5navara \u00f5ppimisel on v\u00f5tmet\u00e4htsusega.<\/p>\n\n\n\n<p>Lisaks on heebrea nimis\u00f5nadel s\u00f5ltuvalt arvust erinevad vormid. Mitmuse maskuliinne nimis\u00f5na l\u00f5peb tavaliselt &#8220;\u05d9\u05dd&#8221; (yim), samas kui mitmuse feminiinne nimis\u00f5na l\u00f5peb &#8220;\u05d5\u05ea&#8221; (ot).<\/p>\n\n\n\n<h3 class=\"wp-block-heading\" id=\"h-2-adjectives-agreement-and-definite-articles\">2. Omaduss\u00f5nad, kokkulepe ja kindlad artiklid<\/h3>\n\n\n\n<p>Heebreakeelsed omaduss\u00f5nad peavad soo ja arvu poolest kokku leppima nimis\u00f5naga, mida nad muudavad. Et muuta omaduss\u00f5na naiselikuks, lisage l\u00f5ppu &#8220;\u05d4&#8221; (hei), kui see ei ole juba olemas. Et muuta omaduss\u00f5na mitmusesse, j\u00e4rgige <a href=\"https:\/\/talkpal.ai\/locations\/language-courses-in-sama\/\">sama<\/a> p\u00f5him\u00f5tet nagu nimis\u00f5nade puhul: lisage &#8220;\u05d9\u05dd&#8221; meheliku ja &#8220;\u05d5\u05ea&#8221; naissoost.<\/p>\n\n\n\n<p>Kindel artikkel &#8220;the&#8221; <a href=\"https:\/\/talkpal.ai\/learn-hebrew\/\">heebrea keeles<\/a> on &#8220;\u05d4&#8221; (hey) ja see lisatakse eesliitena substantiivile v\u00f5i omaduss\u00f5nale. N\u00e4iteks &#8220;\u05d4\u05e1\u05e4\u05e8&#8221; (haSefer &#8211; raamat) v\u00f5i &#8220;\u05d4\u05db\u05d3\u05d5\u05e8 \u05d4\u05d2\u05d3\u05d5\u05dc&#8221; (hakadur hagadol &#8211; suur pall).<\/p>\n\n\n\n<h3 class=\"wp-block-heading\" id=\"h-3-verbs-tense-and-conjugation\">3. Verbid, ajavormid ja konjugatsioon<\/h3>\n\n\n\n<p>Heebrea verbid m\u00e4ngivad grammatikas olulist rolli ja on jagatud seitsmesse konjugatsioonigruppi, mida nimetatakse &#8220;binyanim&#8221;. <a href=\"https:\/\/talkpal.ai\/locations\/language-courses-in-iga\/\">Iga<\/a> binyan m\u00f5jutab verbi t\u00e4hendust ja rolli lauses.<\/p>\n\n\n\n<p>Et anda teile kiire \u00fclevaade, arutleme regulaarverbide olevikuvormi \u00fcle:<\/p>\n\n\n\n<p><strong>&#8211; \u05d0\u05e0\u05d9 \u05e7\u05d5\u05e8\u05d0\/\u05ea (ani kore\/et &#8211; ma loen, masc.\/fem.)<\/strong><\/p>\n\n\n\n<p><strong>&#8211; \u05d0\u05ea\/\u05d4 \u05e7\u05d5\u05e8\u05d0\/\u05ea (ata\/at kore\/et &#8211; sa loed, masc.\/fem.)<\/strong><\/p>\n\n\n\n<p><strong>&#8211; \u05d4\u05d5\u05d0\/\u05d4\u05d9\u05d0 \u05e7\u05d5\u05e8\u05d0\/\u05ea (hu\/hi kore\/et &#8211; ta\/see loeb)<\/strong><\/p>\n\n\n\n<p>Pidage meeles, et see on alles algus! Paljud teised ajavormid, ebaregulaarsed tegus\u00f5nad ja binyani keerukused ilmnevad teie edenedes.<\/p>\n\n\n\n<h3 class=\"wp-block-heading\" id=\"h-4-pronouns-prepositions-and-more\">4. Ases\u00f5nad, eess\u00f5nad ja palju muud!<\/h3>\n\n\n\n<p>Heebrea keele grammatika h\u00f5lmab ka teisi komponente nagu pronoomenid (\u05d0\u05e0\u05d9, \u05d0\u05ea\u05d4, \u05d4\u05d5\u05d0, \u05d4\u05d9\u05d0 jne), prepositsioonid (\u05d1, \u05dc, \u05de, \u05e2\u05dc jne) ja idiomaatilised v\u00e4ljendid. Iga elemendiga tegelemine on oluline heebrea keele tervikliku valdamise saavutamiseks, seega tehke \u00fcks samm korraga.<\/p>\n\n\n\n<p>Kokkuv\u00f5tteks, heebrea keele grammatika omandamiseks ei ole mingit otseteed. See n\u00f5uab p\u00fcsivust, harjutamist ja kannatlikkust. Kuid kui olete selle keerukusest aru saanud, saate nautida heebrea keeles vestlemise n\u00fcansse, tutvuda selle rikkaliku kultuuri ja ajalooga ning s\u00fcvendada oma tunnustust selle keele vastu. \u05d1\u05d4\u05e6\u05dc\u05d7\u05d4 (behatzlacha &#8211; palju \u00f5nne)!<\/p>\n<\/div><\/div>\n\r\n<section class=\"learnNavigationSection\">\r\n            \r\n        <a href=\"https:\/\/talkpal.ai\/et\/opi-heebrea-keel\/\">\r\n            <div class=\"learnNavigationWrapper\">\r\n                <div class=\"learnNavigationContent\">\r\n                    <img decoding=\"async\" src=\"https:\/\/talkpal.ai\/wp-content\/uploads\/2024\/08\/Hebrew.jpg\" alt=\"Israel Flag\">\r\n                    <div>\r\n                        <h4>Heebrea keele \u00f5ppimise kohta<\/h4>\r\n                        <p>Uurige k\u00f5ike heebrea keele grammatika kohta.<\/p>\r\n                    <\/div>\r\n                <\/div>\r\n            <\/div>\r\n        <\/a>\r\n\r\n        \r\n        <a href=\"https:\/\/talkpal.ai\/et\/heebrea-keele-grammatika-harjutused\/\">\r\n            <div class=\"learnNavigationWrapper\">\r\n                <div class=\"learnNavigationContent\">\r\n                    <img decoding=\"async\" src=\"https:\/\/talkpal.ai\/wp-content\/uploads\/2024\/08\/Hebrew.jpg\" alt=\"Israel Flag\">\r\n                    <div>\r\n                        <h4>Heebrea keele grammatika harjutus<\/h4>\r\n                        <p>Harjutage heebrea keele grammatikat.<\/p>\r\n                    <\/div>\r\n                <\/div>\r\n            <\/div>\r\n        <\/a>\r\n\r\n        \r\n        <a href=\"https:\/\/talkpal.ai\/vocabulary_language\/hebrew\/\">\r\n            <div class=\"learnNavigationWrapper\">\r\n                <div class=\"learnNavigationContent\">\r\n                    <img decoding=\"async\" src=\"https:\/\/talkpal.ai\/wp-content\/uploads\/2024\/08\/Hebrew.jpg\" alt=\"Israel Flag\">\r\n                    <div>\r\n                        <h4>Heebrea keele s\u00f5navara<\/h4>\r\n                        <p>Laiendage oma heebrea keele s\u00f5navara.<\/p>\r\n                    <\/div>\r\n                <\/div>\r\n            <\/div>\r\n        <\/a>\r\n\r\n            <\/section>","protected":false},"excerpt":{"rendered":"<p>Heebrea keele grammatika valdamine: teie \u00fclim juhend Shalom, keelehuvilised! Kas olete valmis sukelduma heebrea keele grammatika p\u00f5nevasse maailma? Olete j\u00f5udnud \u00f5igesse kohta. See artikkel, mis on t\u00e4is kergesti m\u00f5istetavat teavet ja vestluslikku tooni, juhatab teid l\u00e4bi heebrea grammatika h\u00fcpnotiseeriva valdkonna. Peagi suudate luua lauseid ja pidada emakeelena k\u00f5nelejatega sisukaid vestlusi. Nii et alustame oma teekonda [&hellip;]<\/p>\n","protected":false},"author":1,"featured_media":112999,"parent":0,"menu_order":0,"comment_status":"closed","ping_status":"closed","template":"LearningContentPage.php","meta":{"_acf_changed":false,"footnotes":""},"class_list":["post-144213","page","type-page","status-publish","has-post-thumbnail","hentry"],"acf":[],"yoast_head":"<!-- This site is optimized with the Yoast SEO Premium plugin v27.2 (Yoast SEO v27.2) - https:\/\/yoast.com\/product\/yoast-seo-premium-wordpress\/ -->\n<title>Heebrea keele grammatika - Talkpal<\/title>\n<meta name=\"description\" content=\"Parandage oma heebrea keele grammatikat enesekindlalt - \u00f5ppige p\u00f5hireegleid, moodustage \u00f5igeid lauseid ja suhtlege selgelt koos Talkpallihtsate tehisintellekti \u00f5ppetundidega.\" \/>\n<meta name=\"robots\" content=\"index, follow, max-snippet:-1, max-image-preview:large, max-video-preview:-1\" \/>\n<link rel=\"canonical\" href=\"https:\/\/talkpal.ai\/et\/heebrea-keele-grammatika\/\" \/>\n<meta property=\"og:locale\" content=\"et_EE\" \/>\n<meta property=\"og:type\" content=\"article\" \/>\n<meta property=\"og:title\" content=\"Heebrea keele grammatika\" \/>\n<meta property=\"og:description\" content=\"Heebrea keele grammatika valdamine: teie \u00fclim juhend Shalom, keelehuvilised! Kas olete valmis sukelduma heebrea keele grammatika p\u00f5nevasse maailma? Olete\" \/>\n<meta property=\"og:url\" content=\"https:\/\/talkpal.ai\/et\/heebrea-keele-grammatika\/\" \/>\n<meta property=\"og:site_name\" content=\"Talkpal\" \/>\n<meta property=\"article:publisher\" content=\"https:\/\/www.facebook.com\/profile.php?id=100090733639311\" \/>\n<meta property=\"article:modified_time\" content=\"2025-12-13T15:39:58+00:00\" \/>\n<meta property=\"og:image\" content=\"https:\/\/talkpal.ai\/wp-content\/uploads\/2023\/05\/israel.png\" \/>\n\t<meta property=\"og:image:width\" content=\"512\" \/>\n\t<meta property=\"og:image:height\" content=\"512\" \/>\n\t<meta property=\"og:image:type\" content=\"image\/png\" \/>\n<meta name=\"twitter:card\" content=\"summary_large_image\" \/>\n<meta name=\"twitter:site\" content=\"@talkpalai\" \/>\n<meta name=\"twitter:label1\" content=\"Est. reading time\" \/>\n\t<meta name=\"twitter:data1\" content=\"2 minutit\" \/>\n<script type=\"application\/ld+json\" class=\"yoast-schema-graph\">{\"@context\":\"https:\/\/schema.org\",\"@graph\":[{\"@type\":\"WebPage\",\"@id\":\"https:\/\/talkpal.ai\/et\/heebrea-keele-grammatika\/\",\"url\":\"https:\/\/talkpal.ai\/et\/heebrea-keele-grammatika\/\",\"name\":\"Heebrea keele grammatika - Talkpal\",\"isPartOf\":{\"@id\":\"https:\/\/talkpal.ai\/et\/#website\"},\"primaryImageOfPage\":{\"@id\":\"https:\/\/talkpal.ai\/et\/heebrea-keele-grammatika\/#primaryimage\"},\"image\":{\"@id\":\"https:\/\/talkpal.ai\/et\/heebrea-keele-grammatika\/#primaryimage\"},\"thumbnailUrl\":\"https:\/\/talkpal.ai\/wp-content\/uploads\/2023\/05\/israel.png\",\"datePublished\":\"2023-05-14T14:04:48+00:00\",\"dateModified\":\"2025-12-13T15:39:58+00:00\",\"description\":\"Parandage oma heebrea keele grammatikat enesekindlalt - \u00f5ppige p\u00f5hireegleid, moodustage \u00f5igeid lauseid ja suhtlege selgelt koos Talkpallihtsate tehisintellekti \u00f5ppetundidega.\",\"breadcrumb\":{\"@id\":\"https:\/\/talkpal.ai\/et\/heebrea-keele-grammatika\/#breadcrumb\"},\"inLanguage\":\"et\",\"potentialAction\":[{\"@type\":\"ReadAction\",\"target\":[\"https:\/\/talkpal.ai\/et\/heebrea-keele-grammatika\/\"]}]},{\"@type\":\"ImageObject\",\"inLanguage\":\"et\",\"@id\":\"https:\/\/talkpal.ai\/et\/heebrea-keele-grammatika\/#primaryimage\",\"url\":\"https:\/\/talkpal.ai\/wp-content\/uploads\/2023\/05\/israel.png\",\"contentUrl\":\"https:\/\/talkpal.ai\/wp-content\/uploads\/2023\/05\/israel.png\",\"width\":512,\"height\":512},{\"@type\":\"BreadcrumbList\",\"@id\":\"https:\/\/talkpal.ai\/et\/heebrea-keele-grammatika\/#breadcrumb\",\"itemListElement\":[{\"@type\":\"ListItem\",\"position\":1,\"name\":\"Homepage\",\"item\":\"https:\/\/talkpal.ai\/et\/\"},{\"@type\":\"ListItem\",\"position\":2,\"name\":\"Heebrea keele grammatika\"}]},{\"@type\":\"WebSite\",\"@id\":\"https:\/\/talkpal.ai\/et\/#website\",\"url\":\"https:\/\/talkpal.ai\/et\/\",\"name\":\"Talkpal\",\"description\":\"AI Language Learning\",\"publisher\":{\"@id\":\"https:\/\/talkpal.ai\/et\/#organization\"},\"alternateName\":\"Talkpal AI\",\"potentialAction\":[{\"@type\":\"SearchAction\",\"target\":{\"@type\":\"EntryPoint\",\"urlTemplate\":\"https:\/\/talkpal.ai\/et\/?s={search_term_string}\"},\"query-input\":{\"@type\":\"PropertyValueSpecification\",\"valueRequired\":true,\"valueName\":\"search_term_string\"}}],\"inLanguage\":\"et\"},{\"@type\":\"Organization\",\"@id\":\"https:\/\/talkpal.ai\/et\/#organization\",\"name\":\"Talkpal, Inc.\",\"alternateName\":\"Talkpal AI\",\"url\":\"https:\/\/talkpal.ai\/et\/\",\"logo\":{\"@type\":\"ImageObject\",\"inLanguage\":\"et\",\"@id\":\"https:\/\/talkpal.ai\/et\/#\/schema\/logo\/image\/\",\"url\":\"https:\/\/talkpal.ai\/wp-content\/uploads\/2024\/03\/Talkpal-Logo-Icon.png\",\"contentUrl\":\"https:\/\/talkpal.ai\/wp-content\/uploads\/2024\/03\/Talkpal-Logo-Icon.png\",\"width\":2880,\"height\":2880,\"caption\":\"Talkpal, Inc.\"},\"image\":{\"@id\":\"https:\/\/talkpal.ai\/et\/#\/schema\/logo\/image\/\"},\"sameAs\":[\"https:\/\/www.facebook.com\/profile.php?id=100090733639311\",\"https:\/\/x.com\/talkpalai\",\"https:\/\/www.linkedin.com\/company\/talkpal\/\",\"https:\/\/www.youtube.com\/@TalkPal\/\",\"https:\/\/www.tiktok.com\/@talkpal\",\"https:\/\/www.instagram.com\/talkpal_ai\/\",\"https:\/\/www.crunchbase.com\/organization\/talkpal-9cde\",\"https:\/\/www.g2.com\/products\/talkpal-for-business\/\",\"https:\/\/www.trustpilot.com\/review\/talkpal.ai\",\"https:\/\/www.capterra.com\/p\/10006800\/TalkPal\/\"],\"description\":\"Talkpal is a language learning web and mobile education app, powered by the latest AI technologies, that provides engaging experiences to its customers in many different languages to help them improve their language skills. Users can chat about unlimited amount of topics with the app and use other modes to practice their language learning.\",\"email\":\"support@talkpal.ai\",\"legalName\":\"Talkpal, Inc.\",\"foundingDate\":\"2023-04-03\",\"duns\":\"118989042\",\"numberOfEmployees\":{\"@type\":\"QuantitativeValue\",\"minValue\":\"11\",\"maxValue\":\"50\"},\"publishingPrinciples\":\"https:\/\/talkpal.ai\/publishing-principles\/\",\"actionableFeedbackPolicy\":\"https:\/\/talkpal.ai\/actionable-feedback-policy\/\",\"correctionsPolicy\":\"https:\/\/talkpal.ai\/corrections-policy\/\",\"ethicsPolicy\":\"https:\/\/talkpal.ai\/ethics-policy\/\",\"diversityPolicy\":\"https:\/\/talkpal.ai\/diversity-policy\/\",\"diversityStaffingReport\":\"https:\/\/talkpal.ai\/diversity-policy\/\"}]}<\/script>\n<!-- \/ Yoast SEO Premium plugin. -->","yoast_head_json":{"title":"Heebrea keele grammatika - Talkpal","description":"Parandage oma heebrea keele grammatikat enesekindlalt - \u00f5ppige p\u00f5hireegleid, moodustage \u00f5igeid lauseid ja suhtlege selgelt koos Talkpallihtsate tehisintellekti \u00f5ppetundidega.","robots":{"index":"index","follow":"follow","max-snippet":"max-snippet:-1","max-image-preview":"max-image-preview:large","max-video-preview":"max-video-preview:-1"},"canonical":"https:\/\/talkpal.ai\/et\/heebrea-keele-grammatika\/","og_locale":"et_EE","og_type":"article","og_title":"Heebrea keele grammatika","og_description":"Heebrea keele grammatika valdamine: teie \u00fclim juhend Shalom, keelehuvilised! Kas olete valmis sukelduma heebrea keele grammatika p\u00f5nevasse maailma? Olete","og_url":"https:\/\/talkpal.ai\/et\/heebrea-keele-grammatika\/","og_site_name":"Talkpal","article_publisher":"https:\/\/www.facebook.com\/profile.php?id=100090733639311","article_modified_time":"2025-12-13T15:39:58+00:00","og_image":[{"width":512,"height":512,"url":"https:\/\/talkpal.ai\/wp-content\/uploads\/2023\/05\/israel.png","type":"image\/png"}],"twitter_card":"summary_large_image","twitter_site":"@talkpalai","twitter_misc":{"Est. reading time":"2 minutit"},"schema":{"@context":"https:\/\/schema.org","@graph":[{"@type":"WebPage","@id":"https:\/\/talkpal.ai\/et\/heebrea-keele-grammatika\/","url":"https:\/\/talkpal.ai\/et\/heebrea-keele-grammatika\/","name":"Heebrea keele grammatika - Talkpal","isPartOf":{"@id":"https:\/\/talkpal.ai\/et\/#website"},"primaryImageOfPage":{"@id":"https:\/\/talkpal.ai\/et\/heebrea-keele-grammatika\/#primaryimage"},"image":{"@id":"https:\/\/talkpal.ai\/et\/heebrea-keele-grammatika\/#primaryimage"},"thumbnailUrl":"https:\/\/talkpal.ai\/wp-content\/uploads\/2023\/05\/israel.png","datePublished":"2023-05-14T14:04:48+00:00","dateModified":"2025-12-13T15:39:58+00:00","description":"Parandage oma heebrea keele grammatikat enesekindlalt - \u00f5ppige p\u00f5hireegleid, moodustage \u00f5igeid lauseid ja suhtlege selgelt koos Talkpallihtsate tehisintellekti \u00f5ppetundidega.","breadcrumb":{"@id":"https:\/\/talkpal.ai\/et\/heebrea-keele-grammatika\/#breadcrumb"},"inLanguage":"et","potentialAction":[{"@type":"ReadAction","target":["https:\/\/talkpal.ai\/et\/heebrea-keele-grammatika\/"]}]},{"@type":"ImageObject","inLanguage":"et","@id":"https:\/\/talkpal.ai\/et\/heebrea-keele-grammatika\/#primaryimage","url":"https:\/\/talkpal.ai\/wp-content\/uploads\/2023\/05\/israel.png","contentUrl":"https:\/\/talkpal.ai\/wp-content\/uploads\/2023\/05\/israel.png","width":512,"height":512},{"@type":"BreadcrumbList","@id":"https:\/\/talkpal.ai\/et\/heebrea-keele-grammatika\/#breadcrumb","itemListElement":[{"@type":"ListItem","position":1,"name":"Homepage","item":"https:\/\/talkpal.ai\/et\/"},{"@type":"ListItem","position":2,"name":"Heebrea keele grammatika"}]},{"@type":"WebSite","@id":"https:\/\/talkpal.ai\/et\/#website","url":"https:\/\/talkpal.ai\/et\/","name":"Talkpal","description":"AI Language Learning","publisher":{"@id":"https:\/\/talkpal.ai\/et\/#organization"},"alternateName":"Talkpal AI","potentialAction":[{"@type":"SearchAction","target":{"@type":"EntryPoint","urlTemplate":"https:\/\/talkpal.ai\/et\/?s={search_term_string}"},"query-input":{"@type":"PropertyValueSpecification","valueRequired":true,"valueName":"search_term_string"}}],"inLanguage":"et"},{"@type":"Organization","@id":"https:\/\/talkpal.ai\/et\/#organization","name":"Talkpal, Inc.","alternateName":"Talkpal AI","url":"https:\/\/talkpal.ai\/et\/","logo":{"@type":"ImageObject","inLanguage":"et","@id":"https:\/\/talkpal.ai\/et\/#\/schema\/logo\/image\/","url":"https:\/\/talkpal.ai\/wp-content\/uploads\/2024\/03\/Talkpal-Logo-Icon.png","contentUrl":"https:\/\/talkpal.ai\/wp-content\/uploads\/2024\/03\/Talkpal-Logo-Icon.png","width":2880,"height":2880,"caption":"Talkpal, Inc."},"image":{"@id":"https:\/\/talkpal.ai\/et\/#\/schema\/logo\/image\/"},"sameAs":["https:\/\/www.facebook.com\/profile.php?id=100090733639311","https:\/\/x.com\/talkpalai","https:\/\/www.linkedin.com\/company\/talkpal\/","https:\/\/www.youtube.com\/@TalkPal\/","https:\/\/www.tiktok.com\/@talkpal","https:\/\/www.instagram.com\/talkpal_ai\/","https:\/\/www.crunchbase.com\/organization\/talkpal-9cde","https:\/\/www.g2.com\/products\/talkpal-for-business\/","https:\/\/www.trustpilot.com\/review\/talkpal.ai","https:\/\/www.capterra.com\/p\/10006800\/TalkPal\/"],"description":"Talkpal is a language learning web and mobile education app, powered by the latest AI technologies, that provides engaging experiences to its customers in many different languages to help them improve their language skills. Users can chat about unlimited amount of topics with the app and use other modes to practice their language learning.","email":"support@talkpal.ai","legalName":"Talkpal, Inc.","foundingDate":"2023-04-03","duns":"118989042","numberOfEmployees":{"@type":"QuantitativeValue","minValue":"11","maxValue":"50"},"publishingPrinciples":"https:\/\/talkpal.ai\/publishing-principles\/","actionableFeedbackPolicy":"https:\/\/talkpal.ai\/actionable-feedback-policy\/","correctionsPolicy":"https:\/\/talkpal.ai\/corrections-policy\/","ethicsPolicy":"https:\/\/talkpal.ai\/ethics-policy\/","diversityPolicy":"https:\/\/talkpal.ai\/diversity-policy\/","diversityStaffingReport":"https:\/\/talkpal.ai\/diversity-policy\/"}]}},"_links":{"self":[{"href":"https:\/\/talkpal.ai\/et\/wp-json\/wp\/v2\/pages\/144213","targetHints":{"allow":["GET"]}}],"collection":[{"href":"https:\/\/talkpal.ai\/et\/wp-json\/wp\/v2\/pages"}],"about":[{"href":"https:\/\/talkpal.ai\/et\/wp-json\/wp\/v2\/types\/page"}],"author":[{"embeddable":true,"href":"https:\/\/talkpal.ai\/et\/wp-json\/wp\/v2\/users\/1"}],"replies":[{"embeddable":true,"href":"https:\/\/talkpal.ai\/et\/wp-json\/wp\/v2\/comments?post=144213"}],"version-history":[{"count":0,"href":"https:\/\/talkpal.ai\/et\/wp-json\/wp\/v2\/pages\/144213\/revisions"}],"wp:featuredmedia":[{"embeddable":true,"href":"https:\/\/talkpal.ai\/et\/wp-json\/wp\/v2\/media\/112999"}],"wp:attachment":[{"href":"https:\/\/talkpal.ai\/et\/wp-json\/wp\/v2\/media?parent=144213"}],"curies":[{"name":"wp","href":"https:\/\/api.w.org\/{rel}","templated":true}]}}