{"id":143910,"date":"2023-05-14T14:03:43","date_gmt":"2023-05-14T14:03:43","guid":{"rendered":"http:\/\/talkpal.ai\/galicia-grammatika\/"},"modified":"2025-12-13T15:35:55","modified_gmt":"2025-12-13T15:35:55","slug":"galicia-grammatika","status":"publish","type":"page","link":"https:\/\/talkpal.ai\/et\/galicia-grammatika\/","title":{"rendered":"Galicia grammatika"},"content":{"rendered":"\r\n\r\n\r\n<section class=\"languageChallengeSection\">\r\n    <div class=\"languageInfoWrapper\">\r\n        \r\n        <h1>Galicia grammatika<\/h1>\r\n        <p>Avastage galiitsia keele v\u00f5lu, \u00f5ppides selle p\u00f5hilisi grammatikareegleid. Galiitsia keele <a href=\"https:\/\/talkpal.ai\/greek-grammar\/\">grammatika<\/a> m\u00f5istmine avab uksed sisulisele suhtlusele ja <a href=\"https:\/\/talkpal.ai\/learn-galician\/\">Galicia<\/a> elava kultuuri s\u00fcgavamale hindamisele. Alusta galiitsia keele grammatika \u00f5ppimist juba t\u00e4na ja astu esimene samm sujuva keeleoskuse suunas!<\/p>\r\n\r\n                            <a class=\"getStartedHidden\" href=\"https:\/\/app.talkpal.ai\/et\/signup?lng=\">Alusta<\/a>\r\n        \r\n    <\/div>\r\n\r\n    <figure>\r\n    <img decoding=\"async\" width=\"768\" height=\"768\" src=\"https:\/\/talkpal.ai\/wp-content\/uploads\/2023\/06\/galician-768x768.png\" class=\"languageImage no-lazy\" alt=\"Language immersion powerful learning method\" fetchpriority=\"high\" sizes=\"(max-width: 768px) 150px, 768px\" srcset=\"https:\/\/talkpal.ai\/wp-content\/uploads\/2023\/06\/galician-768x768.png 768w, https:\/\/talkpal.ai\/wp-content\/uploads\/2023\/06\/galician-300x300.png 300w\" \/>\r\n    \r\n\r\n    <\/figure>\r\n\r\n            <a class=\"getStartedVisible\" href=\"https:\/\/app.talkpal.ai\/et\/signup?lng=\">Alusta<\/a>\r\n    \r\n<\/section>\r\n<section class=\"promotionalBanner\">\r\n    <p class=\"promotionalText\">K\u00f5ige t\u00f5husam viis keele \u00f5ppimiseks<\/p>\r\n    <a class=\"promotionalLink\" href=\"https:\/\/app.talkpal.ai\/et\/signup?lng=\">Proovige Talkpal tasuta<\/a>\r\n<\/section>\n<div class=\"wp-block-group pageContainerStyle\"><div class=\"wp-block-group__inner-container is-layout-constrained wp-block-group-is-layout-constrained\">\n<h2 class=\"wp-block-heading\" id=\"h-galician-grammar-unlocking-the-beauty-of-a-romance-language\">Galicia grammatika: romaani keele ilu avamine<\/h2>\n\n\n\n<p><a href=\"https:\/\/talkpal.ai\/et\/opi-galicia-keel\/\">Galicia keel<\/a>, romaani keel, mida r\u00e4\u00e4gib \u00fcle kahe miljoni inimese Loode-Hispaanias, on ainulaadne ja k\u00fctkestav dialekt, millel on sarnasusi <a href=\"https:\/\/talkpal.ai\/learn-portuguese\/\">portugali<\/a> keelega. Sellel on oman\u00e4oline fonoloogia, p\u00f5nev ajalugu ja elav poeetiline traditsioon. Selle lummava keele valdamiseks on oluline m\u00f5ista selle grammatikat. Selles artiklis uurime galiitsia keele grammatika olulisi aspekte ja anname n\u00f5uandeid, mis aitavad teil sellel keeleteekonnal silma paista.<\/p>\n\n\n\n<h3 class=\"wp-block-heading\" id=\"h-key-components-of-galician-grammar\">Galicia grammatika p\u00f5hikomponendid:<\/h3>\n\n\n\n<p>Galicia grammatika, nagu ka teised romaani keeled, koosneb erinevatest reeglitest ja struktuuridest, mis m\u00e4\u00e4ratlevad selle \u00f5ige kasutamise. Siin on m\u00f5ned Galicia grammatika p\u00f5hiaspektid, mida peaksite tundma:<\/p>\n\n\n\n<p><strong>1. Nimis\u00f5nad:<\/strong> Galicia nimis\u00f5nadel on kaks grammatilist sugu (mehelik ja naiselik) ning need on arvuliselt k\u00e4\u00e4ndunud (ainsus ja mitmus). Nimis\u00f5na sugu m\u00f5jutab sellega kaasnevate artiklite, omaduss\u00f5nade ja ases\u00f5nade vormi.<\/p>\n\n\n\n<p><strong>2. Artiklid:<\/strong> Galicial on kindlad artiklid (o, os, a, as) ja m\u00e4\u00e4ramata artiklid (un, uns, unha, unhas). Kindlaid artikleid kasutatakse konkreetsetele objektidele v\u00f5i inimestele viitamiseks, samas kui m\u00e4\u00e4ramata artikleid kasutatakse \u00fcldiste v\u00f5i mittespetsiifiliste viidete jaoks.<\/p>\n\n\n\n<p><strong>3. Omaduss\u00f5nad ja m\u00e4\u00e4rs\u00f5nad: Omaduss\u00f5nad<\/strong> galeegi keeles n\u00f5ustuvad tavaliselt soo ja arvuga nimis\u00f5nadega, mida nad muudavad. Adverbid seevastu on muutumatud ja ei muutu vastavalt nimis\u00f5na soole v\u00f5i arvule.<\/p>\n\n\n\n<p><strong>4. Tegus\u00f5nad:<\/strong> Galicia verbid on konjugeeritud kolmes korrap\u00e4rases mustris (ar, er, ir) ja mitmesugustes ebakorrap\u00e4rastes mustrites. Tegus\u00f5nad on k\u00e4\u00e4natud vastavalt pingele (olevik, minevik, tulevik jne), meeleolule (soovituslik, subjunktiivne, imperatiivne), aspektile (t\u00e4iuslik, ebat\u00e4iuslik) ja h\u00e4\u00e4lele (aktiivne, passiivne). Ases\u00f5nad j\u00e4etakse verbi konjugatsioonis sageli v\u00e4lja, kuna verbi vorm n\u00e4itab tavaliselt teemat.<\/p>\n\n\n\n<p><strong>5. Lauseehitus:<\/strong> galeegi keeles kasutatakse s\u00f5ltuvalt r\u00f5huasetusest ja kontekstist tavaliselt subjekti-verbi-objekti (SVO) v\u00f5i verbi-subjekti-objekti (VSO) s\u00f5nade j\u00e4rjekorda. Kuid see s\u00f5nade j\u00e4rjekord on paindlik.<\/p>\n\n\n\n<h3 class=\"wp-block-heading\" id=\"h-tips-for-learning-galician-grammar\">N\u00e4pun\u00e4iteid galeegi grammatika \u00f5ppimiseks:<\/h3>\n\n\n\n<p>Galicia grammatika \u00f5ppimise teekonnal silma paistmiseks kaaluge j\u00e4rgmisi kasulikke strateegiaid:<\/p>\n\n\n\n<p><strong>1. Regulaarne harjutamine:<\/strong> j\u00e4rjepidevus on v\u00f5ti. P\u00fchendage <a href=\"https:\/\/talkpal.ai\/locations\/language-courses-in-iga\/\">iga<\/a> p\u00e4ev v\u00f5i n\u00e4dal kindlad kellaajad, et harjutada grammatikaharjutusi, lugemist ja kirjutamist galeegi keeles.<\/p>\n\n\n\n<p><strong>2. Kasutage kohalikke ressursse:<\/strong> sukelduge autentsetesse Galicia materjalidesse, nagu kirjandus, uudisteartiklid ja filmid. See mitte ainult ei aita teil n\u00e4ha Galicia grammatikat kontekstis, vaid parandab ka teie lugemis- ja kuulamisoskust.<\/p>\n\n\n\n<p><strong>3. \u00d5ppige nimis\u00f5na sugusid ja artikleid:<\/strong> tutvuge Galicia nimis\u00f5na soodega ja artiklite \u00f5ige kasutamisega. See on t\u00e4psete ja sidusate lausete moodustamiseks \u00fclioluline.<\/p>\n\n\n\n<p><strong>4. V\u00f5tke \u00fchendust emakeelena k\u00f5nelejatega:<\/strong> suhelge galeegi keelt emakeelena r\u00e4\u00e4kivate inimestega keelevahetusprogrammide, sotsiaalmeedia v\u00f5i veebifoorumite kaudu. See annab v\u00f5imaluse harjutada grammatikat reaalsetes vestlustes ja saada v\u00e4\u00e4rtuslikku tagasisidet.<\/p>\n\n\n\n<p><strong>5. Kannatlikkus ja p\u00fcsivus:<\/strong> uue keele <a href=\"https:\/\/talkpal.ai\/et\/oppimine\/\">\u00f5ppimine<\/a> n\u00f5uab aega, otsustavust ja kannatlikkust. V\u00f5tke vastu v\u00e4ljakutsed ja t\u00e4histage oma edusamme sellel teel.<\/p>\n\n\n\n<h2 class=\"wp-block-heading\" id=\"h-conclusion\">J\u00e4reldus:<\/h2>\n\n\n\n<p>Galicia grammatika, millel on ainulaadsed omadused ja seos romaani keeleperekonnaga, omab v\u00f5tit selle k\u00fctkestava murde valdamiseks. Kui m\u00f5istate selle p\u00f5hikomponente ja j\u00e4rgite meie \u00f5pistrateegiaid, siis olete keeleoskuse saavutamise teel. Niisiis, asuge sellele virgutavale teekonnale ja avage Galicia keele imed!<\/p>\n<\/div><\/div>\n\r\n<section class=\"learnNavigationSection\">\r\n            \r\n        <a href=\"https:\/\/talkpal.ai\/et\/opi-galicia-keel\/\">\r\n            <div class=\"learnNavigationWrapper\">\r\n                <div class=\"learnNavigationContent\">\r\n                    <img decoding=\"async\" src=\"https:\/\/talkpal.ai\/wp-content\/uploads\/2024\/08\/Galician.jpg\" alt=\"Galicia Flag\">\r\n                    <div>\r\n                        <h4>Galicia \u00f5ppimise kohta<\/h4>\r\n                        <p>Uuri k\u00f5ike Galicia grammatika kohta .<\/p>\r\n                    <\/div>\r\n                <\/div>\r\n            <\/div>\r\n        <\/a>\r\n\r\n        \r\n        <a href=\"https:\/\/talkpal.ai\/et\/galicia-grammatika-harjutused\/\">\r\n            <div class=\"learnNavigationWrapper\">\r\n                <div class=\"learnNavigationContent\">\r\n                    <img decoding=\"async\" src=\"https:\/\/talkpal.ai\/wp-content\/uploads\/2024\/08\/Galician.jpg\" alt=\"Galicia Flag\">\r\n                    <div>\r\n                        <h4>Galicia keele grammatika harjutus<\/h4>\r\n                        <p>Harjutage Galicia grammatikat.<\/p>\r\n                    <\/div>\r\n                <\/div>\r\n            <\/div>\r\n        <\/a>\r\n\r\n        \r\n        <a href=\"https:\/\/talkpal.ai\/vocabulary_language\/galician\/\">\r\n            <div class=\"learnNavigationWrapper\">\r\n                <div class=\"learnNavigationContent\">\r\n                    <img decoding=\"async\" src=\"https:\/\/talkpal.ai\/wp-content\/uploads\/2024\/08\/Galician.jpg\" alt=\"Galicia Flag\">\r\n                    <div>\r\n                        <h4>Galicia s\u00f5navara<\/h4>\r\n                        <p>Laiendage oma galiitsia keele s\u00f5navara.<\/p>\r\n                    <\/div>\r\n                <\/div>\r\n            <\/div>\r\n        <\/a>\r\n\r\n            <\/section>","protected":false},"excerpt":{"rendered":"<p>Galicia grammatika: romaani keele ilu avamine Galicia keel, romaani keel, mida r\u00e4\u00e4gib \u00fcle kahe miljoni inimese Loode-Hispaanias, on ainulaadne ja k\u00fctkestav dialekt, millel on sarnasusi portugali keelega. Sellel on oman\u00e4oline fonoloogia, p\u00f5nev ajalugu ja elav poeetiline traditsioon. Selle lummava keele valdamiseks on oluline m\u00f5ista selle grammatikat. Selles artiklis uurime galiitsia keele grammatika olulisi aspekte ja [&hellip;]<\/p>\n","protected":false},"author":1,"featured_media":112036,"parent":0,"menu_order":0,"comment_status":"closed","ping_status":"closed","template":"LearningContentPage.php","meta":{"_acf_changed":false,"footnotes":""},"class_list":["post-143910","page","type-page","status-publish","has-post-thumbnail","hentry"],"acf":[],"yoast_head":"<!-- This site is optimized with the Yoast SEO Premium plugin v27.2 (Yoast SEO v27.2) - https:\/\/yoast.com\/product\/yoast-seo-premium-wordpress\/ -->\n<title>Galicia grammatika - Talkpal<\/title>\n<meta name=\"description\" content=\"\u00d5ppige galiitsia keele grammatika h\u00f5lpsasti - \u00f5ppige reegleid, ehitage \u00f5igeid lauseid ja suhtlege selgelt.\" \/>\n<meta name=\"robots\" content=\"index, follow, max-snippet:-1, max-image-preview:large, max-video-preview:-1\" \/>\n<link rel=\"canonical\" href=\"https:\/\/talkpal.ai\/et\/galicia-grammatika\/\" \/>\n<meta property=\"og:locale\" content=\"et_EE\" \/>\n<meta property=\"og:type\" content=\"article\" \/>\n<meta property=\"og:title\" content=\"Galicia grammatika\" \/>\n<meta property=\"og:description\" content=\"Galicia grammatika: romaani keele ilu avamine Galicia keel, romaani keel, mida r\u00e4\u00e4gib \u00fcle kahe miljoni inimese Loode-Hispaanias, on ainulaadne ja\" \/>\n<meta property=\"og:url\" content=\"https:\/\/talkpal.ai\/et\/galicia-grammatika\/\" \/>\n<meta property=\"og:site_name\" content=\"Talkpal\" \/>\n<meta property=\"article:publisher\" content=\"https:\/\/www.facebook.com\/profile.php?id=100090733639311\" \/>\n<meta property=\"article:modified_time\" content=\"2025-12-13T15:35:55+00:00\" \/>\n<meta property=\"og:image\" content=\"https:\/\/talkpal.ai\/wp-content\/uploads\/2023\/05\/Galician-spain.png\" \/>\n\t<meta property=\"og:image:width\" content=\"512\" \/>\n\t<meta property=\"og:image:height\" content=\"512\" \/>\n\t<meta property=\"og:image:type\" content=\"image\/png\" \/>\n<meta name=\"twitter:card\" content=\"summary_large_image\" \/>\n<meta name=\"twitter:site\" content=\"@talkpalai\" \/>\n<meta name=\"twitter:label1\" content=\"Est. reading time\" \/>\n\t<meta name=\"twitter:data1\" content=\"2 minutit\" \/>\n<script type=\"application\/ld+json\" class=\"yoast-schema-graph\">{\"@context\":\"https:\/\/schema.org\",\"@graph\":[{\"@type\":\"WebPage\",\"@id\":\"https:\/\/talkpal.ai\/et\/galicia-grammatika\/\",\"url\":\"https:\/\/talkpal.ai\/et\/galicia-grammatika\/\",\"name\":\"Galicia grammatika - Talkpal\",\"isPartOf\":{\"@id\":\"https:\/\/talkpal.ai\/et\/#website\"},\"primaryImageOfPage\":{\"@id\":\"https:\/\/talkpal.ai\/et\/galicia-grammatika\/#primaryimage\"},\"image\":{\"@id\":\"https:\/\/talkpal.ai\/et\/galicia-grammatika\/#primaryimage\"},\"thumbnailUrl\":\"https:\/\/talkpal.ai\/wp-content\/uploads\/2023\/05\/Galician-spain.png\",\"datePublished\":\"2023-05-14T14:03:43+00:00\",\"dateModified\":\"2025-12-13T15:35:55+00:00\",\"description\":\"\u00d5ppige galiitsia keele grammatika h\u00f5lpsasti - \u00f5ppige reegleid, ehitage \u00f5igeid lauseid ja suhtlege selgelt.\",\"breadcrumb\":{\"@id\":\"https:\/\/talkpal.ai\/et\/galicia-grammatika\/#breadcrumb\"},\"inLanguage\":\"et\",\"potentialAction\":[{\"@type\":\"ReadAction\",\"target\":[\"https:\/\/talkpal.ai\/et\/galicia-grammatika\/\"]}]},{\"@type\":\"ImageObject\",\"inLanguage\":\"et\",\"@id\":\"https:\/\/talkpal.ai\/et\/galicia-grammatika\/#primaryimage\",\"url\":\"https:\/\/talkpal.ai\/wp-content\/uploads\/2023\/05\/Galician-spain.png\",\"contentUrl\":\"https:\/\/talkpal.ai\/wp-content\/uploads\/2023\/05\/Galician-spain.png\",\"width\":512,\"height\":512},{\"@type\":\"BreadcrumbList\",\"@id\":\"https:\/\/talkpal.ai\/et\/galicia-grammatika\/#breadcrumb\",\"itemListElement\":[{\"@type\":\"ListItem\",\"position\":1,\"name\":\"Homepage\",\"item\":\"https:\/\/talkpal.ai\/et\/\"},{\"@type\":\"ListItem\",\"position\":2,\"name\":\"Galicia grammatika\"}]},{\"@type\":\"WebSite\",\"@id\":\"https:\/\/talkpal.ai\/et\/#website\",\"url\":\"https:\/\/talkpal.ai\/et\/\",\"name\":\"Talkpal\",\"description\":\"AI Language Learning\",\"publisher\":{\"@id\":\"https:\/\/talkpal.ai\/et\/#organization\"},\"alternateName\":\"Talkpal AI\",\"potentialAction\":[{\"@type\":\"SearchAction\",\"target\":{\"@type\":\"EntryPoint\",\"urlTemplate\":\"https:\/\/talkpal.ai\/et\/?s={search_term_string}\"},\"query-input\":{\"@type\":\"PropertyValueSpecification\",\"valueRequired\":true,\"valueName\":\"search_term_string\"}}],\"inLanguage\":\"et\"},{\"@type\":\"Organization\",\"@id\":\"https:\/\/talkpal.ai\/et\/#organization\",\"name\":\"Talkpal, Inc.\",\"alternateName\":\"Talkpal AI\",\"url\":\"https:\/\/talkpal.ai\/et\/\",\"logo\":{\"@type\":\"ImageObject\",\"inLanguage\":\"et\",\"@id\":\"https:\/\/talkpal.ai\/et\/#\/schema\/logo\/image\/\",\"url\":\"https:\/\/talkpal.ai\/wp-content\/uploads\/2024\/03\/Talkpal-Logo-Icon.png\",\"contentUrl\":\"https:\/\/talkpal.ai\/wp-content\/uploads\/2024\/03\/Talkpal-Logo-Icon.png\",\"width\":2880,\"height\":2880,\"caption\":\"Talkpal, Inc.\"},\"image\":{\"@id\":\"https:\/\/talkpal.ai\/et\/#\/schema\/logo\/image\/\"},\"sameAs\":[\"https:\/\/www.facebook.com\/profile.php?id=100090733639311\",\"https:\/\/x.com\/talkpalai\",\"https:\/\/www.linkedin.com\/company\/talkpal\/\",\"https:\/\/www.youtube.com\/@TalkPal\/\",\"https:\/\/www.tiktok.com\/@talkpal\",\"https:\/\/www.instagram.com\/talkpal_ai\/\",\"https:\/\/www.crunchbase.com\/organization\/talkpal-9cde\",\"https:\/\/www.g2.com\/products\/talkpal-for-business\/\",\"https:\/\/www.trustpilot.com\/review\/talkpal.ai\",\"https:\/\/www.capterra.com\/p\/10006800\/TalkPal\/\"],\"description\":\"Talkpal is a language learning web and mobile education app, powered by the latest AI technologies, that provides engaging experiences to its customers in many different languages to help them improve their language skills. Users can chat about unlimited amount of topics with the app and use other modes to practice their language learning.\",\"email\":\"support@talkpal.ai\",\"legalName\":\"Talkpal, Inc.\",\"foundingDate\":\"2023-04-03\",\"duns\":\"118989042\",\"numberOfEmployees\":{\"@type\":\"QuantitativeValue\",\"minValue\":\"11\",\"maxValue\":\"50\"},\"publishingPrinciples\":\"https:\/\/talkpal.ai\/publishing-principles\/\",\"actionableFeedbackPolicy\":\"https:\/\/talkpal.ai\/actionable-feedback-policy\/\",\"correctionsPolicy\":\"https:\/\/talkpal.ai\/corrections-policy\/\",\"ethicsPolicy\":\"https:\/\/talkpal.ai\/ethics-policy\/\",\"diversityPolicy\":\"https:\/\/talkpal.ai\/diversity-policy\/\",\"diversityStaffingReport\":\"https:\/\/talkpal.ai\/diversity-policy\/\"}]}<\/script>\n<!-- \/ Yoast SEO Premium plugin. -->","yoast_head_json":{"title":"Galicia grammatika - Talkpal","description":"\u00d5ppige galiitsia keele grammatika h\u00f5lpsasti - \u00f5ppige reegleid, ehitage \u00f5igeid lauseid ja suhtlege selgelt.","robots":{"index":"index","follow":"follow","max-snippet":"max-snippet:-1","max-image-preview":"max-image-preview:large","max-video-preview":"max-video-preview:-1"},"canonical":"https:\/\/talkpal.ai\/et\/galicia-grammatika\/","og_locale":"et_EE","og_type":"article","og_title":"Galicia grammatika","og_description":"Galicia grammatika: romaani keele ilu avamine Galicia keel, romaani keel, mida r\u00e4\u00e4gib \u00fcle kahe miljoni inimese Loode-Hispaanias, on ainulaadne ja","og_url":"https:\/\/talkpal.ai\/et\/galicia-grammatika\/","og_site_name":"Talkpal","article_publisher":"https:\/\/www.facebook.com\/profile.php?id=100090733639311","article_modified_time":"2025-12-13T15:35:55+00:00","og_image":[{"width":512,"height":512,"url":"https:\/\/talkpal.ai\/wp-content\/uploads\/2023\/05\/Galician-spain.png","type":"image\/png"}],"twitter_card":"summary_large_image","twitter_site":"@talkpalai","twitter_misc":{"Est. reading time":"2 minutit"},"schema":{"@context":"https:\/\/schema.org","@graph":[{"@type":"WebPage","@id":"https:\/\/talkpal.ai\/et\/galicia-grammatika\/","url":"https:\/\/talkpal.ai\/et\/galicia-grammatika\/","name":"Galicia grammatika - Talkpal","isPartOf":{"@id":"https:\/\/talkpal.ai\/et\/#website"},"primaryImageOfPage":{"@id":"https:\/\/talkpal.ai\/et\/galicia-grammatika\/#primaryimage"},"image":{"@id":"https:\/\/talkpal.ai\/et\/galicia-grammatika\/#primaryimage"},"thumbnailUrl":"https:\/\/talkpal.ai\/wp-content\/uploads\/2023\/05\/Galician-spain.png","datePublished":"2023-05-14T14:03:43+00:00","dateModified":"2025-12-13T15:35:55+00:00","description":"\u00d5ppige galiitsia keele grammatika h\u00f5lpsasti - \u00f5ppige reegleid, ehitage \u00f5igeid lauseid ja suhtlege selgelt.","breadcrumb":{"@id":"https:\/\/talkpal.ai\/et\/galicia-grammatika\/#breadcrumb"},"inLanguage":"et","potentialAction":[{"@type":"ReadAction","target":["https:\/\/talkpal.ai\/et\/galicia-grammatika\/"]}]},{"@type":"ImageObject","inLanguage":"et","@id":"https:\/\/talkpal.ai\/et\/galicia-grammatika\/#primaryimage","url":"https:\/\/talkpal.ai\/wp-content\/uploads\/2023\/05\/Galician-spain.png","contentUrl":"https:\/\/talkpal.ai\/wp-content\/uploads\/2023\/05\/Galician-spain.png","width":512,"height":512},{"@type":"BreadcrumbList","@id":"https:\/\/talkpal.ai\/et\/galicia-grammatika\/#breadcrumb","itemListElement":[{"@type":"ListItem","position":1,"name":"Homepage","item":"https:\/\/talkpal.ai\/et\/"},{"@type":"ListItem","position":2,"name":"Galicia grammatika"}]},{"@type":"WebSite","@id":"https:\/\/talkpal.ai\/et\/#website","url":"https:\/\/talkpal.ai\/et\/","name":"Talkpal","description":"AI Language Learning","publisher":{"@id":"https:\/\/talkpal.ai\/et\/#organization"},"alternateName":"Talkpal AI","potentialAction":[{"@type":"SearchAction","target":{"@type":"EntryPoint","urlTemplate":"https:\/\/talkpal.ai\/et\/?s={search_term_string}"},"query-input":{"@type":"PropertyValueSpecification","valueRequired":true,"valueName":"search_term_string"}}],"inLanguage":"et"},{"@type":"Organization","@id":"https:\/\/talkpal.ai\/et\/#organization","name":"Talkpal, Inc.","alternateName":"Talkpal AI","url":"https:\/\/talkpal.ai\/et\/","logo":{"@type":"ImageObject","inLanguage":"et","@id":"https:\/\/talkpal.ai\/et\/#\/schema\/logo\/image\/","url":"https:\/\/talkpal.ai\/wp-content\/uploads\/2024\/03\/Talkpal-Logo-Icon.png","contentUrl":"https:\/\/talkpal.ai\/wp-content\/uploads\/2024\/03\/Talkpal-Logo-Icon.png","width":2880,"height":2880,"caption":"Talkpal, Inc."},"image":{"@id":"https:\/\/talkpal.ai\/et\/#\/schema\/logo\/image\/"},"sameAs":["https:\/\/www.facebook.com\/profile.php?id=100090733639311","https:\/\/x.com\/talkpalai","https:\/\/www.linkedin.com\/company\/talkpal\/","https:\/\/www.youtube.com\/@TalkPal\/","https:\/\/www.tiktok.com\/@talkpal","https:\/\/www.instagram.com\/talkpal_ai\/","https:\/\/www.crunchbase.com\/organization\/talkpal-9cde","https:\/\/www.g2.com\/products\/talkpal-for-business\/","https:\/\/www.trustpilot.com\/review\/talkpal.ai","https:\/\/www.capterra.com\/p\/10006800\/TalkPal\/"],"description":"Talkpal is a language learning web and mobile education app, powered by the latest AI technologies, that provides engaging experiences to its customers in many different languages to help them improve their language skills. Users can chat about unlimited amount of topics with the app and use other modes to practice their language learning.","email":"support@talkpal.ai","legalName":"Talkpal, Inc.","foundingDate":"2023-04-03","duns":"118989042","numberOfEmployees":{"@type":"QuantitativeValue","minValue":"11","maxValue":"50"},"publishingPrinciples":"https:\/\/talkpal.ai\/publishing-principles\/","actionableFeedbackPolicy":"https:\/\/talkpal.ai\/actionable-feedback-policy\/","correctionsPolicy":"https:\/\/talkpal.ai\/corrections-policy\/","ethicsPolicy":"https:\/\/talkpal.ai\/ethics-policy\/","diversityPolicy":"https:\/\/talkpal.ai\/diversity-policy\/","diversityStaffingReport":"https:\/\/talkpal.ai\/diversity-policy\/"}]}},"_links":{"self":[{"href":"https:\/\/talkpal.ai\/et\/wp-json\/wp\/v2\/pages\/143910","targetHints":{"allow":["GET"]}}],"collection":[{"href":"https:\/\/talkpal.ai\/et\/wp-json\/wp\/v2\/pages"}],"about":[{"href":"https:\/\/talkpal.ai\/et\/wp-json\/wp\/v2\/types\/page"}],"author":[{"embeddable":true,"href":"https:\/\/talkpal.ai\/et\/wp-json\/wp\/v2\/users\/1"}],"replies":[{"embeddable":true,"href":"https:\/\/talkpal.ai\/et\/wp-json\/wp\/v2\/comments?post=143910"}],"version-history":[{"count":0,"href":"https:\/\/talkpal.ai\/et\/wp-json\/wp\/v2\/pages\/143910\/revisions"}],"wp:featuredmedia":[{"embeddable":true,"href":"https:\/\/talkpal.ai\/et\/wp-json\/wp\/v2\/media\/112036"}],"wp:attachment":[{"href":"https:\/\/talkpal.ai\/et\/wp-json\/wp\/v2\/media?parent=143910"}],"curies":[{"name":"wp","href":"https:\/\/api.w.org\/{rel}","templated":true}]}}