{"id":143543,"date":"2023-05-14T14:03:23","date_gmt":"2023-05-14T14:03:23","guid":{"rendered":"http:\/\/talkpal.ai\/taani-keele-grammatika\/"},"modified":"2025-12-13T15:27:20","modified_gmt":"2025-12-13T15:27:20","slug":"taani-keele-grammatika","status":"publish","type":"page","link":"https:\/\/talkpal.ai\/et\/taani-keele-grammatika\/","title":{"rendered":"Taani keele grammatika"},"content":{"rendered":"\r\n\r\n\r\n<section class=\"languageChallengeSection\">\r\n    <div class=\"languageInfoWrapper\">\r\n        \r\n        <h1>Taani keele grammatika<\/h1>\r\n        <p>Avage <a href=\"https:\/\/talkpal.ai\/danish-grammar\/\">taani keele grammatika<\/a> p\u00f5hit\u00f5ed ja alustage enesekindlalt suhtlemist selles v\u00f5luvas skandinaavia keeles. P\u00f5hireeglite ja -struktuuride omandamise kaudu omandate oskused, mis on vajalikud <a href=\"https:\/\/talkpal.ai\/learn-danish\/\">taani<\/a> keelt k\u00f5nelevate inimestega suhtlemiseks ja nende rikkaliku kultuuri kogemiseks omal nahal. Alusta <a href=\"https:\/\/talkpal.ai\/danish-grammar\/\">taani keele grammatika<\/a> \u00f5ppimist juba t\u00e4na ja astu esimene samm sujuva keeleoskuse suunas!\n\n<\/p>\r\n\r\n                            <a class=\"getStartedHidden\" href=\"https:\/\/app.talkpal.ai\/et\/signup?lng=\">Alusta<\/a>\r\n        \r\n    <\/div>\r\n\r\n    <figure>\r\n    <img decoding=\"async\" width=\"768\" height=\"768\" src=\"https:\/\/talkpal.ai\/wp-content\/uploads\/2023\/06\/danish-768x768.png\" class=\"languageImage no-lazy\" alt=\"Language learning for career enhancement\" fetchpriority=\"high\" sizes=\"(max-width: 768px) 150px, 768px\" srcset=\"https:\/\/talkpal.ai\/wp-content\/uploads\/2023\/06\/danish-768x768.png 768w, https:\/\/talkpal.ai\/wp-content\/uploads\/2023\/06\/danish-300x300.png 300w\" \/>\r\n    \r\n\r\n    <\/figure>\r\n\r\n            <a class=\"getStartedVisible\" href=\"https:\/\/app.talkpal.ai\/et\/signup?lng=\">Alusta<\/a>\r\n    \r\n<\/section>\r\n<section class=\"promotionalBanner\">\r\n    <p class=\"promotionalText\">K\u00f5ige t\u00f5husam viis keele \u00f5ppimiseks<\/p>\r\n    <a class=\"promotionalLink\" href=\"https:\/\/app.talkpal.ai\/et\/signup?lng=\">Proovige Talkpal tasuta<\/a>\r\n<\/section>\n<div class=\"wp-block-group pageContainerStyle\"><div class=\"wp-block-group__inner-container is-layout-constrained wp-block-group-is-layout-constrained\">\n<h2 class=\"wp-block-heading\" id=\"h-delving-into-the-depths-of-danish-grammar-unraveling-its-idiosyncrasies-and-charm\">Taani keele grammatika s\u00fcgavustesse s\u00fcvenemine: selle omap\u00e4rade ja v\u00f5lu lahti harutamine<\/h2>\n\n\n\n<p>Kas m\u00e4letate aega, mil <a href=\"https:\/\/talkpal.ai\/et\/grammar\/abitegusonad-inglise-keele-grammatikas\/\">inglise keele grammatika<\/a> <a href=\"https:\/\/talkpal.ai\/et\/oppimine\/\">\u00f5ppimine<\/a> tundus \u00fclesm\u00e4ge lahinguna oma arvukate reeglite, erandite ja keeruka terminoloogiaga? Kui olete n\u00fc\u00fcd v\u00f5tnud eesm\u00e4rgiks taani keele \u00f5ppimise, siis valmistuge j\u00e4rjekordseks p\u00f5nevaks s\u00f5iduks l\u00e4bi taani keele grammatika keerukuse ja naudingute.<\/p>\n\n\n\n<p><a href=\"https:\/\/talkpal.ai\/et\/opi-taani-keel\/\">Taani keel<\/a>, p\u00f5hjagermaani keel, jagab sarnasusi selliste keeltega nagu <a href=\"https:\/\/talkpal.ai\/learn-norwegian\/\">norra<\/a> ja <a href=\"https:\/\/talkpal.ai\/learn-swedish\/\">rootsi<\/a> keel. Sellel on aga oma unikaalsed omadused, mis muudavad selle p\u00e4rliks, mida tasub p\u00f5hjalikult uurida. Alustame taani keele grammatika imede <a href=\"https:\/\/talkpal.ai\/locations\/language-courses-in-lahti\/\">lahti<\/a> harutamisest, \u00fcks reegel korraga.<\/p>\n\n\n\n<p><strong>Taani grammatika silmatorkav tunnus<\/strong> on selle lihtsus s\u00f5nade j\u00e4rjekorra osas. Taani keel j\u00e4rgib subjekti-verbi-objekti (SVO) struktuuri, nagu inglise keel, muutes inglise keele k\u00f5nelejatele suhteliselt kergesti m\u00f5istetavaks. Kuid siin on \u00fcks keerdk\u00e4ik &#8211; V2 s\u00f5naj\u00e4rje kasutamine p\u00f5hilausetes, mis t\u00e4hendab, et verb peab alati olema teine element. See reegel lisab taani keelele unikaalsust.<\/p>\n\n\n\n<p>Taani keele grammatika teine meeldiv aspekt on selle <strong>kahe soo s\u00fcsteem<\/strong>. Kuigi m\u00f5ned keeled, nagu prantsuse v\u00f5i hispaania keel, koosnevad meheliku ja naiseliku jaoks eraldi soost, lihtsustab taani keel seda, kasutades kahte peamist sugu: \u00fchist ja kastreerivat. Taanis kuulub enamik nimis\u00f5nu kategooriasse &#8220;\u00fchine&#8221;, mist\u00f5ttu on soolist kokkulepet adjektiivide ja artiklitega suhteliselt lihtne m\u00f5ista.<\/p>\n\n\n\n<p>S\u00fcvenege <strong>verbi konjugatsiooni<\/strong> valdkonda ja leiate, et taani keel \u00fcletab lihtsuse osas teisi keeli. Taani verbid ei muutu vastavalt teemale, mist\u00f5ttu on erinevate vormide meeldej\u00e4tmine ja m\u00f5istmine imelihtne. Regulaarsed tegus\u00f5nad j\u00e4rgivad prognoositavaid mustreid ja isegi ebaregulaarsed tegus\u00f5nad kujutavad endast v\u00e4he v\u00e4ljakutseid, kuna nende ebakorrap\u00e4rasused on v\u00e4ga peened.<\/p>\n\n\n\n<p>Taani keele grammatika pakub ainulaadset funktsiooni, kasutades <strong>m\u00e4\u00e4ramata s\u00f5nu, artikleid ja demonstratiive<\/strong>. Indefinitiivne artikkel vastab inglise keeles &#8220;a&#8221; v\u00f5i &#8220;an&#8221; ning taani keeles v\u00f5ib see olla &#8220;en&#8221; lihtnimede puhul v\u00f5i &#8220;et&#8221; neutraalsete nimis\u00f5nade puhul. M\u00e4\u00e4ratletud artikkel, sarnaselt inglise keele &#8220;the&#8221;, kinnitub p\u00f5his\u00f5na enda l\u00f5ppu, sulandudes \u00fcheks s\u00f5naks. Demonstratiivid, mis n\u00e4itavad konkreetseid nimis\u00f5nu, muutuvad ka nimis\u00f5na soo j\u00e4rgi, lisades spetsiifilisuse ja v\u00f5lu taseme.<\/p>\n\n\n\n<p>\u00c4rgem unustagem <strong>taani keele h\u00e4\u00e4lduse<\/strong> ilu, mis eeldab tuttavust selle eriliste h\u00e4\u00e4likute ja pehmendatud konsonantidega. St\u00f8di (glottaalne peatus) kasutamine eristab seda veelgi teistest germaani keeltest, andes taani keelele ainulaadse k\u00f5la ja v\u00f5lu.<\/p>\n\n\n\n<p>S\u00fcvenedes taani keele grammatikasse, ei \u00f5pi sa mitte ainult uut keelt, vaid rikastad ka oma kultuurilisi teadmisi ja arusaamist Taanist ja selle inimestest. Kuigi taani keele grammatika on kohati keeruline, pakub see ainulaadset \u00f5pikogemust, mis avab ukse lugematutele v\u00f5ludele ja omap\u00e4radele, mis muudavad selle vastupandamatuks keeleks, mida uurida. Niisiis, haarake oma keeleraamatud ja alustage taani keele grammatikaseiklust, mis t\u00f5otab teid igal sammul k\u00f6ita ja inspireerida!<\/p>\n<\/div><\/div>\n\r\n<section class=\"learnNavigationSection\">\r\n            \r\n        <a href=\"https:\/\/talkpal.ai\/et\/opi-taani-keel\/\">\r\n            <div class=\"learnNavigationWrapper\">\r\n                <div class=\"learnNavigationContent\">\r\n                    <img decoding=\"async\" src=\"https:\/\/talkpal.ai\/wp-content\/uploads\/2024\/08\/Danish.jpg\" alt=\"Danish Flag\">\r\n                    <div>\r\n                        <h4>Taani \u00f5ppimise kohta<\/h4>\r\n                        <p>Uuri k\u00f5ike taani keele grammatika kohta.<\/p>\r\n                    <\/div>\r\n                <\/div>\r\n            <\/div>\r\n        <\/a>\r\n\r\n        \r\n        <a href=\"https:\/\/talkpal.ai\/et\/taani-keele-grammatikaharjutused\/\">\r\n            <div class=\"learnNavigationWrapper\">\r\n                <div class=\"learnNavigationContent\">\r\n                    <img decoding=\"async\" src=\"https:\/\/talkpal.ai\/wp-content\/uploads\/2024\/08\/Danish.jpg\" alt=\"Danish Flag\">\r\n                    <div>\r\n                        <h4>Taani keele grammatika harjutus<\/h4>\r\n                        <p>Harjutage taani keele grammatikat.<\/p>\r\n                    <\/div>\r\n                <\/div>\r\n            <\/div>\r\n        <\/a>\r\n\r\n        \r\n        <a href=\"https:\/\/talkpal.ai\/vocabulary_language\/danish\/\">\r\n            <div class=\"learnNavigationWrapper\">\r\n                <div class=\"learnNavigationContent\">\r\n                    <img decoding=\"async\" src=\"https:\/\/talkpal.ai\/wp-content\/uploads\/2024\/08\/Danish.jpg\" alt=\"Danish Flag\">\r\n                    <div>\r\n                        <h4>Taani keele s\u00f5navara<\/h4>\r\n                        <p>Laiendage oma taani keele s\u00f5navara.<\/p>\r\n                    <\/div>\r\n                <\/div>\r\n            <\/div>\r\n        <\/a>\r\n\r\n            <\/section>","protected":false},"excerpt":{"rendered":"<p>Taani keele grammatika s\u00fcgavustesse s\u00fcvenemine: selle omap\u00e4rade ja v\u00f5lu lahti harutamine Kas m\u00e4letate aega, mil inglise keele grammatika \u00f5ppimine tundus \u00fclesm\u00e4ge lahinguna oma arvukate reeglite, erandite ja keeruka terminoloogiaga? Kui olete n\u00fc\u00fcd v\u00f5tnud eesm\u00e4rgiks taani keele \u00f5ppimise, siis valmistuge j\u00e4rjekordseks p\u00f5nevaks s\u00f5iduks l\u00e4bi taani keele grammatika keerukuse ja naudingute. Taani keel, p\u00f5hjagermaani keel, jagab sarnasusi [&hellip;]<\/p>\n","protected":false},"author":1,"featured_media":110948,"parent":0,"menu_order":0,"comment_status":"closed","ping_status":"closed","template":"LearningContentPage.php","meta":{"_acf_changed":false,"footnotes":""},"class_list":["post-143543","page","type-page","status-publish","has-post-thumbnail","hentry"],"acf":[],"yoast_head":"<!-- This site is optimized with the Yoast SEO Premium plugin v27.2 (Yoast SEO v27.2) - https:\/\/yoast.com\/product\/yoast-seo-premium-wordpress\/ -->\n<title>Taani keele grammatika - Talkpal<\/title>\n<meta name=\"description\" content=\"Tutvuge taani keele grammatika keerukusega ning avastage selle ainulaadsed reeglid ja omadused. \u00d5ppige keeles vaevata orienteeruma.\" \/>\n<meta name=\"robots\" content=\"index, follow, max-snippet:-1, max-image-preview:large, max-video-preview:-1\" \/>\n<link rel=\"canonical\" href=\"https:\/\/talkpal.ai\/et\/taani-keele-grammatika\/\" \/>\n<meta property=\"og:locale\" content=\"et_EE\" \/>\n<meta property=\"og:type\" content=\"article\" \/>\n<meta property=\"og:title\" content=\"Taani keele grammatika\" \/>\n<meta property=\"og:description\" content=\"Taani keele grammatika s\u00fcgavustesse s\u00fcvenemine: selle omap\u00e4rade ja v\u00f5lu lahti harutamine Kas m\u00e4letate aega, mil inglise keele grammatika \u00f5ppimine tundus\" \/>\n<meta property=\"og:url\" content=\"https:\/\/talkpal.ai\/et\/taani-keele-grammatika\/\" \/>\n<meta property=\"og:site_name\" content=\"Talkpal\" \/>\n<meta property=\"article:publisher\" content=\"https:\/\/www.facebook.com\/profile.php?id=100090733639311\" \/>\n<meta property=\"article:modified_time\" content=\"2025-12-13T15:27:20+00:00\" \/>\n<meta property=\"og:image\" content=\"https:\/\/talkpal.ai\/wp-content\/uploads\/2023\/05\/denmark.png\" \/>\n\t<meta property=\"og:image:width\" content=\"512\" \/>\n\t<meta property=\"og:image:height\" content=\"512\" \/>\n\t<meta property=\"og:image:type\" content=\"image\/png\" \/>\n<meta name=\"twitter:card\" content=\"summary_large_image\" \/>\n<meta name=\"twitter:site\" content=\"@talkpalai\" \/>\n<meta name=\"twitter:label1\" content=\"Est. reading time\" \/>\n\t<meta name=\"twitter:data1\" content=\"2 minutit\" \/>\n<script type=\"application\/ld+json\" class=\"yoast-schema-graph\">{\"@context\":\"https:\/\/schema.org\",\"@graph\":[{\"@type\":\"WebPage\",\"@id\":\"https:\/\/talkpal.ai\/et\/taani-keele-grammatika\/\",\"url\":\"https:\/\/talkpal.ai\/et\/taani-keele-grammatika\/\",\"name\":\"Taani keele grammatika - Talkpal\",\"isPartOf\":{\"@id\":\"https:\/\/talkpal.ai\/et\/#website\"},\"primaryImageOfPage\":{\"@id\":\"https:\/\/talkpal.ai\/et\/taani-keele-grammatika\/#primaryimage\"},\"image\":{\"@id\":\"https:\/\/talkpal.ai\/et\/taani-keele-grammatika\/#primaryimage\"},\"thumbnailUrl\":\"https:\/\/talkpal.ai\/wp-content\/uploads\/2023\/05\/denmark.png\",\"datePublished\":\"2023-05-14T14:03:23+00:00\",\"dateModified\":\"2025-12-13T15:27:20+00:00\",\"description\":\"Tutvuge taani keele grammatika keerukusega ning avastage selle ainulaadsed reeglid ja omadused. \u00d5ppige keeles vaevata orienteeruma.\",\"breadcrumb\":{\"@id\":\"https:\/\/talkpal.ai\/et\/taani-keele-grammatika\/#breadcrumb\"},\"inLanguage\":\"et\",\"potentialAction\":[{\"@type\":\"ReadAction\",\"target\":[\"https:\/\/talkpal.ai\/et\/taani-keele-grammatika\/\"]}]},{\"@type\":\"ImageObject\",\"inLanguage\":\"et\",\"@id\":\"https:\/\/talkpal.ai\/et\/taani-keele-grammatika\/#primaryimage\",\"url\":\"https:\/\/talkpal.ai\/wp-content\/uploads\/2023\/05\/denmark.png\",\"contentUrl\":\"https:\/\/talkpal.ai\/wp-content\/uploads\/2023\/05\/denmark.png\",\"width\":512,\"height\":512},{\"@type\":\"BreadcrumbList\",\"@id\":\"https:\/\/talkpal.ai\/et\/taani-keele-grammatika\/#breadcrumb\",\"itemListElement\":[{\"@type\":\"ListItem\",\"position\":1,\"name\":\"Homepage\",\"item\":\"https:\/\/talkpal.ai\/et\/\"},{\"@type\":\"ListItem\",\"position\":2,\"name\":\"Taani keele grammatika\"}]},{\"@type\":\"WebSite\",\"@id\":\"https:\/\/talkpal.ai\/et\/#website\",\"url\":\"https:\/\/talkpal.ai\/et\/\",\"name\":\"Talkpal\",\"description\":\"AI Language Learning\",\"publisher\":{\"@id\":\"https:\/\/talkpal.ai\/et\/#organization\"},\"alternateName\":\"Talkpal AI\",\"potentialAction\":[{\"@type\":\"SearchAction\",\"target\":{\"@type\":\"EntryPoint\",\"urlTemplate\":\"https:\/\/talkpal.ai\/et\/?s={search_term_string}\"},\"query-input\":{\"@type\":\"PropertyValueSpecification\",\"valueRequired\":true,\"valueName\":\"search_term_string\"}}],\"inLanguage\":\"et\"},{\"@type\":\"Organization\",\"@id\":\"https:\/\/talkpal.ai\/et\/#organization\",\"name\":\"Talkpal, Inc.\",\"alternateName\":\"Talkpal AI\",\"url\":\"https:\/\/talkpal.ai\/et\/\",\"logo\":{\"@type\":\"ImageObject\",\"inLanguage\":\"et\",\"@id\":\"https:\/\/talkpal.ai\/et\/#\/schema\/logo\/image\/\",\"url\":\"https:\/\/talkpal.ai\/wp-content\/uploads\/2024\/03\/Talkpal-Logo-Icon.png\",\"contentUrl\":\"https:\/\/talkpal.ai\/wp-content\/uploads\/2024\/03\/Talkpal-Logo-Icon.png\",\"width\":2880,\"height\":2880,\"caption\":\"Talkpal, Inc.\"},\"image\":{\"@id\":\"https:\/\/talkpal.ai\/et\/#\/schema\/logo\/image\/\"},\"sameAs\":[\"https:\/\/www.facebook.com\/profile.php?id=100090733639311\",\"https:\/\/x.com\/talkpalai\",\"https:\/\/www.linkedin.com\/company\/talkpal\/\",\"https:\/\/www.youtube.com\/@TalkPal\/\",\"https:\/\/www.tiktok.com\/@talkpal\",\"https:\/\/www.instagram.com\/talkpal_ai\/\",\"https:\/\/www.crunchbase.com\/organization\/talkpal-9cde\",\"https:\/\/www.g2.com\/products\/talkpal-for-business\/\",\"https:\/\/www.trustpilot.com\/review\/talkpal.ai\",\"https:\/\/www.capterra.com\/p\/10006800\/TalkPal\/\"],\"description\":\"Talkpal is a language learning web and mobile education app, powered by the latest AI technologies, that provides engaging experiences to its customers in many different languages to help them improve their language skills. Users can chat about unlimited amount of topics with the app and use other modes to practice their language learning.\",\"email\":\"support@talkpal.ai\",\"legalName\":\"Talkpal, Inc.\",\"foundingDate\":\"2023-04-03\",\"duns\":\"118989042\",\"numberOfEmployees\":{\"@type\":\"QuantitativeValue\",\"minValue\":\"11\",\"maxValue\":\"50\"},\"publishingPrinciples\":\"https:\/\/talkpal.ai\/publishing-principles\/\",\"actionableFeedbackPolicy\":\"https:\/\/talkpal.ai\/actionable-feedback-policy\/\",\"correctionsPolicy\":\"https:\/\/talkpal.ai\/corrections-policy\/\",\"ethicsPolicy\":\"https:\/\/talkpal.ai\/ethics-policy\/\",\"diversityPolicy\":\"https:\/\/talkpal.ai\/diversity-policy\/\",\"diversityStaffingReport\":\"https:\/\/talkpal.ai\/diversity-policy\/\"}]}<\/script>\n<!-- \/ Yoast SEO Premium plugin. -->","yoast_head_json":{"title":"Taani keele grammatika - Talkpal","description":"Tutvuge taani keele grammatika keerukusega ning avastage selle ainulaadsed reeglid ja omadused. \u00d5ppige keeles vaevata orienteeruma.","robots":{"index":"index","follow":"follow","max-snippet":"max-snippet:-1","max-image-preview":"max-image-preview:large","max-video-preview":"max-video-preview:-1"},"canonical":"https:\/\/talkpal.ai\/et\/taani-keele-grammatika\/","og_locale":"et_EE","og_type":"article","og_title":"Taani keele grammatika","og_description":"Taani keele grammatika s\u00fcgavustesse s\u00fcvenemine: selle omap\u00e4rade ja v\u00f5lu lahti harutamine Kas m\u00e4letate aega, mil inglise keele grammatika \u00f5ppimine tundus","og_url":"https:\/\/talkpal.ai\/et\/taani-keele-grammatika\/","og_site_name":"Talkpal","article_publisher":"https:\/\/www.facebook.com\/profile.php?id=100090733639311","article_modified_time":"2025-12-13T15:27:20+00:00","og_image":[{"width":512,"height":512,"url":"https:\/\/talkpal.ai\/wp-content\/uploads\/2023\/05\/denmark.png","type":"image\/png"}],"twitter_card":"summary_large_image","twitter_site":"@talkpalai","twitter_misc":{"Est. reading time":"2 minutit"},"schema":{"@context":"https:\/\/schema.org","@graph":[{"@type":"WebPage","@id":"https:\/\/talkpal.ai\/et\/taani-keele-grammatika\/","url":"https:\/\/talkpal.ai\/et\/taani-keele-grammatika\/","name":"Taani keele grammatika - Talkpal","isPartOf":{"@id":"https:\/\/talkpal.ai\/et\/#website"},"primaryImageOfPage":{"@id":"https:\/\/talkpal.ai\/et\/taani-keele-grammatika\/#primaryimage"},"image":{"@id":"https:\/\/talkpal.ai\/et\/taani-keele-grammatika\/#primaryimage"},"thumbnailUrl":"https:\/\/talkpal.ai\/wp-content\/uploads\/2023\/05\/denmark.png","datePublished":"2023-05-14T14:03:23+00:00","dateModified":"2025-12-13T15:27:20+00:00","description":"Tutvuge taani keele grammatika keerukusega ning avastage selle ainulaadsed reeglid ja omadused. \u00d5ppige keeles vaevata orienteeruma.","breadcrumb":{"@id":"https:\/\/talkpal.ai\/et\/taani-keele-grammatika\/#breadcrumb"},"inLanguage":"et","potentialAction":[{"@type":"ReadAction","target":["https:\/\/talkpal.ai\/et\/taani-keele-grammatika\/"]}]},{"@type":"ImageObject","inLanguage":"et","@id":"https:\/\/talkpal.ai\/et\/taani-keele-grammatika\/#primaryimage","url":"https:\/\/talkpal.ai\/wp-content\/uploads\/2023\/05\/denmark.png","contentUrl":"https:\/\/talkpal.ai\/wp-content\/uploads\/2023\/05\/denmark.png","width":512,"height":512},{"@type":"BreadcrumbList","@id":"https:\/\/talkpal.ai\/et\/taani-keele-grammatika\/#breadcrumb","itemListElement":[{"@type":"ListItem","position":1,"name":"Homepage","item":"https:\/\/talkpal.ai\/et\/"},{"@type":"ListItem","position":2,"name":"Taani keele grammatika"}]},{"@type":"WebSite","@id":"https:\/\/talkpal.ai\/et\/#website","url":"https:\/\/talkpal.ai\/et\/","name":"Talkpal","description":"AI Language Learning","publisher":{"@id":"https:\/\/talkpal.ai\/et\/#organization"},"alternateName":"Talkpal AI","potentialAction":[{"@type":"SearchAction","target":{"@type":"EntryPoint","urlTemplate":"https:\/\/talkpal.ai\/et\/?s={search_term_string}"},"query-input":{"@type":"PropertyValueSpecification","valueRequired":true,"valueName":"search_term_string"}}],"inLanguage":"et"},{"@type":"Organization","@id":"https:\/\/talkpal.ai\/et\/#organization","name":"Talkpal, Inc.","alternateName":"Talkpal AI","url":"https:\/\/talkpal.ai\/et\/","logo":{"@type":"ImageObject","inLanguage":"et","@id":"https:\/\/talkpal.ai\/et\/#\/schema\/logo\/image\/","url":"https:\/\/talkpal.ai\/wp-content\/uploads\/2024\/03\/Talkpal-Logo-Icon.png","contentUrl":"https:\/\/talkpal.ai\/wp-content\/uploads\/2024\/03\/Talkpal-Logo-Icon.png","width":2880,"height":2880,"caption":"Talkpal, Inc."},"image":{"@id":"https:\/\/talkpal.ai\/et\/#\/schema\/logo\/image\/"},"sameAs":["https:\/\/www.facebook.com\/profile.php?id=100090733639311","https:\/\/x.com\/talkpalai","https:\/\/www.linkedin.com\/company\/talkpal\/","https:\/\/www.youtube.com\/@TalkPal\/","https:\/\/www.tiktok.com\/@talkpal","https:\/\/www.instagram.com\/talkpal_ai\/","https:\/\/www.crunchbase.com\/organization\/talkpal-9cde","https:\/\/www.g2.com\/products\/talkpal-for-business\/","https:\/\/www.trustpilot.com\/review\/talkpal.ai","https:\/\/www.capterra.com\/p\/10006800\/TalkPal\/"],"description":"Talkpal is a language learning web and mobile education app, powered by the latest AI technologies, that provides engaging experiences to its customers in many different languages to help them improve their language skills. Users can chat about unlimited amount of topics with the app and use other modes to practice their language learning.","email":"support@talkpal.ai","legalName":"Talkpal, Inc.","foundingDate":"2023-04-03","duns":"118989042","numberOfEmployees":{"@type":"QuantitativeValue","minValue":"11","maxValue":"50"},"publishingPrinciples":"https:\/\/talkpal.ai\/publishing-principles\/","actionableFeedbackPolicy":"https:\/\/talkpal.ai\/actionable-feedback-policy\/","correctionsPolicy":"https:\/\/talkpal.ai\/corrections-policy\/","ethicsPolicy":"https:\/\/talkpal.ai\/ethics-policy\/","diversityPolicy":"https:\/\/talkpal.ai\/diversity-policy\/","diversityStaffingReport":"https:\/\/talkpal.ai\/diversity-policy\/"}]}},"_links":{"self":[{"href":"https:\/\/talkpal.ai\/et\/wp-json\/wp\/v2\/pages\/143543","targetHints":{"allow":["GET"]}}],"collection":[{"href":"https:\/\/talkpal.ai\/et\/wp-json\/wp\/v2\/pages"}],"about":[{"href":"https:\/\/talkpal.ai\/et\/wp-json\/wp\/v2\/types\/page"}],"author":[{"embeddable":true,"href":"https:\/\/talkpal.ai\/et\/wp-json\/wp\/v2\/users\/1"}],"replies":[{"embeddable":true,"href":"https:\/\/talkpal.ai\/et\/wp-json\/wp\/v2\/comments?post=143543"}],"version-history":[{"count":0,"href":"https:\/\/talkpal.ai\/et\/wp-json\/wp\/v2\/pages\/143543\/revisions"}],"wp:featuredmedia":[{"embeddable":true,"href":"https:\/\/talkpal.ai\/et\/wp-json\/wp\/v2\/media\/110948"}],"wp:attachment":[{"href":"https:\/\/talkpal.ai\/et\/wp-json\/wp\/v2\/media?parent=143543"}],"curies":[{"name":"wp","href":"https:\/\/api.w.org\/{rel}","templated":true}]}}