{"id":143221,"date":"2023-05-14T14:03:07","date_gmt":"2023-05-14T14:03:07","guid":{"rendered":"http:\/\/talkpal.ai\/tsehhi-keele-grammatika\/"},"modified":"2025-12-13T15:24:05","modified_gmt":"2025-12-13T15:24:05","slug":"tsehhi-keele-grammatika","status":"publish","type":"page","link":"https:\/\/talkpal.ai\/et\/tsehhi-keele-grammatika\/","title":{"rendered":"T\u0161ehhi keele grammatika"},"content":{"rendered":"\r\n\r\n\r\n<section class=\"languageChallengeSection\">\r\n    <div class=\"languageInfoWrapper\">\r\n        \r\n        <h1>T\u0161ehhi keele grammatika<\/h1>\r\n        <p>Tutvuge <a href=\"https:\/\/talkpal.ai\/czech-grammar\/\">t\u0161ehhi keele grammatika<\/a> keerukustega ja avage uks selle Kesk-Euroopa keele m\u00f5istmisele. Oluliste reeglite ja mustrite omandamise abil saate t\u00f5husamalt suhelda ja saada s\u00fcgavama \u00fclevaate <a href=\"https:\/\/talkpal.ai\/learn-czech\/\">t\u0161ehhi<\/a> kultuurist. Alusta t\u0161ehhi keele <a href=\"https:\/\/talkpal.ai\/greek-grammar\/\">grammatika<\/a> \u00f5ppimist juba t\u00e4na ja astu esimene samm sujuva keeleoskuse suunas!<\/p>\r\n\r\n                            <a class=\"getStartedHidden\" href=\"https:\/\/app.talkpal.ai\/et\/signup?lng=\">Alusta<\/a>\r\n        \r\n    <\/div>\r\n\r\n    <figure>\r\n    <img decoding=\"async\" width=\"768\" height=\"768\" src=\"https:\/\/talkpal.ai\/wp-content\/uploads\/2023\/06\/Czech-768x768.png\" class=\"languageImage no-lazy\" alt=\"Language learning for intellectual development\" fetchpriority=\"high\" sizes=\"(max-width: 768px) 150px, 768px\" srcset=\"https:\/\/talkpal.ai\/wp-content\/uploads\/2023\/06\/Czech-768x768.png 768w, https:\/\/talkpal.ai\/wp-content\/uploads\/2023\/06\/Czech-300x300.png 300w\" \/>\r\n    \r\n\r\n    <\/figure>\r\n\r\n            <a class=\"getStartedVisible\" href=\"https:\/\/app.talkpal.ai\/et\/signup?lng=\">Alusta<\/a>\r\n    \r\n<\/section>\r\n<section class=\"promotionalBanner\">\r\n    <p class=\"promotionalText\">K\u00f5ige t\u00f5husam viis keele \u00f5ppimiseks<\/p>\r\n    <a class=\"promotionalLink\" href=\"https:\/\/app.talkpal.ai\/et\/signup?lng=\">Proovige Talkpal tasuta<\/a>\r\n<\/section>\n<div class=\"wp-block-group pageContainerStyle\"><div class=\"wp-block-group__inner-container is-layout-constrained wp-block-group-is-layout-constrained\">\n<h2 class=\"wp-block-heading\" id=\"h-czech-grammar-making-sense-of-the-czech-language-s-unique-structure\">T\u0161ehhi keele grammatika: t\u0161ehhi keele ainulaadse struktuuri m\u00f5istmine<\/h2>\n\n\n\n<p>Kui olete kunagi p\u00fc\u00fcdnud t\u0161ehhi keelt \u00f5ppida &#8211; v\u00f5i isegi lihtsalt t\u0161ehhi keele artiklit v\u00f5i raamatut lugenud &#8211; olete t\u00f5en\u00e4oliselt m\u00e4rganud, et selle keele grammatika v\u00f5ib olla \u00fcsna keeruline. T\u0161ehhi keele grammatika, mida peetakse laialdaselt \u00fcheks k\u00f5ige keerulisemaks keeles\u00fcsteemiks, on h\u00e4mmingus paljusid v\u00e4lis\u00fcli\u00f5pilasi. Aga \u00e4rge laske end sellest hirmutada! T\u0161ehhi grammatika ise\u00e4rasused muudavad selle p\u00f5nevaks ja ainulaadseks. Selles artiklis dem\u00fcstifitseerime m\u00f5ned t\u0161ehhi keele grammatika p\u00f5hielemendid vestluslikul viisil, mis aitab teil seda ilusat keelt s\u00fcgavamalt m\u00f5ista.<\/p>\n\n\n\n<h3 class=\"wp-block-heading\" id=\"h-1-nouns-declensions-and-cases-galore\">1. Nimis\u00f5nad \u2013 deklinatsioonid ja juhtumid Galore!<\/h3>\n\n\n\n<p>\u00dcks esimesi asju, mida te t\u0161ehhi keele grammatika juures m\u00e4rkate, on nimis\u00f5nade deklinatsioonid. Deklaratsioon on sarnaste grammatiliste omadustega nimis\u00f5nade r\u00fchm ja t\u0161ehhi keeles on kuni 14 erinevat deklinatsiooni. Kuidas on see vahelduseks? Igal deklensioonil on konkreetne muster ainsuse ja mitmuse nimis\u00f5navormide esitamiseks.<\/p>\n\n\n\n<p>T\u0161ehhi nimis\u00f5nadel on ka seitse erinevat juhtumit: nominatiivne, genitiivne, datiivne, akusatiivne, kutsuv, lokatiivne ja instrumentaalne. Kuigi selline arv v\u00f5ib tunduda hirmutav, on oluline neid juhtumeid tundma \u00f5ppida, sest need on t\u00e4henduse edasiandmisel v\u00e4ga olulised. N\u00e4iteks t\u0161ehhi keeles ei ole s\u00f5nade j\u00e4rjekord nii kriitiline kui <a href=\"https:\/\/talkpal.ai\/learn-english\/\">inglise<\/a> keeles, vaid s\u00f5nade vahelised seosed n\u00e4itavad s\u00f5nade vahelisi suhteid.<\/p>\n\n\n\n<h3 class=\"wp-block-heading\" id=\"h-2-adjectives-agreeing-with-nouns\">2. Omaduss\u00f5nad \u2013 nimis\u00f5nadega n\u00f5ustumine<\/h3>\n\n\n\n<p>T\u0161ehhi omaduss\u00f5nadel on eriline kohustus: nad peavad n\u00f5ustuma nimis\u00f5nadega, mida nad soo, arvu ja juhtumi osas muudavad. M\u00f5elge sellele kui d\u00fcnaamilisele duole, grammatika tangole, kus \u00fcks pool kohandub graatsiliselt, et teist t\u00e4iendada. See kokkulepe aitab luua lausetes harmooniat ja suurendab selgust.<\/p>\n\n\n\n<p>N\u00e4iteks s\u00f5na &#8220;ilus&#8221; on t\u0161ehhi keeles &#8220;kr\u00e1sn\u00fd&#8221;. Kui te kirjeldate ilusat maja (d\u016fm), mis on maskuliinne, siis kasutate &#8220;kr\u00e1sn\u00fd d\u016fm&#8221;. Ilusa t\u00fcdruku (d\u00edvka) puhul, mis on naiselik, saab sellest &#8220;kr\u00e1sn\u00e1 d\u00edvka&#8221;. Ja ilusa p\u00e4eva (den) kohta, mis on neutraalne, \u00fctleme &#8220;kr\u00e1sn\u00fd den&#8221;. Vaadake, kuidas omaduss\u00f5na tantsib koos nimis\u00f5naga?<\/p>\n\n\n\n<h3 class=\"wp-block-heading\" id=\"h-3-verbs-the-art-of-conjugation\">3. Tegus\u00f5nad \u2013 konjugatsiooni kunst<\/h3>\n\n\n\n<p>T\u0161ehhi keeles v\u00f5tab konjugatsioonikunst \u2013 see t\u00e4hendab verbivormide muutmine pinge, meeleolu ja inimese p\u00f5hjal \u2013 oma elu. T\u0161ehhi verbid jagunevad kahte kategooriasse: t\u00e4iuslikud ja ebat\u00e4iuslikud. T\u00e4iuslikud verbid n\u00e4itavad, et tegevus on l\u00f5pule viidud, samas kui ebat\u00e4iuslikud verbid viitavad k\u00e4imasolevatele v\u00f5i harilikele tegevustele.  <\/p>\n\n\n\n<p>T\u0161ehhi keele grammatikas on tegus\u00f5nade osas p\u00f5nevaid veidrusi. N\u00e4iteks moodustatakse tulevane pinge regulaarselt ainult ebat\u00e4iuslike verbide jaoks. T\u00e4iuslike tegus\u00f5nade puhul sulandub see praeguse pingega! Samuti, selle asemel, et omada konkreetset passiivset h\u00e4\u00e4lt, sisaldab <a href=\"https:\/\/talkpal.ai\/et\/opi-tsehhi-keel\/\">t\u0161ehhi keel<\/a> passiivseid konstruktsioone, kasutades abis\u00f5nu. \u00c4rgem unustagem t\u0161ehhi keele refleksiivseid verbe, mille puhul tegevus p\u00f6\u00f6rdub tagasi subjektile, lisades sellele intrigeerivale keelele veel \u00fche n\u00fcansi.<\/p>\n\n\n\n<h3 class=\"wp-block-heading\" id=\"h-4-pronouns-the-mirror-of-linguistic-diversity\">4. Ases\u00f5nad: keelelise mitmekesisuse peegel<\/h3>\n\n\n\n<p>T\u0161ehhi keele grammatika pronoomenid &#8211; me r\u00e4\u00e4gime personaal-, possessiiv-, demonstratiiv-, k\u00fcsitlus- ja relatiivpronoomenitest &#8211; on k\u00f5ik <a href=\"https:\/\/talkpal.ai\/locations\/language-courses-in-sama\/\">sama<\/a> mitmekesised kui teised k\u00f5neosad. Ka nemad peavad soo, arvu ja juhtumi osas kokku leppima nimis\u00f5nadega, mida nad asendavad v\u00f5i millele nad viitavad.<\/p>\n\n\n\n<p>N\u00e4iteks kui r\u00e4\u00e4gite m\u00f5nest raamatust, mis teile meeldib, siis \u00fctlete &#8220;<a href=\"https:\/\/talkpal.ai\/culture\/how-to-say-i-like-in-slovak-using-mam-rad\/\">M\u00e1m r\u00e1d<\/a> tu knihu&#8221; (Mulle meeldib see raamat). Siin on &#8220;tu&#8221; demonstratiivpronoomeni &#8220;et&#8221; feminiinne vorm, mis n\u00f5ustub s\u00f5naga &#8220;kniha&#8221; (raamat), mis on samuti feminiinne.<\/p>\n\n\n\n<h3 class=\"wp-block-heading\" id=\"h-5-embracing-the-challenge\">5. V\u00e4ljakutse vastuv\u00f5tmine<\/h3>\n\n\n\n<p>T\u0161ehhi keele grammatika v\u00f5ib olla segadusttekitav ja hirmutav, kuid see on ka see, mis teeb selle keele eriliseks. \u00c4rge kartke v\u00e4ljakutset! Pea meeles, et asi ei ole selles, et k\u00f5ike korraga omandada, vaid et samm-sammult edasi liikuda. V\u00f5tke aega, et m\u00f5ista t\u0161ehhi keele grammatika ainulaadset s\u00fcsteemi, ja te olete teel selle ilusa ja keerulise keele omandamise suunas. Ja kui te v\u00f5tate omaks t\u0161ehhi keele grammatika veetlevaid n\u00fcansse, avastate kahtlemata selle keerukuse uutmoodi v\u00e4\u00e4rtustamise. Head \u00f5ppimist!<\/p>\n<\/div><\/div>\n\r\n<section class=\"learnNavigationSection\">\r\n            \r\n        <a href=\"https:\/\/talkpal.ai\/et\/opi-tsehhi-keel\/\">\r\n            <div class=\"learnNavigationWrapper\">\r\n                <div class=\"learnNavigationContent\">\r\n                    <img decoding=\"async\" src=\"https:\/\/talkpal.ai\/wp-content\/uploads\/2024\/08\/Czech.jpg\" alt=\"Czech Flag\">\r\n                    <div>\r\n                        <h4>T\u0161ehhi \u00f5ppimise kohta<\/h4>\r\n                        <p>Uuri k\u00f5ike t\u0161ehhi keele grammatika kohta.<\/p>\r\n                    <\/div>\r\n                <\/div>\r\n            <\/div>\r\n        <\/a>\r\n\r\n        \r\n        <a href=\"https:\/\/talkpal.ai\/et\/tsehhi-keele-grammatikaharjutused\/\">\r\n            <div class=\"learnNavigationWrapper\">\r\n                <div class=\"learnNavigationContent\">\r\n                    <img decoding=\"async\" src=\"https:\/\/talkpal.ai\/wp-content\/uploads\/2024\/08\/Czech.jpg\" alt=\"Czech Flag\">\r\n                    <div>\r\n                        <h4>T\u0161ehhi keele grammatika harjutus<\/h4>\r\n                        <p>Harjutage t\u0161ehhi keele grammatikat.<\/p>\r\n                    <\/div>\r\n                <\/div>\r\n            <\/div>\r\n        <\/a>\r\n\r\n        \r\n        <a href=\"https:\/\/talkpal.ai\/vocabulary_language\/czech\/\">\r\n            <div class=\"learnNavigationWrapper\">\r\n                <div class=\"learnNavigationContent\">\r\n                    <img decoding=\"async\" src=\"https:\/\/talkpal.ai\/wp-content\/uploads\/2024\/08\/Czech.jpg\" alt=\"Czech Flag\">\r\n                    <div>\r\n                        <h4>T\u0161ehhi keele s\u00f5navara<\/h4>\r\n                        <p>Laiendage oma t\u0161ehhi keele s\u00f5navara.<\/p>\r\n                    <\/div>\r\n                <\/div>\r\n            <\/div>\r\n        <\/a>\r\n\r\n            <\/section>","protected":false},"excerpt":{"rendered":"<p>T\u0161ehhi keele grammatika: t\u0161ehhi keele ainulaadse struktuuri m\u00f5istmine Kui olete kunagi p\u00fc\u00fcdnud t\u0161ehhi keelt \u00f5ppida &#8211; v\u00f5i isegi lihtsalt t\u0161ehhi keele artiklit v\u00f5i raamatut lugenud &#8211; olete t\u00f5en\u00e4oliselt m\u00e4rganud, et selle keele grammatika v\u00f5ib olla \u00fcsna keeruline. T\u0161ehhi keele grammatika, mida peetakse laialdaselt \u00fcheks k\u00f5ige keerulisemaks keeles\u00fcsteemiks, on h\u00e4mmingus paljusid v\u00e4lis\u00fcli\u00f5pilasi. Aga \u00e4rge laske end [&hellip;]<\/p>\n","protected":false},"author":1,"featured_media":111707,"parent":0,"menu_order":0,"comment_status":"closed","ping_status":"closed","template":"LearningContentPage.php","meta":{"_acf_changed":false,"footnotes":""},"class_list":["post-143221","page","type-page","status-publish","has-post-thumbnail","hentry"],"acf":[],"yoast_head":"<!-- This site is optimized with the Yoast SEO Premium plugin v27.2 (Yoast SEO v27.2) - https:\/\/yoast.com\/product\/yoast-seo-premium-wordpress\/ -->\n<title>T\u0161ehhi keele grammatika - Talkpal<\/title>\n<meta name=\"description\" content=\"Avage t\u0161ehhi keele grammatika saladused. \u00d5ppige tundma selle ainulaadset keerukust ja seda, kuidas t\u00f5husalt omandada noomeni deklinatsioone.\" \/>\n<meta name=\"robots\" content=\"index, follow, max-snippet:-1, max-image-preview:large, max-video-preview:-1\" \/>\n<link rel=\"canonical\" href=\"https:\/\/talkpal.ai\/et\/tsehhi-keele-grammatika\/\" \/>\n<meta property=\"og:locale\" content=\"et_EE\" \/>\n<meta property=\"og:type\" content=\"article\" \/>\n<meta property=\"og:title\" content=\"T\u0161ehhi keele grammatika\" \/>\n<meta property=\"og:description\" content=\"T\u0161ehhi keele grammatika: t\u0161ehhi keele ainulaadse struktuuri m\u00f5istmine Kui olete kunagi p\u00fc\u00fcdnud t\u0161ehhi keelt \u00f5ppida - v\u00f5i isegi lihtsalt t\u0161ehhi keele\" \/>\n<meta property=\"og:url\" content=\"https:\/\/talkpal.ai\/et\/tsehhi-keele-grammatika\/\" \/>\n<meta property=\"og:site_name\" content=\"Talkpal\" \/>\n<meta property=\"article:publisher\" content=\"https:\/\/www.facebook.com\/profile.php?id=100090733639311\" \/>\n<meta property=\"article:modified_time\" content=\"2025-12-13T15:24:05+00:00\" \/>\n<meta property=\"og:image\" content=\"https:\/\/talkpal.ai\/wp-content\/uploads\/2023\/05\/czech-republic.png\" \/>\n\t<meta property=\"og:image:width\" content=\"512\" \/>\n\t<meta property=\"og:image:height\" content=\"512\" \/>\n\t<meta property=\"og:image:type\" content=\"image\/png\" \/>\n<meta name=\"twitter:card\" content=\"summary_large_image\" \/>\n<meta name=\"twitter:site\" content=\"@talkpalai\" \/>\n<meta name=\"twitter:label1\" content=\"Est. reading time\" \/>\n\t<meta name=\"twitter:data1\" content=\"3 minutit\" \/>\n<script type=\"application\/ld+json\" class=\"yoast-schema-graph\">{\"@context\":\"https:\/\/schema.org\",\"@graph\":[{\"@type\":\"WebPage\",\"@id\":\"https:\/\/talkpal.ai\/et\/tsehhi-keele-grammatika\/\",\"url\":\"https:\/\/talkpal.ai\/et\/tsehhi-keele-grammatika\/\",\"name\":\"T\u0161ehhi keele grammatika - Talkpal\",\"isPartOf\":{\"@id\":\"https:\/\/talkpal.ai\/et\/#website\"},\"primaryImageOfPage\":{\"@id\":\"https:\/\/talkpal.ai\/et\/tsehhi-keele-grammatika\/#primaryimage\"},\"image\":{\"@id\":\"https:\/\/talkpal.ai\/et\/tsehhi-keele-grammatika\/#primaryimage\"},\"thumbnailUrl\":\"https:\/\/talkpal.ai\/wp-content\/uploads\/2023\/05\/czech-republic.png\",\"datePublished\":\"2023-05-14T14:03:07+00:00\",\"dateModified\":\"2025-12-13T15:24:05+00:00\",\"description\":\"Avage t\u0161ehhi keele grammatika saladused. \u00d5ppige tundma selle ainulaadset keerukust ja seda, kuidas t\u00f5husalt omandada noomeni deklinatsioone.\",\"breadcrumb\":{\"@id\":\"https:\/\/talkpal.ai\/et\/tsehhi-keele-grammatika\/#breadcrumb\"},\"inLanguage\":\"et\",\"potentialAction\":[{\"@type\":\"ReadAction\",\"target\":[\"https:\/\/talkpal.ai\/et\/tsehhi-keele-grammatika\/\"]}]},{\"@type\":\"ImageObject\",\"inLanguage\":\"et\",\"@id\":\"https:\/\/talkpal.ai\/et\/tsehhi-keele-grammatika\/#primaryimage\",\"url\":\"https:\/\/talkpal.ai\/wp-content\/uploads\/2023\/05\/czech-republic.png\",\"contentUrl\":\"https:\/\/talkpal.ai\/wp-content\/uploads\/2023\/05\/czech-republic.png\",\"width\":512,\"height\":512},{\"@type\":\"BreadcrumbList\",\"@id\":\"https:\/\/talkpal.ai\/et\/tsehhi-keele-grammatika\/#breadcrumb\",\"itemListElement\":[{\"@type\":\"ListItem\",\"position\":1,\"name\":\"Homepage\",\"item\":\"https:\/\/talkpal.ai\/et\/\"},{\"@type\":\"ListItem\",\"position\":2,\"name\":\"T\u0161ehhi keele grammatika\"}]},{\"@type\":\"WebSite\",\"@id\":\"https:\/\/talkpal.ai\/et\/#website\",\"url\":\"https:\/\/talkpal.ai\/et\/\",\"name\":\"Talkpal\",\"description\":\"AI Language Learning\",\"publisher\":{\"@id\":\"https:\/\/talkpal.ai\/et\/#organization\"},\"alternateName\":\"Talkpal AI\",\"potentialAction\":[{\"@type\":\"SearchAction\",\"target\":{\"@type\":\"EntryPoint\",\"urlTemplate\":\"https:\/\/talkpal.ai\/et\/?s={search_term_string}\"},\"query-input\":{\"@type\":\"PropertyValueSpecification\",\"valueRequired\":true,\"valueName\":\"search_term_string\"}}],\"inLanguage\":\"et\"},{\"@type\":\"Organization\",\"@id\":\"https:\/\/talkpal.ai\/et\/#organization\",\"name\":\"Talkpal, Inc.\",\"alternateName\":\"Talkpal AI\",\"url\":\"https:\/\/talkpal.ai\/et\/\",\"logo\":{\"@type\":\"ImageObject\",\"inLanguage\":\"et\",\"@id\":\"https:\/\/talkpal.ai\/et\/#\/schema\/logo\/image\/\",\"url\":\"https:\/\/talkpal.ai\/wp-content\/uploads\/2024\/03\/Talkpal-Logo-Icon.png\",\"contentUrl\":\"https:\/\/talkpal.ai\/wp-content\/uploads\/2024\/03\/Talkpal-Logo-Icon.png\",\"width\":2880,\"height\":2880,\"caption\":\"Talkpal, Inc.\"},\"image\":{\"@id\":\"https:\/\/talkpal.ai\/et\/#\/schema\/logo\/image\/\"},\"sameAs\":[\"https:\/\/www.facebook.com\/profile.php?id=100090733639311\",\"https:\/\/x.com\/talkpalai\",\"https:\/\/www.linkedin.com\/company\/talkpal\/\",\"https:\/\/www.youtube.com\/@TalkPal\/\",\"https:\/\/www.tiktok.com\/@talkpal\",\"https:\/\/www.instagram.com\/talkpal_ai\/\",\"https:\/\/www.crunchbase.com\/organization\/talkpal-9cde\",\"https:\/\/www.g2.com\/products\/talkpal-for-business\/\",\"https:\/\/www.trustpilot.com\/review\/talkpal.ai\",\"https:\/\/www.capterra.com\/p\/10006800\/TalkPal\/\"],\"description\":\"Talkpal is a language learning web and mobile education app, powered by the latest AI technologies, that provides engaging experiences to its customers in many different languages to help them improve their language skills. Users can chat about unlimited amount of topics with the app and use other modes to practice their language learning.\",\"email\":\"support@talkpal.ai\",\"legalName\":\"Talkpal, Inc.\",\"foundingDate\":\"2023-04-03\",\"duns\":\"118989042\",\"numberOfEmployees\":{\"@type\":\"QuantitativeValue\",\"minValue\":\"11\",\"maxValue\":\"50\"},\"publishingPrinciples\":\"https:\/\/talkpal.ai\/publishing-principles\/\",\"actionableFeedbackPolicy\":\"https:\/\/talkpal.ai\/actionable-feedback-policy\/\",\"correctionsPolicy\":\"https:\/\/talkpal.ai\/corrections-policy\/\",\"ethicsPolicy\":\"https:\/\/talkpal.ai\/ethics-policy\/\",\"diversityPolicy\":\"https:\/\/talkpal.ai\/diversity-policy\/\",\"diversityStaffingReport\":\"https:\/\/talkpal.ai\/diversity-policy\/\"}]}<\/script>\n<!-- \/ Yoast SEO Premium plugin. -->","yoast_head_json":{"title":"T\u0161ehhi keele grammatika - Talkpal","description":"Avage t\u0161ehhi keele grammatika saladused. \u00d5ppige tundma selle ainulaadset keerukust ja seda, kuidas t\u00f5husalt omandada noomeni deklinatsioone.","robots":{"index":"index","follow":"follow","max-snippet":"max-snippet:-1","max-image-preview":"max-image-preview:large","max-video-preview":"max-video-preview:-1"},"canonical":"https:\/\/talkpal.ai\/et\/tsehhi-keele-grammatika\/","og_locale":"et_EE","og_type":"article","og_title":"T\u0161ehhi keele grammatika","og_description":"T\u0161ehhi keele grammatika: t\u0161ehhi keele ainulaadse struktuuri m\u00f5istmine Kui olete kunagi p\u00fc\u00fcdnud t\u0161ehhi keelt \u00f5ppida - v\u00f5i isegi lihtsalt t\u0161ehhi keele","og_url":"https:\/\/talkpal.ai\/et\/tsehhi-keele-grammatika\/","og_site_name":"Talkpal","article_publisher":"https:\/\/www.facebook.com\/profile.php?id=100090733639311","article_modified_time":"2025-12-13T15:24:05+00:00","og_image":[{"width":512,"height":512,"url":"https:\/\/talkpal.ai\/wp-content\/uploads\/2023\/05\/czech-republic.png","type":"image\/png"}],"twitter_card":"summary_large_image","twitter_site":"@talkpalai","twitter_misc":{"Est. reading time":"3 minutit"},"schema":{"@context":"https:\/\/schema.org","@graph":[{"@type":"WebPage","@id":"https:\/\/talkpal.ai\/et\/tsehhi-keele-grammatika\/","url":"https:\/\/talkpal.ai\/et\/tsehhi-keele-grammatika\/","name":"T\u0161ehhi keele grammatika - Talkpal","isPartOf":{"@id":"https:\/\/talkpal.ai\/et\/#website"},"primaryImageOfPage":{"@id":"https:\/\/talkpal.ai\/et\/tsehhi-keele-grammatika\/#primaryimage"},"image":{"@id":"https:\/\/talkpal.ai\/et\/tsehhi-keele-grammatika\/#primaryimage"},"thumbnailUrl":"https:\/\/talkpal.ai\/wp-content\/uploads\/2023\/05\/czech-republic.png","datePublished":"2023-05-14T14:03:07+00:00","dateModified":"2025-12-13T15:24:05+00:00","description":"Avage t\u0161ehhi keele grammatika saladused. \u00d5ppige tundma selle ainulaadset keerukust ja seda, kuidas t\u00f5husalt omandada noomeni deklinatsioone.","breadcrumb":{"@id":"https:\/\/talkpal.ai\/et\/tsehhi-keele-grammatika\/#breadcrumb"},"inLanguage":"et","potentialAction":[{"@type":"ReadAction","target":["https:\/\/talkpal.ai\/et\/tsehhi-keele-grammatika\/"]}]},{"@type":"ImageObject","inLanguage":"et","@id":"https:\/\/talkpal.ai\/et\/tsehhi-keele-grammatika\/#primaryimage","url":"https:\/\/talkpal.ai\/wp-content\/uploads\/2023\/05\/czech-republic.png","contentUrl":"https:\/\/talkpal.ai\/wp-content\/uploads\/2023\/05\/czech-republic.png","width":512,"height":512},{"@type":"BreadcrumbList","@id":"https:\/\/talkpal.ai\/et\/tsehhi-keele-grammatika\/#breadcrumb","itemListElement":[{"@type":"ListItem","position":1,"name":"Homepage","item":"https:\/\/talkpal.ai\/et\/"},{"@type":"ListItem","position":2,"name":"T\u0161ehhi keele grammatika"}]},{"@type":"WebSite","@id":"https:\/\/talkpal.ai\/et\/#website","url":"https:\/\/talkpal.ai\/et\/","name":"Talkpal","description":"AI Language Learning","publisher":{"@id":"https:\/\/talkpal.ai\/et\/#organization"},"alternateName":"Talkpal AI","potentialAction":[{"@type":"SearchAction","target":{"@type":"EntryPoint","urlTemplate":"https:\/\/talkpal.ai\/et\/?s={search_term_string}"},"query-input":{"@type":"PropertyValueSpecification","valueRequired":true,"valueName":"search_term_string"}}],"inLanguage":"et"},{"@type":"Organization","@id":"https:\/\/talkpal.ai\/et\/#organization","name":"Talkpal, Inc.","alternateName":"Talkpal AI","url":"https:\/\/talkpal.ai\/et\/","logo":{"@type":"ImageObject","inLanguage":"et","@id":"https:\/\/talkpal.ai\/et\/#\/schema\/logo\/image\/","url":"https:\/\/talkpal.ai\/wp-content\/uploads\/2024\/03\/Talkpal-Logo-Icon.png","contentUrl":"https:\/\/talkpal.ai\/wp-content\/uploads\/2024\/03\/Talkpal-Logo-Icon.png","width":2880,"height":2880,"caption":"Talkpal, Inc."},"image":{"@id":"https:\/\/talkpal.ai\/et\/#\/schema\/logo\/image\/"},"sameAs":["https:\/\/www.facebook.com\/profile.php?id=100090733639311","https:\/\/x.com\/talkpalai","https:\/\/www.linkedin.com\/company\/talkpal\/","https:\/\/www.youtube.com\/@TalkPal\/","https:\/\/www.tiktok.com\/@talkpal","https:\/\/www.instagram.com\/talkpal_ai\/","https:\/\/www.crunchbase.com\/organization\/talkpal-9cde","https:\/\/www.g2.com\/products\/talkpal-for-business\/","https:\/\/www.trustpilot.com\/review\/talkpal.ai","https:\/\/www.capterra.com\/p\/10006800\/TalkPal\/"],"description":"Talkpal is a language learning web and mobile education app, powered by the latest AI technologies, that provides engaging experiences to its customers in many different languages to help them improve their language skills. Users can chat about unlimited amount of topics with the app and use other modes to practice their language learning.","email":"support@talkpal.ai","legalName":"Talkpal, Inc.","foundingDate":"2023-04-03","duns":"118989042","numberOfEmployees":{"@type":"QuantitativeValue","minValue":"11","maxValue":"50"},"publishingPrinciples":"https:\/\/talkpal.ai\/publishing-principles\/","actionableFeedbackPolicy":"https:\/\/talkpal.ai\/actionable-feedback-policy\/","correctionsPolicy":"https:\/\/talkpal.ai\/corrections-policy\/","ethicsPolicy":"https:\/\/talkpal.ai\/ethics-policy\/","diversityPolicy":"https:\/\/talkpal.ai\/diversity-policy\/","diversityStaffingReport":"https:\/\/talkpal.ai\/diversity-policy\/"}]}},"_links":{"self":[{"href":"https:\/\/talkpal.ai\/et\/wp-json\/wp\/v2\/pages\/143221","targetHints":{"allow":["GET"]}}],"collection":[{"href":"https:\/\/talkpal.ai\/et\/wp-json\/wp\/v2\/pages"}],"about":[{"href":"https:\/\/talkpal.ai\/et\/wp-json\/wp\/v2\/types\/page"}],"author":[{"embeddable":true,"href":"https:\/\/talkpal.ai\/et\/wp-json\/wp\/v2\/users\/1"}],"replies":[{"embeddable":true,"href":"https:\/\/talkpal.ai\/et\/wp-json\/wp\/v2\/comments?post=143221"}],"version-history":[{"count":0,"href":"https:\/\/talkpal.ai\/et\/wp-json\/wp\/v2\/pages\/143221\/revisions"}],"wp:featuredmedia":[{"embeddable":true,"href":"https:\/\/talkpal.ai\/et\/wp-json\/wp\/v2\/media\/111707"}],"wp:attachment":[{"href":"https:\/\/talkpal.ai\/et\/wp-json\/wp\/v2\/media?parent=143221"}],"curies":[{"name":"wp","href":"https:\/\/api.w.org\/{rel}","templated":true}]}}