{"id":142959,"date":"2023-05-14T14:02:30","date_gmt":"2023-05-14T14:02:30","guid":{"rendered":"http:\/\/talkpal.ai\/kreeka-keele-grammatika\/"},"modified":"2025-12-13T15:14:17","modified_gmt":"2025-12-13T15:14:17","slug":"kreeka-keele-grammatika","status":"publish","type":"page","link":"https:\/\/talkpal.ai\/et\/kreeka-keele-grammatika\/","title":{"rendered":"Kreeka keele grammatika"},"content":{"rendered":"\r\n\r\n\r\n<section class=\"languageChallengeSection\">\r\n    <div class=\"languageInfoWrapper\">\r\n        \r\n        <h1>Kreeka keele grammatika<\/h1>\r\n        <p>\u00d5ppige <a href=\"https:\/\/talkpal.ai\/learn-greek\/\">kreeka<\/a> keele grammatikat ja astuge inimkonna \u00fche vanima ja m\u00f5jukaima keele maailma. Kreeka keel tutvustab teile selle ainulaadset t\u00e4hestikku, v\u00e4ljendusrikkaid verbiliiteid ja t\u00e4hendust kujundavate nimis\u00f5nade s\u00fcsteemi. Uurides avastate paljude ingliskeelsete s\u00f5nade juured ja tutvute rikkaliku kultuurip\u00e4randiga. Sukeldu sisse ja naudi kreeka keele <a href=\"https:\/\/talkpal.ai\/greek-grammar\/\">grammatika<\/a> \u00f5ppimise rahuldust pakkuvat v\u00e4ljakutset!<\/p>\r\n\r\n                            <a class=\"getStartedHidden\" href=\"https:\/\/app.talkpal.ai\/et\/signup?lng=\">Alusta<\/a>\r\n        \r\n    <\/div>\r\n\r\n    <figure>\r\n    <img decoding=\"async\" width=\"768\" height=\"768\" src=\"https:\/\/talkpal.ai\/wp-content\/uploads\/2023\/06\/greek-768x768.png\" class=\"languageImage no-lazy\" alt=\"Language learning to boost personal capability\" fetchpriority=\"high\" sizes=\"(max-width: 768px) 150px, 768px\" srcset=\"https:\/\/talkpal.ai\/wp-content\/uploads\/2023\/06\/greek-768x768.png 768w, https:\/\/talkpal.ai\/wp-content\/uploads\/2023\/06\/greek-300x300.png 300w\" \/>\r\n    \r\n\r\n    <\/figure>\r\n\r\n            <a class=\"getStartedVisible\" href=\"https:\/\/app.talkpal.ai\/et\/signup?lng=\">Alusta<\/a>\r\n    \r\n<\/section>\r\n<section class=\"promotionalBanner\">\r\n    <p class=\"promotionalText\">K\u00f5ige t\u00f5husam viis keele \u00f5ppimiseks<\/p>\r\n    <a class=\"promotionalLink\" href=\"https:\/\/app.talkpal.ai\/et\/signup?lng=\">Proovige Talkpal tasuta<\/a>\r\n<\/section>\n<div class=\"wp-block-group pageContainerStyle\"><div class=\"wp-block-group__inner-container is-layout-constrained wp-block-group-is-layout-constrained\">\n<h2 class=\"wp-block-heading\" id=\"h-demystifying-greek-grammar-a-comprehensive-guide\">Kreeka grammatika dem\u00fcstifitseerimine: p\u00f5hjalik juhend<\/h2>\n\n\n\n<p>Kreeka keelel, elegantsel ja iidsel keelel, on keeleajaloos eriline koht ja see on t\u00e4nap\u00e4eval m\u00f5jukas. Kreeka grammatika tugeva alusega saate juurdep\u00e4\u00e4su rikkalikule kultuurilisele ja ajaloolisele ressursile, avades samal ajal veel \u00fche t\u00e4henduskihi <a href=\"https:\/\/talkpal.ai\/learn-english\/\">inglise<\/a> keele s\u00f5navaras. Vastupidiselt levinud arvamusele ei ole <a href=\"https:\/\/talkpal.ai\/et\/kreeka-keele-oppimine-lihtsad-nipid-ja-tohusad-meetodid-algajatele\/\">kreeka keele grammatika<\/a> nii hirmutav, kui see esialgu tundub. Selles artiklis aitame teil tutvuda kreeka keele grammatika p\u00f5hikomponentidega, et te saaksite sellele keelele enesekindlalt ja entusiastlikult l\u00e4heneda.<\/p>\n\n\n\n<h3 class=\"wp-block-heading\" id=\"h-1-understanding-greek-nouns-cases-and-articles\">1. Kreeka nimis\u00f5nade, juhtumite ja artiklite m\u00f5istmine<\/h3>\n\n\n\n<p>Kreeka nimis\u00f5nad liigitatakse kolme sugupoole: mehelik, naiselik ja neuter. <a href=\"https:\/\/talkpal.ai\/locations\/language-courses-in-iga\/\">Iga<\/a> nimis\u00f5na kuulub \u00fchte kolmest deklinatsioonist, mis m\u00e4\u00e4ravad nimis\u00f5na l\u00f5pu selle soo, arvu (ainsuses v\u00f5i mitmuses) ja k\u00e4\u00e4ndejuhu alusel. Kreeka keeles on viis juhtumit: nominatiivne, genitiivne, datiivne, akusatiivne ja kutsuv.<\/p>\n\n\n\n<p>Kreeka keele grammatika oluline aspekt keerleb artikli \u00fcmber. Sarnaselt ingliskeelsele &#8216;the&#8217; on kreeka keele kindel artikkel kreeka tekstide m\u00f5istmiseks \u00fclioluline. Kreeka artikkel peab n\u00f5ustuma nimis\u00f5naga soo, arvu ja juhtumi osas. Kreeka keeles on olemas ka m\u00e4\u00e4ramata artikkel, mis toimib nagu &#8216;a&#8217; v\u00f5i &#8216;an&#8217; inglise keeles.<\/p>\n\n\n\n<h3 class=\"wp-block-heading\" id=\"h-2-tackling-greek-verbs-conjugation-and-moods\">2. Kreeka verbide k\u00e4sitlemine: konjugatsioon ja meeleolud<\/h3>\n\n\n\n<p>Kreeka verbe iseloomustab nende pinge, h\u00e4\u00e4l, meeleolu, inimene ja arv. Kreeka keele verbid on konjugeeritud vastavalt nende pingele, mis n\u00e4itab, millal tegevus toimub. Kreeka verbil on seitse p\u00f5hiosa, millest iga\u00fcks vastab pingele:<\/p>\n\n\n\n<p><strong>&#8211; Olemasolevad<\/strong><\/p>\n\n\n\n<p><strong>&#8211; Tulevik<\/strong><\/p>\n\n\n\n<p><strong>&#8211; Aorist (lihtne minevik)<\/strong><\/p>\n\n\n\n<p><strong>&#8211; T\u00e4iuslik<\/strong><\/p>\n\n\n\n<p><strong>&#8211; Tuleviku t\u00e4iuslikkus<\/strong><\/p>\n\n\n\n<p><strong>&#8211; Pluperfekt<\/strong><\/p>\n\n\n\n<p><strong>&#8211; Aoristi passiiv<\/strong><\/p>\n\n\n\n<p>Lisaks on kreeka verbidel erinevad meeleolud, mis v\u00e4ljendavad k\u00f5neleja suhtumist tegevusse. Need meeleolud on imperatiivsed, soovituslikud ja subjunktiivsed.<\/p>\n\n\n\n<h3 class=\"wp-block-heading\" id=\"h-3-crafting-expressive-sentences-with-greek-adjectives-and-adverbs\">3. Ekspressiivsete lausete koostamine kreeka omaduss\u00f5nade ja m\u00e4\u00e4rs\u00f5nadega<\/h3>\n\n\n\n<p>Kreeka omaduss\u00f5nad lisavad teie lausetele v\u00e4rvi ja kirjeldust. Sarnaselt nimis\u00f5nadele peavad ka kreeka keeles olevad omaduss\u00f5nad kokku leppima soo, arvu ja juhtumiga nende kirjeldatava nimis\u00f5naga. Lisaks kuuluvad omaduss\u00f5nad \u00fchte kolmest deklinatsioonist, mis m\u00e4\u00e4rab nende l\u00f5pud.<\/p>\n\n\n\n<p>Kreeka m\u00e4\u00e4rs\u00f5nad muudavad tegus\u00f5nu, omaduss\u00f5nu v\u00f5i muid m\u00e4\u00e4rs\u00f5nu. Nad v\u00e4ljendavad, kuidas, millal, kus v\u00f5i millises ulatuses toimingut tehakse. Erinevalt omaduss\u00f5nadest ei pea m\u00e4\u00e4rs\u00f5nad n\u00f5ustuma nimis\u00f5nadega soos, arvus v\u00f5i juhtumis. Paljudel juhtudel moodustatakse m\u00e4\u00e4rs\u00f5nad omaduss\u00f5na juurtele konkreetsete l\u00f5ppude lisamisega.<\/p>\n\n\n\n<h3 class=\"wp-block-heading\" id=\"h-4-exploring-greek-pronouns-and-greek-sentence-structure\">4. Kreeka ases\u00f5nade ja kreeka lauseehituse uurimine<\/h3>\n\n\n\n<p>Ases\u00f5nad m\u00e4ngivad kreeka grammatikas olulist rolli, kuna need asendavad nimis\u00f5nu ja peavad n\u00f5ustuma nimis\u00f5naga, mida nad esindavad soo, arvu ja juhtumi poolest. Kreeka keeles on isiklikud, refleksiivsed, demonstratiivsed, suhtelised, \u00fclekuulatavad ja m\u00e4\u00e4ramata ases\u00f5nad.<\/p>\n\n\n\n<p>Kreeka lauseehitus j\u00e4rgib peamiselt subjekti-verbi-objekti (SVO) j\u00e4rjekorda. Kuid t\u00e4nu oma v\u00e4ga \u00fclepaisutatud olemusele pakub kreeka keel s\u00f5nade j\u00e4rjekorras suuremat paindlikkust, mis v\u00f5imaldab r\u00f5hutada ja poeetilist v\u00e4ljendust. See paindlikkus v\u00f5ib esialgu tunduda keeruline, kuid muutub keele n\u00fcansside tundma\u00f5ppimisega \u00fcha lihtsamaks.<\/p>\n\n\n\n<h3 class=\"wp-block-heading\" id=\"h-conclusion\">Kokkuv\u00f5te<\/h3>\n\n\n\n<p>Kui alustate oma teekonda kreeka keele grammatika omandamiseks, pidage meeles, et harjutamine ja visadus on edu saavutamiseks \u00fcliolulised. V\u00f5tke aega kreeka nimis\u00f5nade, tegus\u00f5nade, omaduss\u00f5nade, m\u00e4\u00e4rs\u00f5nade ja lauseehituse keerukuse lahti harutamiseks. Sellesse p\u00f5nevasse keelde s\u00fcvenedes leiate, et kreeka keele grammatika muutub tuttavamaks ja v\u00e4hem hirmutavaks. \u00d5nn kaasa ja \u03ba\u03b1\u03bb\u03ae \u03b5\u03c0\u03b9\u03c4\u03c5\u03c7\u03af\u03b1!<\/p>\n<\/div><\/div>\n\r\n<section class=\"learnNavigationSection\">\r\n            \r\n        <a href=\"https:\/\/talkpal.ai\/et\/opi-kreeka-keel\/\">\r\n            <div class=\"learnNavigationWrapper\">\r\n                <div class=\"learnNavigationContent\">\r\n                    <img decoding=\"async\" src=\"https:\/\/talkpal.ai\/wp-content\/uploads\/2024\/08\/Greek.jpg\" alt=\"Greek Flag\">\r\n                    <div>\r\n                        <h4>Kreeka \u00f5ppimisest<\/h4>\r\n                        <p>Uuri k\u00f5ike kreeka keele grammatika kohta.<\/p>\r\n                    <\/div>\r\n                <\/div>\r\n            <\/div>\r\n        <\/a>\r\n\r\n        \r\n        <a href=\"https:\/\/talkpal.ai\/et\/kreeka-keele-grammatika-harjutused\/\">\r\n            <div class=\"learnNavigationWrapper\">\r\n                <div class=\"learnNavigationContent\">\r\n                    <img decoding=\"async\" src=\"https:\/\/talkpal.ai\/wp-content\/uploads\/2024\/08\/Greek.jpg\" alt=\"Greek Flag\">\r\n                    <div>\r\n                        <h4>Kreeka keele grammatika harjutus<\/h4>\r\n                        <p>Harjutage kreeka keele grammatikat.<\/p>\r\n                    <\/div>\r\n                <\/div>\r\n            <\/div>\r\n        <\/a>\r\n\r\n        \r\n        <a href=\"https:\/\/talkpal.ai\/vocabulary_language\/greek\/\">\r\n            <div class=\"learnNavigationWrapper\">\r\n                <div class=\"learnNavigationContent\">\r\n                    <img decoding=\"async\" src=\"https:\/\/talkpal.ai\/wp-content\/uploads\/2024\/08\/Greek.jpg\" alt=\"Greek Flag\">\r\n                    <div>\r\n                        <h4>Kreeka keele s\u00f5navara<\/h4>\r\n                        <p>Laiendage oma kreeka keele s\u00f5navara.<\/p>\r\n                    <\/div>\r\n                <\/div>\r\n            <\/div>\r\n        <\/a>\r\n\r\n            <\/section>","protected":false},"excerpt":{"rendered":"<p>Kreeka grammatika dem\u00fcstifitseerimine: p\u00f5hjalik juhend Kreeka keelel, elegantsel ja iidsel keelel, on keeleajaloos eriline koht ja see on t\u00e4nap\u00e4eval m\u00f5jukas. Kreeka grammatika tugeva alusega saate juurdep\u00e4\u00e4su rikkalikule kultuurilisele ja ajaloolisele ressursile, avades samal ajal veel \u00fche t\u00e4henduskihi inglise keele s\u00f5navaras. Vastupidiselt levinud arvamusele ei ole kreeka keele grammatika nii hirmutav, kui see esialgu tundub. Selles [&hellip;]<\/p>\n","protected":false},"author":1,"featured_media":112766,"parent":0,"menu_order":0,"comment_status":"closed","ping_status":"closed","template":"LearningContentPage.php","meta":{"_acf_changed":false,"footnotes":""},"class_list":["post-142959","page","type-page","status-publish","has-post-thumbnail","hentry"],"acf":[],"yoast_head":"<!-- This site is optimized with the Yoast SEO Premium plugin v27.2 (Yoast SEO v27.2) - https:\/\/yoast.com\/product\/yoast-seo-premium-wordpress\/ -->\n<title>Kreeka keele grammatika - Talkpal<\/title>\n<meta name=\"description\" content=\"\u00d5ppige kreeka keele grammatikat kindlalt - \u00f5ppige t\u00e4htsaid reegleid, harjutage lausete moodustamist ja tugevdage oma oskusi kiiresti koos Talkpal AI.\" \/>\n<meta name=\"robots\" content=\"index, follow, max-snippet:-1, max-image-preview:large, max-video-preview:-1\" \/>\n<link rel=\"canonical\" href=\"https:\/\/talkpal.ai\/et\/kreeka-keele-grammatika\/\" \/>\n<meta property=\"og:locale\" content=\"et_EE\" \/>\n<meta property=\"og:type\" content=\"article\" \/>\n<meta property=\"og:title\" content=\"Kreeka keele grammatika\" \/>\n<meta property=\"og:description\" content=\"Kreeka grammatika dem\u00fcstifitseerimine: p\u00f5hjalik juhend Kreeka keelel, elegantsel ja iidsel keelel, on keeleajaloos eriline koht ja see on t\u00e4nap\u00e4eval\" \/>\n<meta property=\"og:url\" content=\"https:\/\/talkpal.ai\/et\/kreeka-keele-grammatika\/\" \/>\n<meta property=\"og:site_name\" content=\"Talkpal\" \/>\n<meta property=\"article:publisher\" content=\"https:\/\/www.facebook.com\/profile.php?id=100090733639311\" \/>\n<meta property=\"article:modified_time\" content=\"2025-12-13T15:14:17+00:00\" \/>\n<meta property=\"og:image\" content=\"https:\/\/talkpal.ai\/wp-content\/uploads\/2023\/05\/greece.png\" \/>\n\t<meta property=\"og:image:width\" content=\"512\" \/>\n\t<meta property=\"og:image:height\" content=\"512\" \/>\n\t<meta property=\"og:image:type\" content=\"image\/png\" \/>\n<meta name=\"twitter:card\" content=\"summary_large_image\" \/>\n<meta name=\"twitter:site\" content=\"@talkpalai\" \/>\n<meta name=\"twitter:label1\" content=\"Est. reading time\" \/>\n\t<meta name=\"twitter:data1\" content=\"3 minutit\" \/>\n<script type=\"application\/ld+json\" class=\"yoast-schema-graph\">{\"@context\":\"https:\/\/schema.org\",\"@graph\":[{\"@type\":\"WebPage\",\"@id\":\"https:\/\/talkpal.ai\/et\/kreeka-keele-grammatika\/\",\"url\":\"https:\/\/talkpal.ai\/et\/kreeka-keele-grammatika\/\",\"name\":\"Kreeka keele grammatika - Talkpal\",\"isPartOf\":{\"@id\":\"https:\/\/talkpal.ai\/et\/#website\"},\"primaryImageOfPage\":{\"@id\":\"https:\/\/talkpal.ai\/et\/kreeka-keele-grammatika\/#primaryimage\"},\"image\":{\"@id\":\"https:\/\/talkpal.ai\/et\/kreeka-keele-grammatika\/#primaryimage\"},\"thumbnailUrl\":\"https:\/\/talkpal.ai\/wp-content\/uploads\/2023\/05\/greece.png\",\"datePublished\":\"2023-05-14T14:02:30+00:00\",\"dateModified\":\"2025-12-13T15:14:17+00:00\",\"description\":\"\u00d5ppige kreeka keele grammatikat kindlalt - \u00f5ppige t\u00e4htsaid reegleid, harjutage lausete moodustamist ja tugevdage oma oskusi kiiresti koos Talkpal AI.\",\"breadcrumb\":{\"@id\":\"https:\/\/talkpal.ai\/et\/kreeka-keele-grammatika\/#breadcrumb\"},\"inLanguage\":\"et\",\"potentialAction\":[{\"@type\":\"ReadAction\",\"target\":[\"https:\/\/talkpal.ai\/et\/kreeka-keele-grammatika\/\"]}]},{\"@type\":\"ImageObject\",\"inLanguage\":\"et\",\"@id\":\"https:\/\/talkpal.ai\/et\/kreeka-keele-grammatika\/#primaryimage\",\"url\":\"https:\/\/talkpal.ai\/wp-content\/uploads\/2023\/05\/greece.png\",\"contentUrl\":\"https:\/\/talkpal.ai\/wp-content\/uploads\/2023\/05\/greece.png\",\"width\":512,\"height\":512},{\"@type\":\"BreadcrumbList\",\"@id\":\"https:\/\/talkpal.ai\/et\/kreeka-keele-grammatika\/#breadcrumb\",\"itemListElement\":[{\"@type\":\"ListItem\",\"position\":1,\"name\":\"Homepage\",\"item\":\"https:\/\/talkpal.ai\/et\/\"},{\"@type\":\"ListItem\",\"position\":2,\"name\":\"Kreeka keele grammatika\"}]},{\"@type\":\"WebSite\",\"@id\":\"https:\/\/talkpal.ai\/et\/#website\",\"url\":\"https:\/\/talkpal.ai\/et\/\",\"name\":\"Talkpal\",\"description\":\"AI Language Learning\",\"publisher\":{\"@id\":\"https:\/\/talkpal.ai\/et\/#organization\"},\"alternateName\":\"Talkpal AI\",\"potentialAction\":[{\"@type\":\"SearchAction\",\"target\":{\"@type\":\"EntryPoint\",\"urlTemplate\":\"https:\/\/talkpal.ai\/et\/?s={search_term_string}\"},\"query-input\":{\"@type\":\"PropertyValueSpecification\",\"valueRequired\":true,\"valueName\":\"search_term_string\"}}],\"inLanguage\":\"et\"},{\"@type\":\"Organization\",\"@id\":\"https:\/\/talkpal.ai\/et\/#organization\",\"name\":\"Talkpal, Inc.\",\"alternateName\":\"Talkpal AI\",\"url\":\"https:\/\/talkpal.ai\/et\/\",\"logo\":{\"@type\":\"ImageObject\",\"inLanguage\":\"et\",\"@id\":\"https:\/\/talkpal.ai\/et\/#\/schema\/logo\/image\/\",\"url\":\"https:\/\/talkpal.ai\/wp-content\/uploads\/2024\/03\/Talkpal-Logo-Icon.png\",\"contentUrl\":\"https:\/\/talkpal.ai\/wp-content\/uploads\/2024\/03\/Talkpal-Logo-Icon.png\",\"width\":2880,\"height\":2880,\"caption\":\"Talkpal, Inc.\"},\"image\":{\"@id\":\"https:\/\/talkpal.ai\/et\/#\/schema\/logo\/image\/\"},\"sameAs\":[\"https:\/\/www.facebook.com\/profile.php?id=100090733639311\",\"https:\/\/x.com\/talkpalai\",\"https:\/\/www.linkedin.com\/company\/talkpal\/\",\"https:\/\/www.youtube.com\/@TalkPal\/\",\"https:\/\/www.tiktok.com\/@talkpal\",\"https:\/\/www.instagram.com\/talkpal_ai\/\",\"https:\/\/www.crunchbase.com\/organization\/talkpal-9cde\",\"https:\/\/www.g2.com\/products\/talkpal-for-business\/\",\"https:\/\/www.trustpilot.com\/review\/talkpal.ai\",\"https:\/\/www.capterra.com\/p\/10006800\/TalkPal\/\"],\"description\":\"Talkpal is a language learning web and mobile education app, powered by the latest AI technologies, that provides engaging experiences to its customers in many different languages to help them improve their language skills. Users can chat about unlimited amount of topics with the app and use other modes to practice their language learning.\",\"email\":\"support@talkpal.ai\",\"legalName\":\"Talkpal, Inc.\",\"foundingDate\":\"2023-04-03\",\"duns\":\"118989042\",\"numberOfEmployees\":{\"@type\":\"QuantitativeValue\",\"minValue\":\"11\",\"maxValue\":\"50\"},\"publishingPrinciples\":\"https:\/\/talkpal.ai\/publishing-principles\/\",\"actionableFeedbackPolicy\":\"https:\/\/talkpal.ai\/actionable-feedback-policy\/\",\"correctionsPolicy\":\"https:\/\/talkpal.ai\/corrections-policy\/\",\"ethicsPolicy\":\"https:\/\/talkpal.ai\/ethics-policy\/\",\"diversityPolicy\":\"https:\/\/talkpal.ai\/diversity-policy\/\",\"diversityStaffingReport\":\"https:\/\/talkpal.ai\/diversity-policy\/\"}]}<\/script>\n<!-- \/ Yoast SEO Premium plugin. -->","yoast_head_json":{"title":"Kreeka keele grammatika - Talkpal","description":"\u00d5ppige kreeka keele grammatikat kindlalt - \u00f5ppige t\u00e4htsaid reegleid, harjutage lausete moodustamist ja tugevdage oma oskusi kiiresti koos Talkpal AI.","robots":{"index":"index","follow":"follow","max-snippet":"max-snippet:-1","max-image-preview":"max-image-preview:large","max-video-preview":"max-video-preview:-1"},"canonical":"https:\/\/talkpal.ai\/et\/kreeka-keele-grammatika\/","og_locale":"et_EE","og_type":"article","og_title":"Kreeka keele grammatika","og_description":"Kreeka grammatika dem\u00fcstifitseerimine: p\u00f5hjalik juhend Kreeka keelel, elegantsel ja iidsel keelel, on keeleajaloos eriline koht ja see on t\u00e4nap\u00e4eval","og_url":"https:\/\/talkpal.ai\/et\/kreeka-keele-grammatika\/","og_site_name":"Talkpal","article_publisher":"https:\/\/www.facebook.com\/profile.php?id=100090733639311","article_modified_time":"2025-12-13T15:14:17+00:00","og_image":[{"width":512,"height":512,"url":"https:\/\/talkpal.ai\/wp-content\/uploads\/2023\/05\/greece.png","type":"image\/png"}],"twitter_card":"summary_large_image","twitter_site":"@talkpalai","twitter_misc":{"Est. reading time":"3 minutit"},"schema":{"@context":"https:\/\/schema.org","@graph":[{"@type":"WebPage","@id":"https:\/\/talkpal.ai\/et\/kreeka-keele-grammatika\/","url":"https:\/\/talkpal.ai\/et\/kreeka-keele-grammatika\/","name":"Kreeka keele grammatika - Talkpal","isPartOf":{"@id":"https:\/\/talkpal.ai\/et\/#website"},"primaryImageOfPage":{"@id":"https:\/\/talkpal.ai\/et\/kreeka-keele-grammatika\/#primaryimage"},"image":{"@id":"https:\/\/talkpal.ai\/et\/kreeka-keele-grammatika\/#primaryimage"},"thumbnailUrl":"https:\/\/talkpal.ai\/wp-content\/uploads\/2023\/05\/greece.png","datePublished":"2023-05-14T14:02:30+00:00","dateModified":"2025-12-13T15:14:17+00:00","description":"\u00d5ppige kreeka keele grammatikat kindlalt - \u00f5ppige t\u00e4htsaid reegleid, harjutage lausete moodustamist ja tugevdage oma oskusi kiiresti koos Talkpal AI.","breadcrumb":{"@id":"https:\/\/talkpal.ai\/et\/kreeka-keele-grammatika\/#breadcrumb"},"inLanguage":"et","potentialAction":[{"@type":"ReadAction","target":["https:\/\/talkpal.ai\/et\/kreeka-keele-grammatika\/"]}]},{"@type":"ImageObject","inLanguage":"et","@id":"https:\/\/talkpal.ai\/et\/kreeka-keele-grammatika\/#primaryimage","url":"https:\/\/talkpal.ai\/wp-content\/uploads\/2023\/05\/greece.png","contentUrl":"https:\/\/talkpal.ai\/wp-content\/uploads\/2023\/05\/greece.png","width":512,"height":512},{"@type":"BreadcrumbList","@id":"https:\/\/talkpal.ai\/et\/kreeka-keele-grammatika\/#breadcrumb","itemListElement":[{"@type":"ListItem","position":1,"name":"Homepage","item":"https:\/\/talkpal.ai\/et\/"},{"@type":"ListItem","position":2,"name":"Kreeka keele grammatika"}]},{"@type":"WebSite","@id":"https:\/\/talkpal.ai\/et\/#website","url":"https:\/\/talkpal.ai\/et\/","name":"Talkpal","description":"AI Language Learning","publisher":{"@id":"https:\/\/talkpal.ai\/et\/#organization"},"alternateName":"Talkpal AI","potentialAction":[{"@type":"SearchAction","target":{"@type":"EntryPoint","urlTemplate":"https:\/\/talkpal.ai\/et\/?s={search_term_string}"},"query-input":{"@type":"PropertyValueSpecification","valueRequired":true,"valueName":"search_term_string"}}],"inLanguage":"et"},{"@type":"Organization","@id":"https:\/\/talkpal.ai\/et\/#organization","name":"Talkpal, Inc.","alternateName":"Talkpal AI","url":"https:\/\/talkpal.ai\/et\/","logo":{"@type":"ImageObject","inLanguage":"et","@id":"https:\/\/talkpal.ai\/et\/#\/schema\/logo\/image\/","url":"https:\/\/talkpal.ai\/wp-content\/uploads\/2024\/03\/Talkpal-Logo-Icon.png","contentUrl":"https:\/\/talkpal.ai\/wp-content\/uploads\/2024\/03\/Talkpal-Logo-Icon.png","width":2880,"height":2880,"caption":"Talkpal, Inc."},"image":{"@id":"https:\/\/talkpal.ai\/et\/#\/schema\/logo\/image\/"},"sameAs":["https:\/\/www.facebook.com\/profile.php?id=100090733639311","https:\/\/x.com\/talkpalai","https:\/\/www.linkedin.com\/company\/talkpal\/","https:\/\/www.youtube.com\/@TalkPal\/","https:\/\/www.tiktok.com\/@talkpal","https:\/\/www.instagram.com\/talkpal_ai\/","https:\/\/www.crunchbase.com\/organization\/talkpal-9cde","https:\/\/www.g2.com\/products\/talkpal-for-business\/","https:\/\/www.trustpilot.com\/review\/talkpal.ai","https:\/\/www.capterra.com\/p\/10006800\/TalkPal\/"],"description":"Talkpal is a language learning web and mobile education app, powered by the latest AI technologies, that provides engaging experiences to its customers in many different languages to help them improve their language skills. Users can chat about unlimited amount of topics with the app and use other modes to practice their language learning.","email":"support@talkpal.ai","legalName":"Talkpal, Inc.","foundingDate":"2023-04-03","duns":"118989042","numberOfEmployees":{"@type":"QuantitativeValue","minValue":"11","maxValue":"50"},"publishingPrinciples":"https:\/\/talkpal.ai\/publishing-principles\/","actionableFeedbackPolicy":"https:\/\/talkpal.ai\/actionable-feedback-policy\/","correctionsPolicy":"https:\/\/talkpal.ai\/corrections-policy\/","ethicsPolicy":"https:\/\/talkpal.ai\/ethics-policy\/","diversityPolicy":"https:\/\/talkpal.ai\/diversity-policy\/","diversityStaffingReport":"https:\/\/talkpal.ai\/diversity-policy\/"}]}},"_links":{"self":[{"href":"https:\/\/talkpal.ai\/et\/wp-json\/wp\/v2\/pages\/142959","targetHints":{"allow":["GET"]}}],"collection":[{"href":"https:\/\/talkpal.ai\/et\/wp-json\/wp\/v2\/pages"}],"about":[{"href":"https:\/\/talkpal.ai\/et\/wp-json\/wp\/v2\/types\/page"}],"author":[{"embeddable":true,"href":"https:\/\/talkpal.ai\/et\/wp-json\/wp\/v2\/users\/1"}],"replies":[{"embeddable":true,"href":"https:\/\/talkpal.ai\/et\/wp-json\/wp\/v2\/comments?post=142959"}],"version-history":[{"count":0,"href":"https:\/\/talkpal.ai\/et\/wp-json\/wp\/v2\/pages\/142959\/revisions"}],"wp:featuredmedia":[{"embeddable":true,"href":"https:\/\/talkpal.ai\/et\/wp-json\/wp\/v2\/media\/112766"}],"wp:attachment":[{"href":"https:\/\/talkpal.ai\/et\/wp-json\/wp\/v2\/media?parent=142959"}],"curies":[{"name":"wp","href":"https:\/\/api.w.org\/{rel}","templated":true}]}}