{"id":142286,"date":"2023-05-14T14:01:16","date_gmt":"2023-05-14T14:01:16","guid":{"rendered":"http:\/\/talkpal.ai\/horvaatia-keele-grammatika\/"},"modified":"2025-12-11T16:41:51","modified_gmt":"2025-12-11T16:41:51","slug":"horvaatia-keele-grammatika","status":"publish","type":"page","link":"https:\/\/talkpal.ai\/et\/horvaatia-keele-grammatika\/","title":{"rendered":"Horvaatia keele grammatika"},"content":{"rendered":"\r\n\r\n\r\n<section class=\"languageChallengeSection\">\r\n    <div class=\"languageInfoWrapper\">\r\n        \r\n        <h1>Horvaatia keele grammatika<\/h1>\r\n        <p>Avastage <a href=\"https:\/\/talkpal.ai\/learn-croatian\/\">horvaadi<\/a> keele p\u00f5nev struktuur, \u00f5ppides selle p\u00f5hilisi grammatikareegleid. Horvaatia keele <a href=\"https:\/\/talkpal.ai\/greek-grammar\/\">grammatika<\/a> omandamine avab teile uusi suhtlemisv\u00f5imalusi ning aitab teil paremini kogeda riigi kultuuri ja p\u00e4randit. Alusta <a href=\"https:\/\/talkpal.ai\/learn-croatian\/\">horvaadi<\/a> keele grammatika \u00f5ppimist juba t\u00e4na ja astu esimene samm sujuva keeleoskuse suunas!<\/p>\r\n\r\n                            <a class=\"getStartedHidden\" href=\"https:\/\/app.talkpal.ai\/et\/signup?lng=\">Alusta<\/a>\r\n        \r\n    <\/div>\r\n\r\n    <figure>\r\n    <img decoding=\"async\" width=\"768\" height=\"768\" src=\"https:\/\/talkpal.ai\/wp-content\/uploads\/2023\/06\/croatian-768x768.png\" class=\"languageImage no-lazy\" alt=\"Language learning for successful interaction\" fetchpriority=\"high\" sizes=\"(max-width: 768px) 150px, 768px\" srcset=\"https:\/\/talkpal.ai\/wp-content\/uploads\/2023\/06\/croatian-768x768.png 768w, https:\/\/talkpal.ai\/wp-content\/uploads\/2023\/06\/croatian-300x300.png 300w\" \/>\r\n    \r\n\r\n    <\/figure>\r\n\r\n            <a class=\"getStartedVisible\" href=\"https:\/\/app.talkpal.ai\/et\/signup?lng=\">Alusta<\/a>\r\n    \r\n<\/section>\r\n<section class=\"promotionalBanner\">\r\n    <p class=\"promotionalText\">K\u00f5ige t\u00f5husam viis keele \u00f5ppimiseks<\/p>\r\n    <a class=\"promotionalLink\" href=\"https:\/\/app.talkpal.ai\/et\/signup?lng=\">Proovige Talkpal tasuta<\/a>\r\n<\/section>\n<div class=\"wp-block-group pageContainerStyle\"><div class=\"wp-block-group__inner-container is-layout-constrained wp-block-group-is-layout-constrained\">\n<h2 class=\"wp-block-heading\" id=\"h-a-journey-through-croatian-grammar-unraveling-the-complexities-made-easy\">Teekond l\u00e4bi horvaadi grammatika: lihtsaks tehtud keerukuse lahti harutamine<\/h2>\n\n\n\n<p>Horvaadi grammatika: ahvatlev ja hirmutav, lihtne ja keeruline, salap\u00e4rane ja p\u00f5nev. Kui asute horvaadi keele \u00f5ppimise teekonnale, v\u00f5ite tunda end h\u00e4mmingus m\u00f5ttest m\u00f5ista selle grammatilisi keerukusi. Kuid \u00e4rge kartke, intrepid keeleteadlane, sest me oleme siin, et juhatada teid igal sammul!<\/p>\n\n\n\n<p>Selles artiklis pakume p\u00f5hiteadmisi Horvaatia grammatika m\u00f5istetest ja pakume n\u00e4pun\u00e4iteid selle ilusa slaavi keele omandamiseks. Lihtsalt istuge, l\u00f5dvestuge ja lihtsustagem seda n\u00e4iliselt keerulist asja!<\/p>\n\n\n\n<h3 class=\"wp-block-heading\" id=\"h-1-heavenly-nouns-declining-in-style\">1. Taevased nimis\u00f5nad: stiili v\u00e4henemine<\/h3>\n\n\n\n<p>Kui te olete tuttav selliste keeltega nagu ladina v\u00f5i <a href=\"https:\/\/talkpal.ai\/et\/oppige-saksa-keelt\/\">saksa keel<\/a>, siis ei ole substantiivi deklinatsiooni m\u00f5iste teile uus. Horvaatia keele grammatika on \u00fcles ehitatud deklinatsiooni alusele, kokku on seitse juhtumit. Jah, sa kuulsid seda \u00f5igesti! Igal nimis\u00f5nal horvaadi keeles v\u00f5ib olla kuni seitse erinevat vormi, s\u00f5ltuvalt selle rollist lauses. Aga miks k\u00e4ra, k\u00fcsite? Noh, see v\u00e4hendab vajadust eess\u00f5nade j\u00e4rele, muutes keele t\u00e4psemaks.  <\/p>\n\n\n\n<p>Siin on juhtumite kiire \u00fclevaade:<\/p>\n\n\n\n<p><strong>&#8211; Nominatiiv:<\/strong> Nominatiiv: lause subjekt.<\/p>\n\n\n\n<p><strong>&#8211; Genitiiv:<\/strong> T\u00e4histab valdust v\u00f5i p\u00e4ritolu.<\/p>\n\n\n\n<p><strong>&#8211; Datiiv:<\/strong> Kaudne objekt v\u00f5i sihtkoht<\/p>\n\n\n\n<p><strong>&#8211; Akusatiiv:<\/strong> Otsene objekt v\u00f5i eesm\u00e4rk<\/p>\n\n\n\n<p><strong>&#8211; Vocative:<\/strong> Kasutatakse kellegi <a href=\"https:\/\/talkpal.ai\/locations\/learn-english-in-poole\/\">poole<\/a> p\u00f6\u00f6rdumiseks v\u00f5i kutsumiseks.<\/p>\n\n\n\n<p><strong>&#8211; Lokaator:<\/strong> N\u00e4itab asukohta<\/p>\n\n\n\n<p><strong>&#8211; Instrumentaalne:<\/strong> Kirjeldab vahendeid, viisi v\u00f5i saatmist.<\/p>\n\n\n\n<p>N\u00fc\u00fcd, enne kui hakkate paanitsema, pidage meeles, et harjutamine teeb meistriks. Regulaarne kokkupuude ja keelekasutus aitab teil neid deklinatsioone j\u00e4rk-j\u00e4rgult omandada ja saada horvaadi keele grammatikaks!<\/p>\n\n\n\n<h3 class=\"wp-block-heading\" id=\"h-2-adorable-adjectives-agreements-galore\">2. Jumalikud omaduss\u00f5nad: lepingud Galore<\/h3>\n\n\n\n<p>Horvaatia grammatika maailmas meeldib omaduss\u00f5nadele meeldida. Need muutuvad vastavalt muudetava nimis\u00f5na soole, arvule ja juhtumile. See t\u00e4hendab, et peate kohandama omaduss\u00f5na vormi s\u00f5ltuvalt sellest, kas tegus\u00f5na on maskuliinne, feminiinne v\u00f5i neutraalne, samuti sellest, kas see on ainsuses v\u00f5i mitmuses.<\/p>\n\n\n\n<p>Kas olete h\u00e4das kokkuleppega? Siin on v\u00e4ike n\u00f5uanne: keskenduge adjektiivi t\u00fcve \u00f5ppimisele, ja k\u00f5ik muu loksub paika. N\u00e4iteks on s\u00f5na &#8220;ilus&#8221; algne omaduss\u00f5na &#8220;lijep-&#8221; ja te saate luua selliseid vorme nagu &#8220;lijepa&#8221; (feminiin, nominatiiv) v\u00f5i &#8220;lijepim&#8221; (maskuliinne\/neuter, instrumentaal), kasutades erinevaid l\u00f5ppe.<\/p>\n\n\n\n<h3 class=\"wp-block-heading\" id=\"h-3-vibrant-verbs-conjugating-to-perfection\">3. Erksad tegus\u00f5nad: konjugeerimine t\u00e4iuslikkusele<\/h3>\n\n\n\n<p>Kas hakkate siin mustrit n\u00e4gema? Nii nagu nimis\u00f5nad ja omaduss\u00f5nad, on ka horvaatia verbid t\u00e4is variatsioone. Selles keeles l\u00e4bivad tegus\u00f5nad konjugatsiooni, mis p\u00f5hineb pingel, meeleolul, aspektil, isikul ja arvul.<\/p>\n\n\n\n<p>Horvaadi keeles on kolm peamist ajastust: minevik, olevik ja tulevik. Kuigi praegune pinge v\u00f5ib tunduda suhteliselt kergesti m\u00f5istetav, v\u00f5ivad mineviku ja tuleviku ajad olla keerulised. Kuid \u00e4rge muretsege! Harjutamine ja kokkupuude keelega aitab teil need takistused kiiresti \u00fcletada.<\/p>\n\n\n\n<h3 class=\"wp-block-heading\" id=\"h-4-prepositions-cases-dynamic-duo\">4. Eess\u00f5nad + juhtumid = d\u00fcnaamiline duo!<\/h3>\n\n\n\n<p>Horvaatia eess\u00f5nad v\u00f5ivad olla natuke keerulised, kuna need on tihedalt seotud nimis\u00f5na juhtumitega. N\u00e4iteks prepositsioon &#8220;u&#8221; (in, into) kasutatakse akusatiivis, kui see t\u00e4histab liikumist v\u00f5i suunda, kuid kui see kujutab asukohta, siis t\u00f6\u00f6tab see lokaatoris.<\/p>\n\n\n\n<p>Segaduse v\u00e4ltimiseks seostage eess\u00f5na vajaliku juhtumiga. N\u00e4iteks m\u00e4letage &#8220;u + lokaator = in&#8221; ja &#8220;u + akusatiiv = in&#8221;.<\/p>\n\n\n\n<h3 class=\"wp-block-heading\" id=\"h-5-tame-the-complexities-practice-makes-perfect\">5. Taltsutage keerukust: harjutamine teeb t\u00e4iuslikuks<\/h3>\n\n\n\n<p>Esmapilgul v\u00f5ib horvaadi grammatika tunduda lab\u00fcrindina, kuid pidage meeles, et praktika on edu salajane koostisosa. Sukelduge keelde lugemise, kirjutamise, kuulamise ja suhtlemise kaudu. Muutke v\u00e4ljakutsed triumfideks, v\u00f5imaldades oma ajul uue keelekeskkonnaga vastu v\u00f5tta ja sellega kohaneda.<\/p>\n\n\n\n<p>N\u00fc\u00fcd, kui olete oma varbad Horvaatia keele grammatika lummavasse vette kastnud, kas olete valmis sukelduma s\u00fcgavamale? V\u00f5tke omaks keerukused, nautige n\u00fcansse ja pidage meeles, et p\u00fcsivuse ja kirega saate avada horvaadi keele t\u00f5elise ilu. Sretno! (\u00d5nn kaasa!)<\/p>\n<\/div><\/div>\n\r\n<section class=\"learnNavigationSection\">\r\n            \r\n        <a href=\"https:\/\/talkpal.ai\/et\/opi-horvaadi-keel\/\">\r\n            <div class=\"learnNavigationWrapper\">\r\n                <div class=\"learnNavigationContent\">\r\n                    <img decoding=\"async\" src=\"https:\/\/talkpal.ai\/wp-content\/uploads\/2024\/08\/Croatian.jpg\" alt=\"Croatian Flag\">\r\n                    <div>\r\n                        <h4>Horvaatia keele \u00f5ppimise kohta<\/h4>\r\n                        <p>Siit saate teada k\u00f5ike horvaadi keele grammatika kohta.<\/p>\r\n                    <\/div>\r\n                <\/div>\r\n            <\/div>\r\n        <\/a>\r\n\r\n        \r\n        <a href=\"https:\/\/talkpal.ai\/et\/horvaatia-keele-grammatikaharjutused\/\">\r\n            <div class=\"learnNavigationWrapper\">\r\n                <div class=\"learnNavigationContent\">\r\n                    <img decoding=\"async\" src=\"https:\/\/talkpal.ai\/wp-content\/uploads\/2024\/08\/Croatian.jpg\" alt=\"Croatian Flag\">\r\n                    <div>\r\n                        <h4>Horvaatia keele grammatika harjutus<\/h4>\r\n                        <p>Harjutage horvaadi grammatikat.<\/p>\r\n                    <\/div>\r\n                <\/div>\r\n            <\/div>\r\n        <\/a>\r\n\r\n        \r\n        <a href=\"https:\/\/talkpal.ai\/vocabulary_language\/croatian\/\">\r\n            <div class=\"learnNavigationWrapper\">\r\n                <div class=\"learnNavigationContent\">\r\n                    <img decoding=\"async\" src=\"https:\/\/talkpal.ai\/wp-content\/uploads\/2024\/08\/Croatian.jpg\" alt=\"Croatian Flag\">\r\n                    <div>\r\n                        <h4>Horvaatia keele s\u00f5navara<\/h4>\r\n                        <p>Laiendage oma horvaadi keele s\u00f5navara.<\/p>\r\n                    <\/div>\r\n                <\/div>\r\n            <\/div>\r\n        <\/a>\r\n\r\n            <\/section>","protected":false},"excerpt":{"rendered":"<p>Teekond l\u00e4bi horvaadi grammatika: lihtsaks tehtud keerukuse lahti harutamine Horvaadi grammatika: ahvatlev ja hirmutav, lihtne ja keeruline, salap\u00e4rane ja p\u00f5nev. Kui asute horvaadi keele \u00f5ppimise teekonnale, v\u00f5ite tunda end h\u00e4mmingus m\u00f5ttest m\u00f5ista selle grammatilisi keerukusi. Kuid \u00e4rge kartke, intrepid keeleteadlane, sest me oleme siin, et juhatada teid igal sammul! Selles artiklis pakume p\u00f5hiteadmisi Horvaatia grammatika [&hellip;]<\/p>\n","protected":false},"author":1,"featured_media":110415,"parent":0,"menu_order":0,"comment_status":"closed","ping_status":"closed","template":"LearningContentPage.php","meta":{"_acf_changed":false,"footnotes":""},"class_list":["post-142286","page","type-page","status-publish","has-post-thumbnail","hentry"],"acf":[],"yoast_head":"<!-- This site is optimized with the Yoast SEO Premium plugin v27.2 (Yoast SEO v27.2) - https:\/\/yoast.com\/product\/yoast-seo-premium-wordpress\/ -->\n<title>Horvaatia keele grammatika - Talkpal<\/title>\n<meta name=\"description\" content=\"Tutvuge horvaadi keele grammatikaga ja parandage oma keele m\u00f5istmist oluliste n\u00f5uannete ja vahendite abil.\" \/>\n<meta name=\"robots\" content=\"index, follow, max-snippet:-1, max-image-preview:large, max-video-preview:-1\" \/>\n<link rel=\"canonical\" href=\"https:\/\/talkpal.ai\/et\/horvaatia-keele-grammatika\/\" \/>\n<meta property=\"og:locale\" content=\"et_EE\" \/>\n<meta property=\"og:type\" content=\"article\" \/>\n<meta property=\"og:title\" content=\"Horvaatia keele grammatika\" \/>\n<meta property=\"og:description\" content=\"Teekond l\u00e4bi horvaadi grammatika: lihtsaks tehtud keerukuse lahti harutamine Horvaadi grammatika: ahvatlev ja hirmutav, lihtne ja keeruline, salap\u00e4rane ja\" \/>\n<meta property=\"og:url\" content=\"https:\/\/talkpal.ai\/et\/horvaatia-keele-grammatika\/\" \/>\n<meta property=\"og:site_name\" content=\"Talkpal\" \/>\n<meta property=\"article:publisher\" content=\"https:\/\/www.facebook.com\/profile.php?id=100090733639311\" \/>\n<meta property=\"article:modified_time\" content=\"2025-12-11T16:41:51+00:00\" \/>\n<meta property=\"og:image\" content=\"https:\/\/talkpal.ai\/wp-content\/uploads\/2023\/05\/croatia.png\" \/>\n\t<meta property=\"og:image:width\" content=\"512\" \/>\n\t<meta property=\"og:image:height\" content=\"512\" \/>\n\t<meta property=\"og:image:type\" content=\"image\/png\" \/>\n<meta name=\"twitter:card\" content=\"summary_large_image\" \/>\n<meta name=\"twitter:site\" content=\"@talkpalai\" \/>\n<meta name=\"twitter:label1\" content=\"Est. reading time\" \/>\n\t<meta name=\"twitter:data1\" content=\"3 minutit\" \/>\n<script type=\"application\/ld+json\" class=\"yoast-schema-graph\">{\"@context\":\"https:\/\/schema.org\",\"@graph\":[{\"@type\":\"WebPage\",\"@id\":\"https:\/\/talkpal.ai\/et\/horvaatia-keele-grammatika\/\",\"url\":\"https:\/\/talkpal.ai\/et\/horvaatia-keele-grammatika\/\",\"name\":\"Horvaatia keele grammatika - Talkpal\",\"isPartOf\":{\"@id\":\"https:\/\/talkpal.ai\/et\/#website\"},\"primaryImageOfPage\":{\"@id\":\"https:\/\/talkpal.ai\/et\/horvaatia-keele-grammatika\/#primaryimage\"},\"image\":{\"@id\":\"https:\/\/talkpal.ai\/et\/horvaatia-keele-grammatika\/#primaryimage\"},\"thumbnailUrl\":\"https:\/\/talkpal.ai\/wp-content\/uploads\/2023\/05\/croatia.png\",\"datePublished\":\"2023-05-14T14:01:16+00:00\",\"dateModified\":\"2025-12-11T16:41:51+00:00\",\"description\":\"Tutvuge horvaadi keele grammatikaga ja parandage oma keele m\u00f5istmist oluliste n\u00f5uannete ja vahendite abil.\",\"breadcrumb\":{\"@id\":\"https:\/\/talkpal.ai\/et\/horvaatia-keele-grammatika\/#breadcrumb\"},\"inLanguage\":\"et\",\"potentialAction\":[{\"@type\":\"ReadAction\",\"target\":[\"https:\/\/talkpal.ai\/et\/horvaatia-keele-grammatika\/\"]}]},{\"@type\":\"ImageObject\",\"inLanguage\":\"et\",\"@id\":\"https:\/\/talkpal.ai\/et\/horvaatia-keele-grammatika\/#primaryimage\",\"url\":\"https:\/\/talkpal.ai\/wp-content\/uploads\/2023\/05\/croatia.png\",\"contentUrl\":\"https:\/\/talkpal.ai\/wp-content\/uploads\/2023\/05\/croatia.png\",\"width\":512,\"height\":512},{\"@type\":\"BreadcrumbList\",\"@id\":\"https:\/\/talkpal.ai\/et\/horvaatia-keele-grammatika\/#breadcrumb\",\"itemListElement\":[{\"@type\":\"ListItem\",\"position\":1,\"name\":\"Homepage\",\"item\":\"https:\/\/talkpal.ai\/et\/\"},{\"@type\":\"ListItem\",\"position\":2,\"name\":\"Horvaatia keele grammatika\"}]},{\"@type\":\"WebSite\",\"@id\":\"https:\/\/talkpal.ai\/et\/#website\",\"url\":\"https:\/\/talkpal.ai\/et\/\",\"name\":\"Talkpal\",\"description\":\"AI Language Learning\",\"publisher\":{\"@id\":\"https:\/\/talkpal.ai\/et\/#organization\"},\"alternateName\":\"Talkpal AI\",\"potentialAction\":[{\"@type\":\"SearchAction\",\"target\":{\"@type\":\"EntryPoint\",\"urlTemplate\":\"https:\/\/talkpal.ai\/et\/?s={search_term_string}\"},\"query-input\":{\"@type\":\"PropertyValueSpecification\",\"valueRequired\":true,\"valueName\":\"search_term_string\"}}],\"inLanguage\":\"et\"},{\"@type\":\"Organization\",\"@id\":\"https:\/\/talkpal.ai\/et\/#organization\",\"name\":\"Talkpal, Inc.\",\"alternateName\":\"Talkpal AI\",\"url\":\"https:\/\/talkpal.ai\/et\/\",\"logo\":{\"@type\":\"ImageObject\",\"inLanguage\":\"et\",\"@id\":\"https:\/\/talkpal.ai\/et\/#\/schema\/logo\/image\/\",\"url\":\"https:\/\/talkpal.ai\/wp-content\/uploads\/2024\/03\/Talkpal-Logo-Icon.png\",\"contentUrl\":\"https:\/\/talkpal.ai\/wp-content\/uploads\/2024\/03\/Talkpal-Logo-Icon.png\",\"width\":2880,\"height\":2880,\"caption\":\"Talkpal, Inc.\"},\"image\":{\"@id\":\"https:\/\/talkpal.ai\/et\/#\/schema\/logo\/image\/\"},\"sameAs\":[\"https:\/\/www.facebook.com\/profile.php?id=100090733639311\",\"https:\/\/x.com\/talkpalai\",\"https:\/\/www.linkedin.com\/company\/talkpal\/\",\"https:\/\/www.youtube.com\/@TalkPal\/\",\"https:\/\/www.tiktok.com\/@talkpal\",\"https:\/\/www.instagram.com\/talkpal_ai\/\",\"https:\/\/www.crunchbase.com\/organization\/talkpal-9cde\",\"https:\/\/www.g2.com\/products\/talkpal-for-business\/\",\"https:\/\/www.trustpilot.com\/review\/talkpal.ai\",\"https:\/\/www.capterra.com\/p\/10006800\/TalkPal\/\"],\"description\":\"Talkpal is a language learning web and mobile education app, powered by the latest AI technologies, that provides engaging experiences to its customers in many different languages to help them improve their language skills. Users can chat about unlimited amount of topics with the app and use other modes to practice their language learning.\",\"email\":\"support@talkpal.ai\",\"legalName\":\"Talkpal, Inc.\",\"foundingDate\":\"2023-04-03\",\"duns\":\"118989042\",\"numberOfEmployees\":{\"@type\":\"QuantitativeValue\",\"minValue\":\"11\",\"maxValue\":\"50\"},\"publishingPrinciples\":\"https:\/\/talkpal.ai\/publishing-principles\/\",\"actionableFeedbackPolicy\":\"https:\/\/talkpal.ai\/actionable-feedback-policy\/\",\"correctionsPolicy\":\"https:\/\/talkpal.ai\/corrections-policy\/\",\"ethicsPolicy\":\"https:\/\/talkpal.ai\/ethics-policy\/\",\"diversityPolicy\":\"https:\/\/talkpal.ai\/diversity-policy\/\",\"diversityStaffingReport\":\"https:\/\/talkpal.ai\/diversity-policy\/\"}]}<\/script>\n<!-- \/ Yoast SEO Premium plugin. -->","yoast_head_json":{"title":"Horvaatia keele grammatika - Talkpal","description":"Tutvuge horvaadi keele grammatikaga ja parandage oma keele m\u00f5istmist oluliste n\u00f5uannete ja vahendite abil.","robots":{"index":"index","follow":"follow","max-snippet":"max-snippet:-1","max-image-preview":"max-image-preview:large","max-video-preview":"max-video-preview:-1"},"canonical":"https:\/\/talkpal.ai\/et\/horvaatia-keele-grammatika\/","og_locale":"et_EE","og_type":"article","og_title":"Horvaatia keele grammatika","og_description":"Teekond l\u00e4bi horvaadi grammatika: lihtsaks tehtud keerukuse lahti harutamine Horvaadi grammatika: ahvatlev ja hirmutav, lihtne ja keeruline, salap\u00e4rane ja","og_url":"https:\/\/talkpal.ai\/et\/horvaatia-keele-grammatika\/","og_site_name":"Talkpal","article_publisher":"https:\/\/www.facebook.com\/profile.php?id=100090733639311","article_modified_time":"2025-12-11T16:41:51+00:00","og_image":[{"width":512,"height":512,"url":"https:\/\/talkpal.ai\/wp-content\/uploads\/2023\/05\/croatia.png","type":"image\/png"}],"twitter_card":"summary_large_image","twitter_site":"@talkpalai","twitter_misc":{"Est. reading time":"3 minutit"},"schema":{"@context":"https:\/\/schema.org","@graph":[{"@type":"WebPage","@id":"https:\/\/talkpal.ai\/et\/horvaatia-keele-grammatika\/","url":"https:\/\/talkpal.ai\/et\/horvaatia-keele-grammatika\/","name":"Horvaatia keele grammatika - Talkpal","isPartOf":{"@id":"https:\/\/talkpal.ai\/et\/#website"},"primaryImageOfPage":{"@id":"https:\/\/talkpal.ai\/et\/horvaatia-keele-grammatika\/#primaryimage"},"image":{"@id":"https:\/\/talkpal.ai\/et\/horvaatia-keele-grammatika\/#primaryimage"},"thumbnailUrl":"https:\/\/talkpal.ai\/wp-content\/uploads\/2023\/05\/croatia.png","datePublished":"2023-05-14T14:01:16+00:00","dateModified":"2025-12-11T16:41:51+00:00","description":"Tutvuge horvaadi keele grammatikaga ja parandage oma keele m\u00f5istmist oluliste n\u00f5uannete ja vahendite abil.","breadcrumb":{"@id":"https:\/\/talkpal.ai\/et\/horvaatia-keele-grammatika\/#breadcrumb"},"inLanguage":"et","potentialAction":[{"@type":"ReadAction","target":["https:\/\/talkpal.ai\/et\/horvaatia-keele-grammatika\/"]}]},{"@type":"ImageObject","inLanguage":"et","@id":"https:\/\/talkpal.ai\/et\/horvaatia-keele-grammatika\/#primaryimage","url":"https:\/\/talkpal.ai\/wp-content\/uploads\/2023\/05\/croatia.png","contentUrl":"https:\/\/talkpal.ai\/wp-content\/uploads\/2023\/05\/croatia.png","width":512,"height":512},{"@type":"BreadcrumbList","@id":"https:\/\/talkpal.ai\/et\/horvaatia-keele-grammatika\/#breadcrumb","itemListElement":[{"@type":"ListItem","position":1,"name":"Homepage","item":"https:\/\/talkpal.ai\/et\/"},{"@type":"ListItem","position":2,"name":"Horvaatia keele grammatika"}]},{"@type":"WebSite","@id":"https:\/\/talkpal.ai\/et\/#website","url":"https:\/\/talkpal.ai\/et\/","name":"Talkpal","description":"AI Language Learning","publisher":{"@id":"https:\/\/talkpal.ai\/et\/#organization"},"alternateName":"Talkpal AI","potentialAction":[{"@type":"SearchAction","target":{"@type":"EntryPoint","urlTemplate":"https:\/\/talkpal.ai\/et\/?s={search_term_string}"},"query-input":{"@type":"PropertyValueSpecification","valueRequired":true,"valueName":"search_term_string"}}],"inLanguage":"et"},{"@type":"Organization","@id":"https:\/\/talkpal.ai\/et\/#organization","name":"Talkpal, Inc.","alternateName":"Talkpal AI","url":"https:\/\/talkpal.ai\/et\/","logo":{"@type":"ImageObject","inLanguage":"et","@id":"https:\/\/talkpal.ai\/et\/#\/schema\/logo\/image\/","url":"https:\/\/talkpal.ai\/wp-content\/uploads\/2024\/03\/Talkpal-Logo-Icon.png","contentUrl":"https:\/\/talkpal.ai\/wp-content\/uploads\/2024\/03\/Talkpal-Logo-Icon.png","width":2880,"height":2880,"caption":"Talkpal, Inc."},"image":{"@id":"https:\/\/talkpal.ai\/et\/#\/schema\/logo\/image\/"},"sameAs":["https:\/\/www.facebook.com\/profile.php?id=100090733639311","https:\/\/x.com\/talkpalai","https:\/\/www.linkedin.com\/company\/talkpal\/","https:\/\/www.youtube.com\/@TalkPal\/","https:\/\/www.tiktok.com\/@talkpal","https:\/\/www.instagram.com\/talkpal_ai\/","https:\/\/www.crunchbase.com\/organization\/talkpal-9cde","https:\/\/www.g2.com\/products\/talkpal-for-business\/","https:\/\/www.trustpilot.com\/review\/talkpal.ai","https:\/\/www.capterra.com\/p\/10006800\/TalkPal\/"],"description":"Talkpal is a language learning web and mobile education app, powered by the latest AI technologies, that provides engaging experiences to its customers in many different languages to help them improve their language skills. Users can chat about unlimited amount of topics with the app and use other modes to practice their language learning.","email":"support@talkpal.ai","legalName":"Talkpal, Inc.","foundingDate":"2023-04-03","duns":"118989042","numberOfEmployees":{"@type":"QuantitativeValue","minValue":"11","maxValue":"50"},"publishingPrinciples":"https:\/\/talkpal.ai\/publishing-principles\/","actionableFeedbackPolicy":"https:\/\/talkpal.ai\/actionable-feedback-policy\/","correctionsPolicy":"https:\/\/talkpal.ai\/corrections-policy\/","ethicsPolicy":"https:\/\/talkpal.ai\/ethics-policy\/","diversityPolicy":"https:\/\/talkpal.ai\/diversity-policy\/","diversityStaffingReport":"https:\/\/talkpal.ai\/diversity-policy\/"}]}},"_links":{"self":[{"href":"https:\/\/talkpal.ai\/et\/wp-json\/wp\/v2\/pages\/142286","targetHints":{"allow":["GET"]}}],"collection":[{"href":"https:\/\/talkpal.ai\/et\/wp-json\/wp\/v2\/pages"}],"about":[{"href":"https:\/\/talkpal.ai\/et\/wp-json\/wp\/v2\/types\/page"}],"author":[{"embeddable":true,"href":"https:\/\/talkpal.ai\/et\/wp-json\/wp\/v2\/users\/1"}],"replies":[{"embeddable":true,"href":"https:\/\/talkpal.ai\/et\/wp-json\/wp\/v2\/comments?post=142286"}],"version-history":[{"count":0,"href":"https:\/\/talkpal.ai\/et\/wp-json\/wp\/v2\/pages\/142286\/revisions"}],"wp:featuredmedia":[{"embeddable":true,"href":"https:\/\/talkpal.ai\/et\/wp-json\/wp\/v2\/media\/110415"}],"wp:attachment":[{"href":"https:\/\/talkpal.ai\/et\/wp-json\/wp\/v2\/media?parent=142286"}],"curies":[{"name":"wp","href":"https:\/\/api.w.org\/{rel}","templated":true}]}}