{"id":141982,"date":"2023-05-14T14:00:56","date_gmt":"2023-05-14T14:00:56","guid":{"rendered":"http:\/\/talkpal.ai\/katalaani-keele-grammatika\/"},"modified":"2025-05-22T18:36:19","modified_gmt":"2025-05-22T18:36:19","slug":"katalaani-keele-grammatika","status":"publish","type":"page","link":"https:\/\/talkpal.ai\/et\/katalaani-keele-grammatika\/","title":{"rendered":"Katalaani keele grammatika"},"content":{"rendered":"\r\n\r\n\r\n<section class=\"languageChallengeSection\">\r\n    <div class=\"languageInfoWrapper\">\r\n        \r\n        <h1>Katalaani keele grammatika<\/h1>\r\n        <p>Sukeldu <a href=\"https:\/\/talkpal.ai\/learn-catalan\/\">katalaani<\/a> keele <a href=\"https:\/\/talkpal.ai\/greek-grammar\/\">grammatika<\/a> maailma ja avasta selle elava romaani keele ainulaadne struktuur. P\u00f5hit\u00f5dede omandamine aitab teil t\u00f5husamalt suhelda ja luua s\u00fcgavamat sidet katalaani kultuuriga. Alusta katalaani keele grammatika \u00f5ppimist juba t\u00e4na ja astu esimene samm sujuva keeleoskuse suunas!\n\n<\/p>\r\n\r\n                            <a class=\"getStartedHidden\" href=\"https:\/\/app.talkpal.ai\/et\/signup?lng=\">Alusta<\/a>\r\n        \r\n    <\/div>\r\n\r\n    <figure>\r\n    <img decoding=\"async\" width=\"768\" height=\"768\" src=\"https:\/\/talkpal.ai\/wp-content\/uploads\/2023\/06\/catalan-768x768.png\" class=\"languageImage no-lazy\" alt=\"Language learning techniques for fast learning\" fetchpriority=\"high\" sizes=\"(max-width: 768px) 150px, 768px\" srcset=\"https:\/\/talkpal.ai\/wp-content\/uploads\/2023\/06\/catalan-768x768.png 768w, https:\/\/talkpal.ai\/wp-content\/uploads\/2023\/06\/catalan-300x300.png 300w\" \/>\r\n    \r\n\r\n    <\/figure>\r\n\r\n            <a class=\"getStartedVisible\" href=\"https:\/\/app.talkpal.ai\/et\/signup?lng=\">Alusta<\/a>\r\n    \r\n<\/section>\r\n<section class=\"promotionalBanner\">\r\n    <p class=\"promotionalText\">K\u00f5ige t\u00f5husam viis keele \u00f5ppimiseks<\/p>\r\n    <a class=\"promotionalLink\" href=\"https:\/\/app.talkpal.ai\/et\/signup?lng=\">Proovige Talkpal tasuta<\/a>\r\n<\/section>\n<div class=\"wp-block-group pageContainerStyle\"><div class=\"wp-block-group__inner-container is-layout-constrained wp-block-group-is-layout-constrained\">\n<h2 class=\"wp-block-heading\" id=\"h-catalan-grammar-a-quick-guide-for-language-enthusiasts\">Katalaani grammatika: kiire juhend keelehuvilistele<\/h2>\n\n\n\n<p>Kas plaanite \u00f5ppida katalaani keelt v\u00f5i olete lihtsalt uudishimulik selle ilusa romaani keele vastu? \u00c4rge otsige enam! Me oleme siin, et viia teid katalaani keele grammatika l\u00fchitutvustusele ja anda teile p\u00f5hit\u00f5ed. Sukeldume sellesse v\u00f5luvasse keelde ja uurime, kuidas see grammatilisel tasandil toimib.<\/p>\n\n\n\n<p>Katalaani keeles, mida r\u00e4\u00e4gib umbes 10 miljonit inimest peamiselt Kataloonias, Valencias ja Baleaari saartel, on ainulaadne segu ladina, hispaania ja <a href=\"https:\/\/talkpal.ai\/et\/oppige-prantsuse-keelt\/\">prantsuse keele<\/a> m\u00f5jutustest. Nii nagu sina ja mina, rikastavad ka keeled end veelgi, laenates aja jooksul \u00fcksteiselt erinevaid n\u00fcansse. Kui p\u00f5nev!<\/p>\n\n\n\n<p><strong>N\u00fc\u00fcd \u00f5pime m\u00f5ned p\u00f5hilised katalaani keele grammatika aspektid:<\/strong><\/p>\n\n\n\n<h3 class=\"wp-block-heading\" id=\"h-1-nouns-and-gender\">1. Nimis\u00f5nad ja sugu:<\/h3>\n\n\n\n<p>Laulge seda koos minuga &#8211; &#8220;Igal nimis\u00f5nal on v\u00e4ge! Nagu teistes romaani keeltes, on ka katalaani nimis\u00f5nad kas maskuliinsed v\u00f5i feminiinsed ning see &#8220;sugu&#8221; m\u00f5jutab seda, kuidas neid kasutatakse koos artiklite ja omaduss\u00f5nadega. \u00c4rge muretsege! Enamasti on nimis\u00f5nad, mis l\u00f5pevad &#8220;-a&#8221;, naiselikud, samas kui nimis\u00f5nad, mis l\u00f5pevad &#8220;-o&#8221; (v\u00f5i muudele konsonantidele), on mehelikud. Kuid pidage meeles erandeid &#8211; nad armastavad teie peale hiilida!<\/p>\n\n\n\n<h3 class=\"wp-block-heading\" id=\"h-2-articles\">2. Artiklid:<\/h3>\n\n\n\n<p>Ilma artikliteta oleks elu igav, kas poleks? Katalaani keele puhul on meil kindlad artiklid konkreetsete asjade v\u00f5i inimeste m\u00e4rkimiseks (n\u00e4iteks \u201ekoer\u201c v\u00f5i \u201eraamat\u201c) ja m\u00e4\u00e4ramata artiklid \u00fcldiste viidete jaoks (n\u00e4iteks \u201ekoer\u201c v\u00f5i \u201eraamat\u201c).  <\/p>\n\n\n\n<p>Katalaani keele l\u00f5plikud artiklid on &#8220;el&#8221; meessoost ainsuses, &#8220;la&#8221; naissoost ainsuses, &#8220;els&#8221; meessoost mitmuses ja &#8220;les&#8221; naissoost mitmuses. Indefinitiivsed artiklid seevastu on &#8220;un&#8221; maskuliinses ainsuses olevate nimis\u00f5nade puhul ja &#8220;una&#8221; feminiinses ainsuses olevate nimis\u00f5nade puhul. Mitmuse vormis ei ole konkreetseid m\u00e4\u00e4ramata artikleid. Lihtne-lihtne, eks?<\/p>\n\n\n\n<h3 class=\"wp-block-heading\" id=\"h-3-adjectives\">3. Omaduss\u00f5nad:<\/h3>\n\n\n\n<p>Omaduss\u00f5nad lisavad teie lausetele maitset, kirjeldades nimis\u00f5nu, ja katalaani keeles n\u00f5ustuvad nad soo ja arvuga nimis\u00f5nadega, mida nad muudavad. Enamikul juhtudel on omaduss\u00f5nad, mis l\u00f5pevad &#8220;-o&#8221;, mehelikud ja &#8220;-a&#8221; l\u00f5puga omaduss\u00f5nad on naiselikud. Mitmuse moodustamiseks muutke &#8220;-o&#8221; &#8220;-os&#8221;-ks (mehelik) ja &#8220;-a&#8221; &#8220;-es&#8221;-ks (naiselik). Pidage meeles, et m\u00f5nel omaduss\u00f5nal on m\u00f5lema soo jaoks ainulaadne vorm ja muutub ainult mitmuse marker. K\u00f5lab l\u00f5busalt, eks?<\/p>\n\n\n\n<h3 class=\"wp-block-heading\" id=\"h-4-verbs-and-conjugation\">4. Tegus\u00f5nad ja konjugatsioon:<\/h3>\n\n\n\n<p><a href=\"https:\/\/talkpal.ai\/locations\/language-courses-in-iga\/\">Iga<\/a> keele s\u00fcda! Katalaani keele verbid liigitatakse kolme r\u00fchma nende infinitiivil\u00f5pude alusel: &#8220;-ar&#8221;, &#8220;-er&#8221; ja &#8220;-ir&#8221;. Igal r\u00fchmal on oma erinev konjugatsioonimuster erinevate ajavormide, meeleolude ja ases\u00f5nade jaoks &#8211; t\u00e4pselt nagu tantsimine erinevate r\u00fctmide j\u00e4rgi. Katalaani keeles on ka abiverbe (nagu &#8216;olema&#8217; ja &#8216;olla&#8217;), mis kombineeruvad teiste verbidega, et luua liitlauseid ja passiiv. Niisiis, pange oma tantsukingad jalga ja hakake uurima katalaani verbide elavat maailma.<\/p>\n\n\n\n<h3 class=\"wp-block-heading\" id=\"h-5-word-order\">5. S\u00f5nade j\u00e4rjekord:<\/h3>\n\n\n\n<p>Paneme need s\u00f5nad \u00f5igesse j\u00e4rjekorda! <a href=\"https:\/\/talkpal.ai\/et\/opi-katalaani-keel\/\">Katalaani keel<\/a> j\u00e4rgib tavaliselt subjekti-verbi-objekti (SVO) s\u00f5nade j\u00e4rjekorda, t\u00e4pselt nagu <a href=\"https:\/\/talkpal.ai\/learn-english\/\">inglise<\/a> keeles. Paindlikkus s\u00f5nade j\u00e4rjekorras on siiski lubatud r\u00f5huasetustel v\u00f5i stilistilistel eesm\u00e4rkidel. Omaduss\u00f5nad tulevad tavaliselt p\u00e4rast nimis\u00f5na, mida nad kirjeldavad, kuid nende t\u00e4htsuse r\u00f5hutamiseks v\u00f5ite neid n\u00e4ha nimis\u00f5na ees. Pidage meeles, et harjutamine teeb suurep\u00e4raselt, kui tegemist on katalaani keeles s\u00f5nade j\u00e4rjekorra valdamisega.<\/p>\n\n\n\n<h3 class=\"wp-block-heading\" id=\"h-6-pronouns-and-prepositions\">6. Ases\u00f5nad ja eess\u00f5nad:<\/h3>\n\n\n\n<p>Viimaks, kuid mitte v\u00e4hem t\u00e4htsana! Katalaani keeles on subjekti ases\u00f5nad (mina, sina, ta, ta jne) ja objekti ases\u00f5nad (mina, sina, tema, tema jne), mis v\u00f5ivad s\u00f5ltuvalt nende funktsioonist lauses l\u00e4bi viia erinevaid muutusi. Lisaks aitavad katalaani keele prepositsioonid (n\u00e4iteks &#8220;a&#8221;, &#8220;de&#8221;, &#8220;en&#8221;, &#8220;amb&#8221;) \u00fchendada s\u00f5nu ja fraase ning n\u00e4idata nendevahelisi seoseid.<\/p>\n\n\n\n<p>Whew! N\u00fc\u00fcd on teil katalaani keele grammatika p\u00f5hit\u00f5ed k\u00e4es. J\u00e4tkake selle armsa keele uurimist, esitamist ja harjutamist. Pidage meeles, et uue keele <a href=\"https:\/\/talkpal.ai\/et\/oppimine\/\">\u00f5ppimine<\/a> on nagu p\u00f5neva teekonna alustamine. Teil on oma t\u00f5usud ja m\u00f5\u00f5nad, kuid need on vaeva v\u00e4\u00e4rt. Bon viatge!<\/p>\n<\/div><\/div>\n\r\n<section class=\"learnNavigationSection\">\r\n            \r\n        <a href=\"https:\/\/talkpal.ai\/et\/opi-katalaani-keel\/\">\r\n            <div class=\"learnNavigationWrapper\">\r\n                <div class=\"learnNavigationContent\">\r\n                    <img decoding=\"async\" src=\"https:\/\/talkpal.ai\/wp-content\/uploads\/2024\/08\/Catalan.jpg\" alt=\"Catalan Flag\">\r\n                    <div>\r\n                        <h4>Katalaani \u00f5ppimise kohta<\/h4>\r\n                        <p>Uuri k\u00f5ike katalaani keele grammatika kohta.<\/p>\r\n                    <\/div>\r\n                <\/div>\r\n            <\/div>\r\n        <\/a>\r\n\r\n        \r\n        <a href=\"https:\/\/talkpal.ai\/et\/katalaani-grammatika-harjutused\/\">\r\n            <div class=\"learnNavigationWrapper\">\r\n                <div class=\"learnNavigationContent\">\r\n                    <img decoding=\"async\" src=\"https:\/\/talkpal.ai\/wp-content\/uploads\/2024\/08\/Catalan.jpg\" alt=\"Catalan Flag\">\r\n                    <div>\r\n                        <h4>Katalaani keele grammatika harjutus<\/h4>\r\n                        <p>Harjutage katalaani grammatikat.<\/p>\r\n                    <\/div>\r\n                <\/div>\r\n            <\/div>\r\n        <\/a>\r\n\r\n        \r\n        <a href=\"https:\/\/talkpal.ai\/vocabulary_language\/catalan\/\">\r\n            <div class=\"learnNavigationWrapper\">\r\n                <div class=\"learnNavigationContent\">\r\n                    <img decoding=\"async\" src=\"https:\/\/talkpal.ai\/wp-content\/uploads\/2024\/08\/Catalan.jpg\" alt=\"Catalan Flag\">\r\n                    <div>\r\n                        <h4>Katalaani keele s\u00f5navara<\/h4>\r\n                        <p>Laiendage oma katalaani keele s\u00f5navara.<\/p>\r\n                    <\/div>\r\n                <\/div>\r\n            <\/div>\r\n        <\/a>\r\n\r\n            <\/section>","protected":false},"excerpt":{"rendered":"<p>Katalaani grammatika: kiire juhend keelehuvilistele Kas plaanite \u00f5ppida katalaani keelt v\u00f5i olete lihtsalt uudishimulik selle ilusa romaani keele vastu? \u00c4rge otsige enam! Me oleme siin, et viia teid katalaani keele grammatika l\u00fchitutvustusele ja anda teile p\u00f5hit\u00f5ed. Sukeldume sellesse v\u00f5luvasse keelde ja uurime, kuidas see grammatilisel tasandil toimib. Katalaani keeles, mida r\u00e4\u00e4gib umbes 10 miljonit inimest [&hellip;]<\/p>\n","protected":false},"author":1,"featured_media":141989,"parent":0,"menu_order":0,"comment_status":"closed","ping_status":"closed","template":"LearningContentPage.php","meta":{"_acf_changed":false,"footnotes":""},"class_list":["post-141982","page","type-page","status-publish","has-post-thumbnail","hentry"],"acf":[],"yoast_head":"<!-- This site is optimized with the Yoast SEO Premium plugin v27.2 (Yoast SEO v27.2) - https:\/\/yoast.com\/product\/yoast-seo-premium-wordpress\/ -->\n<title>Katalaani keele grammatika - Talkpal<\/title>\n<meta name=\"description\" content=\"Avastage katalaani keele grammatika p\u00f5hit\u00f5ed ja alustage oma teekonda selles kaunis romaani keeles juba t\u00e4na!\" \/>\n<meta name=\"robots\" content=\"index, follow, max-snippet:-1, max-image-preview:large, max-video-preview:-1\" \/>\n<link rel=\"canonical\" href=\"https:\/\/talkpal.ai\/et\/katalaani-keele-grammatika\/\" \/>\n<meta property=\"og:locale\" content=\"et_EE\" \/>\n<meta property=\"og:type\" content=\"article\" \/>\n<meta property=\"og:title\" content=\"Katalaani keele grammatika\" \/>\n<meta property=\"og:description\" content=\"Katalaani grammatika: kiire juhend keelehuvilistele Kas plaanite \u00f5ppida katalaani keelt v\u00f5i olete lihtsalt uudishimulik selle ilusa romaani keele vastu?\" \/>\n<meta property=\"og:url\" content=\"https:\/\/talkpal.ai\/et\/katalaani-keele-grammatika\/\" \/>\n<meta property=\"og:site_name\" content=\"Talkpal\" \/>\n<meta property=\"article:publisher\" content=\"https:\/\/www.facebook.com\/profile.php?id=100090733639311\" \/>\n<meta property=\"article:modified_time\" content=\"2025-05-22T18:36:19+00:00\" \/>\n<meta property=\"og:image\" content=\"https:\/\/talkpal.ai\/wp-content\/uploads\/2023\/08\/Catalan.png\" \/>\n\t<meta property=\"og:image:width\" content=\"479\" \/>\n\t<meta property=\"og:image:height\" content=\"479\" \/>\n\t<meta property=\"og:image:type\" content=\"image\/png\" \/>\n<meta name=\"twitter:card\" content=\"summary_large_image\" \/>\n<meta name=\"twitter:site\" content=\"@talkpalai\" \/>\n<meta name=\"twitter:label1\" content=\"Est. reading time\" \/>\n\t<meta name=\"twitter:data1\" content=\"3 minutit\" \/>\n<script type=\"application\/ld+json\" class=\"yoast-schema-graph\">{\"@context\":\"https:\/\/schema.org\",\"@graph\":[{\"@type\":\"WebPage\",\"@id\":\"https:\/\/talkpal.ai\/et\/katalaani-keele-grammatika\/\",\"url\":\"https:\/\/talkpal.ai\/et\/katalaani-keele-grammatika\/\",\"name\":\"Katalaani keele grammatika - Talkpal\",\"isPartOf\":{\"@id\":\"https:\/\/talkpal.ai\/et\/#website\"},\"primaryImageOfPage\":{\"@id\":\"https:\/\/talkpal.ai\/et\/katalaani-keele-grammatika\/#primaryimage\"},\"image\":{\"@id\":\"https:\/\/talkpal.ai\/et\/katalaani-keele-grammatika\/#primaryimage\"},\"thumbnailUrl\":\"https:\/\/talkpal.ai\/wp-content\/uploads\/2023\/08\/Catalan.png\",\"datePublished\":\"2023-05-14T14:00:56+00:00\",\"dateModified\":\"2025-05-22T18:36:19+00:00\",\"description\":\"Avastage katalaani keele grammatika p\u00f5hit\u00f5ed ja alustage oma teekonda selles kaunis romaani keeles juba t\u00e4na!\",\"breadcrumb\":{\"@id\":\"https:\/\/talkpal.ai\/et\/katalaani-keele-grammatika\/#breadcrumb\"},\"inLanguage\":\"et\",\"potentialAction\":[{\"@type\":\"ReadAction\",\"target\":[\"https:\/\/talkpal.ai\/et\/katalaani-keele-grammatika\/\"]}]},{\"@type\":\"ImageObject\",\"inLanguage\":\"et\",\"@id\":\"https:\/\/talkpal.ai\/et\/katalaani-keele-grammatika\/#primaryimage\",\"url\":\"https:\/\/talkpal.ai\/wp-content\/uploads\/2023\/08\/Catalan.png\",\"contentUrl\":\"https:\/\/talkpal.ai\/wp-content\/uploads\/2023\/08\/Catalan.png\",\"width\":479,\"height\":479},{\"@type\":\"BreadcrumbList\",\"@id\":\"https:\/\/talkpal.ai\/et\/katalaani-keele-grammatika\/#breadcrumb\",\"itemListElement\":[{\"@type\":\"ListItem\",\"position\":1,\"name\":\"Homepage\",\"item\":\"https:\/\/talkpal.ai\/et\/\"},{\"@type\":\"ListItem\",\"position\":2,\"name\":\"Katalaani keele grammatika\"}]},{\"@type\":\"WebSite\",\"@id\":\"https:\/\/talkpal.ai\/et\/#website\",\"url\":\"https:\/\/talkpal.ai\/et\/\",\"name\":\"Talkpal\",\"description\":\"AI Language Learning\",\"publisher\":{\"@id\":\"https:\/\/talkpal.ai\/et\/#organization\"},\"alternateName\":\"Talkpal AI\",\"potentialAction\":[{\"@type\":\"SearchAction\",\"target\":{\"@type\":\"EntryPoint\",\"urlTemplate\":\"https:\/\/talkpal.ai\/et\/?s={search_term_string}\"},\"query-input\":{\"@type\":\"PropertyValueSpecification\",\"valueRequired\":true,\"valueName\":\"search_term_string\"}}],\"inLanguage\":\"et\"},{\"@type\":\"Organization\",\"@id\":\"https:\/\/talkpal.ai\/et\/#organization\",\"name\":\"Talkpal, Inc.\",\"alternateName\":\"Talkpal AI\",\"url\":\"https:\/\/talkpal.ai\/et\/\",\"logo\":{\"@type\":\"ImageObject\",\"inLanguage\":\"et\",\"@id\":\"https:\/\/talkpal.ai\/et\/#\/schema\/logo\/image\/\",\"url\":\"https:\/\/talkpal.ai\/wp-content\/uploads\/2024\/03\/Talkpal-Logo-Icon.png\",\"contentUrl\":\"https:\/\/talkpal.ai\/wp-content\/uploads\/2024\/03\/Talkpal-Logo-Icon.png\",\"width\":2880,\"height\":2880,\"caption\":\"Talkpal, Inc.\"},\"image\":{\"@id\":\"https:\/\/talkpal.ai\/et\/#\/schema\/logo\/image\/\"},\"sameAs\":[\"https:\/\/www.facebook.com\/profile.php?id=100090733639311\",\"https:\/\/x.com\/talkpalai\",\"https:\/\/www.linkedin.com\/company\/talkpal\/\",\"https:\/\/www.youtube.com\/@TalkPal\/\",\"https:\/\/www.tiktok.com\/@talkpal\",\"https:\/\/www.instagram.com\/talkpal_ai\/\",\"https:\/\/www.crunchbase.com\/organization\/talkpal-9cde\",\"https:\/\/www.g2.com\/products\/talkpal-for-business\/\",\"https:\/\/www.trustpilot.com\/review\/talkpal.ai\",\"https:\/\/www.capterra.com\/p\/10006800\/TalkPal\/\"],\"description\":\"Talkpal is a language learning web and mobile education app, powered by the latest AI technologies, that provides engaging experiences to its customers in many different languages to help them improve their language skills. Users can chat about unlimited amount of topics with the app and use other modes to practice their language learning.\",\"email\":\"support@talkpal.ai\",\"legalName\":\"Talkpal, Inc.\",\"foundingDate\":\"2023-04-03\",\"duns\":\"118989042\",\"numberOfEmployees\":{\"@type\":\"QuantitativeValue\",\"minValue\":\"11\",\"maxValue\":\"50\"},\"publishingPrinciples\":\"https:\/\/talkpal.ai\/publishing-principles\/\",\"actionableFeedbackPolicy\":\"https:\/\/talkpal.ai\/actionable-feedback-policy\/\",\"correctionsPolicy\":\"https:\/\/talkpal.ai\/corrections-policy\/\",\"ethicsPolicy\":\"https:\/\/talkpal.ai\/ethics-policy\/\",\"diversityPolicy\":\"https:\/\/talkpal.ai\/diversity-policy\/\",\"diversityStaffingReport\":\"https:\/\/talkpal.ai\/diversity-policy\/\"}]}<\/script>\n<!-- \/ Yoast SEO Premium plugin. -->","yoast_head_json":{"title":"Katalaani keele grammatika - Talkpal","description":"Avastage katalaani keele grammatika p\u00f5hit\u00f5ed ja alustage oma teekonda selles kaunis romaani keeles juba t\u00e4na!","robots":{"index":"index","follow":"follow","max-snippet":"max-snippet:-1","max-image-preview":"max-image-preview:large","max-video-preview":"max-video-preview:-1"},"canonical":"https:\/\/talkpal.ai\/et\/katalaani-keele-grammatika\/","og_locale":"et_EE","og_type":"article","og_title":"Katalaani keele grammatika","og_description":"Katalaani grammatika: kiire juhend keelehuvilistele Kas plaanite \u00f5ppida katalaani keelt v\u00f5i olete lihtsalt uudishimulik selle ilusa romaani keele vastu?","og_url":"https:\/\/talkpal.ai\/et\/katalaani-keele-grammatika\/","og_site_name":"Talkpal","article_publisher":"https:\/\/www.facebook.com\/profile.php?id=100090733639311","article_modified_time":"2025-05-22T18:36:19+00:00","og_image":[{"width":479,"height":479,"url":"https:\/\/talkpal.ai\/wp-content\/uploads\/2023\/08\/Catalan.png","type":"image\/png"}],"twitter_card":"summary_large_image","twitter_site":"@talkpalai","twitter_misc":{"Est. reading time":"3 minutit"},"schema":{"@context":"https:\/\/schema.org","@graph":[{"@type":"WebPage","@id":"https:\/\/talkpal.ai\/et\/katalaani-keele-grammatika\/","url":"https:\/\/talkpal.ai\/et\/katalaani-keele-grammatika\/","name":"Katalaani keele grammatika - Talkpal","isPartOf":{"@id":"https:\/\/talkpal.ai\/et\/#website"},"primaryImageOfPage":{"@id":"https:\/\/talkpal.ai\/et\/katalaani-keele-grammatika\/#primaryimage"},"image":{"@id":"https:\/\/talkpal.ai\/et\/katalaani-keele-grammatika\/#primaryimage"},"thumbnailUrl":"https:\/\/talkpal.ai\/wp-content\/uploads\/2023\/08\/Catalan.png","datePublished":"2023-05-14T14:00:56+00:00","dateModified":"2025-05-22T18:36:19+00:00","description":"Avastage katalaani keele grammatika p\u00f5hit\u00f5ed ja alustage oma teekonda selles kaunis romaani keeles juba t\u00e4na!","breadcrumb":{"@id":"https:\/\/talkpal.ai\/et\/katalaani-keele-grammatika\/#breadcrumb"},"inLanguage":"et","potentialAction":[{"@type":"ReadAction","target":["https:\/\/talkpal.ai\/et\/katalaani-keele-grammatika\/"]}]},{"@type":"ImageObject","inLanguage":"et","@id":"https:\/\/talkpal.ai\/et\/katalaani-keele-grammatika\/#primaryimage","url":"https:\/\/talkpal.ai\/wp-content\/uploads\/2023\/08\/Catalan.png","contentUrl":"https:\/\/talkpal.ai\/wp-content\/uploads\/2023\/08\/Catalan.png","width":479,"height":479},{"@type":"BreadcrumbList","@id":"https:\/\/talkpal.ai\/et\/katalaani-keele-grammatika\/#breadcrumb","itemListElement":[{"@type":"ListItem","position":1,"name":"Homepage","item":"https:\/\/talkpal.ai\/et\/"},{"@type":"ListItem","position":2,"name":"Katalaani keele grammatika"}]},{"@type":"WebSite","@id":"https:\/\/talkpal.ai\/et\/#website","url":"https:\/\/talkpal.ai\/et\/","name":"Talkpal","description":"AI Language Learning","publisher":{"@id":"https:\/\/talkpal.ai\/et\/#organization"},"alternateName":"Talkpal AI","potentialAction":[{"@type":"SearchAction","target":{"@type":"EntryPoint","urlTemplate":"https:\/\/talkpal.ai\/et\/?s={search_term_string}"},"query-input":{"@type":"PropertyValueSpecification","valueRequired":true,"valueName":"search_term_string"}}],"inLanguage":"et"},{"@type":"Organization","@id":"https:\/\/talkpal.ai\/et\/#organization","name":"Talkpal, Inc.","alternateName":"Talkpal AI","url":"https:\/\/talkpal.ai\/et\/","logo":{"@type":"ImageObject","inLanguage":"et","@id":"https:\/\/talkpal.ai\/et\/#\/schema\/logo\/image\/","url":"https:\/\/talkpal.ai\/wp-content\/uploads\/2024\/03\/Talkpal-Logo-Icon.png","contentUrl":"https:\/\/talkpal.ai\/wp-content\/uploads\/2024\/03\/Talkpal-Logo-Icon.png","width":2880,"height":2880,"caption":"Talkpal, Inc."},"image":{"@id":"https:\/\/talkpal.ai\/et\/#\/schema\/logo\/image\/"},"sameAs":["https:\/\/www.facebook.com\/profile.php?id=100090733639311","https:\/\/x.com\/talkpalai","https:\/\/www.linkedin.com\/company\/talkpal\/","https:\/\/www.youtube.com\/@TalkPal\/","https:\/\/www.tiktok.com\/@talkpal","https:\/\/www.instagram.com\/talkpal_ai\/","https:\/\/www.crunchbase.com\/organization\/talkpal-9cde","https:\/\/www.g2.com\/products\/talkpal-for-business\/","https:\/\/www.trustpilot.com\/review\/talkpal.ai","https:\/\/www.capterra.com\/p\/10006800\/TalkPal\/"],"description":"Talkpal is a language learning web and mobile education app, powered by the latest AI technologies, that provides engaging experiences to its customers in many different languages to help them improve their language skills. Users can chat about unlimited amount of topics with the app and use other modes to practice their language learning.","email":"support@talkpal.ai","legalName":"Talkpal, Inc.","foundingDate":"2023-04-03","duns":"118989042","numberOfEmployees":{"@type":"QuantitativeValue","minValue":"11","maxValue":"50"},"publishingPrinciples":"https:\/\/talkpal.ai\/publishing-principles\/","actionableFeedbackPolicy":"https:\/\/talkpal.ai\/actionable-feedback-policy\/","correctionsPolicy":"https:\/\/talkpal.ai\/corrections-policy\/","ethicsPolicy":"https:\/\/talkpal.ai\/ethics-policy\/","diversityPolicy":"https:\/\/talkpal.ai\/diversity-policy\/","diversityStaffingReport":"https:\/\/talkpal.ai\/diversity-policy\/"}]}},"_links":{"self":[{"href":"https:\/\/talkpal.ai\/et\/wp-json\/wp\/v2\/pages\/141982","targetHints":{"allow":["GET"]}}],"collection":[{"href":"https:\/\/talkpal.ai\/et\/wp-json\/wp\/v2\/pages"}],"about":[{"href":"https:\/\/talkpal.ai\/et\/wp-json\/wp\/v2\/types\/page"}],"author":[{"embeddable":true,"href":"https:\/\/talkpal.ai\/et\/wp-json\/wp\/v2\/users\/1"}],"replies":[{"embeddable":true,"href":"https:\/\/talkpal.ai\/et\/wp-json\/wp\/v2\/comments?post=141982"}],"version-history":[{"count":0,"href":"https:\/\/talkpal.ai\/et\/wp-json\/wp\/v2\/pages\/141982\/revisions"}],"wp:featuredmedia":[{"embeddable":true,"href":"https:\/\/talkpal.ai\/et\/wp-json\/wp\/v2\/media\/141989"}],"wp:attachment":[{"href":"https:\/\/talkpal.ai\/et\/wp-json\/wp\/v2\/media?parent=141982"}],"curies":[{"name":"wp","href":"https:\/\/api.w.org\/{rel}","templated":true}]}}