{"id":141605,"date":"2023-05-14T14:00:39","date_gmt":"2023-05-14T14:00:39","guid":{"rendered":"http:\/\/talkpal.ai\/bulgaaria-keele-grammatika\/"},"modified":"2025-05-22T14:36:49","modified_gmt":"2025-05-22T14:36:49","slug":"bulgaaria-keele-grammatika","status":"publish","type":"page","link":"https:\/\/talkpal.ai\/et\/bulgaaria-keele-grammatika\/","title":{"rendered":"Bulgaaria keele grammatika"},"content":{"rendered":"\r\n\r\n\r\n<section class=\"languageChallengeSection\">\r\n    <div class=\"languageInfoWrapper\">\r\n        \r\n        <h1>Bulgaaria keele grammatika<\/h1>\r\n        <p>Tutvuge <a href=\"https:\/\/talkpal.ai\/learn-bulgarian\/\">bulgaaria<\/a> keele <a href=\"https:\/\/talkpal.ai\/greek-grammar\/\">grammatika<\/a> erip\u00e4raga ja omandage vahendid, et selles eluj\u00f5ulises slaavi keeles kindlalt suhelda. Kui m\u00f5istate selle p\u00f5hireegleid, parandate oma v\u00f5imet luua sidet emakeele\u00f5petajatega ja s\u00fcveneda <a href=\"https:\/\/talkpal.ai\/learn-bulgarian\/\">Bulgaaria<\/a> rikkalikku p\u00e4randisse. Alustage oma bulgaaria keele grammatika teekonda juba t\u00e4na ja astuge esimene samm keele omandamise suunas!<\/p>\r\n\r\n                            <a class=\"getStartedHidden\" href=\"https:\/\/app.talkpal.ai\/et\/signup?lng=\">Alusta<\/a>\r\n        \r\n    <\/div>\r\n\r\n    <figure>\r\n    <img decoding=\"async\" width=\"768\" height=\"768\" src=\"https:\/\/talkpal.ai\/wp-content\/uploads\/2023\/06\/bulgarian-768x768.png\" class=\"languageImage no-lazy\" alt=\"Language learning for deeper cultural understanding\" fetchpriority=\"high\" sizes=\"(max-width: 768px) 150px, 768px\" srcset=\"https:\/\/talkpal.ai\/wp-content\/uploads\/2023\/06\/bulgarian-768x768.png 768w, https:\/\/talkpal.ai\/wp-content\/uploads\/2023\/06\/bulgarian-300x300.png 300w\" \/>\r\n    \r\n\r\n    <\/figure>\r\n\r\n            <a class=\"getStartedVisible\" href=\"https:\/\/app.talkpal.ai\/et\/signup?lng=\">Alusta<\/a>\r\n    \r\n<\/section>\r\n<section class=\"promotionalBanner\">\r\n    <p class=\"promotionalText\">K\u00f5ige t\u00f5husam viis keele \u00f5ppimiseks<\/p>\r\n    <a class=\"promotionalLink\" href=\"https:\/\/app.talkpal.ai\/et\/signup?lng=\">Proovige Talkpal tasuta<\/a>\r\n<\/section>\n<div class=\"wp-block-group pageContainerStyle\"><div class=\"wp-block-group__inner-container is-layout-constrained wp-block-group-is-layout-constrained\">\n<h2 class=\"wp-block-heading\" id=\"h-the-ultimate-guide-to-bulgarian-grammar-navigating-the-intricacies-of-a-rich-language\">Bulgaaria keele grammatika \u00fclim juhend: rikkaliku keele keerukuses navigeerimine<\/h2>\n\n\n\n<p><a href=\"https:\/\/talkpal.ai\/bulgarian-grammar\/\">Bulgaaria grammatika<\/a>, nagu ka keel <a href=\"https:\/\/talkpal.ai\/locations\/language-courses-in-ise\/\">ise<\/a>, on p\u00f5nev segu lihtsusest, keerukusest ja rikkalikust kultuuriloost. \u00dche vanima slaavi keelena pakub bulgaaria keel \u00f5ppijatele keelelist p\u00f5nevust ja esitab v\u00e4ljakutseid ka k\u00f5ige vilunumatele k\u00f5nelejatele. Selles juhendis tutvustame bulgaaria keele grammatika p\u00f5hiprintsiipe, selgitame selle keerukust ja aitame teid selle kauni keele omandamisel. Sukeldume sisse!<\/p>\n\n\n\n<h2 class=\"wp-block-heading\" id=\"h-the-nuts-and-bolts-bulgarian-sentence-structure\">Mutrid ja poldid: Bulgaaria lauseehitus<\/h2>\n\n\n\n<p>Selle keskmes on bulgaaria keele grammatika \u00fcsna lihtne. Keel j\u00e4rgib subjekti-verbi-objekti (SVO) lausestruktuuri, mis on sarnane <a href=\"https:\/\/talkpal.ai\/learn-english\/\">inglise<\/a> ja paljude teiste keeltega. N\u00e4iteks lause &#8220;Ma s\u00f6\u00f6n \u00f5una&#8221; t\u00f5lgitakse &#8220;\u0410\u0437 \u044f\u043c \u044f\u0431\u044a\u043b\u043a\u0430&#8221; (Az yam yabalka). Lihtne, eks? Kui me aga s\u00fcgavamale kaevume, avastate, et bulgaaria keele grammatika on t\u00e4is \u00fcllatusi ja erip\u00e4rasid.<\/p>\n\n\n\n<h3 class=\"wp-block-heading\" id=\"h-meet-the-family-bulgarian-nouns-and-their-genders\">Tutvuge perekonnaga: Bulgaaria nimis\u00f5nad ja nende sugu<\/h3>\n\n\n\n<p>Bulgaaria keele grammatika \u00fcks h\u00e4mmastavamaid aspekte inglise keele k\u00f5nelejate jaoks on grammatilise soo m\u00f5iste. Bulgaaria keeles on <a href=\"https:\/\/talkpal.ai\/locations\/language-courses-in-iga\/\">iga<\/a> nimis\u00f5na m\u00e4\u00e4ratud \u00fchte kolmest soost &#8211; maskuliinne, feminiinne ja neutraalne. Oluline on \u00e4ra tunda nimis\u00f5na sugu, sest see m\u00f5jutab omaduss\u00f5nade ja pronoomenite vormi ning j\u00e4rgnevate verbide liitusviisi.<\/p>\n\n\n\n<p>Niisiis, kuidas m\u00e4\u00e4rata nimis\u00f5na sugu? \u00dcldiselt on k\u00f5ik seotud l\u00f5puga:<\/p>\n\n\n\n<p><strong>&#8211; Maskuliinsed nimis\u00f5nad l\u00f5pevad tavaliselt konsonandiga.<\/strong><\/p>\n\n\n\n<p><strong>&#8211; Feminiinsed nimis\u00f5nad l\u00f5pevad tavaliselt -\u0430 (-a) v\u00f5i -\u044f (-ya).<\/strong><\/p>\n\n\n\n<p><strong>&#8211; Neutraalsed nimis\u00f5nad l\u00f5pevad sageli -\u043e (-o) v\u00f5i -\u0435 (-\u0435).<\/strong><\/p>\n\n\n\n<p>N\u00e4iteks &#8220;\u043c\u044a\u0436&#8221; (mazh) t\u00e4hendab &#8220;mees&#8221; ja on mehelik, &#8220;\u0436\u0435\u043d\u0430&#8221; (zhena) t\u00e4hendab &#8220;naine&#8221; ja on naiselik ning &#8220;\u0434\u0435\u0442\u0435&#8221; (dete) t\u00e4hendab &#8220;laps&#8221; ja on neutraalne.<\/p>\n\n\n\n<p>Loomulikult on erandeid, mist\u00f5ttu on oluline \u00f5ppida noomenid koos nende sugupooltega.<\/p>\n\n\n\n<h3 class=\"wp-block-heading\" id=\"h-playing-with-numbers-bulgarian-plurals\">Numbritega m\u00e4ngimine: Bulgaaria mitmused<\/h3>\n\n\n\n<p>Kui olete omandanud bulgaaria nimis\u00f5nade soo, on aeg tegeleda nende mitmuse k\u00e4\u00e4netega. \u00dcldiselt moodustatakse mitmus, lisades nimis\u00f5na soole vastavad erilised l\u00f5pud:<\/p>\n\n\n\n<p><strong>&#8211; Maskuliinsed nimis\u00f5nad muudavad viimase konsonandi -\u0438 (-i) v\u00f5i lisavad -\u043e\u0432\u0435 (-ove).<\/strong><\/p>\n\n\n\n<p><strong>&#8211; Feminiinsed nimis\u00f5nad asendavad -\u0430 v\u00f5i -\u044f s\u00f5naga -\u0438 v\u00f5i -\u0435.<\/strong><\/p>\n\n\n\n<p><strong>&#8211; Neutraalsed nimis\u00f5nad asendavad -\u043e v\u00f5i -\u0435 s\u00f5naga -\u0430.<\/strong><\/p>\n\n\n\n<p>N\u00e4iteks &#8220;\u0443\u0447\u0435\u043d\u0438\u043a&#8221; (uchenik, maskuliinne) muutub &#8220;\u0443\u0447\u0435\u043d\u0438\u0446\u0438&#8221; (uchenici, <a href=\"https:\/\/talkpal.ai\/talkpal-discount-for-students\/\">\u00f5pilased<\/a>) ja &#8220;\u043a\u043d\u0438\u0433\u0430&#8221; (kniga, feminiinne) muutub &#8220;\u043a\u043d\u0438\u0433\u0438&#8221; (knigi, raamatud).<\/p>\n\n\n\n<p>Sellel reeglil on erandeid, seega hoidke silma peal ebaregulaarsetel mitmustel ja laiendage vastavalt oma s\u00f5navara.<\/p>\n\n\n\n<h3 class=\"wp-block-heading\" id=\"h-the-art-of-conjugation-bulgarian-verbs\">Konjugatsiooni kunst: Bulgaaria verbid<\/h3>\n\n\n\n<p>Bulgaaria verbid v\u00f5ivad olla hirmutavad, kuna neil on palju ajavorme, meeleolusid ja konjugatsioone. Nende pragunemise v\u00f5ti on aga mustrite \u00e4ratundmine ja regulaarne harjutamine.<\/p>\n\n\n\n<p>Bulgaaria keeles jagunevad tegus\u00f5nad kolme r\u00fchma, mis p\u00f5hinevad nende infinitiivsel l\u00f5pul, -\u0430 (-a), -\u0435 (-\u0435) v\u00f5i -\u0438 (-i). Igal r\u00fchmal on oma konjugatsioonireeglid. V\u00f5tame n\u00e4iteks verbi &#8220;\u043f\u0438\u0448\u0430&#8221; (pisha, &#8220;kirjutada&#8221;):<\/p>\n\n\n\n<p><strong>Praegune aeg: \u0410\u0437 \u043f\u0438\u0448\u0430 (Az pisha, &#8220;ma kirjutan&#8221;).<\/strong><\/p>\n\n\n\n<p><strong>Minevikus: \u0410\u0437 \u043f\u0438\u0441\u0430\u0445 (Az pisah, &#8220;ma kirjutasin&#8221;).<\/strong><\/p>\n\n\n\n<p><strong>Tulevikus: (Az shte pisha, &#8220;ma kirjutan&#8221;).<\/strong><\/p>\n\n\n\n<p>Nagu n\u00e4ete, muutuvad l\u00f5pud vastavalt pingele. Ja see ei kriimusta isegi bulgaaria keele verbide konjugatsiooni pinda! Kuid \u00e4rge laske sellel siiski \u00fcle j\u00f5u k\u00e4ia. Harjutamise ja kannatlikkusega hakkate mustreid \u00e4ra tundma ja vallutate selle v\u00e4ljakutse.<\/p>\n\n\n\n<h3 class=\"wp-block-heading\" id=\"h-the-finishing-touches-bulgarian-adjectives-adverbs-and-more\">Viimane puudutus: Bulgaaria omaduss\u00f5nad, m\u00e4\u00e4rs\u00f5nad ja palju muud<\/h3>\n\n\n\n<p>Kui tegemist on Bulgaaria omaduss\u00f5nade ja m\u00e4\u00e4rs\u00f5nadega, m\u00e4ngivad nad olulist rolli teie k\u00f5ne s\u00fcgavuse ja keerukuse lisamisel. Omaduss\u00f5nad peavad soost l\u00e4htuvalt vastama nende poolt modifitseeritavatele nimis\u00f5nadele ning tavaliselt leidub 3 vormi &#8211; maskuliinne, feminiinne ja neutraalne.<\/p>\n\n\n\n<p>N\u00e4iteks &#8220;\u0434\u043e\u0431\u044a\u0440&#8221; (dobur) t\u00e4hendab &#8220;hea&#8221; ja esineb kujul &#8220;\u0434\u043e\u0431\u044a\u0440 \u043c\u044a\u0436&#8221; (dobur mazh, &#8220;hea mees&#8221;), &#8220;\u0434\u043e\u0431\u0440\u0430 \u0436\u0435\u043d\u0430&#8221; (dobra zhena, &#8220;hea naine&#8221;) ja &#8220;\u0434\u043e\u0431\u0440\u043e \u0434\u0435\u0442\u0435&#8221; (dobro dete, &#8220;hea laps&#8221;). Adverbid j\u00e4rgivad sarnaseid mustreid, mis on sageli tuletatud omaduss\u00f5nadest.<\/p>\n\n\n\n<p>Kokkuv\u00f5tteks v\u00f5ib \u00f6elda, et bulgaaria keele grammatika keerukus ja erip\u00e4rad on k\u00fcll keerulised, kuid annavad sellele keelele oma lummava ilu ja iseloomu. P\u00fcsivuse, uudishimu ja praktilise rakendamise kombinatsiooniga saate peagi h\u00f5lpsasti ja enesekindlalt liikuda bulgaaria keele grammatikas. Head \u00f5ppimist!<\/p>\n<\/div><\/div>\n\r\n<section class=\"learnNavigationSection\">\r\n            \r\n        <a href=\"https:\/\/talkpal.ai\/et\/opi-bulgaaria-keel\/\">\r\n            <div class=\"learnNavigationWrapper\">\r\n                <div class=\"learnNavigationContent\">\r\n                    <img decoding=\"async\" src=\"https:\/\/talkpal.ai\/wp-content\/uploads\/2024\/08\/Bulgarian.jpg\" alt=\"Bulgarian Flag\">\r\n                    <div>\r\n                        <h4>Bulgaaria keele \u00f5ppimise kohta<\/h4>\r\n                        <p>Uuri k\u00f5ike bulgaaria keele grammatika kohta.<\/p>\r\n                    <\/div>\r\n                <\/div>\r\n            <\/div>\r\n        <\/a>\r\n\r\n        \r\n        <a href=\"https:\/\/talkpal.ai\/et\/bulgaaria-keele-grammatika-harjutused\/\">\r\n            <div class=\"learnNavigationWrapper\">\r\n                <div class=\"learnNavigationContent\">\r\n                    <img decoding=\"async\" src=\"https:\/\/talkpal.ai\/wp-content\/uploads\/2024\/08\/Bulgarian.jpg\" alt=\"Bulgarian Flag\">\r\n                    <div>\r\n                        <h4>Bulgaaria keele grammatika harjutus<\/h4>\r\n                        <p>Harjutage bulgaaria grammatikat.<\/p>\r\n                    <\/div>\r\n                <\/div>\r\n            <\/div>\r\n        <\/a>\r\n\r\n        \r\n        <a href=\"https:\/\/talkpal.ai\/vocabulary_language\/bulgarian\/\">\r\n            <div class=\"learnNavigationWrapper\">\r\n                <div class=\"learnNavigationContent\">\r\n                    <img decoding=\"async\" src=\"https:\/\/talkpal.ai\/wp-content\/uploads\/2024\/08\/Bulgarian.jpg\" alt=\"Bulgarian Flag\">\r\n                    <div>\r\n                        <h4>Bulgaaria keele s\u00f5navara<\/h4>\r\n                        <p>Laiendage oma bulgaaria keele s\u00f5navara.<\/p>\r\n                    <\/div>\r\n                <\/div>\r\n            <\/div>\r\n        <\/a>\r\n\r\n            <\/section>","protected":false},"excerpt":{"rendered":"<p>Bulgaaria keele grammatika \u00fclim juhend: rikkaliku keele keerukuses navigeerimine Bulgaaria grammatika, nagu ka keel ise, on p\u00f5nev segu lihtsusest, keerukusest ja rikkalikust kultuuriloost. \u00dche vanima slaavi keelena pakub bulgaaria keel \u00f5ppijatele keelelist p\u00f5nevust ja esitab v\u00e4ljakutseid ka k\u00f5ige vilunumatele k\u00f5nelejatele. Selles juhendis tutvustame bulgaaria keele grammatika p\u00f5hiprintsiipe, selgitame selle keerukust ja aitame teid selle kauni [&hellip;]<\/p>\n","protected":false},"author":1,"featured_media":111235,"parent":0,"menu_order":0,"comment_status":"closed","ping_status":"closed","template":"LearningContentPage.php","meta":{"_acf_changed":false,"footnotes":""},"class_list":["post-141605","page","type-page","status-publish","has-post-thumbnail","hentry"],"acf":[],"yoast_head":"<!-- This site is optimized with the Yoast SEO Premium plugin v27.2 (Yoast SEO v27.2) - https:\/\/yoast.com\/product\/yoast-seo-premium-wordpress\/ -->\n<title>Bulgaaria keele grammatika - Talkpal<\/title>\n<meta name=\"description\" content=\"Tutvuge bulgaaria keele grammatika p\u00f5hit\u00f5dedega, et parandada keele m\u00f5istmist ja suhtlemisoskust.\" \/>\n<meta name=\"robots\" content=\"index, follow, max-snippet:-1, max-image-preview:large, max-video-preview:-1\" \/>\n<link rel=\"canonical\" href=\"https:\/\/talkpal.ai\/et\/bulgaaria-keele-grammatika\/\" \/>\n<meta property=\"og:locale\" content=\"et_EE\" \/>\n<meta property=\"og:type\" content=\"article\" \/>\n<meta property=\"og:title\" content=\"Bulgaaria keele grammatika\" \/>\n<meta property=\"og:description\" content=\"Bulgaaria keele grammatika \u00fclim juhend: rikkaliku keele keerukuses navigeerimine Bulgaaria grammatika, nagu ka keel ise, on p\u00f5nev segu lihtsusest,\" \/>\n<meta property=\"og:url\" content=\"https:\/\/talkpal.ai\/et\/bulgaaria-keele-grammatika\/\" \/>\n<meta property=\"og:site_name\" content=\"Talkpal\" \/>\n<meta property=\"article:publisher\" content=\"https:\/\/www.facebook.com\/profile.php?id=100090733639311\" \/>\n<meta property=\"article:modified_time\" content=\"2025-05-22T14:36:49+00:00\" \/>\n<meta property=\"og:image\" content=\"https:\/\/talkpal.ai\/wp-content\/uploads\/2023\/05\/bulgaria.png\" \/>\n\t<meta property=\"og:image:width\" content=\"512\" \/>\n\t<meta property=\"og:image:height\" content=\"512\" \/>\n\t<meta property=\"og:image:type\" content=\"image\/png\" \/>\n<meta name=\"twitter:card\" content=\"summary_large_image\" \/>\n<meta name=\"twitter:site\" content=\"@talkpalai\" \/>\n<meta name=\"twitter:label1\" content=\"Est. reading time\" \/>\n\t<meta name=\"twitter:data1\" content=\"3 minutit\" \/>\n<script type=\"application\/ld+json\" class=\"yoast-schema-graph\">{\"@context\":\"https:\/\/schema.org\",\"@graph\":[{\"@type\":\"WebPage\",\"@id\":\"https:\/\/talkpal.ai\/et\/bulgaaria-keele-grammatika\/\",\"url\":\"https:\/\/talkpal.ai\/et\/bulgaaria-keele-grammatika\/\",\"name\":\"Bulgaaria keele grammatika - Talkpal\",\"isPartOf\":{\"@id\":\"https:\/\/talkpal.ai\/et\/#website\"},\"primaryImageOfPage\":{\"@id\":\"https:\/\/talkpal.ai\/et\/bulgaaria-keele-grammatika\/#primaryimage\"},\"image\":{\"@id\":\"https:\/\/talkpal.ai\/et\/bulgaaria-keele-grammatika\/#primaryimage\"},\"thumbnailUrl\":\"https:\/\/talkpal.ai\/wp-content\/uploads\/2023\/05\/bulgaria.png\",\"datePublished\":\"2023-05-14T14:00:39+00:00\",\"dateModified\":\"2025-05-22T14:36:49+00:00\",\"description\":\"Tutvuge bulgaaria keele grammatika p\u00f5hit\u00f5dedega, et parandada keele m\u00f5istmist ja suhtlemisoskust.\",\"breadcrumb\":{\"@id\":\"https:\/\/talkpal.ai\/et\/bulgaaria-keele-grammatika\/#breadcrumb\"},\"inLanguage\":\"et\",\"potentialAction\":[{\"@type\":\"ReadAction\",\"target\":[\"https:\/\/talkpal.ai\/et\/bulgaaria-keele-grammatika\/\"]}]},{\"@type\":\"ImageObject\",\"inLanguage\":\"et\",\"@id\":\"https:\/\/talkpal.ai\/et\/bulgaaria-keele-grammatika\/#primaryimage\",\"url\":\"https:\/\/talkpal.ai\/wp-content\/uploads\/2023\/05\/bulgaria.png\",\"contentUrl\":\"https:\/\/talkpal.ai\/wp-content\/uploads\/2023\/05\/bulgaria.png\",\"width\":512,\"height\":512},{\"@type\":\"BreadcrumbList\",\"@id\":\"https:\/\/talkpal.ai\/et\/bulgaaria-keele-grammatika\/#breadcrumb\",\"itemListElement\":[{\"@type\":\"ListItem\",\"position\":1,\"name\":\"Homepage\",\"item\":\"https:\/\/talkpal.ai\/et\/\"},{\"@type\":\"ListItem\",\"position\":2,\"name\":\"Bulgaaria keele grammatika\"}]},{\"@type\":\"WebSite\",\"@id\":\"https:\/\/talkpal.ai\/et\/#website\",\"url\":\"https:\/\/talkpal.ai\/et\/\",\"name\":\"Talkpal\",\"description\":\"AI Language Learning\",\"publisher\":{\"@id\":\"https:\/\/talkpal.ai\/et\/#organization\"},\"alternateName\":\"Talkpal AI\",\"potentialAction\":[{\"@type\":\"SearchAction\",\"target\":{\"@type\":\"EntryPoint\",\"urlTemplate\":\"https:\/\/talkpal.ai\/et\/?s={search_term_string}\"},\"query-input\":{\"@type\":\"PropertyValueSpecification\",\"valueRequired\":true,\"valueName\":\"search_term_string\"}}],\"inLanguage\":\"et\"},{\"@type\":\"Organization\",\"@id\":\"https:\/\/talkpal.ai\/et\/#organization\",\"name\":\"Talkpal, Inc.\",\"alternateName\":\"Talkpal AI\",\"url\":\"https:\/\/talkpal.ai\/et\/\",\"logo\":{\"@type\":\"ImageObject\",\"inLanguage\":\"et\",\"@id\":\"https:\/\/talkpal.ai\/et\/#\/schema\/logo\/image\/\",\"url\":\"https:\/\/talkpal.ai\/wp-content\/uploads\/2024\/03\/Talkpal-Logo-Icon.png\",\"contentUrl\":\"https:\/\/talkpal.ai\/wp-content\/uploads\/2024\/03\/Talkpal-Logo-Icon.png\",\"width\":2880,\"height\":2880,\"caption\":\"Talkpal, Inc.\"},\"image\":{\"@id\":\"https:\/\/talkpal.ai\/et\/#\/schema\/logo\/image\/\"},\"sameAs\":[\"https:\/\/www.facebook.com\/profile.php?id=100090733639311\",\"https:\/\/x.com\/talkpalai\",\"https:\/\/www.linkedin.com\/company\/talkpal\/\",\"https:\/\/www.youtube.com\/@TalkPal\/\",\"https:\/\/www.tiktok.com\/@talkpal\",\"https:\/\/www.instagram.com\/talkpal_ai\/\",\"https:\/\/www.crunchbase.com\/organization\/talkpal-9cde\",\"https:\/\/www.g2.com\/products\/talkpal-for-business\/\",\"https:\/\/www.trustpilot.com\/review\/talkpal.ai\",\"https:\/\/www.capterra.com\/p\/10006800\/TalkPal\/\"],\"description\":\"Talkpal is a language learning web and mobile education app, powered by the latest AI technologies, that provides engaging experiences to its customers in many different languages to help them improve their language skills. Users can chat about unlimited amount of topics with the app and use other modes to practice their language learning.\",\"email\":\"support@talkpal.ai\",\"legalName\":\"Talkpal, Inc.\",\"foundingDate\":\"2023-04-03\",\"duns\":\"118989042\",\"numberOfEmployees\":{\"@type\":\"QuantitativeValue\",\"minValue\":\"11\",\"maxValue\":\"50\"},\"publishingPrinciples\":\"https:\/\/talkpal.ai\/publishing-principles\/\",\"actionableFeedbackPolicy\":\"https:\/\/talkpal.ai\/actionable-feedback-policy\/\",\"correctionsPolicy\":\"https:\/\/talkpal.ai\/corrections-policy\/\",\"ethicsPolicy\":\"https:\/\/talkpal.ai\/ethics-policy\/\",\"diversityPolicy\":\"https:\/\/talkpal.ai\/diversity-policy\/\",\"diversityStaffingReport\":\"https:\/\/talkpal.ai\/diversity-policy\/\"}]}<\/script>\n<!-- \/ Yoast SEO Premium plugin. -->","yoast_head_json":{"title":"Bulgaaria keele grammatika - Talkpal","description":"Tutvuge bulgaaria keele grammatika p\u00f5hit\u00f5dedega, et parandada keele m\u00f5istmist ja suhtlemisoskust.","robots":{"index":"index","follow":"follow","max-snippet":"max-snippet:-1","max-image-preview":"max-image-preview:large","max-video-preview":"max-video-preview:-1"},"canonical":"https:\/\/talkpal.ai\/et\/bulgaaria-keele-grammatika\/","og_locale":"et_EE","og_type":"article","og_title":"Bulgaaria keele grammatika","og_description":"Bulgaaria keele grammatika \u00fclim juhend: rikkaliku keele keerukuses navigeerimine Bulgaaria grammatika, nagu ka keel ise, on p\u00f5nev segu lihtsusest,","og_url":"https:\/\/talkpal.ai\/et\/bulgaaria-keele-grammatika\/","og_site_name":"Talkpal","article_publisher":"https:\/\/www.facebook.com\/profile.php?id=100090733639311","article_modified_time":"2025-05-22T14:36:49+00:00","og_image":[{"width":512,"height":512,"url":"https:\/\/talkpal.ai\/wp-content\/uploads\/2023\/05\/bulgaria.png","type":"image\/png"}],"twitter_card":"summary_large_image","twitter_site":"@talkpalai","twitter_misc":{"Est. reading time":"3 minutit"},"schema":{"@context":"https:\/\/schema.org","@graph":[{"@type":"WebPage","@id":"https:\/\/talkpal.ai\/et\/bulgaaria-keele-grammatika\/","url":"https:\/\/talkpal.ai\/et\/bulgaaria-keele-grammatika\/","name":"Bulgaaria keele grammatika - Talkpal","isPartOf":{"@id":"https:\/\/talkpal.ai\/et\/#website"},"primaryImageOfPage":{"@id":"https:\/\/talkpal.ai\/et\/bulgaaria-keele-grammatika\/#primaryimage"},"image":{"@id":"https:\/\/talkpal.ai\/et\/bulgaaria-keele-grammatika\/#primaryimage"},"thumbnailUrl":"https:\/\/talkpal.ai\/wp-content\/uploads\/2023\/05\/bulgaria.png","datePublished":"2023-05-14T14:00:39+00:00","dateModified":"2025-05-22T14:36:49+00:00","description":"Tutvuge bulgaaria keele grammatika p\u00f5hit\u00f5dedega, et parandada keele m\u00f5istmist ja suhtlemisoskust.","breadcrumb":{"@id":"https:\/\/talkpal.ai\/et\/bulgaaria-keele-grammatika\/#breadcrumb"},"inLanguage":"et","potentialAction":[{"@type":"ReadAction","target":["https:\/\/talkpal.ai\/et\/bulgaaria-keele-grammatika\/"]}]},{"@type":"ImageObject","inLanguage":"et","@id":"https:\/\/talkpal.ai\/et\/bulgaaria-keele-grammatika\/#primaryimage","url":"https:\/\/talkpal.ai\/wp-content\/uploads\/2023\/05\/bulgaria.png","contentUrl":"https:\/\/talkpal.ai\/wp-content\/uploads\/2023\/05\/bulgaria.png","width":512,"height":512},{"@type":"BreadcrumbList","@id":"https:\/\/talkpal.ai\/et\/bulgaaria-keele-grammatika\/#breadcrumb","itemListElement":[{"@type":"ListItem","position":1,"name":"Homepage","item":"https:\/\/talkpal.ai\/et\/"},{"@type":"ListItem","position":2,"name":"Bulgaaria keele grammatika"}]},{"@type":"WebSite","@id":"https:\/\/talkpal.ai\/et\/#website","url":"https:\/\/talkpal.ai\/et\/","name":"Talkpal","description":"AI Language Learning","publisher":{"@id":"https:\/\/talkpal.ai\/et\/#organization"},"alternateName":"Talkpal AI","potentialAction":[{"@type":"SearchAction","target":{"@type":"EntryPoint","urlTemplate":"https:\/\/talkpal.ai\/et\/?s={search_term_string}"},"query-input":{"@type":"PropertyValueSpecification","valueRequired":true,"valueName":"search_term_string"}}],"inLanguage":"et"},{"@type":"Organization","@id":"https:\/\/talkpal.ai\/et\/#organization","name":"Talkpal, Inc.","alternateName":"Talkpal AI","url":"https:\/\/talkpal.ai\/et\/","logo":{"@type":"ImageObject","inLanguage":"et","@id":"https:\/\/talkpal.ai\/et\/#\/schema\/logo\/image\/","url":"https:\/\/talkpal.ai\/wp-content\/uploads\/2024\/03\/Talkpal-Logo-Icon.png","contentUrl":"https:\/\/talkpal.ai\/wp-content\/uploads\/2024\/03\/Talkpal-Logo-Icon.png","width":2880,"height":2880,"caption":"Talkpal, Inc."},"image":{"@id":"https:\/\/talkpal.ai\/et\/#\/schema\/logo\/image\/"},"sameAs":["https:\/\/www.facebook.com\/profile.php?id=100090733639311","https:\/\/x.com\/talkpalai","https:\/\/www.linkedin.com\/company\/talkpal\/","https:\/\/www.youtube.com\/@TalkPal\/","https:\/\/www.tiktok.com\/@talkpal","https:\/\/www.instagram.com\/talkpal_ai\/","https:\/\/www.crunchbase.com\/organization\/talkpal-9cde","https:\/\/www.g2.com\/products\/talkpal-for-business\/","https:\/\/www.trustpilot.com\/review\/talkpal.ai","https:\/\/www.capterra.com\/p\/10006800\/TalkPal\/"],"description":"Talkpal is a language learning web and mobile education app, powered by the latest AI technologies, that provides engaging experiences to its customers in many different languages to help them improve their language skills. Users can chat about unlimited amount of topics with the app and use other modes to practice their language learning.","email":"support@talkpal.ai","legalName":"Talkpal, Inc.","foundingDate":"2023-04-03","duns":"118989042","numberOfEmployees":{"@type":"QuantitativeValue","minValue":"11","maxValue":"50"},"publishingPrinciples":"https:\/\/talkpal.ai\/publishing-principles\/","actionableFeedbackPolicy":"https:\/\/talkpal.ai\/actionable-feedback-policy\/","correctionsPolicy":"https:\/\/talkpal.ai\/corrections-policy\/","ethicsPolicy":"https:\/\/talkpal.ai\/ethics-policy\/","diversityPolicy":"https:\/\/talkpal.ai\/diversity-policy\/","diversityStaffingReport":"https:\/\/talkpal.ai\/diversity-policy\/"}]}},"_links":{"self":[{"href":"https:\/\/talkpal.ai\/et\/wp-json\/wp\/v2\/pages\/141605","targetHints":{"allow":["GET"]}}],"collection":[{"href":"https:\/\/talkpal.ai\/et\/wp-json\/wp\/v2\/pages"}],"about":[{"href":"https:\/\/talkpal.ai\/et\/wp-json\/wp\/v2\/types\/page"}],"author":[{"embeddable":true,"href":"https:\/\/talkpal.ai\/et\/wp-json\/wp\/v2\/users\/1"}],"replies":[{"embeddable":true,"href":"https:\/\/talkpal.ai\/et\/wp-json\/wp\/v2\/comments?post=141605"}],"version-history":[{"count":0,"href":"https:\/\/talkpal.ai\/et\/wp-json\/wp\/v2\/pages\/141605\/revisions"}],"wp:featuredmedia":[{"embeddable":true,"href":"https:\/\/talkpal.ai\/et\/wp-json\/wp\/v2\/media\/111235"}],"wp:attachment":[{"href":"https:\/\/talkpal.ai\/et\/wp-json\/wp\/v2\/media?parent=141605"}],"curies":[{"name":"wp","href":"https:\/\/api.w.org\/{rel}","templated":true}]}}