{"id":141274,"date":"2023-05-14T14:00:03","date_gmt":"2023-05-14T14:00:03","guid":{"rendered":"http:\/\/talkpal.ai\/bosnia-keele-grammatika\/"},"modified":"2025-05-22T14:41:37","modified_gmt":"2025-05-22T14:41:37","slug":"bosnia-keele-grammatika","status":"publish","type":"page","link":"https:\/\/talkpal.ai\/et\/bosnia-keele-grammatika\/","title":{"rendered":"Bosnia keele grammatika"},"content":{"rendered":"\r\n\r\n\r\n<section class=\"languageChallengeSection\">\r\n    <div class=\"languageInfoWrapper\">\r\n        \r\n        <h1>Bosnia keele grammatika<\/h1>\r\n        <p>Avage <a href=\"https:\/\/talkpal.ai\/learn-bosnian\/\">bosnia<\/a> keele rikkalik ja v\u00e4ljendusrikas maailm, omandades selle <a href=\"https:\/\/talkpal.ai\/greek-grammar\/\">grammatika<\/a> p\u00f5hit\u00f5ed. Bosnia keele grammatika kindel valdamine aitab teil enesekindlalt suhelda ja kultuuri s\u00fcgavamalt hinnata. Alusta bosnia keele grammatika \u00f5ppimist juba t\u00e4na ja astu esimene samm sujuva keeleoskuse suunas!<\/p>\r\n\r\n                            <a class=\"getStartedHidden\" href=\"https:\/\/app.talkpal.ai\/et\/signup?lng=\">Alusta<\/a>\r\n        \r\n    <\/div>\r\n\r\n    <figure>\r\n    <img decoding=\"async\" width=\"768\" height=\"768\" src=\"https:\/\/talkpal.ai\/wp-content\/uploads\/2023\/06\/bosinian-768x768.png\" class=\"languageImage no-lazy\" alt=\"Language learning for increasing employability\" fetchpriority=\"high\" sizes=\"(max-width: 768px) 150px, 768px\" srcset=\"https:\/\/talkpal.ai\/wp-content\/uploads\/2023\/06\/bosinian-768x768.png 768w, https:\/\/talkpal.ai\/wp-content\/uploads\/2023\/06\/bosinian-300x300.png 300w\" \/>\r\n    \r\n\r\n    <\/figure>\r\n\r\n            <a class=\"getStartedVisible\" href=\"https:\/\/app.talkpal.ai\/et\/signup?lng=\">Alusta<\/a>\r\n    \r\n<\/section>\r\n<section class=\"promotionalBanner\">\r\n    <p class=\"promotionalText\">K\u00f5ige t\u00f5husam viis keele \u00f5ppimiseks<\/p>\r\n    <a class=\"promotionalLink\" href=\"https:\/\/app.talkpal.ai\/et\/signup?lng=\">Proovige Talkpal tasuta<\/a>\r\n<\/section>\n<div class=\"wp-block-group pageContainerStyle\"><div class=\"wp-block-group__inner-container is-layout-constrained wp-block-group-is-layout-constrained\">\n<h2 class=\"wp-block-heading\" id=\"h-bosnian-grammar-a-guide-to-understanding-its-unique-features\">Bosnia grammatika: juhend selle ainulaadsete omaduste m\u00f5istmiseks<\/h2>\n\n\n\n<p>Kas \u00f5pid bosnia keelt ja oled segaduses keele grammatika \u00fcle? \u00c4ra karda! Selles artiklis sukeldume bosnia keele grammatika saladustesse ja aitame teil m\u00f5ista selle unikaalseid omadusi, hoides seda k\u00f5ike lihtsana ja kaasahaaravana. Kas olete valmis <a href=\"https:\/\/talkpal.ai\/ko\/ai-%ec%96%b8%ec%96%b4-%ea%b5%90%ec%82%ac\/\">alustama<\/a> seda p\u00f5nevat keelelist teekonda? Alustame!<\/p>\n\n\n\n<h3 class=\"wp-block-heading\" id=\"h-the-fundamentals-nouns-and-pronouns\">P\u00f5hialused: nimis\u00f5nad ja ases\u00f5nad<\/h3>\n\n\n\n<p>K\u00f5igepealt on oluline teada, et bosnia keeles, nagu ka teistes slaavi keeltes, on kolm grammatilist sugu: maskuliinne, feminiinne ja neutraalne sugu. Kuidas saab aru, millisesse sugupoolde nimis\u00f5na kuulub? See on lihtne! K\u00f5ik on seotud l\u00f5puga. Siin on l\u00fchike juhend:<\/p>\n\n\n\n<p><strong>&#8211; Maskuliinsed nimis\u00f5nad l\u00f5pevad tavaliselt konsonandiga,<\/strong><\/p>\n\n\n\n<p><strong>&#8211; Feminiinsed nimis\u00f5nad l\u00f5pevad tavaliselt -a,<\/strong><\/p>\n\n\n\n<p><strong>&#8211; Neutraalsed nimis\u00f5nad l\u00f5pevad k\u00f5ige sagedamini -o v\u00f5i -e.<\/strong><\/p>\n\n\n\n<p>Pidage meeles, et need on \u00fcldised reeglid ja v\u00f5ib olla erandeid. N\u00fc\u00fcd r\u00e4\u00e4gime pronoomenitest. Bosniakeelsed isikupronoomid muutuvad vastavalt nimis\u00f5na soole, arvule (ainsuses v\u00f5i mitmuses) ja k\u00e4\u00e4ndele (k\u00e4\u00e4ndest l\u00e4hemalt hiljem). Bosnia keeles on seitse isikulist ases\u00f5na: ja (I), ti (sina, ainsus\/mitteametlik), on (ta), ona (ta), <a href=\"https:\/\/talkpal.ai\/locations\/language-courses-in-ono\/\">ono<\/a> (see), mi (meie) ja vi (sina, mitmus\/formaalne). Pidage meeles, et bosnia keeles on nii mitteametlik kui ka ametlik viis inimeste <a href=\"https:\/\/talkpal.ai\/locations\/learn-english-in-poole\/\">poole<\/a> p\u00f6\u00f6rdumiseks &#8211; seega veenduge, et kasutaksite kellegagi r\u00e4\u00e4kides \u00f5iget ases\u00f5na!<\/p>\n\n\n\n<h3 class=\"wp-block-heading\" id=\"h-next-up-verb-conjugation\">J\u00e4rgmine \u00fcles: verbi konjugatsioon<\/h3>\n\n\n\n<p>Verbid on mis tahes keele selgroog ja <a href=\"https:\/\/talkpal.ai\/et\/opi-bosnia-keel\/\">bosnia keel<\/a> ei erine. Bosnia verbidel on kaks peamist konjugatsioonimustrit: \u00fcks verbide jaoks, mis l\u00f5pevad -ti-ga (esimene konjugatsioon), ja teine nende jaoks, mis l\u00f5pevad -\u0107i -ga (teine konjugatsioon). M\u00f5lemal juhul muutuvad verbil\u00f5pud vastavalt subjekti soole, arvule ja ajavormile.<\/p>\n\n\n\n<p>Ajastustest r\u00e4\u00e4kides on Bosnial kolm lihtsat ajastust: olevik, minevik ja tulevik. Praegune pinge moodustatakse verbi t\u00fcvele konkreetsete l\u00f5ppude lisamisega. Minevikuvorm seevastu moodustatakse abiverbi &#8220;biti&#8221; (olla) infinitiivivormi &#8220;bio&#8221; ja minevikuvormi abil. L\u00f5puks luuakse tulevikuvorm, kombineerides abiverbi &#8220;htjeti&#8221; (tahab) ja p\u00f5hiverbi infinitiivivormi.<\/p>\n\n\n\n<h3 class=\"wp-block-heading\" id=\"h-the-magic-of-cases\">Juhtumite maagia<\/h3>\n\n\n\n<p><a href=\"https:\/\/talkpal.ai\/bosnian-grammar\/\">Bosnia grammatika<\/a> kasutab juhtumis\u00fcsteemi, mis t\u00e4hendab, et nimis\u00f5nad, ases\u00f5nad, omaduss\u00f5nad ja m\u00f5nikord isegi tegus\u00f5nad muudavad oma vorme vastavalt nende funktsioonile lauses. Bosnia keeles on seitse juhtumit: nominatiivne, genitiivne, datiivne, akusatiivne, kutsuv, instrumentaalne ja lokatiivne.<\/p>\n\n\n\n<p>\u00c4rge laske neil terminitel end hirmutada! See on lihtsalt harjutamise k\u00fcsimus. Igal juhtumil on kindel eesm\u00e4rk ja see vastab konkreetsetele k\u00fcsimustele:<\/p>\n\n\n\n<p><strong>1. Nominatiiv:<\/strong> lause teema. Kes v\u00f5i mis seda tegevust teeb?<\/p>\n\n\n\n<p><strong>2. Genitiivne:<\/strong> n\u00e4itab omamist, p\u00e4ritolu v\u00f5i millegi osa. Kelle v\u00f5i millest?<\/p>\n\n\n\n<p><strong>3. Datiiv:<\/strong> kaudne objekt \u2013 kellele v\u00f5i kellele midagi antakse v\u00f5i tehakse?<\/p>\n\n\n\n<p><strong>4. S\u00fc\u00fcdistav:<\/strong> Otsene objekt \u2013 kes v\u00f5i mis saab toimingu?<\/p>\n\n\n\n<p><strong>5. K\u00f5nek\u00e4\u00e4nd:<\/strong> kasutatakse kellegi v\u00f5i millegi otse p\u00f6\u00f6rdumiseks &#8211; Hei, sina!<\/p>\n\n\n\n<p><strong>6. Instrumentaalne:<\/strong> esindab tegevuse vahendit v\u00f5i meetodit \u2013 millega v\u00f5i kelle poolt?<\/p>\n\n\n\n<p><strong>7. Lokatiivne:<\/strong> n\u00e4itab millegi asukohta v\u00f5i asukohta \u2013 kus v\u00f5i millal?<\/p>\n\n\n\n<h3 class=\"wp-block-heading\" id=\"h-loving-the-adjectives\">Omaduss\u00f5nade armastamine<\/h3>\n\n\n\n<p>Omaduss\u00f5nad bosnia keeles n\u00f5ustuvad nimis\u00f5naga, mida nad muudavad soo, arvu ja juhtumi osas. See t\u00e4hendab, et omaduss\u00f5nadel, nagu nimis\u00f5nadel ja ases\u00f5nadel, on erinevad vormid s\u00f5ltuvalt nimis\u00f5nast, mida nad kirjeldavad.<\/p>\n\n\n\n<p>N\u00e4iteks kui soovite \u00f6elda bosnia keeles &#8220;suur maja&#8221; (mis on naissoost nimis\u00f5na), siis \u00fctleksite &#8220;velika ku\u0107a&#8221;. Kui aga r\u00e4\u00e4gite &#8220;suurest autost&#8221; (maskuliinseks nimis\u00f5naks), siis \u00fctleksite &#8220;veliki auto&#8221;.<\/p>\n\n\n\n<h3 class=\"wp-block-heading\" id=\"h-final-thoughts\">L\u00f5plikud m\u00f5tted<\/h3>\n\n\n\n<p>Bosnia grammatika koos oma soo, juhtumite ja verbi konjugatsiooniga v\u00f5ib esialgu tunduda keeruline, kuid pidage meeles: harjutamine teeb meistriks! K\u00fcsimus on s\u00fcsteemi m\u00f5istmises ja selle kasutamises reaalsetes olukordades. Olge kannatlik, j\u00e4tkake harjutamist ja peagi hakkate Bosnia ilusat keelt valdama. Sretno! (\u00d5nn kaasa!)<\/p>\n<\/div><\/div>\n\r\n<section class=\"learnNavigationSection\">\r\n            \r\n        <a href=\"https:\/\/talkpal.ai\/et\/opi-bosnia-keel\/\">\r\n            <div class=\"learnNavigationWrapper\">\r\n                <div class=\"learnNavigationContent\">\r\n                    <img decoding=\"async\" src=\"https:\/\/talkpal.ai\/wp-content\/uploads\/2024\/08\/Bosnian.jpg\" alt=\"Bosnian Flag\">\r\n                    <div>\r\n                        <h4>Bosnia \u00f5ppimise kohta<\/h4>\r\n                        <p>Uuri k\u00f5ike Bosnia grammatika kohta .<\/p>\r\n                    <\/div>\r\n                <\/div>\r\n            <\/div>\r\n        <\/a>\r\n\r\n        \r\n        <a href=\"https:\/\/talkpal.ai\/et\/bosnia-keele-grammatika-harjutused\/\">\r\n            <div class=\"learnNavigationWrapper\">\r\n                <div class=\"learnNavigationContent\">\r\n                    <img decoding=\"async\" src=\"https:\/\/talkpal.ai\/wp-content\/uploads\/2024\/08\/Bosnian.jpg\" alt=\"Bosnian Flag\">\r\n                    <div>\r\n                        <h4>Bosnia keele grammatika harjutus<\/h4>\r\n                        <p>Harjutage Bosnia grammatikat.<\/p>\r\n                    <\/div>\r\n                <\/div>\r\n            <\/div>\r\n        <\/a>\r\n\r\n        \r\n        <a href=\"https:\/\/talkpal.ai\/vocabulary_language\/bosnian\/\">\r\n            <div class=\"learnNavigationWrapper\">\r\n                <div class=\"learnNavigationContent\">\r\n                    <img decoding=\"async\" src=\"https:\/\/talkpal.ai\/wp-content\/uploads\/2024\/08\/Bosnian.jpg\" alt=\"Bosnian Flag\">\r\n                    <div>\r\n                        <h4>Bosnia keele s\u00f5navara<\/h4>\r\n                        <p>Laiendage oma bosnia keele s\u00f5navara.<\/p>\r\n                    <\/div>\r\n                <\/div>\r\n            <\/div>\r\n        <\/a>\r\n\r\n            <\/section>","protected":false},"excerpt":{"rendered":"<p>Bosnia grammatika: juhend selle ainulaadsete omaduste m\u00f5istmiseks Kas \u00f5pid bosnia keelt ja oled segaduses keele grammatika \u00fcle? \u00c4ra karda! Selles artiklis sukeldume bosnia keele grammatika saladustesse ja aitame teil m\u00f5ista selle unikaalseid omadusi, hoides seda k\u00f5ike lihtsana ja kaasahaaravana. Kas olete valmis alustama seda p\u00f5nevat keelelist teekonda? Alustame! P\u00f5hialused: nimis\u00f5nad ja ases\u00f5nad K\u00f5igepealt on oluline [&hellip;]<\/p>\n","protected":false},"author":1,"featured_media":111446,"parent":0,"menu_order":0,"comment_status":"closed","ping_status":"closed","template":"LearningContentPage.php","meta":{"_acf_changed":false,"footnotes":""},"class_list":["post-141274","page","type-page","status-publish","has-post-thumbnail","hentry"],"acf":[],"yoast_head":"<!-- This site is optimized with the Yoast SEO Premium plugin v27.2 (Yoast SEO v27.2) - https:\/\/yoast.com\/product\/yoast-seo-premium-wordpress\/ -->\n<title>Bosnia keele grammatika - Talkpal<\/title>\n<meta name=\"description\" content=\"Meisterda Bosnia keele grammatika vaevata koos Talkpal, teie tehisintellektip\u00f5hine keele\u00f5petaja. Avastage lihtsad selgitused, praktilised n\u00f5uanded ja interaktiivsed harjutused!\" \/>\n<meta name=\"robots\" content=\"index, follow, max-snippet:-1, max-image-preview:large, max-video-preview:-1\" \/>\n<link rel=\"canonical\" href=\"https:\/\/talkpal.ai\/et\/bosnia-keele-grammatika\/\" \/>\n<meta property=\"og:locale\" content=\"et_EE\" \/>\n<meta property=\"og:type\" content=\"article\" \/>\n<meta property=\"og:title\" content=\"Bosnia keele grammatika\" \/>\n<meta property=\"og:description\" content=\"Bosnia grammatika: juhend selle ainulaadsete omaduste m\u00f5istmiseks Kas \u00f5pid bosnia keelt ja oled segaduses keele grammatika \u00fcle? \u00c4ra karda! Selles artiklis\" \/>\n<meta property=\"og:url\" content=\"https:\/\/talkpal.ai\/et\/bosnia-keele-grammatika\/\" \/>\n<meta property=\"og:site_name\" content=\"Talkpal\" \/>\n<meta property=\"article:publisher\" content=\"https:\/\/www.facebook.com\/profile.php?id=100090733639311\" \/>\n<meta property=\"article:modified_time\" content=\"2025-05-22T14:41:37+00:00\" \/>\n<meta property=\"og:image\" content=\"https:\/\/talkpal.ai\/wp-content\/uploads\/2023\/05\/bosnia-and-herzegovina.png\" \/>\n\t<meta property=\"og:image:width\" content=\"512\" \/>\n\t<meta property=\"og:image:height\" content=\"512\" \/>\n\t<meta property=\"og:image:type\" content=\"image\/png\" \/>\n<meta name=\"twitter:card\" content=\"summary_large_image\" \/>\n<meta name=\"twitter:site\" content=\"@talkpalai\" \/>\n<meta name=\"twitter:label1\" content=\"Est. reading time\" \/>\n\t<meta name=\"twitter:data1\" content=\"3 minutit\" \/>\n<script type=\"application\/ld+json\" class=\"yoast-schema-graph\">{\"@context\":\"https:\/\/schema.org\",\"@graph\":[{\"@type\":\"WebPage\",\"@id\":\"https:\/\/talkpal.ai\/et\/bosnia-keele-grammatika\/\",\"url\":\"https:\/\/talkpal.ai\/et\/bosnia-keele-grammatika\/\",\"name\":\"Bosnia keele grammatika - Talkpal\",\"isPartOf\":{\"@id\":\"https:\/\/talkpal.ai\/et\/#website\"},\"primaryImageOfPage\":{\"@id\":\"https:\/\/talkpal.ai\/et\/bosnia-keele-grammatika\/#primaryimage\"},\"image\":{\"@id\":\"https:\/\/talkpal.ai\/et\/bosnia-keele-grammatika\/#primaryimage\"},\"thumbnailUrl\":\"https:\/\/talkpal.ai\/wp-content\/uploads\/2023\/05\/bosnia-and-herzegovina.png\",\"datePublished\":\"2023-05-14T14:00:03+00:00\",\"dateModified\":\"2025-05-22T14:41:37+00:00\",\"description\":\"Meisterda Bosnia keele grammatika vaevata koos Talkpal, teie tehisintellektip\u00f5hine keele\u00f5petaja. Avastage lihtsad selgitused, praktilised n\u00f5uanded ja interaktiivsed harjutused!\",\"breadcrumb\":{\"@id\":\"https:\/\/talkpal.ai\/et\/bosnia-keele-grammatika\/#breadcrumb\"},\"inLanguage\":\"et\",\"potentialAction\":[{\"@type\":\"ReadAction\",\"target\":[\"https:\/\/talkpal.ai\/et\/bosnia-keele-grammatika\/\"]}]},{\"@type\":\"ImageObject\",\"inLanguage\":\"et\",\"@id\":\"https:\/\/talkpal.ai\/et\/bosnia-keele-grammatika\/#primaryimage\",\"url\":\"https:\/\/talkpal.ai\/wp-content\/uploads\/2023\/05\/bosnia-and-herzegovina.png\",\"contentUrl\":\"https:\/\/talkpal.ai\/wp-content\/uploads\/2023\/05\/bosnia-and-herzegovina.png\",\"width\":512,\"height\":512},{\"@type\":\"BreadcrumbList\",\"@id\":\"https:\/\/talkpal.ai\/et\/bosnia-keele-grammatika\/#breadcrumb\",\"itemListElement\":[{\"@type\":\"ListItem\",\"position\":1,\"name\":\"Homepage\",\"item\":\"https:\/\/talkpal.ai\/et\/\"},{\"@type\":\"ListItem\",\"position\":2,\"name\":\"Bosnia keele grammatika\"}]},{\"@type\":\"WebSite\",\"@id\":\"https:\/\/talkpal.ai\/et\/#website\",\"url\":\"https:\/\/talkpal.ai\/et\/\",\"name\":\"Talkpal\",\"description\":\"AI Language Learning\",\"publisher\":{\"@id\":\"https:\/\/talkpal.ai\/et\/#organization\"},\"alternateName\":\"Talkpal AI\",\"potentialAction\":[{\"@type\":\"SearchAction\",\"target\":{\"@type\":\"EntryPoint\",\"urlTemplate\":\"https:\/\/talkpal.ai\/et\/?s={search_term_string}\"},\"query-input\":{\"@type\":\"PropertyValueSpecification\",\"valueRequired\":true,\"valueName\":\"search_term_string\"}}],\"inLanguage\":\"et\"},{\"@type\":\"Organization\",\"@id\":\"https:\/\/talkpal.ai\/et\/#organization\",\"name\":\"Talkpal, Inc.\",\"alternateName\":\"Talkpal AI\",\"url\":\"https:\/\/talkpal.ai\/et\/\",\"logo\":{\"@type\":\"ImageObject\",\"inLanguage\":\"et\",\"@id\":\"https:\/\/talkpal.ai\/et\/#\/schema\/logo\/image\/\",\"url\":\"https:\/\/talkpal.ai\/wp-content\/uploads\/2024\/03\/Talkpal-Logo-Icon.png\",\"contentUrl\":\"https:\/\/talkpal.ai\/wp-content\/uploads\/2024\/03\/Talkpal-Logo-Icon.png\",\"width\":2880,\"height\":2880,\"caption\":\"Talkpal, Inc.\"},\"image\":{\"@id\":\"https:\/\/talkpal.ai\/et\/#\/schema\/logo\/image\/\"},\"sameAs\":[\"https:\/\/www.facebook.com\/profile.php?id=100090733639311\",\"https:\/\/x.com\/talkpalai\",\"https:\/\/www.linkedin.com\/company\/talkpal\/\",\"https:\/\/www.youtube.com\/@TalkPal\/\",\"https:\/\/www.tiktok.com\/@talkpal\",\"https:\/\/www.instagram.com\/talkpal_ai\/\",\"https:\/\/www.crunchbase.com\/organization\/talkpal-9cde\",\"https:\/\/www.g2.com\/products\/talkpal-for-business\/\",\"https:\/\/www.trustpilot.com\/review\/talkpal.ai\",\"https:\/\/www.capterra.com\/p\/10006800\/TalkPal\/\"],\"description\":\"Talkpal is a language learning web and mobile education app, powered by the latest AI technologies, that provides engaging experiences to its customers in many different languages to help them improve their language skills. Users can chat about unlimited amount of topics with the app and use other modes to practice their language learning.\",\"email\":\"support@talkpal.ai\",\"legalName\":\"Talkpal, Inc.\",\"foundingDate\":\"2023-04-03\",\"duns\":\"118989042\",\"numberOfEmployees\":{\"@type\":\"QuantitativeValue\",\"minValue\":\"11\",\"maxValue\":\"50\"},\"publishingPrinciples\":\"https:\/\/talkpal.ai\/publishing-principles\/\",\"actionableFeedbackPolicy\":\"https:\/\/talkpal.ai\/actionable-feedback-policy\/\",\"correctionsPolicy\":\"https:\/\/talkpal.ai\/corrections-policy\/\",\"ethicsPolicy\":\"https:\/\/talkpal.ai\/ethics-policy\/\",\"diversityPolicy\":\"https:\/\/talkpal.ai\/diversity-policy\/\",\"diversityStaffingReport\":\"https:\/\/talkpal.ai\/diversity-policy\/\"}]}<\/script>\n<!-- \/ Yoast SEO Premium plugin. -->","yoast_head_json":{"title":"Bosnia keele grammatika - Talkpal","description":"Meisterda Bosnia keele grammatika vaevata koos Talkpal, teie tehisintellektip\u00f5hine keele\u00f5petaja. Avastage lihtsad selgitused, praktilised n\u00f5uanded ja interaktiivsed harjutused!","robots":{"index":"index","follow":"follow","max-snippet":"max-snippet:-1","max-image-preview":"max-image-preview:large","max-video-preview":"max-video-preview:-1"},"canonical":"https:\/\/talkpal.ai\/et\/bosnia-keele-grammatika\/","og_locale":"et_EE","og_type":"article","og_title":"Bosnia keele grammatika","og_description":"Bosnia grammatika: juhend selle ainulaadsete omaduste m\u00f5istmiseks Kas \u00f5pid bosnia keelt ja oled segaduses keele grammatika \u00fcle? \u00c4ra karda! Selles artiklis","og_url":"https:\/\/talkpal.ai\/et\/bosnia-keele-grammatika\/","og_site_name":"Talkpal","article_publisher":"https:\/\/www.facebook.com\/profile.php?id=100090733639311","article_modified_time":"2025-05-22T14:41:37+00:00","og_image":[{"width":512,"height":512,"url":"https:\/\/talkpal.ai\/wp-content\/uploads\/2023\/05\/bosnia-and-herzegovina.png","type":"image\/png"}],"twitter_card":"summary_large_image","twitter_site":"@talkpalai","twitter_misc":{"Est. reading time":"3 minutit"},"schema":{"@context":"https:\/\/schema.org","@graph":[{"@type":"WebPage","@id":"https:\/\/talkpal.ai\/et\/bosnia-keele-grammatika\/","url":"https:\/\/talkpal.ai\/et\/bosnia-keele-grammatika\/","name":"Bosnia keele grammatika - Talkpal","isPartOf":{"@id":"https:\/\/talkpal.ai\/et\/#website"},"primaryImageOfPage":{"@id":"https:\/\/talkpal.ai\/et\/bosnia-keele-grammatika\/#primaryimage"},"image":{"@id":"https:\/\/talkpal.ai\/et\/bosnia-keele-grammatika\/#primaryimage"},"thumbnailUrl":"https:\/\/talkpal.ai\/wp-content\/uploads\/2023\/05\/bosnia-and-herzegovina.png","datePublished":"2023-05-14T14:00:03+00:00","dateModified":"2025-05-22T14:41:37+00:00","description":"Meisterda Bosnia keele grammatika vaevata koos Talkpal, teie tehisintellektip\u00f5hine keele\u00f5petaja. Avastage lihtsad selgitused, praktilised n\u00f5uanded ja interaktiivsed harjutused!","breadcrumb":{"@id":"https:\/\/talkpal.ai\/et\/bosnia-keele-grammatika\/#breadcrumb"},"inLanguage":"et","potentialAction":[{"@type":"ReadAction","target":["https:\/\/talkpal.ai\/et\/bosnia-keele-grammatika\/"]}]},{"@type":"ImageObject","inLanguage":"et","@id":"https:\/\/talkpal.ai\/et\/bosnia-keele-grammatika\/#primaryimage","url":"https:\/\/talkpal.ai\/wp-content\/uploads\/2023\/05\/bosnia-and-herzegovina.png","contentUrl":"https:\/\/talkpal.ai\/wp-content\/uploads\/2023\/05\/bosnia-and-herzegovina.png","width":512,"height":512},{"@type":"BreadcrumbList","@id":"https:\/\/talkpal.ai\/et\/bosnia-keele-grammatika\/#breadcrumb","itemListElement":[{"@type":"ListItem","position":1,"name":"Homepage","item":"https:\/\/talkpal.ai\/et\/"},{"@type":"ListItem","position":2,"name":"Bosnia keele grammatika"}]},{"@type":"WebSite","@id":"https:\/\/talkpal.ai\/et\/#website","url":"https:\/\/talkpal.ai\/et\/","name":"Talkpal","description":"AI Language Learning","publisher":{"@id":"https:\/\/talkpal.ai\/et\/#organization"},"alternateName":"Talkpal AI","potentialAction":[{"@type":"SearchAction","target":{"@type":"EntryPoint","urlTemplate":"https:\/\/talkpal.ai\/et\/?s={search_term_string}"},"query-input":{"@type":"PropertyValueSpecification","valueRequired":true,"valueName":"search_term_string"}}],"inLanguage":"et"},{"@type":"Organization","@id":"https:\/\/talkpal.ai\/et\/#organization","name":"Talkpal, Inc.","alternateName":"Talkpal AI","url":"https:\/\/talkpal.ai\/et\/","logo":{"@type":"ImageObject","inLanguage":"et","@id":"https:\/\/talkpal.ai\/et\/#\/schema\/logo\/image\/","url":"https:\/\/talkpal.ai\/wp-content\/uploads\/2024\/03\/Talkpal-Logo-Icon.png","contentUrl":"https:\/\/talkpal.ai\/wp-content\/uploads\/2024\/03\/Talkpal-Logo-Icon.png","width":2880,"height":2880,"caption":"Talkpal, Inc."},"image":{"@id":"https:\/\/talkpal.ai\/et\/#\/schema\/logo\/image\/"},"sameAs":["https:\/\/www.facebook.com\/profile.php?id=100090733639311","https:\/\/x.com\/talkpalai","https:\/\/www.linkedin.com\/company\/talkpal\/","https:\/\/www.youtube.com\/@TalkPal\/","https:\/\/www.tiktok.com\/@talkpal","https:\/\/www.instagram.com\/talkpal_ai\/","https:\/\/www.crunchbase.com\/organization\/talkpal-9cde","https:\/\/www.g2.com\/products\/talkpal-for-business\/","https:\/\/www.trustpilot.com\/review\/talkpal.ai","https:\/\/www.capterra.com\/p\/10006800\/TalkPal\/"],"description":"Talkpal is a language learning web and mobile education app, powered by the latest AI technologies, that provides engaging experiences to its customers in many different languages to help them improve their language skills. Users can chat about unlimited amount of topics with the app and use other modes to practice their language learning.","email":"support@talkpal.ai","legalName":"Talkpal, Inc.","foundingDate":"2023-04-03","duns":"118989042","numberOfEmployees":{"@type":"QuantitativeValue","minValue":"11","maxValue":"50"},"publishingPrinciples":"https:\/\/talkpal.ai\/publishing-principles\/","actionableFeedbackPolicy":"https:\/\/talkpal.ai\/actionable-feedback-policy\/","correctionsPolicy":"https:\/\/talkpal.ai\/corrections-policy\/","ethicsPolicy":"https:\/\/talkpal.ai\/ethics-policy\/","diversityPolicy":"https:\/\/talkpal.ai\/diversity-policy\/","diversityStaffingReport":"https:\/\/talkpal.ai\/diversity-policy\/"}]}},"_links":{"self":[{"href":"https:\/\/talkpal.ai\/et\/wp-json\/wp\/v2\/pages\/141274","targetHints":{"allow":["GET"]}}],"collection":[{"href":"https:\/\/talkpal.ai\/et\/wp-json\/wp\/v2\/pages"}],"about":[{"href":"https:\/\/talkpal.ai\/et\/wp-json\/wp\/v2\/types\/page"}],"author":[{"embeddable":true,"href":"https:\/\/talkpal.ai\/et\/wp-json\/wp\/v2\/users\/1"}],"replies":[{"embeddable":true,"href":"https:\/\/talkpal.ai\/et\/wp-json\/wp\/v2\/comments?post=141274"}],"version-history":[{"count":0,"href":"https:\/\/talkpal.ai\/et\/wp-json\/wp\/v2\/pages\/141274\/revisions"}],"wp:featuredmedia":[{"embeddable":true,"href":"https:\/\/talkpal.ai\/et\/wp-json\/wp\/v2\/media\/111446"}],"wp:attachment":[{"href":"https:\/\/talkpal.ai\/et\/wp-json\/wp\/v2\/media?parent=141274"}],"curies":[{"name":"wp","href":"https:\/\/api.w.org\/{rel}","templated":true}]}}