{"id":140992,"date":"2023-05-14T13:59:42","date_gmt":"2023-05-14T13:59:42","guid":{"rendered":"http:\/\/talkpal.ai\/valgevene-grammatika\/"},"modified":"2025-05-22T13:50:03","modified_gmt":"2025-05-22T13:50:03","slug":"valgevene-grammatika","status":"publish","type":"page","link":"https:\/\/talkpal.ai\/et\/valgevene-grammatika\/","title":{"rendered":"Valgevene grammatika"},"content":{"rendered":"\r\n\r\n\r\n<section class=\"languageChallengeSection\">\r\n    <div class=\"languageInfoWrapper\">\r\n        \r\n        <h1>Valgevene grammatika<\/h1>\r\n        <p>Avastage <a href=\"https:\/\/talkpal.ai\/learn-belarusian\/\">valgevene<\/a> keele ilu ja rikkus, \u00f5ppides selle p\u00f5hilisi grammatikareegleid. <a href=\"https:\/\/talkpal.ai\/belarusian-grammar\/\">Valgevene keele grammatika<\/a> hea m\u00f5istmine aitab teil enesekindlalt suhelda ja Valgevene kultuuriga suhelda. Sukeldu n\u00fc\u00fcd ja alusta oma teekonda valgevene keele omandamiseks juba t\u00e4na!<\/p>\r\n\r\n                            <a class=\"getStartedHidden\" href=\"https:\/\/app.talkpal.ai\/et\/signup?lng=\">Alusta<\/a>\r\n        \r\n    <\/div>\r\n\r\n    <figure>\r\n    <img decoding=\"async\" width=\"768\" height=\"768\" src=\"https:\/\/talkpal.ai\/wp-content\/uploads\/2023\/06\/belarusian-768x768.png\" class=\"languageImage no-lazy\" alt=\"Language learning for academic excellence\" fetchpriority=\"high\" sizes=\"(max-width: 768px) 150px, 768px\" srcset=\"https:\/\/talkpal.ai\/wp-content\/uploads\/2023\/06\/belarusian-768x768.png 768w, https:\/\/talkpal.ai\/wp-content\/uploads\/2023\/06\/belarusian-300x300.png 300w\" \/>\r\n    \r\n\r\n    <\/figure>\r\n\r\n            <a class=\"getStartedVisible\" href=\"https:\/\/app.talkpal.ai\/et\/signup?lng=\">Alusta<\/a>\r\n    \r\n<\/section>\r\n<section class=\"promotionalBanner\">\r\n    <p class=\"promotionalText\">K\u00f5ige t\u00f5husam viis keele \u00f5ppimiseks<\/p>\r\n    <a class=\"promotionalLink\" href=\"https:\/\/app.talkpal.ai\/et\/signup?lng=\">Proovige Talkpal tasuta<\/a>\r\n<\/section>\n<div class=\"wp-block-group pageContainerStyle\"><div class=\"wp-block-group__inner-container is-layout-constrained wp-block-group-is-layout-constrained\">\n<h2 class=\"wp-block-heading\" id=\"h-belarusian-grammar-a-closer-look-at-the-slavic-language-s-intricacies\">Valgevene keele grammatika: slaavi keele keerukus l\u00e4hemalt vaadatuna<\/h2>\n\n\n\n<p>Kas olete p\u00fcrgiv pol\u00fcglott, kes on lummatud slaavi keelte vastu? V\u00f5i olete lihtsalt uudishimulik selle huvitava piirkonna keelte grammatiliste keerdk\u00e4ikude kohta? Kui jah, siis pange kinni! Selles artiklis tutvume <a href=\"https:\/\/talkpal.ai\/belarusian-grammar\/\">valgevene keele grammatika<\/a> imelise maailmaga, mis on v\u00e4hem tuntud, kuid p\u00f5nev liige slaavi keelte perekonnas.<\/p>\n\n\n\n<p>Sukeldume sisse, kas ei?<\/p>\n\n\n\n<h3 class=\"wp-block-heading\" id=\"h-first-things-first-what-is-belarusian\">Esimesed asjad k\u00f5igepealt: mis on valgevene keel?<\/h3>\n\n\n\n<p><a href=\"https:\/\/talkpal.ai\/et\/opi-valgevene-keel\/\">Valgevene keel<\/a> on ametlik keel Valgevenes, merepiirita riigis, mis asub Ida-Euroopas Venemaa, <a href=\"https:\/\/talkpal.ai\/learn-ukrainian\/\">Ukraina<\/a>, <a href=\"https:\/\/talkpal.ai\/learn-polish\/\">Poola<\/a>, <a href=\"https:\/\/talkpal.ai\/learn-lithuanian\/\">Leedu<\/a> ja <a href=\"https:\/\/talkpal.ai\/learn-latvian\/\">L\u00e4ti<\/a> vahel. Ligikaudu 7,9 miljoni k\u00f5nelejaga <a href=\"https:\/\/talkpal.ai\/et\/opi-valgevene-keel\/\">valgevene keel<\/a> pakub v\u00f5lu nii keeleteadlastele kui ka keelehuvilistele. Slaavi keelena on valgevene keelel palju sarnasusi vene, ukraina ja poola keelega; kuid see h\u00f5lmab ka oma ainulaadseid omadusi, mis eristavad teda \u00f5dedest-vendadest.<\/p>\n\n\n\n<h3 class=\"wp-block-heading\" id=\"h-the-building-blocks-nouns-pronouns-and-cases\">Koosteelemendid: nimis\u00f5nad, ases\u00f5nad ja juhtumid<\/h3>\n\n\n\n<p>Nagu teisedki slaavi keeled, keerleb Valgevene grammatika s\u00f5nade k\u00e4\u00e4namise \u00fcmber. See t\u00e4hendab, et s\u00f5nade l\u00f5pud muutuvad vastavalt nende grammatilisele funktsioonile lauses. See on k\u00f5ige ilmsem substantiivide, pronoomenite ja omaduss\u00f5nade puhul, kui neid kasutatakse eri juhtudel. Valgevenel on kuus juhtumit, mis on j\u00e4rgmised:<\/p>\n\n\n\n<p><strong>1. Nominatiiv &#8211; t\u00e4histab lause subjekti.<\/strong><\/p>\n\n\n\n<p><strong>2. Genitiiv &#8211; n\u00e4itab valdust v\u00f5i eituse objekti.<\/strong><\/p>\n\n\n\n<p><strong>3. Datiiv &#8211; t\u00e4histab lause kaudset objekti.<\/strong><\/p>\n\n\n\n<p><strong>4. Akusatiiv &#8211; t\u00e4histab lause otsest objekti.<\/strong><\/p>\n\n\n\n<p><strong>5. Instrumentaalne &#8211; v\u00e4ljendab vahendit v\u00f5i meetodit, mille abil tegevus sooritatakse.<\/strong><\/p>\n\n\n\n<p><strong>6. Prepositsiooniline v\u00f5i lokatiivne &#8211; m\u00e4\u00e4rab asukoha v\u00f5i prepositsioonide objekti.<\/strong><\/p>\n\n\n\n<p>Lisaks juhtumitele on Valgevene nimis\u00f5nadel ka kolm sugu (mehelik, naiselik ja neuter) ja kaks numbrit (ainsus ja mitmus). Igal soo- ja numbrikombinatsioonil on igal juhul konkreetsed l\u00f5pud, mist\u00f5ttu on grammatiliselt \u00f5igete lausete konstrueerimiseks \u00fclioluline need meelde j\u00e4tta.<\/p>\n\n\n\n<h3 class=\"wp-block-heading\" id=\"h-let-s-talk-verbs-tenses-aspects-and-moods\">R\u00e4\u00e4gime verbidest: Aegade, aspektide ja meeleolude kohta<\/h3>\n\n\n\n<p>Valgevene verbid on imeliselt keerulised, t\u00e4is n\u00fcansse ja keerukust. Neil on kolm ajastust (minevik, olevik ja tulevik), kaks aspekti (t\u00e4iuslik ja ebat\u00e4iuslik), samuti kolm meeleolu (soovituslik, imperatiivne ja tingimuslik). Mis eristab Valgevene tegus\u00f5nu teistest slaavi keeltest, on nende ulatuslik aspektikasutus.<\/p>\n\n\n\n<p>Aspekt viitab sellele, kas toimingut peetakse l\u00f5petatuks (t\u00e4iuslik) v\u00f5i k\u00e4imasolevaks (ebat\u00e4iuslik). Paljud tegus\u00f5nad on paaridena, mis n\u00e4itavad erinevaid aspekte, kasutades sageli unikaalset eesliidet v\u00f5i j\u00e4relliidet. Aspekti meisterlikkus on valgevene keele peensuste m\u00f5istmiseks h\u00e4davajalik.<\/p>\n\n\n\n<h3 class=\"wp-block-heading\" id=\"h-adjectives-adverbs-and-other-delights\">Omaduss\u00f5nad, m\u00e4\u00e4rs\u00f5nad ja muud r\u00f5\u00f5mud<\/h3>\n\n\n\n<p>Valgevene omaduss\u00f5nad n\u00f5ustuvad nimis\u00f5nadega, mida nad soo, arvu ja juhtumi osas muudavad. Neil on ka v\u00f5rdlevad ja \u00fcliv\u00f5rded, et v\u00e4ljendada erinevaid omadusi. Lisaks sellele on paljud adverbid tuletatud omaduss\u00f5nadest, lisades lihtsalt j\u00e4relliite &#8220;-\u0430&#8221; maskuliinsele ja &#8220;-\u044b&#8221; feminiinsele vormile.<\/p>\n\n\n\n<p>Valgevene keeles on ka p\u00f5nev hulk sides\u00f5nu, eess\u00f5nu, numbreid ja osakesi, mis aitavad teil luua keerukaid ja v\u00e4ljendusrikkaid lauseid. Piisava harjutamisega suudate varsti oma s\u00f5nu kokku p\u00f5imida nagu t\u00f5eline valgevene s\u00f5nasepp.<\/p>\n\n\n\n<h3 class=\"wp-block-heading\" id=\"h-in-closing-the-magic-of-belarusian-grammar\">L\u00f5petuseks: Valgevene grammatika maagia<\/h3>\n\n\n\n<p>Esmapilgul v\u00f5ib Valgevene grammatika tunduda hirmutav. Kui aga s\u00fcvenete s\u00fcgavamalt selle rikkaliku juhtumite, aspektide ja muude keeleliste veidruste r\u00e4gastikesse, avastate keele, mis on t\u00e4is s\u00fcgavust, n\u00fcansse ja v\u00e4ljendusrikkust. Valgevene grammatika v\u00e4ljakutse vastuv\u00f5tmine ei anna teile mitte ainult paremat arusaamist slaavi perekonnast laiemalt, vaid annab teile ka juurdep\u00e4\u00e4su ilusale ja elavale kultuurile, mis ootab teie uurimist.<\/p>\n\n\n\n<p>N\u00fc\u00fcd, relvastatud uue arusaamaga valgevene grammatikast, miks mitte sukelduda s\u00fcgavamale sellesse p\u00f5nevasse keelde? Kes teab &#8211; v\u00f5ib-olla leiad end \u00fchel p\u00e4eval Minski t\u00e4navatel jalutamas ja kohalikega nende emakeeles vestlemas. Head \u00f5ppimist!<\/p>\n<\/div><\/div>\n\r\n<section class=\"learnNavigationSection\">\r\n            \r\n        <a href=\"https:\/\/talkpal.ai\/et\/opi-valgevene-keel\/\">\r\n            <div class=\"learnNavigationWrapper\">\r\n                <div class=\"learnNavigationContent\">\r\n                    <img decoding=\"async\" src=\"https:\/\/talkpal.ai\/wp-content\/uploads\/2024\/08\/Belarusian.jpg\" alt=\"Belarusian Flag\">\r\n                    <div>\r\n                        <h4>Valgevene \u00f5ppimise kohta<\/h4>\r\n                        <p>Uuri k\u00f5ike valgevene keele grammatika kohta.<\/p>\r\n                    <\/div>\r\n                <\/div>\r\n            <\/div>\r\n        <\/a>\r\n\r\n        \r\n        <a href=\"https:\/\/talkpal.ai\/et\/valgevene-keele-grammatikaharjutused\/\">\r\n            <div class=\"learnNavigationWrapper\">\r\n                <div class=\"learnNavigationContent\">\r\n                    <img decoding=\"async\" src=\"https:\/\/talkpal.ai\/wp-content\/uploads\/2024\/08\/Belarusian.jpg\" alt=\"Belarusian Flag\">\r\n                    <div>\r\n                        <h4>Valgevene keele grammatika harjutus<\/h4>\r\n                        <p>Harjutage valgevene grammatikat.<\/p>\r\n                    <\/div>\r\n                <\/div>\r\n            <\/div>\r\n        <\/a>\r\n\r\n        \r\n        <a href=\"https:\/\/talkpal.ai\/vocabulary_language\/belarusian\/\">\r\n            <div class=\"learnNavigationWrapper\">\r\n                <div class=\"learnNavigationContent\">\r\n                    <img decoding=\"async\" src=\"https:\/\/talkpal.ai\/wp-content\/uploads\/2024\/08\/Belarusian.jpg\" alt=\"Belarusian Flag\">\r\n                    <div>\r\n                        <h4>Valgevene keele s\u00f5navara<\/h4>\r\n                        <p>Laiendage oma valgevene keele s\u00f5navara.<\/p>\r\n                    <\/div>\r\n                <\/div>\r\n            <\/div>\r\n        <\/a>\r\n\r\n            <\/section>","protected":false},"excerpt":{"rendered":"<p>Valgevene keele grammatika: slaavi keele keerukus l\u00e4hemalt vaadatuna Kas olete p\u00fcrgiv pol\u00fcglott, kes on lummatud slaavi keelte vastu? V\u00f5i olete lihtsalt uudishimulik selle huvitava piirkonna keelte grammatiliste keerdk\u00e4ikude kohta? Kui jah, siis pange kinni! Selles artiklis tutvume valgevene keele grammatika imelise maailmaga, mis on v\u00e4hem tuntud, kuid p\u00f5nev liige slaavi keelte perekonnas. Sukeldume sisse, kas [&hellip;]<\/p>\n","protected":false},"author":1,"featured_media":110635,"parent":0,"menu_order":0,"comment_status":"closed","ping_status":"closed","template":"LearningContentPage.php","meta":{"_acf_changed":false,"footnotes":""},"class_list":["post-140992","page","type-page","status-publish","has-post-thumbnail","hentry"],"acf":[],"yoast_head":"<!-- This site is optimized with the Yoast SEO Premium plugin v27.2 (Yoast SEO v27.2) - https:\/\/yoast.com\/product\/yoast-seo-premium-wordpress\/ -->\n<title>Valgevene grammatika - Talkpal<\/title>\n<meta name=\"description\" content=\"\u00d5ppige valgevene keele grammatika vaevata koos Talkpal, teie tehisintellektip\u00f5hine keele\u00f5petaja. Saad selged selgitused, kasulikud n\u00f5uanded ja interaktiivsed harjutused!\" \/>\n<meta name=\"robots\" content=\"index, follow, max-snippet:-1, max-image-preview:large, max-video-preview:-1\" \/>\n<link rel=\"canonical\" href=\"https:\/\/talkpal.ai\/et\/valgevene-grammatika\/\" \/>\n<meta property=\"og:locale\" content=\"et_EE\" \/>\n<meta property=\"og:type\" content=\"article\" \/>\n<meta property=\"og:title\" content=\"Valgevene grammatika\" \/>\n<meta property=\"og:description\" content=\"Valgevene keele grammatika: slaavi keele keerukus l\u00e4hemalt vaadatuna Kas olete p\u00fcrgiv pol\u00fcglott, kes on lummatud slaavi keelte vastu? V\u00f5i olete lihtsalt\" \/>\n<meta property=\"og:url\" content=\"https:\/\/talkpal.ai\/et\/valgevene-grammatika\/\" \/>\n<meta property=\"og:site_name\" content=\"Talkpal\" \/>\n<meta property=\"article:publisher\" content=\"https:\/\/www.facebook.com\/profile.php?id=100090733639311\" \/>\n<meta property=\"article:modified_time\" content=\"2025-05-22T13:50:03+00:00\" \/>\n<meta property=\"og:image\" content=\"https:\/\/talkpal.ai\/wp-content\/uploads\/2023\/05\/belarus.png\" \/>\n\t<meta property=\"og:image:width\" content=\"512\" \/>\n\t<meta property=\"og:image:height\" content=\"512\" \/>\n\t<meta property=\"og:image:type\" content=\"image\/png\" \/>\n<meta name=\"twitter:card\" content=\"summary_large_image\" \/>\n<meta name=\"twitter:site\" content=\"@talkpalai\" \/>\n<meta name=\"twitter:label1\" content=\"Est. reading time\" \/>\n\t<meta name=\"twitter:data1\" content=\"3 minutit\" \/>\n<script type=\"application\/ld+json\" class=\"yoast-schema-graph\">{\"@context\":\"https:\/\/schema.org\",\"@graph\":[{\"@type\":\"WebPage\",\"@id\":\"https:\/\/talkpal.ai\/et\/valgevene-grammatika\/\",\"url\":\"https:\/\/talkpal.ai\/et\/valgevene-grammatika\/\",\"name\":\"Valgevene grammatika - Talkpal\",\"isPartOf\":{\"@id\":\"https:\/\/talkpal.ai\/et\/#website\"},\"primaryImageOfPage\":{\"@id\":\"https:\/\/talkpal.ai\/et\/valgevene-grammatika\/#primaryimage\"},\"image\":{\"@id\":\"https:\/\/talkpal.ai\/et\/valgevene-grammatika\/#primaryimage\"},\"thumbnailUrl\":\"https:\/\/talkpal.ai\/wp-content\/uploads\/2023\/05\/belarus.png\",\"datePublished\":\"2023-05-14T13:59:42+00:00\",\"dateModified\":\"2025-05-22T13:50:03+00:00\",\"description\":\"\u00d5ppige valgevene keele grammatika vaevata koos Talkpal, teie tehisintellektip\u00f5hine keele\u00f5petaja. Saad selged selgitused, kasulikud n\u00f5uanded ja interaktiivsed harjutused!\",\"breadcrumb\":{\"@id\":\"https:\/\/talkpal.ai\/et\/valgevene-grammatika\/#breadcrumb\"},\"inLanguage\":\"et\",\"potentialAction\":[{\"@type\":\"ReadAction\",\"target\":[\"https:\/\/talkpal.ai\/et\/valgevene-grammatika\/\"]}]},{\"@type\":\"ImageObject\",\"inLanguage\":\"et\",\"@id\":\"https:\/\/talkpal.ai\/et\/valgevene-grammatika\/#primaryimage\",\"url\":\"https:\/\/talkpal.ai\/wp-content\/uploads\/2023\/05\/belarus.png\",\"contentUrl\":\"https:\/\/talkpal.ai\/wp-content\/uploads\/2023\/05\/belarus.png\",\"width\":512,\"height\":512},{\"@type\":\"BreadcrumbList\",\"@id\":\"https:\/\/talkpal.ai\/et\/valgevene-grammatika\/#breadcrumb\",\"itemListElement\":[{\"@type\":\"ListItem\",\"position\":1,\"name\":\"Homepage\",\"item\":\"https:\/\/talkpal.ai\/et\/\"},{\"@type\":\"ListItem\",\"position\":2,\"name\":\"Valgevene grammatika\"}]},{\"@type\":\"WebSite\",\"@id\":\"https:\/\/talkpal.ai\/et\/#website\",\"url\":\"https:\/\/talkpal.ai\/et\/\",\"name\":\"Talkpal\",\"description\":\"AI Language Learning\",\"publisher\":{\"@id\":\"https:\/\/talkpal.ai\/et\/#organization\"},\"alternateName\":\"Talkpal AI\",\"potentialAction\":[{\"@type\":\"SearchAction\",\"target\":{\"@type\":\"EntryPoint\",\"urlTemplate\":\"https:\/\/talkpal.ai\/et\/?s={search_term_string}\"},\"query-input\":{\"@type\":\"PropertyValueSpecification\",\"valueRequired\":true,\"valueName\":\"search_term_string\"}}],\"inLanguage\":\"et\"},{\"@type\":\"Organization\",\"@id\":\"https:\/\/talkpal.ai\/et\/#organization\",\"name\":\"Talkpal, Inc.\",\"alternateName\":\"Talkpal AI\",\"url\":\"https:\/\/talkpal.ai\/et\/\",\"logo\":{\"@type\":\"ImageObject\",\"inLanguage\":\"et\",\"@id\":\"https:\/\/talkpal.ai\/et\/#\/schema\/logo\/image\/\",\"url\":\"https:\/\/talkpal.ai\/wp-content\/uploads\/2024\/03\/Talkpal-Logo-Icon.png\",\"contentUrl\":\"https:\/\/talkpal.ai\/wp-content\/uploads\/2024\/03\/Talkpal-Logo-Icon.png\",\"width\":2880,\"height\":2880,\"caption\":\"Talkpal, Inc.\"},\"image\":{\"@id\":\"https:\/\/talkpal.ai\/et\/#\/schema\/logo\/image\/\"},\"sameAs\":[\"https:\/\/www.facebook.com\/profile.php?id=100090733639311\",\"https:\/\/x.com\/talkpalai\",\"https:\/\/www.linkedin.com\/company\/talkpal\/\",\"https:\/\/www.youtube.com\/@TalkPal\/\",\"https:\/\/www.tiktok.com\/@talkpal\",\"https:\/\/www.instagram.com\/talkpal_ai\/\",\"https:\/\/www.crunchbase.com\/organization\/talkpal-9cde\",\"https:\/\/www.g2.com\/products\/talkpal-for-business\/\",\"https:\/\/www.trustpilot.com\/review\/talkpal.ai\",\"https:\/\/www.capterra.com\/p\/10006800\/TalkPal\/\"],\"description\":\"Talkpal is a language learning web and mobile education app, powered by the latest AI technologies, that provides engaging experiences to its customers in many different languages to help them improve their language skills. Users can chat about unlimited amount of topics with the app and use other modes to practice their language learning.\",\"email\":\"support@talkpal.ai\",\"legalName\":\"Talkpal, Inc.\",\"foundingDate\":\"2023-04-03\",\"duns\":\"118989042\",\"numberOfEmployees\":{\"@type\":\"QuantitativeValue\",\"minValue\":\"11\",\"maxValue\":\"50\"},\"publishingPrinciples\":\"https:\/\/talkpal.ai\/publishing-principles\/\",\"actionableFeedbackPolicy\":\"https:\/\/talkpal.ai\/actionable-feedback-policy\/\",\"correctionsPolicy\":\"https:\/\/talkpal.ai\/corrections-policy\/\",\"ethicsPolicy\":\"https:\/\/talkpal.ai\/ethics-policy\/\",\"diversityPolicy\":\"https:\/\/talkpal.ai\/diversity-policy\/\",\"diversityStaffingReport\":\"https:\/\/talkpal.ai\/diversity-policy\/\"}]}<\/script>\n<!-- \/ Yoast SEO Premium plugin. -->","yoast_head_json":{"title":"Valgevene grammatika - Talkpal","description":"\u00d5ppige valgevene keele grammatika vaevata koos Talkpal, teie tehisintellektip\u00f5hine keele\u00f5petaja. Saad selged selgitused, kasulikud n\u00f5uanded ja interaktiivsed harjutused!","robots":{"index":"index","follow":"follow","max-snippet":"max-snippet:-1","max-image-preview":"max-image-preview:large","max-video-preview":"max-video-preview:-1"},"canonical":"https:\/\/talkpal.ai\/et\/valgevene-grammatika\/","og_locale":"et_EE","og_type":"article","og_title":"Valgevene grammatika","og_description":"Valgevene keele grammatika: slaavi keele keerukus l\u00e4hemalt vaadatuna Kas olete p\u00fcrgiv pol\u00fcglott, kes on lummatud slaavi keelte vastu? V\u00f5i olete lihtsalt","og_url":"https:\/\/talkpal.ai\/et\/valgevene-grammatika\/","og_site_name":"Talkpal","article_publisher":"https:\/\/www.facebook.com\/profile.php?id=100090733639311","article_modified_time":"2025-05-22T13:50:03+00:00","og_image":[{"width":512,"height":512,"url":"https:\/\/talkpal.ai\/wp-content\/uploads\/2023\/05\/belarus.png","type":"image\/png"}],"twitter_card":"summary_large_image","twitter_site":"@talkpalai","twitter_misc":{"Est. reading time":"3 minutit"},"schema":{"@context":"https:\/\/schema.org","@graph":[{"@type":"WebPage","@id":"https:\/\/talkpal.ai\/et\/valgevene-grammatika\/","url":"https:\/\/talkpal.ai\/et\/valgevene-grammatika\/","name":"Valgevene grammatika - Talkpal","isPartOf":{"@id":"https:\/\/talkpal.ai\/et\/#website"},"primaryImageOfPage":{"@id":"https:\/\/talkpal.ai\/et\/valgevene-grammatika\/#primaryimage"},"image":{"@id":"https:\/\/talkpal.ai\/et\/valgevene-grammatika\/#primaryimage"},"thumbnailUrl":"https:\/\/talkpal.ai\/wp-content\/uploads\/2023\/05\/belarus.png","datePublished":"2023-05-14T13:59:42+00:00","dateModified":"2025-05-22T13:50:03+00:00","description":"\u00d5ppige valgevene keele grammatika vaevata koos Talkpal, teie tehisintellektip\u00f5hine keele\u00f5petaja. Saad selged selgitused, kasulikud n\u00f5uanded ja interaktiivsed harjutused!","breadcrumb":{"@id":"https:\/\/talkpal.ai\/et\/valgevene-grammatika\/#breadcrumb"},"inLanguage":"et","potentialAction":[{"@type":"ReadAction","target":["https:\/\/talkpal.ai\/et\/valgevene-grammatika\/"]}]},{"@type":"ImageObject","inLanguage":"et","@id":"https:\/\/talkpal.ai\/et\/valgevene-grammatika\/#primaryimage","url":"https:\/\/talkpal.ai\/wp-content\/uploads\/2023\/05\/belarus.png","contentUrl":"https:\/\/talkpal.ai\/wp-content\/uploads\/2023\/05\/belarus.png","width":512,"height":512},{"@type":"BreadcrumbList","@id":"https:\/\/talkpal.ai\/et\/valgevene-grammatika\/#breadcrumb","itemListElement":[{"@type":"ListItem","position":1,"name":"Homepage","item":"https:\/\/talkpal.ai\/et\/"},{"@type":"ListItem","position":2,"name":"Valgevene grammatika"}]},{"@type":"WebSite","@id":"https:\/\/talkpal.ai\/et\/#website","url":"https:\/\/talkpal.ai\/et\/","name":"Talkpal","description":"AI Language Learning","publisher":{"@id":"https:\/\/talkpal.ai\/et\/#organization"},"alternateName":"Talkpal AI","potentialAction":[{"@type":"SearchAction","target":{"@type":"EntryPoint","urlTemplate":"https:\/\/talkpal.ai\/et\/?s={search_term_string}"},"query-input":{"@type":"PropertyValueSpecification","valueRequired":true,"valueName":"search_term_string"}}],"inLanguage":"et"},{"@type":"Organization","@id":"https:\/\/talkpal.ai\/et\/#organization","name":"Talkpal, Inc.","alternateName":"Talkpal AI","url":"https:\/\/talkpal.ai\/et\/","logo":{"@type":"ImageObject","inLanguage":"et","@id":"https:\/\/talkpal.ai\/et\/#\/schema\/logo\/image\/","url":"https:\/\/talkpal.ai\/wp-content\/uploads\/2024\/03\/Talkpal-Logo-Icon.png","contentUrl":"https:\/\/talkpal.ai\/wp-content\/uploads\/2024\/03\/Talkpal-Logo-Icon.png","width":2880,"height":2880,"caption":"Talkpal, Inc."},"image":{"@id":"https:\/\/talkpal.ai\/et\/#\/schema\/logo\/image\/"},"sameAs":["https:\/\/www.facebook.com\/profile.php?id=100090733639311","https:\/\/x.com\/talkpalai","https:\/\/www.linkedin.com\/company\/talkpal\/","https:\/\/www.youtube.com\/@TalkPal\/","https:\/\/www.tiktok.com\/@talkpal","https:\/\/www.instagram.com\/talkpal_ai\/","https:\/\/www.crunchbase.com\/organization\/talkpal-9cde","https:\/\/www.g2.com\/products\/talkpal-for-business\/","https:\/\/www.trustpilot.com\/review\/talkpal.ai","https:\/\/www.capterra.com\/p\/10006800\/TalkPal\/"],"description":"Talkpal is a language learning web and mobile education app, powered by the latest AI technologies, that provides engaging experiences to its customers in many different languages to help them improve their language skills. Users can chat about unlimited amount of topics with the app and use other modes to practice their language learning.","email":"support@talkpal.ai","legalName":"Talkpal, Inc.","foundingDate":"2023-04-03","duns":"118989042","numberOfEmployees":{"@type":"QuantitativeValue","minValue":"11","maxValue":"50"},"publishingPrinciples":"https:\/\/talkpal.ai\/publishing-principles\/","actionableFeedbackPolicy":"https:\/\/talkpal.ai\/actionable-feedback-policy\/","correctionsPolicy":"https:\/\/talkpal.ai\/corrections-policy\/","ethicsPolicy":"https:\/\/talkpal.ai\/ethics-policy\/","diversityPolicy":"https:\/\/talkpal.ai\/diversity-policy\/","diversityStaffingReport":"https:\/\/talkpal.ai\/diversity-policy\/"}]}},"_links":{"self":[{"href":"https:\/\/talkpal.ai\/et\/wp-json\/wp\/v2\/pages\/140992","targetHints":{"allow":["GET"]}}],"collection":[{"href":"https:\/\/talkpal.ai\/et\/wp-json\/wp\/v2\/pages"}],"about":[{"href":"https:\/\/talkpal.ai\/et\/wp-json\/wp\/v2\/types\/page"}],"author":[{"embeddable":true,"href":"https:\/\/talkpal.ai\/et\/wp-json\/wp\/v2\/users\/1"}],"replies":[{"embeddable":true,"href":"https:\/\/talkpal.ai\/et\/wp-json\/wp\/v2\/comments?post=140992"}],"version-history":[{"count":0,"href":"https:\/\/talkpal.ai\/et\/wp-json\/wp\/v2\/pages\/140992\/revisions"}],"wp:featuredmedia":[{"embeddable":true,"href":"https:\/\/talkpal.ai\/et\/wp-json\/wp\/v2\/media\/110635"}],"wp:attachment":[{"href":"https:\/\/talkpal.ai\/et\/wp-json\/wp\/v2\/media?parent=140992"}],"curies":[{"name":"wp","href":"https:\/\/api.w.org\/{rel}","templated":true}]}}