{"id":140692,"date":"2023-05-14T13:59:24","date_gmt":"2023-05-14T13:59:24","guid":{"rendered":"http:\/\/talkpal.ai\/afrikaani-grammatika\/"},"modified":"2025-05-22T19:04:50","modified_gmt":"2025-05-22T19:04:50","slug":"afrikaani-grammatika","status":"publish","type":"page","link":"https:\/\/talkpal.ai\/et\/afrikaani-grammatika\/","title":{"rendered":"Afrikaani grammatika"},"content":{"rendered":"\r\n\r\n\r\n<section class=\"languageChallengeSection\">\r\n    <div class=\"languageInfoWrapper\">\r\n        \r\n        <h1>Afrikaani grammatika<\/h1>\r\n        <p>Avastage afrikaansi keele sirgjooneline ilu, \u00f5ppides selle p\u00f5hilisi grammatikareegleid. Aafrika keele <a href=\"https:\/\/talkpal.ai\/greek-grammar\/\">grammatika<\/a> omandamine annab teile v\u00f5imaluse t\u00f5husalt suhelda ja nautida selle k\u00f5nelejate rikkalikku kultuuri. Alustage oma grammatilist teekonda juba t\u00e4na ja astuge esimene samm keeleoskusele!<\/p>\r\n\r\n                            <a class=\"getStartedHidden\" href=\"https:\/\/app.talkpal.ai\/et\/signup?lng=\">Alusta<\/a>\r\n        \r\n    <\/div>\r\n\r\n    <figure>\r\n    <img decoding=\"async\" width=\"768\" height=\"768\" src=\"https:\/\/talkpal.ai\/wp-content\/uploads\/2023\/06\/TalkPal-Afrikaans-768x768.png\" class=\"languageImage no-lazy\" alt=\"Language learning for global awareness\" fetchpriority=\"high\" sizes=\"(max-width: 768px) 150px, 768px\" srcset=\"https:\/\/talkpal.ai\/wp-content\/uploads\/2023\/06\/TalkPal-Afrikaans-768x768.png 768w, https:\/\/talkpal.ai\/wp-content\/uploads\/2023\/06\/TalkPal-Afrikaans-300x300.png 300w\" \/>\r\n    \r\n\r\n    <\/figure>\r\n\r\n            <a class=\"getStartedVisible\" href=\"https:\/\/app.talkpal.ai\/et\/signup?lng=\">Alusta<\/a>\r\n    \r\n<\/section>\r\n<section class=\"promotionalBanner\">\r\n    <p class=\"promotionalText\">K\u00f5ige t\u00f5husam viis keele \u00f5ppimiseks<\/p>\r\n    <a class=\"promotionalLink\" href=\"https:\/\/app.talkpal.ai\/et\/signup?lng=\">Proovige Talkpal tasuta<\/a>\r\n<\/section>\n<div class=\"wp-block-group pageContainerStyle\"><div class=\"wp-block-group__inner-container is-layout-constrained wp-block-group-is-layout-constrained\">\n<h2 class=\"wp-block-heading\" id=\"h-mastering-afrikaans-grammar-your-ultimate-guide\">Afrikaani grammatika valdamine: teie \u00fclim juhend<\/h2>\n\n\n\n<p><strong>Goeie dag<\/strong>, <a href=\"https:\/\/talkpal.ai\/talkpal-discount-for-language-enthusiasts\/\">keelehuvilised<\/a>! Kas olete valmis <a href=\"https:\/\/talkpal.ai\/ko\/ai-%ec%96%b8%ec%96%b4-%ea%b5%90%ec%82%ac\/\">alustama<\/a> teekonda <a href=\"https:\/\/talkpal.ai\/es\/gramatica-afrikaans\/\">afrikaani keele grammatika<\/a> maailma? Olete j\u00f5udnud \u00f5igesse kohta. See artikkel, mis on t\u00e4is kergesti m\u00f5istetavat teavet ja vestluslikku tooni, juhatab teid l\u00e4bi afrikaani grammatika p\u00f5neva valdkonna. Peagi suudate te luua lauseid ja pidada emakeelena k\u00f5nelejatega sisukaid vestlusi. Niisiis, alustame!<\/p>\n\n\n\n<p><strong>Aga k\u00f5igepealt, miks afrikaani grammatika?<\/strong><\/p>\n\n\n\n<p>Kui \u00f5pite aafrika keelt, on grammatika tugev alus v\u00e4ga oluline, et vabalt r\u00e4\u00e4kida, lugeda ja kirjutada. Kuigi afrikaansikeelne grammatika v\u00f5ib esialgu tunduda keeruline, on see suhteliselt lihtne, kui seda v\u00e4iksemateks, paremini hallatavateks osadeks jaotada. Nii et alustame oma teekonda aafrika keele grammatika omandamise suunas!<\/p>\n\n\n\n<h3 class=\"wp-block-heading\" id=\"h-1-nouns-gender-and-articles\">1. Nimis\u00f5nad, sugu ja artiklid<\/h3>\n\n\n\n<p>Erinevalt paljudest teistest keeltest ei ole afrikaani nimis\u00f5nadel sugu, mist\u00f5ttu on neid lihtsam \u00f5ppida. M\u00e4\u00e4ratletud artiklit &#8220;die&#8221; (the) kasutatakse k\u00f5igi nimis\u00f5nade puhul, samas kui m\u00e4\u00e4ramata artiklid &#8221; &#8216;n &#8221; v\u00f5i &#8220;een&#8221; (a\/an) on samuti sooneutraalsed.  <\/p>\n\n\n\n<p>N\u00e4iteks:<\/p>\n\n\n\n<p>&#8211; die hond (koer)<\/p>\n\n\n\n<p>&#8211; &#8216;n hond (koer)<\/p>\n\n\n\n<h3 class=\"wp-block-heading\" id=\"h-2-adjectives\">2. Omaduss\u00f5nad<\/h3>\n\n\n\n<p>Afrikaani keeles eelnevad omaduss\u00f5nad tavaliselt nimis\u00f5nale, mida nad muudavad, ja n\u00f5ustuvad nimis\u00f5naga arvus. Omaduss\u00f5nadel puudub sooline kokkulepe. N\u00e4iteks:<\/p>\n\n\n\n<p>&#8211; &#8216;n groot huis (suur maja)<\/p>\n\n\n\n<p>&#8211; twee groot huise (kaks suurt maja)<\/p>\n\n\n\n<p>M\u00f5ne omaduss\u00f5na puhul on mitmuse kirjeldamisel vaja t\u00e4iendavat &#8220;-e&#8221;:<\/p>\n\n\n\n<p>&#8211; &#8216;n ou man (vana mees)<\/p>\n\n\n\n<p>&#8211; twee ou manne (kaks vana meest)<\/p>\n\n\n\n<h3 class=\"wp-block-heading\" id=\"h-3-verbs-and-tense\">3. Tegus\u00f5nad ja pingeline<\/h3>\n\n\n\n<p>Afrikaani verbe on suhteliselt lihtne \u00f5ppida, kuna neid ei konjugeerita lause teema p\u00f5hjal. Samuti on afrikaanidel v\u00e4hem ajavorme kui paljudes teistes keeltes. Et anda teile aimu afrikaani verbidest, arutame korrap\u00e4raseid verbe oleviku ajas:<\/p>\n\n\n\n<p>&#8211; Ek <a href=\"https:\/\/talkpal.ai\/locations\/language-courses-in-leer\/\">leer<\/a> (ma \u00f5pin)<\/p>\n\n\n\n<p>&#8211; Jy\/u leer (sa \u00f5pid, mitteametlik\/formaalne)<\/p>\n\n\n\n<p>&#8211; Hy\/sy\/dit leer (ta\/see\/see \u00f5pib)<\/p>\n\n\n\n<p>&#8211; Ons\/julle leer (me\/te k\u00f5ik \u00f5pime)<\/p>\n\n\n\n<p>&#8211; Hulle leer (nad \u00f5pivad)<\/p>\n\n\n\n<p>Pidage meeles, et see on vaid j\u00e4\u00e4m\u00e4e tipp! \u00d5pingute edenedes puutute kokku mitmesuguste muude ajavormide ja ebaregulaarsete tegus\u00f5nadega.<\/p>\n\n\n\n<h3 class=\"wp-block-heading\" id=\"h-4-pronouns-prepositions-and-more\">4. Ases\u00f5nad, eess\u00f5nad ja palju muud!<\/h3>\n\n\n\n<p>Afrikaani grammatika h\u00f5lmab muid komponente, nagu ases\u00f5nad (ek, jy, hy, sy jne), eess\u00f5nad (in, op, met jne) ja idiomaatilised v\u00e4ljendid. Keele \u00f5ppimise k\u00e4igus peate omandama k\u00f5ik need elemendid, et saavutada sujuv keeleoskus.<\/p>\n\n\n\n<p>Kokkuv\u00f5tteks v\u00f5ib \u00f6elda, et afrikaani grammatika valdamine n\u00f5uab p\u00fcsivust, harjutamist ja kannatlikkust. Aga kui olete keele keerukused selgeks saanud, siis on teil hea v\u00f5imalus vestelda emakeele k\u00f5nelejatega, kogeda afrikaansikeelse maailma rikkalikku kultuuri ja ajalugu ning s\u00fcvendada oma armastust selle keele vastu. Sterkte (palju \u00f5nne)!<\/p>\n<\/div><\/div>\n\r\n<section class=\"learnNavigationSection\">\r\n            \r\n        <a href=\"https:\/\/talkpal.ai\/et\/opi-afrikaani-keelt\/\">\r\n            <div class=\"learnNavigationWrapper\">\r\n                <div class=\"learnNavigationContent\">\r\n                    <img decoding=\"async\" src=\"https:\/\/talkpal.ai\/wp-content\/uploads\/2024\/08\/Afrikaans.jpg\" alt=\"South Africa Flag\">\r\n                    <div>\r\n                        <h4>Afrikaansi \u00f5ppimise kohta<\/h4>\r\n                        <p>Uuri k\u00f5ike afrikaani keele grammatika kohta.<\/p>\r\n                    <\/div>\r\n                <\/div>\r\n            <\/div>\r\n        <\/a>\r\n\r\n        \r\n        <a href=\"https:\/\/talkpal.ai\/et\/afrikaani-grammatika-harjutused\/\">\r\n            <div class=\"learnNavigationWrapper\">\r\n                <div class=\"learnNavigationContent\">\r\n                    <img decoding=\"async\" src=\"https:\/\/talkpal.ai\/wp-content\/uploads\/2024\/08\/Afrikaans.jpg\" alt=\"South Africa Flag\">\r\n                    <div>\r\n                        <h4>Afrikaansi keele grammatika harjutus<\/h4>\r\n                        <p>Harjutage afrikaani grammatikat.<\/p>\r\n                    <\/div>\r\n                <\/div>\r\n            <\/div>\r\n        <\/a>\r\n\r\n        \r\n        <a href=\"https:\/\/talkpal.ai\/vocabulary_language\/afrikaans\/\">\r\n            <div class=\"learnNavigationWrapper\">\r\n                <div class=\"learnNavigationContent\">\r\n                    <img decoding=\"async\" src=\"https:\/\/talkpal.ai\/wp-content\/uploads\/2024\/08\/Afrikaans.jpg\" alt=\"South Africa Flag\">\r\n                    <div>\r\n                        <h4>Aafrika keele s\u00f5navara<\/h4>\r\n                        <p>Laiendage oma afrikaansikeelset s\u00f5navara.<\/p>\r\n                    <\/div>\r\n                <\/div>\r\n            <\/div>\r\n        <\/a>\r\n\r\n            <\/section>","protected":false},"excerpt":{"rendered":"<p>Afrikaani grammatika valdamine: teie \u00fclim juhend Goeie dag, keelehuvilised! Kas olete valmis alustama teekonda afrikaani keele grammatika maailma? Olete j\u00f5udnud \u00f5igesse kohta. See artikkel, mis on t\u00e4is kergesti m\u00f5istetavat teavet ja vestluslikku tooni, juhatab teid l\u00e4bi afrikaani grammatika p\u00f5neva valdkonna. Peagi suudate te luua lauseid ja pidada emakeelena k\u00f5nelejatega sisukaid vestlusi. Niisiis, alustame! Aga k\u00f5igepealt, [&hellip;]<\/p>\n","protected":false},"author":1,"featured_media":108959,"parent":0,"menu_order":0,"comment_status":"closed","ping_status":"closed","template":"LearningContentPage.php","meta":{"_acf_changed":false,"footnotes":""},"class_list":["post-140692","page","type-page","status-publish","has-post-thumbnail","hentry"],"acf":[],"yoast_head":"<!-- This site is optimized with the Yoast SEO Premium plugin v27.2 (Yoast SEO v27.2) - https:\/\/yoast.com\/product\/yoast-seo-premium-wordpress\/ -->\n<title>Afrikaani grammatika - Talkpal<\/title>\n<meta name=\"description\" content=\"Avastage aafrika keele grammatikat meie algajatele m\u00f5eldud juhendi abil. Meisterdage lauseehitust ja suurendage oma vestlusoskusi.\" \/>\n<meta name=\"robots\" content=\"index, follow, max-snippet:-1, max-image-preview:large, max-video-preview:-1\" \/>\n<link rel=\"canonical\" href=\"https:\/\/talkpal.ai\/et\/afrikaani-grammatika\/\" \/>\n<meta property=\"og:locale\" content=\"et_EE\" \/>\n<meta property=\"og:type\" content=\"article\" \/>\n<meta property=\"og:title\" content=\"Afrikaani grammatika\" \/>\n<meta property=\"og:description\" content=\"Afrikaani grammatika valdamine: teie \u00fclim juhend Goeie dag, keelehuvilised! Kas olete valmis alustama teekonda afrikaani keele grammatika maailma? Olete\" \/>\n<meta property=\"og:url\" content=\"https:\/\/talkpal.ai\/et\/afrikaani-grammatika\/\" \/>\n<meta property=\"og:site_name\" content=\"Talkpal\" \/>\n<meta property=\"article:publisher\" content=\"https:\/\/www.facebook.com\/profile.php?id=100090733639311\" \/>\n<meta property=\"article:modified_time\" content=\"2025-05-22T19:04:50+00:00\" \/>\n<meta property=\"og:image\" content=\"https:\/\/talkpal.ai\/wp-content\/uploads\/2023\/05\/south-africa.png\" \/>\n\t<meta property=\"og:image:width\" content=\"512\" \/>\n\t<meta property=\"og:image:height\" content=\"512\" \/>\n\t<meta property=\"og:image:type\" content=\"image\/png\" \/>\n<meta name=\"twitter:card\" content=\"summary_large_image\" \/>\n<meta name=\"twitter:site\" content=\"@talkpalai\" \/>\n<meta name=\"twitter:label1\" content=\"Est. reading time\" \/>\n\t<meta name=\"twitter:data1\" content=\"2 minutit\" \/>\n<script type=\"application\/ld+json\" class=\"yoast-schema-graph\">{\"@context\":\"https:\/\/schema.org\",\"@graph\":[{\"@type\":\"WebPage\",\"@id\":\"https:\/\/talkpal.ai\/et\/afrikaani-grammatika\/\",\"url\":\"https:\/\/talkpal.ai\/et\/afrikaani-grammatika\/\",\"name\":\"Afrikaani grammatika - Talkpal\",\"isPartOf\":{\"@id\":\"https:\/\/talkpal.ai\/et\/#website\"},\"primaryImageOfPage\":{\"@id\":\"https:\/\/talkpal.ai\/et\/afrikaani-grammatika\/#primaryimage\"},\"image\":{\"@id\":\"https:\/\/talkpal.ai\/et\/afrikaani-grammatika\/#primaryimage\"},\"thumbnailUrl\":\"https:\/\/talkpal.ai\/wp-content\/uploads\/2023\/05\/south-africa.png\",\"datePublished\":\"2023-05-14T13:59:24+00:00\",\"dateModified\":\"2025-05-22T19:04:50+00:00\",\"description\":\"Avastage aafrika keele grammatikat meie algajatele m\u00f5eldud juhendi abil. Meisterdage lauseehitust ja suurendage oma vestlusoskusi.\",\"breadcrumb\":{\"@id\":\"https:\/\/talkpal.ai\/et\/afrikaani-grammatika\/#breadcrumb\"},\"inLanguage\":\"et\",\"potentialAction\":[{\"@type\":\"ReadAction\",\"target\":[\"https:\/\/talkpal.ai\/et\/afrikaani-grammatika\/\"]}]},{\"@type\":\"ImageObject\",\"inLanguage\":\"et\",\"@id\":\"https:\/\/talkpal.ai\/et\/afrikaani-grammatika\/#primaryimage\",\"url\":\"https:\/\/talkpal.ai\/wp-content\/uploads\/2023\/05\/south-africa.png\",\"contentUrl\":\"https:\/\/talkpal.ai\/wp-content\/uploads\/2023\/05\/south-africa.png\",\"width\":512,\"height\":512},{\"@type\":\"BreadcrumbList\",\"@id\":\"https:\/\/talkpal.ai\/et\/afrikaani-grammatika\/#breadcrumb\",\"itemListElement\":[{\"@type\":\"ListItem\",\"position\":1,\"name\":\"Homepage\",\"item\":\"https:\/\/talkpal.ai\/et\/\"},{\"@type\":\"ListItem\",\"position\":2,\"name\":\"Afrikaani grammatika\"}]},{\"@type\":\"WebSite\",\"@id\":\"https:\/\/talkpal.ai\/et\/#website\",\"url\":\"https:\/\/talkpal.ai\/et\/\",\"name\":\"Talkpal\",\"description\":\"AI Language Learning\",\"publisher\":{\"@id\":\"https:\/\/talkpal.ai\/et\/#organization\"},\"alternateName\":\"Talkpal AI\",\"potentialAction\":[{\"@type\":\"SearchAction\",\"target\":{\"@type\":\"EntryPoint\",\"urlTemplate\":\"https:\/\/talkpal.ai\/et\/?s={search_term_string}\"},\"query-input\":{\"@type\":\"PropertyValueSpecification\",\"valueRequired\":true,\"valueName\":\"search_term_string\"}}],\"inLanguage\":\"et\"},{\"@type\":\"Organization\",\"@id\":\"https:\/\/talkpal.ai\/et\/#organization\",\"name\":\"Talkpal, Inc.\",\"alternateName\":\"Talkpal AI\",\"url\":\"https:\/\/talkpal.ai\/et\/\",\"logo\":{\"@type\":\"ImageObject\",\"inLanguage\":\"et\",\"@id\":\"https:\/\/talkpal.ai\/et\/#\/schema\/logo\/image\/\",\"url\":\"https:\/\/talkpal.ai\/wp-content\/uploads\/2024\/03\/Talkpal-Logo-Icon.png\",\"contentUrl\":\"https:\/\/talkpal.ai\/wp-content\/uploads\/2024\/03\/Talkpal-Logo-Icon.png\",\"width\":2880,\"height\":2880,\"caption\":\"Talkpal, Inc.\"},\"image\":{\"@id\":\"https:\/\/talkpal.ai\/et\/#\/schema\/logo\/image\/\"},\"sameAs\":[\"https:\/\/www.facebook.com\/profile.php?id=100090733639311\",\"https:\/\/x.com\/talkpalai\",\"https:\/\/www.linkedin.com\/company\/talkpal\/\",\"https:\/\/www.youtube.com\/@TalkPal\/\",\"https:\/\/www.tiktok.com\/@talkpal\",\"https:\/\/www.instagram.com\/talkpal_ai\/\",\"https:\/\/www.crunchbase.com\/organization\/talkpal-9cde\",\"https:\/\/www.g2.com\/products\/talkpal-for-business\/\",\"https:\/\/www.trustpilot.com\/review\/talkpal.ai\",\"https:\/\/www.capterra.com\/p\/10006800\/TalkPal\/\"],\"description\":\"Talkpal is a language learning web and mobile education app, powered by the latest AI technologies, that provides engaging experiences to its customers in many different languages to help them improve their language skills. Users can chat about unlimited amount of topics with the app and use other modes to practice their language learning.\",\"email\":\"support@talkpal.ai\",\"legalName\":\"Talkpal, Inc.\",\"foundingDate\":\"2023-04-03\",\"duns\":\"118989042\",\"numberOfEmployees\":{\"@type\":\"QuantitativeValue\",\"minValue\":\"11\",\"maxValue\":\"50\"},\"publishingPrinciples\":\"https:\/\/talkpal.ai\/publishing-principles\/\",\"actionableFeedbackPolicy\":\"https:\/\/talkpal.ai\/actionable-feedback-policy\/\",\"correctionsPolicy\":\"https:\/\/talkpal.ai\/corrections-policy\/\",\"ethicsPolicy\":\"https:\/\/talkpal.ai\/ethics-policy\/\",\"diversityPolicy\":\"https:\/\/talkpal.ai\/diversity-policy\/\",\"diversityStaffingReport\":\"https:\/\/talkpal.ai\/diversity-policy\/\"}]}<\/script>\n<!-- \/ Yoast SEO Premium plugin. -->","yoast_head_json":{"title":"Afrikaani grammatika - Talkpal","description":"Avastage aafrika keele grammatikat meie algajatele m\u00f5eldud juhendi abil. Meisterdage lauseehitust ja suurendage oma vestlusoskusi.","robots":{"index":"index","follow":"follow","max-snippet":"max-snippet:-1","max-image-preview":"max-image-preview:large","max-video-preview":"max-video-preview:-1"},"canonical":"https:\/\/talkpal.ai\/et\/afrikaani-grammatika\/","og_locale":"et_EE","og_type":"article","og_title":"Afrikaani grammatika","og_description":"Afrikaani grammatika valdamine: teie \u00fclim juhend Goeie dag, keelehuvilised! Kas olete valmis alustama teekonda afrikaani keele grammatika maailma? Olete","og_url":"https:\/\/talkpal.ai\/et\/afrikaani-grammatika\/","og_site_name":"Talkpal","article_publisher":"https:\/\/www.facebook.com\/profile.php?id=100090733639311","article_modified_time":"2025-05-22T19:04:50+00:00","og_image":[{"width":512,"height":512,"url":"https:\/\/talkpal.ai\/wp-content\/uploads\/2023\/05\/south-africa.png","type":"image\/png"}],"twitter_card":"summary_large_image","twitter_site":"@talkpalai","twitter_misc":{"Est. reading time":"2 minutit"},"schema":{"@context":"https:\/\/schema.org","@graph":[{"@type":"WebPage","@id":"https:\/\/talkpal.ai\/et\/afrikaani-grammatika\/","url":"https:\/\/talkpal.ai\/et\/afrikaani-grammatika\/","name":"Afrikaani grammatika - Talkpal","isPartOf":{"@id":"https:\/\/talkpal.ai\/et\/#website"},"primaryImageOfPage":{"@id":"https:\/\/talkpal.ai\/et\/afrikaani-grammatika\/#primaryimage"},"image":{"@id":"https:\/\/talkpal.ai\/et\/afrikaani-grammatika\/#primaryimage"},"thumbnailUrl":"https:\/\/talkpal.ai\/wp-content\/uploads\/2023\/05\/south-africa.png","datePublished":"2023-05-14T13:59:24+00:00","dateModified":"2025-05-22T19:04:50+00:00","description":"Avastage aafrika keele grammatikat meie algajatele m\u00f5eldud juhendi abil. Meisterdage lauseehitust ja suurendage oma vestlusoskusi.","breadcrumb":{"@id":"https:\/\/talkpal.ai\/et\/afrikaani-grammatika\/#breadcrumb"},"inLanguage":"et","potentialAction":[{"@type":"ReadAction","target":["https:\/\/talkpal.ai\/et\/afrikaani-grammatika\/"]}]},{"@type":"ImageObject","inLanguage":"et","@id":"https:\/\/talkpal.ai\/et\/afrikaani-grammatika\/#primaryimage","url":"https:\/\/talkpal.ai\/wp-content\/uploads\/2023\/05\/south-africa.png","contentUrl":"https:\/\/talkpal.ai\/wp-content\/uploads\/2023\/05\/south-africa.png","width":512,"height":512},{"@type":"BreadcrumbList","@id":"https:\/\/talkpal.ai\/et\/afrikaani-grammatika\/#breadcrumb","itemListElement":[{"@type":"ListItem","position":1,"name":"Homepage","item":"https:\/\/talkpal.ai\/et\/"},{"@type":"ListItem","position":2,"name":"Afrikaani grammatika"}]},{"@type":"WebSite","@id":"https:\/\/talkpal.ai\/et\/#website","url":"https:\/\/talkpal.ai\/et\/","name":"Talkpal","description":"AI Language Learning","publisher":{"@id":"https:\/\/talkpal.ai\/et\/#organization"},"alternateName":"Talkpal AI","potentialAction":[{"@type":"SearchAction","target":{"@type":"EntryPoint","urlTemplate":"https:\/\/talkpal.ai\/et\/?s={search_term_string}"},"query-input":{"@type":"PropertyValueSpecification","valueRequired":true,"valueName":"search_term_string"}}],"inLanguage":"et"},{"@type":"Organization","@id":"https:\/\/talkpal.ai\/et\/#organization","name":"Talkpal, Inc.","alternateName":"Talkpal AI","url":"https:\/\/talkpal.ai\/et\/","logo":{"@type":"ImageObject","inLanguage":"et","@id":"https:\/\/talkpal.ai\/et\/#\/schema\/logo\/image\/","url":"https:\/\/talkpal.ai\/wp-content\/uploads\/2024\/03\/Talkpal-Logo-Icon.png","contentUrl":"https:\/\/talkpal.ai\/wp-content\/uploads\/2024\/03\/Talkpal-Logo-Icon.png","width":2880,"height":2880,"caption":"Talkpal, Inc."},"image":{"@id":"https:\/\/talkpal.ai\/et\/#\/schema\/logo\/image\/"},"sameAs":["https:\/\/www.facebook.com\/profile.php?id=100090733639311","https:\/\/x.com\/talkpalai","https:\/\/www.linkedin.com\/company\/talkpal\/","https:\/\/www.youtube.com\/@TalkPal\/","https:\/\/www.tiktok.com\/@talkpal","https:\/\/www.instagram.com\/talkpal_ai\/","https:\/\/www.crunchbase.com\/organization\/talkpal-9cde","https:\/\/www.g2.com\/products\/talkpal-for-business\/","https:\/\/www.trustpilot.com\/review\/talkpal.ai","https:\/\/www.capterra.com\/p\/10006800\/TalkPal\/"],"description":"Talkpal is a language learning web and mobile education app, powered by the latest AI technologies, that provides engaging experiences to its customers in many different languages to help them improve their language skills. Users can chat about unlimited amount of topics with the app and use other modes to practice their language learning.","email":"support@talkpal.ai","legalName":"Talkpal, Inc.","foundingDate":"2023-04-03","duns":"118989042","numberOfEmployees":{"@type":"QuantitativeValue","minValue":"11","maxValue":"50"},"publishingPrinciples":"https:\/\/talkpal.ai\/publishing-principles\/","actionableFeedbackPolicy":"https:\/\/talkpal.ai\/actionable-feedback-policy\/","correctionsPolicy":"https:\/\/talkpal.ai\/corrections-policy\/","ethicsPolicy":"https:\/\/talkpal.ai\/ethics-policy\/","diversityPolicy":"https:\/\/talkpal.ai\/diversity-policy\/","diversityStaffingReport":"https:\/\/talkpal.ai\/diversity-policy\/"}]}},"_links":{"self":[{"href":"https:\/\/talkpal.ai\/et\/wp-json\/wp\/v2\/pages\/140692","targetHints":{"allow":["GET"]}}],"collection":[{"href":"https:\/\/talkpal.ai\/et\/wp-json\/wp\/v2\/pages"}],"about":[{"href":"https:\/\/talkpal.ai\/et\/wp-json\/wp\/v2\/types\/page"}],"author":[{"embeddable":true,"href":"https:\/\/talkpal.ai\/et\/wp-json\/wp\/v2\/users\/1"}],"replies":[{"embeddable":true,"href":"https:\/\/talkpal.ai\/et\/wp-json\/wp\/v2\/comments?post=140692"}],"version-history":[{"count":0,"href":"https:\/\/talkpal.ai\/et\/wp-json\/wp\/v2\/pages\/140692\/revisions"}],"wp:featuredmedia":[{"embeddable":true,"href":"https:\/\/talkpal.ai\/et\/wp-json\/wp\/v2\/media\/108959"}],"wp:attachment":[{"href":"https:\/\/talkpal.ai\/et\/wp-json\/wp\/v2\/media?parent=140692"}],"curies":[{"name":"wp","href":"https:\/\/api.w.org\/{rel}","templated":true}]}}