{"id":140060,"date":"2023-05-14T13:53:48","date_gmt":"2023-05-14T13:53:48","guid":{"rendered":"http:\/\/talkpal.ai\/aserbaidzaani-grammatika\/"},"modified":"2025-05-22T08:24:40","modified_gmt":"2025-05-22T08:24:40","slug":"aserbaidzaani-grammatika","status":"publish","type":"page","link":"https:\/\/talkpal.ai\/et\/aserbaidzaani-grammatika\/","title":{"rendered":"Aserbaid\u017eaani grammatika"},"content":{"rendered":"\r\n\r\n\r\n<section class=\"languageChallengeSection\">\r\n    <div class=\"languageInfoWrapper\">\r\n        \r\n        <h1>Aserbaid\u017eaani grammatika<\/h1>\r\n        <p>Kas olete valmis avama <a href=\"https:\/\/talkpal.ai\/learn-azerbaijani\/\">aserbaid\u017eaani<\/a> keele ilu? Sukelduge <a href=\"https:\/\/talkpal.ai\/learn-azerbaijani\/\">aserbaid\u017eaani<\/a> keele grammatikasse ja avastage selle ainulaadne struktuur, alates vokaalide harmooniast kuni v\u00e4ljenduslike verbivormideni. Alustage \u00f5ppimist juba t\u00e4na ja kogege, kuidas grammatika omandamine avab teile tee ladusaks vestluseks ja Aserbaid\u017eaani kultuuri s\u00fcgavamale m\u00f5istmisele!<\/p>\r\n\r\n                            <a class=\"getStartedHidden\" href=\"https:\/\/app.talkpal.ai\/et\/signup?lng=\">Alusta<\/a>\r\n        \r\n    <\/div>\r\n\r\n    <figure>\r\n    <img decoding=\"async\" width=\"768\" height=\"768\" src=\"https:\/\/talkpal.ai\/wp-content\/uploads\/2023\/06\/azerbaijani-768x768.png\" class=\"languageImage no-lazy\" alt=\"Language learning for enhanced cognitive skills\" fetchpriority=\"high\" sizes=\"(max-width: 768px) 150px, 768px\" srcset=\"https:\/\/talkpal.ai\/wp-content\/uploads\/2023\/06\/azerbaijani-768x768.png 768w, https:\/\/talkpal.ai\/wp-content\/uploads\/2023\/06\/azerbaijani-300x300.png 300w\" \/>\r\n    \r\n\r\n    <\/figure>\r\n\r\n            <a class=\"getStartedVisible\" href=\"https:\/\/app.talkpal.ai\/et\/signup?lng=\">Alusta<\/a>\r\n    \r\n<\/section>\r\n<section class=\"promotionalBanner\">\r\n    <p class=\"promotionalText\">K\u00f5ige t\u00f5husam viis keele \u00f5ppimiseks<\/p>\r\n    <a class=\"promotionalLink\" href=\"https:\/\/app.talkpal.ai\/et\/signup?lng=\">Proovige Talkpal tasuta<\/a>\r\n<\/section>\n<div class=\"wp-block-group pageContainerStyle\"><div class=\"wp-block-group__inner-container is-layout-constrained wp-block-group-is-layout-constrained\">\n<h2 class=\"wp-block-heading\" id=\"h-a-comprehensive-guide-to-azerbaijani-grammar\">Aserbaid\u017eaani grammatika p\u00f5hjalik juhend<\/h2>\n\n\n\n<p>Kas olete kunagi m\u00f5elnud aserbaid\u017eaani \u00f5ppimisele? Aserbaid\u017eaani ametliku keelena, mida r\u00e4\u00e4givad miljonid inimesed Kaukaasia piirkonnas, on <a href=\"https:\/\/talkpal.ai\/et\/opi-aserbaidzaani-keel\/\">aserbaid\u017eaani keel<\/a> ainulaadne ja p\u00f5nev keel. Rikkaliku ajaloo, mitmekesise kultuuri ning t\u00fcrgi, <a href=\"https:\/\/talkpal.ai\/learn-russian\/\">vene<\/a> ja <a href=\"https:\/\/talkpal.ai\/learn-persian\/\">p\u00e4rsia<\/a> keelte m\u00f5jutuste seguga aserbaid\u017eaani keel pakub ainulaadset keelekogemust. Kuid \u00e4rge kartke, mu s\u00f5ber! Selles artiklis paljastame <a href=\"https:\/\/talkpal.ai\/azerbaijani-grammar\/\">aserbaid\u017eaani grammatika<\/a> imed, muutes selle k\u00e4ttesaadavaks ja julgen \u00f6elda, et nauditavaks teiesugustele keelehuvilistele.<\/p>\n\n\n\n<p><strong>Alustame, kas alustame?<\/strong><\/p>\n\n\n\n<h3 class=\"wp-block-heading\" id=\"h-1-the-azerbaijani-alphabet-a-fusion-of-beauty-and-simplicity\">1. Aserbaid\u017eaani t\u00e4hestik: ilu ja lihtsuse sulam<\/h3>\n\n\n\n<p>Aserbaid\u017eaani t\u00e4hestik p\u00f5hineb ladina t\u00e4hestikul, mis koosneb 32 t\u00e4hest. \u00c4rge muretsege, te ei pea kr\u00fcptilisi s\u00fcmboleid de\u0161ifreerima, sest see sarnaneb v\u00e4ga sarnaselt <a href=\"https:\/\/talkpal.ai\/learn-english\/\">inglise<\/a> t\u00e4hestikuga. M\u00f5nedel t\u00e4htedel on siiski unikaalsed aktsendid ja diakriitilised m\u00e4rgid, mis esindavad konkreetseid aserbaid\u017eaani helisid. Mis on peamine \u00f5ppetund? T\u00e4hestiku omandamine on esimene v\u00e4ike, kuid oluline samm keele \u00f5ppimisel.<\/p>\n\n\n\n<h3 class=\"wp-block-heading\" id=\"h-2-word-order-simple-as-s-o-v\">2. S\u00f5nade j\u00e4rjekord: lihtne nagu S-O-V!<\/h3>\n\n\n\n<p>Erinevalt inglise keelest, mis j\u00e4rgib subjekti-verbi-objekti (SVO) s\u00f5nade j\u00e4rjekorda, on aserbaid\u017eaani keel SOV-keel. See t\u00e4hendab, et tavaliselt leiate teema lause algusest, millele j\u00e4rgneb objekt ja mis l\u00f5peb verbiga. See v\u00f5ib esialgu tunduda veidi imelik, kuid uskuge mind, te saate sellest kiiresti aru! N\u00e4iteks \u00fctleme inglise keeles &#8220;I love Azerbaijan&#8221;. Aserbaid\u017eaani keeles oleks lause &#8220;M\u0259n Az\u0259rbaycan\u0131 sevir\u0259m&#8221; (s\u00f5na-s\u00f5nalt &#8220;Ma Aserbaid\u017eaani armastan&#8221;). K\u00e4kitegu, eks?<\/p>\n\n\n\n<h3 class=\"wp-block-heading\" id=\"h-3-noun-cases-a-colorful-display-of-linguistic-variety\">3. Nimis\u00f5na juhtumid: keelelise mitmekesisuse v\u00e4rvikas v\u00e4ljapanek<\/h3>\n\n\n\n<p><a href=\"https:\/\/talkpal.ai\/azerbaijani-grammar\/\">Aserbaid\u017eaani grammatika<\/a> \u00fcks silmatorkavamaid tunnuseid on selle nimis\u00f5najuhtumid. Keelel on kuus erinevat juhtumit, millest iga\u00fchel on konkreetne funktsioon. Need on: nominatiivne, genitiivne, datiivne, akusatiivne, lokatiivne ja ablatiivne. See v\u00f5ib tunduda hirmutav, kuid \u00e4rge kartke! Nii nagu erinevate v\u00e4rvidega pildi maalimine, lisavad need juhtumid teie lausetele s\u00fcgavust ja t\u00e4hendust. N\u00e4iteks &#8220;kitab&#8221; (raamat) v\u00f5ib muutuda &#8220;kitab\u0131n&#8221; (raamatust), et anda edasi valdust. Kui tutvute j\u00e4rk-j\u00e4rgult nende juhtumitega, hakkate hindama nende t\u00e4htsust keeles.<\/p>\n\n\n\n<h3 class=\"wp-block-heading\" id=\"h-4-verb-conjugation-express-yourself-with-ease\">4. Verbi konjugatsioon: v\u00e4ljendage ennast h\u00f5lpsalt<\/h3>\n\n\n\n<p>Aserbaid\u017eaani verbid on rikkad ja v\u00e4ljendusrikkad, v\u00f5imaldades teil edastada mitmesuguseid tegevusi, emotsioone, kavatsusi ja palju muud. Aserbaid\u017eaani verbi konjugatsiooni omandamise v\u00f5ti seisneb infinitiivse vormi (verbi p\u00f5hiline, konjugeerimata vorm) ja erinevate sufiksite m\u00f5istmises, mis n\u00e4itavad pinget, isikut ja arvu. N\u00e4iteks infinitiivist &#8220;g\u00f6rm\u0259k&#8221; (n\u00e4ha) v\u00f5ib konjugatsiooni maagia abil saada &#8220;g\u00f6r\u00fcr\u0259m&#8221; (ma n\u00e4en) v\u00f5i &#8220;g\u00f6rd\u00fcm&#8221; (ma n\u00e4gin). Harjutus teeb meistriks, nii et j\u00e4tkake seda ja te saate peagi olema verbi konjugatsioonihuviline!<\/p>\n\n\n\n<h3 class=\"wp-block-heading\" id=\"h-5-it-s-all-about-the-context-dig-deep-into-the-azerbaijani-mindset\">5. K\u00f5ik on seotud kontekstiga: Kaeva s\u00fcgavale Aserbaid\u017eaani m\u00f5tteviisi!<\/h3>\n\n\n\n<p>Kui hakkate lauseid kokku panema ja aserbaid\u017eaani keelde sukelduma, pidage alati meeles, et kontekst on \u00fclioluline. Aserbaid\u017eaani kultuuril, ajalool ja maailmavaatel on keele kujundamisel suur roll. Seega, nagu \u00f6eldakse, &#8220;kui oled Roomas, tee nii nagu roomlased&#8221;. Sukelduge aserbaid\u017eaani m\u00f5tteviisi, et saada keelest t\u00f5eline tunnetus. Suhelge emakeelena k\u00f5nelejatega, uurige kohalikku kirjandust ja v\u00f5tke omaks keele erip\u00e4rad. Uskuge mind, te ei paranda mitte ainult oma keeleoskust, vaid saate ka unustamatuid kogemusi ja m\u00e4lestusi.<\/p>\n\n\n\n<p>Kokkuv\u00f5ttes v\u00f5ib aserbaid\u017eaani keele grammatika tunduda alguses keeruline, kuid p\u00fchendumise, harjutamise ja suure kultuurihuviga saate sellest keelest kiiresti profi! Miks siis oodata? Astuge samm ja alustage seda p\u00f5nevat keelelist seiklust, mis j\u00e4tab teid aukartusesse aserbaid\u017eaani keele ilu ja s\u00fcgavuse ees.<\/p>\n<\/div><\/div>\n\r\n<section class=\"learnNavigationSection\">\r\n            \r\n        <a href=\"https:\/\/talkpal.ai\/et\/opi-aserbaidzaani-keel\/\">\r\n            <div class=\"learnNavigationWrapper\">\r\n                <div class=\"learnNavigationContent\">\r\n                    <img decoding=\"async\" src=\"https:\/\/talkpal.ai\/wp-content\/uploads\/2024\/08\/Azerbaijani.jpg\" alt=\"Azerbaijani Flag\">\r\n                    <div>\r\n                        <h4>Aserbaid\u017eaani \u00f5ppimise kohta<\/h4>\r\n                        <p>Uuri k\u00f5ike aserbaid\u017eaani grammatika kohta.<\/p>\r\n                    <\/div>\r\n                <\/div>\r\n            <\/div>\r\n        <\/a>\r\n\r\n        \r\n        <a href=\"https:\/\/talkpal.ai\/et\/aserbaidzaani-grammatika-harjutused\/\">\r\n            <div class=\"learnNavigationWrapper\">\r\n                <div class=\"learnNavigationContent\">\r\n                    <img decoding=\"async\" src=\"https:\/\/talkpal.ai\/wp-content\/uploads\/2024\/08\/Azerbaijani.jpg\" alt=\"Azerbaijani Flag\">\r\n                    <div>\r\n                        <h4>Aserbaid\u017eaani keele grammatika harjutus<\/h4>\r\n                        <p>Harjutage aserbaid\u017eaani grammatikat.<\/p>\r\n                    <\/div>\r\n                <\/div>\r\n            <\/div>\r\n        <\/a>\r\n\r\n        \r\n        <a href=\"https:\/\/talkpal.ai\/vocabulary_language\/azerbaijani\/\">\r\n            <div class=\"learnNavigationWrapper\">\r\n                <div class=\"learnNavigationContent\">\r\n                    <img decoding=\"async\" src=\"https:\/\/talkpal.ai\/wp-content\/uploads\/2024\/08\/Azerbaijani.jpg\" alt=\"Azerbaijani Flag\">\r\n                    <div>\r\n                        <h4>Aserbaid\u017eaani s\u00f5navara<\/h4>\r\n                        <p>Laiendage oma aserbaid\u017eaani keele s\u00f5navara.<\/p>\r\n                    <\/div>\r\n                <\/div>\r\n            <\/div>\r\n        <\/a>\r\n\r\n            <\/section>","protected":false},"excerpt":{"rendered":"<p>Aserbaid\u017eaani grammatika p\u00f5hjalik juhend Kas olete kunagi m\u00f5elnud aserbaid\u017eaani \u00f5ppimisele? Aserbaid\u017eaani ametliku keelena, mida r\u00e4\u00e4givad miljonid inimesed Kaukaasia piirkonnas, on aserbaid\u017eaani keel ainulaadne ja p\u00f5nev keel. Rikkaliku ajaloo, mitmekesise kultuuri ning t\u00fcrgi, vene ja p\u00e4rsia keelte m\u00f5jutuste seguga aserbaid\u017eaani keel pakub ainulaadset keelekogemust. Kuid \u00e4rge kartke, mu s\u00f5ber! Selles artiklis paljastame aserbaid\u017eaani grammatika imed, muutes [&hellip;]<\/p>\n","protected":false},"author":1,"featured_media":109438,"parent":0,"menu_order":0,"comment_status":"closed","ping_status":"closed","template":"LearningContentPage.php","meta":{"_acf_changed":false,"footnotes":""},"class_list":["post-140060","page","type-page","status-publish","has-post-thumbnail","hentry"],"acf":[],"yoast_head":"<!-- This site is optimized with the Yoast SEO Premium plugin v27.2 (Yoast SEO v27.2) - https:\/\/yoast.com\/product\/yoast-seo-premium-wordpress\/ -->\n<title>Aserbaid\u017eaani grammatika - Talkpal<\/title>\n<meta name=\"description\" content=\"Meisterda Aserbaid\u017eaani keele grammatika vaevata koos Talkpal, teie tehisintellektip\u00f5hise juhendajaga. Avastage lihtsad selgitused, interaktiivsed harjutused ja praktilised n\u00e4pun\u00e4ited\" \/>\n<meta name=\"robots\" content=\"index, follow, max-snippet:-1, max-image-preview:large, max-video-preview:-1\" \/>\n<link rel=\"canonical\" href=\"https:\/\/talkpal.ai\/et\/aserbaidzaani-grammatika\/\" \/>\n<meta property=\"og:locale\" content=\"et_EE\" \/>\n<meta property=\"og:type\" content=\"article\" \/>\n<meta property=\"og:title\" content=\"Aserbaid\u017eaani grammatika\" \/>\n<meta property=\"og:description\" content=\"Aserbaid\u017eaani grammatika p\u00f5hjalik juhend Kas olete kunagi m\u00f5elnud aserbaid\u017eaani \u00f5ppimisele? Aserbaid\u017eaani ametliku keelena, mida r\u00e4\u00e4givad miljonid\" \/>\n<meta property=\"og:url\" content=\"https:\/\/talkpal.ai\/et\/aserbaidzaani-grammatika\/\" \/>\n<meta property=\"og:site_name\" content=\"Talkpal\" \/>\n<meta property=\"article:publisher\" content=\"https:\/\/www.facebook.com\/profile.php?id=100090733639311\" \/>\n<meta property=\"article:modified_time\" content=\"2025-05-22T08:24:40+00:00\" \/>\n<meta property=\"og:image\" content=\"https:\/\/talkpal.ai\/wp-content\/uploads\/2023\/05\/azerbaijan.png\" \/>\n\t<meta property=\"og:image:width\" content=\"512\" \/>\n\t<meta property=\"og:image:height\" content=\"512\" \/>\n\t<meta property=\"og:image:type\" content=\"image\/png\" \/>\n<meta name=\"twitter:card\" content=\"summary_large_image\" \/>\n<meta name=\"twitter:site\" content=\"@talkpalai\" \/>\n<meta name=\"twitter:label1\" content=\"Est. reading time\" \/>\n\t<meta name=\"twitter:data1\" content=\"3 minutit\" \/>\n<script type=\"application\/ld+json\" class=\"yoast-schema-graph\">{\"@context\":\"https:\/\/schema.org\",\"@graph\":[{\"@type\":\"WebPage\",\"@id\":\"https:\/\/talkpal.ai\/et\/aserbaidzaani-grammatika\/\",\"url\":\"https:\/\/talkpal.ai\/et\/aserbaidzaani-grammatika\/\",\"name\":\"Aserbaid\u017eaani grammatika - Talkpal\",\"isPartOf\":{\"@id\":\"https:\/\/talkpal.ai\/et\/#website\"},\"primaryImageOfPage\":{\"@id\":\"https:\/\/talkpal.ai\/et\/aserbaidzaani-grammatika\/#primaryimage\"},\"image\":{\"@id\":\"https:\/\/talkpal.ai\/et\/aserbaidzaani-grammatika\/#primaryimage\"},\"thumbnailUrl\":\"https:\/\/talkpal.ai\/wp-content\/uploads\/2023\/05\/azerbaijan.png\",\"datePublished\":\"2023-05-14T13:53:48+00:00\",\"dateModified\":\"2025-05-22T08:24:40+00:00\",\"description\":\"Meisterda Aserbaid\u017eaani keele grammatika vaevata koos Talkpal, teie tehisintellektip\u00f5hise juhendajaga. Avastage lihtsad selgitused, interaktiivsed harjutused ja praktilised n\u00e4pun\u00e4ited\",\"breadcrumb\":{\"@id\":\"https:\/\/talkpal.ai\/et\/aserbaidzaani-grammatika\/#breadcrumb\"},\"inLanguage\":\"et\",\"potentialAction\":[{\"@type\":\"ReadAction\",\"target\":[\"https:\/\/talkpal.ai\/et\/aserbaidzaani-grammatika\/\"]}]},{\"@type\":\"ImageObject\",\"inLanguage\":\"et\",\"@id\":\"https:\/\/talkpal.ai\/et\/aserbaidzaani-grammatika\/#primaryimage\",\"url\":\"https:\/\/talkpal.ai\/wp-content\/uploads\/2023\/05\/azerbaijan.png\",\"contentUrl\":\"https:\/\/talkpal.ai\/wp-content\/uploads\/2023\/05\/azerbaijan.png\",\"width\":512,\"height\":512},{\"@type\":\"BreadcrumbList\",\"@id\":\"https:\/\/talkpal.ai\/et\/aserbaidzaani-grammatika\/#breadcrumb\",\"itemListElement\":[{\"@type\":\"ListItem\",\"position\":1,\"name\":\"Homepage\",\"item\":\"https:\/\/talkpal.ai\/et\/\"},{\"@type\":\"ListItem\",\"position\":2,\"name\":\"Aserbaid\u017eaani grammatika\"}]},{\"@type\":\"WebSite\",\"@id\":\"https:\/\/talkpal.ai\/et\/#website\",\"url\":\"https:\/\/talkpal.ai\/et\/\",\"name\":\"Talkpal\",\"description\":\"AI Language Learning\",\"publisher\":{\"@id\":\"https:\/\/talkpal.ai\/et\/#organization\"},\"alternateName\":\"Talkpal AI\",\"potentialAction\":[{\"@type\":\"SearchAction\",\"target\":{\"@type\":\"EntryPoint\",\"urlTemplate\":\"https:\/\/talkpal.ai\/et\/?s={search_term_string}\"},\"query-input\":{\"@type\":\"PropertyValueSpecification\",\"valueRequired\":true,\"valueName\":\"search_term_string\"}}],\"inLanguage\":\"et\"},{\"@type\":\"Organization\",\"@id\":\"https:\/\/talkpal.ai\/et\/#organization\",\"name\":\"Talkpal, Inc.\",\"alternateName\":\"Talkpal AI\",\"url\":\"https:\/\/talkpal.ai\/et\/\",\"logo\":{\"@type\":\"ImageObject\",\"inLanguage\":\"et\",\"@id\":\"https:\/\/talkpal.ai\/et\/#\/schema\/logo\/image\/\",\"url\":\"https:\/\/talkpal.ai\/wp-content\/uploads\/2024\/03\/Talkpal-Logo-Icon.png\",\"contentUrl\":\"https:\/\/talkpal.ai\/wp-content\/uploads\/2024\/03\/Talkpal-Logo-Icon.png\",\"width\":2880,\"height\":2880,\"caption\":\"Talkpal, Inc.\"},\"image\":{\"@id\":\"https:\/\/talkpal.ai\/et\/#\/schema\/logo\/image\/\"},\"sameAs\":[\"https:\/\/www.facebook.com\/profile.php?id=100090733639311\",\"https:\/\/x.com\/talkpalai\",\"https:\/\/www.linkedin.com\/company\/talkpal\/\",\"https:\/\/www.youtube.com\/@TalkPal\/\",\"https:\/\/www.tiktok.com\/@talkpal\",\"https:\/\/www.instagram.com\/talkpal_ai\/\",\"https:\/\/www.crunchbase.com\/organization\/talkpal-9cde\",\"https:\/\/www.g2.com\/products\/talkpal-for-business\/\",\"https:\/\/www.trustpilot.com\/review\/talkpal.ai\",\"https:\/\/www.capterra.com\/p\/10006800\/TalkPal\/\"],\"description\":\"Talkpal is a language learning web and mobile education app, powered by the latest AI technologies, that provides engaging experiences to its customers in many different languages to help them improve their language skills. Users can chat about unlimited amount of topics with the app and use other modes to practice their language learning.\",\"email\":\"support@talkpal.ai\",\"legalName\":\"Talkpal, Inc.\",\"foundingDate\":\"2023-04-03\",\"duns\":\"118989042\",\"numberOfEmployees\":{\"@type\":\"QuantitativeValue\",\"minValue\":\"11\",\"maxValue\":\"50\"},\"publishingPrinciples\":\"https:\/\/talkpal.ai\/publishing-principles\/\",\"actionableFeedbackPolicy\":\"https:\/\/talkpal.ai\/actionable-feedback-policy\/\",\"correctionsPolicy\":\"https:\/\/talkpal.ai\/corrections-policy\/\",\"ethicsPolicy\":\"https:\/\/talkpal.ai\/ethics-policy\/\",\"diversityPolicy\":\"https:\/\/talkpal.ai\/diversity-policy\/\",\"diversityStaffingReport\":\"https:\/\/talkpal.ai\/diversity-policy\/\"}]}<\/script>\n<!-- \/ Yoast SEO Premium plugin. -->","yoast_head_json":{"title":"Aserbaid\u017eaani grammatika - Talkpal","description":"Meisterda Aserbaid\u017eaani keele grammatika vaevata koos Talkpal, teie tehisintellektip\u00f5hise juhendajaga. Avastage lihtsad selgitused, interaktiivsed harjutused ja praktilised n\u00e4pun\u00e4ited","robots":{"index":"index","follow":"follow","max-snippet":"max-snippet:-1","max-image-preview":"max-image-preview:large","max-video-preview":"max-video-preview:-1"},"canonical":"https:\/\/talkpal.ai\/et\/aserbaidzaani-grammatika\/","og_locale":"et_EE","og_type":"article","og_title":"Aserbaid\u017eaani grammatika","og_description":"Aserbaid\u017eaani grammatika p\u00f5hjalik juhend Kas olete kunagi m\u00f5elnud aserbaid\u017eaani \u00f5ppimisele? Aserbaid\u017eaani ametliku keelena, mida r\u00e4\u00e4givad miljonid","og_url":"https:\/\/talkpal.ai\/et\/aserbaidzaani-grammatika\/","og_site_name":"Talkpal","article_publisher":"https:\/\/www.facebook.com\/profile.php?id=100090733639311","article_modified_time":"2025-05-22T08:24:40+00:00","og_image":[{"width":512,"height":512,"url":"https:\/\/talkpal.ai\/wp-content\/uploads\/2023\/05\/azerbaijan.png","type":"image\/png"}],"twitter_card":"summary_large_image","twitter_site":"@talkpalai","twitter_misc":{"Est. reading time":"3 minutit"},"schema":{"@context":"https:\/\/schema.org","@graph":[{"@type":"WebPage","@id":"https:\/\/talkpal.ai\/et\/aserbaidzaani-grammatika\/","url":"https:\/\/talkpal.ai\/et\/aserbaidzaani-grammatika\/","name":"Aserbaid\u017eaani grammatika - Talkpal","isPartOf":{"@id":"https:\/\/talkpal.ai\/et\/#website"},"primaryImageOfPage":{"@id":"https:\/\/talkpal.ai\/et\/aserbaidzaani-grammatika\/#primaryimage"},"image":{"@id":"https:\/\/talkpal.ai\/et\/aserbaidzaani-grammatika\/#primaryimage"},"thumbnailUrl":"https:\/\/talkpal.ai\/wp-content\/uploads\/2023\/05\/azerbaijan.png","datePublished":"2023-05-14T13:53:48+00:00","dateModified":"2025-05-22T08:24:40+00:00","description":"Meisterda Aserbaid\u017eaani keele grammatika vaevata koos Talkpal, teie tehisintellektip\u00f5hise juhendajaga. Avastage lihtsad selgitused, interaktiivsed harjutused ja praktilised n\u00e4pun\u00e4ited","breadcrumb":{"@id":"https:\/\/talkpal.ai\/et\/aserbaidzaani-grammatika\/#breadcrumb"},"inLanguage":"et","potentialAction":[{"@type":"ReadAction","target":["https:\/\/talkpal.ai\/et\/aserbaidzaani-grammatika\/"]}]},{"@type":"ImageObject","inLanguage":"et","@id":"https:\/\/talkpal.ai\/et\/aserbaidzaani-grammatika\/#primaryimage","url":"https:\/\/talkpal.ai\/wp-content\/uploads\/2023\/05\/azerbaijan.png","contentUrl":"https:\/\/talkpal.ai\/wp-content\/uploads\/2023\/05\/azerbaijan.png","width":512,"height":512},{"@type":"BreadcrumbList","@id":"https:\/\/talkpal.ai\/et\/aserbaidzaani-grammatika\/#breadcrumb","itemListElement":[{"@type":"ListItem","position":1,"name":"Homepage","item":"https:\/\/talkpal.ai\/et\/"},{"@type":"ListItem","position":2,"name":"Aserbaid\u017eaani grammatika"}]},{"@type":"WebSite","@id":"https:\/\/talkpal.ai\/et\/#website","url":"https:\/\/talkpal.ai\/et\/","name":"Talkpal","description":"AI Language Learning","publisher":{"@id":"https:\/\/talkpal.ai\/et\/#organization"},"alternateName":"Talkpal AI","potentialAction":[{"@type":"SearchAction","target":{"@type":"EntryPoint","urlTemplate":"https:\/\/talkpal.ai\/et\/?s={search_term_string}"},"query-input":{"@type":"PropertyValueSpecification","valueRequired":true,"valueName":"search_term_string"}}],"inLanguage":"et"},{"@type":"Organization","@id":"https:\/\/talkpal.ai\/et\/#organization","name":"Talkpal, Inc.","alternateName":"Talkpal AI","url":"https:\/\/talkpal.ai\/et\/","logo":{"@type":"ImageObject","inLanguage":"et","@id":"https:\/\/talkpal.ai\/et\/#\/schema\/logo\/image\/","url":"https:\/\/talkpal.ai\/wp-content\/uploads\/2024\/03\/Talkpal-Logo-Icon.png","contentUrl":"https:\/\/talkpal.ai\/wp-content\/uploads\/2024\/03\/Talkpal-Logo-Icon.png","width":2880,"height":2880,"caption":"Talkpal, Inc."},"image":{"@id":"https:\/\/talkpal.ai\/et\/#\/schema\/logo\/image\/"},"sameAs":["https:\/\/www.facebook.com\/profile.php?id=100090733639311","https:\/\/x.com\/talkpalai","https:\/\/www.linkedin.com\/company\/talkpal\/","https:\/\/www.youtube.com\/@TalkPal\/","https:\/\/www.tiktok.com\/@talkpal","https:\/\/www.instagram.com\/talkpal_ai\/","https:\/\/www.crunchbase.com\/organization\/talkpal-9cde","https:\/\/www.g2.com\/products\/talkpal-for-business\/","https:\/\/www.trustpilot.com\/review\/talkpal.ai","https:\/\/www.capterra.com\/p\/10006800\/TalkPal\/"],"description":"Talkpal is a language learning web and mobile education app, powered by the latest AI technologies, that provides engaging experiences to its customers in many different languages to help them improve their language skills. Users can chat about unlimited amount of topics with the app and use other modes to practice their language learning.","email":"support@talkpal.ai","legalName":"Talkpal, Inc.","foundingDate":"2023-04-03","duns":"118989042","numberOfEmployees":{"@type":"QuantitativeValue","minValue":"11","maxValue":"50"},"publishingPrinciples":"https:\/\/talkpal.ai\/publishing-principles\/","actionableFeedbackPolicy":"https:\/\/talkpal.ai\/actionable-feedback-policy\/","correctionsPolicy":"https:\/\/talkpal.ai\/corrections-policy\/","ethicsPolicy":"https:\/\/talkpal.ai\/ethics-policy\/","diversityPolicy":"https:\/\/talkpal.ai\/diversity-policy\/","diversityStaffingReport":"https:\/\/talkpal.ai\/diversity-policy\/"}]}},"_links":{"self":[{"href":"https:\/\/talkpal.ai\/et\/wp-json\/wp\/v2\/pages\/140060","targetHints":{"allow":["GET"]}}],"collection":[{"href":"https:\/\/talkpal.ai\/et\/wp-json\/wp\/v2\/pages"}],"about":[{"href":"https:\/\/talkpal.ai\/et\/wp-json\/wp\/v2\/types\/page"}],"author":[{"embeddable":true,"href":"https:\/\/talkpal.ai\/et\/wp-json\/wp\/v2\/users\/1"}],"replies":[{"embeddable":true,"href":"https:\/\/talkpal.ai\/et\/wp-json\/wp\/v2\/comments?post=140060"}],"version-history":[{"count":0,"href":"https:\/\/talkpal.ai\/et\/wp-json\/wp\/v2\/pages\/140060\/revisions"}],"wp:featuredmedia":[{"embeddable":true,"href":"https:\/\/talkpal.ai\/et\/wp-json\/wp\/v2\/media\/109438"}],"wp:attachment":[{"href":"https:\/\/talkpal.ai\/et\/wp-json\/wp\/v2\/media?parent=140060"}],"curies":[{"name":"wp","href":"https:\/\/api.w.org\/{rel}","templated":true}]}}