{"id":139789,"date":"2023-05-14T13:52:49","date_gmt":"2023-05-14T13:52:49","guid":{"rendered":"http:\/\/talkpal.ai\/vene-keele-grammatika\/"},"modified":"2025-12-13T15:18:06","modified_gmt":"2025-12-13T15:18:06","slug":"vene-keele-grammatika","status":"publish","type":"page","link":"https:\/\/talkpal.ai\/et\/vene-keele-grammatika\/","title":{"rendered":"Vene keele grammatika"},"content":{"rendered":"\r\n\r\n\r\n<section class=\"languageChallengeSection\">\r\n    <div class=\"languageInfoWrapper\">\r\n        \r\n        <h1>Vene keele grammatika<\/h1>\r\n        <p>Alustage oma seiklust <a href=\"https:\/\/talkpal.ai\/learn-russian\/\">vene<\/a> keelega ja avage uksed rikkalikku kultuuri ja ajalukku. <a href=\"https:\/\/talkpal.ai\/russian-grammar\/\">Vene keele grammatika<\/a> ja s\u00f5navara omandamine parandab teie reisi-, karj\u00e4\u00e4ri- ja suhtlemisv\u00f5imalusi. Alusta vene keele \u00f5ppimist juba t\u00e4na ja astu esimene samm sujuva keeleoskuse suunas!\n\n<\/p>\r\n\r\n                            <a class=\"getStartedHidden\" href=\"https:\/\/app.talkpal.ai\/et\/signup?lng=\">Alusta<\/a>\r\n        \r\n    <\/div>\r\n\r\n    <figure>\r\n    <img decoding=\"async\" width=\"768\" height=\"768\" src=\"https:\/\/talkpal.ai\/wp-content\/uploads\/2023\/06\/russian-768x768.png\" class=\"languageImage no-lazy\" alt=\"Language learning for multicultural understanding\" fetchpriority=\"high\" sizes=\"(max-width: 768px) 150px, 768px\" srcset=\"https:\/\/talkpal.ai\/wp-content\/uploads\/2023\/06\/russian-768x768.png 768w, https:\/\/talkpal.ai\/wp-content\/uploads\/2023\/06\/russian-300x300.png 300w\" \/>\r\n    \r\n\r\n    <\/figure>\r\n\r\n            <a class=\"getStartedVisible\" href=\"https:\/\/app.talkpal.ai\/et\/signup?lng=\">Alusta<\/a>\r\n    \r\n<\/section>\r\n<section class=\"promotionalBanner\">\r\n    <p class=\"promotionalText\">K\u00f5ige t\u00f5husam viis keele \u00f5ppimiseks<\/p>\r\n    <a class=\"promotionalLink\" href=\"https:\/\/app.talkpal.ai\/et\/signup?lng=\">Proovige Talkpal tasuta<\/a>\r\n<\/section>\n<div class=\"wp-block-group pageContainerStyle\"><div class=\"wp-block-group__inner-container is-layout-constrained wp-block-group-is-layout-constrained\">\n<h1 class=\"wp-block-heading\" id=\"h-russian-grammar-unlock-the-secrets-to-mastering-russian\">Vene keele grammatika: avage vene keele valdamise saladused<\/h1>\n\n\n\n<p>\u00d5nnitleme julge sammu astumise puhul vene keele \u00f5ppimise suunas! Rohkem kui 258 miljoni k\u00f5nelejaga kogu maailmas on <a href=\"https:\/\/talkpal.ai\/et\/opi-vene-keel\/\">vene keel<\/a> p\u00f5nev ja rahuldust pakkuv keel, mis pakub sissevaadet rikkasse kultuuri ja ajalukku. Vene keele <a href=\"https:\/\/talkpal.ai\/greek-grammar\/\">grammatika<\/a> puhul v\u00f5ib see tunduda hirmutav, kuid \u00e4rge kartke! See s\u00f5bralik, algajale m\u00f5eldud k\u00e4siraamat selgitab lihtsal ja kaasahaaraval viisil vene keele grammatika p\u00f5hit\u00f5desid.<\/p>\n\n\n\n<h3 class=\"wp-block-heading\" id=\"h-1-the-russian-alphabet-your-starting-point\">1. Vene t\u00e4hestik: teie l\u00e4htepunkt<\/h3>\n\n\n\n<p>Vene grammatika navigeerimise v\u00f5ti on kirillitsa t\u00e4hestiku valdamine. 33 t\u00e4he, 10 t\u00e4ish\u00e4\u00e4liku ja 21 kaash\u00e4\u00e4likuga moodustab see aluse keele lugemiseks, kirjutamiseks ja m\u00f5istmiseks. T\u00e4hestikuga tutvumine loob tugeva aluse oma vene keele grammatikaoskuste arendamiseks.<\/p>\n\n\n\n<h3 class=\"wp-block-heading\" id=\"h-2-nouns-and-cases-the-core-of-russian-grammar\">2. Nimis\u00f5nad ja juhtumid: vene keele grammatika tuum<\/h3>\n\n\n\n<p>Vene grammatika r\u00f5hutab juhtumite kasutamist t\u00e4henduse ja konteksti edastamiseks. Kuue juhtumiga &#8211; nominatiivne, genitiivne, datiivne, akusatiivne, instrumentaalne ja eess\u00f5naline &#8211; muudavad vene nimis\u00f5nad oma l\u00f5ppu, et n\u00e4idata oma funktsiooni lauses. Seega muutub s\u00f5nade j\u00e4rjekord v\u00e4hem kriitiliseks kui <a href=\"https:\/\/talkpal.ai\/learn-english\/\">inglise<\/a> keeles. N\u00e4iteks:<\/p>\n\n\n\n<p><a href=\"https:\/\/talkpal.ai\/learn-english-with-ai\/\">Inglise keel<\/a>: Annan s\u00f5brale raamatu.<\/p>\n\n\n\n<p>Vene keeles: \u042f \u0434\u0430\u044e \u0434\u0440\u0443\u0433\u0443 \u043a\u043d\u0438\u0433\u0443 (Ya dayu drugu knigu)<\/p>\n\n\n\n<p>Siin on &#8220;\u0434\u0440\u0443\u0433\u0443&#8221; (s\u00f5brale) ja &#8220;\u043a\u043d\u0438\u0433\u0443&#8221; (raamat) vastavalt datiivis ja akusatiivis.<\/p>\n\n\n\n<h3 class=\"wp-block-heading\" id=\"h-3-mastering-gender-and-plurals\">3. Soo ja mitmuse omandamine<\/h3>\n\n\n\n<p>Vene grammatikas omistatakse nimis\u00f5nadele \u00fcks kolmest soost: mehelik, naiselik v\u00f5i neuter. Nimis\u00f5na l\u00f5pp n\u00e4itab tavaliselt selle sugu:<\/p>\n\n\n\n<p>&#8211; Maskuliinne: l\u00f5peb konsonandiga v\u00f5i &#8220;-\u0439&#8221;.<\/p>\n\n\n\n<p>&#8211; Feminiin: l\u00f5peb &#8220;-\u0430&#8221; v\u00f5i &#8220;-\u044f&#8221;.<\/p>\n\n\n\n<p>&#8211; Neutraalne: l\u00f5peb &#8220;-\u043e&#8221; v\u00f5i &#8220;-\u0435&#8221;.<\/p>\n\n\n\n<p>Mitmuse moodustamiseks muutuvad nimis\u00f5nade l\u00f5pud vastavalt nende soole ja juhtumile.<\/p>\n\n\n\n<h3 class=\"wp-block-heading\" id=\"h-4-conquer-verb-conjugation\">4. Valluta verbi konjugatsioon<\/h3>\n\n\n\n<p>Nagu paljud keeled, muudavad vene verbid vormi (konjugatsioon) pingelise, isiku ja numbri alusel. Vene verbid on ka kahes aspektis: t\u00e4iuslik ja ebat\u00e4iuslik. T\u00e4iuslik aspekt annab m\u00e4rku l\u00f5petatud tegevusest, samas kui ebat\u00e4iuslik aspekt viitab k\u00e4imasolevatele v\u00f5i harjumusp\u00e4rastele tegevustele.<\/p>\n\n\n\n<p>Alustuseks keskenduge praeguse pingelise konjugatsiooni m\u00f5istmisele ebat\u00e4iuslike verbide jaoks ja mineviku pingele m\u00f5lema aspekti jaoks. N\u00e4iteks:<\/p>\n\n\n\n<p>olevik (imperfekt): \u042f \u0447\u0438\u0442\u0430\u044e (Ya chitayu) &#8211; &#8220;ma loen&#8221; v\u00f5i &#8220;ma loen&#8221;.<\/p>\n\n\n\n<p>Mineviku aeg (imperfekt): \u042f \u0447\u0438\u0442\u0430\u043b (Ya chital) &#8211; &#8220;ma lugesin&#8221;.<\/p>\n\n\n\n<p>Minevikuvorm (perfektiiv): \u042f \u043f\u0440\u043e\u0447\u0438\u0442\u0430\u043b (Ya prochital) &#8211; &#8220;ma olen lugenud&#8221; v\u00f5i &#8220;ma lugesin (ja l\u00f5petasin)&#8221;.<\/p>\n\n\n\n<h3 class=\"wp-block-heading\" id=\"h-5-embrace-russian-pronouns\">5. V\u00f5tke omaks vene ases\u00f5nad<\/h3>\n\n\n\n<p>Vene grammatika ases\u00f5nad asendavad nimis\u00f5nu ja on sujuva k\u00f5ne jaoks \u00fcliolulised. Sukelduge isiklike ja omastavate ases\u00f5nade \u00f5ppimisse, n\u00e4iteks:<\/p>\n\n\n\n<p>Isikulised ases\u00f5nad: \u044f (I), \u0442\u044b (sina, mitteametlik), \u043e\u043d\/\u043e\u043d\u0430\/\u043e\u043d\u043e (ta\/ta\/it), \u0432\u044b (sina, formaalne v\u00f5i mitmus), \u043c\u044b (meie), \u043e\u043d\u0438 (nad)<\/p>\n\n\n\n<p>Omastavad ases\u00f5nad: \u043c\u043e\u0439\/\u043c\u043e\u044f\/\u043c\u043e\u0451 (my), \u0442\u0432\u043e\u0439\/\u0442\u0432\u043e\u044f\/\u0442\u0432\u043e\u0451 (teie, mitteametlik), \u0435\u0433\u043e\/\u0435\u0451\/\u0438\u0445 (tema\/tema\/nende), \u0432\u0430\u0448\/\u0432\u0430\u0448\u0430\/\u0432\u0430\u0448\u0435 (teie, formaalne v\u00f5i mitmus), \u043d\u0430\u0448\/\u043d\u0430\u0448\u0430\/\u043d\u0430\u0448\u0435 (meie)<\/p>\n\n\n\n<p>\u00c4rge unustage, et vene keele pronoomenid peavad vastama asendatava noomeni soole ja k\u00e4\u00e4ndes\u00f5nale.<\/p>\n\n\n\n<p>Palju \u00f5nne! Olete astunud esimesed sammud vene keele grammatika keerukuse omandamise suunas. Pidage meeles, et praktika on keskse t\u00e4htsusega, nii et s\u00fcvenege s\u00fcgavamale keelde, suhelge emakeelena k\u00f5nelejatega ja tugevdage oma \u00f5ppimise alust. \u0423\u0434\u0430\u0447\u0438! (\u00d5nn kaasa!)<\/p>\n<\/div><\/div>\n\r\n<section class=\"learnNavigationSection\">\r\n            \r\n        <a href=\"https:\/\/talkpal.ai\/et\/opi-vene-keel\/\">\r\n            <div class=\"learnNavigationWrapper\">\r\n                <div class=\"learnNavigationContent\">\r\n                    <img decoding=\"async\" src=\"https:\/\/talkpal.ai\/wp-content\/uploads\/2024\/08\/Russian.jpg\" alt=\"Russian Flag\">\r\n                    <div>\r\n                        <h4>Vene keele \u00f5ppimise kohta<\/h4>\r\n                        <p>Uuri k\u00f5ike vene grammatika kohta .<\/p>\r\n                    <\/div>\r\n                <\/div>\r\n            <\/div>\r\n        <\/a>\r\n\r\n        \r\n        <a href=\"https:\/\/talkpal.ai\/et\/vene-keele-grammatika-harjutused\/\">\r\n            <div class=\"learnNavigationWrapper\">\r\n                <div class=\"learnNavigationContent\">\r\n                    <img decoding=\"async\" src=\"https:\/\/talkpal.ai\/wp-content\/uploads\/2024\/08\/Russian.jpg\" alt=\"Russian Flag\">\r\n                    <div>\r\n                        <h4>Vene keele grammatika harjutus<\/h4>\r\n                        <p>Harjutage vene grammatikat.<\/p>\r\n                    <\/div>\r\n                <\/div>\r\n            <\/div>\r\n        <\/a>\r\n\r\n        \r\n        <a href=\"https:\/\/talkpal.ai\/vocabulary_language\/russian\/\">\r\n            <div class=\"learnNavigationWrapper\">\r\n                <div class=\"learnNavigationContent\">\r\n                    <img decoding=\"async\" src=\"https:\/\/talkpal.ai\/wp-content\/uploads\/2024\/08\/Russian.jpg\" alt=\"Russian Flag\">\r\n                    <div>\r\n                        <h4>Vene keele s\u00f5navara<\/h4>\r\n                        <p>Laiendage oma vene keele s\u00f5navara.<\/p>\r\n                    <\/div>\r\n                <\/div>\r\n            <\/div>\r\n        <\/a>\r\n\r\n            <\/section>","protected":false},"excerpt":{"rendered":"<p>Vene keele grammatika: avage vene keele valdamise saladused \u00d5nnitleme julge sammu astumise puhul vene keele \u00f5ppimise suunas! Rohkem kui 258 miljoni k\u00f5nelejaga kogu maailmas on vene keel p\u00f5nev ja rahuldust pakkuv keel, mis pakub sissevaadet rikkasse kultuuri ja ajalukku. Vene keele grammatika puhul v\u00f5ib see tunduda hirmutav, kuid \u00e4rge kartke! See s\u00f5bralik, algajale m\u00f5eldud k\u00e4siraamat [&hellip;]<\/p>\n","protected":false},"author":1,"featured_media":108091,"parent":0,"menu_order":0,"comment_status":"closed","ping_status":"closed","template":"LearningContentPage.php","meta":{"_acf_changed":false,"footnotes":""},"class_list":["post-139789","page","type-page","status-publish","has-post-thumbnail","hentry"],"acf":[],"yoast_head":"<!-- This site is optimized with the Yoast SEO Premium plugin v27.2 (Yoast SEO v27.2) - https:\/\/yoast.com\/product\/yoast-seo-premium-wordpress\/ -->\n<title>Vene keele grammatika - Talkpal<\/title>\n<meta name=\"description\" content=\"Avage vene keele grammatika maailm meie algaja juhendi abil. \u00d5ppige kirillitsat ja arendage oma keeleoskust.\" \/>\n<meta name=\"robots\" content=\"index, follow, max-snippet:-1, max-image-preview:large, max-video-preview:-1\" \/>\n<link rel=\"canonical\" href=\"https:\/\/talkpal.ai\/et\/vene-keele-grammatika\/\" \/>\n<meta property=\"og:locale\" content=\"et_EE\" \/>\n<meta property=\"og:type\" content=\"article\" \/>\n<meta property=\"og:title\" content=\"Vene keele grammatika\" \/>\n<meta property=\"og:description\" content=\"Vene keele grammatika: avage vene keele valdamise saladused \u00d5nnitleme julge sammu astumise puhul vene keele \u00f5ppimise suunas! Rohkem kui 258 miljoni\" \/>\n<meta property=\"og:url\" content=\"https:\/\/talkpal.ai\/et\/vene-keele-grammatika\/\" \/>\n<meta property=\"og:site_name\" content=\"Talkpal\" \/>\n<meta property=\"article:publisher\" content=\"https:\/\/www.facebook.com\/profile.php?id=100090733639311\" \/>\n<meta property=\"article:modified_time\" content=\"2025-12-13T15:18:06+00:00\" \/>\n<meta property=\"og:image\" content=\"https:\/\/talkpal.ai\/wp-content\/uploads\/2023\/04\/rusia.png\" \/>\n\t<meta property=\"og:image:width\" content=\"512\" \/>\n\t<meta property=\"og:image:height\" content=\"512\" \/>\n\t<meta property=\"og:image:type\" content=\"image\/png\" \/>\n<meta name=\"twitter:card\" content=\"summary_large_image\" \/>\n<meta name=\"twitter:site\" content=\"@talkpalai\" \/>\n<meta name=\"twitter:label1\" content=\"Est. reading time\" \/>\n\t<meta name=\"twitter:data1\" content=\"2 minutit\" \/>\n<script type=\"application\/ld+json\" class=\"yoast-schema-graph\">{\"@context\":\"https:\/\/schema.org\",\"@graph\":[{\"@type\":\"WebPage\",\"@id\":\"https:\/\/talkpal.ai\/et\/vene-keele-grammatika\/\",\"url\":\"https:\/\/talkpal.ai\/et\/vene-keele-grammatika\/\",\"name\":\"Vene keele grammatika - Talkpal\",\"isPartOf\":{\"@id\":\"https:\/\/talkpal.ai\/et\/#website\"},\"primaryImageOfPage\":{\"@id\":\"https:\/\/talkpal.ai\/et\/vene-keele-grammatika\/#primaryimage\"},\"image\":{\"@id\":\"https:\/\/talkpal.ai\/et\/vene-keele-grammatika\/#primaryimage\"},\"thumbnailUrl\":\"https:\/\/talkpal.ai\/wp-content\/uploads\/2023\/04\/rusia.png\",\"datePublished\":\"2023-05-14T13:52:49+00:00\",\"dateModified\":\"2025-12-13T15:18:06+00:00\",\"description\":\"Avage vene keele grammatika maailm meie algaja juhendi abil. \u00d5ppige kirillitsat ja arendage oma keeleoskust.\",\"breadcrumb\":{\"@id\":\"https:\/\/talkpal.ai\/et\/vene-keele-grammatika\/#breadcrumb\"},\"inLanguage\":\"et\",\"potentialAction\":[{\"@type\":\"ReadAction\",\"target\":[\"https:\/\/talkpal.ai\/et\/vene-keele-grammatika\/\"]}]},{\"@type\":\"ImageObject\",\"inLanguage\":\"et\",\"@id\":\"https:\/\/talkpal.ai\/et\/vene-keele-grammatika\/#primaryimage\",\"url\":\"https:\/\/talkpal.ai\/wp-content\/uploads\/2023\/04\/rusia.png\",\"contentUrl\":\"https:\/\/talkpal.ai\/wp-content\/uploads\/2023\/04\/rusia.png\",\"width\":512,\"height\":512},{\"@type\":\"BreadcrumbList\",\"@id\":\"https:\/\/talkpal.ai\/et\/vene-keele-grammatika\/#breadcrumb\",\"itemListElement\":[{\"@type\":\"ListItem\",\"position\":1,\"name\":\"Homepage\",\"item\":\"https:\/\/talkpal.ai\/et\/\"},{\"@type\":\"ListItem\",\"position\":2,\"name\":\"Vene keele grammatika\"}]},{\"@type\":\"WebSite\",\"@id\":\"https:\/\/talkpal.ai\/et\/#website\",\"url\":\"https:\/\/talkpal.ai\/et\/\",\"name\":\"Talkpal\",\"description\":\"AI Language Learning\",\"publisher\":{\"@id\":\"https:\/\/talkpal.ai\/et\/#organization\"},\"alternateName\":\"Talkpal AI\",\"potentialAction\":[{\"@type\":\"SearchAction\",\"target\":{\"@type\":\"EntryPoint\",\"urlTemplate\":\"https:\/\/talkpal.ai\/et\/?s={search_term_string}\"},\"query-input\":{\"@type\":\"PropertyValueSpecification\",\"valueRequired\":true,\"valueName\":\"search_term_string\"}}],\"inLanguage\":\"et\"},{\"@type\":\"Organization\",\"@id\":\"https:\/\/talkpal.ai\/et\/#organization\",\"name\":\"Talkpal, Inc.\",\"alternateName\":\"Talkpal AI\",\"url\":\"https:\/\/talkpal.ai\/et\/\",\"logo\":{\"@type\":\"ImageObject\",\"inLanguage\":\"et\",\"@id\":\"https:\/\/talkpal.ai\/et\/#\/schema\/logo\/image\/\",\"url\":\"https:\/\/talkpal.ai\/wp-content\/uploads\/2024\/03\/Talkpal-Logo-Icon.png\",\"contentUrl\":\"https:\/\/talkpal.ai\/wp-content\/uploads\/2024\/03\/Talkpal-Logo-Icon.png\",\"width\":2880,\"height\":2880,\"caption\":\"Talkpal, Inc.\"},\"image\":{\"@id\":\"https:\/\/talkpal.ai\/et\/#\/schema\/logo\/image\/\"},\"sameAs\":[\"https:\/\/www.facebook.com\/profile.php?id=100090733639311\",\"https:\/\/x.com\/talkpalai\",\"https:\/\/www.linkedin.com\/company\/talkpal\/\",\"https:\/\/www.youtube.com\/@TalkPal\/\",\"https:\/\/www.tiktok.com\/@talkpal\",\"https:\/\/www.instagram.com\/talkpal_ai\/\",\"https:\/\/www.crunchbase.com\/organization\/talkpal-9cde\",\"https:\/\/www.g2.com\/products\/talkpal-for-business\/\",\"https:\/\/www.trustpilot.com\/review\/talkpal.ai\",\"https:\/\/www.capterra.com\/p\/10006800\/TalkPal\/\"],\"description\":\"Talkpal is a language learning web and mobile education app, powered by the latest AI technologies, that provides engaging experiences to its customers in many different languages to help them improve their language skills. Users can chat about unlimited amount of topics with the app and use other modes to practice their language learning.\",\"email\":\"support@talkpal.ai\",\"legalName\":\"Talkpal, Inc.\",\"foundingDate\":\"2023-04-03\",\"duns\":\"118989042\",\"numberOfEmployees\":{\"@type\":\"QuantitativeValue\",\"minValue\":\"11\",\"maxValue\":\"50\"},\"publishingPrinciples\":\"https:\/\/talkpal.ai\/publishing-principles\/\",\"actionableFeedbackPolicy\":\"https:\/\/talkpal.ai\/actionable-feedback-policy\/\",\"correctionsPolicy\":\"https:\/\/talkpal.ai\/corrections-policy\/\",\"ethicsPolicy\":\"https:\/\/talkpal.ai\/ethics-policy\/\",\"diversityPolicy\":\"https:\/\/talkpal.ai\/diversity-policy\/\",\"diversityStaffingReport\":\"https:\/\/talkpal.ai\/diversity-policy\/\"}]}<\/script>\n<!-- \/ Yoast SEO Premium plugin. -->","yoast_head_json":{"title":"Vene keele grammatika - Talkpal","description":"Avage vene keele grammatika maailm meie algaja juhendi abil. \u00d5ppige kirillitsat ja arendage oma keeleoskust.","robots":{"index":"index","follow":"follow","max-snippet":"max-snippet:-1","max-image-preview":"max-image-preview:large","max-video-preview":"max-video-preview:-1"},"canonical":"https:\/\/talkpal.ai\/et\/vene-keele-grammatika\/","og_locale":"et_EE","og_type":"article","og_title":"Vene keele grammatika","og_description":"Vene keele grammatika: avage vene keele valdamise saladused \u00d5nnitleme julge sammu astumise puhul vene keele \u00f5ppimise suunas! Rohkem kui 258 miljoni","og_url":"https:\/\/talkpal.ai\/et\/vene-keele-grammatika\/","og_site_name":"Talkpal","article_publisher":"https:\/\/www.facebook.com\/profile.php?id=100090733639311","article_modified_time":"2025-12-13T15:18:06+00:00","og_image":[{"width":512,"height":512,"url":"https:\/\/talkpal.ai\/wp-content\/uploads\/2023\/04\/rusia.png","type":"image\/png"}],"twitter_card":"summary_large_image","twitter_site":"@talkpalai","twitter_misc":{"Est. reading time":"2 minutit"},"schema":{"@context":"https:\/\/schema.org","@graph":[{"@type":"WebPage","@id":"https:\/\/talkpal.ai\/et\/vene-keele-grammatika\/","url":"https:\/\/talkpal.ai\/et\/vene-keele-grammatika\/","name":"Vene keele grammatika - Talkpal","isPartOf":{"@id":"https:\/\/talkpal.ai\/et\/#website"},"primaryImageOfPage":{"@id":"https:\/\/talkpal.ai\/et\/vene-keele-grammatika\/#primaryimage"},"image":{"@id":"https:\/\/talkpal.ai\/et\/vene-keele-grammatika\/#primaryimage"},"thumbnailUrl":"https:\/\/talkpal.ai\/wp-content\/uploads\/2023\/04\/rusia.png","datePublished":"2023-05-14T13:52:49+00:00","dateModified":"2025-12-13T15:18:06+00:00","description":"Avage vene keele grammatika maailm meie algaja juhendi abil. \u00d5ppige kirillitsat ja arendage oma keeleoskust.","breadcrumb":{"@id":"https:\/\/talkpal.ai\/et\/vene-keele-grammatika\/#breadcrumb"},"inLanguage":"et","potentialAction":[{"@type":"ReadAction","target":["https:\/\/talkpal.ai\/et\/vene-keele-grammatika\/"]}]},{"@type":"ImageObject","inLanguage":"et","@id":"https:\/\/talkpal.ai\/et\/vene-keele-grammatika\/#primaryimage","url":"https:\/\/talkpal.ai\/wp-content\/uploads\/2023\/04\/rusia.png","contentUrl":"https:\/\/talkpal.ai\/wp-content\/uploads\/2023\/04\/rusia.png","width":512,"height":512},{"@type":"BreadcrumbList","@id":"https:\/\/talkpal.ai\/et\/vene-keele-grammatika\/#breadcrumb","itemListElement":[{"@type":"ListItem","position":1,"name":"Homepage","item":"https:\/\/talkpal.ai\/et\/"},{"@type":"ListItem","position":2,"name":"Vene keele grammatika"}]},{"@type":"WebSite","@id":"https:\/\/talkpal.ai\/et\/#website","url":"https:\/\/talkpal.ai\/et\/","name":"Talkpal","description":"AI Language Learning","publisher":{"@id":"https:\/\/talkpal.ai\/et\/#organization"},"alternateName":"Talkpal AI","potentialAction":[{"@type":"SearchAction","target":{"@type":"EntryPoint","urlTemplate":"https:\/\/talkpal.ai\/et\/?s={search_term_string}"},"query-input":{"@type":"PropertyValueSpecification","valueRequired":true,"valueName":"search_term_string"}}],"inLanguage":"et"},{"@type":"Organization","@id":"https:\/\/talkpal.ai\/et\/#organization","name":"Talkpal, Inc.","alternateName":"Talkpal AI","url":"https:\/\/talkpal.ai\/et\/","logo":{"@type":"ImageObject","inLanguage":"et","@id":"https:\/\/talkpal.ai\/et\/#\/schema\/logo\/image\/","url":"https:\/\/talkpal.ai\/wp-content\/uploads\/2024\/03\/Talkpal-Logo-Icon.png","contentUrl":"https:\/\/talkpal.ai\/wp-content\/uploads\/2024\/03\/Talkpal-Logo-Icon.png","width":2880,"height":2880,"caption":"Talkpal, Inc."},"image":{"@id":"https:\/\/talkpal.ai\/et\/#\/schema\/logo\/image\/"},"sameAs":["https:\/\/www.facebook.com\/profile.php?id=100090733639311","https:\/\/x.com\/talkpalai","https:\/\/www.linkedin.com\/company\/talkpal\/","https:\/\/www.youtube.com\/@TalkPal\/","https:\/\/www.tiktok.com\/@talkpal","https:\/\/www.instagram.com\/talkpal_ai\/","https:\/\/www.crunchbase.com\/organization\/talkpal-9cde","https:\/\/www.g2.com\/products\/talkpal-for-business\/","https:\/\/www.trustpilot.com\/review\/talkpal.ai","https:\/\/www.capterra.com\/p\/10006800\/TalkPal\/"],"description":"Talkpal is a language learning web and mobile education app, powered by the latest AI technologies, that provides engaging experiences to its customers in many different languages to help them improve their language skills. Users can chat about unlimited amount of topics with the app and use other modes to practice their language learning.","email":"support@talkpal.ai","legalName":"Talkpal, Inc.","foundingDate":"2023-04-03","duns":"118989042","numberOfEmployees":{"@type":"QuantitativeValue","minValue":"11","maxValue":"50"},"publishingPrinciples":"https:\/\/talkpal.ai\/publishing-principles\/","actionableFeedbackPolicy":"https:\/\/talkpal.ai\/actionable-feedback-policy\/","correctionsPolicy":"https:\/\/talkpal.ai\/corrections-policy\/","ethicsPolicy":"https:\/\/talkpal.ai\/ethics-policy\/","diversityPolicy":"https:\/\/talkpal.ai\/diversity-policy\/","diversityStaffingReport":"https:\/\/talkpal.ai\/diversity-policy\/"}]}},"_links":{"self":[{"href":"https:\/\/talkpal.ai\/et\/wp-json\/wp\/v2\/pages\/139789","targetHints":{"allow":["GET"]}}],"collection":[{"href":"https:\/\/talkpal.ai\/et\/wp-json\/wp\/v2\/pages"}],"about":[{"href":"https:\/\/talkpal.ai\/et\/wp-json\/wp\/v2\/types\/page"}],"author":[{"embeddable":true,"href":"https:\/\/talkpal.ai\/et\/wp-json\/wp\/v2\/users\/1"}],"replies":[{"embeddable":true,"href":"https:\/\/talkpal.ai\/et\/wp-json\/wp\/v2\/comments?post=139789"}],"version-history":[{"count":0,"href":"https:\/\/talkpal.ai\/et\/wp-json\/wp\/v2\/pages\/139789\/revisions"}],"wp:featuredmedia":[{"embeddable":true,"href":"https:\/\/talkpal.ai\/et\/wp-json\/wp\/v2\/media\/108091"}],"wp:attachment":[{"href":"https:\/\/talkpal.ai\/et\/wp-json\/wp\/v2\/media?parent=139789"}],"curies":[{"name":"wp","href":"https:\/\/api.w.org\/{rel}","templated":true}]}}