{"id":135755,"date":"2023-06-16T10:51:16","date_gmt":"2023-06-16T10:51:16","guid":{"rendered":"http:\/\/talkpal.ai\/ukraina-keele-grammatika-harjutused\/"},"modified":"2025-12-17T16:22:05","modified_gmt":"2025-12-17T16:22:05","slug":"ukraina-keele-grammatika-harjutused","status":"publish","type":"page","link":"https:\/\/talkpal.ai\/et\/ukraina-keele-grammatika-harjutused\/","title":{"rendered":"Ukraina keele grammatika harjutused"},"content":{"rendered":"\r\n\r\n\r\n<section class=\"languageChallengeSection\">\r\n    <div class=\"languageInfoWrapper\">\r\n        \r\n        <h1>Ukraina keele grammatika harjutused<\/h1>\r\n        <p>Tahad oma <a href=\"https:\/\/talkpal.ai\/learn-ukrainian\/\">ukraina<\/a> keele oskused j\u00e4rgmisele tasemele viia? Grammatikaharjutuste tegemine on peamine viis, kuidas omandada lauseehitust, verbi vorme ja <a href=\"https:\/\/talkpal.ai\/learn-ukrainian\/\">ukraina<\/a> keele ainulaadseid mustreid. Alustage <a href=\"https:\/\/talkpal.ai\/ukrainian-grammar\/\">ukraina keele grammatika<\/a> \u00f5ppimist juba t\u00e4na ja vaadake, kuidas teie enesekindlus ja keeleoskus iga harjutusega kasvab!<\/p>\r\n\r\n                            <a class=\"getStartedHidden\" href=\"https:\/\/app.talkpal.ai\/et\/signup?lng=\">Alusta<\/a>\r\n        \r\n    <\/div>\r\n\r\n    <figure>\r\n    <img decoding=\"async\" width=\"768\" height=\"768\" src=\"https:\/\/talkpal.ai\/wp-content\/uploads\/2023\/06\/Ukrainian-768x768.png\" class=\"languageImage no-lazy\" alt=\"Language learning - Your doorway to the world\" fetchpriority=\"high\" sizes=\"(max-width: 768px) 150px, 768px\" srcset=\"https:\/\/talkpal.ai\/wp-content\/uploads\/2023\/06\/Ukrainian-768x768.png 768w, https:\/\/talkpal.ai\/wp-content\/uploads\/2023\/06\/Ukrainian-300x300.png 300w\" \/>\r\n    \r\n\r\n    <\/figure>\r\n\r\n            <a class=\"getStartedVisible\" href=\"https:\/\/app.talkpal.ai\/et\/signup?lng=\">Alusta<\/a>\r\n    \r\n<\/section>\r\n\r\n\r\n<!-- <section class=\"grammarSection\">\r\n    <div class=\"grammarLinks\">\r\n            <\/div>\r\n<\/section> -->\r\n\r\n\r\n\r\n\r\n<section class=\"promotionalBanner\">\r\n    <p class=\"promotionalText\">K\u00f5ige t\u00f5husam viis keele \u00f5ppimiseks<\/p>\r\n    <a class=\"promotionalLink\" href=\"https:\/\/app.talkpal.ai\/et\/signup?lng=\">Proovige Talkpal tasuta<\/a>\r\n<\/section>\n<div class=\"wp-block-group pageContainerStyle\"><div class=\"wp-block-group__inner-container is-layout-constrained wp-block-group-is-layout-constrained\">\n<h2 class=\"wp-block-heading\" id=\"h-ukrainian-grammar-topics\">Ukraina keele grammatika teemad<\/h2>\n\n\n\n<p>Uue keele <a href=\"https:\/\/talkpal.ai\/et\/oppimine\/\">\u00f5ppimine<\/a> v\u00f5ib olla p\u00f5nev, kuid v\u00e4ljakutsuv ettev\u00f5tmine ning ukraina keel pole erand. Ukraina keel, idaslaavi keel, on Ukraina ametlik keel ja tal on rikas ajalugu ja mitmekesine grammatiline struktuur. Kui alustate oma teekonda ukraina keele oskuse omandamiseks, peate valdama mitmeid olulisi grammatikateemasid, sealhulgas ajavormid, tegus\u00f5nad, nimis\u00f5nad, artiklid, ases\u00f5nad, omaduss\u00f5nad, m\u00e4\u00e4rs\u00f5nad, eess\u00f5nad ja lauseehitus. Nende grammatikareeglite m\u00f5istmine ja korrektne rakendamine parandab oluliselt teie keeleoskust. Niisiis, sukeldume igasse teemasse ja uurime, millises j\u00e4rjekorras peaksite neid \u00f5ppima.<\/p>\n\n\n\n<h3 class=\"wp-block-heading\" id=\"h-1-nouns\">1. Nimis\u00f5nad:<\/h3>\n\n\n\n<p>Alustage ukraina nimis\u00f5nade \u00f5ppimisega, kuna need on keele alus. Tutvuge nende sooga (mehelik, naiselik ja neuter) ja nende mitmuse vormidega. Nimis\u00f5nade deklinatsioonide (juhtumite) m\u00f5istmine on \u00f5ige lausemoodustamise jaoks \u00fclioluline.<\/p>\n\n\n\n<h3 class=\"wp-block-heading\" id=\"h-2-pronouns\">2. Ases\u00f5nad:<\/h3>\n\n\n\n<p>J\u00e4rgmisena \u00f5ppige ases\u00f5nu &#8211; s\u00f5nu, mis asendavad lauses nimis\u00f5nu. Neil on ka sooline ja suurerinevus, seega on oluline \u00f5ppida sobivaid vorme, mida kasutada s\u00f5ltuvalt asendatavast nimis\u00f5nast.<\/p>\n\n\n\n<h3 class=\"wp-block-heading\" id=\"h-3-verbs\">3. Tegus\u00f5nad:<\/h3>\n\n\n\n<p>Tegus\u00f5nad on lause tegevuss\u00f5nad. Ukraina keeles on tegus\u00f5nadel erinevad vormid, mis p\u00f5hinevad pingel, meeleolul ja aspektil. Alustage tegus\u00f5nade praeguste pingeliste soovituslike vormide \u00f5ppimisega, mis aitab teil m\u00f5ista lause p\u00f5histruktuuri.<\/p>\n\n\n\n<h3 class=\"wp-block-heading\" id=\"h-4-tenses-indicative\">4. Ajad soovituslikud:<\/h3>\n\n\n\n<p>Kui olete mugavalt hakkama saanud praeguses ajavormis olevate verbidega, \u00f5ppige edasi mineviku- ja tulevikuvormide \u00f5ppimist indikatiivis. See v\u00f5imaldab teil suhelda s\u00fcndmustest, mis on juba toimunud v\u00f5i toimuvad tulevikus.<\/p>\n\n\n\n<h3 class=\"wp-block-heading\" id=\"h-5-tenses-subjunctive\">5. Ajad Subjunktiivid:<\/h3>\n\n\n\n<p>P\u00e4rast soovitusliku meeleolu omandamist uurige subjunktiivset meeleolu, mis v\u00e4ljendab h\u00fcpoteetilisi olukordi, soove v\u00f5i ettepanekuid. Subjunktiivne meeleolu esineb peamiselt ukraina minevikus ja tulevikus.<\/p>\n\n\n\n<h3 class=\"wp-block-heading\" id=\"h-6-tense-comparison\">6. Pingeline v\u00f5rdlus:<\/h3>\n\n\n\n<p>Siit saate teada, kuidas v\u00f5rrelda ajavorme ukraina keeles, et v\u00e4ljendada erinevat kindluse v\u00f5i v\u00f5imaluse astet. See aitab teil m\u00f5ista ja luua keerukamaid lauseid.<\/p>\n\n\n\n<h3 class=\"wp-block-heading\" id=\"h-7-adjectives\">7. Omaduss\u00f5nad:<\/h3>\n\n\n\n<p>Omaduss\u00f5nad kirjeldavad nimis\u00f5nade omadusi. Nad n\u00f5ustuvad soo, arvu ja juhtumiga nimis\u00f5naga, mida nad muudavad. Omaduss\u00f5nade \u00f5ppimine aitab teil oma lausetele rohkem \u00fcksikasju lisada.<\/p>\n\n\n\n<h3 class=\"wp-block-heading\" id=\"h-8-adverbs\">8. M\u00e4\u00e4rs\u00f5nad:<\/h3>\n\n\n\n<p>M\u00e4\u00e4rs\u00f5nad kirjeldavad tegevuse viisi, kohta v\u00f5i aega. Nad ei kahane nagu omaduss\u00f5nad, kuid neil on oluline roll teie lausete informatiivsemaks ja kaasahaaravamaks muutmisel.<\/p>\n\n\n\n<h3 class=\"wp-block-heading\" id=\"h-9-prepositions\">9. Eess\u00f5nad:<\/h3>\n\n\n\n<p>Eess\u00f5nad n\u00e4itavad lause s\u00f5nade vahelisi seoseid (nt asukoht, suund v\u00f5i aeg). Siit saate teada, kuidas segaduse v\u00e4ltimiseks ja soovitud t\u00e4henduse edastamiseks eess\u00f5nu \u00f5igesti kasutada.<\/p>\n\n\n\n<h3 class=\"wp-block-heading\" id=\"h-10-sentence-structure\">10. Lause struktuur:<\/h3>\n\n\n\n<p>L\u00f5puks tutvuge Ukraina lauseehitusega. See h\u00f5lmab subjekti-verbi-objekti (SVO) s\u00f5nade j\u00e4rjekorra m\u00f5istmist ning seda, kuidas kasutada juhtumeid ja muid grammatilisi elemente selgete, sidusate lausete moodustamiseks.<\/p>\n\n\n\n<h3 class=\"wp-block-heading\" id=\"h-11-articles\">11. Artiklid:<\/h3>\n\n\n\n<p>Ukraina keeles ei ole artikleid nagu <a href=\"https:\/\/talkpal.ai\/learn-english\/\">inglise<\/a> keeles &#8220;the&#8221; v\u00f5i &#8220;a&#8221;, kuid on oluline m\u00f5ista, kuidas m\u00e4\u00e4ratletust ja m\u00e4\u00e4ratlematust keeles edasi antakse, tavaliselt demonstratiivpronoomenite v\u00f5i konteksti abil.<\/p>\n\n\n\n<p>\u00d5ppides neid grammatikateemasid soovitatud j\u00e4rjestuses, ehitate j\u00e4rk-j\u00e4rgult tugeva aluse ukraina keeles ja liigute keele sujuvuse suunas.<\/p>\n<\/div><\/div>\n\r\n<section class=\"learnNavigationSection\">\r\n            \r\n        <a href=\"https:\/\/talkpal.ai\/et\/opi-ukraina-keel\/\">\r\n            <div class=\"learnNavigationWrapper\">\r\n                <div class=\"learnNavigationContent\">\r\n                    <img decoding=\"async\" src=\"https:\/\/talkpal.ai\/wp-content\/uploads\/2024\/08\/Ukrainian.jpg\" alt=\"Ukrainian Flag\">\r\n                    <div>\r\n                        <h4>Ukraina \u00f5ppimise kohta<\/h4>\r\n                        <p>Uuri k\u00f5ike ukraina grammatika kohta .<\/p>\r\n                    <\/div>\r\n                <\/div>\r\n            <\/div>\r\n        <\/a>\r\n\r\n        \r\n        <a href=\"https:\/\/talkpal.ai\/et\/ukraina-keele-grammatika\/\">\r\n            <div class=\"learnNavigationWrapper\">\r\n                <div class=\"learnNavigationContent\">\r\n                    <img decoding=\"async\" src=\"https:\/\/talkpal.ai\/wp-content\/uploads\/2024\/08\/Ukrainian.jpg\" alt=\"Ukrainian Flag\">\r\n                    <div>\r\n                        <h4>Ukraina keele grammatika \u00f5ppetunnid<\/h4>\r\n                        <p>Harjutage ukraina grammatikat.<\/p>\r\n                    <\/div>\r\n                <\/div>\r\n            <\/div>\r\n        <\/a>\r\n\r\n        \r\n        <a href=\"https:\/\/talkpal.ai\/vocabulary_language\/ukrainian\/\">\r\n            <div class=\"learnNavigationWrapper\">\r\n                <div class=\"learnNavigationContent\">\r\n                    <img decoding=\"async\" src=\"https:\/\/talkpal.ai\/wp-content\/uploads\/2024\/08\/Ukrainian.jpg\" alt=\"Ukrainian Flag\">\r\n                    <div>\r\n                        <h4>Ukraina keele s\u00f5navara<\/h4>\r\n                        <p>Laiendage oma ukraina keele s\u00f5navara.<\/p>\r\n                    <\/div>\r\n                <\/div>\r\n            <\/div>\r\n        <\/a>\r\n\r\n            <\/section>","protected":false},"excerpt":{"rendered":"<p>Ukraina keele grammatika teemad Uue keele \u00f5ppimine v\u00f5ib olla p\u00f5nev, kuid v\u00e4ljakutsuv ettev\u00f5tmine ning ukraina keel pole erand. Ukraina keel, idaslaavi keel, on Ukraina ametlik keel ja tal on rikas ajalugu ja mitmekesine grammatiline struktuur. Kui alustate oma teekonda ukraina keele oskuse omandamiseks, peate valdama mitmeid olulisi grammatikateemasid, sealhulgas ajavormid, tegus\u00f5nad, nimis\u00f5nad, artiklid, ases\u00f5nad, omaduss\u00f5nad, [&hellip;]<\/p>\n","protected":false},"author":6,"featured_media":108655,"parent":0,"menu_order":0,"comment_status":"closed","ping_status":"closed","template":"LearningContentPage.php","meta":{"_acf_changed":false,"footnotes":""},"class_list":["post-135755","page","type-page","status-publish","has-post-thumbnail","hentry"],"acf":[],"yoast_head":"<!-- This site is optimized with the Yoast SEO Premium plugin v27.2 (Yoast SEO v27.2) - https:\/\/yoast.com\/product\/yoast-seo-premium-wordpress\/ -->\n<title>Ukraina keele grammatika harjutused - Talkpal<\/title>\n<meta name=\"description\" content=\"Parandage oma ukraina keele oskust huvitavate ukraina keele grammatika harjutustega, mis h\u00f5lmavad keeleoskuseks vajalikke grammatika teemasid.\" \/>\n<meta name=\"robots\" content=\"index, follow, max-snippet:-1, max-image-preview:large, max-video-preview:-1\" \/>\n<link rel=\"canonical\" href=\"https:\/\/talkpal.ai\/et\/ukraina-keele-grammatika-harjutused\/\" \/>\n<meta property=\"og:locale\" content=\"et_EE\" \/>\n<meta property=\"og:type\" content=\"article\" \/>\n<meta property=\"og:title\" content=\"Ukraina keele grammatika harjutused\" \/>\n<meta property=\"og:description\" content=\"Ukraina keele grammatika teemad Uue keele \u00f5ppimine v\u00f5ib olla p\u00f5nev, kuid v\u00e4ljakutsuv ettev\u00f5tmine ning ukraina keel pole erand. Ukraina keel, idaslaavi\" \/>\n<meta property=\"og:url\" content=\"https:\/\/talkpal.ai\/et\/ukraina-keele-grammatika-harjutused\/\" \/>\n<meta property=\"og:site_name\" content=\"Talkpal\" \/>\n<meta property=\"article:publisher\" content=\"https:\/\/www.facebook.com\/profile.php?id=100090733639311\" \/>\n<meta property=\"article:modified_time\" content=\"2025-12-17T16:22:05+00:00\" \/>\n<meta property=\"og:image\" content=\"https:\/\/talkpal.ai\/wp-content\/uploads\/2023\/04\/ukraine.png\" \/>\n\t<meta property=\"og:image:width\" content=\"512\" \/>\n\t<meta property=\"og:image:height\" content=\"512\" \/>\n\t<meta property=\"og:image:type\" content=\"image\/png\" \/>\n<meta name=\"twitter:card\" content=\"summary_large_image\" \/>\n<meta name=\"twitter:site\" content=\"@talkpalai\" \/>\n<meta name=\"twitter:label1\" content=\"Est. reading time\" \/>\n\t<meta name=\"twitter:data1\" content=\"2 minutit\" \/>\n<script type=\"application\/ld+json\" class=\"yoast-schema-graph\">{\"@context\":\"https:\/\/schema.org\",\"@graph\":[{\"@type\":\"WebPage\",\"@id\":\"https:\/\/talkpal.ai\/et\/ukraina-keele-grammatika-harjutused\/\",\"url\":\"https:\/\/talkpal.ai\/et\/ukraina-keele-grammatika-harjutused\/\",\"name\":\"Ukraina keele grammatika harjutused - Talkpal\",\"isPartOf\":{\"@id\":\"https:\/\/talkpal.ai\/et\/#website\"},\"primaryImageOfPage\":{\"@id\":\"https:\/\/talkpal.ai\/et\/ukraina-keele-grammatika-harjutused\/#primaryimage\"},\"image\":{\"@id\":\"https:\/\/talkpal.ai\/et\/ukraina-keele-grammatika-harjutused\/#primaryimage\"},\"thumbnailUrl\":\"https:\/\/talkpal.ai\/wp-content\/uploads\/2023\/04\/ukraine.png\",\"datePublished\":\"2023-06-16T10:51:16+00:00\",\"dateModified\":\"2025-12-17T16:22:05+00:00\",\"description\":\"Parandage oma ukraina keele oskust huvitavate ukraina keele grammatika harjutustega, mis h\u00f5lmavad keeleoskuseks vajalikke grammatika teemasid.\",\"breadcrumb\":{\"@id\":\"https:\/\/talkpal.ai\/et\/ukraina-keele-grammatika-harjutused\/#breadcrumb\"},\"inLanguage\":\"et\",\"potentialAction\":[{\"@type\":\"ReadAction\",\"target\":[\"https:\/\/talkpal.ai\/et\/ukraina-keele-grammatika-harjutused\/\"]}]},{\"@type\":\"ImageObject\",\"inLanguage\":\"et\",\"@id\":\"https:\/\/talkpal.ai\/et\/ukraina-keele-grammatika-harjutused\/#primaryimage\",\"url\":\"https:\/\/talkpal.ai\/wp-content\/uploads\/2023\/04\/ukraine.png\",\"contentUrl\":\"https:\/\/talkpal.ai\/wp-content\/uploads\/2023\/04\/ukraine.png\",\"width\":512,\"height\":512,\"caption\":\"TalkPal Ukrainian Flag\"},{\"@type\":\"BreadcrumbList\",\"@id\":\"https:\/\/talkpal.ai\/et\/ukraina-keele-grammatika-harjutused\/#breadcrumb\",\"itemListElement\":[{\"@type\":\"ListItem\",\"position\":1,\"name\":\"Homepage\",\"item\":\"https:\/\/talkpal.ai\/et\/\"},{\"@type\":\"ListItem\",\"position\":2,\"name\":\"Ukraina keele grammatika harjutused\"}]},{\"@type\":\"WebSite\",\"@id\":\"https:\/\/talkpal.ai\/et\/#website\",\"url\":\"https:\/\/talkpal.ai\/et\/\",\"name\":\"Talkpal\",\"description\":\"AI Language Learning\",\"publisher\":{\"@id\":\"https:\/\/talkpal.ai\/et\/#organization\"},\"alternateName\":\"Talkpal AI\",\"potentialAction\":[{\"@type\":\"SearchAction\",\"target\":{\"@type\":\"EntryPoint\",\"urlTemplate\":\"https:\/\/talkpal.ai\/et\/?s={search_term_string}\"},\"query-input\":{\"@type\":\"PropertyValueSpecification\",\"valueRequired\":true,\"valueName\":\"search_term_string\"}}],\"inLanguage\":\"et\"},{\"@type\":\"Organization\",\"@id\":\"https:\/\/talkpal.ai\/et\/#organization\",\"name\":\"Talkpal, Inc.\",\"alternateName\":\"Talkpal AI\",\"url\":\"https:\/\/talkpal.ai\/et\/\",\"logo\":{\"@type\":\"ImageObject\",\"inLanguage\":\"et\",\"@id\":\"https:\/\/talkpal.ai\/et\/#\/schema\/logo\/image\/\",\"url\":\"https:\/\/talkpal.ai\/wp-content\/uploads\/2024\/03\/Talkpal-Logo-Icon.png\",\"contentUrl\":\"https:\/\/talkpal.ai\/wp-content\/uploads\/2024\/03\/Talkpal-Logo-Icon.png\",\"width\":2880,\"height\":2880,\"caption\":\"Talkpal, Inc.\"},\"image\":{\"@id\":\"https:\/\/talkpal.ai\/et\/#\/schema\/logo\/image\/\"},\"sameAs\":[\"https:\/\/www.facebook.com\/profile.php?id=100090733639311\",\"https:\/\/x.com\/talkpalai\",\"https:\/\/www.linkedin.com\/company\/talkpal\/\",\"https:\/\/www.youtube.com\/@TalkPal\/\",\"https:\/\/www.tiktok.com\/@talkpal\",\"https:\/\/www.instagram.com\/talkpal_ai\/\",\"https:\/\/www.crunchbase.com\/organization\/talkpal-9cde\",\"https:\/\/www.g2.com\/products\/talkpal-for-business\/\",\"https:\/\/www.trustpilot.com\/review\/talkpal.ai\",\"https:\/\/www.capterra.com\/p\/10006800\/TalkPal\/\"],\"description\":\"Talkpal is a language learning web and mobile education app, powered by the latest AI technologies, that provides engaging experiences to its customers in many different languages to help them improve their language skills. Users can chat about unlimited amount of topics with the app and use other modes to practice their language learning.\",\"email\":\"support@talkpal.ai\",\"legalName\":\"Talkpal, Inc.\",\"foundingDate\":\"2023-04-03\",\"duns\":\"118989042\",\"numberOfEmployees\":{\"@type\":\"QuantitativeValue\",\"minValue\":\"11\",\"maxValue\":\"50\"},\"publishingPrinciples\":\"https:\/\/talkpal.ai\/publishing-principles\/\",\"actionableFeedbackPolicy\":\"https:\/\/talkpal.ai\/actionable-feedback-policy\/\",\"correctionsPolicy\":\"https:\/\/talkpal.ai\/corrections-policy\/\",\"ethicsPolicy\":\"https:\/\/talkpal.ai\/ethics-policy\/\",\"diversityPolicy\":\"https:\/\/talkpal.ai\/diversity-policy\/\",\"diversityStaffingReport\":\"https:\/\/talkpal.ai\/diversity-policy\/\"}]}<\/script>\n<!-- \/ Yoast SEO Premium plugin. -->","yoast_head_json":{"title":"Ukraina keele grammatika harjutused - Talkpal","description":"Parandage oma ukraina keele oskust huvitavate ukraina keele grammatika harjutustega, mis h\u00f5lmavad keeleoskuseks vajalikke grammatika teemasid.","robots":{"index":"index","follow":"follow","max-snippet":"max-snippet:-1","max-image-preview":"max-image-preview:large","max-video-preview":"max-video-preview:-1"},"canonical":"https:\/\/talkpal.ai\/et\/ukraina-keele-grammatika-harjutused\/","og_locale":"et_EE","og_type":"article","og_title":"Ukraina keele grammatika harjutused","og_description":"Ukraina keele grammatika teemad Uue keele \u00f5ppimine v\u00f5ib olla p\u00f5nev, kuid v\u00e4ljakutsuv ettev\u00f5tmine ning ukraina keel pole erand. Ukraina keel, idaslaavi","og_url":"https:\/\/talkpal.ai\/et\/ukraina-keele-grammatika-harjutused\/","og_site_name":"Talkpal","article_publisher":"https:\/\/www.facebook.com\/profile.php?id=100090733639311","article_modified_time":"2025-12-17T16:22:05+00:00","og_image":[{"width":512,"height":512,"url":"https:\/\/talkpal.ai\/wp-content\/uploads\/2023\/04\/ukraine.png","type":"image\/png"}],"twitter_card":"summary_large_image","twitter_site":"@talkpalai","twitter_misc":{"Est. reading time":"2 minutit"},"schema":{"@context":"https:\/\/schema.org","@graph":[{"@type":"WebPage","@id":"https:\/\/talkpal.ai\/et\/ukraina-keele-grammatika-harjutused\/","url":"https:\/\/talkpal.ai\/et\/ukraina-keele-grammatika-harjutused\/","name":"Ukraina keele grammatika harjutused - Talkpal","isPartOf":{"@id":"https:\/\/talkpal.ai\/et\/#website"},"primaryImageOfPage":{"@id":"https:\/\/talkpal.ai\/et\/ukraina-keele-grammatika-harjutused\/#primaryimage"},"image":{"@id":"https:\/\/talkpal.ai\/et\/ukraina-keele-grammatika-harjutused\/#primaryimage"},"thumbnailUrl":"https:\/\/talkpal.ai\/wp-content\/uploads\/2023\/04\/ukraine.png","datePublished":"2023-06-16T10:51:16+00:00","dateModified":"2025-12-17T16:22:05+00:00","description":"Parandage oma ukraina keele oskust huvitavate ukraina keele grammatika harjutustega, mis h\u00f5lmavad keeleoskuseks vajalikke grammatika teemasid.","breadcrumb":{"@id":"https:\/\/talkpal.ai\/et\/ukraina-keele-grammatika-harjutused\/#breadcrumb"},"inLanguage":"et","potentialAction":[{"@type":"ReadAction","target":["https:\/\/talkpal.ai\/et\/ukraina-keele-grammatika-harjutused\/"]}]},{"@type":"ImageObject","inLanguage":"et","@id":"https:\/\/talkpal.ai\/et\/ukraina-keele-grammatika-harjutused\/#primaryimage","url":"https:\/\/talkpal.ai\/wp-content\/uploads\/2023\/04\/ukraine.png","contentUrl":"https:\/\/talkpal.ai\/wp-content\/uploads\/2023\/04\/ukraine.png","width":512,"height":512,"caption":"TalkPal Ukrainian Flag"},{"@type":"BreadcrumbList","@id":"https:\/\/talkpal.ai\/et\/ukraina-keele-grammatika-harjutused\/#breadcrumb","itemListElement":[{"@type":"ListItem","position":1,"name":"Homepage","item":"https:\/\/talkpal.ai\/et\/"},{"@type":"ListItem","position":2,"name":"Ukraina keele grammatika harjutused"}]},{"@type":"WebSite","@id":"https:\/\/talkpal.ai\/et\/#website","url":"https:\/\/talkpal.ai\/et\/","name":"Talkpal","description":"AI Language Learning","publisher":{"@id":"https:\/\/talkpal.ai\/et\/#organization"},"alternateName":"Talkpal AI","potentialAction":[{"@type":"SearchAction","target":{"@type":"EntryPoint","urlTemplate":"https:\/\/talkpal.ai\/et\/?s={search_term_string}"},"query-input":{"@type":"PropertyValueSpecification","valueRequired":true,"valueName":"search_term_string"}}],"inLanguage":"et"},{"@type":"Organization","@id":"https:\/\/talkpal.ai\/et\/#organization","name":"Talkpal, Inc.","alternateName":"Talkpal AI","url":"https:\/\/talkpal.ai\/et\/","logo":{"@type":"ImageObject","inLanguage":"et","@id":"https:\/\/talkpal.ai\/et\/#\/schema\/logo\/image\/","url":"https:\/\/talkpal.ai\/wp-content\/uploads\/2024\/03\/Talkpal-Logo-Icon.png","contentUrl":"https:\/\/talkpal.ai\/wp-content\/uploads\/2024\/03\/Talkpal-Logo-Icon.png","width":2880,"height":2880,"caption":"Talkpal, Inc."},"image":{"@id":"https:\/\/talkpal.ai\/et\/#\/schema\/logo\/image\/"},"sameAs":["https:\/\/www.facebook.com\/profile.php?id=100090733639311","https:\/\/x.com\/talkpalai","https:\/\/www.linkedin.com\/company\/talkpal\/","https:\/\/www.youtube.com\/@TalkPal\/","https:\/\/www.tiktok.com\/@talkpal","https:\/\/www.instagram.com\/talkpal_ai\/","https:\/\/www.crunchbase.com\/organization\/talkpal-9cde","https:\/\/www.g2.com\/products\/talkpal-for-business\/","https:\/\/www.trustpilot.com\/review\/talkpal.ai","https:\/\/www.capterra.com\/p\/10006800\/TalkPal\/"],"description":"Talkpal is a language learning web and mobile education app, powered by the latest AI technologies, that provides engaging experiences to its customers in many different languages to help them improve their language skills. Users can chat about unlimited amount of topics with the app and use other modes to practice their language learning.","email":"support@talkpal.ai","legalName":"Talkpal, Inc.","foundingDate":"2023-04-03","duns":"118989042","numberOfEmployees":{"@type":"QuantitativeValue","minValue":"11","maxValue":"50"},"publishingPrinciples":"https:\/\/talkpal.ai\/publishing-principles\/","actionableFeedbackPolicy":"https:\/\/talkpal.ai\/actionable-feedback-policy\/","correctionsPolicy":"https:\/\/talkpal.ai\/corrections-policy\/","ethicsPolicy":"https:\/\/talkpal.ai\/ethics-policy\/","diversityPolicy":"https:\/\/talkpal.ai\/diversity-policy\/","diversityStaffingReport":"https:\/\/talkpal.ai\/diversity-policy\/"}]}},"_links":{"self":[{"href":"https:\/\/talkpal.ai\/et\/wp-json\/wp\/v2\/pages\/135755","targetHints":{"allow":["GET"]}}],"collection":[{"href":"https:\/\/talkpal.ai\/et\/wp-json\/wp\/v2\/pages"}],"about":[{"href":"https:\/\/talkpal.ai\/et\/wp-json\/wp\/v2\/types\/page"}],"author":[{"embeddable":true,"href":"https:\/\/talkpal.ai\/et\/wp-json\/wp\/v2\/users\/6"}],"replies":[{"embeddable":true,"href":"https:\/\/talkpal.ai\/et\/wp-json\/wp\/v2\/comments?post=135755"}],"version-history":[{"count":0,"href":"https:\/\/talkpal.ai\/et\/wp-json\/wp\/v2\/pages\/135755\/revisions"}],"wp:featuredmedia":[{"embeddable":true,"href":"https:\/\/talkpal.ai\/et\/wp-json\/wp\/v2\/media\/108655"}],"wp:attachment":[{"href":"https:\/\/talkpal.ai\/et\/wp-json\/wp\/v2\/media?parent=135755"}],"curies":[{"name":"wp","href":"https:\/\/api.w.org\/{rel}","templated":true}]}}