{"id":135046,"date":"2023-06-16T10:27:33","date_gmt":"2023-06-16T10:27:33","guid":{"rendered":"http:\/\/talkpal.ai\/korea-keele-grammatika-harjutused\/"},"modified":"2025-12-17T16:49:41","modified_gmt":"2025-12-17T16:49:41","slug":"korea-keele-grammatika-harjutused","status":"publish","type":"page","link":"https:\/\/talkpal.ai\/et\/korea-keele-grammatika-harjutused\/","title":{"rendered":"Korea keele grammatika harjutused"},"content":{"rendered":"\r\n\r\n\r\n<section class=\"languageChallengeSection\">\r\n    <div class=\"languageInfoWrapper\">\r\n        \r\n        <h1>Korea keele grammatika harjutused<\/h1>\r\n        <p>Soovite tugevdada oma <a href=\"https:\/\/talkpal.ai\/learn-korean\/\">korea<\/a> keele oskust? Grammatikaharjutustele keskendumine on suurep\u00e4rane v\u00f5imalus omandada lauseehitus, verbil\u00f5pud ja igap\u00e4evased v\u00e4ljendid. Sukelduge ja harjutage regulaarselt korea keele grammatikat &#8211; iga harjutus viib teid l\u00e4hemale loomulikule ja enesekindlale suhtlemisele. Alusta juba t\u00e4na ja vaata, kuidas su korea keele oskused samm-sammult kasvavad!<\/p>\r\n\r\n                            <a class=\"getStartedHidden\" href=\"https:\/\/app.talkpal.ai\/et\/signup?lng=\">Alusta<\/a>\r\n        \r\n    <\/div>\r\n\r\n    <figure>\r\n    <img decoding=\"async\" width=\"768\" height=\"768\" src=\"https:\/\/talkpal.ai\/wp-content\/uploads\/2023\/06\/korean-768x768.png\" class=\"languageImage no-lazy\" alt=\"Line-by-line learning for language acquisition\" fetchpriority=\"high\" sizes=\"(max-width: 768px) 150px, 768px\" srcset=\"https:\/\/talkpal.ai\/wp-content\/uploads\/2023\/06\/korean-768x768.png 768w, https:\/\/talkpal.ai\/wp-content\/uploads\/2023\/06\/korean-300x300.png 300w\" \/>\r\n    \r\n\r\n    <\/figure>\r\n\r\n            <a class=\"getStartedVisible\" href=\"https:\/\/app.talkpal.ai\/et\/signup?lng=\">Alusta<\/a>\r\n    \r\n<\/section>\r\n\r\n\r\n<!-- <section class=\"grammarSection\">\r\n    <div class=\"grammarLinks\">\r\n            <\/div>\r\n<\/section> -->\r\n\r\n\r\n\r\n\r\n<section class=\"promotionalBanner\">\r\n    <p class=\"promotionalText\">K\u00f5ige t\u00f5husam viis keele \u00f5ppimiseks<\/p>\r\n    <a class=\"promotionalLink\" href=\"https:\/\/app.talkpal.ai\/et\/signup?lng=\">Proovige Talkpal tasuta<\/a>\r\n<\/section>\n<div class=\"wp-block-group pageContainerStyle\"><div class=\"wp-block-group__inner-container is-layout-constrained wp-block-group-is-layout-constrained\">\n<h2 class=\"wp-block-heading\" id=\"h-korean-grammar-topics\">Korea keele grammatika teemad<\/h2>\n\n\n\n<p><a href=\"https:\/\/talkpal.ai\/et\/korea-keele-oppimine-kiired-ja-tohusad-nipid-algajatele\/\">Korea keele \u00f5ppimine<\/a> v\u00f5ib olla p\u00f5nev ja rahuldust pakkuv kogemus, kuna see avab uusi kultuurilisi ja professionaalseid v\u00f5imalusi. Korea keelel on rikas ajalugu ja seda r\u00e4\u00e4givad miljonid inimesed kogu maailmas. Mis tahes keele \u00f5ppimise \u00fcks peamisi aspekte on selle <a href=\"https:\/\/talkpal.ai\/greek-grammar\/\">grammatika<\/a> m\u00f5istmine. Korea keele puhul on grammatika \u00fcsna erinev paljudest l\u00e4\u00e4ne keeltest, kuid \u00f5ige l\u00e4henemisviisiga saab seda s\u00fcstemaatiliselt m\u00f5ista. K\u00e4esolevas artiklis uurime erinevaid Korea grammatika teemasid, sealhulgas ajastusi, tegus\u00f5nu, nimis\u00f5nu, artikleid, ases\u00f5nu, omaduss\u00f5nu, m\u00e4\u00e4rs\u00f5nu, eess\u00f5nu ja lauseehitust. Neid m\u00f5isteid m\u00f5istetes ja omandades olete h\u00e4sti teel korea keele valdamise <a href=\"https:\/\/talkpal.ai\/locations\/learn-english-in-poole\/\">poole<\/a>.<\/p>\n\n\n\n<h3 class=\"wp-block-heading\" id=\"h-1-nouns\">1. Nimis\u00f5nad:<\/h3>\n\n\n\n<p>Korea keeles on nimis\u00f5nad lausete olulised ehitusplokid. Nad esindavad inimesi, kohti, asju v\u00f5i ideid. Korea nimis\u00f5nadel ei ole soolisi ega numbrilisi erinevusi, mist\u00f5ttu on neid suhteliselt lihtne \u00f5ppida. Tavaliste Korea nimis\u00f5nadega tutvumine aitab teil luua tugeva s\u00f5navara aluse.<\/p>\n\n\n\n<h3 class=\"wp-block-heading\" id=\"h-2-verbs\">2. Tegus\u00f5nad:<\/h3>\n\n\n\n<p>Korea verbid on kriitilised tegevuste ja olemise seisundite edastamiseks. Need tulevad tavaliselt lause l\u00f5pus ja neil on erinevad vormid s\u00f5ltuvalt pingest ja viisakuse tasemest. Erinevate verbivormide konjugatsioonireeglite m\u00f5istmine on korea keeles t\u00f5husaks suhtlemiseks h\u00e4davajalik.<\/p>\n\n\n\n<h3 class=\"wp-block-heading\" id=\"h-3-adjectives\">3. Omaduss\u00f5nad:<\/h3>\n\n\n\n<p>Korea keeles kasutatakse nimis\u00f5nade kirjeldamiseks omaduss\u00f5nu ja neil on tegus\u00f5nadega sarnased konjugatsioonireeglid. Neid saab kasutada enne v\u00f5i p\u00e4rast nimis\u00f5na ning nende vorm v\u00f5ib muutuda s\u00f5ltuvalt pingelisest ja viisakuse tasemest. Tavaliste omaduss\u00f5nade <a href=\"https:\/\/talkpal.ai\/et\/oppimine\/\">\u00f5ppimine<\/a> ja nende kasutamine parandab teie kirjeldamisv\u00f5imet korea keeles.<\/p>\n\n\n\n<h3 class=\"wp-block-heading\" id=\"h-4-adverbs\">4. M\u00e4\u00e4rs\u00f5nad:<\/h3>\n\n\n\n<p>Korea keele adverbid annavad lisateavet tegus\u00f5nade, omaduss\u00f5nade v\u00f5i muude m\u00e4\u00e4rs\u00f5nade kohta. Tavaliselt tulevad nad enne s\u00f5na, mida nad muudavad, ja neil ei ole konkreetseid konjugatsioonireegleid. M\u00e4\u00e4rs\u00f5nade lisamine koreakeelsetesse lausetesse v\u00f5ib teie v\u00e4ljendusele s\u00fcgavust ja n\u00fcansse lisada.<\/p>\n\n\n\n<h3 class=\"wp-block-heading\" id=\"h-5-pronouns\">5. Ases\u00f5nad:<\/h3>\n\n\n\n<p>Korea ases\u00f5nad aitavad v\u00e4ltida koondamist ja muuta laused l\u00fchemaks. Nad asendavad juba mainitud nimis\u00f5nu v\u00f5i neid m\u00f5istetakse kontekstis. Korea keele pronoomenitel on erinevad vormid, mis s\u00f5ltuvad subjekti sotsiaalsest staatusest ja soost, mist\u00f5ttu on need keele oluline aspekt, mida tuleb omandada.<\/p>\n\n\n\n<h3 class=\"wp-block-heading\" id=\"h-6-prepositions\">6. Eess\u00f5nad:<\/h3>\n\n\n\n<p>Korea keeles kasutatakse eess\u00f5nu nimis\u00f5nade vaheliste suhete v\u00e4ljendamiseks lauses, n\u00e4iteks asukoht, suund v\u00f5i valdus. Erinevalt <a href=\"https:\/\/talkpal.ai\/learn-english\/\">inglise<\/a> keelest tulevad Korea eess\u00f5nad tavaliselt p\u00e4rast nimis\u00f5na, mida nad muudavad, moodustades \u00fche \u00fcksuse, mida nimetatakse postpositsionaalseks fraasiks. Nende osakeste \u00f5ige kasutamise m\u00f5istmine on koreakeelsete sidusate lausete koostamiseks \u00fclioluline.<\/p>\n\n\n\n<h3 class=\"wp-block-heading\" id=\"h-7-sentence-structure\">7. Lauseehitus:<\/h3>\n\n\n\n<p>Korea lause p\u00f5histruktuur on subjekt-objekt-verb (SOV). See t\u00e4hendab, et tegus\u00f5na on tavaliselt lauses viimane, mis v\u00f5ib inglise keele k\u00f5nelejate jaoks olla oluline muutus. \u00d5ige s\u00f5nade j\u00e4rjekorra ja lauseehituse \u00f5ppimine v\u00f5imaldab teil korea keeles t\u00f5husamalt suhelda.<\/p>\n\n\n\n<h3 class=\"wp-block-heading\" id=\"h-8-tenses-indicative-and-subjunctive\">8. Ajad soovituslikud ja subjunktiivsed:<\/h3>\n\n\n\n<p>Korea keeles on erinevad verbivormid varasemate, praeguste ja tulevaste tegevuste v\u00f5i olekute v\u00e4ljendamiseks. Soovituslikku meeleolu kasutatakse faktiv\u00e4idete jaoks, samas kui subjunktiivne meeleolu edastab ebakindlust, v\u00f5imalust v\u00f5i h\u00fcpoteetilisi olukordi. Nende verbivormide \u00f5ige \u00e4ratundmine ja kasutamine on korea keeles selge suhtluse jaoks h\u00e4davajalik.<\/p>\n\n\n\n<h3 class=\"wp-block-heading\" id=\"h-9-tense-comparison\">9. Pingeline v\u00f5rdlus:<\/h3>\n\n\n\n<p>S\u00fcndmuste v\u00f5rdlemine erinevates ajaraamides n\u00f5uab Korea verbi konjugatsiooni n\u00fcansside m\u00f5istmist. \u00d5ppides, kuidas v\u00f5rrelda mineviku, oleviku ja tuleviku s\u00fcndmusi, kasutades sobivaid verbivorme, saate korea keeles edastada keerulisi ideid ja suhteid.<\/p>\n\n\n\n<h3 class=\"wp-block-heading\" id=\"h-10-articles\">10. Artiklid:<\/h3>\n\n\n\n<p>Erinevalt inglise keelest ei ole korea keeles kindlaid ega m\u00e4\u00e4ramata artikleid. Selle asemel tugineb keel kontekstile ja konkreetsete osakeste kasutamisele, et edastada nimis\u00f5na kindlust v\u00f5i m\u00e4\u00e4ramatust. Nende osakeste valdamine v\u00f5imaldab teil end korea keeles t\u00e4psemalt v\u00e4ljendada.<\/p>\n<\/div><\/div>\n\r\n<section class=\"learnNavigationSection\">\r\n            \r\n        <a href=\"https:\/\/talkpal.ai\/et\/opi-korea-keel\/\">\r\n            <div class=\"learnNavigationWrapper\">\r\n                <div class=\"learnNavigationContent\">\r\n                    <img decoding=\"async\" src=\"https:\/\/talkpal.ai\/wp-content\/uploads\/2024\/08\/Korean.jpg\" alt=\"Korean Flag\">\r\n                    <div>\r\n                        <h4>Korea keele \u00f5ppimise kohta<\/h4>\r\n                        <p>Uuri k\u00f5ike korea keele grammatika kohta.<\/p>\r\n                    <\/div>\r\n                <\/div>\r\n            <\/div>\r\n        <\/a>\r\n\r\n        \r\n        <a href=\"https:\/\/talkpal.ai\/et\/korea-keele-grammatika\/\">\r\n            <div class=\"learnNavigationWrapper\">\r\n                <div class=\"learnNavigationContent\">\r\n                    <img decoding=\"async\" src=\"https:\/\/talkpal.ai\/wp-content\/uploads\/2024\/08\/Korean.jpg\" alt=\"Korean Flag\">\r\n                    <div>\r\n                        <h4>Korea keele grammatika \u00f5ppet\u00f6\u00f6<\/h4>\r\n                        <p>Harjutage korea keele grammatikat.<\/p>\r\n                    <\/div>\r\n                <\/div>\r\n            <\/div>\r\n        <\/a>\r\n\r\n        \r\n        <a href=\"https:\/\/talkpal.ai\/vocabulary_language\/korean\/\">\r\n            <div class=\"learnNavigationWrapper\">\r\n                <div class=\"learnNavigationContent\">\r\n                    <img decoding=\"async\" src=\"https:\/\/talkpal.ai\/wp-content\/uploads\/2024\/08\/Korean.jpg\" alt=\"Korean Flag\">\r\n                    <div>\r\n                        <h4>Korea keele s\u00f5navara<\/h4>\r\n                        <p>Laiendage oma korea keele s\u00f5navara.<\/p>\r\n                    <\/div>\r\n                <\/div>\r\n            <\/div>\r\n        <\/a>\r\n\r\n            <\/section>","protected":false},"excerpt":{"rendered":"<p>Korea keele grammatika teemad Korea keele \u00f5ppimine v\u00f5ib olla p\u00f5nev ja rahuldust pakkuv kogemus, kuna see avab uusi kultuurilisi ja professionaalseid v\u00f5imalusi. Korea keelel on rikas ajalugu ja seda r\u00e4\u00e4givad miljonid inimesed kogu maailmas. Mis tahes keele \u00f5ppimise \u00fcks peamisi aspekte on selle grammatika m\u00f5istmine. Korea keele puhul on grammatika \u00fcsna erinev paljudest l\u00e4\u00e4ne keeltest, [&hellip;]<\/p>\n","protected":false},"author":6,"featured_media":107602,"parent":0,"menu_order":0,"comment_status":"closed","ping_status":"closed","template":"LearningContentPage.php","meta":{"_acf_changed":false,"footnotes":""},"class_list":["post-135046","page","type-page","status-publish","has-post-thumbnail","hentry"],"acf":[],"yoast_head":"<!-- This site is optimized with the Yoast SEO Premium plugin v27.2 (Yoast SEO v27.2) - https:\/\/yoast.com\/product\/yoast-seo-premium-wordpress\/ -->\n<title>Korea keele grammatika harjutused - Talkpal<\/title>\n<meta name=\"description\" content=\"Parandage oma korea keele grammatikat h\u00f5lpsalt \u2013 harjutage interaktiivsete harjutustega, \u00f5ppige keelemustreid ja suurendage enesekindlust\" \/>\n<meta name=\"robots\" content=\"index, follow, max-snippet:-1, max-image-preview:large, max-video-preview:-1\" \/>\n<link rel=\"canonical\" href=\"https:\/\/talkpal.ai\/et\/korea-keele-grammatika-harjutused\/\" \/>\n<meta property=\"og:locale\" content=\"et_EE\" \/>\n<meta property=\"og:type\" content=\"article\" \/>\n<meta property=\"og:title\" content=\"Korea keele grammatika harjutused\" \/>\n<meta property=\"og:description\" content=\"Korea keele grammatika teemad Korea keele \u00f5ppimine v\u00f5ib olla p\u00f5nev ja rahuldust pakkuv kogemus, kuna see avab uusi kultuurilisi ja professionaalseid\" \/>\n<meta property=\"og:url\" content=\"https:\/\/talkpal.ai\/et\/korea-keele-grammatika-harjutused\/\" \/>\n<meta property=\"og:site_name\" content=\"Talkpal\" \/>\n<meta property=\"article:publisher\" content=\"https:\/\/www.facebook.com\/profile.php?id=100090733639311\" \/>\n<meta property=\"article:modified_time\" content=\"2025-12-17T16:49:41+00:00\" \/>\n<meta property=\"og:image\" content=\"https:\/\/talkpal.ai\/wp-content\/uploads\/2023\/04\/south-korea.png\" \/>\n\t<meta property=\"og:image:width\" content=\"512\" \/>\n\t<meta property=\"og:image:height\" content=\"512\" \/>\n\t<meta property=\"og:image:type\" content=\"image\/png\" \/>\n<meta name=\"twitter:card\" content=\"summary_large_image\" \/>\n<meta name=\"twitter:site\" content=\"@talkpalai\" \/>\n<meta name=\"twitter:label1\" content=\"Est. reading time\" \/>\n\t<meta name=\"twitter:data1\" content=\"3 minutit\" \/>\n<script type=\"application\/ld+json\" class=\"yoast-schema-graph\">{\"@context\":\"https:\/\/schema.org\",\"@graph\":[{\"@type\":\"WebPage\",\"@id\":\"https:\/\/talkpal.ai\/et\/korea-keele-grammatika-harjutused\/\",\"url\":\"https:\/\/talkpal.ai\/et\/korea-keele-grammatika-harjutused\/\",\"name\":\"Korea keele grammatika harjutused - Talkpal\",\"isPartOf\":{\"@id\":\"https:\/\/talkpal.ai\/et\/#website\"},\"primaryImageOfPage\":{\"@id\":\"https:\/\/talkpal.ai\/et\/korea-keele-grammatika-harjutused\/#primaryimage\"},\"image\":{\"@id\":\"https:\/\/talkpal.ai\/et\/korea-keele-grammatika-harjutused\/#primaryimage\"},\"thumbnailUrl\":\"https:\/\/talkpal.ai\/wp-content\/uploads\/2023\/04\/south-korea.png\",\"datePublished\":\"2023-06-16T10:27:33+00:00\",\"dateModified\":\"2025-12-17T16:49:41+00:00\",\"description\":\"Parandage oma korea keele grammatikat h\u00f5lpsalt \u2013 harjutage interaktiivsete harjutustega, \u00f5ppige keelemustreid ja suurendage enesekindlust\",\"breadcrumb\":{\"@id\":\"https:\/\/talkpal.ai\/et\/korea-keele-grammatika-harjutused\/#breadcrumb\"},\"inLanguage\":\"et\",\"potentialAction\":[{\"@type\":\"ReadAction\",\"target\":[\"https:\/\/talkpal.ai\/et\/korea-keele-grammatika-harjutused\/\"]}]},{\"@type\":\"ImageObject\",\"inLanguage\":\"et\",\"@id\":\"https:\/\/talkpal.ai\/et\/korea-keele-grammatika-harjutused\/#primaryimage\",\"url\":\"https:\/\/talkpal.ai\/wp-content\/uploads\/2023\/04\/south-korea.png\",\"contentUrl\":\"https:\/\/talkpal.ai\/wp-content\/uploads\/2023\/04\/south-korea.png\",\"width\":512,\"height\":512},{\"@type\":\"BreadcrumbList\",\"@id\":\"https:\/\/talkpal.ai\/et\/korea-keele-grammatika-harjutused\/#breadcrumb\",\"itemListElement\":[{\"@type\":\"ListItem\",\"position\":1,\"name\":\"Homepage\",\"item\":\"https:\/\/talkpal.ai\/et\/\"},{\"@type\":\"ListItem\",\"position\":2,\"name\":\"Korea keele grammatika harjutused\"}]},{\"@type\":\"WebSite\",\"@id\":\"https:\/\/talkpal.ai\/et\/#website\",\"url\":\"https:\/\/talkpal.ai\/et\/\",\"name\":\"Talkpal\",\"description\":\"AI Language Learning\",\"publisher\":{\"@id\":\"https:\/\/talkpal.ai\/et\/#organization\"},\"alternateName\":\"Talkpal AI\",\"potentialAction\":[{\"@type\":\"SearchAction\",\"target\":{\"@type\":\"EntryPoint\",\"urlTemplate\":\"https:\/\/talkpal.ai\/et\/?s={search_term_string}\"},\"query-input\":{\"@type\":\"PropertyValueSpecification\",\"valueRequired\":true,\"valueName\":\"search_term_string\"}}],\"inLanguage\":\"et\"},{\"@type\":\"Organization\",\"@id\":\"https:\/\/talkpal.ai\/et\/#organization\",\"name\":\"Talkpal, Inc.\",\"alternateName\":\"Talkpal AI\",\"url\":\"https:\/\/talkpal.ai\/et\/\",\"logo\":{\"@type\":\"ImageObject\",\"inLanguage\":\"et\",\"@id\":\"https:\/\/talkpal.ai\/et\/#\/schema\/logo\/image\/\",\"url\":\"https:\/\/talkpal.ai\/wp-content\/uploads\/2024\/03\/Talkpal-Logo-Icon.png\",\"contentUrl\":\"https:\/\/talkpal.ai\/wp-content\/uploads\/2024\/03\/Talkpal-Logo-Icon.png\",\"width\":2880,\"height\":2880,\"caption\":\"Talkpal, Inc.\"},\"image\":{\"@id\":\"https:\/\/talkpal.ai\/et\/#\/schema\/logo\/image\/\"},\"sameAs\":[\"https:\/\/www.facebook.com\/profile.php?id=100090733639311\",\"https:\/\/x.com\/talkpalai\",\"https:\/\/www.linkedin.com\/company\/talkpal\/\",\"https:\/\/www.youtube.com\/@TalkPal\/\",\"https:\/\/www.tiktok.com\/@talkpal\",\"https:\/\/www.instagram.com\/talkpal_ai\/\",\"https:\/\/www.crunchbase.com\/organization\/talkpal-9cde\",\"https:\/\/www.g2.com\/products\/talkpal-for-business\/\",\"https:\/\/www.trustpilot.com\/review\/talkpal.ai\",\"https:\/\/www.capterra.com\/p\/10006800\/TalkPal\/\"],\"description\":\"Talkpal is a language learning web and mobile education app, powered by the latest AI technologies, that provides engaging experiences to its customers in many different languages to help them improve their language skills. Users can chat about unlimited amount of topics with the app and use other modes to practice their language learning.\",\"email\":\"support@talkpal.ai\",\"legalName\":\"Talkpal, Inc.\",\"foundingDate\":\"2023-04-03\",\"duns\":\"118989042\",\"numberOfEmployees\":{\"@type\":\"QuantitativeValue\",\"minValue\":\"11\",\"maxValue\":\"50\"},\"publishingPrinciples\":\"https:\/\/talkpal.ai\/publishing-principles\/\",\"actionableFeedbackPolicy\":\"https:\/\/talkpal.ai\/actionable-feedback-policy\/\",\"correctionsPolicy\":\"https:\/\/talkpal.ai\/corrections-policy\/\",\"ethicsPolicy\":\"https:\/\/talkpal.ai\/ethics-policy\/\",\"diversityPolicy\":\"https:\/\/talkpal.ai\/diversity-policy\/\",\"diversityStaffingReport\":\"https:\/\/talkpal.ai\/diversity-policy\/\"}]}<\/script>\n<!-- \/ Yoast SEO Premium plugin. -->","yoast_head_json":{"title":"Korea keele grammatika harjutused - Talkpal","description":"Parandage oma korea keele grammatikat h\u00f5lpsalt \u2013 harjutage interaktiivsete harjutustega, \u00f5ppige keelemustreid ja suurendage enesekindlust","robots":{"index":"index","follow":"follow","max-snippet":"max-snippet:-1","max-image-preview":"max-image-preview:large","max-video-preview":"max-video-preview:-1"},"canonical":"https:\/\/talkpal.ai\/et\/korea-keele-grammatika-harjutused\/","og_locale":"et_EE","og_type":"article","og_title":"Korea keele grammatika harjutused","og_description":"Korea keele grammatika teemad Korea keele \u00f5ppimine v\u00f5ib olla p\u00f5nev ja rahuldust pakkuv kogemus, kuna see avab uusi kultuurilisi ja professionaalseid","og_url":"https:\/\/talkpal.ai\/et\/korea-keele-grammatika-harjutused\/","og_site_name":"Talkpal","article_publisher":"https:\/\/www.facebook.com\/profile.php?id=100090733639311","article_modified_time":"2025-12-17T16:49:41+00:00","og_image":[{"width":512,"height":512,"url":"https:\/\/talkpal.ai\/wp-content\/uploads\/2023\/04\/south-korea.png","type":"image\/png"}],"twitter_card":"summary_large_image","twitter_site":"@talkpalai","twitter_misc":{"Est. reading time":"3 minutit"},"schema":{"@context":"https:\/\/schema.org","@graph":[{"@type":"WebPage","@id":"https:\/\/talkpal.ai\/et\/korea-keele-grammatika-harjutused\/","url":"https:\/\/talkpal.ai\/et\/korea-keele-grammatika-harjutused\/","name":"Korea keele grammatika harjutused - Talkpal","isPartOf":{"@id":"https:\/\/talkpal.ai\/et\/#website"},"primaryImageOfPage":{"@id":"https:\/\/talkpal.ai\/et\/korea-keele-grammatika-harjutused\/#primaryimage"},"image":{"@id":"https:\/\/talkpal.ai\/et\/korea-keele-grammatika-harjutused\/#primaryimage"},"thumbnailUrl":"https:\/\/talkpal.ai\/wp-content\/uploads\/2023\/04\/south-korea.png","datePublished":"2023-06-16T10:27:33+00:00","dateModified":"2025-12-17T16:49:41+00:00","description":"Parandage oma korea keele grammatikat h\u00f5lpsalt \u2013 harjutage interaktiivsete harjutustega, \u00f5ppige keelemustreid ja suurendage enesekindlust","breadcrumb":{"@id":"https:\/\/talkpal.ai\/et\/korea-keele-grammatika-harjutused\/#breadcrumb"},"inLanguage":"et","potentialAction":[{"@type":"ReadAction","target":["https:\/\/talkpal.ai\/et\/korea-keele-grammatika-harjutused\/"]}]},{"@type":"ImageObject","inLanguage":"et","@id":"https:\/\/talkpal.ai\/et\/korea-keele-grammatika-harjutused\/#primaryimage","url":"https:\/\/talkpal.ai\/wp-content\/uploads\/2023\/04\/south-korea.png","contentUrl":"https:\/\/talkpal.ai\/wp-content\/uploads\/2023\/04\/south-korea.png","width":512,"height":512},{"@type":"BreadcrumbList","@id":"https:\/\/talkpal.ai\/et\/korea-keele-grammatika-harjutused\/#breadcrumb","itemListElement":[{"@type":"ListItem","position":1,"name":"Homepage","item":"https:\/\/talkpal.ai\/et\/"},{"@type":"ListItem","position":2,"name":"Korea keele grammatika harjutused"}]},{"@type":"WebSite","@id":"https:\/\/talkpal.ai\/et\/#website","url":"https:\/\/talkpal.ai\/et\/","name":"Talkpal","description":"AI Language Learning","publisher":{"@id":"https:\/\/talkpal.ai\/et\/#organization"},"alternateName":"Talkpal AI","potentialAction":[{"@type":"SearchAction","target":{"@type":"EntryPoint","urlTemplate":"https:\/\/talkpal.ai\/et\/?s={search_term_string}"},"query-input":{"@type":"PropertyValueSpecification","valueRequired":true,"valueName":"search_term_string"}}],"inLanguage":"et"},{"@type":"Organization","@id":"https:\/\/talkpal.ai\/et\/#organization","name":"Talkpal, Inc.","alternateName":"Talkpal AI","url":"https:\/\/talkpal.ai\/et\/","logo":{"@type":"ImageObject","inLanguage":"et","@id":"https:\/\/talkpal.ai\/et\/#\/schema\/logo\/image\/","url":"https:\/\/talkpal.ai\/wp-content\/uploads\/2024\/03\/Talkpal-Logo-Icon.png","contentUrl":"https:\/\/talkpal.ai\/wp-content\/uploads\/2024\/03\/Talkpal-Logo-Icon.png","width":2880,"height":2880,"caption":"Talkpal, Inc."},"image":{"@id":"https:\/\/talkpal.ai\/et\/#\/schema\/logo\/image\/"},"sameAs":["https:\/\/www.facebook.com\/profile.php?id=100090733639311","https:\/\/x.com\/talkpalai","https:\/\/www.linkedin.com\/company\/talkpal\/","https:\/\/www.youtube.com\/@TalkPal\/","https:\/\/www.tiktok.com\/@talkpal","https:\/\/www.instagram.com\/talkpal_ai\/","https:\/\/www.crunchbase.com\/organization\/talkpal-9cde","https:\/\/www.g2.com\/products\/talkpal-for-business\/","https:\/\/www.trustpilot.com\/review\/talkpal.ai","https:\/\/www.capterra.com\/p\/10006800\/TalkPal\/"],"description":"Talkpal is a language learning web and mobile education app, powered by the latest AI technologies, that provides engaging experiences to its customers in many different languages to help them improve their language skills. Users can chat about unlimited amount of topics with the app and use other modes to practice their language learning.","email":"support@talkpal.ai","legalName":"Talkpal, Inc.","foundingDate":"2023-04-03","duns":"118989042","numberOfEmployees":{"@type":"QuantitativeValue","minValue":"11","maxValue":"50"},"publishingPrinciples":"https:\/\/talkpal.ai\/publishing-principles\/","actionableFeedbackPolicy":"https:\/\/talkpal.ai\/actionable-feedback-policy\/","correctionsPolicy":"https:\/\/talkpal.ai\/corrections-policy\/","ethicsPolicy":"https:\/\/talkpal.ai\/ethics-policy\/","diversityPolicy":"https:\/\/talkpal.ai\/diversity-policy\/","diversityStaffingReport":"https:\/\/talkpal.ai\/diversity-policy\/"}]}},"_links":{"self":[{"href":"https:\/\/talkpal.ai\/et\/wp-json\/wp\/v2\/pages\/135046","targetHints":{"allow":["GET"]}}],"collection":[{"href":"https:\/\/talkpal.ai\/et\/wp-json\/wp\/v2\/pages"}],"about":[{"href":"https:\/\/talkpal.ai\/et\/wp-json\/wp\/v2\/types\/page"}],"author":[{"embeddable":true,"href":"https:\/\/talkpal.ai\/et\/wp-json\/wp\/v2\/users\/6"}],"replies":[{"embeddable":true,"href":"https:\/\/talkpal.ai\/et\/wp-json\/wp\/v2\/comments?post=135046"}],"version-history":[{"count":0,"href":"https:\/\/talkpal.ai\/et\/wp-json\/wp\/v2\/pages\/135046\/revisions"}],"wp:featuredmedia":[{"embeddable":true,"href":"https:\/\/talkpal.ai\/et\/wp-json\/wp\/v2\/media\/107602"}],"wp:attachment":[{"href":"https:\/\/talkpal.ai\/et\/wp-json\/wp\/v2\/media?parent=135046"}],"curies":[{"name":"wp","href":"https:\/\/api.w.org\/{rel}","templated":true}]}}