{"id":134674,"date":"2023-06-16T10:21:59","date_gmt":"2023-06-16T10:21:59","guid":{"rendered":"http:\/\/talkpal.ai\/jaapani-keele-grammatika-harjutused\/"},"modified":"2025-12-17T16:57:00","modified_gmt":"2025-12-17T16:57:00","slug":"jaapani-keele-grammatika-harjutused","status":"publish","type":"page","link":"https:\/\/talkpal.ai\/et\/jaapani-keele-grammatika-harjutused\/","title":{"rendered":"Jaapani keele grammatika harjutused"},"content":{"rendered":"\r\n\r\n\r\n<section class=\"languageChallengeSection\">\r\n    <div class=\"languageInfoWrapper\">\r\n        \r\n        <h1>Jaapani keele grammatika harjutused<\/h1>\r\n        <p>Kas olete valmis oma <a href=\"https:\/\/talkpal.ai\/et\/opi-jaapani-keel\/\">jaapani keele<\/a> oskuse j\u00e4rgmisele tasemele viima? Grammatikaharjutuste tegemine on suurep\u00e4rane v\u00f5imalus m\u00f5ista lausemustreid, kasutada korrektselt partikleid ja tunda end keelega paremini koduselt. H\u00fcppa sisse, proovi uusi grammatikapunkte ja vaata, kuidas <a href=\"https:\/\/talkpal.ai\/locations\/language-courses-in-iga\/\">iga<\/a> harjutus viib sind sujuvale keeleoskusele l\u00e4hemale &#8211; alusta <a href=\"https:\/\/talkpal.ai\/learn-japanese\/\">jaapani<\/a> keele <a href=\"https:\/\/talkpal.ai\/greek-grammar\/\">grammatika<\/a> harjutamist juba t\u00e4na!<\/p>\r\n\r\n                            <a class=\"getStartedHidden\" href=\"https:\/\/app.talkpal.ai\/et\/signup?lng=\">Alusta<\/a>\r\n        \r\n    <\/div>\r\n\r\n    <figure>\r\n    <img decoding=\"async\" width=\"768\" height=\"768\" src=\"https:\/\/talkpal.ai\/wp-content\/uploads\/2023\/06\/japanese-768x768.png\" class=\"languageImage no-lazy\" alt=\"Language learning for world travelers\" fetchpriority=\"high\" sizes=\"(max-width: 768px) 150px, 768px\" srcset=\"https:\/\/talkpal.ai\/wp-content\/uploads\/2023\/06\/japanese-768x768.png 768w, https:\/\/talkpal.ai\/wp-content\/uploads\/2023\/06\/japanese-300x300.png 300w\" \/>\r\n    \r\n\r\n    <\/figure>\r\n\r\n            <a class=\"getStartedVisible\" href=\"https:\/\/app.talkpal.ai\/et\/signup?lng=\">Alusta<\/a>\r\n    \r\n<\/section>\r\n\r\n\r\n<!-- <section class=\"grammarSection\">\r\n    <div class=\"grammarLinks\">\r\n            <\/div>\r\n<\/section> -->\r\n\r\n\r\n\r\n\r\n<section class=\"promotionalBanner\">\r\n    <p class=\"promotionalText\">K\u00f5ige t\u00f5husam viis keele \u00f5ppimiseks<\/p>\r\n    <a class=\"promotionalLink\" href=\"https:\/\/app.talkpal.ai\/et\/signup?lng=\">Proovige Talkpal tasuta<\/a>\r\n<\/section>\n<div class=\"wp-block-group pageContainerStyle\"><div class=\"wp-block-group__inner-container is-layout-constrained wp-block-group-is-layout-constrained\">\n<h2 class=\"wp-block-heading\" id=\"h-japanese-grammar-topics\">Jaapani keele grammatika teemad<\/h2>\n\n\n\n<p><a href=\"https:\/\/talkpal.ai\/et\/jaapani-keele-oppimine-lihtsate-sammudega-algajatele-parim-juhend\/\">Jaapani keele \u00f5ppimine<\/a> v\u00f5ib olla p\u00f5nev ja rahuldust pakkuv kogemus, kuna see avab t\u00e4iesti uue kultuuri-, suhtlus- ja isikliku kasvu maailma. <a href=\"https:\/\/talkpal.ai\/learn-japanese\/\">Jaapani<\/a> keelel on ainulaadne struktuur ja grammatikas\u00fcsteem, mis v\u00f5ib alguses tunduda hirmutav, kuid mida saab omandada j\u00e4rjepideva praktika ja h\u00e4sti korraldatud \u00f5ppeplaani abil. Selleks, et h\u00f5lbustada teie teekonda <a href=\"https:\/\/talkpal.ai\/et\/opi-jaapani-keel\/\">jaapani keele<\/a> maailma, oleme koondanud olulised grammatikateemad j\u00e4rjestusse, mis aitab teil luua tugeva aluse ja sujuvalt edasi liikuda. Keskendudes nendele grammatikaelementidele, olete h\u00e4sti teel jaapani keele oskuse saavutamiseks.<\/p>\n\n\n\n<h3 class=\"wp-block-heading\" id=\"h-1-particles\">1. Osakesed:<\/h3>\n\n\n\n<p>Osakesed on jaapani keeles olulised, kuna need n\u00e4itavad s\u00f5nade vahelist seost lauses. Need toimivad nagu eess\u00f5nad ja postpositsioonid teistes keeltes. Selliste osakeste <a href=\"https:\/\/talkpal.ai\/et\/oppimine\/\">\u00f5ppimine<\/a> nagu \u306f (wa), \u304c (ga), \u3092 (wo), \u306b (ni), \u3067 (de) ja \u3068 (to) aitavad teil moodustada p\u00f5hilauseid ja m\u00f5ista iga s\u00f5na funktsiooni.<\/p>\n\n\n\n<h3 class=\"wp-block-heading\" id=\"h-2-nouns\">2. Nimis\u00f5nad:<\/h3>\n\n\n\n<p>\u00dchiste nimis\u00f5nadega tutvumine v\u00f5imaldab teil alustada oma s\u00f5navara ehitamist. Jaapani nimis\u00f5nadel ei ole sugu, numbrit ega artikleid, mis lihtsustab \u00f5ppeprotsessi.<\/p>\n\n\n\n<h3 class=\"wp-block-heading\" id=\"h-3-pronouns\">3. Ases\u00f5nad:<\/h3>\n\n\n\n<p>Jaapani ases\u00f5nu kasutatakse inimestele ja asjadele viitamiseks. M\u00f5ned levinud pronoomenid on \u79c1 (watashi &#8211; mina), \u3042\u306a\u305f (anata &#8211; sina), \u5f7c (kare &#8211; ta), \u5f7c\u5973 (kanojo &#8211; ta) ja \u305d\u308c (sore &#8211; see).<\/p>\n\n\n\n<h3 class=\"wp-block-heading\" id=\"h-4-verb-conjugation\">4. Verbi konjugatsioon:<\/h3>\n\n\n\n<p>Jaapani verbidel on erinevad konjugatsioonid, mis p\u00f5hinevad pingel, viisakusel ja muudel teguritel. P\u00f5hiliste verbivormide, n\u00e4iteks s\u00f5naraamatu vormi, -masu vormi ja -te vormi \u00f5ppimine aitab teil v\u00e4ljendada erinevaid tegevusi ja olekuid.<\/p>\n\n\n\n<h3 class=\"wp-block-heading\" id=\"h-5-tenses\">5. Ajavormid:<\/h3>\n\n\n\n<p>Jaapani keeles on mineviku ja mitte-mineviku ajad, kusjuures viimast kasutatakse praeguste ja tulevaste tegevuste jaoks. M\u00f5istmine, kuidas tegus\u00f5nu nendes ajastustes konjugeerida, aitab teil aega t\u00e4pselt v\u00e4ljendada.<\/p>\n\n\n\n<h3 class=\"wp-block-heading\" id=\"h-6-adjectives\">6. Omaduss\u00f5nad:<\/h3>\n\n\n\n<p>Jaapani omaduss\u00f5nad on jagatud kahte r\u00fchma: i-omaduss\u00f5nad ja na-omaduss\u00f5nad. Nende konjugatsioonireeglite \u00f5ppimine ja nende kasutamine lausetes aitab teil kirjeldada objekte, inimesi ja olukordi.<\/p>\n\n\n\n<h3 class=\"wp-block-heading\" id=\"h-7-adverbs\">7. M\u00e4\u00e4rs\u00f5nad:<\/h3>\n\n\n\n<p>M\u00e4\u00e4rs\u00f5nad muudavad tegus\u00f5nu, omaduss\u00f5nu ja muid m\u00e4\u00e4rs\u00f5nu, lisades teie lausetele n\u00fcansse. Levinud jaapani adverbid on n\u00e4iteks \u901f\u304f (hayaku &#8211; kiiresti), \u3086\u3063\u304f\u308a (yukkuri &#8211; aeglaselt) ja \u3068\u3066\u3082 (totemo &#8211; v\u00e4ga).<\/p>\n\n\n\n<h3 class=\"wp-block-heading\" id=\"h-8-prepositions\">8. Eess\u00f5nad:<\/h3>\n\n\n\n<p>Kuigi jaapani keeles ei ole prepositsioone samamoodi nagu <a href=\"https:\/\/talkpal.ai\/learn-english\/\">inglise<\/a> keeles, toimivad m\u00f5ned partiklid sarnaselt. Nende osakeste ja nende kasutamise \u00f5ppimine aitab teil v\u00e4ljendada ruumilisi ja ajalisi suhteid.<\/p>\n\n\n\n<h3 class=\"wp-block-heading\" id=\"h-9-conjunctions\">9. Konjunktsioonid:<\/h3>\n\n\n\n<p>Konjunktsioone kasutatakse s\u00f5nade, fraaside ja klauslite \u00fchendamiseks. Levinud jaapani konjunktsioonid on \u305d\u3057\u3066 (soshite &#8211; ja), \u3057\u304b\u3057 (shikashi &#8211; siiski) ja \u3060\u304b\u3089 (dakara &#8211; seega).<\/p>\n\n\n\n<h3 class=\"wp-block-heading\" id=\"h-10-sentence-structure\">10. Lause struktuur:<\/h3>\n\n\n\n<p>Jaapani keel j\u00e4rgib subjekti-objekti-verbi (SOV) lausestruktuuri. Selle struktuuri ja muude lausemustrite m\u00f5istmine aitab teil luua t\u00e4pseid ja keerulisi lauseid.<\/p>\n\n\n\n<h3 class=\"wp-block-heading\" id=\"h-11-honorifics\">11. Autasud:<\/h3>\n\n\n\n<p>Jaapanil on keeruline autasude s\u00fcsteem, mis v\u00e4ljendab viisakust ja austust. Auk\u00f5ne p\u00f5hialuste \u00f5ppimine, n\u00e4iteks \u3067\u3059 (desu) ja \u307e\u3059 (masu) kasutamine, aitab teil sotsiaalsetes olukordades navigeerida.<\/p>\n\n\n\n<h3 class=\"wp-block-heading\" id=\"h-12-expressions\">12. V\u00e4ljendid:<\/h3>\n\n\n\n<p>Tavaliste Jaapani v\u00e4ljendite ja idioomidega tutvumine aitab teil vestluses loomulikumalt ja sujuvamalt k\u00f5lada.<\/p>\n\n\n\n<h3 class=\"wp-block-heading\" id=\"h-13-numbers\">13. Numbrid:<\/h3>\n\n\n\n<p>Jaapanil on ainulaadne numbris\u00fcsteem, millel on erinevad loendurid erinevate objektide jaoks. Numbrite loendamise ja konteksti kasutamise \u00f5ppimine on igap\u00e4evase suhtluse jaoks h\u00e4davajalik.<\/p>\n\n\n\n<h3 class=\"wp-block-heading\" id=\"h-14-verbs\">14. Tegus\u00f5nad:<\/h3>\n\n\n\n<p>L\u00f5puks v\u00f5imaldab verbi s\u00f5navara laiendamine v\u00e4ljendada mitmesuguseid tegevusi ja olekuid, v\u00f5imaldades teil jaapani keeles t\u00f5husamalt suhelda.<\/p>\n<\/div><\/div>\n\r\n<section class=\"learnNavigationSection\">\r\n            \r\n        <a href=\"https:\/\/talkpal.ai\/et\/opi-jaapani-keel\/\">\r\n            <div class=\"learnNavigationWrapper\">\r\n                <div class=\"learnNavigationContent\">\r\n                    <img decoding=\"async\" src=\"https:\/\/talkpal.ai\/wp-content\/uploads\/2024\/08\/Japanese.jpg\" alt=\"Japanese Flag\">\r\n                    <div>\r\n                        <h4>Jaapani keele \u00f5ppimisest<\/h4>\r\n                        <p>Uuri k\u00f5ike jaapani keele grammatika kohta.<\/p>\r\n                    <\/div>\r\n                <\/div>\r\n            <\/div>\r\n        <\/a>\r\n\r\n        \r\n        <a href=\"https:\/\/talkpal.ai\/et\/jaapani-keele-grammatika\/\">\r\n            <div class=\"learnNavigationWrapper\">\r\n                <div class=\"learnNavigationContent\">\r\n                    <img decoding=\"async\" src=\"https:\/\/talkpal.ai\/wp-content\/uploads\/2024\/08\/Japanese.jpg\" alt=\"Japanese Flag\">\r\n                    <div>\r\n                        <h4>Jaapani keele grammatika tunnid<\/h4>\r\n                        <p>Harjutage jaapani keele grammatikat.<\/p>\r\n                    <\/div>\r\n                <\/div>\r\n            <\/div>\r\n        <\/a>\r\n\r\n        \r\n        <a href=\"https:\/\/talkpal.ai\/vocabulary_language\/japanese\/\">\r\n            <div class=\"learnNavigationWrapper\">\r\n                <div class=\"learnNavigationContent\">\r\n                    <img decoding=\"async\" src=\"https:\/\/talkpal.ai\/wp-content\/uploads\/2024\/08\/Japanese.jpg\" alt=\"Japanese Flag\">\r\n                    <div>\r\n                        <h4>Jaapani s\u00f5navara<\/h4>\r\n                        <p>Laiendage oma jaapani keele s\u00f5navara.<\/p>\r\n                    <\/div>\r\n                <\/div>\r\n            <\/div>\r\n        <\/a>\r\n\r\n            <\/section>","protected":false},"excerpt":{"rendered":"<p>Jaapani keele grammatika teemad Jaapani keele \u00f5ppimine v\u00f5ib olla p\u00f5nev ja rahuldust pakkuv kogemus, kuna see avab t\u00e4iesti uue kultuuri-, suhtlus- ja isikliku kasvu maailma. Jaapani keelel on ainulaadne struktuur ja grammatikas\u00fcsteem, mis v\u00f5ib alguses tunduda hirmutav, kuid mida saab omandada j\u00e4rjepideva praktika ja h\u00e4sti korraldatud \u00f5ppeplaani abil. Selleks, et h\u00f5lbustada teie teekonda jaapani keele [&hellip;]<\/p>\n","protected":false},"author":6,"featured_media":107305,"parent":0,"menu_order":0,"comment_status":"closed","ping_status":"closed","template":"LearningContentPage.php","meta":{"_acf_changed":false,"footnotes":""},"class_list":["post-134674","page","type-page","status-publish","has-post-thumbnail","hentry"],"acf":[],"yoast_head":"<!-- This site is optimized with the Yoast SEO Premium plugin v27.2 (Yoast SEO v27.2) - https:\/\/yoast.com\/product\/yoast-seo-premium-wordpress\/ -->\n<title>Jaapani keele grammatika harjutused - Talkpal<\/title>\n<meta name=\"description\" content=\"Parandage oma jaapani keele grammatikaoskust - omandage lausekonstruktsioone, harjutage interaktiivseid tegevusi ja parandage sujuva keeleoskust.\" \/>\n<meta name=\"robots\" content=\"index, follow, max-snippet:-1, max-image-preview:large, max-video-preview:-1\" \/>\n<link rel=\"canonical\" href=\"https:\/\/talkpal.ai\/et\/jaapani-keele-grammatika-harjutused\/\" \/>\n<meta property=\"og:locale\" content=\"et_EE\" \/>\n<meta property=\"og:type\" content=\"article\" \/>\n<meta property=\"og:title\" content=\"Jaapani keele grammatika harjutused\" \/>\n<meta property=\"og:description\" content=\"Jaapani keele grammatika teemad Jaapani keele \u00f5ppimine v\u00f5ib olla p\u00f5nev ja rahuldust pakkuv kogemus, kuna see avab t\u00e4iesti uue kultuuri-, suhtlus- ja\" \/>\n<meta property=\"og:url\" content=\"https:\/\/talkpal.ai\/et\/jaapani-keele-grammatika-harjutused\/\" \/>\n<meta property=\"og:site_name\" content=\"Talkpal\" \/>\n<meta property=\"article:publisher\" content=\"https:\/\/www.facebook.com\/profile.php?id=100090733639311\" \/>\n<meta property=\"article:modified_time\" content=\"2025-12-17T16:57:00+00:00\" \/>\n<meta property=\"og:image\" content=\"https:\/\/talkpal.ai\/wp-content\/uploads\/2023\/04\/japan.png\" \/>\n\t<meta property=\"og:image:width\" content=\"512\" \/>\n\t<meta property=\"og:image:height\" content=\"512\" \/>\n\t<meta property=\"og:image:type\" content=\"image\/png\" \/>\n<meta name=\"twitter:card\" content=\"summary_large_image\" \/>\n<meta name=\"twitter:site\" content=\"@talkpalai\" \/>\n<meta name=\"twitter:label1\" content=\"Est. reading time\" \/>\n\t<meta name=\"twitter:data1\" content=\"3 minutit\" \/>\n<script type=\"application\/ld+json\" class=\"yoast-schema-graph\">{\"@context\":\"https:\/\/schema.org\",\"@graph\":[{\"@type\":\"WebPage\",\"@id\":\"https:\/\/talkpal.ai\/et\/jaapani-keele-grammatika-harjutused\/\",\"url\":\"https:\/\/talkpal.ai\/et\/jaapani-keele-grammatika-harjutused\/\",\"name\":\"Jaapani keele grammatika harjutused - Talkpal\",\"isPartOf\":{\"@id\":\"https:\/\/talkpal.ai\/et\/#website\"},\"primaryImageOfPage\":{\"@id\":\"https:\/\/talkpal.ai\/et\/jaapani-keele-grammatika-harjutused\/#primaryimage\"},\"image\":{\"@id\":\"https:\/\/talkpal.ai\/et\/jaapani-keele-grammatika-harjutused\/#primaryimage\"},\"thumbnailUrl\":\"https:\/\/talkpal.ai\/wp-content\/uploads\/2023\/04\/japan.png\",\"datePublished\":\"2023-06-16T10:21:59+00:00\",\"dateModified\":\"2025-12-17T16:57:00+00:00\",\"description\":\"Parandage oma jaapani keele grammatikaoskust - omandage lausekonstruktsioone, harjutage interaktiivseid tegevusi ja parandage sujuva keeleoskust.\",\"breadcrumb\":{\"@id\":\"https:\/\/talkpal.ai\/et\/jaapani-keele-grammatika-harjutused\/#breadcrumb\"},\"inLanguage\":\"et\",\"potentialAction\":[{\"@type\":\"ReadAction\",\"target\":[\"https:\/\/talkpal.ai\/et\/jaapani-keele-grammatika-harjutused\/\"]}]},{\"@type\":\"ImageObject\",\"inLanguage\":\"et\",\"@id\":\"https:\/\/talkpal.ai\/et\/jaapani-keele-grammatika-harjutused\/#primaryimage\",\"url\":\"https:\/\/talkpal.ai\/wp-content\/uploads\/2023\/04\/japan.png\",\"contentUrl\":\"https:\/\/talkpal.ai\/wp-content\/uploads\/2023\/04\/japan.png\",\"width\":512,\"height\":512},{\"@type\":\"BreadcrumbList\",\"@id\":\"https:\/\/talkpal.ai\/et\/jaapani-keele-grammatika-harjutused\/#breadcrumb\",\"itemListElement\":[{\"@type\":\"ListItem\",\"position\":1,\"name\":\"Homepage\",\"item\":\"https:\/\/talkpal.ai\/et\/\"},{\"@type\":\"ListItem\",\"position\":2,\"name\":\"Jaapani keele grammatika harjutused\"}]},{\"@type\":\"WebSite\",\"@id\":\"https:\/\/talkpal.ai\/et\/#website\",\"url\":\"https:\/\/talkpal.ai\/et\/\",\"name\":\"Talkpal\",\"description\":\"AI Language Learning\",\"publisher\":{\"@id\":\"https:\/\/talkpal.ai\/et\/#organization\"},\"alternateName\":\"Talkpal AI\",\"potentialAction\":[{\"@type\":\"SearchAction\",\"target\":{\"@type\":\"EntryPoint\",\"urlTemplate\":\"https:\/\/talkpal.ai\/et\/?s={search_term_string}\"},\"query-input\":{\"@type\":\"PropertyValueSpecification\",\"valueRequired\":true,\"valueName\":\"search_term_string\"}}],\"inLanguage\":\"et\"},{\"@type\":\"Organization\",\"@id\":\"https:\/\/talkpal.ai\/et\/#organization\",\"name\":\"Talkpal, Inc.\",\"alternateName\":\"Talkpal AI\",\"url\":\"https:\/\/talkpal.ai\/et\/\",\"logo\":{\"@type\":\"ImageObject\",\"inLanguage\":\"et\",\"@id\":\"https:\/\/talkpal.ai\/et\/#\/schema\/logo\/image\/\",\"url\":\"https:\/\/talkpal.ai\/wp-content\/uploads\/2024\/03\/Talkpal-Logo-Icon.png\",\"contentUrl\":\"https:\/\/talkpal.ai\/wp-content\/uploads\/2024\/03\/Talkpal-Logo-Icon.png\",\"width\":2880,\"height\":2880,\"caption\":\"Talkpal, Inc.\"},\"image\":{\"@id\":\"https:\/\/talkpal.ai\/et\/#\/schema\/logo\/image\/\"},\"sameAs\":[\"https:\/\/www.facebook.com\/profile.php?id=100090733639311\",\"https:\/\/x.com\/talkpalai\",\"https:\/\/www.linkedin.com\/company\/talkpal\/\",\"https:\/\/www.youtube.com\/@TalkPal\/\",\"https:\/\/www.tiktok.com\/@talkpal\",\"https:\/\/www.instagram.com\/talkpal_ai\/\",\"https:\/\/www.crunchbase.com\/organization\/talkpal-9cde\",\"https:\/\/www.g2.com\/products\/talkpal-for-business\/\",\"https:\/\/www.trustpilot.com\/review\/talkpal.ai\",\"https:\/\/www.capterra.com\/p\/10006800\/TalkPal\/\"],\"description\":\"Talkpal is a language learning web and mobile education app, powered by the latest AI technologies, that provides engaging experiences to its customers in many different languages to help them improve their language skills. Users can chat about unlimited amount of topics with the app and use other modes to practice their language learning.\",\"email\":\"support@talkpal.ai\",\"legalName\":\"Talkpal, Inc.\",\"foundingDate\":\"2023-04-03\",\"duns\":\"118989042\",\"numberOfEmployees\":{\"@type\":\"QuantitativeValue\",\"minValue\":\"11\",\"maxValue\":\"50\"},\"publishingPrinciples\":\"https:\/\/talkpal.ai\/publishing-principles\/\",\"actionableFeedbackPolicy\":\"https:\/\/talkpal.ai\/actionable-feedback-policy\/\",\"correctionsPolicy\":\"https:\/\/talkpal.ai\/corrections-policy\/\",\"ethicsPolicy\":\"https:\/\/talkpal.ai\/ethics-policy\/\",\"diversityPolicy\":\"https:\/\/talkpal.ai\/diversity-policy\/\",\"diversityStaffingReport\":\"https:\/\/talkpal.ai\/diversity-policy\/\"}]}<\/script>\n<!-- \/ Yoast SEO Premium plugin. -->","yoast_head_json":{"title":"Jaapani keele grammatika harjutused - Talkpal","description":"Parandage oma jaapani keele grammatikaoskust - omandage lausekonstruktsioone, harjutage interaktiivseid tegevusi ja parandage sujuva keeleoskust.","robots":{"index":"index","follow":"follow","max-snippet":"max-snippet:-1","max-image-preview":"max-image-preview:large","max-video-preview":"max-video-preview:-1"},"canonical":"https:\/\/talkpal.ai\/et\/jaapani-keele-grammatika-harjutused\/","og_locale":"et_EE","og_type":"article","og_title":"Jaapani keele grammatika harjutused","og_description":"Jaapani keele grammatika teemad Jaapani keele \u00f5ppimine v\u00f5ib olla p\u00f5nev ja rahuldust pakkuv kogemus, kuna see avab t\u00e4iesti uue kultuuri-, suhtlus- ja","og_url":"https:\/\/talkpal.ai\/et\/jaapani-keele-grammatika-harjutused\/","og_site_name":"Talkpal","article_publisher":"https:\/\/www.facebook.com\/profile.php?id=100090733639311","article_modified_time":"2025-12-17T16:57:00+00:00","og_image":[{"width":512,"height":512,"url":"https:\/\/talkpal.ai\/wp-content\/uploads\/2023\/04\/japan.png","type":"image\/png"}],"twitter_card":"summary_large_image","twitter_site":"@talkpalai","twitter_misc":{"Est. reading time":"3 minutit"},"schema":{"@context":"https:\/\/schema.org","@graph":[{"@type":"WebPage","@id":"https:\/\/talkpal.ai\/et\/jaapani-keele-grammatika-harjutused\/","url":"https:\/\/talkpal.ai\/et\/jaapani-keele-grammatika-harjutused\/","name":"Jaapani keele grammatika harjutused - Talkpal","isPartOf":{"@id":"https:\/\/talkpal.ai\/et\/#website"},"primaryImageOfPage":{"@id":"https:\/\/talkpal.ai\/et\/jaapani-keele-grammatika-harjutused\/#primaryimage"},"image":{"@id":"https:\/\/talkpal.ai\/et\/jaapani-keele-grammatika-harjutused\/#primaryimage"},"thumbnailUrl":"https:\/\/talkpal.ai\/wp-content\/uploads\/2023\/04\/japan.png","datePublished":"2023-06-16T10:21:59+00:00","dateModified":"2025-12-17T16:57:00+00:00","description":"Parandage oma jaapani keele grammatikaoskust - omandage lausekonstruktsioone, harjutage interaktiivseid tegevusi ja parandage sujuva keeleoskust.","breadcrumb":{"@id":"https:\/\/talkpal.ai\/et\/jaapani-keele-grammatika-harjutused\/#breadcrumb"},"inLanguage":"et","potentialAction":[{"@type":"ReadAction","target":["https:\/\/talkpal.ai\/et\/jaapani-keele-grammatika-harjutused\/"]}]},{"@type":"ImageObject","inLanguage":"et","@id":"https:\/\/talkpal.ai\/et\/jaapani-keele-grammatika-harjutused\/#primaryimage","url":"https:\/\/talkpal.ai\/wp-content\/uploads\/2023\/04\/japan.png","contentUrl":"https:\/\/talkpal.ai\/wp-content\/uploads\/2023\/04\/japan.png","width":512,"height":512},{"@type":"BreadcrumbList","@id":"https:\/\/talkpal.ai\/et\/jaapani-keele-grammatika-harjutused\/#breadcrumb","itemListElement":[{"@type":"ListItem","position":1,"name":"Homepage","item":"https:\/\/talkpal.ai\/et\/"},{"@type":"ListItem","position":2,"name":"Jaapani keele grammatika harjutused"}]},{"@type":"WebSite","@id":"https:\/\/talkpal.ai\/et\/#website","url":"https:\/\/talkpal.ai\/et\/","name":"Talkpal","description":"AI Language Learning","publisher":{"@id":"https:\/\/talkpal.ai\/et\/#organization"},"alternateName":"Talkpal AI","potentialAction":[{"@type":"SearchAction","target":{"@type":"EntryPoint","urlTemplate":"https:\/\/talkpal.ai\/et\/?s={search_term_string}"},"query-input":{"@type":"PropertyValueSpecification","valueRequired":true,"valueName":"search_term_string"}}],"inLanguage":"et"},{"@type":"Organization","@id":"https:\/\/talkpal.ai\/et\/#organization","name":"Talkpal, Inc.","alternateName":"Talkpal AI","url":"https:\/\/talkpal.ai\/et\/","logo":{"@type":"ImageObject","inLanguage":"et","@id":"https:\/\/talkpal.ai\/et\/#\/schema\/logo\/image\/","url":"https:\/\/talkpal.ai\/wp-content\/uploads\/2024\/03\/Talkpal-Logo-Icon.png","contentUrl":"https:\/\/talkpal.ai\/wp-content\/uploads\/2024\/03\/Talkpal-Logo-Icon.png","width":2880,"height":2880,"caption":"Talkpal, Inc."},"image":{"@id":"https:\/\/talkpal.ai\/et\/#\/schema\/logo\/image\/"},"sameAs":["https:\/\/www.facebook.com\/profile.php?id=100090733639311","https:\/\/x.com\/talkpalai","https:\/\/www.linkedin.com\/company\/talkpal\/","https:\/\/www.youtube.com\/@TalkPal\/","https:\/\/www.tiktok.com\/@talkpal","https:\/\/www.instagram.com\/talkpal_ai\/","https:\/\/www.crunchbase.com\/organization\/talkpal-9cde","https:\/\/www.g2.com\/products\/talkpal-for-business\/","https:\/\/www.trustpilot.com\/review\/talkpal.ai","https:\/\/www.capterra.com\/p\/10006800\/TalkPal\/"],"description":"Talkpal is a language learning web and mobile education app, powered by the latest AI technologies, that provides engaging experiences to its customers in many different languages to help them improve their language skills. Users can chat about unlimited amount of topics with the app and use other modes to practice their language learning.","email":"support@talkpal.ai","legalName":"Talkpal, Inc.","foundingDate":"2023-04-03","duns":"118989042","numberOfEmployees":{"@type":"QuantitativeValue","minValue":"11","maxValue":"50"},"publishingPrinciples":"https:\/\/talkpal.ai\/publishing-principles\/","actionableFeedbackPolicy":"https:\/\/talkpal.ai\/actionable-feedback-policy\/","correctionsPolicy":"https:\/\/talkpal.ai\/corrections-policy\/","ethicsPolicy":"https:\/\/talkpal.ai\/ethics-policy\/","diversityPolicy":"https:\/\/talkpal.ai\/diversity-policy\/","diversityStaffingReport":"https:\/\/talkpal.ai\/diversity-policy\/"}]}},"_links":{"self":[{"href":"https:\/\/talkpal.ai\/et\/wp-json\/wp\/v2\/pages\/134674","targetHints":{"allow":["GET"]}}],"collection":[{"href":"https:\/\/talkpal.ai\/et\/wp-json\/wp\/v2\/pages"}],"about":[{"href":"https:\/\/talkpal.ai\/et\/wp-json\/wp\/v2\/types\/page"}],"author":[{"embeddable":true,"href":"https:\/\/talkpal.ai\/et\/wp-json\/wp\/v2\/users\/6"}],"replies":[{"embeddable":true,"href":"https:\/\/talkpal.ai\/et\/wp-json\/wp\/v2\/comments?post=134674"}],"version-history":[{"count":0,"href":"https:\/\/talkpal.ai\/et\/wp-json\/wp\/v2\/pages\/134674\/revisions"}],"wp:featuredmedia":[{"embeddable":true,"href":"https:\/\/talkpal.ai\/et\/wp-json\/wp\/v2\/media\/107305"}],"wp:attachment":[{"href":"https:\/\/talkpal.ai\/et\/wp-json\/wp\/v2\/media?parent=134674"}],"curies":[{"name":"wp","href":"https:\/\/api.w.org\/{rel}","templated":true}]}}