{"id":134330,"date":"2023-06-16T10:15:21","date_gmt":"2023-06-16T10:15:21","guid":{"rendered":"http:\/\/talkpal.ai\/hindi-grammatika-harjutused\/"},"modified":"2025-12-17T16:18:43","modified_gmt":"2025-12-17T16:18:43","slug":"hindi-grammatika-harjutused","status":"publish","type":"page","link":"https:\/\/talkpal.ai\/et\/hindi-grammatika-harjutused\/","title":{"rendered":"Hindi grammatika harjutused"},"content":{"rendered":"\r\n\r\n\r\n<section class=\"languageChallengeSection\">\r\n    <div class=\"languageInfoWrapper\">\r\n        \r\n        <h1>Hindi grammatika harjutused<\/h1>\r\n        <p>Soovid saada enesekindlamalt <a href=\"https:\/\/talkpal.ai\/learn-hindi\/\">hindi<\/a> keeles? Grammatikaharjutuste tegemine on suurep\u00e4rane v\u00f5imalus omandada lauseehitust, verbi vorme ja hindi keele ainulaadseid mustreid. Alustage hindi keele <a href=\"https:\/\/talkpal.ai\/greek-grammar\/\">grammatika<\/a> \u00f5ppimist juba t\u00e4na ja n\u00e4ete, kuidas teie arusaamine ja keeleoskus kasvab iga harjutusega!\n\n<\/p>\r\n\r\n                            <a class=\"getStartedHidden\" href=\"https:\/\/app.talkpal.ai\/et\/signup?lng=\">Alusta<\/a>\r\n        \r\n    <\/div>\r\n\r\n    <figure>\r\n    <img decoding=\"async\" width=\"768\" height=\"768\" src=\"https:\/\/talkpal.ai\/wp-content\/uploads\/2023\/06\/hindi-768x768.png\" class=\"languageImage no-lazy\" alt=\"Language learning for mental agility\" fetchpriority=\"high\" sizes=\"(max-width: 768px) 150px, 768px\" srcset=\"https:\/\/talkpal.ai\/wp-content\/uploads\/2023\/06\/hindi-768x768.png 768w, https:\/\/talkpal.ai\/wp-content\/uploads\/2023\/06\/hindi-300x300.png 300w\" \/>\r\n    \r\n\r\n    <\/figure>\r\n\r\n            <a class=\"getStartedVisible\" href=\"https:\/\/app.talkpal.ai\/et\/signup?lng=\">Alusta<\/a>\r\n    \r\n<\/section>\r\n\r\n\r\n<!-- <section class=\"grammarSection\">\r\n    <div class=\"grammarLinks\">\r\n            <\/div>\r\n<\/section> -->\r\n\r\n\r\n\r\n\r\n<section class=\"promotionalBanner\">\r\n    <p class=\"promotionalText\">K\u00f5ige t\u00f5husam viis keele \u00f5ppimiseks<\/p>\r\n    <a class=\"promotionalLink\" href=\"https:\/\/app.talkpal.ai\/et\/signup?lng=\">Proovige Talkpal tasuta<\/a>\r\n<\/section>\n<div class=\"wp-block-group pageContainerStyle\"><div class=\"wp-block-group__inner-container is-layout-constrained wp-block-group-is-layout-constrained\">\n<h2 class=\"wp-block-heading\" id=\"h-hindi-grammar-topics\">Hindi grammatika teemad<\/h2>\n\n\n\n<p>Uue keele <a href=\"https:\/\/talkpal.ai\/et\/oppimine\/\">\u00f5ppimine<\/a> v\u00f5ib olla virgutav, kuid v\u00e4ljakutsuv kogemus, eriti kui tegemist on selle grammatika m\u00f5istmise ja omandamisega. <a href=\"https:\/\/talkpal.ai\/learn-hindi\/\">Hindi keel<\/a>, mis on \u00fcks enim r\u00e4\u00e4gitud keeli maailmas, pakub ainulaadset ja rikkalikku keelekogemust. Kui alustate oma teekonda hindi keele \u00f5ppimiseks, on oluline m\u00f5ista p\u00f5hilisi grammatikateemasid, mis panevad tugeva aluse teie keeleoskusele. See juhend tutvustab teile peamisi <a href=\"https:\/\/talkpal.ai\/hindi-grammar\/\">hindi grammatika<\/a> teemasid, mis on koondatud j\u00e4rjestusse, mis h\u00f5lbustab teie \u00f5ppeprotsessi.<\/p>\n\n\n\n<h3 class=\"wp-block-heading\" id=\"h-1-nouns\">1. Nimis\u00f5nad:<\/h3>\n\n\n\n<p>Alustage oma hindi \u00f5ppimise teekonda nimis\u00f5nadega, kuna need on mis tahes keele ehituskivid. Hindi keeles liigitatakse nimis\u00f5nad kahte sugu (mehelik ja naiselik) ning need v\u00f5ivad olla ainsuses v\u00f5i mitmuses. Hindi nimis\u00f5nade p\u00f5hit\u00f5dede m\u00f5istmine aitab moodustada lihtsaid lauseid ja fraase.<\/p>\n\n\n\n<h3 class=\"wp-block-heading\" id=\"h-2-pronouns\">2. Ases\u00f5nad:<\/h3>\n\n\n\n<p>Ases\u00f5nad asendavad lauses nimis\u00f5nad ja aitavad v\u00e4ltida kordusi. Hindi ases\u00f5nad jagunevad kolme kategooriasse \u2013 isiklikud, demonstratiivsed ja \u00fclekuulatavad. Tutvuge ases\u00f5nade erinevate vormidega, et parandada oma suhtlemisoskust.<\/p>\n\n\n\n<h3 class=\"wp-block-heading\" id=\"h-3-adjectives\">3. Omaduss\u00f5nad:<\/h3>\n\n\n\n<p>Omaduss\u00f5nad kirjeldavad nimis\u00f5nade ja ases\u00f5nade omadusi. Hindi keeles n\u00f5ustuvad omaduss\u00f5nad nimis\u00f5naga, mida nad kirjeldavad soo ja arvu j\u00e4rgi. Omaduss\u00f5nade \u00f5ppimine v\u00f5imaldab teil oma m\u00f5tteid ja arvamusi elavamalt v\u00e4ljendada.<\/p>\n\n\n\n<h3 class=\"wp-block-heading\" id=\"h-4-verbs\">4. Tegus\u00f5nad:<\/h3>\n\n\n\n<p>Verbid t\u00e4histavad tegevusi v\u00f5i olemise seisundeid. Hindi verbidel on kolm peamist ajavormi &#8211; minevik, olevik ja tulevik &#8211; ning need v\u00f5ivad olla soovituslikud v\u00f5i subjunktiivsed. Hindi verbide ja nende konjugatsioonide kindla m\u00f5istmise saavutamine v\u00f5imaldab teil tegevusi ja s\u00fcndmusi t\u00e4pselt v\u00e4ljendada.<\/p>\n\n\n\n<h3 class=\"wp-block-heading\" id=\"h-5-tenses-indicative\">5. Ajad soovituslikud:<\/h3>\n\n\n\n<p>Hindi soovituslikud ajad v\u00e4ljendavad fakte v\u00f5i kindlust ja neid kasutatakse igap\u00e4evastes vestlustes. \u00d5ppige reegleid ja konjugatsioone mineviku, oleviku ja tuleviku soovituslike aegade jaoks, et selgelt ja t\u00f5husalt suhelda.<\/p>\n\n\n\n<h3 class=\"wp-block-heading\" id=\"h-6-tenses-subjunctive\">6. Ajad Subjunktiivid:<\/h3>\n\n\n\n<p>Hindi subjunktiivsed ajad esindavad tegevusi v\u00f5i s\u00fcndmusi, mis on ebakindlad, h\u00fcpoteetilised v\u00f5i faktidega vastuolus. Subjunktiivse meeleolu omandamine v\u00f5imaldab teil v\u00e4ljendada kahtlusi, v\u00f5imalusi ja soove.<\/p>\n\n\n\n<h3 class=\"wp-block-heading\" id=\"h-7-tense-comparison\">7. Pingeline v\u00f5rdlus:<\/h3>\n\n\n\n<p>Hindi erinevate aegade v\u00f5rdlemine aitab teil m\u00f5ista tegevuste ja s\u00fcndmuste vahelisi seoseid ajas. Harjutage lausete moodustamist, kasutades erinevaid ajavorme, et arendada terviklikku arusaamist ajalistest suhetest.<\/p>\n\n\n\n<h3 class=\"wp-block-heading\" id=\"h-8-adverbs\">8. M\u00e4\u00e4rs\u00f5nad:<\/h3>\n\n\n\n<p>M\u00e4\u00e4rs\u00f5nad muudavad tegus\u00f5nu, omaduss\u00f5nu v\u00f5i muid m\u00e4\u00e4rs\u00f5nu ning annavad lisateavet toimingute v\u00f5i omaduste kohta. \u00d5ppige tavalisi hindi m\u00e4\u00e4rs\u00f5nu ja nende paigutamist lausetesse, et parandada oma kirjeldamisv\u00f5imet.<\/p>\n\n\n\n<h3 class=\"wp-block-heading\" id=\"h-9-prepositions\">9. Eess\u00f5nad:<\/h3>\n\n\n\n<p>Hindi eess\u00f5nad \u00fchendavad nimis\u00f5nad, ases\u00f5nad v\u00f5i fraasid lause teiste s\u00f5nadega. Need n\u00e4itavad selliseid seoseid nagu asukoht, aeg ja suund. Tutvuge hindi eess\u00f5nadega ja nende kasutamisega keerukamate lausete loomiseks.<\/p>\n\n\n\n<h3 class=\"wp-block-heading\" id=\"h-10-articles\">10. Artiklid:<\/h3>\n\n\n\n<p>Hindil ei ole selliseid artikleid nagu <a href=\"https:\/\/talkpal.ai\/learn-english-with-ai\/\">inglise keel<\/a> (the, a, an), kuid ta kasutab sarnaste t\u00e4henduste edastamiseks postpositsioone. Hindi postpositsioonide kasutamise m\u00f5istmine aitab teil oma lausetes \u00f5igesti edasi anda kindlust ja m\u00e4\u00e4ramatust.<\/p>\n\n\n\n<h3 class=\"wp-block-heading\" id=\"h-11-sentence-structure\">11. Lause struktuur:<\/h3>\n\n\n\n<p>L\u00f5puks \u00f5ppige hindi keeles p\u00f5hilist lauseehitust, mis j\u00e4rgib subjekti-objekti-verbi (SOV) mustrit. Hindi lauseehituse m\u00f5istmine v\u00f5imaldab teil t\u00f5husalt ja selgelt suhelda.<\/p>\n\n\n\n<p>J\u00e4rgides seda <a href=\"https:\/\/talkpal.ai\/hindi-grammar\/\">hindi grammatika<\/a> teemade jada, olete h\u00e4sti varustatud hindi keeles m\u00f5istmiseks, r\u00e4\u00e4kimiseks ja kirjutamiseks, mis v\u00f5imaldab teil t\u00e4ielikult sukelduda <a href=\"https:\/\/talkpal.ai\/et\/opi-hindi-keelt\/\">hindi keelt<\/a> k\u00f5nelevate piirkondade rikkalikku kultuuri ja traditsioonidesse.<\/p>\n<\/div><\/div>\n\r\n<section class=\"learnNavigationSection\">\r\n            \r\n        <a href=\"https:\/\/talkpal.ai\/et\/opi-hindi-keelt\/\">\r\n            <div class=\"learnNavigationWrapper\">\r\n                <div class=\"learnNavigationContent\">\r\n                    <img decoding=\"async\" src=\"https:\/\/talkpal.ai\/wp-content\/uploads\/2024\/08\/Hindi.jpg\" alt=\"Indian Flag\">\r\n                    <div>\r\n                        <h4>Hindi keele \u00f5ppimise kohta<\/h4>\r\n                        <p>Uuri k\u00f5ike hindi grammatika kohta.<\/p>\r\n                    <\/div>\r\n                <\/div>\r\n            <\/div>\r\n        <\/a>\r\n\r\n        \r\n        <a href=\"https:\/\/talkpal.ai\/et\/hindi-grammatika\/\">\r\n            <div class=\"learnNavigationWrapper\">\r\n                <div class=\"learnNavigationContent\">\r\n                    <img decoding=\"async\" src=\"https:\/\/talkpal.ai\/wp-content\/uploads\/2024\/08\/Hindi.jpg\" alt=\"Indian Flag\">\r\n                    <div>\r\n                        <h4>Hindi grammatika \u00f5ppetunnid<\/h4>\r\n                        <p>Harjutage hindi grammatikat.<\/p>\r\n                    <\/div>\r\n                <\/div>\r\n            <\/div>\r\n        <\/a>\r\n\r\n        \r\n        <a href=\"https:\/\/talkpal.ai\/vocabulary_language\/hindi\/\">\r\n            <div class=\"learnNavigationWrapper\">\r\n                <div class=\"learnNavigationContent\">\r\n                    <img decoding=\"async\" src=\"https:\/\/talkpal.ai\/wp-content\/uploads\/2024\/08\/Hindi.jpg\" alt=\"Indian Flag\">\r\n                    <div>\r\n                        <h4>Hindi keele s\u00f5navara<\/h4>\r\n                        <p>Laiendage oma hindi keele s\u00f5navara.<\/p>\r\n                    <\/div>\r\n                <\/div>\r\n            <\/div>\r\n        <\/a>\r\n\r\n            <\/section>","protected":false},"excerpt":{"rendered":"<p>Hindi grammatika teemad Uue keele \u00f5ppimine v\u00f5ib olla virgutav, kuid v\u00e4ljakutsuv kogemus, eriti kui tegemist on selle grammatika m\u00f5istmise ja omandamisega. Hindi keel, mis on \u00fcks enim r\u00e4\u00e4gitud keeli maailmas, pakub ainulaadset ja rikkalikku keelekogemust. Kui alustate oma teekonda hindi keele \u00f5ppimiseks, on oluline m\u00f5ista p\u00f5hilisi grammatikateemasid, mis panevad tugeva aluse teie keeleoskusele. See juhend [&hellip;]<\/p>\n","protected":false},"author":6,"featured_media":188203,"parent":0,"menu_order":0,"comment_status":"closed","ping_status":"closed","template":"LearningContentPage.php","meta":{"_acf_changed":false,"footnotes":""},"class_list":["post-134330","page","type-page","status-publish","has-post-thumbnail","hentry"],"acf":[],"yoast_head":"<!-- This site is optimized with the Yoast SEO Premium plugin v27.2 (Yoast SEO v27.2) - https:\/\/yoast.com\/product\/yoast-seo-premium-wordpress\/ -->\n<title>Hindi grammatika harjutused - Talkpal<\/title>\n<meta name=\"description\" content=\"Harjutage hindi keele grammatikat h\u00f5lpsasti - proovige interaktiivseid harjutusi, et parandada oma oskusi ja \u00f5ppida kiiremini koos Talkpal AI.\" \/>\n<meta name=\"robots\" content=\"index, follow, max-snippet:-1, max-image-preview:large, max-video-preview:-1\" \/>\n<link rel=\"canonical\" href=\"https:\/\/talkpal.ai\/et\/hindi-grammatika-harjutused\/\" \/>\n<meta property=\"og:locale\" content=\"et_EE\" \/>\n<meta property=\"og:type\" content=\"article\" \/>\n<meta property=\"og:title\" content=\"Hindi grammatika harjutused\" \/>\n<meta property=\"og:description\" content=\"Hindi grammatika teemad Uue keele \u00f5ppimine v\u00f5ib olla virgutav, kuid v\u00e4ljakutsuv kogemus, eriti kui tegemist on selle grammatika m\u00f5istmise ja omandamisega.\" \/>\n<meta property=\"og:url\" content=\"https:\/\/talkpal.ai\/et\/hindi-grammatika-harjutused\/\" \/>\n<meta property=\"og:site_name\" content=\"Talkpal\" \/>\n<meta property=\"article:publisher\" content=\"https:\/\/www.facebook.com\/profile.php?id=100090733639311\" \/>\n<meta property=\"article:modified_time\" content=\"2025-12-17T16:18:43+00:00\" \/>\n<meta property=\"og:image\" content=\"https:\/\/talkpal.ai\/wp-content\/uploads\/2024\/02\/india.png\" \/>\n\t<meta property=\"og:image:width\" content=\"517\" \/>\n\t<meta property=\"og:image:height\" content=\"517\" \/>\n\t<meta property=\"og:image:type\" content=\"image\/png\" \/>\n<meta name=\"twitter:card\" content=\"summary_large_image\" \/>\n<meta name=\"twitter:site\" content=\"@talkpalai\" \/>\n<meta name=\"twitter:label1\" content=\"Est. reading time\" \/>\n\t<meta name=\"twitter:data1\" content=\"3 minutit\" \/>\n<script type=\"application\/ld+json\" class=\"yoast-schema-graph\">{\"@context\":\"https:\/\/schema.org\",\"@graph\":[{\"@type\":\"WebPage\",\"@id\":\"https:\/\/talkpal.ai\/et\/hindi-grammatika-harjutused\/\",\"url\":\"https:\/\/talkpal.ai\/et\/hindi-grammatika-harjutused\/\",\"name\":\"Hindi grammatika harjutused - Talkpal\",\"isPartOf\":{\"@id\":\"https:\/\/talkpal.ai\/et\/#website\"},\"primaryImageOfPage\":{\"@id\":\"https:\/\/talkpal.ai\/et\/hindi-grammatika-harjutused\/#primaryimage\"},\"image\":{\"@id\":\"https:\/\/talkpal.ai\/et\/hindi-grammatika-harjutused\/#primaryimage\"},\"thumbnailUrl\":\"https:\/\/talkpal.ai\/wp-content\/uploads\/2024\/02\/india.png\",\"datePublished\":\"2023-06-16T10:15:21+00:00\",\"dateModified\":\"2025-12-17T16:18:43+00:00\",\"description\":\"Harjutage hindi keele grammatikat h\u00f5lpsasti - proovige interaktiivseid harjutusi, et parandada oma oskusi ja \u00f5ppida kiiremini koos Talkpal AI.\",\"breadcrumb\":{\"@id\":\"https:\/\/talkpal.ai\/et\/hindi-grammatika-harjutused\/#breadcrumb\"},\"inLanguage\":\"et\",\"potentialAction\":[{\"@type\":\"ReadAction\",\"target\":[\"https:\/\/talkpal.ai\/et\/hindi-grammatika-harjutused\/\"]}]},{\"@type\":\"ImageObject\",\"inLanguage\":\"et\",\"@id\":\"https:\/\/talkpal.ai\/et\/hindi-grammatika-harjutused\/#primaryimage\",\"url\":\"https:\/\/talkpal.ai\/wp-content\/uploads\/2024\/02\/india.png\",\"contentUrl\":\"https:\/\/talkpal.ai\/wp-content\/uploads\/2024\/02\/india.png\",\"width\":517,\"height\":517,\"caption\":\"TalkPal Indian Flag\"},{\"@type\":\"BreadcrumbList\",\"@id\":\"https:\/\/talkpal.ai\/et\/hindi-grammatika-harjutused\/#breadcrumb\",\"itemListElement\":[{\"@type\":\"ListItem\",\"position\":1,\"name\":\"Homepage\",\"item\":\"https:\/\/talkpal.ai\/et\/\"},{\"@type\":\"ListItem\",\"position\":2,\"name\":\"Hindi grammatika harjutused\"}]},{\"@type\":\"WebSite\",\"@id\":\"https:\/\/talkpal.ai\/et\/#website\",\"url\":\"https:\/\/talkpal.ai\/et\/\",\"name\":\"Talkpal\",\"description\":\"AI Language Learning\",\"publisher\":{\"@id\":\"https:\/\/talkpal.ai\/et\/#organization\"},\"alternateName\":\"Talkpal AI\",\"potentialAction\":[{\"@type\":\"SearchAction\",\"target\":{\"@type\":\"EntryPoint\",\"urlTemplate\":\"https:\/\/talkpal.ai\/et\/?s={search_term_string}\"},\"query-input\":{\"@type\":\"PropertyValueSpecification\",\"valueRequired\":true,\"valueName\":\"search_term_string\"}}],\"inLanguage\":\"et\"},{\"@type\":\"Organization\",\"@id\":\"https:\/\/talkpal.ai\/et\/#organization\",\"name\":\"Talkpal, Inc.\",\"alternateName\":\"Talkpal AI\",\"url\":\"https:\/\/talkpal.ai\/et\/\",\"logo\":{\"@type\":\"ImageObject\",\"inLanguage\":\"et\",\"@id\":\"https:\/\/talkpal.ai\/et\/#\/schema\/logo\/image\/\",\"url\":\"https:\/\/talkpal.ai\/wp-content\/uploads\/2024\/03\/Talkpal-Logo-Icon.png\",\"contentUrl\":\"https:\/\/talkpal.ai\/wp-content\/uploads\/2024\/03\/Talkpal-Logo-Icon.png\",\"width\":2880,\"height\":2880,\"caption\":\"Talkpal, Inc.\"},\"image\":{\"@id\":\"https:\/\/talkpal.ai\/et\/#\/schema\/logo\/image\/\"},\"sameAs\":[\"https:\/\/www.facebook.com\/profile.php?id=100090733639311\",\"https:\/\/x.com\/talkpalai\",\"https:\/\/www.linkedin.com\/company\/talkpal\/\",\"https:\/\/www.youtube.com\/@TalkPal\/\",\"https:\/\/www.tiktok.com\/@talkpal\",\"https:\/\/www.instagram.com\/talkpal_ai\/\",\"https:\/\/www.crunchbase.com\/organization\/talkpal-9cde\",\"https:\/\/www.g2.com\/products\/talkpal-for-business\/\",\"https:\/\/www.trustpilot.com\/review\/talkpal.ai\",\"https:\/\/www.capterra.com\/p\/10006800\/TalkPal\/\"],\"description\":\"Talkpal is a language learning web and mobile education app, powered by the latest AI technologies, that provides engaging experiences to its customers in many different languages to help them improve their language skills. Users can chat about unlimited amount of topics with the app and use other modes to practice their language learning.\",\"email\":\"support@talkpal.ai\",\"legalName\":\"Talkpal, Inc.\",\"foundingDate\":\"2023-04-03\",\"duns\":\"118989042\",\"numberOfEmployees\":{\"@type\":\"QuantitativeValue\",\"minValue\":\"11\",\"maxValue\":\"50\"},\"publishingPrinciples\":\"https:\/\/talkpal.ai\/publishing-principles\/\",\"actionableFeedbackPolicy\":\"https:\/\/talkpal.ai\/actionable-feedback-policy\/\",\"correctionsPolicy\":\"https:\/\/talkpal.ai\/corrections-policy\/\",\"ethicsPolicy\":\"https:\/\/talkpal.ai\/ethics-policy\/\",\"diversityPolicy\":\"https:\/\/talkpal.ai\/diversity-policy\/\",\"diversityStaffingReport\":\"https:\/\/talkpal.ai\/diversity-policy\/\"}]}<\/script>\n<!-- \/ Yoast SEO Premium plugin. -->","yoast_head_json":{"title":"Hindi grammatika harjutused - Talkpal","description":"Harjutage hindi keele grammatikat h\u00f5lpsasti - proovige interaktiivseid harjutusi, et parandada oma oskusi ja \u00f5ppida kiiremini koos Talkpal AI.","robots":{"index":"index","follow":"follow","max-snippet":"max-snippet:-1","max-image-preview":"max-image-preview:large","max-video-preview":"max-video-preview:-1"},"canonical":"https:\/\/talkpal.ai\/et\/hindi-grammatika-harjutused\/","og_locale":"et_EE","og_type":"article","og_title":"Hindi grammatika harjutused","og_description":"Hindi grammatika teemad Uue keele \u00f5ppimine v\u00f5ib olla virgutav, kuid v\u00e4ljakutsuv kogemus, eriti kui tegemist on selle grammatika m\u00f5istmise ja omandamisega.","og_url":"https:\/\/talkpal.ai\/et\/hindi-grammatika-harjutused\/","og_site_name":"Talkpal","article_publisher":"https:\/\/www.facebook.com\/profile.php?id=100090733639311","article_modified_time":"2025-12-17T16:18:43+00:00","og_image":[{"width":517,"height":517,"url":"https:\/\/talkpal.ai\/wp-content\/uploads\/2024\/02\/india.png","type":"image\/png"}],"twitter_card":"summary_large_image","twitter_site":"@talkpalai","twitter_misc":{"Est. reading time":"3 minutit"},"schema":{"@context":"https:\/\/schema.org","@graph":[{"@type":"WebPage","@id":"https:\/\/talkpal.ai\/et\/hindi-grammatika-harjutused\/","url":"https:\/\/talkpal.ai\/et\/hindi-grammatika-harjutused\/","name":"Hindi grammatika harjutused - Talkpal","isPartOf":{"@id":"https:\/\/talkpal.ai\/et\/#website"},"primaryImageOfPage":{"@id":"https:\/\/talkpal.ai\/et\/hindi-grammatika-harjutused\/#primaryimage"},"image":{"@id":"https:\/\/talkpal.ai\/et\/hindi-grammatika-harjutused\/#primaryimage"},"thumbnailUrl":"https:\/\/talkpal.ai\/wp-content\/uploads\/2024\/02\/india.png","datePublished":"2023-06-16T10:15:21+00:00","dateModified":"2025-12-17T16:18:43+00:00","description":"Harjutage hindi keele grammatikat h\u00f5lpsasti - proovige interaktiivseid harjutusi, et parandada oma oskusi ja \u00f5ppida kiiremini koos Talkpal AI.","breadcrumb":{"@id":"https:\/\/talkpal.ai\/et\/hindi-grammatika-harjutused\/#breadcrumb"},"inLanguage":"et","potentialAction":[{"@type":"ReadAction","target":["https:\/\/talkpal.ai\/et\/hindi-grammatika-harjutused\/"]}]},{"@type":"ImageObject","inLanguage":"et","@id":"https:\/\/talkpal.ai\/et\/hindi-grammatika-harjutused\/#primaryimage","url":"https:\/\/talkpal.ai\/wp-content\/uploads\/2024\/02\/india.png","contentUrl":"https:\/\/talkpal.ai\/wp-content\/uploads\/2024\/02\/india.png","width":517,"height":517,"caption":"TalkPal Indian Flag"},{"@type":"BreadcrumbList","@id":"https:\/\/talkpal.ai\/et\/hindi-grammatika-harjutused\/#breadcrumb","itemListElement":[{"@type":"ListItem","position":1,"name":"Homepage","item":"https:\/\/talkpal.ai\/et\/"},{"@type":"ListItem","position":2,"name":"Hindi grammatika harjutused"}]},{"@type":"WebSite","@id":"https:\/\/talkpal.ai\/et\/#website","url":"https:\/\/talkpal.ai\/et\/","name":"Talkpal","description":"AI Language Learning","publisher":{"@id":"https:\/\/talkpal.ai\/et\/#organization"},"alternateName":"Talkpal AI","potentialAction":[{"@type":"SearchAction","target":{"@type":"EntryPoint","urlTemplate":"https:\/\/talkpal.ai\/et\/?s={search_term_string}"},"query-input":{"@type":"PropertyValueSpecification","valueRequired":true,"valueName":"search_term_string"}}],"inLanguage":"et"},{"@type":"Organization","@id":"https:\/\/talkpal.ai\/et\/#organization","name":"Talkpal, Inc.","alternateName":"Talkpal AI","url":"https:\/\/talkpal.ai\/et\/","logo":{"@type":"ImageObject","inLanguage":"et","@id":"https:\/\/talkpal.ai\/et\/#\/schema\/logo\/image\/","url":"https:\/\/talkpal.ai\/wp-content\/uploads\/2024\/03\/Talkpal-Logo-Icon.png","contentUrl":"https:\/\/talkpal.ai\/wp-content\/uploads\/2024\/03\/Talkpal-Logo-Icon.png","width":2880,"height":2880,"caption":"Talkpal, Inc."},"image":{"@id":"https:\/\/talkpal.ai\/et\/#\/schema\/logo\/image\/"},"sameAs":["https:\/\/www.facebook.com\/profile.php?id=100090733639311","https:\/\/x.com\/talkpalai","https:\/\/www.linkedin.com\/company\/talkpal\/","https:\/\/www.youtube.com\/@TalkPal\/","https:\/\/www.tiktok.com\/@talkpal","https:\/\/www.instagram.com\/talkpal_ai\/","https:\/\/www.crunchbase.com\/organization\/talkpal-9cde","https:\/\/www.g2.com\/products\/talkpal-for-business\/","https:\/\/www.trustpilot.com\/review\/talkpal.ai","https:\/\/www.capterra.com\/p\/10006800\/TalkPal\/"],"description":"Talkpal is a language learning web and mobile education app, powered by the latest AI technologies, that provides engaging experiences to its customers in many different languages to help them improve their language skills. Users can chat about unlimited amount of topics with the app and use other modes to practice their language learning.","email":"support@talkpal.ai","legalName":"Talkpal, Inc.","foundingDate":"2023-04-03","duns":"118989042","numberOfEmployees":{"@type":"QuantitativeValue","minValue":"11","maxValue":"50"},"publishingPrinciples":"https:\/\/talkpal.ai\/publishing-principles\/","actionableFeedbackPolicy":"https:\/\/talkpal.ai\/actionable-feedback-policy\/","correctionsPolicy":"https:\/\/talkpal.ai\/corrections-policy\/","ethicsPolicy":"https:\/\/talkpal.ai\/ethics-policy\/","diversityPolicy":"https:\/\/talkpal.ai\/diversity-policy\/","diversityStaffingReport":"https:\/\/talkpal.ai\/diversity-policy\/"}]}},"_links":{"self":[{"href":"https:\/\/talkpal.ai\/et\/wp-json\/wp\/v2\/pages\/134330","targetHints":{"allow":["GET"]}}],"collection":[{"href":"https:\/\/talkpal.ai\/et\/wp-json\/wp\/v2\/pages"}],"about":[{"href":"https:\/\/talkpal.ai\/et\/wp-json\/wp\/v2\/types\/page"}],"author":[{"embeddable":true,"href":"https:\/\/talkpal.ai\/et\/wp-json\/wp\/v2\/users\/6"}],"replies":[{"embeddable":true,"href":"https:\/\/talkpal.ai\/et\/wp-json\/wp\/v2\/comments?post=134330"}],"version-history":[{"count":0,"href":"https:\/\/talkpal.ai\/et\/wp-json\/wp\/v2\/pages\/134330\/revisions"}],"wp:featuredmedia":[{"embeddable":true,"href":"https:\/\/talkpal.ai\/et\/wp-json\/wp\/v2\/media\/188203"}],"wp:attachment":[{"href":"https:\/\/talkpal.ai\/et\/wp-json\/wp\/v2\/media?parent=134330"}],"curies":[{"name":"wp","href":"https:\/\/api.w.org\/{rel}","templated":true}]}}