{"id":133599,"date":"2023-06-16T10:01:38","date_gmt":"2023-06-16T10:01:38","guid":{"rendered":"http:\/\/talkpal.ai\/rootsi-keele-grammatikaharjutused\/"},"modified":"2025-12-17T15:30:58","modified_gmt":"2025-12-17T15:30:58","slug":"rootsi-keele-grammatikaharjutused","status":"publish","type":"page","link":"https:\/\/talkpal.ai\/et\/rootsi-keele-grammatikaharjutused\/","title":{"rendered":"Rootsi keele grammatikaharjutused"},"content":{"rendered":"\r\n\r\n\r\n<section class=\"languageChallengeSection\">\r\n    <div class=\"languageInfoWrapper\">\r\n        \r\n        <h1>Rootsi keele grammatikaharjutused<\/h1>\r\n        <p>Kas olete valmis oma <a href=\"https:\/\/talkpal.ai\/learn-swedish\/\">rootsi<\/a> keelt parandama? Grammatikaharjutused on suurep\u00e4rane v\u00f5imalus omandada lauseehitust, verbi vorme ja rootsi keele ainulaadseid mustreid. Alustage <a href=\"https:\/\/talkpal.ai\/swedish-grammar\/\">rootsi keele grammatika<\/a> treenimist juba t\u00e4na ja vaadake, kuidas teie oskused ja enesekindlus kasvavad <a href=\"https:\/\/talkpal.ai\/locations\/language-courses-in-iga\/\">iga<\/a> harjutusega!\n\n<\/p>\r\n\r\n                            <a class=\"getStartedHidden\" href=\"https:\/\/app.talkpal.ai\/et\/signup?lng=\">Alusta<\/a>\r\n        \r\n    <\/div>\r\n\r\n    <figure>\r\n    <img decoding=\"async\" width=\"768\" height=\"768\" src=\"https:\/\/talkpal.ai\/wp-content\/uploads\/2023\/06\/swedish-768x768.png\" class=\"languageImage no-lazy\" alt=\"Language learning for improved concentration\" fetchpriority=\"high\" sizes=\"(max-width: 768px) 150px, 768px\" srcset=\"https:\/\/talkpal.ai\/wp-content\/uploads\/2023\/06\/swedish-768x768.png 768w, https:\/\/talkpal.ai\/wp-content\/uploads\/2023\/06\/swedish-300x300.png 300w\" \/>\r\n    \r\n\r\n    <\/figure>\r\n\r\n            <a class=\"getStartedVisible\" href=\"https:\/\/app.talkpal.ai\/et\/signup?lng=\">Alusta<\/a>\r\n    \r\n<\/section>\r\n\r\n\r\n<!-- <section class=\"grammarSection\">\r\n    <div class=\"grammarLinks\">\r\n            <\/div>\r\n<\/section> -->\r\n\r\n\r\n\r\n\r\n<section class=\"promotionalBanner\">\r\n    <p class=\"promotionalText\">K\u00f5ige t\u00f5husam viis keele \u00f5ppimiseks<\/p>\r\n    <a class=\"promotionalLink\" href=\"https:\/\/app.talkpal.ai\/et\/signup?lng=\">Proovige Talkpal tasuta<\/a>\r\n<\/section>\n<div class=\"wp-block-group pageContainerStyle\"><div class=\"wp-block-group__inner-container is-layout-constrained wp-block-group-is-layout-constrained\">\n<h2 class=\"wp-block-heading\" id=\"h-swedish-grammar-topics\">Rootsi keele grammatika teemad<\/h2>\n\n\n\n<p>Rootsi keele, Rootsi ametliku keele ja Soome \u00fche ametliku keele <a href=\"https:\/\/talkpal.ai\/et\/oppimine\/\">\u00f5ppimine<\/a> v\u00f5ib olla rahuldust pakkuv kogemus. See mitte ainult ei paljasta teile rikkalikku kultuuri ja ajalugu, vaid h\u00f5lbustab ka suhtlemist enam kui 10 miljoni emakeelena k\u00f5nelejaga. Rootsi keele t\u00f5husaks \u00f5ppimiseks on oluline m\u00f5ista erinevaid <a href=\"https:\/\/talkpal.ai\/greek-grammar\/\">grammatika<\/a> teemasid ja nende omavahelist seost. See juhend annab teile \u00fclevaate <a href=\"https:\/\/talkpal.ai\/swedish-grammar\/\">rootsi keele grammatika<\/a> p\u00f5hiteemadest, mis on korraldatud j\u00e4rjestuses, mis aitab teil oma keeleoskust j\u00e4rk-j\u00e4rgult ja t\u00f5husalt arendada.<\/p>\n\n\n\n<h3 class=\"wp-block-heading\" id=\"h-1-nouns\">1. Nimis\u00f5nad:<\/h3>\n\n\n\n<p>Alustage oma rootsi keele teekonda, tutvudes nimis\u00f5nadega, kuna need on mis tahes keele ehituskivid. Rootsi keeles on nimis\u00f5nadel kaks sugu (tavaline ja neuter), mis m\u00f5jutavad nendega kasutatavaid artikleid ja omaduss\u00f5nu. Neil on ka ainsuse ja mitmuse vormid, samuti kindlad ja m\u00e4\u00e4ramata vormid.<\/p>\n\n\n\n<h3 class=\"wp-block-heading\" id=\"h-2-articles\">2. Artiklid:<\/h3>\n\n\n\n<p>Kui olete nimis\u00f5nadest aru saanud, liikuge edasi artiklite juurde, mis on olulised nimis\u00f5na soo ja arvu m\u00e4\u00e4ramisel. Rootsi keeles on kindlad ja m\u00e4\u00e4ramata artiklid, mis n\u00f5ustuvad nende muudetava nimis\u00f5na soo ja arvuga.<\/p>\n\n\n\n<h3 class=\"wp-block-heading\" id=\"h-3-adjectives\">3. Omaduss\u00f5nad:<\/h3>\n\n\n\n<p>Omaduss\u00f5nu kasutatakse nimis\u00f5nade kirjeldamiseks ja soo, arvu ja kindluse kokkuleppimiseks nimis\u00f5naga, mida nad muudavad. Omaduss\u00f5nade \u00f5ppimine aitab teil v\u00e4ljendada keerukamaid ideid ja kirjeldusi rootsi keeles.<\/p>\n\n\n\n<h3 class=\"wp-block-heading\" id=\"h-4-pronouns\">4. Ases\u00f5nad:<\/h3>\n\n\n\n<p>Ases\u00f5nad asendavad nimis\u00f5nad lausetes ja on h\u00e4davajalikud teie k\u00f5ne sujuvamaks ja loomulikumaks muutmiseks. Rootsi keeles on isiklikud, omastavad, refleksiivsed ja suhtelised ases\u00f5nad, millest iga\u00fchel on oma kokkuleppe- ja kasutusreeglid.<\/p>\n\n\n\n<h3 class=\"wp-block-heading\" id=\"h-5-verbs\">5. Tegus\u00f5nad:<\/h3>\n\n\n\n<p>Tegus\u00f5nad v\u00e4ljendavad tegevusi, s\u00fcndmusi v\u00f5i olemise seisundeid ja on iga keele oluline osa. Rootsi keeles konjugeeritakse tegus\u00f5nad vastavalt pingele ja meeleolule. Alustage praeguse pingelise soovitusliku \u00f5ppimisega, mis on k\u00f5ige levinum ja kasulikum vorm.<\/p>\n\n\n\n<h3 class=\"wp-block-heading\" id=\"h-6-tenses-indicative\">6. Ajad soovituslikud:<\/h3>\n\n\n\n<p>Praegusest pingest edasi liikudes \u00f5ppige soovituslikus meeleolus minevikku ja tulevikku. Need v\u00f5imaldavad teil r\u00e4\u00e4kida s\u00fcndmustest ja tegevustest, mis on juhtunud v\u00f5i juhtuvad, laiendades teie v\u00f5imet suhelda rootsi keeles.<\/p>\n\n\n\n<h3 class=\"wp-block-heading\" id=\"h-7-tenses-subjunctive\">7. Ajad Subjunktiivid:<\/h3>\n\n\n\n<p>Kuigi subjunktiivne meeleolu on v\u00e4hem levinud kui soovituslik, kasutatakse subjunktiivset meeleolu h\u00fcpoteetiliste v\u00f5i ebakindlate s\u00fcndmuste v\u00e4ljendamiseks. Tegus\u00f5nade subjunktiivsete vormide \u00f5ppimine suurendab teie v\u00f5imet v\u00e4ljendada n\u00fcansirikkamaid ideid.<\/p>\n\n\n\n<h3 class=\"wp-block-heading\" id=\"h-8-tense-comparison\">8. Pingeline v\u00f5rdlus:<\/h3>\n\n\n\n<p>M\u00f5istmine, kuidas v\u00f5rrelda erinevaid ajastusi, v\u00f5imaldab teil v\u00e4ljendada keerukamaid ideid aja ja s\u00fcndmuste kohta. See h\u00f5lmab teadmist, kuidas kasutada mineviku ja tuleviku ajastusi koos, samuti m\u00f5istmist, kuidas erinevad ajad keerulistes lausetes suhtlevad.<\/p>\n\n\n\n<h3 class=\"wp-block-heading\" id=\"h-9-adverbs\">9. M\u00e4\u00e4rs\u00f5nad:<\/h3>\n\n\n\n<p>Adverbid muudavad tegus\u00f5nu, omaduss\u00f5nu v\u00f5i muid m\u00e4\u00e4rs\u00f5nu, <a href=\"https:\/\/talkpal.ai\/locations\/language-courses-in-andes\/\">andes<\/a> lisateavet toimingute v\u00f5i omaduste kohta. Rootsi adverbide \u00f5ppimine aitab teil ideid t\u00e4psemalt ja t\u00f5husamalt v\u00e4ljendada.<\/p>\n\n\n\n<h3 class=\"wp-block-heading\" id=\"h-10-prepositions\">10. Eess\u00f5nad:<\/h3>\n\n\n\n<p>Eess\u00f5nad seovad nimis\u00f5nad, ases\u00f5nad ja fraasid lause teiste s\u00f5nadega, v\u00e4ljendades selliseid seoseid nagu asukoht, suund ja aeg. Eess\u00f5nade valdamine on rootsi keeles selgete ja t\u00e4hendusrikaste lausete konstrueerimisel \u00fclioluline.<\/p>\n\n\n\n<h3 class=\"wp-block-heading\" id=\"h-11-sentence-structure\">11. Lause struktuur:<\/h3>\n\n\n\n<p>L\u00f5puks toob rootsi lauseehituse p\u00f5hireeglite m\u00f5istmine kokku k\u00f5ik eelnevad grammatikateemad, v\u00f5imaldades teil luua h\u00e4sti vormistatud lauseid ning v\u00e4ljendada end keeles t\u00e4pselt ja t\u00f5husalt.<\/p>\n<\/div><\/div>\n\r\n<section class=\"learnNavigationSection\">\r\n            \r\n        <a href=\"https:\/\/talkpal.ai\/et\/opi-rootsi-keel\/\">\r\n            <div class=\"learnNavigationWrapper\">\r\n                <div class=\"learnNavigationContent\">\r\n                    <img decoding=\"async\" src=\"https:\/\/talkpal.ai\/wp-content\/uploads\/2024\/08\/Swedish.jpg\" alt=\"Swedish Flag\">\r\n                    <div>\r\n                        <h4>Rootsi \u00f5ppimise kohta<\/h4>\r\n                        <p>Uuri k\u00f5ike rootsi keele grammatika kohta.<\/p>\r\n                    <\/div>\r\n                <\/div>\r\n            <\/div>\r\n        <\/a>\r\n\r\n        \r\n        <a href=\"https:\/\/talkpal.ai\/et\/rootsi-keele-grammatika\/\">\r\n            <div class=\"learnNavigationWrapper\">\r\n                <div class=\"learnNavigationContent\">\r\n                    <img decoding=\"async\" src=\"https:\/\/talkpal.ai\/wp-content\/uploads\/2024\/08\/Swedish.jpg\" alt=\"Swedish Flag\">\r\n                    <div>\r\n                        <h4>Rootsi keele grammatika harjutus<\/h4>\r\n                        <p>Harjutage rootsi keele grammatikat.<\/p>\r\n                    <\/div>\r\n                <\/div>\r\n            <\/div>\r\n        <\/a>\r\n\r\n        \r\n        <a href=\"https:\/\/talkpal.ai\/vocabulary_language\/swedish\/\">\r\n            <div class=\"learnNavigationWrapper\">\r\n                <div class=\"learnNavigationContent\">\r\n                    <img decoding=\"async\" src=\"https:\/\/talkpal.ai\/wp-content\/uploads\/2024\/08\/Swedish.jpg\" alt=\"Swedish Flag\">\r\n                    <div>\r\n                        <h4>Rootsi keele s\u00f5navara<\/h4>\r\n                        <p>Laiendage oma rootsi keele s\u00f5navara.<\/p>\r\n                    <\/div>\r\n                <\/div>\r\n            <\/div>\r\n        <\/a>\r\n\r\n            <\/section>","protected":false},"excerpt":{"rendered":"<p>Rootsi keele grammatika teemad Rootsi keele, Rootsi ametliku keele ja Soome \u00fche ametliku keele \u00f5ppimine v\u00f5ib olla rahuldust pakkuv kogemus. See mitte ainult ei paljasta teile rikkalikku kultuuri ja ajalugu, vaid h\u00f5lbustab ka suhtlemist enam kui 10 miljoni emakeelena k\u00f5nelejaga. Rootsi keele t\u00f5husaks \u00f5ppimiseks on oluline m\u00f5ista erinevaid grammatika teemasid ja nende omavahelist seost. See [&hellip;]<\/p>\n","protected":false},"author":6,"featured_media":108374,"parent":0,"menu_order":0,"comment_status":"closed","ping_status":"closed","template":"LearningContentPage.php","meta":{"_acf_changed":false,"footnotes":""},"class_list":["post-133599","page","type-page","status-publish","has-post-thumbnail","hentry"],"acf":[],"yoast_head":"<!-- This site is optimized with the Yoast SEO Premium plugin v27.2 (Yoast SEO v27.2) - https:\/\/yoast.com\/product\/yoast-seo-premium-wordpress\/ -->\n<title>Rootsi keele grammatikaharjutused - Talkpal<\/title>\n<meta name=\"description\" content=\"Parandage oma keeleoskust kaasahaaravate rootsi keele grammatika harjutustega, mis on m\u00f5eldud k\u00f5igile \u00f5ppijatasemetele.\" \/>\n<meta name=\"robots\" content=\"index, follow, max-snippet:-1, max-image-preview:large, max-video-preview:-1\" \/>\n<link rel=\"canonical\" href=\"https:\/\/talkpal.ai\/et\/rootsi-keele-grammatikaharjutused\/\" \/>\n<meta property=\"og:locale\" content=\"et_EE\" \/>\n<meta property=\"og:type\" content=\"article\" \/>\n<meta property=\"og:title\" content=\"Rootsi keele grammatikaharjutused\" \/>\n<meta property=\"og:description\" content=\"Rootsi keele grammatika teemad Rootsi keele, Rootsi ametliku keele ja Soome \u00fche ametliku keele \u00f5ppimine v\u00f5ib olla rahuldust pakkuv kogemus. See mitte\" \/>\n<meta property=\"og:url\" content=\"https:\/\/talkpal.ai\/et\/rootsi-keele-grammatikaharjutused\/\" \/>\n<meta property=\"og:site_name\" content=\"Talkpal\" \/>\n<meta property=\"article:publisher\" content=\"https:\/\/www.facebook.com\/profile.php?id=100090733639311\" \/>\n<meta property=\"article:modified_time\" content=\"2025-12-17T15:30:58+00:00\" \/>\n<meta property=\"og:image\" content=\"https:\/\/talkpal.ai\/wp-content\/uploads\/2023\/04\/sweden.png\" \/>\n\t<meta property=\"og:image:width\" content=\"512\" \/>\n\t<meta property=\"og:image:height\" content=\"512\" \/>\n\t<meta property=\"og:image:type\" content=\"image\/png\" \/>\n<meta name=\"twitter:card\" content=\"summary_large_image\" \/>\n<meta name=\"twitter:site\" content=\"@talkpalai\" \/>\n<meta name=\"twitter:label1\" content=\"Est. reading time\" \/>\n\t<meta name=\"twitter:data1\" content=\"3 minutit\" \/>\n<script type=\"application\/ld+json\" class=\"yoast-schema-graph\">{\"@context\":\"https:\/\/schema.org\",\"@graph\":[{\"@type\":\"WebPage\",\"@id\":\"https:\/\/talkpal.ai\/et\/rootsi-keele-grammatikaharjutused\/\",\"url\":\"https:\/\/talkpal.ai\/et\/rootsi-keele-grammatikaharjutused\/\",\"name\":\"Rootsi keele grammatikaharjutused - Talkpal\",\"isPartOf\":{\"@id\":\"https:\/\/talkpal.ai\/et\/#website\"},\"primaryImageOfPage\":{\"@id\":\"https:\/\/talkpal.ai\/et\/rootsi-keele-grammatikaharjutused\/#primaryimage\"},\"image\":{\"@id\":\"https:\/\/talkpal.ai\/et\/rootsi-keele-grammatikaharjutused\/#primaryimage\"},\"thumbnailUrl\":\"https:\/\/talkpal.ai\/wp-content\/uploads\/2023\/04\/sweden.png\",\"datePublished\":\"2023-06-16T10:01:38+00:00\",\"dateModified\":\"2025-12-17T15:30:58+00:00\",\"description\":\"Parandage oma keeleoskust kaasahaaravate rootsi keele grammatika harjutustega, mis on m\u00f5eldud k\u00f5igile \u00f5ppijatasemetele.\",\"breadcrumb\":{\"@id\":\"https:\/\/talkpal.ai\/et\/rootsi-keele-grammatikaharjutused\/#breadcrumb\"},\"inLanguage\":\"et\",\"potentialAction\":[{\"@type\":\"ReadAction\",\"target\":[\"https:\/\/talkpal.ai\/et\/rootsi-keele-grammatikaharjutused\/\"]}]},{\"@type\":\"ImageObject\",\"inLanguage\":\"et\",\"@id\":\"https:\/\/talkpal.ai\/et\/rootsi-keele-grammatikaharjutused\/#primaryimage\",\"url\":\"https:\/\/talkpal.ai\/wp-content\/uploads\/2023\/04\/sweden.png\",\"contentUrl\":\"https:\/\/talkpal.ai\/wp-content\/uploads\/2023\/04\/sweden.png\",\"width\":512,\"height\":512},{\"@type\":\"BreadcrumbList\",\"@id\":\"https:\/\/talkpal.ai\/et\/rootsi-keele-grammatikaharjutused\/#breadcrumb\",\"itemListElement\":[{\"@type\":\"ListItem\",\"position\":1,\"name\":\"Homepage\",\"item\":\"https:\/\/talkpal.ai\/et\/\"},{\"@type\":\"ListItem\",\"position\":2,\"name\":\"Rootsi keele grammatikaharjutused\"}]},{\"@type\":\"WebSite\",\"@id\":\"https:\/\/talkpal.ai\/et\/#website\",\"url\":\"https:\/\/talkpal.ai\/et\/\",\"name\":\"Talkpal\",\"description\":\"AI Language Learning\",\"publisher\":{\"@id\":\"https:\/\/talkpal.ai\/et\/#organization\"},\"alternateName\":\"Talkpal AI\",\"potentialAction\":[{\"@type\":\"SearchAction\",\"target\":{\"@type\":\"EntryPoint\",\"urlTemplate\":\"https:\/\/talkpal.ai\/et\/?s={search_term_string}\"},\"query-input\":{\"@type\":\"PropertyValueSpecification\",\"valueRequired\":true,\"valueName\":\"search_term_string\"}}],\"inLanguage\":\"et\"},{\"@type\":\"Organization\",\"@id\":\"https:\/\/talkpal.ai\/et\/#organization\",\"name\":\"Talkpal, Inc.\",\"alternateName\":\"Talkpal AI\",\"url\":\"https:\/\/talkpal.ai\/et\/\",\"logo\":{\"@type\":\"ImageObject\",\"inLanguage\":\"et\",\"@id\":\"https:\/\/talkpal.ai\/et\/#\/schema\/logo\/image\/\",\"url\":\"https:\/\/talkpal.ai\/wp-content\/uploads\/2024\/03\/Talkpal-Logo-Icon.png\",\"contentUrl\":\"https:\/\/talkpal.ai\/wp-content\/uploads\/2024\/03\/Talkpal-Logo-Icon.png\",\"width\":2880,\"height\":2880,\"caption\":\"Talkpal, Inc.\"},\"image\":{\"@id\":\"https:\/\/talkpal.ai\/et\/#\/schema\/logo\/image\/\"},\"sameAs\":[\"https:\/\/www.facebook.com\/profile.php?id=100090733639311\",\"https:\/\/x.com\/talkpalai\",\"https:\/\/www.linkedin.com\/company\/talkpal\/\",\"https:\/\/www.youtube.com\/@TalkPal\/\",\"https:\/\/www.tiktok.com\/@talkpal\",\"https:\/\/www.instagram.com\/talkpal_ai\/\",\"https:\/\/www.crunchbase.com\/organization\/talkpal-9cde\",\"https:\/\/www.g2.com\/products\/talkpal-for-business\/\",\"https:\/\/www.trustpilot.com\/review\/talkpal.ai\",\"https:\/\/www.capterra.com\/p\/10006800\/TalkPal\/\"],\"description\":\"Talkpal is a language learning web and mobile education app, powered by the latest AI technologies, that provides engaging experiences to its customers in many different languages to help them improve their language skills. Users can chat about unlimited amount of topics with the app and use other modes to practice their language learning.\",\"email\":\"support@talkpal.ai\",\"legalName\":\"Talkpal, Inc.\",\"foundingDate\":\"2023-04-03\",\"duns\":\"118989042\",\"numberOfEmployees\":{\"@type\":\"QuantitativeValue\",\"minValue\":\"11\",\"maxValue\":\"50\"},\"publishingPrinciples\":\"https:\/\/talkpal.ai\/publishing-principles\/\",\"actionableFeedbackPolicy\":\"https:\/\/talkpal.ai\/actionable-feedback-policy\/\",\"correctionsPolicy\":\"https:\/\/talkpal.ai\/corrections-policy\/\",\"ethicsPolicy\":\"https:\/\/talkpal.ai\/ethics-policy\/\",\"diversityPolicy\":\"https:\/\/talkpal.ai\/diversity-policy\/\",\"diversityStaffingReport\":\"https:\/\/talkpal.ai\/diversity-policy\/\"}]}<\/script>\n<!-- \/ Yoast SEO Premium plugin. -->","yoast_head_json":{"title":"Rootsi keele grammatikaharjutused - Talkpal","description":"Parandage oma keeleoskust kaasahaaravate rootsi keele grammatika harjutustega, mis on m\u00f5eldud k\u00f5igile \u00f5ppijatasemetele.","robots":{"index":"index","follow":"follow","max-snippet":"max-snippet:-1","max-image-preview":"max-image-preview:large","max-video-preview":"max-video-preview:-1"},"canonical":"https:\/\/talkpal.ai\/et\/rootsi-keele-grammatikaharjutused\/","og_locale":"et_EE","og_type":"article","og_title":"Rootsi keele grammatikaharjutused","og_description":"Rootsi keele grammatika teemad Rootsi keele, Rootsi ametliku keele ja Soome \u00fche ametliku keele \u00f5ppimine v\u00f5ib olla rahuldust pakkuv kogemus. See mitte","og_url":"https:\/\/talkpal.ai\/et\/rootsi-keele-grammatikaharjutused\/","og_site_name":"Talkpal","article_publisher":"https:\/\/www.facebook.com\/profile.php?id=100090733639311","article_modified_time":"2025-12-17T15:30:58+00:00","og_image":[{"width":512,"height":512,"url":"https:\/\/talkpal.ai\/wp-content\/uploads\/2023\/04\/sweden.png","type":"image\/png"}],"twitter_card":"summary_large_image","twitter_site":"@talkpalai","twitter_misc":{"Est. reading time":"3 minutit"},"schema":{"@context":"https:\/\/schema.org","@graph":[{"@type":"WebPage","@id":"https:\/\/talkpal.ai\/et\/rootsi-keele-grammatikaharjutused\/","url":"https:\/\/talkpal.ai\/et\/rootsi-keele-grammatikaharjutused\/","name":"Rootsi keele grammatikaharjutused - Talkpal","isPartOf":{"@id":"https:\/\/talkpal.ai\/et\/#website"},"primaryImageOfPage":{"@id":"https:\/\/talkpal.ai\/et\/rootsi-keele-grammatikaharjutused\/#primaryimage"},"image":{"@id":"https:\/\/talkpal.ai\/et\/rootsi-keele-grammatikaharjutused\/#primaryimage"},"thumbnailUrl":"https:\/\/talkpal.ai\/wp-content\/uploads\/2023\/04\/sweden.png","datePublished":"2023-06-16T10:01:38+00:00","dateModified":"2025-12-17T15:30:58+00:00","description":"Parandage oma keeleoskust kaasahaaravate rootsi keele grammatika harjutustega, mis on m\u00f5eldud k\u00f5igile \u00f5ppijatasemetele.","breadcrumb":{"@id":"https:\/\/talkpal.ai\/et\/rootsi-keele-grammatikaharjutused\/#breadcrumb"},"inLanguage":"et","potentialAction":[{"@type":"ReadAction","target":["https:\/\/talkpal.ai\/et\/rootsi-keele-grammatikaharjutused\/"]}]},{"@type":"ImageObject","inLanguage":"et","@id":"https:\/\/talkpal.ai\/et\/rootsi-keele-grammatikaharjutused\/#primaryimage","url":"https:\/\/talkpal.ai\/wp-content\/uploads\/2023\/04\/sweden.png","contentUrl":"https:\/\/talkpal.ai\/wp-content\/uploads\/2023\/04\/sweden.png","width":512,"height":512},{"@type":"BreadcrumbList","@id":"https:\/\/talkpal.ai\/et\/rootsi-keele-grammatikaharjutused\/#breadcrumb","itemListElement":[{"@type":"ListItem","position":1,"name":"Homepage","item":"https:\/\/talkpal.ai\/et\/"},{"@type":"ListItem","position":2,"name":"Rootsi keele grammatikaharjutused"}]},{"@type":"WebSite","@id":"https:\/\/talkpal.ai\/et\/#website","url":"https:\/\/talkpal.ai\/et\/","name":"Talkpal","description":"AI Language Learning","publisher":{"@id":"https:\/\/talkpal.ai\/et\/#organization"},"alternateName":"Talkpal AI","potentialAction":[{"@type":"SearchAction","target":{"@type":"EntryPoint","urlTemplate":"https:\/\/talkpal.ai\/et\/?s={search_term_string}"},"query-input":{"@type":"PropertyValueSpecification","valueRequired":true,"valueName":"search_term_string"}}],"inLanguage":"et"},{"@type":"Organization","@id":"https:\/\/talkpal.ai\/et\/#organization","name":"Talkpal, Inc.","alternateName":"Talkpal AI","url":"https:\/\/talkpal.ai\/et\/","logo":{"@type":"ImageObject","inLanguage":"et","@id":"https:\/\/talkpal.ai\/et\/#\/schema\/logo\/image\/","url":"https:\/\/talkpal.ai\/wp-content\/uploads\/2024\/03\/Talkpal-Logo-Icon.png","contentUrl":"https:\/\/talkpal.ai\/wp-content\/uploads\/2024\/03\/Talkpal-Logo-Icon.png","width":2880,"height":2880,"caption":"Talkpal, Inc."},"image":{"@id":"https:\/\/talkpal.ai\/et\/#\/schema\/logo\/image\/"},"sameAs":["https:\/\/www.facebook.com\/profile.php?id=100090733639311","https:\/\/x.com\/talkpalai","https:\/\/www.linkedin.com\/company\/talkpal\/","https:\/\/www.youtube.com\/@TalkPal\/","https:\/\/www.tiktok.com\/@talkpal","https:\/\/www.instagram.com\/talkpal_ai\/","https:\/\/www.crunchbase.com\/organization\/talkpal-9cde","https:\/\/www.g2.com\/products\/talkpal-for-business\/","https:\/\/www.trustpilot.com\/review\/talkpal.ai","https:\/\/www.capterra.com\/p\/10006800\/TalkPal\/"],"description":"Talkpal is a language learning web and mobile education app, powered by the latest AI technologies, that provides engaging experiences to its customers in many different languages to help them improve their language skills. Users can chat about unlimited amount of topics with the app and use other modes to practice their language learning.","email":"support@talkpal.ai","legalName":"Talkpal, Inc.","foundingDate":"2023-04-03","duns":"118989042","numberOfEmployees":{"@type":"QuantitativeValue","minValue":"11","maxValue":"50"},"publishingPrinciples":"https:\/\/talkpal.ai\/publishing-principles\/","actionableFeedbackPolicy":"https:\/\/talkpal.ai\/actionable-feedback-policy\/","correctionsPolicy":"https:\/\/talkpal.ai\/corrections-policy\/","ethicsPolicy":"https:\/\/talkpal.ai\/ethics-policy\/","diversityPolicy":"https:\/\/talkpal.ai\/diversity-policy\/","diversityStaffingReport":"https:\/\/talkpal.ai\/diversity-policy\/"}]}},"_links":{"self":[{"href":"https:\/\/talkpal.ai\/et\/wp-json\/wp\/v2\/pages\/133599","targetHints":{"allow":["GET"]}}],"collection":[{"href":"https:\/\/talkpal.ai\/et\/wp-json\/wp\/v2\/pages"}],"about":[{"href":"https:\/\/talkpal.ai\/et\/wp-json\/wp\/v2\/types\/page"}],"author":[{"embeddable":true,"href":"https:\/\/talkpal.ai\/et\/wp-json\/wp\/v2\/users\/6"}],"replies":[{"embeddable":true,"href":"https:\/\/talkpal.ai\/et\/wp-json\/wp\/v2\/comments?post=133599"}],"version-history":[{"count":0,"href":"https:\/\/talkpal.ai\/et\/wp-json\/wp\/v2\/pages\/133599\/revisions"}],"wp:featuredmedia":[{"embeddable":true,"href":"https:\/\/talkpal.ai\/et\/wp-json\/wp\/v2\/media\/108374"}],"wp:attachment":[{"href":"https:\/\/talkpal.ai\/et\/wp-json\/wp\/v2\/media?parent=133599"}],"curies":[{"name":"wp","href":"https:\/\/api.w.org\/{rel}","templated":true}]}}