{"id":133026,"date":"2023-06-16T09:39:29","date_gmt":"2023-06-16T09:39:29","guid":{"rendered":"http:\/\/talkpal.ai\/hiina-keele-grammatika-harjutused\/"},"modified":"2025-05-22T21:25:36","modified_gmt":"2025-05-22T21:25:36","slug":"hiina-keele-grammatika-harjutused","status":"publish","type":"page","link":"https:\/\/talkpal.ai\/et\/hiina-keele-grammatika-harjutused\/","title":{"rendered":"Hiina keele grammatika harjutused"},"content":{"rendered":"\r\n\r\n\r\n<section class=\"languageChallengeSection\">\r\n    <div class=\"languageInfoWrapper\">\r\n        \r\n        <h1>Hiina keele grammatika harjutused<\/h1>\r\n        <p>Tahad oma <a href=\"https:\/\/talkpal.ai\/learn-chinese\/\">hiina<\/a> keele oskust parandada? Grammatikaharjutustele keskendumine aitab teil m\u00f5ista lauseehitust, omandada olulisi mustreid ja suurendada enesekindlust igap\u00e4evastes vestlustes. Alusta hiina keele <a href=\"https:\/\/talkpal.ai\/greek-grammar\/\">grammatika<\/a> harjutamist juba t\u00e4na ja astu <a href=\"https:\/\/talkpal.ai\/locations\/language-courses-in-iga\/\">iga<\/a> harjutusega kindlaid samme sujuva keeleoskuse suunas!<\/p>\r\n\r\n                            <a class=\"getStartedHidden\" href=\"https:\/\/app.talkpal.ai\/et\/signup?lng=\">Alusta<\/a>\r\n        \r\n    <\/div>\r\n\r\n    <figure>\r\n    <img decoding=\"async\" width=\"768\" height=\"768\" src=\"https:\/\/talkpal.ai\/wp-content\/uploads\/2023\/06\/chinese-768x768.png\" class=\"languageImage no-lazy\" alt=\"Language learning for flexible communication\" fetchpriority=\"high\" sizes=\"(max-width: 768px) 150px, 768px\" srcset=\"https:\/\/talkpal.ai\/wp-content\/uploads\/2023\/06\/chinese-768x768.png 768w, https:\/\/talkpal.ai\/wp-content\/uploads\/2023\/06\/chinese-300x300.png 300w\" \/>\r\n    \r\n\r\n    <\/figure>\r\n\r\n            <a class=\"getStartedVisible\" href=\"https:\/\/app.talkpal.ai\/et\/signup?lng=\">Alusta<\/a>\r\n    \r\n<\/section>\r\n\r\n\r\n<!-- <section class=\"grammarSection\">\r\n    <div class=\"grammarLinks\">\r\n            <\/div>\r\n<\/section> -->\r\n\r\n\r\n\r\n\r\n<section class=\"promotionalBanner\">\r\n    <p class=\"promotionalText\">K\u00f5ige t\u00f5husam viis keele \u00f5ppimiseks<\/p>\r\n    <a class=\"promotionalLink\" href=\"https:\/\/app.talkpal.ai\/et\/signup?lng=\">Proovige Talkpal tasuta<\/a>\r\n<\/section>\n<div class=\"wp-block-group pageContainerStyle\"><div class=\"wp-block-group__inner-container is-layout-constrained wp-block-group-is-layout-constrained\">\n<h2 class=\"wp-block-heading\" id=\"h-chinese-grammar-topics\">Hiina keele grammatika teemad<\/h2>\n\n\n\n<p>Hiina keele grammatika v\u00f5ib alguses tunduda hirmutav, kuid see on keele valdamiseks h\u00e4davajalik. Oma ainulaadse m\u00e4rgis\u00fcsteemi ja tonaalse olemusega j\u00e4rgib hiina keele grammatika teistsuguseid reegleid kui sellised keeled nagu <a href=\"https:\/\/talkpal.ai\/learn-english-with-ai\/\">inglise keel<\/a>. Nende reeglite \u00f5iges j\u00e4rjekorras <a href=\"https:\/\/talkpal.ai\/et\/oppimine\/\">\u00f5ppimine<\/a> aitab teil keele\u00f5ppes t\u00f5husamalt edasi liikuda. J\u00e4rgmisi teemasid k\u00e4sitletakse soovitatud \u00f5ppej\u00e4rjekorras: ajavormid, tegus\u00f5nad, nimis\u00f5nad, artiklid, ases\u00f5nad, omaduss\u00f5nad, m\u00e4\u00e4rs\u00f5nad, eess\u00f5nad ja lauseehitus. See juhend annab iga teema kohta l\u00fchikesi selgitusi, et aidata teil paremini m\u00f5ista nende funktsioone hiina keeles.<\/p>\n\n\n\n<h3 class=\"wp-block-heading\" id=\"h-1-tenses\">1. Ajavormid:<\/h3>\n\n\n\n<p>Erinevalt <a href=\"https:\/\/talkpal.ai\/learn-english\/\">inglise<\/a> keelest ei ole hiina keelel keerulisi verbi konjugatsioone, et n\u00e4idata pinget. Selle asemel kasutab see ajas\u00f5nu v\u00f5i osakesi, et n\u00e4idata, millal tegevus toimub. Mineviku, oleviku v\u00f5i tuleviku v\u00e4ljendamiseks peaksite k\u00f5igepealt tutvuma \u00fcldlevinud ajas\u00f5nadega, nagu &#8220;eile&#8221;, &#8220;t\u00e4na&#8221; ja &#8220;homme&#8221;.<\/p>\n\n\n\n<h3 class=\"wp-block-heading\" id=\"h-2-verbs\">2. Tegus\u00f5nad:<\/h3>\n\n\n\n<p>Kui olete ajastustest aru saanud, on oluline \u00f5ppida p\u00f5hilisi tegus\u00f5nu hiina keeles. Tegus\u00f5nad on \u00fcliolulised, kuna nad v\u00e4ljendavad tegevusi ja seisundeid ning j\u00e4\u00e4vad sageli erinevates ajastutes muutumatuks. Keskenduge k\u00f5ige tavalisemate tegus\u00f5nade \u00f5ppimisele ja nende asjakohasele kasutamisele.<\/p>\n\n\n\n<h3 class=\"wp-block-heading\" id=\"h-3-nouns\">3. Nimis\u00f5nad:<\/h3>\n\n\n\n<p>Nimis\u00f5nad on keele ehituskivid, mis esindavad inimesi, kohti, asju v\u00f5i ideid. Hiina keeles on nimis\u00f5nad \u00fcldiselt lihtsad ja s\u00f5navara laiendamiseks v\u00f5ite alustada k\u00f5ige tavalisemate ja kasulikumate \u00f5ppimisega.<\/p>\n\n\n\n<h3 class=\"wp-block-heading\" id=\"h-4-articles\">4. Artiklid:<\/h3>\n\n\n\n<p>Hiina keeles ei ole artikleid nagu &#8220;a&#8221; v\u00f5i &#8220;the&#8221; inglise keeles. Siiski on olemas m\u00f5\u00f5ts\u00f5nad, mis kaasnevad nimis\u00f5nadega, et n\u00e4idata kogust. Need m\u00f5\u00f5dus\u00f5nad on olulised konkreetsete esemete summade v\u00f5i arvude arutamisel.<\/p>\n\n\n\n<h3 class=\"wp-block-heading\" id=\"h-5-pronouns\">5. Ases\u00f5nad:<\/h3>\n\n\n\n<p>Ases\u00f5nu kasutatakse nimis\u00f5nade asendamiseks lauses ja need on kordamise v\u00e4ltimiseks \u00fcliolulised. Hiina keeles muutuvad ases\u00f5nad vastavalt nende funktsioonile lauses, n\u00e4iteks subjekt, objekt v\u00f5i omastav. \u00d5ppige erinevaid ases\u00f5nu ja nende \u00f5iget kasutamist, et parandada oma lauseehitust.<\/p>\n\n\n\n<h3 class=\"wp-block-heading\" id=\"h-6-adjectives\">6. Omaduss\u00f5nad:<\/h3>\n\n\n\n<p>Omaduss\u00f5nu kasutatakse nimis\u00f5nade kirjeldamiseks v\u00f5i muutmiseks ning neil on oluline roll teie lausete v\u00e4ljendusrikkamaks ja kaasahaaravamaks muutmisel. \u00d5ppige k\u00f5ige tavalisemaid omaduss\u00f5nu ja nende paigutust nimis\u00f5na suhtes lauses.<\/p>\n\n\n\n<h3 class=\"wp-block-heading\" id=\"h-7-adverbs\">7. M\u00e4\u00e4rs\u00f5nad:<\/h3>\n\n\n\n<p>M\u00e4\u00e4rs\u00f5nad on olulised verbide, omaduss\u00f5nade v\u00f5i muude m\u00e4\u00e4rs\u00f5nade kohta lisateabe andmiseks. Nad saavad kirjeldada, kuidas, millal v\u00f5i kus toiming toimub. Tutvuge tavaliste m\u00e4\u00e4rs\u00f5nade ja nende kasutamisega, et parandada oma kirjeldamisv\u00f5imet.<\/p>\n\n\n\n<h3 class=\"wp-block-heading\" id=\"h-8-prepositions\">8. Eess\u00f5nad:<\/h3>\n\n\n\n<p>Eess\u00f5nu kasutatakse nimis\u00f5nade v\u00f5i ases\u00f5nade vahelise seose n\u00e4itamiseks lauses. Nad v\u00e4ljendavad sageli ruumilisi v\u00f5i ajalisi suhteid, n\u00e4iteks &#8220;in&#8221;, &#8220;on&#8221; v\u00f5i &#8220;at&#8221;. K\u00f5ige tavalisemate eess\u00f5nade \u00f5ppimine ja nende \u00f5ige kasutamine parandab oluliselt teie lauseehitust.<\/p>\n\n\n\n<h3 class=\"wp-block-heading\" id=\"h-9-sentence-structure\">9. Lause struktuur:<\/h3>\n\n\n\n<p>L\u00f5puks on hiina lauseehituse m\u00f5istmine sidusate ja grammatiliselt korrektsete lausete moodustamise v\u00f5ti. Hiina j\u00e4rgib subjekti-verbi-objekti (SVO) struktuuri, mis sarnaneb inglise keelega. Siiski on erinevusi s\u00f5nade j\u00e4rjekorras ja erinevate grammatiliste elementide paigutuses. \u00d5ppige p\u00f5hilisi lausemustreid ja harjutage lausete konstrueerimist \u00f5pitud elementidega, nagu ajavormid, tegus\u00f5nad, nimis\u00f5nad, ases\u00f5nad, omaduss\u00f5nad, m\u00e4\u00e4rs\u00f5nad ja eess\u00f5nad.<\/p>\n\n\n\n<p>J\u00e4rgides seda j\u00e4rjestust ja keskendudes igale teemale, arendate hiina keele grammatikas tugevat alust ja olete h\u00e4sti teel keele valdamise poole.<\/p>\n<\/div><\/div>\n\r\n<section class=\"learnNavigationSection\">\r\n            \r\n        <a href=\"https:\/\/talkpal.ai\/et\/opi-hiina-keel\/\">\r\n            <div class=\"learnNavigationWrapper\">\r\n                <div class=\"learnNavigationContent\">\r\n                    <img decoding=\"async\" src=\"https:\/\/talkpal.ai\/wp-content\/uploads\/2024\/08\/Chinese.jpg\" alt=\"Chinese Flag\u00a0\">\r\n                    <div>\r\n                        <h4>Hiina \u00f5ppimise kohta<\/h4>\r\n                        <p>Uuri k\u00f5ike hiina keele grammatika kohta.<\/p>\r\n                    <\/div>\r\n                <\/div>\r\n            <\/div>\r\n        <\/a>\r\n\r\n        \r\n        <a href=\"https:\/\/talkpal.ai\/et\/hiina-keele-grammatika\/\">\r\n            <div class=\"learnNavigationWrapper\">\r\n                <div class=\"learnNavigationContent\">\r\n                    <img decoding=\"async\" src=\"https:\/\/talkpal.ai\/wp-content\/uploads\/2024\/08\/Chinese.jpg\" alt=\"Chinese Flag\u00a0\">\r\n                    <div>\r\n                        <h4>Hiina keele grammatika \u00f5ppetunnid<\/h4>\r\n                        <p>Harjutage hiina grammatikat.<\/p>\r\n                    <\/div>\r\n                <\/div>\r\n            <\/div>\r\n        <\/a>\r\n\r\n        \r\n        <a href=\"https:\/\/talkpal.ai\/vocabulary_language\/chinese\/\">\r\n            <div class=\"learnNavigationWrapper\">\r\n                <div class=\"learnNavigationContent\">\r\n                    <img decoding=\"async\" src=\"https:\/\/talkpal.ai\/wp-content\/uploads\/2024\/08\/Chinese.jpg\" alt=\"Chinese Flag\u00a0\">\r\n                    <div>\r\n                        <h4>Hiina s\u00f5navara<\/h4>\r\n                        <p>Laiendage oma hiina keele s\u00f5navara.<\/p>\r\n                    <\/div>\r\n                <\/div>\r\n            <\/div>\r\n        <\/a>\r\n\r\n            <\/section>","protected":false},"excerpt":{"rendered":"<p>Hiina keele grammatika teemad Hiina keele grammatika v\u00f5ib alguses tunduda hirmutav, kuid see on keele valdamiseks h\u00e4davajalik. Oma ainulaadse m\u00e4rgis\u00fcsteemi ja tonaalse olemusega j\u00e4rgib hiina keele grammatika teistsuguseid reegleid kui sellised keeled nagu inglise keel. Nende reeglite \u00f5iges j\u00e4rjekorras \u00f5ppimine aitab teil keele\u00f5ppes t\u00f5husamalt edasi liikuda. J\u00e4rgmisi teemasid k\u00e4sitletakse soovitatud \u00f5ppej\u00e4rjekorras: ajavormid, tegus\u00f5nad, nimis\u00f5nad, artiklid, [&hellip;]<\/p>\n","protected":false},"author":6,"featured_media":106102,"parent":0,"menu_order":0,"comment_status":"closed","ping_status":"closed","template":"LearningContentPage.php","meta":{"_acf_changed":false,"footnotes":""},"class_list":["post-133026","page","type-page","status-publish","has-post-thumbnail","hentry"],"acf":[],"yoast_head":"<!-- This site is optimized with the Yoast SEO Premium plugin v27.2 (Yoast SEO v27.2) - https:\/\/yoast.com\/product\/yoast-seo-premium-wordpress\/ -->\n<title>Hiina keele grammatika harjutused - Talkpal<\/title>\n<meta name=\"description\" content=\"\u00d5ppige hiina keele grammatikat meie p\u00f5hjaliku juhendi abil, mis h\u00f5lmab ajavormide, verbide ja muu keeleoskuse parandamiseks.\" \/>\n<meta name=\"robots\" content=\"index, follow, max-snippet:-1, max-image-preview:large, max-video-preview:-1\" \/>\n<link rel=\"canonical\" href=\"https:\/\/talkpal.ai\/et\/hiina-keele-grammatika-harjutused\/\" \/>\n<meta property=\"og:locale\" content=\"et_EE\" \/>\n<meta property=\"og:type\" content=\"article\" \/>\n<meta property=\"og:title\" content=\"Hiina keele grammatika harjutused\" \/>\n<meta property=\"og:description\" content=\"Hiina keele grammatika teemad Hiina keele grammatika v\u00f5ib alguses tunduda hirmutav, kuid see on keele valdamiseks h\u00e4davajalik. Oma ainulaadse\" \/>\n<meta property=\"og:url\" content=\"https:\/\/talkpal.ai\/et\/hiina-keele-grammatika-harjutused\/\" \/>\n<meta property=\"og:site_name\" content=\"Talkpal\" \/>\n<meta property=\"article:publisher\" content=\"https:\/\/www.facebook.com\/profile.php?id=100090733639311\" \/>\n<meta property=\"article:modified_time\" content=\"2025-05-22T21:25:36+00:00\" \/>\n<meta property=\"og:image\" content=\"https:\/\/talkpal.ai\/wp-content\/uploads\/2023\/04\/china.png\" \/>\n\t<meta property=\"og:image:width\" content=\"512\" \/>\n\t<meta property=\"og:image:height\" content=\"512\" \/>\n\t<meta property=\"og:image:type\" content=\"image\/png\" \/>\n<meta name=\"twitter:card\" content=\"summary_large_image\" \/>\n<meta name=\"twitter:site\" content=\"@talkpalai\" \/>\n<meta name=\"twitter:label1\" content=\"Est. reading time\" \/>\n\t<meta name=\"twitter:data1\" content=\"3 minutit\" \/>\n<script type=\"application\/ld+json\" class=\"yoast-schema-graph\">{\"@context\":\"https:\/\/schema.org\",\"@graph\":[{\"@type\":\"WebPage\",\"@id\":\"https:\/\/talkpal.ai\/et\/hiina-keele-grammatika-harjutused\/\",\"url\":\"https:\/\/talkpal.ai\/et\/hiina-keele-grammatika-harjutused\/\",\"name\":\"Hiina keele grammatika harjutused - Talkpal\",\"isPartOf\":{\"@id\":\"https:\/\/talkpal.ai\/et\/#website\"},\"primaryImageOfPage\":{\"@id\":\"https:\/\/talkpal.ai\/et\/hiina-keele-grammatika-harjutused\/#primaryimage\"},\"image\":{\"@id\":\"https:\/\/talkpal.ai\/et\/hiina-keele-grammatika-harjutused\/#primaryimage\"},\"thumbnailUrl\":\"https:\/\/talkpal.ai\/wp-content\/uploads\/2023\/04\/china.png\",\"datePublished\":\"2023-06-16T09:39:29+00:00\",\"dateModified\":\"2025-05-22T21:25:36+00:00\",\"description\":\"\u00d5ppige hiina keele grammatikat meie p\u00f5hjaliku juhendi abil, mis h\u00f5lmab ajavormide, verbide ja muu keeleoskuse parandamiseks.\",\"breadcrumb\":{\"@id\":\"https:\/\/talkpal.ai\/et\/hiina-keele-grammatika-harjutused\/#breadcrumb\"},\"inLanguage\":\"et\",\"potentialAction\":[{\"@type\":\"ReadAction\",\"target\":[\"https:\/\/talkpal.ai\/et\/hiina-keele-grammatika-harjutused\/\"]}]},{\"@type\":\"ImageObject\",\"inLanguage\":\"et\",\"@id\":\"https:\/\/talkpal.ai\/et\/hiina-keele-grammatika-harjutused\/#primaryimage\",\"url\":\"https:\/\/talkpal.ai\/wp-content\/uploads\/2023\/04\/china.png\",\"contentUrl\":\"https:\/\/talkpal.ai\/wp-content\/uploads\/2023\/04\/china.png\",\"width\":512,\"height\":512},{\"@type\":\"BreadcrumbList\",\"@id\":\"https:\/\/talkpal.ai\/et\/hiina-keele-grammatika-harjutused\/#breadcrumb\",\"itemListElement\":[{\"@type\":\"ListItem\",\"position\":1,\"name\":\"Homepage\",\"item\":\"https:\/\/talkpal.ai\/et\/\"},{\"@type\":\"ListItem\",\"position\":2,\"name\":\"Hiina keele grammatika harjutused\"}]},{\"@type\":\"WebSite\",\"@id\":\"https:\/\/talkpal.ai\/et\/#website\",\"url\":\"https:\/\/talkpal.ai\/et\/\",\"name\":\"Talkpal\",\"description\":\"AI Language Learning\",\"publisher\":{\"@id\":\"https:\/\/talkpal.ai\/et\/#organization\"},\"alternateName\":\"Talkpal AI\",\"potentialAction\":[{\"@type\":\"SearchAction\",\"target\":{\"@type\":\"EntryPoint\",\"urlTemplate\":\"https:\/\/talkpal.ai\/et\/?s={search_term_string}\"},\"query-input\":{\"@type\":\"PropertyValueSpecification\",\"valueRequired\":true,\"valueName\":\"search_term_string\"}}],\"inLanguage\":\"et\"},{\"@type\":\"Organization\",\"@id\":\"https:\/\/talkpal.ai\/et\/#organization\",\"name\":\"Talkpal, Inc.\",\"alternateName\":\"Talkpal AI\",\"url\":\"https:\/\/talkpal.ai\/et\/\",\"logo\":{\"@type\":\"ImageObject\",\"inLanguage\":\"et\",\"@id\":\"https:\/\/talkpal.ai\/et\/#\/schema\/logo\/image\/\",\"url\":\"https:\/\/talkpal.ai\/wp-content\/uploads\/2024\/03\/Talkpal-Logo-Icon.png\",\"contentUrl\":\"https:\/\/talkpal.ai\/wp-content\/uploads\/2024\/03\/Talkpal-Logo-Icon.png\",\"width\":2880,\"height\":2880,\"caption\":\"Talkpal, Inc.\"},\"image\":{\"@id\":\"https:\/\/talkpal.ai\/et\/#\/schema\/logo\/image\/\"},\"sameAs\":[\"https:\/\/www.facebook.com\/profile.php?id=100090733639311\",\"https:\/\/x.com\/talkpalai\",\"https:\/\/www.linkedin.com\/company\/talkpal\/\",\"https:\/\/www.youtube.com\/@TalkPal\/\",\"https:\/\/www.tiktok.com\/@talkpal\",\"https:\/\/www.instagram.com\/talkpal_ai\/\",\"https:\/\/www.crunchbase.com\/organization\/talkpal-9cde\",\"https:\/\/www.g2.com\/products\/talkpal-for-business\/\",\"https:\/\/www.trustpilot.com\/review\/talkpal.ai\",\"https:\/\/www.capterra.com\/p\/10006800\/TalkPal\/\"],\"description\":\"Talkpal is a language learning web and mobile education app, powered by the latest AI technologies, that provides engaging experiences to its customers in many different languages to help them improve their language skills. Users can chat about unlimited amount of topics with the app and use other modes to practice their language learning.\",\"email\":\"support@talkpal.ai\",\"legalName\":\"Talkpal, Inc.\",\"foundingDate\":\"2023-04-03\",\"duns\":\"118989042\",\"numberOfEmployees\":{\"@type\":\"QuantitativeValue\",\"minValue\":\"11\",\"maxValue\":\"50\"},\"publishingPrinciples\":\"https:\/\/talkpal.ai\/publishing-principles\/\",\"actionableFeedbackPolicy\":\"https:\/\/talkpal.ai\/actionable-feedback-policy\/\",\"correctionsPolicy\":\"https:\/\/talkpal.ai\/corrections-policy\/\",\"ethicsPolicy\":\"https:\/\/talkpal.ai\/ethics-policy\/\",\"diversityPolicy\":\"https:\/\/talkpal.ai\/diversity-policy\/\",\"diversityStaffingReport\":\"https:\/\/talkpal.ai\/diversity-policy\/\"}]}<\/script>\n<!-- \/ Yoast SEO Premium plugin. -->","yoast_head_json":{"title":"Hiina keele grammatika harjutused - Talkpal","description":"\u00d5ppige hiina keele grammatikat meie p\u00f5hjaliku juhendi abil, mis h\u00f5lmab ajavormide, verbide ja muu keeleoskuse parandamiseks.","robots":{"index":"index","follow":"follow","max-snippet":"max-snippet:-1","max-image-preview":"max-image-preview:large","max-video-preview":"max-video-preview:-1"},"canonical":"https:\/\/talkpal.ai\/et\/hiina-keele-grammatika-harjutused\/","og_locale":"et_EE","og_type":"article","og_title":"Hiina keele grammatika harjutused","og_description":"Hiina keele grammatika teemad Hiina keele grammatika v\u00f5ib alguses tunduda hirmutav, kuid see on keele valdamiseks h\u00e4davajalik. Oma ainulaadse","og_url":"https:\/\/talkpal.ai\/et\/hiina-keele-grammatika-harjutused\/","og_site_name":"Talkpal","article_publisher":"https:\/\/www.facebook.com\/profile.php?id=100090733639311","article_modified_time":"2025-05-22T21:25:36+00:00","og_image":[{"width":512,"height":512,"url":"https:\/\/talkpal.ai\/wp-content\/uploads\/2023\/04\/china.png","type":"image\/png"}],"twitter_card":"summary_large_image","twitter_site":"@talkpalai","twitter_misc":{"Est. reading time":"3 minutit"},"schema":{"@context":"https:\/\/schema.org","@graph":[{"@type":"WebPage","@id":"https:\/\/talkpal.ai\/et\/hiina-keele-grammatika-harjutused\/","url":"https:\/\/talkpal.ai\/et\/hiina-keele-grammatika-harjutused\/","name":"Hiina keele grammatika harjutused - Talkpal","isPartOf":{"@id":"https:\/\/talkpal.ai\/et\/#website"},"primaryImageOfPage":{"@id":"https:\/\/talkpal.ai\/et\/hiina-keele-grammatika-harjutused\/#primaryimage"},"image":{"@id":"https:\/\/talkpal.ai\/et\/hiina-keele-grammatika-harjutused\/#primaryimage"},"thumbnailUrl":"https:\/\/talkpal.ai\/wp-content\/uploads\/2023\/04\/china.png","datePublished":"2023-06-16T09:39:29+00:00","dateModified":"2025-05-22T21:25:36+00:00","description":"\u00d5ppige hiina keele grammatikat meie p\u00f5hjaliku juhendi abil, mis h\u00f5lmab ajavormide, verbide ja muu keeleoskuse parandamiseks.","breadcrumb":{"@id":"https:\/\/talkpal.ai\/et\/hiina-keele-grammatika-harjutused\/#breadcrumb"},"inLanguage":"et","potentialAction":[{"@type":"ReadAction","target":["https:\/\/talkpal.ai\/et\/hiina-keele-grammatika-harjutused\/"]}]},{"@type":"ImageObject","inLanguage":"et","@id":"https:\/\/talkpal.ai\/et\/hiina-keele-grammatika-harjutused\/#primaryimage","url":"https:\/\/talkpal.ai\/wp-content\/uploads\/2023\/04\/china.png","contentUrl":"https:\/\/talkpal.ai\/wp-content\/uploads\/2023\/04\/china.png","width":512,"height":512},{"@type":"BreadcrumbList","@id":"https:\/\/talkpal.ai\/et\/hiina-keele-grammatika-harjutused\/#breadcrumb","itemListElement":[{"@type":"ListItem","position":1,"name":"Homepage","item":"https:\/\/talkpal.ai\/et\/"},{"@type":"ListItem","position":2,"name":"Hiina keele grammatika harjutused"}]},{"@type":"WebSite","@id":"https:\/\/talkpal.ai\/et\/#website","url":"https:\/\/talkpal.ai\/et\/","name":"Talkpal","description":"AI Language Learning","publisher":{"@id":"https:\/\/talkpal.ai\/et\/#organization"},"alternateName":"Talkpal AI","potentialAction":[{"@type":"SearchAction","target":{"@type":"EntryPoint","urlTemplate":"https:\/\/talkpal.ai\/et\/?s={search_term_string}"},"query-input":{"@type":"PropertyValueSpecification","valueRequired":true,"valueName":"search_term_string"}}],"inLanguage":"et"},{"@type":"Organization","@id":"https:\/\/talkpal.ai\/et\/#organization","name":"Talkpal, Inc.","alternateName":"Talkpal AI","url":"https:\/\/talkpal.ai\/et\/","logo":{"@type":"ImageObject","inLanguage":"et","@id":"https:\/\/talkpal.ai\/et\/#\/schema\/logo\/image\/","url":"https:\/\/talkpal.ai\/wp-content\/uploads\/2024\/03\/Talkpal-Logo-Icon.png","contentUrl":"https:\/\/talkpal.ai\/wp-content\/uploads\/2024\/03\/Talkpal-Logo-Icon.png","width":2880,"height":2880,"caption":"Talkpal, Inc."},"image":{"@id":"https:\/\/talkpal.ai\/et\/#\/schema\/logo\/image\/"},"sameAs":["https:\/\/www.facebook.com\/profile.php?id=100090733639311","https:\/\/x.com\/talkpalai","https:\/\/www.linkedin.com\/company\/talkpal\/","https:\/\/www.youtube.com\/@TalkPal\/","https:\/\/www.tiktok.com\/@talkpal","https:\/\/www.instagram.com\/talkpal_ai\/","https:\/\/www.crunchbase.com\/organization\/talkpal-9cde","https:\/\/www.g2.com\/products\/talkpal-for-business\/","https:\/\/www.trustpilot.com\/review\/talkpal.ai","https:\/\/www.capterra.com\/p\/10006800\/TalkPal\/"],"description":"Talkpal is a language learning web and mobile education app, powered by the latest AI technologies, that provides engaging experiences to its customers in many different languages to help them improve their language skills. Users can chat about unlimited amount of topics with the app and use other modes to practice their language learning.","email":"support@talkpal.ai","legalName":"Talkpal, Inc.","foundingDate":"2023-04-03","duns":"118989042","numberOfEmployees":{"@type":"QuantitativeValue","minValue":"11","maxValue":"50"},"publishingPrinciples":"https:\/\/talkpal.ai\/publishing-principles\/","actionableFeedbackPolicy":"https:\/\/talkpal.ai\/actionable-feedback-policy\/","correctionsPolicy":"https:\/\/talkpal.ai\/corrections-policy\/","ethicsPolicy":"https:\/\/talkpal.ai\/ethics-policy\/","diversityPolicy":"https:\/\/talkpal.ai\/diversity-policy\/","diversityStaffingReport":"https:\/\/talkpal.ai\/diversity-policy\/"}]}},"_links":{"self":[{"href":"https:\/\/talkpal.ai\/et\/wp-json\/wp\/v2\/pages\/133026","targetHints":{"allow":["GET"]}}],"collection":[{"href":"https:\/\/talkpal.ai\/et\/wp-json\/wp\/v2\/pages"}],"about":[{"href":"https:\/\/talkpal.ai\/et\/wp-json\/wp\/v2\/types\/page"}],"author":[{"embeddable":true,"href":"https:\/\/talkpal.ai\/et\/wp-json\/wp\/v2\/users\/6"}],"replies":[{"embeddable":true,"href":"https:\/\/talkpal.ai\/et\/wp-json\/wp\/v2\/comments?post=133026"}],"version-history":[{"count":0,"href":"https:\/\/talkpal.ai\/et\/wp-json\/wp\/v2\/pages\/133026\/revisions"}],"wp:featuredmedia":[{"embeddable":true,"href":"https:\/\/talkpal.ai\/et\/wp-json\/wp\/v2\/media\/106102"}],"wp:attachment":[{"href":"https:\/\/talkpal.ai\/et\/wp-json\/wp\/v2\/media?parent=133026"}],"curies":[{"name":"wp","href":"https:\/\/api.w.org\/{rel}","templated":true}]}}