{"id":132484,"date":"2023-06-16T09:31:38","date_gmt":"2023-06-16T09:31:38","guid":{"rendered":"http:\/\/talkpal.ai\/araabia-keele-grammatika-harjutused\/"},"modified":"2025-05-22T20:16:26","modified_gmt":"2025-05-22T20:16:26","slug":"araabia-keele-grammatika-harjutused","status":"publish","type":"page","link":"https:\/\/talkpal.ai\/et\/araabia-keele-grammatika-harjutused\/","title":{"rendered":"Araabia keele grammatika harjutused"},"content":{"rendered":"\r\n\r\n\r\n<section class=\"languageChallengeSection\">\r\n    <div class=\"languageInfoWrapper\">\r\n        \r\n        <h1>Araabia keele grammatika harjutused<\/h1>\r\n        <p>Kas olete valmis oma araabia keele oskust t\u00f5stma? Grammatikaharjutuste tegemine on oluline lauseehituse, verbivormide ja araabia keele ainulaadsete mustrite omandamiseks. Keskenduge nendele harjutustele, et suurendada oma enesekindlust, laiendada oma s\u00f5navara ja muuta araabia keeles enesev\u00e4ljendamine palju lihtsamaks. Alusta harjutamist juba t\u00e4na ja vaata, kuidas su keeleoskus kasvab!<\/p>\r\n\r\n                            <a class=\"getStartedHidden\" href=\"https:\/\/app.talkpal.ai\/et\/signup?lng=\">Alusta<\/a>\r\n        \r\n    <\/div>\r\n\r\n    <figure>\r\n    <img decoding=\"async\" width=\"768\" height=\"768\" src=\"https:\/\/talkpal.ai\/wp-content\/uploads\/2023\/06\/arabic-768x768.png\" class=\"languageImage no-lazy\" alt=\"Language learning for linguistic diversity\" fetchpriority=\"high\" sizes=\"(max-width: 768px) 150px, 768px\" srcset=\"https:\/\/talkpal.ai\/wp-content\/uploads\/2023\/06\/arabic-768x768.png 768w, https:\/\/talkpal.ai\/wp-content\/uploads\/2023\/06\/arabic-300x300.png 300w\" \/>\r\n    \r\n\r\n    <\/figure>\r\n\r\n            <a class=\"getStartedVisible\" href=\"https:\/\/app.talkpal.ai\/et\/signup?lng=\">Alusta<\/a>\r\n    \r\n<\/section>\r\n\r\n\r\n<!-- <section class=\"grammarSection\">\r\n    <div class=\"grammarLinks\">\r\n            <\/div>\r\n<\/section> -->\r\n\r\n\r\n\r\n\r\n<section class=\"promotionalBanner\">\r\n    <p class=\"promotionalText\">K\u00f5ige t\u00f5husam viis keele \u00f5ppimiseks<\/p>\r\n    <a class=\"promotionalLink\" href=\"https:\/\/app.talkpal.ai\/et\/signup?lng=\">Proovige Talkpal tasuta<\/a>\r\n<\/section>\n<div class=\"wp-block-group pageContainerStyle\"><div class=\"wp-block-group__inner-container is-layout-constrained wp-block-group-is-layout-constrained\">\n<h2 class=\"wp-block-heading\" id=\"h-arabic-grammar-topics\">Araabia keele grammatika teemad<\/h2>\n\n\n\n<p>Araabia keel oma rikkaliku ajaloo ja kultuurilise t\u00e4htsusega on keele\u00f5ppijate jaoks p\u00f5nev ja rahuldust pakkuv ettev\u00f5tmine. \u00dchena \u00dcRO kuuest ametlikust keelest, mida r\u00e4\u00e4gib \u00fcle 420 miljoni inimese kogu maailmas, avab araabia keele <a href=\"https:\/\/talkpal.ai\/et\/oppimine\/\">\u00f5ppimine<\/a> v\u00f5imalusi \u00fclemaailmseks suhtlemiseks ja m\u00f5istmiseks. Keele valdamine n\u00f5uab aga selle ainulaadsete grammatikareeglite ja struktuuride p\u00f5hjalikku m\u00f5istmist. Selles artiklis uurime olulisi <a href=\"https:\/\/talkpal.ai\/arabic-grammar\/\">araabia keele grammatika<\/a> teemasid, mis aitavad teil luua keeles tugeva aluse, alates p\u00f5hilistest ajavormidest ja verbi konjugatsioonidest kuni keerukamate nominaalsete ja verbaalsete lausestruktuurideni.<\/p>\n\n\n\n<h3 class=\"wp-block-heading\" id=\"h-1-tenses-indicative\">1. Ajad soovituslikud:<\/h3>\n\n\n\n<p>Soovituslikku pinget kasutatakse oleviku, mineviku v\u00f5i tuleviku tegevuste v\u00f5i seisundite v\u00e4ljendamiseks. Araabia keeles muutub verbi konjugatsioon pingelise p\u00f5hjal. Alustage regulaarsete tegus\u00f5nade p\u00f5hikonjugatsioonide \u00f5ppimisest ja tutvuge praeguste, varasemate ja tulevaste aegade erinevate mustritega.<\/p>\n\n\n\n<h3 class=\"wp-block-heading\" id=\"h-2-tenses-subjunctive\">2. Ajad Subjunktiivid:<\/h3>\n\n\n\n<p>Subjunktiivset pinget kasutatakse ebakindluse, kahtluse v\u00f5i soovi v\u00e4ljendamiseks. V\u00e4ga oluline on \u00f5ppida \u00e4ra konkreetsed verbi liits\u00f5nad ja nende erinevus indikatiivsest ajavormist. See aitab teil suhtluses edasi anda n\u00fcansirikkamaid m\u00f5tteid ja tundeid.<\/p>\n\n\n\n<h3 class=\"wp-block-heading\" id=\"h-3-tense-comparison\">3. Pingeline v\u00f5rdlus:<\/h3>\n\n\n\n<p>Soovituslike ja subjunktiivsete aegade erinevuste m\u00f5istmine on \u00fclioluline. Keskenduge sellele, kuidas verbi konjugatsioone muudetakse ja konteksti, milles <a href=\"https:\/\/talkpal.ai\/locations\/language-courses-in-iga\/\">iga<\/a> pinget kasutatakse.<\/p>\n\n\n\n<h3 class=\"wp-block-heading\" id=\"h-4-verbs\">4. Tegus\u00f5nad:<\/h3>\n\n\n\n<p>Araabia verbid liigitatakse erinevatesse vormidesse nende juurt\u00e4htede ja mustrite alusel. \u00d5ppige tegus\u00f5nade k\u00fcmmet p\u00f5hivormi ja nende konjugatsioonireegleid, mis aitavad teil tegus\u00f5nu erinevates olukordades \u00f5igesti \u00e4ra tunda ja kasutada.<\/p>\n\n\n\n<h3 class=\"wp-block-heading\" id=\"h-5-nouns\">5. Nimis\u00f5nad:<\/h3>\n\n\n\n<p>Araabia nimis\u00f5nad on kas mehelikud v\u00f5i naiselikud ja nende l\u00f5pud muutuvad vastavalt nende grammatilisele rollile lauses. \u00d5ppige tundma erinevaid nimis\u00f5namustreid ja seda, kuidas neid m\u00f5jutavad juhtumit\u00e4hised ja muud grammatilised elemendid.<\/p>\n\n\n\n<h3 class=\"wp-block-heading\" id=\"h-6-articles\">6. Artiklid:<\/h3>\n\n\n\n<p>Araabia keeles on kindlad ja m\u00e4\u00e4ramata artiklid, millel on oluline roll nimis\u00f5nade tuvastamisel. \u00d5ppige tundma kindla artikli &#8220;al-&#8221; reegleid ja kasutamist ning m\u00e4\u00e4ramata artikli puudumist araabia keeles.<\/p>\n\n\n\n<h3 class=\"wp-block-heading\" id=\"h-7-definite-and-indefinite-articles\">7. Kindlad ja m\u00e4\u00e4ramata artiklid:<\/h3>\n\n\n\n<p>Nagu varem mainitud, on oluline m\u00f5ista kindlate ja m\u00e4\u00e4ramata artiklite kasutamist araabia keeles. Harjutage nende kasutamist erinevate nimis\u00f5nadega lausetes, et tugevdada oma arusaamist kontseptsioonist.<\/p>\n\n\n\n<h3 class=\"wp-block-heading\" id=\"h-8-pronouns\">8. Ases\u00f5nad:<\/h3>\n\n\n\n<p>Araabia ases\u00f5nad jagunevad isiklikeks, demonstratiivseteks ja suhtelisteks ases\u00f5nadeks. \u00d5ppige nende vorme ja kasutamist, samuti reegleid nende kinnitamiseks tegus\u00f5nadele, nimis\u00f5nadele ja eess\u00f5nadele.<\/p>\n\n\n\n<h3 class=\"wp-block-heading\" id=\"h-9-adjectives\">9. Omaduss\u00f5nad:<\/h3>\n\n\n\n<p>Araabia omaduss\u00f5nad n\u00f5ustuvad nimis\u00f5nadega, mida nad soo ja arvu poolest muudavad. \u00d5ppige omaduss\u00f5nade kokkuleppe reegleid ja omaduss\u00f5nade p\u00f5himustreid.<\/p>\n\n\n\n<h3 class=\"wp-block-heading\" id=\"h-10-adverbs\">10. M\u00e4\u00e4rs\u00f5nad:<\/h3>\n\n\n\n<p>Tutvuge tavaliste araabia adverbidega ja nende paigutamisega lausetesse. Adverbide funktsiooni m\u00f5istmine aitab teil oma suhtluses \u00fcksikasjalikumat teavet edastada.<\/p>\n\n\n\n<h3 class=\"wp-block-heading\" id=\"h-11-prepositions\">11. Eess\u00f5nad:<\/h3>\n\n\n\n<p>Araabia eess\u00f5nad on olulised s\u00f5nade ja fraaside \u00fchendamiseks ning nendevaheliste suhete v\u00e4ljendamiseks. \u00d5ppige erinevaid eess\u00f5nu ja nende kasutamist lausetes.<\/p>\n\n\n\n<h3 class=\"wp-block-heading\" id=\"h-12-idaafa-genitive-construction\">12. Idaafa (genitiivne ehitus):<\/h3>\n\n\n\n<p>Idaafa konstruktsiooni kasutatakse nimis\u00f5nade omamise v\u00f5i suhete v\u00e4ljendamiseks. \u00d5ppige Idaafa konstruktsioonide moodustamise reegleid ja mustreid, mis on araabia <a href=\"https:\/\/talkpal.ai\/greek-grammar\/\">grammatika<\/a> lahutamatu osa.<\/p>\n\n\n\n<h3 class=\"wp-block-heading\" id=\"h-13-sentence-structure\">13. Lause struktuur:<\/h3>\n\n\n\n<p>Araabia laused v\u00f5ivad olla kas nominaalsed v\u00f5i verbaalsed. \u00d5ppige m\u00f5lemat t\u00fc\u00fcpi lausete p\u00f5histruktuuri ja harjutage erinevate komponentidega lausete moodustamist.<\/p>\n\n\n\n<h3 class=\"wp-block-heading\" id=\"h-14-nominal-and-verbal-sentences\">14. Nominaal- ja suulised laused:<\/h3>\n\n\n\n<p>Sukelduge s\u00fcgavamale nominaalsete ja verbaalsete lausete erinevustesse ning \u00f5ppige, kuidas neid erinevates kontekstides t\u00f5husalt kasutada.<\/p>\n\n\n\n<h3 class=\"wp-block-heading\" id=\"h-15-subject-and-predicate-in-arabic\">15. Subjekt ja predikaat araabia keeles:<\/h3>\n\n\n\n<p>Subjekti ja predikaadi rollide m\u00f5istmine araabia lausetes on t\u00f5husa suhtluse jaoks \u00fclioluline. \u00d5ppige reegleid teemade ja predikaatide tuvastamiseks ja kasutamiseks erinevates lauset\u00fc\u00fcpides.<\/p>\n<\/div><\/div>\n\r\n<section class=\"learnNavigationSection\">\r\n            \r\n        <a href=\"https:\/\/talkpal.ai\/et\/opi-araabia-keel\/\">\r\n            <div class=\"learnNavigationWrapper\">\r\n                <div class=\"learnNavigationContent\">\r\n                    <img decoding=\"async\" src=\"https:\/\/talkpal.ai\/wp-content\/uploads\/2024\/08\/Arabic.jpg\" alt=\"Arabic Flag\">\r\n                    <div>\r\n                        <h4>Araabia keele \u00f5ppimisest<\/h4>\r\n                        <p>Uuri k\u00f5ike araabia keele grammatika kohta.<\/p>\r\n                    <\/div>\r\n                <\/div>\r\n            <\/div>\r\n        <\/a>\r\n\r\n        \r\n        <a href=\"https:\/\/talkpal.ai\/et\/araabia-keele-grammatika\/\">\r\n            <div class=\"learnNavigationWrapper\">\r\n                <div class=\"learnNavigationContent\">\r\n                    <img decoding=\"async\" src=\"https:\/\/talkpal.ai\/wp-content\/uploads\/2024\/08\/Arabic.jpg\" alt=\"Arabic Flag\">\r\n                    <div>\r\n                        <h4>Araabia keele grammatika \u00f5ppetunnid<\/h4>\r\n                        <p>Harjutage araabia grammatikat.<\/p>\r\n                    <\/div>\r\n                <\/div>\r\n            <\/div>\r\n        <\/a>\r\n\r\n        \r\n        <a href=\"https:\/\/talkpal.ai\/vocabulary_language\/arabic\/\">\r\n            <div class=\"learnNavigationWrapper\">\r\n                <div class=\"learnNavigationContent\">\r\n                    <img decoding=\"async\" src=\"https:\/\/talkpal.ai\/wp-content\/uploads\/2024\/08\/Arabic.jpg\" alt=\"Arabic Flag\">\r\n                    <div>\r\n                        <h4>Araabia keele s\u00f5navara<\/h4>\r\n                        <p>Laiendage oma araabia keele s\u00f5navara.<\/p>\r\n                    <\/div>\r\n                <\/div>\r\n            <\/div>\r\n        <\/a>\r\n\r\n            <\/section>","protected":false},"excerpt":{"rendered":"<p>Araabia keele grammatika teemad Araabia keel oma rikkaliku ajaloo ja kultuurilise t\u00e4htsusega on keele\u00f5ppijate jaoks p\u00f5nev ja rahuldust pakkuv ettev\u00f5tmine. \u00dchena \u00dcRO kuuest ametlikust keelest, mida r\u00e4\u00e4gib \u00fcle 420 miljoni inimese kogu maailmas, avab araabia keele \u00f5ppimine v\u00f5imalusi \u00fclemaailmseks suhtlemiseks ja m\u00f5istmiseks. Keele valdamine n\u00f5uab aga selle ainulaadsete grammatikareeglite ja struktuuride p\u00f5hjalikku m\u00f5istmist. Selles artiklis [&hellip;]<\/p>\n","protected":false},"author":6,"featured_media":105909,"parent":0,"menu_order":0,"comment_status":"closed","ping_status":"closed","template":"LearningContentPage.php","meta":{"_acf_changed":false,"footnotes":""},"class_list":["post-132484","page","type-page","status-publish","has-post-thumbnail","hentry"],"acf":[],"yoast_head":"<!-- This site is optimized with the Yoast SEO Premium plugin v27.2 (Yoast SEO v27.2) - https:\/\/yoast.com\/product\/yoast-seo-premium-wordpress\/ -->\n<title>Araabia keele grammatika harjutused - Talkpal<\/title>\n<meta name=\"description\" content=\"Parandage oma arusaamist araabia keele grammatika harjutustega, mis h\u00f5lmavad keele omandamiseks vajalikke reegleid ja struktuure.\" \/>\n<meta name=\"robots\" content=\"index, follow, max-snippet:-1, max-image-preview:large, max-video-preview:-1\" \/>\n<link rel=\"canonical\" href=\"https:\/\/talkpal.ai\/et\/araabia-keele-grammatika-harjutused\/\" \/>\n<meta property=\"og:locale\" content=\"et_EE\" \/>\n<meta property=\"og:type\" content=\"article\" \/>\n<meta property=\"og:title\" content=\"Araabia keele grammatika harjutused\" \/>\n<meta property=\"og:description\" content=\"Araabia keele grammatika teemad Araabia keel oma rikkaliku ajaloo ja kultuurilise t\u00e4htsusega on keele\u00f5ppijate jaoks p\u00f5nev ja rahuldust pakkuv ettev\u00f5tmine.\" \/>\n<meta property=\"og:url\" content=\"https:\/\/talkpal.ai\/et\/araabia-keele-grammatika-harjutused\/\" \/>\n<meta property=\"og:site_name\" content=\"Talkpal\" \/>\n<meta property=\"article:publisher\" content=\"https:\/\/www.facebook.com\/profile.php?id=100090733639311\" \/>\n<meta property=\"article:modified_time\" content=\"2025-05-22T20:16:26+00:00\" \/>\n<meta property=\"og:image\" content=\"https:\/\/talkpal.ai\/wp-content\/uploads\/2023\/04\/arabic-united-arab-emirates.png\" \/>\n\t<meta property=\"og:image:width\" content=\"512\" \/>\n\t<meta property=\"og:image:height\" content=\"512\" \/>\n\t<meta property=\"og:image:type\" content=\"image\/png\" \/>\n<meta name=\"twitter:card\" content=\"summary_large_image\" \/>\n<meta name=\"twitter:site\" content=\"@talkpalai\" \/>\n<meta name=\"twitter:label1\" content=\"Est. reading time\" \/>\n\t<meta name=\"twitter:data1\" content=\"3 minutit\" \/>\n<script type=\"application\/ld+json\" class=\"yoast-schema-graph\">{\"@context\":\"https:\/\/schema.org\",\"@graph\":[{\"@type\":\"WebPage\",\"@id\":\"https:\/\/talkpal.ai\/et\/araabia-keele-grammatika-harjutused\/\",\"url\":\"https:\/\/talkpal.ai\/et\/araabia-keele-grammatika-harjutused\/\",\"name\":\"Araabia keele grammatika harjutused - Talkpal\",\"isPartOf\":{\"@id\":\"https:\/\/talkpal.ai\/et\/#website\"},\"primaryImageOfPage\":{\"@id\":\"https:\/\/talkpal.ai\/et\/araabia-keele-grammatika-harjutused\/#primaryimage\"},\"image\":{\"@id\":\"https:\/\/talkpal.ai\/et\/araabia-keele-grammatika-harjutused\/#primaryimage\"},\"thumbnailUrl\":\"https:\/\/talkpal.ai\/wp-content\/uploads\/2023\/04\/arabic-united-arab-emirates.png\",\"datePublished\":\"2023-06-16T09:31:38+00:00\",\"dateModified\":\"2025-05-22T20:16:26+00:00\",\"description\":\"Parandage oma arusaamist araabia keele grammatika harjutustega, mis h\u00f5lmavad keele omandamiseks vajalikke reegleid ja struktuure.\",\"breadcrumb\":{\"@id\":\"https:\/\/talkpal.ai\/et\/araabia-keele-grammatika-harjutused\/#breadcrumb\"},\"inLanguage\":\"et\",\"potentialAction\":[{\"@type\":\"ReadAction\",\"target\":[\"https:\/\/talkpal.ai\/et\/araabia-keele-grammatika-harjutused\/\"]}]},{\"@type\":\"ImageObject\",\"inLanguage\":\"et\",\"@id\":\"https:\/\/talkpal.ai\/et\/araabia-keele-grammatika-harjutused\/#primaryimage\",\"url\":\"https:\/\/talkpal.ai\/wp-content\/uploads\/2023\/04\/arabic-united-arab-emirates.png\",\"contentUrl\":\"https:\/\/talkpal.ai\/wp-content\/uploads\/2023\/04\/arabic-united-arab-emirates.png\",\"width\":512,\"height\":512},{\"@type\":\"BreadcrumbList\",\"@id\":\"https:\/\/talkpal.ai\/et\/araabia-keele-grammatika-harjutused\/#breadcrumb\",\"itemListElement\":[{\"@type\":\"ListItem\",\"position\":1,\"name\":\"Homepage\",\"item\":\"https:\/\/talkpal.ai\/et\/\"},{\"@type\":\"ListItem\",\"position\":2,\"name\":\"Araabia keele grammatika harjutused\"}]},{\"@type\":\"WebSite\",\"@id\":\"https:\/\/talkpal.ai\/et\/#website\",\"url\":\"https:\/\/talkpal.ai\/et\/\",\"name\":\"Talkpal\",\"description\":\"AI Language Learning\",\"publisher\":{\"@id\":\"https:\/\/talkpal.ai\/et\/#organization\"},\"alternateName\":\"Talkpal AI\",\"potentialAction\":[{\"@type\":\"SearchAction\",\"target\":{\"@type\":\"EntryPoint\",\"urlTemplate\":\"https:\/\/talkpal.ai\/et\/?s={search_term_string}\"},\"query-input\":{\"@type\":\"PropertyValueSpecification\",\"valueRequired\":true,\"valueName\":\"search_term_string\"}}],\"inLanguage\":\"et\"},{\"@type\":\"Organization\",\"@id\":\"https:\/\/talkpal.ai\/et\/#organization\",\"name\":\"Talkpal, Inc.\",\"alternateName\":\"Talkpal AI\",\"url\":\"https:\/\/talkpal.ai\/et\/\",\"logo\":{\"@type\":\"ImageObject\",\"inLanguage\":\"et\",\"@id\":\"https:\/\/talkpal.ai\/et\/#\/schema\/logo\/image\/\",\"url\":\"https:\/\/talkpal.ai\/wp-content\/uploads\/2024\/03\/Talkpal-Logo-Icon.png\",\"contentUrl\":\"https:\/\/talkpal.ai\/wp-content\/uploads\/2024\/03\/Talkpal-Logo-Icon.png\",\"width\":2880,\"height\":2880,\"caption\":\"Talkpal, Inc.\"},\"image\":{\"@id\":\"https:\/\/talkpal.ai\/et\/#\/schema\/logo\/image\/\"},\"sameAs\":[\"https:\/\/www.facebook.com\/profile.php?id=100090733639311\",\"https:\/\/x.com\/talkpalai\",\"https:\/\/www.linkedin.com\/company\/talkpal\/\",\"https:\/\/www.youtube.com\/@TalkPal\/\",\"https:\/\/www.tiktok.com\/@talkpal\",\"https:\/\/www.instagram.com\/talkpal_ai\/\",\"https:\/\/www.crunchbase.com\/organization\/talkpal-9cde\",\"https:\/\/www.g2.com\/products\/talkpal-for-business\/\",\"https:\/\/www.trustpilot.com\/review\/talkpal.ai\",\"https:\/\/www.capterra.com\/p\/10006800\/TalkPal\/\"],\"description\":\"Talkpal is a language learning web and mobile education app, powered by the latest AI technologies, that provides engaging experiences to its customers in many different languages to help them improve their language skills. Users can chat about unlimited amount of topics with the app and use other modes to practice their language learning.\",\"email\":\"support@talkpal.ai\",\"legalName\":\"Talkpal, Inc.\",\"foundingDate\":\"2023-04-03\",\"duns\":\"118989042\",\"numberOfEmployees\":{\"@type\":\"QuantitativeValue\",\"minValue\":\"11\",\"maxValue\":\"50\"},\"publishingPrinciples\":\"https:\/\/talkpal.ai\/publishing-principles\/\",\"actionableFeedbackPolicy\":\"https:\/\/talkpal.ai\/actionable-feedback-policy\/\",\"correctionsPolicy\":\"https:\/\/talkpal.ai\/corrections-policy\/\",\"ethicsPolicy\":\"https:\/\/talkpal.ai\/ethics-policy\/\",\"diversityPolicy\":\"https:\/\/talkpal.ai\/diversity-policy\/\",\"diversityStaffingReport\":\"https:\/\/talkpal.ai\/diversity-policy\/\"}]}<\/script>\n<!-- \/ Yoast SEO Premium plugin. -->","yoast_head_json":{"title":"Araabia keele grammatika harjutused - Talkpal","description":"Parandage oma arusaamist araabia keele grammatika harjutustega, mis h\u00f5lmavad keele omandamiseks vajalikke reegleid ja struktuure.","robots":{"index":"index","follow":"follow","max-snippet":"max-snippet:-1","max-image-preview":"max-image-preview:large","max-video-preview":"max-video-preview:-1"},"canonical":"https:\/\/talkpal.ai\/et\/araabia-keele-grammatika-harjutused\/","og_locale":"et_EE","og_type":"article","og_title":"Araabia keele grammatika harjutused","og_description":"Araabia keele grammatika teemad Araabia keel oma rikkaliku ajaloo ja kultuurilise t\u00e4htsusega on keele\u00f5ppijate jaoks p\u00f5nev ja rahuldust pakkuv ettev\u00f5tmine.","og_url":"https:\/\/talkpal.ai\/et\/araabia-keele-grammatika-harjutused\/","og_site_name":"Talkpal","article_publisher":"https:\/\/www.facebook.com\/profile.php?id=100090733639311","article_modified_time":"2025-05-22T20:16:26+00:00","og_image":[{"width":512,"height":512,"url":"https:\/\/talkpal.ai\/wp-content\/uploads\/2023\/04\/arabic-united-arab-emirates.png","type":"image\/png"}],"twitter_card":"summary_large_image","twitter_site":"@talkpalai","twitter_misc":{"Est. reading time":"3 minutit"},"schema":{"@context":"https:\/\/schema.org","@graph":[{"@type":"WebPage","@id":"https:\/\/talkpal.ai\/et\/araabia-keele-grammatika-harjutused\/","url":"https:\/\/talkpal.ai\/et\/araabia-keele-grammatika-harjutused\/","name":"Araabia keele grammatika harjutused - Talkpal","isPartOf":{"@id":"https:\/\/talkpal.ai\/et\/#website"},"primaryImageOfPage":{"@id":"https:\/\/talkpal.ai\/et\/araabia-keele-grammatika-harjutused\/#primaryimage"},"image":{"@id":"https:\/\/talkpal.ai\/et\/araabia-keele-grammatika-harjutused\/#primaryimage"},"thumbnailUrl":"https:\/\/talkpal.ai\/wp-content\/uploads\/2023\/04\/arabic-united-arab-emirates.png","datePublished":"2023-06-16T09:31:38+00:00","dateModified":"2025-05-22T20:16:26+00:00","description":"Parandage oma arusaamist araabia keele grammatika harjutustega, mis h\u00f5lmavad keele omandamiseks vajalikke reegleid ja struktuure.","breadcrumb":{"@id":"https:\/\/talkpal.ai\/et\/araabia-keele-grammatika-harjutused\/#breadcrumb"},"inLanguage":"et","potentialAction":[{"@type":"ReadAction","target":["https:\/\/talkpal.ai\/et\/araabia-keele-grammatika-harjutused\/"]}]},{"@type":"ImageObject","inLanguage":"et","@id":"https:\/\/talkpal.ai\/et\/araabia-keele-grammatika-harjutused\/#primaryimage","url":"https:\/\/talkpal.ai\/wp-content\/uploads\/2023\/04\/arabic-united-arab-emirates.png","contentUrl":"https:\/\/talkpal.ai\/wp-content\/uploads\/2023\/04\/arabic-united-arab-emirates.png","width":512,"height":512},{"@type":"BreadcrumbList","@id":"https:\/\/talkpal.ai\/et\/araabia-keele-grammatika-harjutused\/#breadcrumb","itemListElement":[{"@type":"ListItem","position":1,"name":"Homepage","item":"https:\/\/talkpal.ai\/et\/"},{"@type":"ListItem","position":2,"name":"Araabia keele grammatika harjutused"}]},{"@type":"WebSite","@id":"https:\/\/talkpal.ai\/et\/#website","url":"https:\/\/talkpal.ai\/et\/","name":"Talkpal","description":"AI Language Learning","publisher":{"@id":"https:\/\/talkpal.ai\/et\/#organization"},"alternateName":"Talkpal AI","potentialAction":[{"@type":"SearchAction","target":{"@type":"EntryPoint","urlTemplate":"https:\/\/talkpal.ai\/et\/?s={search_term_string}"},"query-input":{"@type":"PropertyValueSpecification","valueRequired":true,"valueName":"search_term_string"}}],"inLanguage":"et"},{"@type":"Organization","@id":"https:\/\/talkpal.ai\/et\/#organization","name":"Talkpal, Inc.","alternateName":"Talkpal AI","url":"https:\/\/talkpal.ai\/et\/","logo":{"@type":"ImageObject","inLanguage":"et","@id":"https:\/\/talkpal.ai\/et\/#\/schema\/logo\/image\/","url":"https:\/\/talkpal.ai\/wp-content\/uploads\/2024\/03\/Talkpal-Logo-Icon.png","contentUrl":"https:\/\/talkpal.ai\/wp-content\/uploads\/2024\/03\/Talkpal-Logo-Icon.png","width":2880,"height":2880,"caption":"Talkpal, Inc."},"image":{"@id":"https:\/\/talkpal.ai\/et\/#\/schema\/logo\/image\/"},"sameAs":["https:\/\/www.facebook.com\/profile.php?id=100090733639311","https:\/\/x.com\/talkpalai","https:\/\/www.linkedin.com\/company\/talkpal\/","https:\/\/www.youtube.com\/@TalkPal\/","https:\/\/www.tiktok.com\/@talkpal","https:\/\/www.instagram.com\/talkpal_ai\/","https:\/\/www.crunchbase.com\/organization\/talkpal-9cde","https:\/\/www.g2.com\/products\/talkpal-for-business\/","https:\/\/www.trustpilot.com\/review\/talkpal.ai","https:\/\/www.capterra.com\/p\/10006800\/TalkPal\/"],"description":"Talkpal is a language learning web and mobile education app, powered by the latest AI technologies, that provides engaging experiences to its customers in many different languages to help them improve their language skills. Users can chat about unlimited amount of topics with the app and use other modes to practice their language learning.","email":"support@talkpal.ai","legalName":"Talkpal, Inc.","foundingDate":"2023-04-03","duns":"118989042","numberOfEmployees":{"@type":"QuantitativeValue","minValue":"11","maxValue":"50"},"publishingPrinciples":"https:\/\/talkpal.ai\/publishing-principles\/","actionableFeedbackPolicy":"https:\/\/talkpal.ai\/actionable-feedback-policy\/","correctionsPolicy":"https:\/\/talkpal.ai\/corrections-policy\/","ethicsPolicy":"https:\/\/talkpal.ai\/ethics-policy\/","diversityPolicy":"https:\/\/talkpal.ai\/diversity-policy\/","diversityStaffingReport":"https:\/\/talkpal.ai\/diversity-policy\/"}]}},"_links":{"self":[{"href":"https:\/\/talkpal.ai\/et\/wp-json\/wp\/v2\/pages\/132484","targetHints":{"allow":["GET"]}}],"collection":[{"href":"https:\/\/talkpal.ai\/et\/wp-json\/wp\/v2\/pages"}],"about":[{"href":"https:\/\/talkpal.ai\/et\/wp-json\/wp\/v2\/types\/page"}],"author":[{"embeddable":true,"href":"https:\/\/talkpal.ai\/et\/wp-json\/wp\/v2\/users\/6"}],"replies":[{"embeddable":true,"href":"https:\/\/talkpal.ai\/et\/wp-json\/wp\/v2\/comments?post=132484"}],"version-history":[{"count":0,"href":"https:\/\/talkpal.ai\/et\/wp-json\/wp\/v2\/pages\/132484\/revisions"}],"wp:featuredmedia":[{"embeddable":true,"href":"https:\/\/talkpal.ai\/et\/wp-json\/wp\/v2\/media\/105909"}],"wp:attachment":[{"href":"https:\/\/talkpal.ai\/et\/wp-json\/wp\/v2\/media?parent=132484"}],"curies":[{"name":"wp","href":"https:\/\/api.w.org\/{rel}","templated":true}]}}