{"id":132325,"date":"2023-06-16T09:22:36","date_gmt":"2023-06-16T09:22:36","guid":{"rendered":"http:\/\/talkpal.ai\/itaalia-keele-grammatikaharjutused\/"},"modified":"2025-12-17T16:14:43","modified_gmt":"2025-12-17T16:14:43","slug":"itaalia-keele-grammatikaharjutused","status":"publish","type":"page","link":"https:\/\/talkpal.ai\/et\/itaalia-keele-grammatikaharjutused\/","title":{"rendered":"Itaalia keele grammatikaharjutused"},"content":{"rendered":"\r\n\r\n\r\n<section class=\"languageChallengeSection\">\r\n    <div class=\"languageInfoWrapper\">\r\n        \r\n        <h1>Itaalia keele grammatikaharjutused<\/h1>\r\n        <p>Kas olete valmis oma enesekindlust itaalia keeles suurendama? Grammatika harjutamine on parim viis, kuidas omandada lauseehitust, verbi\u00fchendusi ja <a href=\"https:\/\/talkpal.ai\/et\/oppige-itaalia-keelt-internetis\/\">itaalia keele<\/a> erip\u00e4ra. Alusta t\u00f6\u00f6d oma <a href=\"https:\/\/talkpal.ai\/et\/grammar\/mitmus-itaalia-keele-grammatikas\/\">itaalia keele grammatika<\/a> kallal juba t\u00e4na ja n\u00e4ed, kuidas sinu oskused ja sujuva keeleoskus paranevad <a href=\"https:\/\/talkpal.ai\/locations\/language-courses-in-iga\/\">iga<\/a> sammuga!\n\n<\/p>\r\n\r\n                            <a class=\"getStartedHidden\" href=\"https:\/\/app.talkpal.ai\/et\/signup?lng=\">Alusta<\/a>\r\n        \r\n    <\/div>\r\n\r\n    <figure>\r\n    <img decoding=\"async\" width=\"768\" height=\"768\" src=\"https:\/\/talkpal.ai\/wp-content\/uploads\/2023\/06\/italian-768x768.png\" class=\"languageImage no-lazy\" alt=\"Language learning for increased memory capacity\" fetchpriority=\"high\" sizes=\"(max-width: 768px) 150px, 768px\" srcset=\"https:\/\/talkpal.ai\/wp-content\/uploads\/2023\/06\/italian-768x768.png 768w, https:\/\/talkpal.ai\/wp-content\/uploads\/2023\/06\/italian-300x300.png 300w\" \/>\r\n    \r\n\r\n    <\/figure>\r\n\r\n            <a class=\"getStartedVisible\" href=\"https:\/\/app.talkpal.ai\/et\/signup?lng=\">Alusta<\/a>\r\n    \r\n<\/section>\r\n\r\n\r\n<!-- <section class=\"grammarSection\">\r\n    <div class=\"grammarLinks\">\r\n        <a href=\"https:\/\/talkpal.ai\/et\/exercise_language\/ajavormid-subjunktiiv-itaalia-grammatika\/\">Ajavormid Subjunktiiv <\/a><a href=\"https:\/\/talkpal.ai\/et\/exercise_language\/ajavormide-vordlus-itaalia-keele-grammatika\/\">Ajavormide v\u00f5rdlus \u2013 itaalia keele grammatika<\/a><a href=\"https:\/\/talkpal.ai\/et\/exercise_language\/artiklid-itaalia-keele-grammatika\/\">Artiklid <\/a><a href=\"https:\/\/talkpal.ai\/et\/exercise_language\/asesonad-itaalia-keele-grammatika\/\">Ases\u00f5nad <\/a><a href=\"https:\/\/talkpal.ai\/et\/exercise_language\/eessonad-itaalia-keele-grammatika\/\">Eess\u00f5nad <\/a><a href=\"https:\/\/talkpal.ai\/et\/exercise_language\/indikatiivsed-ajavormid-itaalia-grammatika\/\">Indikatiivsed ajavormid <\/a><a href=\"https:\/\/talkpal.ai\/et\/exercise_language\/lauseehitus-itaalia-keele-grammatika\/\">Lauseehitus \u2013 itaalia keele grammatika<\/a><a href=\"https:\/\/talkpal.ai\/et\/exercise_language\/maarsonad-itaalia-keele-grammatika\/\">M\u00e4\u00e4rs\u00f5nad <\/a><a href=\"https:\/\/talkpal.ai\/et\/exercise_language\/nimisonad-itaalia-keele-grammatika\/\">Nimis\u00f5nad <\/a><a href=\"https:\/\/talkpal.ai\/et\/exercise_language\/omadussonad-itaalia-keele-grammatika\/\">Omaduss\u00f5nad <\/a><a href=\"https:\/\/talkpal.ai\/et\/exercise_language\/tegusonad-itaalia-keele-grammatika\/\">Tegus\u00f5nad <\/a>    <\/div>\r\n<\/section> -->\r\n\r\n\r\n\r\n\r\n        <section class=\"grammarSection\">\r\n            <div class=\"grammarLinks\">\r\n                <a href=\"https:\/\/talkpal.ai\/et\/exercise_language\/ajavormid-subjunktiiv-itaalia-grammatika\/\">Ajavormid Subjunktiiv <\/a><a href=\"https:\/\/talkpal.ai\/et\/exercise_language\/ajavormide-vordlus-itaalia-keele-grammatika\/\">Ajavormide v\u00f5rdlus \u2013 itaalia keele grammatika<\/a><a href=\"https:\/\/talkpal.ai\/et\/exercise_language\/artiklid-itaalia-keele-grammatika\/\">Artiklid <\/a><a href=\"https:\/\/talkpal.ai\/et\/exercise_language\/asesonad-itaalia-keele-grammatika\/\">Ases\u00f5nad <\/a><a href=\"https:\/\/talkpal.ai\/et\/exercise_language\/eessonad-itaalia-keele-grammatika\/\">Eess\u00f5nad <\/a><a href=\"https:\/\/talkpal.ai\/et\/exercise_language\/indikatiivsed-ajavormid-itaalia-grammatika\/\">Indikatiivsed ajavormid <\/a><a href=\"https:\/\/talkpal.ai\/et\/exercise_language\/lauseehitus-itaalia-keele-grammatika\/\">Lauseehitus \u2013 itaalia keele grammatika<\/a><a href=\"https:\/\/talkpal.ai\/et\/exercise_language\/maarsonad-itaalia-keele-grammatika\/\">M\u00e4\u00e4rs\u00f5nad <\/a><a href=\"https:\/\/talkpal.ai\/et\/exercise_language\/nimisonad-itaalia-keele-grammatika\/\">Nimis\u00f5nad <\/a><a href=\"https:\/\/talkpal.ai\/et\/exercise_language\/omadussonad-itaalia-keele-grammatika\/\">Omaduss\u00f5nad <\/a><a href=\"https:\/\/talkpal.ai\/et\/exercise_language\/tegusonad-itaalia-keele-grammatika\/\">Tegus\u00f5nad <\/a>            <\/div>\r\n        <\/section>\r\n<section class=\"promotionalBanner\">\r\n    <p class=\"promotionalText\">K\u00f5ige t\u00f5husam viis keele \u00f5ppimiseks<\/p>\r\n    <a class=\"promotionalLink\" href=\"https:\/\/app.talkpal.ai\/et\/signup?lng=\">Proovige Talkpal tasuta<\/a>\r\n<\/section>\n<div class=\"wp-block-group pageContainerStyle\"><div class=\"wp-block-group__inner-container is-layout-constrained wp-block-group-is-layout-constrained\">\n<h2 class=\"wp-block-heading\" id=\"h-italian-grammar-topics\">Itaalia keele grammatika teemad<\/h2>\n\n\n\n<p>Uue keele <a href=\"https:\/\/talkpal.ai\/et\/oppimine\/\">\u00f5ppimine<\/a> on p\u00f5nev teekond, mis avab uusi v\u00f5imalusi ja kultuurikogemusi. \u00dcks ilusamaid ja laialdaselt r\u00e4\u00e4gitud keeli on <a href=\"https:\/\/talkpal.ai\/learn-italian\/\">itaalia keel<\/a>, mis on tuntud oma musikaalsuse, ekspressiivsuse ja rikkaliku ajaloo poolest. <a href=\"https:\/\/talkpal.ai\/et\/oppige-itaalia-keelt-internetis\/\">Itaalia keele<\/a> t\u00f5husaks \u00f5ppimiseks on \u00fclioluline selge arusaam selle grammatikast, mis on keeleoskuse arendamise alus. See h\u00f5lmab erinevate aspektide, n\u00e4iteks ajastuste, tegus\u00f5nade, nimis\u00f5nade, artiklite ja muu omandamist. Selles juhendis uurime grammatikateemade jada, mis aitab teil <a href=\"https:\/\/talkpal.ai\/et\/oppige-itaalia-keelt\/\">itaalia keelt<\/a> organiseeritud ja t\u00f5husalt \u00f5ppida.<\/p>\n\n\n\n<h3 class=\"wp-block-heading\" id=\"h-1-nouns-and-articles\">1. Nimis\u00f5nad ja artiklid:<\/h3>\n\n\n\n<p>Alustage oma itaalia keele \u00f5ppimise teekonda nimis\u00f5nade ja artiklitega, kuna need on iga lause p\u00f5hilised ehituskivid. Nimis\u00f5nad on s\u00f5nad, mis esindavad inimesi, kohti, asju v\u00f5i ideid. Itaalia keeles on nimis\u00f5nadel sugu (mehelik ja naiselik) ja numbrid (ainsus ja mitmus). Artiklid on s\u00f5nad, mis kaasnevad nimis\u00f5nadega ning neil on ka sugu ja arv. Tutvuge kindlate (il, la jne) ja m\u00e4\u00e4ramata artiklitega (un, una jne), et moodustada lihtsaid fraase.<\/p>\n\n\n\n<h3 class=\"wp-block-heading\" id=\"h-2-adjectives\">2. Omaduss\u00f5nad:<\/h3>\n\n\n\n<p>Omaduss\u00f5nad annavad teavet nimis\u00f5nade kohta, nagu v\u00e4rv, suurus v\u00f5i kvaliteet. Itaalia keeles n\u00f5ustuvad omaduss\u00f5nad soo ja numbriga nende kirjeldatava nimis\u00f5naga. \u00d5ppige omaduss\u00f5nade paigutamise ja kokkuleppimise reegleid, et parandada oma kirjeldavat keeleoskust.<\/p>\n\n\n\n<h3 class=\"wp-block-heading\" id=\"h-3-pronouns\">3. Ases\u00f5nad:<\/h3>\n\n\n\n<p>Ases\u00f5nad asendavad nimis\u00f5nad lausetes, et v\u00e4ltida kordusi. Uurige subjekti ases\u00f5nu (io, tu, lui jne), otseseid ja kaudseid objekti ases\u00f5nu (lo, la, gli jne) ja omastavaid ases\u00f5nu (mio, tuo, suo jne), et lisada oma k\u00f5nele rohkem mitmekesisust.<\/p>\n\n\n\n<h3 class=\"wp-block-heading\" id=\"h-4-verbs-and-tenses-indicative\">4. Tegus\u00f5nad ja ajavormid Soovituslikud:<\/h3>\n\n\n\n<p>Tegus\u00f5nad v\u00e4ljendavad tegevusi, olekuid v\u00f5i esinemisi. Itaalia verbidel on erinevad konjugatsioonid, mis p\u00f5hinevad teemal, pingel ja meeleolul. Alustage regulaarsete verbidega praeguses pingelises soovituslikus, n\u00e4iteks parlare (r\u00e4\u00e4kida), ja \u00f5ppige j\u00e4rk-j\u00e4rgult teisi ajastusi, nagu minevik (<a href=\"https:\/\/talkpal.ai\/ar\/grammar_exercises\/passato-prossimo-%d8%aa%d9%85%d8%a7%d8%b1%d9%8a%d9%86-%d9%84%d9%84%d9%82%d9%88%d8%a7%d8%b9%d8%af-%d8%a7%d9%84%d8%a5%d9%8a%d8%b7%d8%a7%d9%84%d9%8a%d8%a9\/\">passato prossimo<\/a>) ja tulevik (<a href=\"https:\/\/talkpal.ai\/ar\/grammar_exercises\/futuro-semplice-%d8%aa%d9%85%d8%a7%d8%b1%d9%8a%d9%86-%d9%84%d9%84%d9%82%d9%88%d8%a7%d8%b9%d8%af-%d8%a7%d9%84%d8%a5%d9%8a%d8%b7%d8%a7%d9%84%d9%8a%d8%a9\/\">futuro semplice<\/a>).<\/p>\n\n\n\n<h3 class=\"wp-block-heading\" id=\"h-5-tenses-subjunctive\">5. Ajad Subjunktiivid:<\/h3>\n\n\n\n<p>Subjunktiivne meeleolu v\u00e4ljendab kahtlust, ebakindlust v\u00f5i isiklikke arvamusi. \u00d5ppige nelja subjunktiivset ajastust (olevik, minevik, ebat\u00e4iuslik ja minevik t\u00e4iuslik) ja nende kasutamist soovide, soovide ja h\u00fcpoteetiliste olukordade v\u00e4ljendamisel.<\/p>\n\n\n\n<h3 class=\"wp-block-heading\" id=\"h-6-tense-comparison\">6. Pingeline v\u00f5rdlus:<\/h3>\n\n\n\n<p>Arendage oma v\u00f5imet v\u00f5rrelda tegevusi erinevatel ajavahemikel, \u00f5ppides kasutama omaduss\u00f5nade ja m\u00e4\u00e4rs\u00f5nade v\u00f5rdlevaid ja \u00fcliv\u00f5rdeid. See v\u00f5imaldab teil v\u00f5rrelda inimesi, objekte v\u00f5i olukordi.<\/p>\n\n\n\n<h3 class=\"wp-block-heading\" id=\"h-7-adverbs\">7. M\u00e4\u00e4rs\u00f5nad:<\/h3>\n\n\n\n<p>M\u00e4\u00e4rs\u00f5nad muudavad tegus\u00f5nu, omaduss\u00f5nu v\u00f5i muid m\u00e4\u00e4rs\u00f5nu, <a href=\"https:\/\/talkpal.ai\/locations\/language-courses-in-andes\/\">andes<\/a> lisateavet aja, viisi v\u00f5i astme kohta. \u00d5ppige tavalisi itaalia m\u00e4\u00e4rs\u00f5nu ja nende paigutamist lausetesse, et suurendada oma sujuvust.<\/p>\n\n\n\n<h3 class=\"wp-block-heading\" id=\"h-8-prepositions\">8. Eess\u00f5nad:<\/h3>\n\n\n\n<p>Eess\u00f5nad on olulised s\u00f5nade ja fraaside \u00fchendamiseks, n\u00e4idates selliseid seoseid nagu asukoht, aeg v\u00f5i p\u00f5hjus. \u00d5ppige \u00fchiseid itaalia eess\u00f5nu (di, a, da jne) ja nende kasutamist erinevates kontekstides.<\/p>\n\n\n\n<h3 class=\"wp-block-heading\" id=\"h-9-sentence-structure\">9. Lause struktuur:<\/h3>\n\n\n\n<p>L\u00f5puks viige k\u00f5ik grammatikakomponendid kokku, uurides itaalia lauseehitust. Siit saate teada subjekti-verbi-objekti j\u00e4rjekorra, eitamise ja k\u00fcsimuste moodustamise kohta, et luua t\u00e4pseid ja t\u00e4hendusrikkaid lauseid.<\/p>\n\n\n\n<p>J\u00e4rgides seda grammatikateemade jada ja p\u00fchendades aega harjutamisele ja \u00fclevaatamisele, olete h\u00e4sti teel itaalia keele valdamisele ja selle pakutavate rikkalike keele- ja kultuurikogemuste nautimisele.<\/p>\n<\/div><\/div>\n\r\n<section class=\"learnNavigationSection\">\r\n            \r\n        <a href=\"https:\/\/talkpal.ai\/et\/oppige-itaalia-keelt\/\">\r\n            <div class=\"learnNavigationWrapper\">\r\n                <div class=\"learnNavigationContent\">\r\n                    <img decoding=\"async\" src=\"https:\/\/talkpal.ai\/wp-content\/uploads\/2024\/08\/Italian.jpg\" alt=\"Italian Flag\">\r\n                    <div>\r\n                        <h4>Itaalia keele \u00f5ppimisest<\/h4>\r\n                        <p>Uuri k\u00f5ike itaalia keele grammatika kohta.<\/p>\r\n                    <\/div>\r\n                <\/div>\r\n            <\/div>\r\n        <\/a>\r\n\r\n        \r\n        <a href=\"https:\/\/talkpal.ai\/et\/itaalia-keele-grammatika\/\">\r\n            <div class=\"learnNavigationWrapper\">\r\n                <div class=\"learnNavigationContent\">\r\n                    <img decoding=\"async\" src=\"https:\/\/talkpal.ai\/wp-content\/uploads\/2024\/08\/Italian.jpg\" alt=\"Italian Flag\">\r\n                    <div>\r\n                        <h4>Itaalia keele grammatika \u00f5ppetunnid<\/h4>\r\n                        <p>Harjutage itaalia keele grammatikat.<\/p>\r\n                    <\/div>\r\n                <\/div>\r\n            <\/div>\r\n        <\/a>\r\n\r\n        \r\n        <a href=\"https:\/\/talkpal.ai\/vocabulary_language\/italian\/\">\r\n            <div class=\"learnNavigationWrapper\">\r\n                <div class=\"learnNavigationContent\">\r\n                    <img decoding=\"async\" src=\"https:\/\/talkpal.ai\/wp-content\/uploads\/2024\/08\/Italian.jpg\" alt=\"Italian Flag\">\r\n                    <div>\r\n                        <h4>Itaalia keele s\u00f5navara<\/h4>\r\n                        <p>Laiendage oma itaalia keele s\u00f5navara.<\/p>\r\n                    <\/div>\r\n                <\/div>\r\n            <\/div>\r\n        <\/a>\r\n\r\n            <\/section>","protected":false},"excerpt":{"rendered":"<p>Itaalia keele grammatika teemad Uue keele \u00f5ppimine on p\u00f5nev teekond, mis avab uusi v\u00f5imalusi ja kultuurikogemusi. \u00dcks ilusamaid ja laialdaselt r\u00e4\u00e4gitud keeli on itaalia keel, mis on tuntud oma musikaalsuse, ekspressiivsuse ja rikkaliku ajaloo poolest. Itaalia keele t\u00f5husaks \u00f5ppimiseks on \u00fclioluline selge arusaam selle grammatikast, mis on keeleoskuse arendamise alus. See h\u00f5lmab erinevate aspektide, n\u00e4iteks [&hellip;]<\/p>\n","protected":false},"author":6,"featured_media":76227,"parent":0,"menu_order":0,"comment_status":"closed","ping_status":"closed","template":"LearningContentPage.php","meta":{"_acf_changed":false,"footnotes":""},"class_list":["post-132325","page","type-page","status-publish","has-post-thumbnail","hentry"],"acf":[],"yoast_head":"<!-- This site is optimized with the Yoast SEO Premium plugin v27.2 (Yoast SEO v27.2) - https:\/\/yoast.com\/product\/yoast-seo-premium-wordpress\/ -->\n<title>Itaalia keele grammatikaharjutused - Talkpal<\/title>\n<meta name=\"description\" content=\"Tugevdage t\u00f5husalt oma itaalia keele grammatikat - parandage oma oskusi praktiliste harjutuste, interaktiivse harjutamise ja vahetu tagasiside abil.\" \/>\n<meta name=\"robots\" content=\"index, follow, max-snippet:-1, max-image-preview:large, max-video-preview:-1\" \/>\n<link rel=\"canonical\" href=\"https:\/\/talkpal.ai\/et\/itaalia-keele-grammatikaharjutused\/\" \/>\n<meta property=\"og:locale\" content=\"et_EE\" \/>\n<meta property=\"og:type\" content=\"article\" \/>\n<meta property=\"og:title\" content=\"Itaalia keele grammatikaharjutused\" \/>\n<meta property=\"og:description\" content=\"Itaalia keele grammatika teemad Uue keele \u00f5ppimine on p\u00f5nev teekond, mis avab uusi v\u00f5imalusi ja kultuurikogemusi. \u00dcks ilusamaid ja laialdaselt r\u00e4\u00e4gitud\" \/>\n<meta property=\"og:url\" content=\"https:\/\/talkpal.ai\/et\/itaalia-keele-grammatikaharjutused\/\" \/>\n<meta property=\"og:site_name\" content=\"Talkpal\" \/>\n<meta property=\"article:publisher\" content=\"https:\/\/www.facebook.com\/profile.php?id=100090733639311\" \/>\n<meta property=\"article:modified_time\" content=\"2025-12-17T16:14:43+00:00\" \/>\n<meta property=\"og:image\" content=\"https:\/\/talkpal.ai\/wp-content\/uploads\/2023\/03\/italy.png\" \/>\n\t<meta property=\"og:image:width\" content=\"512\" \/>\n\t<meta property=\"og:image:height\" content=\"512\" \/>\n\t<meta property=\"og:image:type\" content=\"image\/png\" \/>\n<meta name=\"twitter:card\" content=\"summary_large_image\" \/>\n<meta name=\"twitter:site\" content=\"@talkpalai\" \/>\n<meta name=\"twitter:label1\" content=\"Est. reading time\" \/>\n\t<meta name=\"twitter:data1\" content=\"3 minutit\" \/>\n<script type=\"application\/ld+json\" class=\"yoast-schema-graph\">{\"@context\":\"https:\/\/schema.org\",\"@graph\":[{\"@type\":\"WebPage\",\"@id\":\"https:\/\/talkpal.ai\/et\/itaalia-keele-grammatikaharjutused\/\",\"url\":\"https:\/\/talkpal.ai\/et\/itaalia-keele-grammatikaharjutused\/\",\"name\":\"Itaalia keele grammatikaharjutused - Talkpal\",\"isPartOf\":{\"@id\":\"https:\/\/talkpal.ai\/et\/#website\"},\"primaryImageOfPage\":{\"@id\":\"https:\/\/talkpal.ai\/et\/itaalia-keele-grammatikaharjutused\/#primaryimage\"},\"image\":{\"@id\":\"https:\/\/talkpal.ai\/et\/itaalia-keele-grammatikaharjutused\/#primaryimage\"},\"thumbnailUrl\":\"https:\/\/talkpal.ai\/wp-content\/uploads\/2023\/03\/italy.png\",\"datePublished\":\"2023-06-16T09:22:36+00:00\",\"dateModified\":\"2025-12-17T16:14:43+00:00\",\"description\":\"Tugevdage t\u00f5husalt oma itaalia keele grammatikat - parandage oma oskusi praktiliste harjutuste, interaktiivse harjutamise ja vahetu tagasiside abil.\",\"breadcrumb\":{\"@id\":\"https:\/\/talkpal.ai\/et\/itaalia-keele-grammatikaharjutused\/#breadcrumb\"},\"inLanguage\":\"et\",\"potentialAction\":[{\"@type\":\"ReadAction\",\"target\":[\"https:\/\/talkpal.ai\/et\/itaalia-keele-grammatikaharjutused\/\"]}]},{\"@type\":\"ImageObject\",\"inLanguage\":\"et\",\"@id\":\"https:\/\/talkpal.ai\/et\/itaalia-keele-grammatikaharjutused\/#primaryimage\",\"url\":\"https:\/\/talkpal.ai\/wp-content\/uploads\/2023\/03\/italy.png\",\"contentUrl\":\"https:\/\/talkpal.ai\/wp-content\/uploads\/2023\/03\/italy.png\",\"width\":512,\"height\":512,\"caption\":\"TalkPal AI learn Italian\"},{\"@type\":\"BreadcrumbList\",\"@id\":\"https:\/\/talkpal.ai\/et\/itaalia-keele-grammatikaharjutused\/#breadcrumb\",\"itemListElement\":[{\"@type\":\"ListItem\",\"position\":1,\"name\":\"Homepage\",\"item\":\"https:\/\/talkpal.ai\/et\/\"},{\"@type\":\"ListItem\",\"position\":2,\"name\":\"Itaalia keele grammatikaharjutused\"}]},{\"@type\":\"WebSite\",\"@id\":\"https:\/\/talkpal.ai\/et\/#website\",\"url\":\"https:\/\/talkpal.ai\/et\/\",\"name\":\"Talkpal\",\"description\":\"AI Language Learning\",\"publisher\":{\"@id\":\"https:\/\/talkpal.ai\/et\/#organization\"},\"alternateName\":\"Talkpal AI\",\"potentialAction\":[{\"@type\":\"SearchAction\",\"target\":{\"@type\":\"EntryPoint\",\"urlTemplate\":\"https:\/\/talkpal.ai\/et\/?s={search_term_string}\"},\"query-input\":{\"@type\":\"PropertyValueSpecification\",\"valueRequired\":true,\"valueName\":\"search_term_string\"}}],\"inLanguage\":\"et\"},{\"@type\":\"Organization\",\"@id\":\"https:\/\/talkpal.ai\/et\/#organization\",\"name\":\"Talkpal, Inc.\",\"alternateName\":\"Talkpal AI\",\"url\":\"https:\/\/talkpal.ai\/et\/\",\"logo\":{\"@type\":\"ImageObject\",\"inLanguage\":\"et\",\"@id\":\"https:\/\/talkpal.ai\/et\/#\/schema\/logo\/image\/\",\"url\":\"https:\/\/talkpal.ai\/wp-content\/uploads\/2024\/03\/Talkpal-Logo-Icon.png\",\"contentUrl\":\"https:\/\/talkpal.ai\/wp-content\/uploads\/2024\/03\/Talkpal-Logo-Icon.png\",\"width\":2880,\"height\":2880,\"caption\":\"Talkpal, Inc.\"},\"image\":{\"@id\":\"https:\/\/talkpal.ai\/et\/#\/schema\/logo\/image\/\"},\"sameAs\":[\"https:\/\/www.facebook.com\/profile.php?id=100090733639311\",\"https:\/\/x.com\/talkpalai\",\"https:\/\/www.linkedin.com\/company\/talkpal\/\",\"https:\/\/www.youtube.com\/@TalkPal\/\",\"https:\/\/www.tiktok.com\/@talkpal\",\"https:\/\/www.instagram.com\/talkpal_ai\/\",\"https:\/\/www.crunchbase.com\/organization\/talkpal-9cde\",\"https:\/\/www.g2.com\/products\/talkpal-for-business\/\",\"https:\/\/www.trustpilot.com\/review\/talkpal.ai\",\"https:\/\/www.capterra.com\/p\/10006800\/TalkPal\/\"],\"description\":\"Talkpal is a language learning web and mobile education app, powered by the latest AI technologies, that provides engaging experiences to its customers in many different languages to help them improve their language skills. Users can chat about unlimited amount of topics with the app and use other modes to practice their language learning.\",\"email\":\"support@talkpal.ai\",\"legalName\":\"Talkpal, Inc.\",\"foundingDate\":\"2023-04-03\",\"duns\":\"118989042\",\"numberOfEmployees\":{\"@type\":\"QuantitativeValue\",\"minValue\":\"11\",\"maxValue\":\"50\"},\"publishingPrinciples\":\"https:\/\/talkpal.ai\/publishing-principles\/\",\"actionableFeedbackPolicy\":\"https:\/\/talkpal.ai\/actionable-feedback-policy\/\",\"correctionsPolicy\":\"https:\/\/talkpal.ai\/corrections-policy\/\",\"ethicsPolicy\":\"https:\/\/talkpal.ai\/ethics-policy\/\",\"diversityPolicy\":\"https:\/\/talkpal.ai\/diversity-policy\/\",\"diversityStaffingReport\":\"https:\/\/talkpal.ai\/diversity-policy\/\"}]}<\/script>\n<!-- \/ Yoast SEO Premium plugin. -->","yoast_head_json":{"title":"Itaalia keele grammatikaharjutused - Talkpal","description":"Tugevdage t\u00f5husalt oma itaalia keele grammatikat - parandage oma oskusi praktiliste harjutuste, interaktiivse harjutamise ja vahetu tagasiside abil.","robots":{"index":"index","follow":"follow","max-snippet":"max-snippet:-1","max-image-preview":"max-image-preview:large","max-video-preview":"max-video-preview:-1"},"canonical":"https:\/\/talkpal.ai\/et\/itaalia-keele-grammatikaharjutused\/","og_locale":"et_EE","og_type":"article","og_title":"Itaalia keele grammatikaharjutused","og_description":"Itaalia keele grammatika teemad Uue keele \u00f5ppimine on p\u00f5nev teekond, mis avab uusi v\u00f5imalusi ja kultuurikogemusi. \u00dcks ilusamaid ja laialdaselt r\u00e4\u00e4gitud","og_url":"https:\/\/talkpal.ai\/et\/itaalia-keele-grammatikaharjutused\/","og_site_name":"Talkpal","article_publisher":"https:\/\/www.facebook.com\/profile.php?id=100090733639311","article_modified_time":"2025-12-17T16:14:43+00:00","og_image":[{"width":512,"height":512,"url":"https:\/\/talkpal.ai\/wp-content\/uploads\/2023\/03\/italy.png","type":"image\/png"}],"twitter_card":"summary_large_image","twitter_site":"@talkpalai","twitter_misc":{"Est. reading time":"3 minutit"},"schema":{"@context":"https:\/\/schema.org","@graph":[{"@type":"WebPage","@id":"https:\/\/talkpal.ai\/et\/itaalia-keele-grammatikaharjutused\/","url":"https:\/\/talkpal.ai\/et\/itaalia-keele-grammatikaharjutused\/","name":"Itaalia keele grammatikaharjutused - Talkpal","isPartOf":{"@id":"https:\/\/talkpal.ai\/et\/#website"},"primaryImageOfPage":{"@id":"https:\/\/talkpal.ai\/et\/itaalia-keele-grammatikaharjutused\/#primaryimage"},"image":{"@id":"https:\/\/talkpal.ai\/et\/itaalia-keele-grammatikaharjutused\/#primaryimage"},"thumbnailUrl":"https:\/\/talkpal.ai\/wp-content\/uploads\/2023\/03\/italy.png","datePublished":"2023-06-16T09:22:36+00:00","dateModified":"2025-12-17T16:14:43+00:00","description":"Tugevdage t\u00f5husalt oma itaalia keele grammatikat - parandage oma oskusi praktiliste harjutuste, interaktiivse harjutamise ja vahetu tagasiside abil.","breadcrumb":{"@id":"https:\/\/talkpal.ai\/et\/itaalia-keele-grammatikaharjutused\/#breadcrumb"},"inLanguage":"et","potentialAction":[{"@type":"ReadAction","target":["https:\/\/talkpal.ai\/et\/itaalia-keele-grammatikaharjutused\/"]}]},{"@type":"ImageObject","inLanguage":"et","@id":"https:\/\/talkpal.ai\/et\/itaalia-keele-grammatikaharjutused\/#primaryimage","url":"https:\/\/talkpal.ai\/wp-content\/uploads\/2023\/03\/italy.png","contentUrl":"https:\/\/talkpal.ai\/wp-content\/uploads\/2023\/03\/italy.png","width":512,"height":512,"caption":"TalkPal AI learn Italian"},{"@type":"BreadcrumbList","@id":"https:\/\/talkpal.ai\/et\/itaalia-keele-grammatikaharjutused\/#breadcrumb","itemListElement":[{"@type":"ListItem","position":1,"name":"Homepage","item":"https:\/\/talkpal.ai\/et\/"},{"@type":"ListItem","position":2,"name":"Itaalia keele grammatikaharjutused"}]},{"@type":"WebSite","@id":"https:\/\/talkpal.ai\/et\/#website","url":"https:\/\/talkpal.ai\/et\/","name":"Talkpal","description":"AI Language Learning","publisher":{"@id":"https:\/\/talkpal.ai\/et\/#organization"},"alternateName":"Talkpal AI","potentialAction":[{"@type":"SearchAction","target":{"@type":"EntryPoint","urlTemplate":"https:\/\/talkpal.ai\/et\/?s={search_term_string}"},"query-input":{"@type":"PropertyValueSpecification","valueRequired":true,"valueName":"search_term_string"}}],"inLanguage":"et"},{"@type":"Organization","@id":"https:\/\/talkpal.ai\/et\/#organization","name":"Talkpal, Inc.","alternateName":"Talkpal AI","url":"https:\/\/talkpal.ai\/et\/","logo":{"@type":"ImageObject","inLanguage":"et","@id":"https:\/\/talkpal.ai\/et\/#\/schema\/logo\/image\/","url":"https:\/\/talkpal.ai\/wp-content\/uploads\/2024\/03\/Talkpal-Logo-Icon.png","contentUrl":"https:\/\/talkpal.ai\/wp-content\/uploads\/2024\/03\/Talkpal-Logo-Icon.png","width":2880,"height":2880,"caption":"Talkpal, Inc."},"image":{"@id":"https:\/\/talkpal.ai\/et\/#\/schema\/logo\/image\/"},"sameAs":["https:\/\/www.facebook.com\/profile.php?id=100090733639311","https:\/\/x.com\/talkpalai","https:\/\/www.linkedin.com\/company\/talkpal\/","https:\/\/www.youtube.com\/@TalkPal\/","https:\/\/www.tiktok.com\/@talkpal","https:\/\/www.instagram.com\/talkpal_ai\/","https:\/\/www.crunchbase.com\/organization\/talkpal-9cde","https:\/\/www.g2.com\/products\/talkpal-for-business\/","https:\/\/www.trustpilot.com\/review\/talkpal.ai","https:\/\/www.capterra.com\/p\/10006800\/TalkPal\/"],"description":"Talkpal is a language learning web and mobile education app, powered by the latest AI technologies, that provides engaging experiences to its customers in many different languages to help them improve their language skills. Users can chat about unlimited amount of topics with the app and use other modes to practice their language learning.","email":"support@talkpal.ai","legalName":"Talkpal, Inc.","foundingDate":"2023-04-03","duns":"118989042","numberOfEmployees":{"@type":"QuantitativeValue","minValue":"11","maxValue":"50"},"publishingPrinciples":"https:\/\/talkpal.ai\/publishing-principles\/","actionableFeedbackPolicy":"https:\/\/talkpal.ai\/actionable-feedback-policy\/","correctionsPolicy":"https:\/\/talkpal.ai\/corrections-policy\/","ethicsPolicy":"https:\/\/talkpal.ai\/ethics-policy\/","diversityPolicy":"https:\/\/talkpal.ai\/diversity-policy\/","diversityStaffingReport":"https:\/\/talkpal.ai\/diversity-policy\/"}]}},"_links":{"self":[{"href":"https:\/\/talkpal.ai\/et\/wp-json\/wp\/v2\/pages\/132325","targetHints":{"allow":["GET"]}}],"collection":[{"href":"https:\/\/talkpal.ai\/et\/wp-json\/wp\/v2\/pages"}],"about":[{"href":"https:\/\/talkpal.ai\/et\/wp-json\/wp\/v2\/types\/page"}],"author":[{"embeddable":true,"href":"https:\/\/talkpal.ai\/et\/wp-json\/wp\/v2\/users\/6"}],"replies":[{"embeddable":true,"href":"https:\/\/talkpal.ai\/et\/wp-json\/wp\/v2\/comments?post=132325"}],"version-history":[{"count":0,"href":"https:\/\/talkpal.ai\/et\/wp-json\/wp\/v2\/pages\/132325\/revisions"}],"wp:featuredmedia":[{"embeddable":true,"href":"https:\/\/talkpal.ai\/et\/wp-json\/wp\/v2\/media\/76227"}],"wp:attachment":[{"href":"https:\/\/talkpal.ai\/et\/wp-json\/wp\/v2\/media?parent=132325"}],"curies":[{"name":"wp","href":"https:\/\/api.w.org\/{rel}","templated":true}]}}