{"id":132125,"date":"2023-06-16T09:14:18","date_gmt":"2023-06-16T09:14:18","guid":{"rendered":"http:\/\/talkpal.ai\/saksa-keele-grammatika-harjutused\/"},"modified":"2025-12-17T16:12:27","modified_gmt":"2025-12-17T16:12:27","slug":"saksa-keele-grammatika-harjutused","status":"publish","type":"page","link":"https:\/\/talkpal.ai\/et\/saksa-keele-grammatika-harjutused\/","title":{"rendered":"Saksa keele grammatika harjutused"},"content":{"rendered":"\r\n\r\n\r\n<section class=\"languageChallengeSection\">\r\n    <div class=\"languageInfoWrapper\">\r\n        \r\n        <h1>Saksa keele grammatika harjutused<\/h1>\r\n        <p>Kas olete valmis tugevdama oma <a href=\"https:\/\/talkpal.ai\/et\/saksa-keele-oppetunnid\/\">saksa keele<\/a> grammatikat? Grammatikaharjutuste tegemine on ideaalne viis saksa keele omandamiseks. Alustage t\u00f6\u00f6d juba t\u00e4na ja n\u00e4ete, kuidas teie enesekindlus ja oskus kasvab <a href=\"https:\/\/talkpal.ai\/locations\/language-courses-in-iga\/\">iga<\/a> harjutusega!\n\n<\/p>\r\n\r\n                            <a class=\"getStartedHidden\" href=\"https:\/\/app.talkpal.ai\/et\/signup?lng=\">Alusta<\/a>\r\n        \r\n    <\/div>\r\n\r\n    <figure>\r\n    <img decoding=\"async\" width=\"768\" height=\"768\" src=\"https:\/\/talkpal.ai\/wp-content\/uploads\/2023\/06\/german-768x768.png\" class=\"languageImage no-lazy\" alt=\"Language learning for global networking\" fetchpriority=\"high\" sizes=\"(max-width: 768px) 150px, 768px\" srcset=\"https:\/\/talkpal.ai\/wp-content\/uploads\/2023\/06\/german-768x768.png 768w, https:\/\/talkpal.ai\/wp-content\/uploads\/2023\/06\/german-300x300.png 300w\" \/>\r\n    \r\n\r\n    <\/figure>\r\n\r\n            <a class=\"getStartedVisible\" href=\"https:\/\/app.talkpal.ai\/et\/signup?lng=\">Alusta<\/a>\r\n    \r\n<\/section>\r\n\r\n\r\n<!-- <section class=\"grammarSection\">\r\n    <div class=\"grammarLinks\">\r\n        <a href=\"https:\/\/talkpal.ai\/et\/exercise_language\/ajavormid-saksa-keele-grammatika\/\">Ajavormid <\/a><a href=\"https:\/\/talkpal.ai\/et\/exercise_language\/asesonad-saksa-keele-grammatika\/\">Ases\u00f5nad <\/a><a href=\"https:\/\/talkpal.ai\/et\/exercise_language\/eessonad-saksa-keele-grammatika\/\">Eess\u00f5nad <\/a><a href=\"https:\/\/talkpal.ai\/et\/exercise_language\/kaanamine-saksa-keele-grammatika\/\">K\u00e4\u00e4namine <\/a><a href=\"https:\/\/talkpal.ai\/et\/exercise_language\/lauseehitus-saksa-keele-grammatika\/\">Lauseehitus <\/a><a href=\"https:\/\/talkpal.ai\/et\/exercise_language\/maarsonad-saksa-keele-grammatika\/\">M\u00e4\u00e4rs\u00f5nad <\/a><a href=\"https:\/\/talkpal.ai\/et\/exercise_language\/nimisonad-ja-artiklid-saksa-grammatika\/\">Nimis\u00f5nad ja artiklid <\/a><a href=\"https:\/\/talkpal.ai\/et\/exercise_language\/omadussonad-saksa-keele-grammatika\/\">Omaduss\u00f5nad <\/a><a href=\"https:\/\/talkpal.ai\/et\/exercise_language\/tegusonad-saksa-keele-grammatika\/\">Tegus\u00f5nad <\/a>    <\/div>\r\n<\/section> -->\r\n\r\n\r\n\r\n\r\n        <section class=\"grammarSection\">\r\n            <div class=\"grammarLinks\">\r\n                <a href=\"https:\/\/talkpal.ai\/et\/exercise_language\/ajavormid-saksa-keele-grammatika\/\">Ajavormid <\/a><a href=\"https:\/\/talkpal.ai\/et\/exercise_language\/asesonad-saksa-keele-grammatika\/\">Ases\u00f5nad <\/a><a href=\"https:\/\/talkpal.ai\/et\/exercise_language\/eessonad-saksa-keele-grammatika\/\">Eess\u00f5nad <\/a><a href=\"https:\/\/talkpal.ai\/et\/exercise_language\/kaanamine-saksa-keele-grammatika\/\">K\u00e4\u00e4namine <\/a><a href=\"https:\/\/talkpal.ai\/et\/exercise_language\/lauseehitus-saksa-keele-grammatika\/\">Lauseehitus <\/a><a href=\"https:\/\/talkpal.ai\/et\/exercise_language\/maarsonad-saksa-keele-grammatika\/\">M\u00e4\u00e4rs\u00f5nad <\/a><a href=\"https:\/\/talkpal.ai\/et\/exercise_language\/nimisonad-ja-artiklid-saksa-grammatika\/\">Nimis\u00f5nad ja artiklid <\/a><a href=\"https:\/\/talkpal.ai\/et\/exercise_language\/omadussonad-saksa-keele-grammatika\/\">Omaduss\u00f5nad <\/a><a href=\"https:\/\/talkpal.ai\/et\/exercise_language\/tegusonad-saksa-keele-grammatika\/\">Tegus\u00f5nad <\/a>            <\/div>\r\n        <\/section>\r\n<section class=\"promotionalBanner\">\r\n    <p class=\"promotionalText\">K\u00f5ige t\u00f5husam viis keele \u00f5ppimiseks<\/p>\r\n    <a class=\"promotionalLink\" href=\"https:\/\/app.talkpal.ai\/et\/signup?lng=\">Proovige Talkpal tasuta<\/a>\r\n<\/section>\n<div class=\"wp-block-group pageContainerStyle\"><div class=\"wp-block-group__inner-container is-layout-constrained wp-block-group-is-layout-constrained\">\n<h2 class=\"wp-block-heading\" id=\"h-german-grammar-topics\">Saksa keele grammatika teemad<\/h2>\n\n\n\n<p>Uue keele <a href=\"https:\/\/talkpal.ai\/et\/oppimine\/\">\u00f5ppimine<\/a> v\u00f5ib olla hirmutav \u00fclesanne, kuid \u00f5ige l\u00e4henemise korral v\u00f5ib see olla p\u00f5nev ja rahuldust pakkuv kogemus. <a href=\"https:\/\/talkpal.ai\/et\/oppige-saksa-keelt\/\">Saksa keel<\/a> on v\u00e4ga struktureeritud ja loogiline keel, mis muudab \u00f5ppimise lihtsamaks, kui teil on selge arusaam selle grammatikareeglitest. See juhend aitab teil m\u00f5ista <a href=\"https:\/\/talkpal.ai\/et\/grammar\/eitus-saksa-grammatikas\/\">saksa grammatika<\/a> p\u00f5hiaspekte, nagu ajavormid, tegus\u00f5nad, nimis\u00f5nad ja artiklid, ases\u00f5nad, omaduss\u00f5nad, deklaratsioon, m\u00e4\u00e4rs\u00f5nad, eess\u00f5nad ja lauseehitus. Seda j\u00e4rjestust j\u00e4rgides saate oma saksa keele \u00f5ppimise teekonnal t\u00f5husalt ja t\u00f5husalt edasi liikuda.<\/p>\n\n\n\n<h3 class=\"wp-block-heading\" id=\"h-1-nouns-and-articles\">1. Nimis\u00f5nad ja artiklid:<\/h3>\n\n\n\n<p>Alustage saksa nimis\u00f5nade ja nendega kaasnevate artiklite p\u00f5hit\u00f5dede \u00f5ppimisest. Saksa keeles on kolm sugu (mehelik, naiselik ja neuter) ja neli juhtumit (nominatiivne, akusatiivne, datiivne ja genitiivne). Nende reeglite m\u00f5istmine aitab teil m\u00e4\u00e4rata iga nimis\u00f5na jaoks \u00f5ige artikli ja panna aluse oma saksa keele grammatikateadmistele.<\/p>\n\n\n\n<h3 class=\"wp-block-heading\" id=\"h-2-pronouns\">2. Ases\u00f5nad:<\/h3>\n\n\n\n<p>Ases\u00f5nad asendavad lauses nimis\u00f5nad ja neil on erinevad vormid s\u00f5ltuvalt nende soost, arvust ja juhtumist. Tutvuge saksa ases\u00f5nadega, nagu isiklikud, omastavad, refleksiivsed ja suhtelised ases\u00f5nad, et luua keerukamaid lauseid ja v\u00e4ljendada oma m\u00f5tteid t\u00e4psemalt.<\/p>\n\n\n\n<h3 class=\"wp-block-heading\" id=\"h-3-verbs\">3. Tegus\u00f5nad:<\/h3>\n\n\n\n<p>Tegus\u00f5nad on lausete moodustamisel \u00fcliolulised, kuna need v\u00e4ljendavad tegevusi ja seisundeid. \u00d5ppige erinevaid saksa verbide t\u00fc\u00fcpe, nagu korrap\u00e4rased, ebaregulaarsed, modaalsed ja refleksiivsed verbid, koos nende konjugatsioonidega praeguses, minevikus ja tulevikus. See v\u00f5imaldab teil erinevates olukordades t\u00f5husalt suhelda.<\/p>\n\n\n\n<h3 class=\"wp-block-heading\" id=\"h-4-tenses\">4. Ajavormid:<\/h3>\n\n\n\n<p>Ajad n\u00e4itavad aega, mil tegevus toimub. Saksa keeles on kuus ajastust: olevik, <a href=\"https:\/\/talkpal.ai\/et\/grammar_exercises\/lihtne-minevik-esitage-taiuslikke-inglise-keele-grammatika-harjutusi\/\">lihtne minevik<\/a>, olevik t\u00e4iuslik, minevik t\u00e4iuslik, tulevik ja tulevik t\u00e4iuslikud ajad. Nende aegade reeglite ja kasutamise m\u00f5istmine aitab teil end selgelt ja t\u00e4pselt v\u00e4ljendada.<\/p>\n\n\n\n<h3 class=\"wp-block-heading\" id=\"h-5-adjectives\">5. Omaduss\u00f5nad:<\/h3>\n\n\n\n<p>Omaduss\u00f5nad kirjeldavad nimis\u00f5nade ja ases\u00f5nade omadusi ning lepivad kokku soos, arvus ja juhtumis nimis\u00f5naga, mida nad muudavad. \u00d5ppige omaduss\u00f5na deklensiooni reegleid, samuti v\u00f5rdlevaid ja \u00fcliv\u00f5rdeid, et t\u00e4iustada oma kirjeldusi ja muuta oma k\u00f5ne v\u00e4rvilisemaks.<\/p>\n\n\n\n<h3 class=\"wp-block-heading\" id=\"h-6-declension\">6. Otsustamine:<\/h3>\n\n\n\n<p>Declension on nimis\u00f5nade, ases\u00f5nade ja omaduss\u00f5nade muutmise protsess, et n\u00e4idata nende grammatilist funktsiooni lauses. Tutvuge nelja saksa juhtumiga ja sellega, kuidas need m\u00f5jutavad s\u00f5nade l\u00f5ppu, mis v\u00f5imaldab teil luua grammatiliselt \u00f5igeid lauseid.<\/p>\n\n\n\n<h3 class=\"wp-block-heading\" id=\"h-7-adverbs\">7. M\u00e4\u00e4rs\u00f5nad:<\/h3>\n\n\n\n<p>Adverbid annavad lisateavet tegus\u00f5nade, omaduss\u00f5nade v\u00f5i muude m\u00e4\u00e4rs\u00f5nade kohta. \u00d5ppige erinevat t\u00fc\u00fcpi saksa m\u00e4\u00e4rs\u00f5nu, n\u00e4iteks neid, mis n\u00e4itavad aega, viisi ja kohta, ning kuidas neid t\u00f5husalt kasutada, et lisada oma k\u00f5nele n\u00fcansse ja t\u00e4psust.<\/p>\n\n\n\n<h3 class=\"wp-block-heading\" id=\"h-8-prepositions\">8. Eess\u00f5nad:<\/h3>\n\n\n\n<p>Eess\u00f5nu kasutatakse nimis\u00f5nade v\u00f5i ases\u00f5nade ja muude lause elementide vahelise seose n\u00e4itamiseks. Uurige erinevaid saksa eess\u00f5nu ja nende kasutamist erinevatel juhtudel, et paremini m\u00f5ista, kuidas laused on \u00fcles ehitatud.<\/p>\n\n\n\n<h3 class=\"wp-block-heading\" id=\"h-9-sentence-structure\">9. Lause struktuur:<\/h3>\n\n\n\n<p>L\u00f5puks tutvuge saksa lauseehitusega, sealhulgas s\u00f5nade j\u00e4rjekorra, allklauslite ja sides\u00f5nadega. Nende reeglite m\u00f5istmine aitab teil luua sidusaid ja h\u00e4sti struktureeritud lauseid, mis v\u00f5imaldavad teil oma m\u00f5tteid selgelt ja t\u00f5husalt saksa keeles v\u00e4ljendada.<\/p>\n<\/div><\/div>\n\r\n<section class=\"learnNavigationSection\">\r\n            \r\n        <a href=\"https:\/\/talkpal.ai\/et\/oppige-saksa-keelt\/\">\r\n            <div class=\"learnNavigationWrapper\">\r\n                <div class=\"learnNavigationContent\">\r\n                    <img decoding=\"async\" src=\"https:\/\/talkpal.ai\/wp-content\/uploads\/2024\/08\/German.jpg\" alt=\"German Flag\">\r\n                    <div>\r\n                        <h4>Saksa keele \u00f5ppimisest<\/h4>\r\n                        <p>Uuri k\u00f5ike saksa keele grammatika kohta.<\/p>\r\n                    <\/div>\r\n                <\/div>\r\n            <\/div>\r\n        <\/a>\r\n\r\n        \r\n        <a href=\"https:\/\/talkpal.ai\/et\/saksa-keele-grammatika\/\">\r\n            <div class=\"learnNavigationWrapper\">\r\n                <div class=\"learnNavigationContent\">\r\n                    <img decoding=\"async\" src=\"https:\/\/talkpal.ai\/wp-content\/uploads\/2024\/08\/German.jpg\" alt=\"German Flag\">\r\n                    <div>\r\n                        <h4>Saksa keele grammatikatunnid<\/h4>\r\n                        <p>Harjutage saksa keele grammatikat.<\/p>\r\n                    <\/div>\r\n                <\/div>\r\n            <\/div>\r\n        <\/a>\r\n\r\n        \r\n        <a href=\"https:\/\/talkpal.ai\/vocabulary_language\/german\/\">\r\n            <div class=\"learnNavigationWrapper\">\r\n                <div class=\"learnNavigationContent\">\r\n                    <img decoding=\"async\" src=\"https:\/\/talkpal.ai\/wp-content\/uploads\/2024\/08\/German.jpg\" alt=\"German Flag\">\r\n                    <div>\r\n                        <h4>Saksa keele s\u00f5navara<\/h4>\r\n                        <p>Laiendage oma saksa keele s\u00f5navara.<\/p>\r\n                    <\/div>\r\n                <\/div>\r\n            <\/div>\r\n        <\/a>\r\n\r\n            <\/section>","protected":false},"excerpt":{"rendered":"<p>Saksa keele grammatika teemad Uue keele \u00f5ppimine v\u00f5ib olla hirmutav \u00fclesanne, kuid \u00f5ige l\u00e4henemise korral v\u00f5ib see olla p\u00f5nev ja rahuldust pakkuv kogemus. Saksa keel on v\u00e4ga struktureeritud ja loogiline keel, mis muudab \u00f5ppimise lihtsamaks, kui teil on selge arusaam selle grammatikareeglitest. See juhend aitab teil m\u00f5ista saksa grammatika p\u00f5hiaspekte, nagu ajavormid, tegus\u00f5nad, nimis\u00f5nad ja [&hellip;]<\/p>\n","protected":false},"author":6,"featured_media":75607,"parent":0,"menu_order":0,"comment_status":"closed","ping_status":"closed","template":"LearningContentPage.php","meta":{"_acf_changed":false,"footnotes":""},"class_list":["post-132125","page","type-page","status-publish","has-post-thumbnail","hentry"],"acf":[],"yoast_head":"<!-- This site is optimized with the Yoast SEO Premium plugin v27.2 (Yoast SEO v27.2) - https:\/\/yoast.com\/product\/yoast-seo-premium-wordpress\/ -->\n<title>Saksa keele grammatika harjutused - Talkpal<\/title>\n<meta name=\"description\" content=\"Tugevdage oma saksa keele grammatikat praktiliste harjutuste abil - parandage kiiresti, harjutage interaktiivselt ja saavutage keeleoskus kasutades Talkpal AI.\" \/>\n<meta name=\"robots\" content=\"index, follow, max-snippet:-1, max-image-preview:large, max-video-preview:-1\" \/>\n<link rel=\"canonical\" href=\"https:\/\/talkpal.ai\/et\/saksa-keele-grammatika-harjutused\/\" \/>\n<meta property=\"og:locale\" content=\"et_EE\" \/>\n<meta property=\"og:type\" content=\"article\" \/>\n<meta property=\"og:title\" content=\"Saksa keele grammatika harjutused\" \/>\n<meta property=\"og:description\" content=\"Saksa keele grammatika teemad Uue keele \u00f5ppimine v\u00f5ib olla hirmutav \u00fclesanne, kuid \u00f5ige l\u00e4henemise korral v\u00f5ib see olla p\u00f5nev ja rahuldust pakkuv kogemus.\" \/>\n<meta property=\"og:url\" content=\"https:\/\/talkpal.ai\/et\/saksa-keele-grammatika-harjutused\/\" \/>\n<meta property=\"og:site_name\" content=\"Talkpal\" \/>\n<meta property=\"article:publisher\" content=\"https:\/\/www.facebook.com\/profile.php?id=100090733639311\" \/>\n<meta property=\"article:modified_time\" content=\"2025-12-17T16:12:27+00:00\" \/>\n<meta property=\"og:image\" content=\"https:\/\/talkpal.ai\/wp-content\/uploads\/2023\/03\/germany.png\" \/>\n\t<meta property=\"og:image:width\" content=\"512\" \/>\n\t<meta property=\"og:image:height\" content=\"512\" \/>\n\t<meta property=\"og:image:type\" content=\"image\/png\" \/>\n<meta name=\"twitter:card\" content=\"summary_large_image\" \/>\n<meta name=\"twitter:site\" content=\"@talkpalai\" \/>\n<meta name=\"twitter:label1\" content=\"Est. reading time\" \/>\n\t<meta name=\"twitter:data1\" content=\"3 minutit\" \/>\n<script type=\"application\/ld+json\" class=\"yoast-schema-graph\">{\"@context\":\"https:\/\/schema.org\",\"@graph\":[{\"@type\":\"WebPage\",\"@id\":\"https:\/\/talkpal.ai\/et\/saksa-keele-grammatika-harjutused\/\",\"url\":\"https:\/\/talkpal.ai\/et\/saksa-keele-grammatika-harjutused\/\",\"name\":\"Saksa keele grammatika harjutused - Talkpal\",\"isPartOf\":{\"@id\":\"https:\/\/talkpal.ai\/et\/#website\"},\"primaryImageOfPage\":{\"@id\":\"https:\/\/talkpal.ai\/et\/saksa-keele-grammatika-harjutused\/#primaryimage\"},\"image\":{\"@id\":\"https:\/\/talkpal.ai\/et\/saksa-keele-grammatika-harjutused\/#primaryimage\"},\"thumbnailUrl\":\"https:\/\/talkpal.ai\/wp-content\/uploads\/2023\/03\/germany.png\",\"datePublished\":\"2023-06-16T09:14:18+00:00\",\"dateModified\":\"2025-12-17T16:12:27+00:00\",\"description\":\"Tugevdage oma saksa keele grammatikat praktiliste harjutuste abil - parandage kiiresti, harjutage interaktiivselt ja saavutage keeleoskus kasutades Talkpal AI.\",\"breadcrumb\":{\"@id\":\"https:\/\/talkpal.ai\/et\/saksa-keele-grammatika-harjutused\/#breadcrumb\"},\"inLanguage\":\"et\",\"potentialAction\":[{\"@type\":\"ReadAction\",\"target\":[\"https:\/\/talkpal.ai\/et\/saksa-keele-grammatika-harjutused\/\"]}]},{\"@type\":\"ImageObject\",\"inLanguage\":\"et\",\"@id\":\"https:\/\/talkpal.ai\/et\/saksa-keele-grammatika-harjutused\/#primaryimage\",\"url\":\"https:\/\/talkpal.ai\/wp-content\/uploads\/2023\/03\/germany.png\",\"contentUrl\":\"https:\/\/talkpal.ai\/wp-content\/uploads\/2023\/03\/germany.png\",\"width\":512,\"height\":512,\"caption\":\"TalkPal AI learn German\"},{\"@type\":\"BreadcrumbList\",\"@id\":\"https:\/\/talkpal.ai\/et\/saksa-keele-grammatika-harjutused\/#breadcrumb\",\"itemListElement\":[{\"@type\":\"ListItem\",\"position\":1,\"name\":\"Homepage\",\"item\":\"https:\/\/talkpal.ai\/et\/\"},{\"@type\":\"ListItem\",\"position\":2,\"name\":\"Saksa keele grammatika harjutused\"}]},{\"@type\":\"WebSite\",\"@id\":\"https:\/\/talkpal.ai\/et\/#website\",\"url\":\"https:\/\/talkpal.ai\/et\/\",\"name\":\"Talkpal\",\"description\":\"AI Language Learning\",\"publisher\":{\"@id\":\"https:\/\/talkpal.ai\/et\/#organization\"},\"alternateName\":\"Talkpal AI\",\"potentialAction\":[{\"@type\":\"SearchAction\",\"target\":{\"@type\":\"EntryPoint\",\"urlTemplate\":\"https:\/\/talkpal.ai\/et\/?s={search_term_string}\"},\"query-input\":{\"@type\":\"PropertyValueSpecification\",\"valueRequired\":true,\"valueName\":\"search_term_string\"}}],\"inLanguage\":\"et\"},{\"@type\":\"Organization\",\"@id\":\"https:\/\/talkpal.ai\/et\/#organization\",\"name\":\"Talkpal, Inc.\",\"alternateName\":\"Talkpal AI\",\"url\":\"https:\/\/talkpal.ai\/et\/\",\"logo\":{\"@type\":\"ImageObject\",\"inLanguage\":\"et\",\"@id\":\"https:\/\/talkpal.ai\/et\/#\/schema\/logo\/image\/\",\"url\":\"https:\/\/talkpal.ai\/wp-content\/uploads\/2024\/03\/Talkpal-Logo-Icon.png\",\"contentUrl\":\"https:\/\/talkpal.ai\/wp-content\/uploads\/2024\/03\/Talkpal-Logo-Icon.png\",\"width\":2880,\"height\":2880,\"caption\":\"Talkpal, Inc.\"},\"image\":{\"@id\":\"https:\/\/talkpal.ai\/et\/#\/schema\/logo\/image\/\"},\"sameAs\":[\"https:\/\/www.facebook.com\/profile.php?id=100090733639311\",\"https:\/\/x.com\/talkpalai\",\"https:\/\/www.linkedin.com\/company\/talkpal\/\",\"https:\/\/www.youtube.com\/@TalkPal\/\",\"https:\/\/www.tiktok.com\/@talkpal\",\"https:\/\/www.instagram.com\/talkpal_ai\/\",\"https:\/\/www.crunchbase.com\/organization\/talkpal-9cde\",\"https:\/\/www.g2.com\/products\/talkpal-for-business\/\",\"https:\/\/www.trustpilot.com\/review\/talkpal.ai\",\"https:\/\/www.capterra.com\/p\/10006800\/TalkPal\/\"],\"description\":\"Talkpal is a language learning web and mobile education app, powered by the latest AI technologies, that provides engaging experiences to its customers in many different languages to help them improve their language skills. Users can chat about unlimited amount of topics with the app and use other modes to practice their language learning.\",\"email\":\"support@talkpal.ai\",\"legalName\":\"Talkpal, Inc.\",\"foundingDate\":\"2023-04-03\",\"duns\":\"118989042\",\"numberOfEmployees\":{\"@type\":\"QuantitativeValue\",\"minValue\":\"11\",\"maxValue\":\"50\"},\"publishingPrinciples\":\"https:\/\/talkpal.ai\/publishing-principles\/\",\"actionableFeedbackPolicy\":\"https:\/\/talkpal.ai\/actionable-feedback-policy\/\",\"correctionsPolicy\":\"https:\/\/talkpal.ai\/corrections-policy\/\",\"ethicsPolicy\":\"https:\/\/talkpal.ai\/ethics-policy\/\",\"diversityPolicy\":\"https:\/\/talkpal.ai\/diversity-policy\/\",\"diversityStaffingReport\":\"https:\/\/talkpal.ai\/diversity-policy\/\"}]}<\/script>\n<!-- \/ Yoast SEO Premium plugin. -->","yoast_head_json":{"title":"Saksa keele grammatika harjutused - Talkpal","description":"Tugevdage oma saksa keele grammatikat praktiliste harjutuste abil - parandage kiiresti, harjutage interaktiivselt ja saavutage keeleoskus kasutades Talkpal AI.","robots":{"index":"index","follow":"follow","max-snippet":"max-snippet:-1","max-image-preview":"max-image-preview:large","max-video-preview":"max-video-preview:-1"},"canonical":"https:\/\/talkpal.ai\/et\/saksa-keele-grammatika-harjutused\/","og_locale":"et_EE","og_type":"article","og_title":"Saksa keele grammatika harjutused","og_description":"Saksa keele grammatika teemad Uue keele \u00f5ppimine v\u00f5ib olla hirmutav \u00fclesanne, kuid \u00f5ige l\u00e4henemise korral v\u00f5ib see olla p\u00f5nev ja rahuldust pakkuv kogemus.","og_url":"https:\/\/talkpal.ai\/et\/saksa-keele-grammatika-harjutused\/","og_site_name":"Talkpal","article_publisher":"https:\/\/www.facebook.com\/profile.php?id=100090733639311","article_modified_time":"2025-12-17T16:12:27+00:00","og_image":[{"width":512,"height":512,"url":"https:\/\/talkpal.ai\/wp-content\/uploads\/2023\/03\/germany.png","type":"image\/png"}],"twitter_card":"summary_large_image","twitter_site":"@talkpalai","twitter_misc":{"Est. reading time":"3 minutit"},"schema":{"@context":"https:\/\/schema.org","@graph":[{"@type":"WebPage","@id":"https:\/\/talkpal.ai\/et\/saksa-keele-grammatika-harjutused\/","url":"https:\/\/talkpal.ai\/et\/saksa-keele-grammatika-harjutused\/","name":"Saksa keele grammatika harjutused - Talkpal","isPartOf":{"@id":"https:\/\/talkpal.ai\/et\/#website"},"primaryImageOfPage":{"@id":"https:\/\/talkpal.ai\/et\/saksa-keele-grammatika-harjutused\/#primaryimage"},"image":{"@id":"https:\/\/talkpal.ai\/et\/saksa-keele-grammatika-harjutused\/#primaryimage"},"thumbnailUrl":"https:\/\/talkpal.ai\/wp-content\/uploads\/2023\/03\/germany.png","datePublished":"2023-06-16T09:14:18+00:00","dateModified":"2025-12-17T16:12:27+00:00","description":"Tugevdage oma saksa keele grammatikat praktiliste harjutuste abil - parandage kiiresti, harjutage interaktiivselt ja saavutage keeleoskus kasutades Talkpal AI.","breadcrumb":{"@id":"https:\/\/talkpal.ai\/et\/saksa-keele-grammatika-harjutused\/#breadcrumb"},"inLanguage":"et","potentialAction":[{"@type":"ReadAction","target":["https:\/\/talkpal.ai\/et\/saksa-keele-grammatika-harjutused\/"]}]},{"@type":"ImageObject","inLanguage":"et","@id":"https:\/\/talkpal.ai\/et\/saksa-keele-grammatika-harjutused\/#primaryimage","url":"https:\/\/talkpal.ai\/wp-content\/uploads\/2023\/03\/germany.png","contentUrl":"https:\/\/talkpal.ai\/wp-content\/uploads\/2023\/03\/germany.png","width":512,"height":512,"caption":"TalkPal AI learn German"},{"@type":"BreadcrumbList","@id":"https:\/\/talkpal.ai\/et\/saksa-keele-grammatika-harjutused\/#breadcrumb","itemListElement":[{"@type":"ListItem","position":1,"name":"Homepage","item":"https:\/\/talkpal.ai\/et\/"},{"@type":"ListItem","position":2,"name":"Saksa keele grammatika harjutused"}]},{"@type":"WebSite","@id":"https:\/\/talkpal.ai\/et\/#website","url":"https:\/\/talkpal.ai\/et\/","name":"Talkpal","description":"AI Language Learning","publisher":{"@id":"https:\/\/talkpal.ai\/et\/#organization"},"alternateName":"Talkpal AI","potentialAction":[{"@type":"SearchAction","target":{"@type":"EntryPoint","urlTemplate":"https:\/\/talkpal.ai\/et\/?s={search_term_string}"},"query-input":{"@type":"PropertyValueSpecification","valueRequired":true,"valueName":"search_term_string"}}],"inLanguage":"et"},{"@type":"Organization","@id":"https:\/\/talkpal.ai\/et\/#organization","name":"Talkpal, Inc.","alternateName":"Talkpal AI","url":"https:\/\/talkpal.ai\/et\/","logo":{"@type":"ImageObject","inLanguage":"et","@id":"https:\/\/talkpal.ai\/et\/#\/schema\/logo\/image\/","url":"https:\/\/talkpal.ai\/wp-content\/uploads\/2024\/03\/Talkpal-Logo-Icon.png","contentUrl":"https:\/\/talkpal.ai\/wp-content\/uploads\/2024\/03\/Talkpal-Logo-Icon.png","width":2880,"height":2880,"caption":"Talkpal, Inc."},"image":{"@id":"https:\/\/talkpal.ai\/et\/#\/schema\/logo\/image\/"},"sameAs":["https:\/\/www.facebook.com\/profile.php?id=100090733639311","https:\/\/x.com\/talkpalai","https:\/\/www.linkedin.com\/company\/talkpal\/","https:\/\/www.youtube.com\/@TalkPal\/","https:\/\/www.tiktok.com\/@talkpal","https:\/\/www.instagram.com\/talkpal_ai\/","https:\/\/www.crunchbase.com\/organization\/talkpal-9cde","https:\/\/www.g2.com\/products\/talkpal-for-business\/","https:\/\/www.trustpilot.com\/review\/talkpal.ai","https:\/\/www.capterra.com\/p\/10006800\/TalkPal\/"],"description":"Talkpal is a language learning web and mobile education app, powered by the latest AI technologies, that provides engaging experiences to its customers in many different languages to help them improve their language skills. Users can chat about unlimited amount of topics with the app and use other modes to practice their language learning.","email":"support@talkpal.ai","legalName":"Talkpal, Inc.","foundingDate":"2023-04-03","duns":"118989042","numberOfEmployees":{"@type":"QuantitativeValue","minValue":"11","maxValue":"50"},"publishingPrinciples":"https:\/\/talkpal.ai\/publishing-principles\/","actionableFeedbackPolicy":"https:\/\/talkpal.ai\/actionable-feedback-policy\/","correctionsPolicy":"https:\/\/talkpal.ai\/corrections-policy\/","ethicsPolicy":"https:\/\/talkpal.ai\/ethics-policy\/","diversityPolicy":"https:\/\/talkpal.ai\/diversity-policy\/","diversityStaffingReport":"https:\/\/talkpal.ai\/diversity-policy\/"}]}},"_links":{"self":[{"href":"https:\/\/talkpal.ai\/et\/wp-json\/wp\/v2\/pages\/132125","targetHints":{"allow":["GET"]}}],"collection":[{"href":"https:\/\/talkpal.ai\/et\/wp-json\/wp\/v2\/pages"}],"about":[{"href":"https:\/\/talkpal.ai\/et\/wp-json\/wp\/v2\/types\/page"}],"author":[{"embeddable":true,"href":"https:\/\/talkpal.ai\/et\/wp-json\/wp\/v2\/users\/6"}],"replies":[{"embeddable":true,"href":"https:\/\/talkpal.ai\/et\/wp-json\/wp\/v2\/comments?post=132125"}],"version-history":[{"count":0,"href":"https:\/\/talkpal.ai\/et\/wp-json\/wp\/v2\/pages\/132125\/revisions"}],"wp:featuredmedia":[{"embeddable":true,"href":"https:\/\/talkpal.ai\/et\/wp-json\/wp\/v2\/media\/75607"}],"wp:attachment":[{"href":"https:\/\/talkpal.ai\/et\/wp-json\/wp\/v2\/media?parent=132125"}],"curies":[{"name":"wp","href":"https:\/\/api.w.org\/{rel}","templated":true}]}}