{"id":131847,"date":"2023-06-16T08:35:52","date_gmt":"2023-06-16T08:35:52","guid":{"rendered":"http:\/\/talkpal.ai\/prantsuse-keele-grammatikaharjutused\/"},"modified":"2025-12-17T16:55:34","modified_gmt":"2025-12-17T16:55:34","slug":"prantsuse-keele-grammatikaharjutused","status":"publish","type":"page","link":"https:\/\/talkpal.ai\/et\/prantsuse-keele-grammatikaharjutused\/","title":{"rendered":"Prantsuse keele grammatikaharjutused"},"content":{"rendered":"\r\n\r\n\r\n<section class=\"languageChallengeSection\">\r\n    <div class=\"languageInfoWrapper\">\r\n        \r\n        <h1>Prantsuse keele grammatikaharjutused<\/h1>\r\n        <p>Soovite omandada prantsuse keelt? Grammatikaharjutused on suurep\u00e4rane v\u00f5imalus m\u00f5ista lauseehitust, verbide liits\u00f5nu ja <a href=\"https:\/\/talkpal.ai\/et\/oppige-prantsuse-keelt\/\">prantsuse keele<\/a> ainulaadseid mustreid. Alustage <a href=\"https:\/\/talkpal.ai\/et\/grammar\/esineb-prantsuse-keele-grammatikas\/\">prantsuse keele grammatika<\/a> \u00f5ppimist juba t\u00e4na ja vaadake, kuidas teie enesekindlus ja keeleoskus <a href=\"https:\/\/talkpal.ai\/locations\/language-courses-in-iga\/\">iga<\/a> harjutusega kasvab!\n\n<\/p>\r\n\r\n                            <a class=\"getStartedHidden\" href=\"https:\/\/app.talkpal.ai\/et\/signup?lng=\">Alusta<\/a>\r\n        \r\n    <\/div>\r\n\r\n    <figure>\r\n    <img decoding=\"async\" width=\"768\" height=\"768\" src=\"https:\/\/talkpal.ai\/wp-content\/uploads\/2023\/06\/french-768x768.png\" class=\"languageImage no-lazy\" alt=\"Language learning strategies for professionals\" fetchpriority=\"high\" sizes=\"(max-width: 768px) 150px, 768px\" srcset=\"https:\/\/talkpal.ai\/wp-content\/uploads\/2023\/06\/french-768x768.png 768w, https:\/\/talkpal.ai\/wp-content\/uploads\/2023\/06\/french-300x300.png 300w\" \/>\r\n    \r\n\r\n    <\/figure>\r\n\r\n            <a class=\"getStartedVisible\" href=\"https:\/\/app.talkpal.ai\/et\/signup?lng=\">Alusta<\/a>\r\n    \r\n<\/section>\r\n\r\n\r\n<!-- <section class=\"grammarSection\">\r\n    <div class=\"grammarLinks\">\r\n        <a href=\"https:\/\/talkpal.ai\/et\/exercise_language\/ajavormid-soovituslikud-prantsuse-keele-grammatika\/\">Ajavormid \u2013 soovituslikud \u2013 prantsuse keele grammatika<\/a><a href=\"https:\/\/talkpal.ai\/et\/exercise_language\/artiklid-prantsuse-keele-grammatika\/\">Artiklid <\/a><a href=\"https:\/\/talkpal.ai\/et\/exercise_language\/asesonad-ja-maarajad-prantsuse-keele-grammatika\/\">Ases\u00f5nad ja m\u00e4\u00e4rajad <\/a><a href=\"https:\/\/talkpal.ai\/et\/exercise_language\/eessonad-prantsuse-grammatika\/\">Eess\u00f5nad <\/a><a href=\"https:\/\/talkpal.ai\/et\/exercise_language\/lauseehitus-prantsuse-grammatika\/\">Lauseehitus <\/a><a href=\"https:\/\/talkpal.ai\/et\/exercise_language\/maarsonad-prantsuse-keele-grammatika\/\">M\u00e4\u00e4rs\u00f5nad <\/a><a href=\"https:\/\/talkpal.ai\/et\/exercise_language\/nimisonad-prantsuse-keele-grammatika\/\">Nimis\u00f5nad <\/a><a href=\"https:\/\/talkpal.ai\/et\/exercise_language\/omadussonad-prantsuse-grammatika\/\">Omaduss\u00f5nad <\/a><a href=\"https:\/\/talkpal.ai\/et\/exercise_language\/tegusonad-prantsuse-keele-grammatika\/\">Tegus\u00f5nad <\/a>    <\/div>\r\n<\/section> -->\r\n\r\n\r\n\r\n\r\n        <section class=\"grammarSection\">\r\n            <div class=\"grammarLinks\">\r\n                <a href=\"https:\/\/talkpal.ai\/et\/exercise_language\/ajavormid-soovituslikud-prantsuse-keele-grammatika\/\">Ajavormid \u2013 soovituslikud \u2013 prantsuse keele grammatika<\/a><a href=\"https:\/\/talkpal.ai\/et\/exercise_language\/artiklid-prantsuse-keele-grammatika\/\">Artiklid <\/a><a href=\"https:\/\/talkpal.ai\/et\/exercise_language\/asesonad-ja-maarajad-prantsuse-keele-grammatika\/\">Ases\u00f5nad ja m\u00e4\u00e4rajad <\/a><a href=\"https:\/\/talkpal.ai\/et\/exercise_language\/eessonad-prantsuse-grammatika\/\">Eess\u00f5nad <\/a><a href=\"https:\/\/talkpal.ai\/et\/exercise_language\/lauseehitus-prantsuse-grammatika\/\">Lauseehitus <\/a><a href=\"https:\/\/talkpal.ai\/et\/exercise_language\/maarsonad-prantsuse-keele-grammatika\/\">M\u00e4\u00e4rs\u00f5nad <\/a><a href=\"https:\/\/talkpal.ai\/et\/exercise_language\/nimisonad-prantsuse-keele-grammatika\/\">Nimis\u00f5nad <\/a><a href=\"https:\/\/talkpal.ai\/et\/exercise_language\/omadussonad-prantsuse-grammatika\/\">Omaduss\u00f5nad <\/a><a href=\"https:\/\/talkpal.ai\/et\/exercise_language\/tegusonad-prantsuse-keele-grammatika\/\">Tegus\u00f5nad <\/a>            <\/div>\r\n        <\/section>\r\n<section class=\"promotionalBanner\">\r\n    <p class=\"promotionalText\">K\u00f5ige t\u00f5husam viis keele \u00f5ppimiseks<\/p>\r\n    <a class=\"promotionalLink\" href=\"https:\/\/app.talkpal.ai\/et\/signup?lng=\">Proovige Talkpal tasuta<\/a>\r\n<\/section>\n<div class=\"wp-block-group pageContainerStyle\"><div class=\"wp-block-group__inner-container is-layout-constrained wp-block-group-is-layout-constrained\">\n<h2 class=\"wp-block-heading\" id=\"h-french-grammar-topics\">Prantsuse keele grammatika teemad<\/h2>\n\n\n\n<p>Prantsuse keele <a href=\"https:\/\/talkpal.ai\/et\/oppimine\/\">\u00f5ppimine<\/a> v\u00f5ib olla p\u00f5nev ja rahuldust pakkuv kogemus. Ajaloo ja kultuuri poolest rikka keelena pakub <a href=\"https:\/\/talkpal.ai\/learn-french\/\">prantsuse keel<\/a> ainulaadset maailmavaadet ja on oluline suhtlusvahend erinevates valdkondades. Prantsuse keele t\u00f5husaks \u00f5ppimiseks on \u00fclioluline m\u00f5ista h\u00e4sti selle grammatikat, mis on iga keele alus. J\u00e4rgmine prantsuse keele grammatikateemade jada, sealhulgas omaduss\u00f5nad, m\u00e4\u00e4rs\u00f5nad, artiklid, nimis\u00f5nad, eess\u00f5nad, ases\u00f5nad ja m\u00e4\u00e4rajad, lauseehitus, ajavormid &#8211; soovituslikud ja tegus\u00f5nad, aitavad teid keele omandamise teekonnal.<\/p>\n\n\n\n<h3 class=\"wp-block-heading\" id=\"h-1-nouns\">1. Nimis\u00f5nad:<\/h3>\n\n\n\n<p>Nimis\u00f5nad on mis tahes keele peamised ehitusplokid, kuna need esindavad inimesi, kohti, asju v\u00f5i ideid. Prantsuse keeles on nimis\u00f5nadel sugu (mehelik v\u00f5i naiselik) ja need v\u00f5ivad olla ainsuses v\u00f5i mitmuses. Nimis\u00f5nade soo ja arvu m\u00f5istmine on \u00fclioluline, kuna see m\u00f5jutab teiste s\u00f5nade vorme lauses, nagu omaduss\u00f5nad, artiklid ja ases\u00f5nad.<\/p>\n\n\n\n<h3 class=\"wp-block-heading\" id=\"h-2-articles\">2. Artiklid:<\/h3>\n\n\n\n<p>Artiklid on prantsuse grammatikas olulised, kuna need annavad teavet nimis\u00f5na soo ja arvu kohta. Prantsuse keeles on kolme t\u00fc\u00fcpi artikleid: kindel (le, la, les), m\u00e4\u00e4ramata (un, une, des) ja partitive (du, de la, des). Sobiva artikli kasutamine aitab edasi anda lause kavandatud t\u00e4hendust.<\/p>\n\n\n\n<h3 class=\"wp-block-heading\" id=\"h-3-adjectives\">3. Omaduss\u00f5nad:<\/h3>\n\n\n\n<p>Omaduss\u00f5nu kasutatakse nimis\u00f5nade kirjeldamiseks v\u00f5i muutmiseks. Prantsuse keeles peavad omaduss\u00f5nad n\u00f5ustuma nimis\u00f5naga, mida nad soos ja arvus muudavad. Lisaks v\u00f5ib omaduss\u00f5nade positsioon lauses varieeruda, kuigi enamik omaduss\u00f5nu j\u00e4rgib nende kirjeldatavat nimis\u00f5na.<\/p>\n\n\n\n<h3 class=\"wp-block-heading\" id=\"h-4-pronouns-and-determiners\">4. Ases\u00f5nad ja m\u00e4\u00e4rajad:<\/h3>\n\n\n\n<p>Ases\u00f5nad asendavad nimis\u00f5nad, et v\u00e4ltida kordusi, samas kui m\u00e4\u00e4rajad m\u00e4\u00e4ravad v\u00f5i kvantifitseerivad nimis\u00f5nu. Nii ases\u00f5nad kui ka m\u00e4\u00e4rajad peavad n\u00f5ustuma nimis\u00f5naga, mida nad asendavad v\u00f5i kaasnevad soo ja arvuga. Prantsuse ases\u00f5nade hulka kuuluvad subjekti ases\u00f5nad (je, tu, il jne), objekti ases\u00f5nad (mina, te, lui jne) ja refleksiivsed ases\u00f5nad (mina, te, se jne). M\u00e4\u00e4rajateks on omastavad omaduss\u00f5nad (mon, ma, mes jne) ja demonstratiivsed omaduss\u00f5nad (ce, cette, ces jne).<\/p>\n\n\n\n<h3 class=\"wp-block-heading\" id=\"h-5-verbs\">5. Tegus\u00f5nad:<\/h3>\n\n\n\n<p>Tegus\u00f5nad v\u00e4ljendavad tegevusi, olekuid v\u00f5i esinemisi. Prantsuse keeles on tegus\u00f5nad konjugeeritud, et n\u00f5ustuda subjektiga isiklikult ja arvuga ning v\u00e4ljendada erinevaid ajastusi ja meeleolusid. Regulaarsed tegus\u00f5nad j\u00e4rgivad prognoositavat mustrit, samas kui ebaregulaarsed tegus\u00f5nad n\u00f5uavad meeldej\u00e4tmist.<\/p>\n\n\n\n<h3 class=\"wp-block-heading\" id=\"h-6-tenses-indicative\">6. Aeg &#8211; indikatiiv:<\/h3>\n\n\n\n<p>Soovituslikku meeleolu kasutatakse faktide ja objektiivsete avalduste v\u00e4ljendamiseks. Prantsuse indikatiivses on kaheksa ajastust: olevik, tulevik, ebat\u00e4iuslik, <a href=\"https:\/\/talkpal.ai\/et\/grammar_exercises\/lihtne-minevik-esitage-taiuslikke-inglise-keele-grammatika-harjutusi\/\">lihtne minevik<\/a>, pluperfect, tulevik t\u00e4iuslik, minevik tingimuslik ja minevik t\u00e4iuslik. Nende aegade m\u00f5istmine ja valdamine on aja ja j\u00e4rjestuse prantsuse keeles v\u00e4ljendamiseks \u00fclioluline.<\/p>\n\n\n\n<h3 class=\"wp-block-heading\" id=\"h-7-adverbs\">7. M\u00e4\u00e4rs\u00f5nad:<\/h3>\n\n\n\n<p>M\u00e4\u00e4rs\u00f5nad muudavad tegus\u00f5nu, omaduss\u00f5nu v\u00f5i muid m\u00e4\u00e4rs\u00f5nu, <a href=\"https:\/\/talkpal.ai\/locations\/language-courses-in-andes\/\">andes<\/a> lisateavet tegevuse, oleku v\u00f5i kvaliteedi kohta. Prantsuse keeles moodustatakse enamik m\u00e4\u00e4rs\u00f5nu omaduss\u00f5na naiselikule vormile -ment lisamisega. Adverbid j\u00e4rgivad \u00fcldiselt verbi, mida nad muudavad.<\/p>\n\n\n\n<h3 class=\"wp-block-heading\" id=\"h-8-prepositions\">8. Eess\u00f5nad:<\/h3>\n\n\n\n<p>Eess\u00f5nad \u00fchendavad s\u00f5nu v\u00f5i s\u00f5nar\u00fchmi, n\u00e4idates seoseid, nagu asukoht, suund, aeg v\u00f5i p\u00f5hjus. Tavalised prantsuse eess\u00f5nad on \u00e0 (at, to), de (of, from), en (in, on) ja pour (for). Eess\u00f5nade \u00f5ppimine ja nende kasutamine on sidusate lausete koostamiseks h\u00e4davajalik.<\/p>\n\n\n\n<h3 class=\"wp-block-heading\" id=\"h-9-sentence-structure\">9. Lause struktuur:<\/h3>\n\n\n\n<p>Prantsuse laused j\u00e4rgivad subjekti-verbi-objekti (SVO) struktuuri, mis sarnaneb <a href=\"https:\/\/talkpal.ai\/learn-english\/\">inglise<\/a> keelega. Kuid s\u00f5nade j\u00e4rjekord v\u00f5ib varieeruda s\u00f5ltuvalt ases\u00f5nade kasutamisest, eitamisest ja r\u00f5huasetusest. Lauseehituse m\u00f5istmine on prantsuse keeles selgete ja t\u00e4psete v\u00e4idete ja k\u00fcsimuste moodustamiseks \u00fclioluline.<\/p>\n<\/div><\/div>\n\r\n<section class=\"learnNavigationSection\">\r\n            \r\n        <a href=\"https:\/\/talkpal.ai\/et\/oppige-prantsuse-keelt\/\">\r\n            <div class=\"learnNavigationWrapper\">\r\n                <div class=\"learnNavigationContent\">\r\n                    <img decoding=\"async\" src=\"https:\/\/talkpal.ai\/wp-content\/uploads\/2024\/08\/French.jpg\" alt=\"French Flag\">\r\n                    <div>\r\n                        <h4>Prantsuse keele \u00f5ppimise kohta<\/h4>\r\n                        <p>Uuri k\u00f5ike prantsuse keele grammatika kohta.<\/p>\r\n                    <\/div>\r\n                <\/div>\r\n            <\/div>\r\n        <\/a>\r\n\r\n        \r\n        <a href=\"https:\/\/talkpal.ai\/et\/prantsuse-keele-grammatika\/\">\r\n            <div class=\"learnNavigationWrapper\">\r\n                <div class=\"learnNavigationContent\">\r\n                    <img decoding=\"async\" src=\"https:\/\/talkpal.ai\/wp-content\/uploads\/2024\/08\/French.jpg\" alt=\"French Flag\">\r\n                    <div>\r\n                        <h4>Prantsuse keele grammatikatunnid<\/h4>\r\n                        <p>Harjutage prantsuse grammatikat.<\/p>\r\n                    <\/div>\r\n                <\/div>\r\n            <\/div>\r\n        <\/a>\r\n\r\n        \r\n        <a href=\"https:\/\/talkpal.ai\/vocabulary_language\/french\/\">\r\n            <div class=\"learnNavigationWrapper\">\r\n                <div class=\"learnNavigationContent\">\r\n                    <img decoding=\"async\" src=\"https:\/\/talkpal.ai\/wp-content\/uploads\/2024\/08\/French.jpg\" alt=\"French Flag\">\r\n                    <div>\r\n                        <h4>Prantsuse keele s\u00f5navara<\/h4>\r\n                        <p>Laiendage oma prantsuse keele s\u00f5navara.<\/p>\r\n                    <\/div>\r\n                <\/div>\r\n            <\/div>\r\n        <\/a>\r\n\r\n            <\/section>","protected":false},"excerpt":{"rendered":"<p>Prantsuse keele grammatika teemad Prantsuse keele \u00f5ppimine v\u00f5ib olla p\u00f5nev ja rahuldust pakkuv kogemus. Ajaloo ja kultuuri poolest rikka keelena pakub prantsuse keel ainulaadset maailmavaadet ja on oluline suhtlusvahend erinevates valdkondades. Prantsuse keele t\u00f5husaks \u00f5ppimiseks on \u00fclioluline m\u00f5ista h\u00e4sti selle grammatikat, mis on iga keele alus. J\u00e4rgmine prantsuse keele grammatikateemade jada, sealhulgas omaduss\u00f5nad, m\u00e4\u00e4rs\u00f5nad, artiklid, [&hellip;]<\/p>\n","protected":false},"author":6,"featured_media":75921,"parent":0,"menu_order":0,"comment_status":"closed","ping_status":"closed","template":"LearningContentPage.php","meta":{"_acf_changed":false,"footnotes":""},"class_list":["post-131847","page","type-page","status-publish","has-post-thumbnail","hentry"],"acf":[],"yoast_head":"<!-- This site is optimized with the Yoast SEO Premium plugin v27.2 (Yoast SEO v27.2) - https:\/\/yoast.com\/product\/yoast-seo-premium-wordpress\/ -->\n<title>Prantsuse keele grammatikaharjutused - Talkpal<\/title>\n<meta name=\"description\" content=\"Harjutage ja parandage oma prantsuse keele grammatikaoskusi interaktiivsete harjutuste abil, mis on m\u00f5eldud k\u00f5ikidele tasemetele. Suurendage oma keeleoskust!\" \/>\n<meta name=\"robots\" content=\"index, follow, max-snippet:-1, max-image-preview:large, max-video-preview:-1\" \/>\n<link rel=\"canonical\" href=\"https:\/\/talkpal.ai\/et\/prantsuse-keele-grammatikaharjutused\/\" \/>\n<meta property=\"og:locale\" content=\"et_EE\" \/>\n<meta property=\"og:type\" content=\"article\" \/>\n<meta property=\"og:title\" content=\"Prantsuse keele grammatikaharjutused\" \/>\n<meta property=\"og:description\" content=\"Prantsuse keele grammatika teemad Prantsuse keele \u00f5ppimine v\u00f5ib olla p\u00f5nev ja rahuldust pakkuv kogemus. Ajaloo ja kultuuri poolest rikka keelena pakub\" \/>\n<meta property=\"og:url\" content=\"https:\/\/talkpal.ai\/et\/prantsuse-keele-grammatikaharjutused\/\" \/>\n<meta property=\"og:site_name\" content=\"Talkpal\" \/>\n<meta property=\"article:publisher\" content=\"https:\/\/www.facebook.com\/profile.php?id=100090733639311\" \/>\n<meta property=\"article:modified_time\" content=\"2025-12-17T16:55:34+00:00\" \/>\n<meta property=\"og:image\" content=\"https:\/\/talkpal.ai\/wp-content\/uploads\/2023\/03\/france.png\" \/>\n\t<meta property=\"og:image:width\" content=\"512\" \/>\n\t<meta property=\"og:image:height\" content=\"512\" \/>\n\t<meta property=\"og:image:type\" content=\"image\/png\" \/>\n<meta name=\"twitter:card\" content=\"summary_large_image\" \/>\n<meta name=\"twitter:site\" content=\"@talkpalai\" \/>\n<meta name=\"twitter:label1\" content=\"Est. reading time\" \/>\n\t<meta name=\"twitter:data1\" content=\"3 minutit\" \/>\n<script type=\"application\/ld+json\" class=\"yoast-schema-graph\">{\"@context\":\"https:\/\/schema.org\",\"@graph\":[{\"@type\":\"WebPage\",\"@id\":\"https:\/\/talkpal.ai\/et\/prantsuse-keele-grammatikaharjutused\/\",\"url\":\"https:\/\/talkpal.ai\/et\/prantsuse-keele-grammatikaharjutused\/\",\"name\":\"Prantsuse keele grammatikaharjutused - Talkpal\",\"isPartOf\":{\"@id\":\"https:\/\/talkpal.ai\/et\/#website\"},\"primaryImageOfPage\":{\"@id\":\"https:\/\/talkpal.ai\/et\/prantsuse-keele-grammatikaharjutused\/#primaryimage\"},\"image\":{\"@id\":\"https:\/\/talkpal.ai\/et\/prantsuse-keele-grammatikaharjutused\/#primaryimage\"},\"thumbnailUrl\":\"https:\/\/talkpal.ai\/wp-content\/uploads\/2023\/03\/france.png\",\"datePublished\":\"2023-06-16T08:35:52+00:00\",\"dateModified\":\"2025-12-17T16:55:34+00:00\",\"description\":\"Harjutage ja parandage oma prantsuse keele grammatikaoskusi interaktiivsete harjutuste abil, mis on m\u00f5eldud k\u00f5ikidele tasemetele. Suurendage oma keeleoskust!\",\"breadcrumb\":{\"@id\":\"https:\/\/talkpal.ai\/et\/prantsuse-keele-grammatikaharjutused\/#breadcrumb\"},\"inLanguage\":\"et\",\"potentialAction\":[{\"@type\":\"ReadAction\",\"target\":[\"https:\/\/talkpal.ai\/et\/prantsuse-keele-grammatikaharjutused\/\"]}]},{\"@type\":\"ImageObject\",\"inLanguage\":\"et\",\"@id\":\"https:\/\/talkpal.ai\/et\/prantsuse-keele-grammatikaharjutused\/#primaryimage\",\"url\":\"https:\/\/talkpal.ai\/wp-content\/uploads\/2023\/03\/france.png\",\"contentUrl\":\"https:\/\/talkpal.ai\/wp-content\/uploads\/2023\/03\/france.png\",\"width\":512,\"height\":512,\"caption\":\"TalkPal AI learn French\"},{\"@type\":\"BreadcrumbList\",\"@id\":\"https:\/\/talkpal.ai\/et\/prantsuse-keele-grammatikaharjutused\/#breadcrumb\",\"itemListElement\":[{\"@type\":\"ListItem\",\"position\":1,\"name\":\"Homepage\",\"item\":\"https:\/\/talkpal.ai\/et\/\"},{\"@type\":\"ListItem\",\"position\":2,\"name\":\"Prantsuse keele grammatikaharjutused\"}]},{\"@type\":\"WebSite\",\"@id\":\"https:\/\/talkpal.ai\/et\/#website\",\"url\":\"https:\/\/talkpal.ai\/et\/\",\"name\":\"Talkpal\",\"description\":\"AI Language Learning\",\"publisher\":{\"@id\":\"https:\/\/talkpal.ai\/et\/#organization\"},\"alternateName\":\"Talkpal AI\",\"potentialAction\":[{\"@type\":\"SearchAction\",\"target\":{\"@type\":\"EntryPoint\",\"urlTemplate\":\"https:\/\/talkpal.ai\/et\/?s={search_term_string}\"},\"query-input\":{\"@type\":\"PropertyValueSpecification\",\"valueRequired\":true,\"valueName\":\"search_term_string\"}}],\"inLanguage\":\"et\"},{\"@type\":\"Organization\",\"@id\":\"https:\/\/talkpal.ai\/et\/#organization\",\"name\":\"Talkpal, Inc.\",\"alternateName\":\"Talkpal AI\",\"url\":\"https:\/\/talkpal.ai\/et\/\",\"logo\":{\"@type\":\"ImageObject\",\"inLanguage\":\"et\",\"@id\":\"https:\/\/talkpal.ai\/et\/#\/schema\/logo\/image\/\",\"url\":\"https:\/\/talkpal.ai\/wp-content\/uploads\/2024\/03\/Talkpal-Logo-Icon.png\",\"contentUrl\":\"https:\/\/talkpal.ai\/wp-content\/uploads\/2024\/03\/Talkpal-Logo-Icon.png\",\"width\":2880,\"height\":2880,\"caption\":\"Talkpal, Inc.\"},\"image\":{\"@id\":\"https:\/\/talkpal.ai\/et\/#\/schema\/logo\/image\/\"},\"sameAs\":[\"https:\/\/www.facebook.com\/profile.php?id=100090733639311\",\"https:\/\/x.com\/talkpalai\",\"https:\/\/www.linkedin.com\/company\/talkpal\/\",\"https:\/\/www.youtube.com\/@TalkPal\/\",\"https:\/\/www.tiktok.com\/@talkpal\",\"https:\/\/www.instagram.com\/talkpal_ai\/\",\"https:\/\/www.crunchbase.com\/organization\/talkpal-9cde\",\"https:\/\/www.g2.com\/products\/talkpal-for-business\/\",\"https:\/\/www.trustpilot.com\/review\/talkpal.ai\",\"https:\/\/www.capterra.com\/p\/10006800\/TalkPal\/\"],\"description\":\"Talkpal is a language learning web and mobile education app, powered by the latest AI technologies, that provides engaging experiences to its customers in many different languages to help them improve their language skills. Users can chat about unlimited amount of topics with the app and use other modes to practice their language learning.\",\"email\":\"support@talkpal.ai\",\"legalName\":\"Talkpal, Inc.\",\"foundingDate\":\"2023-04-03\",\"duns\":\"118989042\",\"numberOfEmployees\":{\"@type\":\"QuantitativeValue\",\"minValue\":\"11\",\"maxValue\":\"50\"},\"publishingPrinciples\":\"https:\/\/talkpal.ai\/publishing-principles\/\",\"actionableFeedbackPolicy\":\"https:\/\/talkpal.ai\/actionable-feedback-policy\/\",\"correctionsPolicy\":\"https:\/\/talkpal.ai\/corrections-policy\/\",\"ethicsPolicy\":\"https:\/\/talkpal.ai\/ethics-policy\/\",\"diversityPolicy\":\"https:\/\/talkpal.ai\/diversity-policy\/\",\"diversityStaffingReport\":\"https:\/\/talkpal.ai\/diversity-policy\/\"}]}<\/script>\n<!-- \/ Yoast SEO Premium plugin. -->","yoast_head_json":{"title":"Prantsuse keele grammatikaharjutused - Talkpal","description":"Harjutage ja parandage oma prantsuse keele grammatikaoskusi interaktiivsete harjutuste abil, mis on m\u00f5eldud k\u00f5ikidele tasemetele. Suurendage oma keeleoskust!","robots":{"index":"index","follow":"follow","max-snippet":"max-snippet:-1","max-image-preview":"max-image-preview:large","max-video-preview":"max-video-preview:-1"},"canonical":"https:\/\/talkpal.ai\/et\/prantsuse-keele-grammatikaharjutused\/","og_locale":"et_EE","og_type":"article","og_title":"Prantsuse keele grammatikaharjutused","og_description":"Prantsuse keele grammatika teemad Prantsuse keele \u00f5ppimine v\u00f5ib olla p\u00f5nev ja rahuldust pakkuv kogemus. Ajaloo ja kultuuri poolest rikka keelena pakub","og_url":"https:\/\/talkpal.ai\/et\/prantsuse-keele-grammatikaharjutused\/","og_site_name":"Talkpal","article_publisher":"https:\/\/www.facebook.com\/profile.php?id=100090733639311","article_modified_time":"2025-12-17T16:55:34+00:00","og_image":[{"width":512,"height":512,"url":"https:\/\/talkpal.ai\/wp-content\/uploads\/2023\/03\/france.png","type":"image\/png"}],"twitter_card":"summary_large_image","twitter_site":"@talkpalai","twitter_misc":{"Est. reading time":"3 minutit"},"schema":{"@context":"https:\/\/schema.org","@graph":[{"@type":"WebPage","@id":"https:\/\/talkpal.ai\/et\/prantsuse-keele-grammatikaharjutused\/","url":"https:\/\/talkpal.ai\/et\/prantsuse-keele-grammatikaharjutused\/","name":"Prantsuse keele grammatikaharjutused - Talkpal","isPartOf":{"@id":"https:\/\/talkpal.ai\/et\/#website"},"primaryImageOfPage":{"@id":"https:\/\/talkpal.ai\/et\/prantsuse-keele-grammatikaharjutused\/#primaryimage"},"image":{"@id":"https:\/\/talkpal.ai\/et\/prantsuse-keele-grammatikaharjutused\/#primaryimage"},"thumbnailUrl":"https:\/\/talkpal.ai\/wp-content\/uploads\/2023\/03\/france.png","datePublished":"2023-06-16T08:35:52+00:00","dateModified":"2025-12-17T16:55:34+00:00","description":"Harjutage ja parandage oma prantsuse keele grammatikaoskusi interaktiivsete harjutuste abil, mis on m\u00f5eldud k\u00f5ikidele tasemetele. Suurendage oma keeleoskust!","breadcrumb":{"@id":"https:\/\/talkpal.ai\/et\/prantsuse-keele-grammatikaharjutused\/#breadcrumb"},"inLanguage":"et","potentialAction":[{"@type":"ReadAction","target":["https:\/\/talkpal.ai\/et\/prantsuse-keele-grammatikaharjutused\/"]}]},{"@type":"ImageObject","inLanguage":"et","@id":"https:\/\/talkpal.ai\/et\/prantsuse-keele-grammatikaharjutused\/#primaryimage","url":"https:\/\/talkpal.ai\/wp-content\/uploads\/2023\/03\/france.png","contentUrl":"https:\/\/talkpal.ai\/wp-content\/uploads\/2023\/03\/france.png","width":512,"height":512,"caption":"TalkPal AI learn French"},{"@type":"BreadcrumbList","@id":"https:\/\/talkpal.ai\/et\/prantsuse-keele-grammatikaharjutused\/#breadcrumb","itemListElement":[{"@type":"ListItem","position":1,"name":"Homepage","item":"https:\/\/talkpal.ai\/et\/"},{"@type":"ListItem","position":2,"name":"Prantsuse keele grammatikaharjutused"}]},{"@type":"WebSite","@id":"https:\/\/talkpal.ai\/et\/#website","url":"https:\/\/talkpal.ai\/et\/","name":"Talkpal","description":"AI Language Learning","publisher":{"@id":"https:\/\/talkpal.ai\/et\/#organization"},"alternateName":"Talkpal AI","potentialAction":[{"@type":"SearchAction","target":{"@type":"EntryPoint","urlTemplate":"https:\/\/talkpal.ai\/et\/?s={search_term_string}"},"query-input":{"@type":"PropertyValueSpecification","valueRequired":true,"valueName":"search_term_string"}}],"inLanguage":"et"},{"@type":"Organization","@id":"https:\/\/talkpal.ai\/et\/#organization","name":"Talkpal, Inc.","alternateName":"Talkpal AI","url":"https:\/\/talkpal.ai\/et\/","logo":{"@type":"ImageObject","inLanguage":"et","@id":"https:\/\/talkpal.ai\/et\/#\/schema\/logo\/image\/","url":"https:\/\/talkpal.ai\/wp-content\/uploads\/2024\/03\/Talkpal-Logo-Icon.png","contentUrl":"https:\/\/talkpal.ai\/wp-content\/uploads\/2024\/03\/Talkpal-Logo-Icon.png","width":2880,"height":2880,"caption":"Talkpal, Inc."},"image":{"@id":"https:\/\/talkpal.ai\/et\/#\/schema\/logo\/image\/"},"sameAs":["https:\/\/www.facebook.com\/profile.php?id=100090733639311","https:\/\/x.com\/talkpalai","https:\/\/www.linkedin.com\/company\/talkpal\/","https:\/\/www.youtube.com\/@TalkPal\/","https:\/\/www.tiktok.com\/@talkpal","https:\/\/www.instagram.com\/talkpal_ai\/","https:\/\/www.crunchbase.com\/organization\/talkpal-9cde","https:\/\/www.g2.com\/products\/talkpal-for-business\/","https:\/\/www.trustpilot.com\/review\/talkpal.ai","https:\/\/www.capterra.com\/p\/10006800\/TalkPal\/"],"description":"Talkpal is a language learning web and mobile education app, powered by the latest AI technologies, that provides engaging experiences to its customers in many different languages to help them improve their language skills. Users can chat about unlimited amount of topics with the app and use other modes to practice their language learning.","email":"support@talkpal.ai","legalName":"Talkpal, Inc.","foundingDate":"2023-04-03","duns":"118989042","numberOfEmployees":{"@type":"QuantitativeValue","minValue":"11","maxValue":"50"},"publishingPrinciples":"https:\/\/talkpal.ai\/publishing-principles\/","actionableFeedbackPolicy":"https:\/\/talkpal.ai\/actionable-feedback-policy\/","correctionsPolicy":"https:\/\/talkpal.ai\/corrections-policy\/","ethicsPolicy":"https:\/\/talkpal.ai\/ethics-policy\/","diversityPolicy":"https:\/\/talkpal.ai\/diversity-policy\/","diversityStaffingReport":"https:\/\/talkpal.ai\/diversity-policy\/"}]}},"_links":{"self":[{"href":"https:\/\/talkpal.ai\/et\/wp-json\/wp\/v2\/pages\/131847","targetHints":{"allow":["GET"]}}],"collection":[{"href":"https:\/\/talkpal.ai\/et\/wp-json\/wp\/v2\/pages"}],"about":[{"href":"https:\/\/talkpal.ai\/et\/wp-json\/wp\/v2\/types\/page"}],"author":[{"embeddable":true,"href":"https:\/\/talkpal.ai\/et\/wp-json\/wp\/v2\/users\/6"}],"replies":[{"embeddable":true,"href":"https:\/\/talkpal.ai\/et\/wp-json\/wp\/v2\/comments?post=131847"}],"version-history":[{"count":0,"href":"https:\/\/talkpal.ai\/et\/wp-json\/wp\/v2\/pages\/131847\/revisions"}],"wp:featuredmedia":[{"embeddable":true,"href":"https:\/\/talkpal.ai\/et\/wp-json\/wp\/v2\/media\/75921"}],"wp:attachment":[{"href":"https:\/\/talkpal.ai\/et\/wp-json\/wp\/v2\/media?parent=131847"}],"curies":[{"name":"wp","href":"https:\/\/api.w.org\/{rel}","templated":true}]}}