{"id":131596,"date":"2023-06-15T07:00:21","date_gmt":"2023-06-15T07:00:21","guid":{"rendered":"http:\/\/talkpal.ai\/hispaania-keele-grammatika-harjutused\/"},"modified":"2025-12-17T16:37:46","modified_gmt":"2025-12-17T16:37:46","slug":"hispaania-keele-grammatika-harjutused","status":"publish","type":"page","link":"https:\/\/talkpal.ai\/et\/hispaania-keele-grammatika-harjutused\/","title":{"rendered":"Hispaania keele grammatika harjutused"},"content":{"rendered":"\r\n\r\n\r\n<section class=\"languageChallengeSection\">\r\n    <div class=\"languageInfoWrapper\">\r\n        \r\n        <h1>Hispaania keele grammatika harjutused<\/h1>\r\n        <p>Kas olete valmis oma hispaania keelt parandama? Grammatikaharjutused on suurep\u00e4rane viis omandada lauseehitust, verbide liits\u00f5nu ja <a href=\"https:\/\/talkpal.ai\/et\/hispaania-keele-oppetunnid\/\">hispaania keele<\/a> ainulaadseid mustreid. Alusta t\u00f6\u00f6d hispaania keele grammatikaga juba t\u00e4na ja n\u00e4ed, kuidas sinu enesekindlus ja keeleoskus kasvab <a href=\"https:\/\/talkpal.ai\/locations\/language-courses-in-iga\/\">iga<\/a> harjutusega!\n\n<\/p>\r\n\r\n                            <a class=\"getStartedHidden\" href=\"https:\/\/app.talkpal.ai\/et\/signup?lng=\">Alusta<\/a>\r\n        \r\n    <\/div>\r\n\r\n    <figure>\r\n    <img decoding=\"async\" width=\"768\" height=\"768\" src=\"https:\/\/talkpal.ai\/wp-content\/uploads\/2023\/06\/Spanish-768x768.png\" class=\"languageImage no-lazy\" alt=\"Practical application of language learning\" fetchpriority=\"high\" sizes=\"(max-width: 768px) 150px, 768px\" srcset=\"https:\/\/talkpal.ai\/wp-content\/uploads\/2023\/06\/Spanish-768x768.png 768w, https:\/\/talkpal.ai\/wp-content\/uploads\/2023\/06\/Spanish-300x300.png 300w\" \/>\r\n    \r\n\r\n    <\/figure>\r\n\r\n            <a class=\"getStartedVisible\" href=\"https:\/\/app.talkpal.ai\/et\/signup?lng=\">Alusta<\/a>\r\n    \r\n<\/section>\r\n\r\n\r\n<!-- <section class=\"grammarSection\">\r\n    <div class=\"grammarLinks\">\r\n        <a href=\"https:\/\/talkpal.ai\/et\/exercise_language\/ajavormid-sidesonad-hispaania-keele-grammatika\/\">Ajavormid Sides\u00f5nad <\/a><a href=\"https:\/\/talkpal.ai\/et\/exercise_language\/ajavormide-vordlus-hispaania-keele-grammatika\/\">Ajavormide v\u00f5rdlus \u2013 hispaania keele grammatika<\/a><a href=\"https:\/\/talkpal.ai\/et\/exercise_language\/artiklid-hispaania-keele-grammatika\/\">Artiklid <\/a><a href=\"https:\/\/talkpal.ai\/et\/exercise_language\/asesonad-hispaania-keele-grammatika\/\">Ases\u00f5nad <\/a><a href=\"https:\/\/talkpal.ai\/et\/exercise_language\/eessonad-hispaania-keele-grammatika\/\">Eess\u00f5nad <\/a><a href=\"https:\/\/talkpal.ai\/et\/exercise_language\/indikatiivsed-ajavormid-hispaania-keele-grammatika\/\">Indikatiivsed ajavormid <\/a><a href=\"https:\/\/talkpal.ai\/et\/exercise_language\/lauseehitus-hispaania-keele-grammatika\/\">Lauseehitus <\/a><a href=\"https:\/\/talkpal.ai\/et\/exercise_language\/maarsonad-hispaania-keele-grammatika\/\">M\u00e4\u00e4rs\u00f5nad <\/a><a href=\"https:\/\/talkpal.ai\/et\/exercise_language\/nimisonad-hispaania-keele-grammatika\/\">Nimis\u00f5nad <\/a><a href=\"https:\/\/talkpal.ai\/et\/exercise_language\/omadussonad-hispaania-keele-grammatika\/\">Omaduss\u00f5nad <\/a><a href=\"https:\/\/talkpal.ai\/et\/exercise_language\/tegusonad-hispaania-keele-grammatika\/\">Tegus\u00f5nad <\/a>    <\/div>\r\n<\/section> -->\r\n\r\n\r\n\r\n\r\n        <section class=\"grammarSection\">\r\n            <div class=\"grammarLinks\">\r\n                <a href=\"https:\/\/talkpal.ai\/et\/exercise_language\/ajavormid-sidesonad-hispaania-keele-grammatika\/\">Ajavormid Sides\u00f5nad <\/a><a href=\"https:\/\/talkpal.ai\/et\/exercise_language\/ajavormide-vordlus-hispaania-keele-grammatika\/\">Ajavormide v\u00f5rdlus \u2013 hispaania keele grammatika<\/a><a href=\"https:\/\/talkpal.ai\/et\/exercise_language\/artiklid-hispaania-keele-grammatika\/\">Artiklid <\/a><a href=\"https:\/\/talkpal.ai\/et\/exercise_language\/asesonad-hispaania-keele-grammatika\/\">Ases\u00f5nad <\/a><a href=\"https:\/\/talkpal.ai\/et\/exercise_language\/eessonad-hispaania-keele-grammatika\/\">Eess\u00f5nad <\/a><a href=\"https:\/\/talkpal.ai\/et\/exercise_language\/indikatiivsed-ajavormid-hispaania-keele-grammatika\/\">Indikatiivsed ajavormid <\/a><a href=\"https:\/\/talkpal.ai\/et\/exercise_language\/lauseehitus-hispaania-keele-grammatika\/\">Lauseehitus <\/a><a href=\"https:\/\/talkpal.ai\/et\/exercise_language\/maarsonad-hispaania-keele-grammatika\/\">M\u00e4\u00e4rs\u00f5nad <\/a><a href=\"https:\/\/talkpal.ai\/et\/exercise_language\/nimisonad-hispaania-keele-grammatika\/\">Nimis\u00f5nad <\/a><a href=\"https:\/\/talkpal.ai\/et\/exercise_language\/omadussonad-hispaania-keele-grammatika\/\">Omaduss\u00f5nad <\/a><a href=\"https:\/\/talkpal.ai\/et\/exercise_language\/tegusonad-hispaania-keele-grammatika\/\">Tegus\u00f5nad <\/a>            <\/div>\r\n        <\/section>\r\n<section class=\"promotionalBanner\">\r\n    <p class=\"promotionalText\">K\u00f5ige t\u00f5husam viis keele \u00f5ppimiseks<\/p>\r\n    <a class=\"promotionalLink\" href=\"https:\/\/app.talkpal.ai\/et\/signup?lng=\">Proovige Talkpal tasuta<\/a>\r\n<\/section>\n<div class=\"wp-block-group pageContainerStyle\"><div class=\"wp-block-group__inner-container is-layout-constrained wp-block-group-is-layout-constrained\">\n<h2 class=\"wp-block-heading\" id=\"h-spanish-grammar-topics\">Hispaania keele grammatika teemad<\/h2>\n\n\n\n<p>Uue keele <a href=\"https:\/\/talkpal.ai\/et\/oppimine\/\">\u00f5ppimine<\/a> v\u00f5ib olla p\u00f5nev ja rahuldust pakkuv ettev\u00f5tmine ning <a href=\"https:\/\/talkpal.ai\/et\/opi-hispaania-keelt\/\">hispaania keel<\/a> pole erand. Teise enim r\u00e4\u00e4gitud keelena maailmas v\u00f5ib see avada uusi v\u00f5imalusi reisimiseks, t\u00f6\u00f6tamiseks ja kultuurivahetuseks. Olenemata sellest, kas olete t\u00e4ielik algaja v\u00f5i soovite oma olemasolevaid oskusi parandada, on <a href=\"https:\/\/talkpal.ai\/et\/grammar\/esitlus-hispaania-keele-grammatikas\/\">hispaania keele grammatika<\/a> m\u00f5istmine ja valdamine h\u00e4davajalik. Alates ajavormidest ja tegus\u00f5nadest kuni lauseehituse ja eess\u00f5nadeni m\u00e4ngib iga keele aspekt olulist rolli teie v\u00f5imes t\u00f5husalt suhelda. Selles juhendis uurime olulisi <a href=\"https:\/\/talkpal.ai\/et\/grammar\/esitlus-hispaania-keele-grammatikas\/\">hispaania keele grammatika<\/a> teemasid, esitades need loogilises j\u00e4rjestuses, et aidata teil keelt h\u00f5lpsalt \u00f5ppida.<\/p>\n\n\n\n<h3 class=\"wp-block-heading\" id=\"h-1-nouns-and-articles\">1. Nimis\u00f5nad ja artiklid:<\/h3>\n\n\n\n<p>Alustuseks tutvuge hispaania nimis\u00f5nade ja nende sooga, samuti kindlate ja m\u00e4\u00e4ramata artiklitega. Need p\u00f5hilised ehitusplokid aitavad teil m\u00f5ista ja moodustada lihtsaid fraase ja lauseid.<\/p>\n\n\n\n<h3 class=\"wp-block-heading\" id=\"h-2-adjectives\">2. Omaduss\u00f5nad:<\/h3>\n\n\n\n<p>Omaduss\u00f5nad on nimis\u00f5nade kirjeldamiseks h\u00e4davajalikud ja hispaania keeles peavad nad soo ja numbriga kokku leppima muudetava nimis\u00f5naga. Omaduss\u00f5nade paigutuse ja kokkuleppe reeglite \u00f5ppimine suurendab oluliselt teie v\u00f5imet end hispaania keeles v\u00e4ljendada.<\/p>\n\n\n\n<h3 class=\"wp-block-heading\" id=\"h-3-pronouns\">3. Ases\u00f5nad:<\/h3>\n\n\n\n<p>Ases\u00f5nad asendavad nimis\u00f5nu ja on olulised vestluse sujuvamaks ja loomulikumaks muutmiseks. Keskenduge subjekti ases\u00f5nadele, otsestele ja kaudsetele objekti ases\u00f5nadele ning refleksiivsetele ases\u00f5nadele, tagades, et m\u00f5istate nende kasutamist ja paigutamist lausetesse.<\/p>\n\n\n\n<h3 class=\"wp-block-heading\" id=\"h-4-verbs\">4. Tegus\u00f5nad:<\/h3>\n\n\n\n<p>Verbid on mis tahes keele selgroog ja hispaania keel ei erine. Alustage k\u00f5ige tavalisemate regulaarsete ja ebaregulaarsete tegus\u00f5nade \u00f5ppimisega, samuti nende konjugatsioonidega praeguses pingelises soovituslikus meeleolus.<\/p>\n\n\n\n<h3 class=\"wp-block-heading\" id=\"h-5-tenses-indicative\">5. Ajad soovituslikud:<\/h3>\n\n\n\n<p>Kui olete aru saanud verbi konjugatsiooni alusest, laiendage oma teadmisi, et lisada muid soovituslikke ajavorme, nagu preteriit, ebat\u00e4iuslik, tulevik ja tingimuslikud ajavormid. See v\u00f5imaldab teil v\u00e4ljendada tegevusi ja s\u00fcndmusi erinevates ajavahemikes.<\/p>\n\n\n\n<h3 class=\"wp-block-heading\" id=\"h-6-adverbs\">6. M\u00e4\u00e4rs\u00f5nad:<\/h3>\n\n\n\n<p>Adverbid annavad lisateavet tegus\u00f5nade, omaduss\u00f5nade v\u00f5i muude m\u00e4\u00e4rs\u00f5nade kohta. \u00d5ppige erinevaid adverbide t\u00fc\u00fcpe ja nende paigutamist lausetesse, et lisada oma k\u00f5nele rohkem \u00fcksikasju ja n\u00fcansse.<\/p>\n\n\n\n<h3 class=\"wp-block-heading\" id=\"h-7-prepositions\">7. Eess\u00f5nad:<\/h3>\n\n\n\n<p>Eess\u00f5nad on olulised s\u00f5nadevaheliste suhete, n\u00e4iteks asukoha, suuna v\u00f5i aja v\u00e4ljendamiseks. Tutvuge k\u00f5ige tavalisemate Hispaania eess\u00f5nadega ja nende kasutamisega erinevates kontekstides.<\/p>\n\n\n\n<h3 class=\"wp-block-heading\" id=\"h-8-tenses-subjunctive\">8. Ajad Subjunktiivid:<\/h3>\n\n\n\n<p>Subjunktiivset meeleolu kasutatakse kahtluse, ebakindluse v\u00f5i h\u00fcpoteetiliste olukordade v\u00e4ljendamiseks. Uurige regulaarsete ja ebaregulaarsete verbide konjugatsioonireegleid praegustes, varasemates ja tulevastes subjunktiivsetes ajastutes, et laiendada oma v\u00e4ljendusv\u00f5imet.<\/p>\n\n\n\n<h3 class=\"wp-block-heading\" id=\"h-9-tense-comparison\">9. Pingeline v\u00f5rdlus:<\/h3>\n\n\n\n<p>Erinevate ajastuste ja meeleolude vaheliste n\u00fcansside m\u00f5istmine aitab teil valida sobiva vormi oma kavandatud t\u00e4henduse edastamiseks. Harjutage indikatiivsete ja subjunktiivsete ajaj\u00e4rkude, samuti erinevate minevikuaegade v\u00f5rdlemist ja vastandamist, et keelt paremini valdada.<\/p>\n\n\n\n<h3 class=\"wp-block-heading\" id=\"h-10-sentence-structure\">10. Lause struktuur:<\/h3>\n\n\n\n<p>L\u00f5puks uurige erinevaid lausestruktuure, sealhulgas lihtsaid, liit- ja keerukaid lauseid. Siit saate teada, kuidas kasutada koordineerivaid ja alluvaid konjunktsioone, et luua keerukamaid ideid ja arendada oma v\u00f5imet t\u00f5husalt hispaania keeles suhelda.<\/p>\n<\/div><\/div>\n\r\n<section class=\"learnNavigationSection\">\r\n            \r\n        <a href=\"https:\/\/talkpal.ai\/et\/opi-hispaania-keelt\/\">\r\n            <div class=\"learnNavigationWrapper\">\r\n                <div class=\"learnNavigationContent\">\r\n                    <img decoding=\"async\" src=\"https:\/\/talkpal.ai\/wp-content\/uploads\/2024\/08\/Spanish.jpg\" alt=\"Spanish Flag\">\r\n                    <div>\r\n                        <h4>Hispaania keele \u00f5ppimise kohta<\/h4>\r\n                        <p>Uuri k\u00f5ike hispaania keele grammatika kohta.<\/p>\r\n                    <\/div>\r\n                <\/div>\r\n            <\/div>\r\n        <\/a>\r\n\r\n        \r\n        <a href=\"https:\/\/talkpal.ai\/et\/hispaania-keele-grammatika\/\">\r\n            <div class=\"learnNavigationWrapper\">\r\n                <div class=\"learnNavigationContent\">\r\n                    <img decoding=\"async\" src=\"https:\/\/talkpal.ai\/wp-content\/uploads\/2024\/08\/Spanish.jpg\" alt=\"Spanish Flag\">\r\n                    <div>\r\n                        <h4>Hispaania keele grammatika \u00f5ppetunnid<\/h4>\r\n                        <p>Harjutage hispaania keele grammatikat.<\/p>\r\n                    <\/div>\r\n                <\/div>\r\n            <\/div>\r\n        <\/a>\r\n\r\n        \r\n        <a href=\"https:\/\/talkpal.ai\/vocabulary_language\/spanish\/\">\r\n            <div class=\"learnNavigationWrapper\">\r\n                <div class=\"learnNavigationContent\">\r\n                    <img decoding=\"async\" src=\"https:\/\/talkpal.ai\/wp-content\/uploads\/2024\/08\/Spanish.jpg\" alt=\"Spanish Flag\">\r\n                    <div>\r\n                        <h4>Hispaania keele s\u00f5navara<\/h4>\r\n                        <p>Laiendage oma hispaania keele s\u00f5navara.<\/p>\r\n                    <\/div>\r\n                <\/div>\r\n            <\/div>\r\n        <\/a>\r\n\r\n            <\/section>","protected":false},"excerpt":{"rendered":"<p>Hispaania keele grammatika teemad Uue keele \u00f5ppimine v\u00f5ib olla p\u00f5nev ja rahuldust pakkuv ettev\u00f5tmine ning hispaania keel pole erand. Teise enim r\u00e4\u00e4gitud keelena maailmas v\u00f5ib see avada uusi v\u00f5imalusi reisimiseks, t\u00f6\u00f6tamiseks ja kultuurivahetuseks. Olenemata sellest, kas olete t\u00e4ielik algaja v\u00f5i soovite oma olemasolevaid oskusi parandada, on hispaania keele grammatika m\u00f5istmine ja valdamine h\u00e4davajalik. Alates ajavormidest [&hellip;]<\/p>\n","protected":false},"author":1,"featured_media":75382,"parent":0,"menu_order":0,"comment_status":"closed","ping_status":"closed","template":"LearningContentPage.php","meta":{"_acf_changed":false,"footnotes":""},"class_list":["post-131596","page","type-page","status-publish","has-post-thumbnail","hentry"],"acf":[],"yoast_head":"<!-- This site is optimized with the Yoast SEO Premium plugin v27.2 (Yoast SEO v27.2) - https:\/\/yoast.com\/product\/yoast-seo-premium-wordpress\/ -->\n<title>Hispaania keele grammatika harjutused - Talkpal<\/title>\n<meta name=\"description\" content=\"Parandage oma hispaania keele grammatikat interaktiivsete harjutuste abil, mis on m\u00f5eldud k\u00f5ikidele tasemetele. Harjuta verbe, lauseehitust, s\u00f5navara ja muud!\" \/>\n<meta name=\"robots\" content=\"index, follow, max-snippet:-1, max-image-preview:large, max-video-preview:-1\" \/>\n<link rel=\"canonical\" href=\"https:\/\/talkpal.ai\/et\/hispaania-keele-grammatika-harjutused\/\" \/>\n<meta property=\"og:locale\" content=\"et_EE\" \/>\n<meta property=\"og:type\" content=\"article\" \/>\n<meta property=\"og:title\" content=\"Hispaania keele grammatika harjutused\" \/>\n<meta property=\"og:description\" content=\"Hispaania keele grammatika teemad Uue keele \u00f5ppimine v\u00f5ib olla p\u00f5nev ja rahuldust pakkuv ettev\u00f5tmine ning hispaania keel pole erand. Teise enim r\u00e4\u00e4gitud\" \/>\n<meta property=\"og:url\" content=\"https:\/\/talkpal.ai\/et\/hispaania-keele-grammatika-harjutused\/\" \/>\n<meta property=\"og:site_name\" content=\"Talkpal\" \/>\n<meta property=\"article:publisher\" content=\"https:\/\/www.facebook.com\/profile.php?id=100090733639311\" \/>\n<meta property=\"article:modified_time\" content=\"2025-12-17T16:37:46+00:00\" \/>\n<meta property=\"og:image\" content=\"https:\/\/talkpal.ai\/wp-content\/uploads\/2023\/03\/spain.png\" \/>\n\t<meta property=\"og:image:width\" content=\"512\" \/>\n\t<meta property=\"og:image:height\" content=\"512\" \/>\n\t<meta property=\"og:image:type\" content=\"image\/png\" \/>\n<meta name=\"twitter:card\" content=\"summary_large_image\" \/>\n<meta name=\"twitter:site\" content=\"@talkpalai\" \/>\n<meta name=\"twitter:label1\" content=\"Est. reading time\" \/>\n\t<meta name=\"twitter:data1\" content=\"2 minutit\" \/>\n<script type=\"application\/ld+json\" class=\"yoast-schema-graph\">{\"@context\":\"https:\/\/schema.org\",\"@graph\":[{\"@type\":\"WebPage\",\"@id\":\"https:\/\/talkpal.ai\/et\/hispaania-keele-grammatika-harjutused\/\",\"url\":\"https:\/\/talkpal.ai\/et\/hispaania-keele-grammatika-harjutused\/\",\"name\":\"Hispaania keele grammatika harjutused - Talkpal\",\"isPartOf\":{\"@id\":\"https:\/\/talkpal.ai\/et\/#website\"},\"primaryImageOfPage\":{\"@id\":\"https:\/\/talkpal.ai\/et\/hispaania-keele-grammatika-harjutused\/#primaryimage\"},\"image\":{\"@id\":\"https:\/\/talkpal.ai\/et\/hispaania-keele-grammatika-harjutused\/#primaryimage\"},\"thumbnailUrl\":\"https:\/\/talkpal.ai\/wp-content\/uploads\/2023\/03\/spain.png\",\"datePublished\":\"2023-06-15T07:00:21+00:00\",\"dateModified\":\"2025-12-17T16:37:46+00:00\",\"description\":\"Parandage oma hispaania keele grammatikat interaktiivsete harjutuste abil, mis on m\u00f5eldud k\u00f5ikidele tasemetele. Harjuta verbe, lauseehitust, s\u00f5navara ja muud!\",\"breadcrumb\":{\"@id\":\"https:\/\/talkpal.ai\/et\/hispaania-keele-grammatika-harjutused\/#breadcrumb\"},\"inLanguage\":\"et\",\"potentialAction\":[{\"@type\":\"ReadAction\",\"target\":[\"https:\/\/talkpal.ai\/et\/hispaania-keele-grammatika-harjutused\/\"]}]},{\"@type\":\"ImageObject\",\"inLanguage\":\"et\",\"@id\":\"https:\/\/talkpal.ai\/et\/hispaania-keele-grammatika-harjutused\/#primaryimage\",\"url\":\"https:\/\/talkpal.ai\/wp-content\/uploads\/2023\/03\/spain.png\",\"contentUrl\":\"https:\/\/talkpal.ai\/wp-content\/uploads\/2023\/03\/spain.png\",\"width\":512,\"height\":512,\"caption\":\"TalkPal AI learn Spanish\"},{\"@type\":\"BreadcrumbList\",\"@id\":\"https:\/\/talkpal.ai\/et\/hispaania-keele-grammatika-harjutused\/#breadcrumb\",\"itemListElement\":[{\"@type\":\"ListItem\",\"position\":1,\"name\":\"Homepage\",\"item\":\"https:\/\/talkpal.ai\/et\/\"},{\"@type\":\"ListItem\",\"position\":2,\"name\":\"Hispaania keele grammatika harjutused\"}]},{\"@type\":\"WebSite\",\"@id\":\"https:\/\/talkpal.ai\/et\/#website\",\"url\":\"https:\/\/talkpal.ai\/et\/\",\"name\":\"Talkpal\",\"description\":\"AI Language Learning\",\"publisher\":{\"@id\":\"https:\/\/talkpal.ai\/et\/#organization\"},\"alternateName\":\"Talkpal AI\",\"potentialAction\":[{\"@type\":\"SearchAction\",\"target\":{\"@type\":\"EntryPoint\",\"urlTemplate\":\"https:\/\/talkpal.ai\/et\/?s={search_term_string}\"},\"query-input\":{\"@type\":\"PropertyValueSpecification\",\"valueRequired\":true,\"valueName\":\"search_term_string\"}}],\"inLanguage\":\"et\"},{\"@type\":\"Organization\",\"@id\":\"https:\/\/talkpal.ai\/et\/#organization\",\"name\":\"Talkpal, Inc.\",\"alternateName\":\"Talkpal AI\",\"url\":\"https:\/\/talkpal.ai\/et\/\",\"logo\":{\"@type\":\"ImageObject\",\"inLanguage\":\"et\",\"@id\":\"https:\/\/talkpal.ai\/et\/#\/schema\/logo\/image\/\",\"url\":\"https:\/\/talkpal.ai\/wp-content\/uploads\/2024\/03\/Talkpal-Logo-Icon.png\",\"contentUrl\":\"https:\/\/talkpal.ai\/wp-content\/uploads\/2024\/03\/Talkpal-Logo-Icon.png\",\"width\":2880,\"height\":2880,\"caption\":\"Talkpal, Inc.\"},\"image\":{\"@id\":\"https:\/\/talkpal.ai\/et\/#\/schema\/logo\/image\/\"},\"sameAs\":[\"https:\/\/www.facebook.com\/profile.php?id=100090733639311\",\"https:\/\/x.com\/talkpalai\",\"https:\/\/www.linkedin.com\/company\/talkpal\/\",\"https:\/\/www.youtube.com\/@TalkPal\/\",\"https:\/\/www.tiktok.com\/@talkpal\",\"https:\/\/www.instagram.com\/talkpal_ai\/\",\"https:\/\/www.crunchbase.com\/organization\/talkpal-9cde\",\"https:\/\/www.g2.com\/products\/talkpal-for-business\/\",\"https:\/\/www.trustpilot.com\/review\/talkpal.ai\",\"https:\/\/www.capterra.com\/p\/10006800\/TalkPal\/\"],\"description\":\"Talkpal is a language learning web and mobile education app, powered by the latest AI technologies, that provides engaging experiences to its customers in many different languages to help them improve their language skills. Users can chat about unlimited amount of topics with the app and use other modes to practice their language learning.\",\"email\":\"support@talkpal.ai\",\"legalName\":\"Talkpal, Inc.\",\"foundingDate\":\"2023-04-03\",\"duns\":\"118989042\",\"numberOfEmployees\":{\"@type\":\"QuantitativeValue\",\"minValue\":\"11\",\"maxValue\":\"50\"},\"publishingPrinciples\":\"https:\/\/talkpal.ai\/publishing-principles\/\",\"actionableFeedbackPolicy\":\"https:\/\/talkpal.ai\/actionable-feedback-policy\/\",\"correctionsPolicy\":\"https:\/\/talkpal.ai\/corrections-policy\/\",\"ethicsPolicy\":\"https:\/\/talkpal.ai\/ethics-policy\/\",\"diversityPolicy\":\"https:\/\/talkpal.ai\/diversity-policy\/\",\"diversityStaffingReport\":\"https:\/\/talkpal.ai\/diversity-policy\/\"}]}<\/script>\n<!-- \/ Yoast SEO Premium plugin. -->","yoast_head_json":{"title":"Hispaania keele grammatika harjutused - Talkpal","description":"Parandage oma hispaania keele grammatikat interaktiivsete harjutuste abil, mis on m\u00f5eldud k\u00f5ikidele tasemetele. Harjuta verbe, lauseehitust, s\u00f5navara ja muud!","robots":{"index":"index","follow":"follow","max-snippet":"max-snippet:-1","max-image-preview":"max-image-preview:large","max-video-preview":"max-video-preview:-1"},"canonical":"https:\/\/talkpal.ai\/et\/hispaania-keele-grammatika-harjutused\/","og_locale":"et_EE","og_type":"article","og_title":"Hispaania keele grammatika harjutused","og_description":"Hispaania keele grammatika teemad Uue keele \u00f5ppimine v\u00f5ib olla p\u00f5nev ja rahuldust pakkuv ettev\u00f5tmine ning hispaania keel pole erand. Teise enim r\u00e4\u00e4gitud","og_url":"https:\/\/talkpal.ai\/et\/hispaania-keele-grammatika-harjutused\/","og_site_name":"Talkpal","article_publisher":"https:\/\/www.facebook.com\/profile.php?id=100090733639311","article_modified_time":"2025-12-17T16:37:46+00:00","og_image":[{"width":512,"height":512,"url":"https:\/\/talkpal.ai\/wp-content\/uploads\/2023\/03\/spain.png","type":"image\/png"}],"twitter_card":"summary_large_image","twitter_site":"@talkpalai","twitter_misc":{"Est. reading time":"2 minutit"},"schema":{"@context":"https:\/\/schema.org","@graph":[{"@type":"WebPage","@id":"https:\/\/talkpal.ai\/et\/hispaania-keele-grammatika-harjutused\/","url":"https:\/\/talkpal.ai\/et\/hispaania-keele-grammatika-harjutused\/","name":"Hispaania keele grammatika harjutused - Talkpal","isPartOf":{"@id":"https:\/\/talkpal.ai\/et\/#website"},"primaryImageOfPage":{"@id":"https:\/\/talkpal.ai\/et\/hispaania-keele-grammatika-harjutused\/#primaryimage"},"image":{"@id":"https:\/\/talkpal.ai\/et\/hispaania-keele-grammatika-harjutused\/#primaryimage"},"thumbnailUrl":"https:\/\/talkpal.ai\/wp-content\/uploads\/2023\/03\/spain.png","datePublished":"2023-06-15T07:00:21+00:00","dateModified":"2025-12-17T16:37:46+00:00","description":"Parandage oma hispaania keele grammatikat interaktiivsete harjutuste abil, mis on m\u00f5eldud k\u00f5ikidele tasemetele. Harjuta verbe, lauseehitust, s\u00f5navara ja muud!","breadcrumb":{"@id":"https:\/\/talkpal.ai\/et\/hispaania-keele-grammatika-harjutused\/#breadcrumb"},"inLanguage":"et","potentialAction":[{"@type":"ReadAction","target":["https:\/\/talkpal.ai\/et\/hispaania-keele-grammatika-harjutused\/"]}]},{"@type":"ImageObject","inLanguage":"et","@id":"https:\/\/talkpal.ai\/et\/hispaania-keele-grammatika-harjutused\/#primaryimage","url":"https:\/\/talkpal.ai\/wp-content\/uploads\/2023\/03\/spain.png","contentUrl":"https:\/\/talkpal.ai\/wp-content\/uploads\/2023\/03\/spain.png","width":512,"height":512,"caption":"TalkPal AI learn Spanish"},{"@type":"BreadcrumbList","@id":"https:\/\/talkpal.ai\/et\/hispaania-keele-grammatika-harjutused\/#breadcrumb","itemListElement":[{"@type":"ListItem","position":1,"name":"Homepage","item":"https:\/\/talkpal.ai\/et\/"},{"@type":"ListItem","position":2,"name":"Hispaania keele grammatika harjutused"}]},{"@type":"WebSite","@id":"https:\/\/talkpal.ai\/et\/#website","url":"https:\/\/talkpal.ai\/et\/","name":"Talkpal","description":"AI Language Learning","publisher":{"@id":"https:\/\/talkpal.ai\/et\/#organization"},"alternateName":"Talkpal AI","potentialAction":[{"@type":"SearchAction","target":{"@type":"EntryPoint","urlTemplate":"https:\/\/talkpal.ai\/et\/?s={search_term_string}"},"query-input":{"@type":"PropertyValueSpecification","valueRequired":true,"valueName":"search_term_string"}}],"inLanguage":"et"},{"@type":"Organization","@id":"https:\/\/talkpal.ai\/et\/#organization","name":"Talkpal, Inc.","alternateName":"Talkpal AI","url":"https:\/\/talkpal.ai\/et\/","logo":{"@type":"ImageObject","inLanguage":"et","@id":"https:\/\/talkpal.ai\/et\/#\/schema\/logo\/image\/","url":"https:\/\/talkpal.ai\/wp-content\/uploads\/2024\/03\/Talkpal-Logo-Icon.png","contentUrl":"https:\/\/talkpal.ai\/wp-content\/uploads\/2024\/03\/Talkpal-Logo-Icon.png","width":2880,"height":2880,"caption":"Talkpal, Inc."},"image":{"@id":"https:\/\/talkpal.ai\/et\/#\/schema\/logo\/image\/"},"sameAs":["https:\/\/www.facebook.com\/profile.php?id=100090733639311","https:\/\/x.com\/talkpalai","https:\/\/www.linkedin.com\/company\/talkpal\/","https:\/\/www.youtube.com\/@TalkPal\/","https:\/\/www.tiktok.com\/@talkpal","https:\/\/www.instagram.com\/talkpal_ai\/","https:\/\/www.crunchbase.com\/organization\/talkpal-9cde","https:\/\/www.g2.com\/products\/talkpal-for-business\/","https:\/\/www.trustpilot.com\/review\/talkpal.ai","https:\/\/www.capterra.com\/p\/10006800\/TalkPal\/"],"description":"Talkpal is a language learning web and mobile education app, powered by the latest AI technologies, that provides engaging experiences to its customers in many different languages to help them improve their language skills. Users can chat about unlimited amount of topics with the app and use other modes to practice their language learning.","email":"support@talkpal.ai","legalName":"Talkpal, Inc.","foundingDate":"2023-04-03","duns":"118989042","numberOfEmployees":{"@type":"QuantitativeValue","minValue":"11","maxValue":"50"},"publishingPrinciples":"https:\/\/talkpal.ai\/publishing-principles\/","actionableFeedbackPolicy":"https:\/\/talkpal.ai\/actionable-feedback-policy\/","correctionsPolicy":"https:\/\/talkpal.ai\/corrections-policy\/","ethicsPolicy":"https:\/\/talkpal.ai\/ethics-policy\/","diversityPolicy":"https:\/\/talkpal.ai\/diversity-policy\/","diversityStaffingReport":"https:\/\/talkpal.ai\/diversity-policy\/"}]}},"_links":{"self":[{"href":"https:\/\/talkpal.ai\/et\/wp-json\/wp\/v2\/pages\/131596","targetHints":{"allow":["GET"]}}],"collection":[{"href":"https:\/\/talkpal.ai\/et\/wp-json\/wp\/v2\/pages"}],"about":[{"href":"https:\/\/talkpal.ai\/et\/wp-json\/wp\/v2\/types\/page"}],"author":[{"embeddable":true,"href":"https:\/\/talkpal.ai\/et\/wp-json\/wp\/v2\/users\/1"}],"replies":[{"embeddable":true,"href":"https:\/\/talkpal.ai\/et\/wp-json\/wp\/v2\/comments?post=131596"}],"version-history":[{"count":0,"href":"https:\/\/talkpal.ai\/et\/wp-json\/wp\/v2\/pages\/131596\/revisions"}],"wp:featuredmedia":[{"embeddable":true,"href":"https:\/\/talkpal.ai\/et\/wp-json\/wp\/v2\/media\/75382"}],"wp:attachment":[{"href":"https:\/\/talkpal.ai\/et\/wp-json\/wp\/v2\/media?parent=131596"}],"curies":[{"name":"wp","href":"https:\/\/api.w.org\/{rel}","templated":true}]}}