{"id":131067,"date":"2023-05-14T13:53:24","date_gmt":"2023-05-14T13:53:24","guid":{"rendered":"http:\/\/talkpal.ai\/ukraina-keele-grammatika\/"},"modified":"2025-12-11T16:37:34","modified_gmt":"2025-12-11T16:37:34","slug":"ukraina-keele-grammatika","status":"publish","type":"page","link":"https:\/\/talkpal.ai\/et\/ukraina-keele-grammatika\/","title":{"rendered":"Ukraina keele grammatika"},"content":{"rendered":"\r\n\r\n\r\n<section class=\"languageChallengeSection\">\r\n    <div class=\"languageInfoWrapper\">\r\n        \r\n        <h1>Ukraina keele grammatika<\/h1>\r\n        <p>Avastage <a href=\"https:\/\/talkpal.ai\/learn-ukrainian\/\">ukraina<\/a> keele struktuuri, \u00f5ppides selle p\u00f5hilisi grammatikareegleid. Ukraina keele <a href=\"https:\/\/talkpal.ai\/greek-grammar\/\">grammatika<\/a> valdamine aitab teil enesekindlalt suhelda ja luua s\u00fcgavamaid sidemeid ukraina kultuuri ja p\u00e4randiga. Alustage oma ukraina keele grammatika teekonda juba t\u00e4na ja astuge esimene samm sujuva keeleoskuse suunas!<\/p>\r\n\r\n                            <a class=\"getStartedHidden\" href=\"https:\/\/app.talkpal.ai\/et\/signup?lng=\">Alusta<\/a>\r\n        \r\n    <\/div>\r\n\r\n    <figure>\r\n    <img decoding=\"async\" width=\"768\" height=\"768\" src=\"https:\/\/talkpal.ai\/wp-content\/uploads\/2023\/06\/Ukrainian-768x768.png\" class=\"languageImage no-lazy\" alt=\"Language learning - Your doorway to the world\" fetchpriority=\"high\" sizes=\"(max-width: 768px) 150px, 768px\" srcset=\"https:\/\/talkpal.ai\/wp-content\/uploads\/2023\/06\/Ukrainian-768x768.png 768w, https:\/\/talkpal.ai\/wp-content\/uploads\/2023\/06\/Ukrainian-300x300.png 300w\" \/>\r\n    \r\n\r\n    <\/figure>\r\n\r\n            <a class=\"getStartedVisible\" href=\"https:\/\/app.talkpal.ai\/et\/signup?lng=\">Alusta<\/a>\r\n    \r\n<\/section>\r\n<section class=\"promotionalBanner\">\r\n    <p class=\"promotionalText\">K\u00f5ige t\u00f5husam viis keele \u00f5ppimiseks<\/p>\r\n    <a class=\"promotionalLink\" href=\"https:\/\/app.talkpal.ai\/et\/signup?lng=\">Proovige Talkpal tasuta<\/a>\r\n<\/section>\n<div class=\"wp-block-group pageContainerStyle\"><div class=\"wp-block-group__inner-container is-layout-constrained wp-block-group-is-layout-constrained\">\n<h2 class=\"wp-block-heading\" id=\"h-a-comprehensive-guide-to-mastering-ukrainian-grammar\">P\u00f5hjalik juhend ukraina grammatika valdamiseks<\/h2>\n\n\n\n<p>Ukraina keel, ilus ja meloodiline keel, on p\u00e4lvinud keelehuviliste kasvavat huvi kogu maailmas. Ukraina keele <a href=\"https:\/\/talkpal.ai\/et\/oppimine\/\">\u00f5ppimine<\/a> annab teile juurdep\u00e4\u00e4su rikkalikule kultuurip\u00e4randile ja v\u00f5imaldab teil suhelda miljonite inimestega Ukrainas ja naaberriikides. Kuigi ukraina grammatikasse sukeldumine v\u00f5ib alguses tunduda hirmutav, v\u00f5imaldab selles tugev alus uurida keele n\u00fcansse ja hinnata t\u00e4ielikult selle ilu. See artikkel juhendab teid samm-sammult l\u00e4bi <a href=\"https:\/\/talkpal.ai\/mt\/grammatika-ukraina\/\">ukraina grammatika<\/a> p\u00f5hit\u00f5ed, <a href=\"https:\/\/talkpal.ai\/locations\/language-courses-in-andes\/\">andes<\/a> teile v\u00f5imaluse enesekindlalt alustada oma keeleteekonda.<\/p>\n\n\n\n<h3 class=\"wp-block-heading\" id=\"h-1-mastering-ukrainian-nouns-and-cases\">1. Ukraina nimis\u00f5nade ja juhtumite omandamine<\/h3>\n\n\n\n<p>Ukraina grammatika keskne tunnus on selle juhtumis\u00fcsteem. Nimis\u00f5nade kasutamisel peate teadma nende sugu (mehelik, naiselik v\u00f5i neuter) ja olema teadlik kontekstist, mis v\u00f5ib n\u00f5uda nende l\u00f5ppude muutmist. Ukraina keeles on seitse juhtumit:<\/p>\n\n\n\n<p>&#8211; Nominatiiv: lause subjekt<\/p>\n\n\n\n<p>&#8211; Genitiiv: t\u00e4histab valdust, kvantiteeti ja eitust.<\/p>\n\n\n\n<p>&#8211; Datiiv: kaudne objekt v\u00f5i liikumine eesm\u00e4rgi suunas<\/p>\n\n\n\n<p>&#8211; Akusatiiv: otsene objekt v\u00f5i millegi vastu suunatud liikumine<\/p>\n\n\n\n<p>&#8211; Instrumentaalne: t\u00e4histab tegevuse vahendit v\u00f5i vahendit.<\/p>\n\n\n\n<p>&#8211; Locative: n\u00e4itab asukohta<\/p>\n\n\n\n<p>&#8211; Vokaat: kasutatakse kellegi <a href=\"https:\/\/talkpal.ai\/locations\/learn-english-in-poole\/\">poole<\/a> p\u00f6\u00f6rdumiseks v\u00f5i kutsumiseks.<\/p>\n\n\n\n<p>Peate p\u00f6\u00f6rama t\u00e4helepanu nimis\u00f5na l\u00f5ppudele ja deklinatsioonidele, sest need muutuvad vastavalt kasutatud k\u00e4\u00e4ndele ning nimis\u00f5na soole ja arvule.<\/p>\n\n\n\n<h3 class=\"wp-block-heading\" id=\"h-2-navigating-the-ukrainian-verb-system\">2. Ukraina verbis\u00fcsteemis navigeerimine<\/h3>\n\n\n\n<p>Ukraina verbid on konjugeeritud isiku, arvu, pinge, meeleolu ja h\u00e4\u00e4le alusel. Ukraina keeles on tegus\u00f5nadel neli aspekti \u2013 t\u00e4iuslik, ebat\u00e4iuslik, iteratiivne ja algup\u00e4rane:<\/p>\n\n\n\n<p>&#8211; Perfektiiv: t\u00e4histab l\u00f5petatud tegevust<\/p>\n\n\n\n<p>&#8211; Imperfektiiv: kirjeldab j\u00e4tkuvaid, harjumusp\u00e4raseid v\u00f5i korduvaid tegevusi.<\/p>\n\n\n\n<p>&#8211; Iteratiivne: edastab tegevusi, mis korduvad kindlaksm\u00e4\u00e4ratud ajavahemiku jooksul.<\/p>\n\n\n\n<p>&#8211; Sissejuhatav: n\u00e4itab tegevuse algust.<\/p>\n\n\n\n<p>Ukraina verbis\u00fcsteemis navigeerimiseks peaksite tutvuma kolme p\u00f5hilise verbi konjugatsiooniga. Konjugatsiooniprotsess h\u00f5lmab verbi juure l\u00f5ppude muutmist vastavalt pingele, meeleolule ja subjektile.<\/p>\n\n\n\n<h3 class=\"wp-block-heading\" id=\"h-3-perfecting-ukrainian-adjectives-and-pronouns\">3. Ukraina omaduss\u00f5nade ja ases\u00f5nade t\u00e4iustamine<\/h3>\n\n\n\n<p>Omaduss\u00f5nad ukraina keeles peavad n\u00f5ustuma nimis\u00f5naga, mida nad kirjeldavad, soo, arvu ja juhtumi osas. See t\u00e4hendab, et omaduss\u00f5na kasutamisel peate olema t\u00e4helepanelik selle l\u00f5ppude suhtes, kuna need muutuvad nimis\u00f5naga joondamiseks. Lisaks v\u00f5ivad omaduss\u00f5nad ukraina keeles olla kas pikad v\u00f5i l\u00fchikesed vormid, millest iga\u00fchel on oma kasutus s\u00f5ltuvalt kontekstist.<\/p>\n\n\n\n<p>Nimis\u00f5nade asemel kasutatakse ases\u00f5nu ja need peavad n\u00f5ustuma ka asendatava nimis\u00f5naga soo, arvu ja juhtumi osas. Isikupronoomid ukraina keeles on &#8220;\u044f&#8221; (mina), &#8220;\u0442\u0438&#8221; (sina, ainsuses), &#8220;\u0432\u0456\u043d\/\u0432\u043e\u043d\u0430\/\u0432\u043e\u043d\u043e&#8221; (ta\/seda\/see), &#8220;\u043c\u0438&#8221; (me), &#8220;\u0432\u0438&#8221; (te, mitmuses v\u00f5i formaalses) ja &#8220;\u0432\u043e\u043d\u0438&#8221; (nad). Ukraina keeles on ka omastavad, demonstratiivsed ja suhtelised ases\u00f5nad.<\/p>\n\n\n\n<h3 class=\"wp-block-heading\" id=\"h-4-putting-it-all-together-sentence-structure\">4. K\u00f5ike kokku pannes: lauseehitus<\/h3>\n\n\n\n<p>Ukraina j\u00e4rgib subjekti-verbi-objekti (SVO) lausestruktuuri, mis on sarnane <a href=\"https:\/\/talkpal.ai\/learn-english\/\">inglise<\/a> keelega. Kuid erinevalt inglise keelest on ukraina keelel oma juhtumis\u00fcsteemi t\u00f5ttu s\u00f5nade j\u00e4rjekorras rohkem paindlikkust. See paindlikkus v\u00f5imaldab k\u00f5nelejatel r\u00f5hutada konkreetseid s\u00f5nu v\u00f5i ideid, asetades need lauses erinevatesse asenditesse. Kuigi selle mitmek\u00fclgsuse omandamine v\u00f5ib v\u00f5tta aega, v\u00f5imaldab see teil end ukraina keeles kunstiliselt ja sujuvamalt v\u00e4ljendada.<\/p>\n\n\n\n<h3 class=\"wp-block-heading\" id=\"h-conclusion\">Kokkuv\u00f5te<\/h3>\n\n\n\n<p>Ukraina keele teekonda alustades pidage meeles, et grammatika valdamine n\u00f5uab harjutamist ja p\u00fcsivust. Tutvuge ukraina grammatika erinevate aspektidega j\u00e4rk-j\u00e4rgult, alates nimis\u00f5nadest ja juhtumitest kuni tegus\u00f5nade ja lauseehituseni. Nautige \u00f5ppeprotsessi ja nautige ukraina keele ilu ja v\u00e4ljendusrikkust. \u0412\u0434\u0430\u0447\u0456! (\u00d5nn kaasa!)<\/p>\n<\/div><\/div>\n\r\n<section class=\"learnNavigationSection\">\r\n            \r\n        <a href=\"https:\/\/talkpal.ai\/et\/opi-ukraina-keel\/\">\r\n            <div class=\"learnNavigationWrapper\">\r\n                <div class=\"learnNavigationContent\">\r\n                    <img decoding=\"async\" src=\"https:\/\/talkpal.ai\/wp-content\/uploads\/2024\/08\/Ukrainian.jpg\" alt=\"Ukrainian Flag\">\r\n                    <div>\r\n                        <h4>Ukraina \u00f5ppimise kohta<\/h4>\r\n                        <p>Uuri k\u00f5ike ukraina grammatika kohta .<\/p>\r\n                    <\/div>\r\n                <\/div>\r\n            <\/div>\r\n        <\/a>\r\n\r\n        \r\n        <a href=\"https:\/\/talkpal.ai\/et\/ukraina-keele-grammatika-harjutused\/\">\r\n            <div class=\"learnNavigationWrapper\">\r\n                <div class=\"learnNavigationContent\">\r\n                    <img decoding=\"async\" src=\"https:\/\/talkpal.ai\/wp-content\/uploads\/2024\/08\/Ukrainian.jpg\" alt=\"Ukrainian Flag\">\r\n                    <div>\r\n                        <h4>Ukraina keele grammatika harjutus<\/h4>\r\n                        <p>Harjutage ukraina grammatikat.<\/p>\r\n                    <\/div>\r\n                <\/div>\r\n            <\/div>\r\n        <\/a>\r\n\r\n        \r\n        <a href=\"https:\/\/talkpal.ai\/vocabulary_language\/ukrainian\/\">\r\n            <div class=\"learnNavigationWrapper\">\r\n                <div class=\"learnNavigationContent\">\r\n                    <img decoding=\"async\" src=\"https:\/\/talkpal.ai\/wp-content\/uploads\/2024\/08\/Ukrainian.jpg\" alt=\"Ukrainian Flag\">\r\n                    <div>\r\n                        <h4>Ukraina keele s\u00f5navara<\/h4>\r\n                        <p>Laiendage oma ukraina keele s\u00f5navara.<\/p>\r\n                    <\/div>\r\n                <\/div>\r\n            <\/div>\r\n        <\/a>\r\n\r\n            <\/section>","protected":false},"excerpt":{"rendered":"<p>P\u00f5hjalik juhend ukraina grammatika valdamiseks Ukraina keel, ilus ja meloodiline keel, on p\u00e4lvinud keelehuviliste kasvavat huvi kogu maailmas. Ukraina keele \u00f5ppimine annab teile juurdep\u00e4\u00e4su rikkalikule kultuurip\u00e4randile ja v\u00f5imaldab teil suhelda miljonite inimestega Ukrainas ja naaberriikides. Kuigi ukraina grammatikasse sukeldumine v\u00f5ib alguses tunduda hirmutav, v\u00f5imaldab selles tugev alus uurida keele n\u00fcansse ja hinnata t\u00e4ielikult selle ilu. [&hellip;]<\/p>\n","protected":false},"author":1,"featured_media":108655,"parent":0,"menu_order":0,"comment_status":"closed","ping_status":"closed","template":"LearningContentPage.php","meta":{"_acf_changed":false,"footnotes":""},"class_list":["post-131067","page","type-page","status-publish","has-post-thumbnail","hentry"],"acf":[],"yoast_head":"<!-- This site is optimized with the Yoast SEO Premium plugin v27.2 (Yoast SEO v27.2) - https:\/\/yoast.com\/product\/yoast-seo-premium-wordpress\/ -->\n<title>Ukraina keele grammatika - Talkpal<\/title>\n<meta name=\"description\" content=\"Avage ukraina keele grammatika ilu koos oluliste n\u00f5uannete ja arusaamadega, et parandada oma keele\u00f5pet.\" \/>\n<meta name=\"robots\" content=\"index, follow, max-snippet:-1, max-image-preview:large, max-video-preview:-1\" \/>\n<link rel=\"canonical\" href=\"https:\/\/talkpal.ai\/et\/ukraina-keele-grammatika\/\" \/>\n<meta property=\"og:locale\" content=\"et_EE\" \/>\n<meta property=\"og:type\" content=\"article\" \/>\n<meta property=\"og:title\" content=\"Ukraina keele grammatika\" \/>\n<meta property=\"og:description\" content=\"P\u00f5hjalik juhend ukraina grammatika valdamiseks Ukraina keel, ilus ja meloodiline keel, on p\u00e4lvinud keelehuviliste kasvavat huvi kogu maailmas. Ukraina\" \/>\n<meta property=\"og:url\" content=\"https:\/\/talkpal.ai\/et\/ukraina-keele-grammatika\/\" \/>\n<meta property=\"og:site_name\" content=\"Talkpal\" \/>\n<meta property=\"article:publisher\" content=\"https:\/\/www.facebook.com\/profile.php?id=100090733639311\" \/>\n<meta property=\"article:modified_time\" content=\"2025-12-11T16:37:34+00:00\" \/>\n<meta property=\"og:image\" content=\"https:\/\/talkpal.ai\/wp-content\/uploads\/2023\/04\/ukraine.png\" \/>\n\t<meta property=\"og:image:width\" content=\"512\" \/>\n\t<meta property=\"og:image:height\" content=\"512\" \/>\n\t<meta property=\"og:image:type\" content=\"image\/png\" \/>\n<meta name=\"twitter:card\" content=\"summary_large_image\" \/>\n<meta name=\"twitter:site\" content=\"@talkpalai\" \/>\n<meta name=\"twitter:label1\" content=\"Est. reading time\" \/>\n\t<meta name=\"twitter:data1\" content=\"3 minutit\" \/>\n<script type=\"application\/ld+json\" class=\"yoast-schema-graph\">{\"@context\":\"https:\/\/schema.org\",\"@graph\":[{\"@type\":\"WebPage\",\"@id\":\"https:\/\/talkpal.ai\/et\/ukraina-keele-grammatika\/\",\"url\":\"https:\/\/talkpal.ai\/et\/ukraina-keele-grammatika\/\",\"name\":\"Ukraina keele grammatika - Talkpal\",\"isPartOf\":{\"@id\":\"https:\/\/talkpal.ai\/et\/#website\"},\"primaryImageOfPage\":{\"@id\":\"https:\/\/talkpal.ai\/et\/ukraina-keele-grammatika\/#primaryimage\"},\"image\":{\"@id\":\"https:\/\/talkpal.ai\/et\/ukraina-keele-grammatika\/#primaryimage\"},\"thumbnailUrl\":\"https:\/\/talkpal.ai\/wp-content\/uploads\/2023\/04\/ukraine.png\",\"datePublished\":\"2023-05-14T13:53:24+00:00\",\"dateModified\":\"2025-12-11T16:37:34+00:00\",\"description\":\"Avage ukraina keele grammatika ilu koos oluliste n\u00f5uannete ja arusaamadega, et parandada oma keele\u00f5pet.\",\"breadcrumb\":{\"@id\":\"https:\/\/talkpal.ai\/et\/ukraina-keele-grammatika\/#breadcrumb\"},\"inLanguage\":\"et\",\"potentialAction\":[{\"@type\":\"ReadAction\",\"target\":[\"https:\/\/talkpal.ai\/et\/ukraina-keele-grammatika\/\"]}]},{\"@type\":\"ImageObject\",\"inLanguage\":\"et\",\"@id\":\"https:\/\/talkpal.ai\/et\/ukraina-keele-grammatika\/#primaryimage\",\"url\":\"https:\/\/talkpal.ai\/wp-content\/uploads\/2023\/04\/ukraine.png\",\"contentUrl\":\"https:\/\/talkpal.ai\/wp-content\/uploads\/2023\/04\/ukraine.png\",\"width\":512,\"height\":512,\"caption\":\"TalkPal Ukrainian Flag\"},{\"@type\":\"BreadcrumbList\",\"@id\":\"https:\/\/talkpal.ai\/et\/ukraina-keele-grammatika\/#breadcrumb\",\"itemListElement\":[{\"@type\":\"ListItem\",\"position\":1,\"name\":\"Homepage\",\"item\":\"https:\/\/talkpal.ai\/et\/\"},{\"@type\":\"ListItem\",\"position\":2,\"name\":\"Ukraina keele grammatika\"}]},{\"@type\":\"WebSite\",\"@id\":\"https:\/\/talkpal.ai\/et\/#website\",\"url\":\"https:\/\/talkpal.ai\/et\/\",\"name\":\"Talkpal\",\"description\":\"AI Language Learning\",\"publisher\":{\"@id\":\"https:\/\/talkpal.ai\/et\/#organization\"},\"alternateName\":\"Talkpal AI\",\"potentialAction\":[{\"@type\":\"SearchAction\",\"target\":{\"@type\":\"EntryPoint\",\"urlTemplate\":\"https:\/\/talkpal.ai\/et\/?s={search_term_string}\"},\"query-input\":{\"@type\":\"PropertyValueSpecification\",\"valueRequired\":true,\"valueName\":\"search_term_string\"}}],\"inLanguage\":\"et\"},{\"@type\":\"Organization\",\"@id\":\"https:\/\/talkpal.ai\/et\/#organization\",\"name\":\"Talkpal, Inc.\",\"alternateName\":\"Talkpal AI\",\"url\":\"https:\/\/talkpal.ai\/et\/\",\"logo\":{\"@type\":\"ImageObject\",\"inLanguage\":\"et\",\"@id\":\"https:\/\/talkpal.ai\/et\/#\/schema\/logo\/image\/\",\"url\":\"https:\/\/talkpal.ai\/wp-content\/uploads\/2024\/03\/Talkpal-Logo-Icon.png\",\"contentUrl\":\"https:\/\/talkpal.ai\/wp-content\/uploads\/2024\/03\/Talkpal-Logo-Icon.png\",\"width\":2880,\"height\":2880,\"caption\":\"Talkpal, Inc.\"},\"image\":{\"@id\":\"https:\/\/talkpal.ai\/et\/#\/schema\/logo\/image\/\"},\"sameAs\":[\"https:\/\/www.facebook.com\/profile.php?id=100090733639311\",\"https:\/\/x.com\/talkpalai\",\"https:\/\/www.linkedin.com\/company\/talkpal\/\",\"https:\/\/www.youtube.com\/@TalkPal\/\",\"https:\/\/www.tiktok.com\/@talkpal\",\"https:\/\/www.instagram.com\/talkpal_ai\/\",\"https:\/\/www.crunchbase.com\/organization\/talkpal-9cde\",\"https:\/\/www.g2.com\/products\/talkpal-for-business\/\",\"https:\/\/www.trustpilot.com\/review\/talkpal.ai\",\"https:\/\/www.capterra.com\/p\/10006800\/TalkPal\/\"],\"description\":\"Talkpal is a language learning web and mobile education app, powered by the latest AI technologies, that provides engaging experiences to its customers in many different languages to help them improve their language skills. Users can chat about unlimited amount of topics with the app and use other modes to practice their language learning.\",\"email\":\"support@talkpal.ai\",\"legalName\":\"Talkpal, Inc.\",\"foundingDate\":\"2023-04-03\",\"duns\":\"118989042\",\"numberOfEmployees\":{\"@type\":\"QuantitativeValue\",\"minValue\":\"11\",\"maxValue\":\"50\"},\"publishingPrinciples\":\"https:\/\/talkpal.ai\/publishing-principles\/\",\"actionableFeedbackPolicy\":\"https:\/\/talkpal.ai\/actionable-feedback-policy\/\",\"correctionsPolicy\":\"https:\/\/talkpal.ai\/corrections-policy\/\",\"ethicsPolicy\":\"https:\/\/talkpal.ai\/ethics-policy\/\",\"diversityPolicy\":\"https:\/\/talkpal.ai\/diversity-policy\/\",\"diversityStaffingReport\":\"https:\/\/talkpal.ai\/diversity-policy\/\"}]}<\/script>\n<!-- \/ Yoast SEO Premium plugin. -->","yoast_head_json":{"title":"Ukraina keele grammatika - Talkpal","description":"Avage ukraina keele grammatika ilu koos oluliste n\u00f5uannete ja arusaamadega, et parandada oma keele\u00f5pet.","robots":{"index":"index","follow":"follow","max-snippet":"max-snippet:-1","max-image-preview":"max-image-preview:large","max-video-preview":"max-video-preview:-1"},"canonical":"https:\/\/talkpal.ai\/et\/ukraina-keele-grammatika\/","og_locale":"et_EE","og_type":"article","og_title":"Ukraina keele grammatika","og_description":"P\u00f5hjalik juhend ukraina grammatika valdamiseks Ukraina keel, ilus ja meloodiline keel, on p\u00e4lvinud keelehuviliste kasvavat huvi kogu maailmas. Ukraina","og_url":"https:\/\/talkpal.ai\/et\/ukraina-keele-grammatika\/","og_site_name":"Talkpal","article_publisher":"https:\/\/www.facebook.com\/profile.php?id=100090733639311","article_modified_time":"2025-12-11T16:37:34+00:00","og_image":[{"width":512,"height":512,"url":"https:\/\/talkpal.ai\/wp-content\/uploads\/2023\/04\/ukraine.png","type":"image\/png"}],"twitter_card":"summary_large_image","twitter_site":"@talkpalai","twitter_misc":{"Est. reading time":"3 minutit"},"schema":{"@context":"https:\/\/schema.org","@graph":[{"@type":"WebPage","@id":"https:\/\/talkpal.ai\/et\/ukraina-keele-grammatika\/","url":"https:\/\/talkpal.ai\/et\/ukraina-keele-grammatika\/","name":"Ukraina keele grammatika - Talkpal","isPartOf":{"@id":"https:\/\/talkpal.ai\/et\/#website"},"primaryImageOfPage":{"@id":"https:\/\/talkpal.ai\/et\/ukraina-keele-grammatika\/#primaryimage"},"image":{"@id":"https:\/\/talkpal.ai\/et\/ukraina-keele-grammatika\/#primaryimage"},"thumbnailUrl":"https:\/\/talkpal.ai\/wp-content\/uploads\/2023\/04\/ukraine.png","datePublished":"2023-05-14T13:53:24+00:00","dateModified":"2025-12-11T16:37:34+00:00","description":"Avage ukraina keele grammatika ilu koos oluliste n\u00f5uannete ja arusaamadega, et parandada oma keele\u00f5pet.","breadcrumb":{"@id":"https:\/\/talkpal.ai\/et\/ukraina-keele-grammatika\/#breadcrumb"},"inLanguage":"et","potentialAction":[{"@type":"ReadAction","target":["https:\/\/talkpal.ai\/et\/ukraina-keele-grammatika\/"]}]},{"@type":"ImageObject","inLanguage":"et","@id":"https:\/\/talkpal.ai\/et\/ukraina-keele-grammatika\/#primaryimage","url":"https:\/\/talkpal.ai\/wp-content\/uploads\/2023\/04\/ukraine.png","contentUrl":"https:\/\/talkpal.ai\/wp-content\/uploads\/2023\/04\/ukraine.png","width":512,"height":512,"caption":"TalkPal Ukrainian Flag"},{"@type":"BreadcrumbList","@id":"https:\/\/talkpal.ai\/et\/ukraina-keele-grammatika\/#breadcrumb","itemListElement":[{"@type":"ListItem","position":1,"name":"Homepage","item":"https:\/\/talkpal.ai\/et\/"},{"@type":"ListItem","position":2,"name":"Ukraina keele grammatika"}]},{"@type":"WebSite","@id":"https:\/\/talkpal.ai\/et\/#website","url":"https:\/\/talkpal.ai\/et\/","name":"Talkpal","description":"AI Language Learning","publisher":{"@id":"https:\/\/talkpal.ai\/et\/#organization"},"alternateName":"Talkpal AI","potentialAction":[{"@type":"SearchAction","target":{"@type":"EntryPoint","urlTemplate":"https:\/\/talkpal.ai\/et\/?s={search_term_string}"},"query-input":{"@type":"PropertyValueSpecification","valueRequired":true,"valueName":"search_term_string"}}],"inLanguage":"et"},{"@type":"Organization","@id":"https:\/\/talkpal.ai\/et\/#organization","name":"Talkpal, Inc.","alternateName":"Talkpal AI","url":"https:\/\/talkpal.ai\/et\/","logo":{"@type":"ImageObject","inLanguage":"et","@id":"https:\/\/talkpal.ai\/et\/#\/schema\/logo\/image\/","url":"https:\/\/talkpal.ai\/wp-content\/uploads\/2024\/03\/Talkpal-Logo-Icon.png","contentUrl":"https:\/\/talkpal.ai\/wp-content\/uploads\/2024\/03\/Talkpal-Logo-Icon.png","width":2880,"height":2880,"caption":"Talkpal, Inc."},"image":{"@id":"https:\/\/talkpal.ai\/et\/#\/schema\/logo\/image\/"},"sameAs":["https:\/\/www.facebook.com\/profile.php?id=100090733639311","https:\/\/x.com\/talkpalai","https:\/\/www.linkedin.com\/company\/talkpal\/","https:\/\/www.youtube.com\/@TalkPal\/","https:\/\/www.tiktok.com\/@talkpal","https:\/\/www.instagram.com\/talkpal_ai\/","https:\/\/www.crunchbase.com\/organization\/talkpal-9cde","https:\/\/www.g2.com\/products\/talkpal-for-business\/","https:\/\/www.trustpilot.com\/review\/talkpal.ai","https:\/\/www.capterra.com\/p\/10006800\/TalkPal\/"],"description":"Talkpal is a language learning web and mobile education app, powered by the latest AI technologies, that provides engaging experiences to its customers in many different languages to help them improve their language skills. Users can chat about unlimited amount of topics with the app and use other modes to practice their language learning.","email":"support@talkpal.ai","legalName":"Talkpal, Inc.","foundingDate":"2023-04-03","duns":"118989042","numberOfEmployees":{"@type":"QuantitativeValue","minValue":"11","maxValue":"50"},"publishingPrinciples":"https:\/\/talkpal.ai\/publishing-principles\/","actionableFeedbackPolicy":"https:\/\/talkpal.ai\/actionable-feedback-policy\/","correctionsPolicy":"https:\/\/talkpal.ai\/corrections-policy\/","ethicsPolicy":"https:\/\/talkpal.ai\/ethics-policy\/","diversityPolicy":"https:\/\/talkpal.ai\/diversity-policy\/","diversityStaffingReport":"https:\/\/talkpal.ai\/diversity-policy\/"}]}},"_links":{"self":[{"href":"https:\/\/talkpal.ai\/et\/wp-json\/wp\/v2\/pages\/131067","targetHints":{"allow":["GET"]}}],"collection":[{"href":"https:\/\/talkpal.ai\/et\/wp-json\/wp\/v2\/pages"}],"about":[{"href":"https:\/\/talkpal.ai\/et\/wp-json\/wp\/v2\/types\/page"}],"author":[{"embeddable":true,"href":"https:\/\/talkpal.ai\/et\/wp-json\/wp\/v2\/users\/1"}],"replies":[{"embeddable":true,"href":"https:\/\/talkpal.ai\/et\/wp-json\/wp\/v2\/comments?post=131067"}],"version-history":[{"count":0,"href":"https:\/\/talkpal.ai\/et\/wp-json\/wp\/v2\/pages\/131067\/revisions"}],"wp:featuredmedia":[{"embeddable":true,"href":"https:\/\/talkpal.ai\/et\/wp-json\/wp\/v2\/media\/108655"}],"wp:attachment":[{"href":"https:\/\/talkpal.ai\/et\/wp-json\/wp\/v2\/media?parent=131067"}],"curies":[{"name":"wp","href":"https:\/\/api.w.org\/{rel}","templated":true}]}}