{"id":130679,"date":"2023-05-14T13:53:07","date_gmt":"2023-05-14T13:53:07","guid":{"rendered":"http:\/\/talkpal.ai\/rootsi-keele-grammatika\/"},"modified":"2025-12-11T16:33:33","modified_gmt":"2025-12-11T16:33:33","slug":"rootsi-keele-grammatika","status":"publish","type":"page","link":"https:\/\/talkpal.ai\/et\/rootsi-keele-grammatika\/","title":{"rendered":"Rootsi keele grammatika"},"content":{"rendered":"\r\n\r\n\r\n<section class=\"languageChallengeSection\">\r\n    <div class=\"languageInfoWrapper\">\r\n        \r\n        <h1>Rootsi keele grammatika<\/h1>\r\n        <p>Avage <a href=\"https:\/\/talkpal.ai\/learn-swedish\/\">rootsi<\/a> keele ilu, omandades selle p\u00f5hilised grammatikareeglid. <a href=\"https:\/\/talkpal.ai\/swedish-grammar\/\">Rootsi keele grammatika<\/a> hea tundmine v\u00f5imaldab teil kindlalt suhelda ja suhelda <a href=\"https:\/\/talkpal.ai\/learn-swedish\/\">rootsi<\/a> kultuuriga. Alusta <a href=\"https:\/\/talkpal.ai\/swedish-grammar\/\">rootsi keele grammatika<\/a> \u00f5ppimist juba t\u00e4na ja astu esimene samm sujuva keeleoskuse suunas!<\/p>\r\n\r\n                            <a class=\"getStartedHidden\" href=\"https:\/\/app.talkpal.ai\/et\/signup?lng=\">Alusta<\/a>\r\n        \r\n    <\/div>\r\n\r\n    <figure>\r\n    <img decoding=\"async\" width=\"768\" height=\"768\" src=\"https:\/\/talkpal.ai\/wp-content\/uploads\/2023\/06\/swedish-768x768.png\" class=\"languageImage no-lazy\" alt=\"Language learning for improved concentration\" fetchpriority=\"high\" sizes=\"(max-width: 768px) 150px, 768px\" srcset=\"https:\/\/talkpal.ai\/wp-content\/uploads\/2023\/06\/swedish-768x768.png 768w, https:\/\/talkpal.ai\/wp-content\/uploads\/2023\/06\/swedish-300x300.png 300w\" \/>\r\n    \r\n\r\n    <\/figure>\r\n\r\n            <a class=\"getStartedVisible\" href=\"https:\/\/app.talkpal.ai\/et\/signup?lng=\">Alusta<\/a>\r\n    \r\n<\/section>\r\n<section class=\"promotionalBanner\">\r\n    <p class=\"promotionalText\">K\u00f5ige t\u00f5husam viis keele \u00f5ppimiseks<\/p>\r\n    <a class=\"promotionalLink\" href=\"https:\/\/app.talkpal.ai\/et\/signup?lng=\">Proovige Talkpal tasuta<\/a>\r\n<\/section>\n<div class=\"wp-block-group pageContainerStyle\"><div class=\"wp-block-group__inner-container is-layout-constrained wp-block-group-is-layout-constrained\">\n<h2 class=\"wp-block-heading\" id=\"h-demystifying-swedish-grammar-a-comprehensive-guide-to-master-its-rules-and-nuances\">Rootsi keele grammatika dem\u00fcstifitseerimine: p\u00f5hjalik juhend selle reeglite ja n\u00fcansside valdamiseks<\/h2>\n\n\n\n<p>Rootsi keel, mida r\u00e4\u00e4gib umbes 10 miljonit inimest, on rikas ja meloodiline keel, mis kuulub p\u00f5hjagermaani perekonda. Kuigi rootsi keele <a href=\"https:\/\/talkpal.ai\/greek-grammar\/\">grammatika<\/a> on m\u00f5ne teise keelega v\u00f5rreldes suhteliselt lihtne, on selle reeglite ja struktuuri m\u00f5istmine keeleoskuse parandamisel v\u00f5tmet\u00e4htsusega. Selles artiklis tutvustame teile rootsi keele grammatika p\u00f5hiaspekte ja anname kasulikke n\u00f5uandeid, et parandada oma rootsi keele oskust.<\/p>\n\n\n\n<h3 class=\"wp-block-heading\" id=\"h-essential-components-of-swedish-grammar\">Rootsi keele grammatika p\u00f5hikomponendid:<\/h3>\n\n\n\n<p>Rootsi keele grammatikal on sarnasusi <a href=\"https:\/\/talkpal.ai\/learn-english\/\">inglise<\/a> keele grammatikaga, mist\u00f5ttu on inglise keele k\u00f5nelejatel lihtsam k\u00e4tte saada. Siin on m\u00f5ned rootsi keele grammatika kriitilised aspektid, millega tasub tutvuda:<\/p>\n\n\n\n<p><strong>1. Nimis\u00f5nad: Rootsi nimis\u00f5nad<\/strong> jagunevad kaheks grammatiliseks sooks: tavaline (en) ja neuter (ett). <a href=\"https:\/\/talkpal.ai\/locations\/language-courses-in-iga\/\">Iga<\/a> nimis\u00f5na kuulub \u00fchte neist kategooriatest, mis on oluline kaaluda m\u00e4\u00e4ramata ja kindlate artiklite kasutamisel. Rootsi nimis\u00f5nadel on ka mitmuse vormid, millel on mitu erinevat mustrit, mida meeles pidada.<\/p>\n\n\n\n<p><strong>2. Adjektiivid:<\/strong> Rootsi keele omaduss\u00f5nad on koosk\u00f5las nimis\u00f5na sooga. S\u00f5ltuvalt nimis\u00f5na soost on omaduss\u00f5nade kolm vormi: positiivne, v\u00f5rdlev ja \u00fcliv\u00f5rdes. Omaduss\u00f5nad n\u00f5ustuvad ka arvuga (ainsuses v\u00f5i mitmuses).<\/p>\n\n\n\n<p><strong>3. Tegus\u00f5nad:<\/strong> Rootsi verbid liigitatakse nelja r\u00fchma, millest iga\u00fchel on oma konjugatsioonimuster. Verbid on liidetud vastavalt ajavormile (olevik, minevik v\u00f5i tulevik), kuid mitte vastavalt subjektile, nagu inglise keeles. Selle asemel j\u00e4\u00e4vad rootsi verbivormid j\u00e4rjepidevaks olenemata teemast. Lisaks ei ole rootsi verbidel pidevaid vorme (st -ing) nagu inglise keeles.<\/p>\n\n\n\n<p><strong>4. Lauseehitus: Rootsi lauseehitus<\/strong> on tavaliselt subjekt-verb-objekt (SVO), sarnaselt inglise keelega. Kuid rootsi keel kasutab sageli V2-s\u00f5na j\u00e4rjekorra reeglit, kus verb esineb deklaratiivsetes lausetes ja k\u00fcsimustes teisel positsioonil.<\/p>\n\n\n\n<h3 class=\"wp-block-heading\" id=\"h-tips-for-learning-swedish-grammar\">N\u00e4pun\u00e4iteid rootsi keele grammatika \u00f5ppimiseks:<\/h3>\n\n\n\n<p>Rootsi keele grammatika \u00f5ppimise teekonna sujuvamaks muutmiseks on siin m\u00f5ned praktilised n\u00e4pun\u00e4ited, mida j\u00e4rgida:<\/p>\n\n\n\n<p><strong>1. Harjutage regulaarselt:<\/strong> j\u00e4rjepidevus on v\u00f5ti. Eraldage <a href=\"https:\/\/talkpal.ai\/locations\/language-courses-in-iga\/\">iga<\/a> p\u00e4ev v\u00f5i n\u00e4dal aega rootsi keeles grammatikaharjutuste, lugemise ja kirjutamise harjutamiseks.<\/p>\n\n\n\n<p><strong>2. Kasutage kohalikke ressursse:<\/strong> sukelduge kohalikesse rootsi materjalidesse, nagu kirjandus, uudisteartiklid ja taskuh\u00e4\u00e4lingusaated. See mitte ainult ei aita teil m\u00f5ista rootsi keele grammatikat kontekstis, vaid parandab ka teie lugemis- ja kuulamisoskust.<\/p>\n\n\n\n<p><strong>3. \u00d5ppige nimis\u00f5na sugusid ja mitmust: Rootsi nimis\u00f5nade<\/strong> soo (en v\u00f5i ett) ja mitmuse vormide meeldej\u00e4tmine on \u00fclioluline. Aja jooksul harjutamine aitab teil l\u00f5puks need reeglid omaks v\u00f5tta.<\/p>\n\n\n\n<p><strong>4. V\u00f5tke \u00fchendust emakeelena k\u00f5nelejatega:<\/strong> vestlustes rootsi keelt emakeelena k\u00f5nelejatega saate harjutada grammatikat ja saada v\u00e4\u00e4rtuslikku tagasisidet. Kaaluge liitumist keelevahetusr\u00fchmade v\u00f5i veebifoorumitega, et suhelda rootsi keelt k\u00f5nelevate inimestega.<\/p>\n\n\n\n<p><strong>5. Ole kannatlik ja p\u00fcsiv:<\/strong> pidage meeles, et grammatika \u00f5ppimine on protsess. J\u00e4\u00e4ge p\u00fchendunuks, j\u00e4tkake harjutamist ja t\u00e4histage edusamme sellel teel.<\/p>\n\n\n\n<h2 class=\"wp-block-heading\" id=\"h-conclusion\">J\u00e4reldus:<\/h2>\n\n\n\n<p>Rootsi keele grammatikat, kuigi n\u00e4iliselt keerulist, saab \u00f5ppida p\u00fchendumisega ja selle lahutamatute komponentide m\u00f5istmisega. J\u00e4rgides meie soovitusi ja sukeldudes keelde, paraneb teie rootsi keele oskus pidevalt. V\u00f5tke v\u00e4ljakutse vastu ja nautige teekonda rootsi grammatilise meisterlikkuse poole!<\/p>\n<\/div><\/div>\n\r\n<section class=\"learnNavigationSection\">\r\n            \r\n        <a href=\"https:\/\/talkpal.ai\/et\/opi-rootsi-keel\/\">\r\n            <div class=\"learnNavigationWrapper\">\r\n                <div class=\"learnNavigationContent\">\r\n                    <img decoding=\"async\" src=\"https:\/\/talkpal.ai\/wp-content\/uploads\/2024\/08\/Swedish.jpg\" alt=\"Swedish Flag\">\r\n                    <div>\r\n                        <h4>Rootsi \u00f5ppimise kohta<\/h4>\r\n                        <p>Uuri k\u00f5ike rootsi keele grammatika kohta.<\/p>\r\n                    <\/div>\r\n                <\/div>\r\n            <\/div>\r\n        <\/a>\r\n\r\n        \r\n        <a href=\"https:\/\/talkpal.ai\/et\/rootsi-keele-grammatikaharjutused\/\">\r\n            <div class=\"learnNavigationWrapper\">\r\n                <div class=\"learnNavigationContent\">\r\n                    <img decoding=\"async\" src=\"https:\/\/talkpal.ai\/wp-content\/uploads\/2024\/08\/Swedish.jpg\" alt=\"Swedish Flag\">\r\n                    <div>\r\n                        <h4>Rootsi keele grammatika harjutus<\/h4>\r\n                        <p>Harjutage rootsi keele grammatikat.<\/p>\r\n                    <\/div>\r\n                <\/div>\r\n            <\/div>\r\n        <\/a>\r\n\r\n        \r\n        <a href=\"https:\/\/talkpal.ai\/vocabulary_language\/swedish\/\">\r\n            <div class=\"learnNavigationWrapper\">\r\n                <div class=\"learnNavigationContent\">\r\n                    <img decoding=\"async\" src=\"https:\/\/talkpal.ai\/wp-content\/uploads\/2024\/08\/Swedish.jpg\" alt=\"Swedish Flag\">\r\n                    <div>\r\n                        <h4>Rootsi keele s\u00f5navara<\/h4>\r\n                        <p>Laiendage oma rootsi keele s\u00f5navara.<\/p>\r\n                    <\/div>\r\n                <\/div>\r\n            <\/div>\r\n        <\/a>\r\n\r\n            <\/section>","protected":false},"excerpt":{"rendered":"<p>Rootsi keele grammatika dem\u00fcstifitseerimine: p\u00f5hjalik juhend selle reeglite ja n\u00fcansside valdamiseks Rootsi keel, mida r\u00e4\u00e4gib umbes 10 miljonit inimest, on rikas ja meloodiline keel, mis kuulub p\u00f5hjagermaani perekonda. Kuigi rootsi keele grammatika on m\u00f5ne teise keelega v\u00f5rreldes suhteliselt lihtne, on selle reeglite ja struktuuri m\u00f5istmine keeleoskuse parandamisel v\u00f5tmet\u00e4htsusega. Selles artiklis tutvustame teile rootsi keele grammatika [&hellip;]<\/p>\n","protected":false},"author":1,"featured_media":108374,"parent":0,"menu_order":0,"comment_status":"closed","ping_status":"closed","template":"LearningContentPage.php","meta":{"_acf_changed":false,"footnotes":""},"class_list":["post-130679","page","type-page","status-publish","has-post-thumbnail","hentry"],"acf":[],"yoast_head":"<!-- This site is optimized with the Yoast SEO Premium plugin v27.2 (Yoast SEO v27.2) - https:\/\/yoast.com\/product\/yoast-seo-premium-wordpress\/ -->\n<title>Rootsi keele grammatika - Talkpal<\/title>\n<meta name=\"description\" content=\"Avastage rootsi keele grammatika saladused, et parandada oma keeleoskust p\u00f5hireeglite ja kasulike n\u00f5uannete abil.\" \/>\n<meta name=\"robots\" content=\"index, follow, max-snippet:-1, max-image-preview:large, max-video-preview:-1\" \/>\n<link rel=\"canonical\" href=\"https:\/\/talkpal.ai\/et\/rootsi-keele-grammatika\/\" \/>\n<meta property=\"og:locale\" content=\"et_EE\" \/>\n<meta property=\"og:type\" content=\"article\" \/>\n<meta property=\"og:title\" content=\"Rootsi keele grammatika\" \/>\n<meta property=\"og:description\" content=\"Rootsi keele grammatika dem\u00fcstifitseerimine: p\u00f5hjalik juhend selle reeglite ja n\u00fcansside valdamiseks Rootsi keel, mida r\u00e4\u00e4gib umbes 10 miljonit inimest,\" \/>\n<meta property=\"og:url\" content=\"https:\/\/talkpal.ai\/et\/rootsi-keele-grammatika\/\" \/>\n<meta property=\"og:site_name\" content=\"Talkpal\" \/>\n<meta property=\"article:publisher\" content=\"https:\/\/www.facebook.com\/profile.php?id=100090733639311\" \/>\n<meta property=\"article:modified_time\" content=\"2025-12-11T16:33:33+00:00\" \/>\n<meta property=\"og:image\" content=\"https:\/\/talkpal.ai\/wp-content\/uploads\/2023\/04\/sweden.png\" \/>\n\t<meta property=\"og:image:width\" content=\"512\" \/>\n\t<meta property=\"og:image:height\" content=\"512\" \/>\n\t<meta property=\"og:image:type\" content=\"image\/png\" \/>\n<meta name=\"twitter:card\" content=\"summary_large_image\" \/>\n<meta name=\"twitter:site\" content=\"@talkpalai\" \/>\n<meta name=\"twitter:label1\" content=\"Est. reading time\" \/>\n\t<meta name=\"twitter:data1\" content=\"2 minutit\" \/>\n<script type=\"application\/ld+json\" class=\"yoast-schema-graph\">{\"@context\":\"https:\/\/schema.org\",\"@graph\":[{\"@type\":\"WebPage\",\"@id\":\"https:\/\/talkpal.ai\/et\/rootsi-keele-grammatika\/\",\"url\":\"https:\/\/talkpal.ai\/et\/rootsi-keele-grammatika\/\",\"name\":\"Rootsi keele grammatika - Talkpal\",\"isPartOf\":{\"@id\":\"https:\/\/talkpal.ai\/et\/#website\"},\"primaryImageOfPage\":{\"@id\":\"https:\/\/talkpal.ai\/et\/rootsi-keele-grammatika\/#primaryimage\"},\"image\":{\"@id\":\"https:\/\/talkpal.ai\/et\/rootsi-keele-grammatika\/#primaryimage\"},\"thumbnailUrl\":\"https:\/\/talkpal.ai\/wp-content\/uploads\/2023\/04\/sweden.png\",\"datePublished\":\"2023-05-14T13:53:07+00:00\",\"dateModified\":\"2025-12-11T16:33:33+00:00\",\"description\":\"Avastage rootsi keele grammatika saladused, et parandada oma keeleoskust p\u00f5hireeglite ja kasulike n\u00f5uannete abil.\",\"breadcrumb\":{\"@id\":\"https:\/\/talkpal.ai\/et\/rootsi-keele-grammatika\/#breadcrumb\"},\"inLanguage\":\"et\",\"potentialAction\":[{\"@type\":\"ReadAction\",\"target\":[\"https:\/\/talkpal.ai\/et\/rootsi-keele-grammatika\/\"]}]},{\"@type\":\"ImageObject\",\"inLanguage\":\"et\",\"@id\":\"https:\/\/talkpal.ai\/et\/rootsi-keele-grammatika\/#primaryimage\",\"url\":\"https:\/\/talkpal.ai\/wp-content\/uploads\/2023\/04\/sweden.png\",\"contentUrl\":\"https:\/\/talkpal.ai\/wp-content\/uploads\/2023\/04\/sweden.png\",\"width\":512,\"height\":512},{\"@type\":\"BreadcrumbList\",\"@id\":\"https:\/\/talkpal.ai\/et\/rootsi-keele-grammatika\/#breadcrumb\",\"itemListElement\":[{\"@type\":\"ListItem\",\"position\":1,\"name\":\"Homepage\",\"item\":\"https:\/\/talkpal.ai\/et\/\"},{\"@type\":\"ListItem\",\"position\":2,\"name\":\"Rootsi keele grammatika\"}]},{\"@type\":\"WebSite\",\"@id\":\"https:\/\/talkpal.ai\/et\/#website\",\"url\":\"https:\/\/talkpal.ai\/et\/\",\"name\":\"Talkpal\",\"description\":\"AI Language Learning\",\"publisher\":{\"@id\":\"https:\/\/talkpal.ai\/et\/#organization\"},\"alternateName\":\"Talkpal AI\",\"potentialAction\":[{\"@type\":\"SearchAction\",\"target\":{\"@type\":\"EntryPoint\",\"urlTemplate\":\"https:\/\/talkpal.ai\/et\/?s={search_term_string}\"},\"query-input\":{\"@type\":\"PropertyValueSpecification\",\"valueRequired\":true,\"valueName\":\"search_term_string\"}}],\"inLanguage\":\"et\"},{\"@type\":\"Organization\",\"@id\":\"https:\/\/talkpal.ai\/et\/#organization\",\"name\":\"Talkpal, Inc.\",\"alternateName\":\"Talkpal AI\",\"url\":\"https:\/\/talkpal.ai\/et\/\",\"logo\":{\"@type\":\"ImageObject\",\"inLanguage\":\"et\",\"@id\":\"https:\/\/talkpal.ai\/et\/#\/schema\/logo\/image\/\",\"url\":\"https:\/\/talkpal.ai\/wp-content\/uploads\/2024\/03\/Talkpal-Logo-Icon.png\",\"contentUrl\":\"https:\/\/talkpal.ai\/wp-content\/uploads\/2024\/03\/Talkpal-Logo-Icon.png\",\"width\":2880,\"height\":2880,\"caption\":\"Talkpal, Inc.\"},\"image\":{\"@id\":\"https:\/\/talkpal.ai\/et\/#\/schema\/logo\/image\/\"},\"sameAs\":[\"https:\/\/www.facebook.com\/profile.php?id=100090733639311\",\"https:\/\/x.com\/talkpalai\",\"https:\/\/www.linkedin.com\/company\/talkpal\/\",\"https:\/\/www.youtube.com\/@TalkPal\/\",\"https:\/\/www.tiktok.com\/@talkpal\",\"https:\/\/www.instagram.com\/talkpal_ai\/\",\"https:\/\/www.crunchbase.com\/organization\/talkpal-9cde\",\"https:\/\/www.g2.com\/products\/talkpal-for-business\/\",\"https:\/\/www.trustpilot.com\/review\/talkpal.ai\",\"https:\/\/www.capterra.com\/p\/10006800\/TalkPal\/\"],\"description\":\"Talkpal is a language learning web and mobile education app, powered by the latest AI technologies, that provides engaging experiences to its customers in many different languages to help them improve their language skills. Users can chat about unlimited amount of topics with the app and use other modes to practice their language learning.\",\"email\":\"support@talkpal.ai\",\"legalName\":\"Talkpal, Inc.\",\"foundingDate\":\"2023-04-03\",\"duns\":\"118989042\",\"numberOfEmployees\":{\"@type\":\"QuantitativeValue\",\"minValue\":\"11\",\"maxValue\":\"50\"},\"publishingPrinciples\":\"https:\/\/talkpal.ai\/publishing-principles\/\",\"actionableFeedbackPolicy\":\"https:\/\/talkpal.ai\/actionable-feedback-policy\/\",\"correctionsPolicy\":\"https:\/\/talkpal.ai\/corrections-policy\/\",\"ethicsPolicy\":\"https:\/\/talkpal.ai\/ethics-policy\/\",\"diversityPolicy\":\"https:\/\/talkpal.ai\/diversity-policy\/\",\"diversityStaffingReport\":\"https:\/\/talkpal.ai\/diversity-policy\/\"}]}<\/script>\n<!-- \/ Yoast SEO Premium plugin. -->","yoast_head_json":{"title":"Rootsi keele grammatika - Talkpal","description":"Avastage rootsi keele grammatika saladused, et parandada oma keeleoskust p\u00f5hireeglite ja kasulike n\u00f5uannete abil.","robots":{"index":"index","follow":"follow","max-snippet":"max-snippet:-1","max-image-preview":"max-image-preview:large","max-video-preview":"max-video-preview:-1"},"canonical":"https:\/\/talkpal.ai\/et\/rootsi-keele-grammatika\/","og_locale":"et_EE","og_type":"article","og_title":"Rootsi keele grammatika","og_description":"Rootsi keele grammatika dem\u00fcstifitseerimine: p\u00f5hjalik juhend selle reeglite ja n\u00fcansside valdamiseks Rootsi keel, mida r\u00e4\u00e4gib umbes 10 miljonit inimest,","og_url":"https:\/\/talkpal.ai\/et\/rootsi-keele-grammatika\/","og_site_name":"Talkpal","article_publisher":"https:\/\/www.facebook.com\/profile.php?id=100090733639311","article_modified_time":"2025-12-11T16:33:33+00:00","og_image":[{"width":512,"height":512,"url":"https:\/\/talkpal.ai\/wp-content\/uploads\/2023\/04\/sweden.png","type":"image\/png"}],"twitter_card":"summary_large_image","twitter_site":"@talkpalai","twitter_misc":{"Est. reading time":"2 minutit"},"schema":{"@context":"https:\/\/schema.org","@graph":[{"@type":"WebPage","@id":"https:\/\/talkpal.ai\/et\/rootsi-keele-grammatika\/","url":"https:\/\/talkpal.ai\/et\/rootsi-keele-grammatika\/","name":"Rootsi keele grammatika - Talkpal","isPartOf":{"@id":"https:\/\/talkpal.ai\/et\/#website"},"primaryImageOfPage":{"@id":"https:\/\/talkpal.ai\/et\/rootsi-keele-grammatika\/#primaryimage"},"image":{"@id":"https:\/\/talkpal.ai\/et\/rootsi-keele-grammatika\/#primaryimage"},"thumbnailUrl":"https:\/\/talkpal.ai\/wp-content\/uploads\/2023\/04\/sweden.png","datePublished":"2023-05-14T13:53:07+00:00","dateModified":"2025-12-11T16:33:33+00:00","description":"Avastage rootsi keele grammatika saladused, et parandada oma keeleoskust p\u00f5hireeglite ja kasulike n\u00f5uannete abil.","breadcrumb":{"@id":"https:\/\/talkpal.ai\/et\/rootsi-keele-grammatika\/#breadcrumb"},"inLanguage":"et","potentialAction":[{"@type":"ReadAction","target":["https:\/\/talkpal.ai\/et\/rootsi-keele-grammatika\/"]}]},{"@type":"ImageObject","inLanguage":"et","@id":"https:\/\/talkpal.ai\/et\/rootsi-keele-grammatika\/#primaryimage","url":"https:\/\/talkpal.ai\/wp-content\/uploads\/2023\/04\/sweden.png","contentUrl":"https:\/\/talkpal.ai\/wp-content\/uploads\/2023\/04\/sweden.png","width":512,"height":512},{"@type":"BreadcrumbList","@id":"https:\/\/talkpal.ai\/et\/rootsi-keele-grammatika\/#breadcrumb","itemListElement":[{"@type":"ListItem","position":1,"name":"Homepage","item":"https:\/\/talkpal.ai\/et\/"},{"@type":"ListItem","position":2,"name":"Rootsi keele grammatika"}]},{"@type":"WebSite","@id":"https:\/\/talkpal.ai\/et\/#website","url":"https:\/\/talkpal.ai\/et\/","name":"Talkpal","description":"AI Language Learning","publisher":{"@id":"https:\/\/talkpal.ai\/et\/#organization"},"alternateName":"Talkpal AI","potentialAction":[{"@type":"SearchAction","target":{"@type":"EntryPoint","urlTemplate":"https:\/\/talkpal.ai\/et\/?s={search_term_string}"},"query-input":{"@type":"PropertyValueSpecification","valueRequired":true,"valueName":"search_term_string"}}],"inLanguage":"et"},{"@type":"Organization","@id":"https:\/\/talkpal.ai\/et\/#organization","name":"Talkpal, Inc.","alternateName":"Talkpal AI","url":"https:\/\/talkpal.ai\/et\/","logo":{"@type":"ImageObject","inLanguage":"et","@id":"https:\/\/talkpal.ai\/et\/#\/schema\/logo\/image\/","url":"https:\/\/talkpal.ai\/wp-content\/uploads\/2024\/03\/Talkpal-Logo-Icon.png","contentUrl":"https:\/\/talkpal.ai\/wp-content\/uploads\/2024\/03\/Talkpal-Logo-Icon.png","width":2880,"height":2880,"caption":"Talkpal, Inc."},"image":{"@id":"https:\/\/talkpal.ai\/et\/#\/schema\/logo\/image\/"},"sameAs":["https:\/\/www.facebook.com\/profile.php?id=100090733639311","https:\/\/x.com\/talkpalai","https:\/\/www.linkedin.com\/company\/talkpal\/","https:\/\/www.youtube.com\/@TalkPal\/","https:\/\/www.tiktok.com\/@talkpal","https:\/\/www.instagram.com\/talkpal_ai\/","https:\/\/www.crunchbase.com\/organization\/talkpal-9cde","https:\/\/www.g2.com\/products\/talkpal-for-business\/","https:\/\/www.trustpilot.com\/review\/talkpal.ai","https:\/\/www.capterra.com\/p\/10006800\/TalkPal\/"],"description":"Talkpal is a language learning web and mobile education app, powered by the latest AI technologies, that provides engaging experiences to its customers in many different languages to help them improve their language skills. Users can chat about unlimited amount of topics with the app and use other modes to practice their language learning.","email":"support@talkpal.ai","legalName":"Talkpal, Inc.","foundingDate":"2023-04-03","duns":"118989042","numberOfEmployees":{"@type":"QuantitativeValue","minValue":"11","maxValue":"50"},"publishingPrinciples":"https:\/\/talkpal.ai\/publishing-principles\/","actionableFeedbackPolicy":"https:\/\/talkpal.ai\/actionable-feedback-policy\/","correctionsPolicy":"https:\/\/talkpal.ai\/corrections-policy\/","ethicsPolicy":"https:\/\/talkpal.ai\/ethics-policy\/","diversityPolicy":"https:\/\/talkpal.ai\/diversity-policy\/","diversityStaffingReport":"https:\/\/talkpal.ai\/diversity-policy\/"}]}},"_links":{"self":[{"href":"https:\/\/talkpal.ai\/et\/wp-json\/wp\/v2\/pages\/130679","targetHints":{"allow":["GET"]}}],"collection":[{"href":"https:\/\/talkpal.ai\/et\/wp-json\/wp\/v2\/pages"}],"about":[{"href":"https:\/\/talkpal.ai\/et\/wp-json\/wp\/v2\/types\/page"}],"author":[{"embeddable":true,"href":"https:\/\/talkpal.ai\/et\/wp-json\/wp\/v2\/users\/1"}],"replies":[{"embeddable":true,"href":"https:\/\/talkpal.ai\/et\/wp-json\/wp\/v2\/comments?post=130679"}],"version-history":[{"count":0,"href":"https:\/\/talkpal.ai\/et\/wp-json\/wp\/v2\/pages\/130679\/revisions"}],"wp:featuredmedia":[{"embeddable":true,"href":"https:\/\/talkpal.ai\/et\/wp-json\/wp\/v2\/media\/108374"}],"wp:attachment":[{"href":"https:\/\/talkpal.ai\/et\/wp-json\/wp\/v2\/media?parent=130679"}],"curies":[{"name":"wp","href":"https:\/\/api.w.org\/{rel}","templated":true}]}}