{"id":130386,"date":"2023-05-14T13:52:27","date_gmt":"2023-05-14T13:52:27","guid":{"rendered":"http:\/\/talkpal.ai\/korea-keele-grammatika\/"},"modified":"2025-12-11T16:29:42","modified_gmt":"2025-12-11T16:29:42","slug":"korea-keele-grammatika","status":"publish","type":"page","link":"https:\/\/talkpal.ai\/et\/korea-keele-grammatika\/","title":{"rendered":"Korea keele grammatika"},"content":{"rendered":"\r\n\r\n\r\n<section class=\"languageChallengeSection\">\r\n    <div class=\"languageInfoWrapper\">\r\n        \r\n        <h1>Korea keele grammatika<\/h1>\r\n        <p>Alustage <a href=\"https:\/\/talkpal.ai\/korean-grammar\/\">korea keele grammatika<\/a> omandamist h\u00f5lpsasti j\u00e4rgitavate juhendite ja praktiliste n\u00e4idete abil. \u00d5ppige, kuidas moodustada lauseid, kasutada partikleid ja liita verbe, et end t\u00e4pselt v\u00e4ljendada. Harjutage oma oskusi interaktiivsete harjutuste abil, mis on m\u00f5eldud enesekindluse suurendamiseks. Astuge j\u00e4rgmine samm oma <a href=\"https:\/\/talkpal.ai\/learn-korean\/\">korea<\/a> keele teekonnal ja parandage oma keeleoskust juba t\u00e4na!<\/p>\r\n\r\n                            <a class=\"getStartedHidden\" href=\"https:\/\/app.talkpal.ai\/et\/signup?lng=\">Alusta<\/a>\r\n        \r\n    <\/div>\r\n\r\n    <figure>\r\n    <img decoding=\"async\" width=\"768\" height=\"768\" src=\"https:\/\/talkpal.ai\/wp-content\/uploads\/2023\/06\/korean-768x768.png\" class=\"languageImage no-lazy\" alt=\"Line-by-line learning for language acquisition\" fetchpriority=\"high\" sizes=\"(max-width: 768px) 150px, 768px\" srcset=\"https:\/\/talkpal.ai\/wp-content\/uploads\/2023\/06\/korean-768x768.png 768w, https:\/\/talkpal.ai\/wp-content\/uploads\/2023\/06\/korean-300x300.png 300w\" \/>\r\n    \r\n\r\n    <\/figure>\r\n\r\n            <a class=\"getStartedVisible\" href=\"https:\/\/app.talkpal.ai\/et\/signup?lng=\">Alusta<\/a>\r\n    \r\n<\/section>\r\n<section class=\"promotionalBanner\">\r\n    <p class=\"promotionalText\">K\u00f5ige t\u00f5husam viis keele \u00f5ppimiseks<\/p>\r\n    <a class=\"promotionalLink\" href=\"https:\/\/app.talkpal.ai\/et\/signup?lng=\">Proovige Talkpal tasuta<\/a>\r\n<\/section>\n<div class=\"wp-block-group pageContainerStyle\"><div class=\"wp-block-group__inner-container is-layout-constrained wp-block-group-is-layout-constrained\">\n<h2 class=\"wp-block-heading\" id=\"h-demystifying-korean-grammar-a-beginner-s-guide\">Korea keele grammatika dem\u00fcstifitseerimine: Algaja juhend<\/h2>\n\n\n\n<p><a href=\"https:\/\/talkpal.ai\/et\/korea-keele-oppimine-kiired-ja-tohusad-nipid-algajatele\/\">Korea keele \u00f5ppimine<\/a> v\u00f5ib avada terve maailma v\u00f5imalusi, olgu selleks siis Korea k\u00f6\u00f6gi uurimine, uusimate K-draamade vaatamine v\u00f5i t\u00f6\u00f6tamine \u00fches L\u00f5una-Korea paljudest uuenduslikest ettev\u00f5tetest. Sellesse p\u00f5nevasse keelde sukelduva muukeelse k\u00f5nelejana v\u00f5ib \u00fcks keerulisemaid aspekte olla selle <a href=\"https:\/\/talkpal.ai\/greek-grammar\/\">grammatika<\/a> valdamine. Korea keele grammatika v\u00f5ib esmapilgul tunduda keeruline, kuid sellel on loogika ja j\u00e4rjepidevus, mis v\u00f5ib olla k\u00e4ttesaadavam, kui v\u00f5ite arvata. Selles artiklis tutvustame korea keele grammatika p\u00f5hijooni ja anname v\u00e4\u00e4rtuslikke teadmisi, et teie teekond keeleoskuseni oleks sujuv ja nauditav.<\/p>\n\n\n\n<h3 class=\"wp-block-heading\" id=\"h-1-word-nbsp-order-nbsp-get-in-the-flow\"><b>1. S\u00f5nade<\/b> j\u00e4rjekord<b> &#8211; astuge voolu!<\/b><\/h3>\n\n\n\n<p>Esimene asi, mida peate korea grammatika kohta teadma, on selle p\u00f5his\u00f5nade j\u00e4rjekord: Subjekt-objekt-verb (SOV). See t\u00e4hendab, et verbid on lause l\u00f5pus, erinevalt <a href=\"https:\/\/talkpal.ai\/learn-english\/\">inglise<\/a> keele subjekt-verb-objekti (SVO) j\u00e4rjekorrast. See v\u00f5ib v\u00f5tta veidi harjumist, kuid sujuvuse v\u00f5ti on selle uue struktuuriga harjumine.<\/p>\n\n\n\n<p>N\u00e4pun\u00e4ide: harjutage lihtsate koreakeelsete lausete moodustamist, t\u00f5lkides ingliskeelseid fraase ja korraldades s\u00f5nade j\u00e4rjekorda \u00fcmber. Keskenduge SOV-i struktuuri loogika m\u00f5istmisele, et sellega mugavamaks saada.<\/p>\n\n\n\n<h3 class=\"wp-block-heading\" id=\"h-2-particles-attach-and-connect\">2. Osakesed \u2013 kinnita ja \u00fchenda!<\/h3>\n\n\n\n<p>Korea lausetes kasutatakse pisikesi grammatilise teabe t\u00fckke, mida nimetatakse osakesteks, et aidata m\u00e4\u00e4rata s\u00f5na funktsiooni lauses. N\u00e4iteks \uc774\/\uac00 ja \uc740\/\ub294 t\u00e4histavad subjekti, \uc744\/\ub97c aga objekti. Osakesed on korea keele grammatika oluline osa, kuid nende kasutamine v\u00f5ib esialgu tunduda \u00fclekaalukas.<\/p>\n\n\n\n<p>N\u00e4pun\u00e4ide: Tegelege \u00fche osakesega korraga, tundes end mugavalt selle kasutamise ja t\u00e4hendusega. T\u00f6\u00f6tage v\u00e4lja n\u00e4idislausete loend, kasutades <a href=\"https:\/\/talkpal.ai\/locations\/language-courses-in-iga\/\">iga<\/a> osakest, et luua v\u00f5rdlusmaterjali kogumik.<\/p>\n\n\n\n<h3 class=\"wp-block-heading\" id=\"h-3-verb-conjugation-keep-it-simple\">3. Verbi konjugatsioon &#8211; hoidke see lihtne!<\/h3>\n\n\n\n<p>Korea verbid on m\u00e4rkimisv\u00e4\u00e4rselt j\u00e4rjepidevad, mis v\u00f5ib muuta need lihtsamaks \u00f5ppimiseks kui teiste keelte tegus\u00f5nad. K\u00f5ik korea keele verbid l\u00f5pevad p\u00f5hivormis \ub2e4 (da) ning erinevate aegade v\u00f5i viisakusastmete loomiseks lisate lihtsalt erinevaid l\u00f5ppe. K\u00f5ige levinumad on -\uc694 (yo) mitteametliku viisakuse puhul ja -\uc2b5\ub2c8\ub2e4 (seumnida) ametlikumates olukordades.<\/p>\n\n\n\n<p>Vihje: \u00d5ppige konjueerima m\u00f5ningaid olulisi verbe erinevatel viisakusastmetel, n\u00e4iteks \ud558\ub2e4 (teha), \uba39\ub2e4 (s\u00fc\u00fca), \uc790\ub2e4 (magada) ja \uac00\ub2e4 (minna). Seej\u00e4rel alustage nende lisamist lausetesse, et saada tuttavamaks ja mugavamaks erinevate konjugatsioonide kasutamisel.<\/p>\n\n\n\n<h3 class=\"wp-block-heading\" id=\"h-4-adjectives-treat-them-like-verbs\">4. Omaduss\u00f5nad \u2013 kohtle neid nagu tegus\u00f5nu!<\/h3>\n\n\n\n<p>Korea grammatikas toimivad omaduss\u00f5nad sarnaselt tegus\u00f5nadega ja on konjugeeritud <a href=\"https:\/\/talkpal.ai\/locations\/language-courses-in-sama\/\">sama<\/a> s\u00fcsteemi abil. Paljud omaduss\u00f5nad l\u00f5pevad ~\ud558\ub2e4 (-hada) ja neid saab liita samamoodi nagu verbe.<\/p>\n\n\n\n<p>Vihje: Harjutage tavaliste omaduss\u00f5nade nagu \uc88b\ub2e4 (olla hea), \uc608\uc058\ub2e4 (olla ilus), \ub192\ub2e4 (olla k\u00f5rge), \ub0ae\ub2e4 (olla madal) ja \ud06c\ub2e4 (olla suur) konjugatsiooni. Nende lisamine lausetesse aitab tugevdada teie arusaamist.<\/p>\n\n\n\n<h3 class=\"wp-block-heading\" id=\"h-5-honorifics-show-your-respect\">5. Autasud &#8211; n\u00e4idake oma austust!<\/h3>\n\n\n\n<p>Korea kultuur r\u00f5hutab austuse \u00fclesn\u00e4itamist vanemate ja v\u00f5imupositsioonil olijate vastu. See peegeldub selle keeles auavalduste kaudu, mis on s\u00f5nade erivormid ja grammatilised struktuurid, mida kasutatakse viisakuse n\u00e4itamiseks. M\u00f5ned peamised n\u00e4ited on n\u00e4iteks partikli -\uaed8\uc11c (-kkeseo) kasutamine -\uc774\/\uac00 asemel, kui r\u00e4\u00e4gitakse kellestki lugupidavalt, v\u00f5i -\uc2dc (-si) lisamine verbi juurde viisakuse m\u00e4rgendina.<\/p>\n\n\n\n<p>Vihje: \u00d5ppige \u00e4ra aunimetuste kasutamise p\u00f5hit\u00f5ed, kuid \u00e4rge muretsege liiga palju selle p\u00e4rast, et kohe asjatundjaks saada. Inglise keele k\u00f5nelejana saavad korealased t\u00f5en\u00e4oliselt aru, kui teete vigu, kuid austusv\u00e4\u00e4rse pingutuse n\u00e4itamine on teretulnud.<\/p>\n\n\n\n<h3 class=\"wp-block-heading\" id=\"h-conclusion\">J\u00e4reldus:<\/h3>\n\n\n\n<p>Korea keele grammatika v\u00f5ib esialgu tunduda keeruline, kuid kogemuste ja arusaamise k\u00e4igus leiate loogilise ja j\u00e4rjepideva raamistiku. Keskendudes sellistele p\u00f5him\u00f5istetele nagu s\u00f5naj\u00e4rjekord, partiklid ja verbi\u00fchendused, hakkate varsti lauseid moodustama nagu profi. Armastage seda v\u00e4ljendusrikka keelt ja vaadake, kuidas teie korea keele grammatika valdamine avab teile terve maailma v\u00f5imalusi. \ud654\uc774\ud305 (hwaiting) &#8211; lase<\/p>\n<\/div><\/div>\n\r\n<section class=\"learnNavigationSection\">\r\n            \r\n        <a href=\"https:\/\/talkpal.ai\/et\/opi-korea-keel\/\">\r\n            <div class=\"learnNavigationWrapper\">\r\n                <div class=\"learnNavigationContent\">\r\n                    <img decoding=\"async\" src=\"https:\/\/talkpal.ai\/wp-content\/uploads\/2024\/08\/Korean.jpg\" alt=\"Korean Flag\">\r\n                    <div>\r\n                        <h4>Korea keele \u00f5ppimise kohta<\/h4>\r\n                        <p>Uuri k\u00f5ike korea keele grammatika kohta.<\/p>\r\n                    <\/div>\r\n                <\/div>\r\n            <\/div>\r\n        <\/a>\r\n\r\n        \r\n        <a href=\"https:\/\/talkpal.ai\/et\/korea-keele-grammatika-harjutused\/\">\r\n            <div class=\"learnNavigationWrapper\">\r\n                <div class=\"learnNavigationContent\">\r\n                    <img decoding=\"async\" src=\"https:\/\/talkpal.ai\/wp-content\/uploads\/2024\/08\/Korean.jpg\" alt=\"Korean Flag\">\r\n                    <div>\r\n                        <h4>Korea keele grammatika harjutus<\/h4>\r\n                        <p>Harjutage korea keele grammatikat.<\/p>\r\n                    <\/div>\r\n                <\/div>\r\n            <\/div>\r\n        <\/a>\r\n\r\n        \r\n        <a href=\"https:\/\/talkpal.ai\/vocabulary_language\/korean\/\">\r\n            <div class=\"learnNavigationWrapper\">\r\n                <div class=\"learnNavigationContent\">\r\n                    <img decoding=\"async\" src=\"https:\/\/talkpal.ai\/wp-content\/uploads\/2024\/08\/Korean.jpg\" alt=\"Korean Flag\">\r\n                    <div>\r\n                        <h4>Korea keele s\u00f5navara<\/h4>\r\n                        <p>Laiendage oma korea keele s\u00f5navara.<\/p>\r\n                    <\/div>\r\n                <\/div>\r\n            <\/div>\r\n        <\/a>\r\n\r\n            <\/section>","protected":false},"excerpt":{"rendered":"<p>Korea keele grammatika dem\u00fcstifitseerimine: Algaja juhend Korea keele \u00f5ppimine v\u00f5ib avada terve maailma v\u00f5imalusi, olgu selleks siis Korea k\u00f6\u00f6gi uurimine, uusimate K-draamade vaatamine v\u00f5i t\u00f6\u00f6tamine \u00fches L\u00f5una-Korea paljudest uuenduslikest ettev\u00f5tetest. Sellesse p\u00f5nevasse keelde sukelduva muukeelse k\u00f5nelejana v\u00f5ib \u00fcks keerulisemaid aspekte olla selle grammatika valdamine. Korea keele grammatika v\u00f5ib esmapilgul tunduda keeruline, kuid sellel on loogika [&hellip;]<\/p>\n","protected":false},"author":1,"featured_media":107602,"parent":0,"menu_order":0,"comment_status":"closed","ping_status":"closed","template":"LearningContentPage.php","meta":{"_acf_changed":false,"footnotes":""},"class_list":["post-130386","page","type-page","status-publish","has-post-thumbnail","hentry"],"acf":[],"yoast_head":"<!-- This site is optimized with the Yoast SEO Premium plugin v27.2 (Yoast SEO v27.2) - https:\/\/yoast.com\/product\/yoast-seo-premium-wordpress\/ -->\n<title>Korea keele grammatika - Talkpal<\/title>\n<meta name=\"description\" content=\"\u00d5ppige korea keele grammatikat kindlalt - tugevdage lauseehitust, selgitage reegleid ja parandage sujuvust h\u00f5lpsasti.\" \/>\n<meta name=\"robots\" content=\"index, follow, max-snippet:-1, max-image-preview:large, max-video-preview:-1\" \/>\n<link rel=\"canonical\" href=\"https:\/\/talkpal.ai\/et\/korea-keele-grammatika\/\" \/>\n<meta property=\"og:locale\" content=\"et_EE\" \/>\n<meta property=\"og:type\" content=\"article\" \/>\n<meta property=\"og:title\" content=\"Korea keele grammatika\" \/>\n<meta property=\"og:description\" content=\"Korea keele grammatika dem\u00fcstifitseerimine: Algaja juhend Korea keele \u00f5ppimine v\u00f5ib avada terve maailma v\u00f5imalusi, olgu selleks siis Korea k\u00f6\u00f6gi uurimine,\" \/>\n<meta property=\"og:url\" content=\"https:\/\/talkpal.ai\/et\/korea-keele-grammatika\/\" \/>\n<meta property=\"og:site_name\" content=\"Talkpal\" \/>\n<meta property=\"article:publisher\" content=\"https:\/\/www.facebook.com\/profile.php?id=100090733639311\" \/>\n<meta property=\"article:modified_time\" content=\"2025-12-11T16:29:42+00:00\" \/>\n<meta property=\"og:image\" content=\"https:\/\/talkpal.ai\/wp-content\/uploads\/2023\/04\/south-korea.png\" \/>\n\t<meta property=\"og:image:width\" content=\"512\" \/>\n\t<meta property=\"og:image:height\" content=\"512\" \/>\n\t<meta property=\"og:image:type\" content=\"image\/png\" \/>\n<meta name=\"twitter:card\" content=\"summary_large_image\" \/>\n<meta name=\"twitter:site\" content=\"@talkpalai\" \/>\n<meta name=\"twitter:label1\" content=\"Est. reading time\" \/>\n\t<meta name=\"twitter:data1\" content=\"3 minutit\" \/>\n<script type=\"application\/ld+json\" class=\"yoast-schema-graph\">{\"@context\":\"https:\/\/schema.org\",\"@graph\":[{\"@type\":\"WebPage\",\"@id\":\"https:\/\/talkpal.ai\/et\/korea-keele-grammatika\/\",\"url\":\"https:\/\/talkpal.ai\/et\/korea-keele-grammatika\/\",\"name\":\"Korea keele grammatika - Talkpal\",\"isPartOf\":{\"@id\":\"https:\/\/talkpal.ai\/et\/#website\"},\"primaryImageOfPage\":{\"@id\":\"https:\/\/talkpal.ai\/et\/korea-keele-grammatika\/#primaryimage\"},\"image\":{\"@id\":\"https:\/\/talkpal.ai\/et\/korea-keele-grammatika\/#primaryimage\"},\"thumbnailUrl\":\"https:\/\/talkpal.ai\/wp-content\/uploads\/2023\/04\/south-korea.png\",\"datePublished\":\"2023-05-14T13:52:27+00:00\",\"dateModified\":\"2025-12-11T16:29:42+00:00\",\"description\":\"\u00d5ppige korea keele grammatikat kindlalt - tugevdage lauseehitust, selgitage reegleid ja parandage sujuvust h\u00f5lpsasti.\",\"breadcrumb\":{\"@id\":\"https:\/\/talkpal.ai\/et\/korea-keele-grammatika\/#breadcrumb\"},\"inLanguage\":\"et\",\"potentialAction\":[{\"@type\":\"ReadAction\",\"target\":[\"https:\/\/talkpal.ai\/et\/korea-keele-grammatika\/\"]}]},{\"@type\":\"ImageObject\",\"inLanguage\":\"et\",\"@id\":\"https:\/\/talkpal.ai\/et\/korea-keele-grammatika\/#primaryimage\",\"url\":\"https:\/\/talkpal.ai\/wp-content\/uploads\/2023\/04\/south-korea.png\",\"contentUrl\":\"https:\/\/talkpal.ai\/wp-content\/uploads\/2023\/04\/south-korea.png\",\"width\":512,\"height\":512},{\"@type\":\"BreadcrumbList\",\"@id\":\"https:\/\/talkpal.ai\/et\/korea-keele-grammatika\/#breadcrumb\",\"itemListElement\":[{\"@type\":\"ListItem\",\"position\":1,\"name\":\"Homepage\",\"item\":\"https:\/\/talkpal.ai\/et\/\"},{\"@type\":\"ListItem\",\"position\":2,\"name\":\"Korea keele grammatika\"}]},{\"@type\":\"WebSite\",\"@id\":\"https:\/\/talkpal.ai\/et\/#website\",\"url\":\"https:\/\/talkpal.ai\/et\/\",\"name\":\"Talkpal\",\"description\":\"AI Language Learning\",\"publisher\":{\"@id\":\"https:\/\/talkpal.ai\/et\/#organization\"},\"alternateName\":\"Talkpal AI\",\"potentialAction\":[{\"@type\":\"SearchAction\",\"target\":{\"@type\":\"EntryPoint\",\"urlTemplate\":\"https:\/\/talkpal.ai\/et\/?s={search_term_string}\"},\"query-input\":{\"@type\":\"PropertyValueSpecification\",\"valueRequired\":true,\"valueName\":\"search_term_string\"}}],\"inLanguage\":\"et\"},{\"@type\":\"Organization\",\"@id\":\"https:\/\/talkpal.ai\/et\/#organization\",\"name\":\"Talkpal, Inc.\",\"alternateName\":\"Talkpal AI\",\"url\":\"https:\/\/talkpal.ai\/et\/\",\"logo\":{\"@type\":\"ImageObject\",\"inLanguage\":\"et\",\"@id\":\"https:\/\/talkpal.ai\/et\/#\/schema\/logo\/image\/\",\"url\":\"https:\/\/talkpal.ai\/wp-content\/uploads\/2024\/03\/Talkpal-Logo-Icon.png\",\"contentUrl\":\"https:\/\/talkpal.ai\/wp-content\/uploads\/2024\/03\/Talkpal-Logo-Icon.png\",\"width\":2880,\"height\":2880,\"caption\":\"Talkpal, Inc.\"},\"image\":{\"@id\":\"https:\/\/talkpal.ai\/et\/#\/schema\/logo\/image\/\"},\"sameAs\":[\"https:\/\/www.facebook.com\/profile.php?id=100090733639311\",\"https:\/\/x.com\/talkpalai\",\"https:\/\/www.linkedin.com\/company\/talkpal\/\",\"https:\/\/www.youtube.com\/@TalkPal\/\",\"https:\/\/www.tiktok.com\/@talkpal\",\"https:\/\/www.instagram.com\/talkpal_ai\/\",\"https:\/\/www.crunchbase.com\/organization\/talkpal-9cde\",\"https:\/\/www.g2.com\/products\/talkpal-for-business\/\",\"https:\/\/www.trustpilot.com\/review\/talkpal.ai\",\"https:\/\/www.capterra.com\/p\/10006800\/TalkPal\/\"],\"description\":\"Talkpal is a language learning web and mobile education app, powered by the latest AI technologies, that provides engaging experiences to its customers in many different languages to help them improve their language skills. Users can chat about unlimited amount of topics with the app and use other modes to practice their language learning.\",\"email\":\"support@talkpal.ai\",\"legalName\":\"Talkpal, Inc.\",\"foundingDate\":\"2023-04-03\",\"duns\":\"118989042\",\"numberOfEmployees\":{\"@type\":\"QuantitativeValue\",\"minValue\":\"11\",\"maxValue\":\"50\"},\"publishingPrinciples\":\"https:\/\/talkpal.ai\/publishing-principles\/\",\"actionableFeedbackPolicy\":\"https:\/\/talkpal.ai\/actionable-feedback-policy\/\",\"correctionsPolicy\":\"https:\/\/talkpal.ai\/corrections-policy\/\",\"ethicsPolicy\":\"https:\/\/talkpal.ai\/ethics-policy\/\",\"diversityPolicy\":\"https:\/\/talkpal.ai\/diversity-policy\/\",\"diversityStaffingReport\":\"https:\/\/talkpal.ai\/diversity-policy\/\"}]}<\/script>\n<!-- \/ Yoast SEO Premium plugin. -->","yoast_head_json":{"title":"Korea keele grammatika - Talkpal","description":"\u00d5ppige korea keele grammatikat kindlalt - tugevdage lauseehitust, selgitage reegleid ja parandage sujuvust h\u00f5lpsasti.","robots":{"index":"index","follow":"follow","max-snippet":"max-snippet:-1","max-image-preview":"max-image-preview:large","max-video-preview":"max-video-preview:-1"},"canonical":"https:\/\/talkpal.ai\/et\/korea-keele-grammatika\/","og_locale":"et_EE","og_type":"article","og_title":"Korea keele grammatika","og_description":"Korea keele grammatika dem\u00fcstifitseerimine: Algaja juhend Korea keele \u00f5ppimine v\u00f5ib avada terve maailma v\u00f5imalusi, olgu selleks siis Korea k\u00f6\u00f6gi uurimine,","og_url":"https:\/\/talkpal.ai\/et\/korea-keele-grammatika\/","og_site_name":"Talkpal","article_publisher":"https:\/\/www.facebook.com\/profile.php?id=100090733639311","article_modified_time":"2025-12-11T16:29:42+00:00","og_image":[{"width":512,"height":512,"url":"https:\/\/talkpal.ai\/wp-content\/uploads\/2023\/04\/south-korea.png","type":"image\/png"}],"twitter_card":"summary_large_image","twitter_site":"@talkpalai","twitter_misc":{"Est. reading time":"3 minutit"},"schema":{"@context":"https:\/\/schema.org","@graph":[{"@type":"WebPage","@id":"https:\/\/talkpal.ai\/et\/korea-keele-grammatika\/","url":"https:\/\/talkpal.ai\/et\/korea-keele-grammatika\/","name":"Korea keele grammatika - Talkpal","isPartOf":{"@id":"https:\/\/talkpal.ai\/et\/#website"},"primaryImageOfPage":{"@id":"https:\/\/talkpal.ai\/et\/korea-keele-grammatika\/#primaryimage"},"image":{"@id":"https:\/\/talkpal.ai\/et\/korea-keele-grammatika\/#primaryimage"},"thumbnailUrl":"https:\/\/talkpal.ai\/wp-content\/uploads\/2023\/04\/south-korea.png","datePublished":"2023-05-14T13:52:27+00:00","dateModified":"2025-12-11T16:29:42+00:00","description":"\u00d5ppige korea keele grammatikat kindlalt - tugevdage lauseehitust, selgitage reegleid ja parandage sujuvust h\u00f5lpsasti.","breadcrumb":{"@id":"https:\/\/talkpal.ai\/et\/korea-keele-grammatika\/#breadcrumb"},"inLanguage":"et","potentialAction":[{"@type":"ReadAction","target":["https:\/\/talkpal.ai\/et\/korea-keele-grammatika\/"]}]},{"@type":"ImageObject","inLanguage":"et","@id":"https:\/\/talkpal.ai\/et\/korea-keele-grammatika\/#primaryimage","url":"https:\/\/talkpal.ai\/wp-content\/uploads\/2023\/04\/south-korea.png","contentUrl":"https:\/\/talkpal.ai\/wp-content\/uploads\/2023\/04\/south-korea.png","width":512,"height":512},{"@type":"BreadcrumbList","@id":"https:\/\/talkpal.ai\/et\/korea-keele-grammatika\/#breadcrumb","itemListElement":[{"@type":"ListItem","position":1,"name":"Homepage","item":"https:\/\/talkpal.ai\/et\/"},{"@type":"ListItem","position":2,"name":"Korea keele grammatika"}]},{"@type":"WebSite","@id":"https:\/\/talkpal.ai\/et\/#website","url":"https:\/\/talkpal.ai\/et\/","name":"Talkpal","description":"AI Language Learning","publisher":{"@id":"https:\/\/talkpal.ai\/et\/#organization"},"alternateName":"Talkpal AI","potentialAction":[{"@type":"SearchAction","target":{"@type":"EntryPoint","urlTemplate":"https:\/\/talkpal.ai\/et\/?s={search_term_string}"},"query-input":{"@type":"PropertyValueSpecification","valueRequired":true,"valueName":"search_term_string"}}],"inLanguage":"et"},{"@type":"Organization","@id":"https:\/\/talkpal.ai\/et\/#organization","name":"Talkpal, Inc.","alternateName":"Talkpal AI","url":"https:\/\/talkpal.ai\/et\/","logo":{"@type":"ImageObject","inLanguage":"et","@id":"https:\/\/talkpal.ai\/et\/#\/schema\/logo\/image\/","url":"https:\/\/talkpal.ai\/wp-content\/uploads\/2024\/03\/Talkpal-Logo-Icon.png","contentUrl":"https:\/\/talkpal.ai\/wp-content\/uploads\/2024\/03\/Talkpal-Logo-Icon.png","width":2880,"height":2880,"caption":"Talkpal, Inc."},"image":{"@id":"https:\/\/talkpal.ai\/et\/#\/schema\/logo\/image\/"},"sameAs":["https:\/\/www.facebook.com\/profile.php?id=100090733639311","https:\/\/x.com\/talkpalai","https:\/\/www.linkedin.com\/company\/talkpal\/","https:\/\/www.youtube.com\/@TalkPal\/","https:\/\/www.tiktok.com\/@talkpal","https:\/\/www.instagram.com\/talkpal_ai\/","https:\/\/www.crunchbase.com\/organization\/talkpal-9cde","https:\/\/www.g2.com\/products\/talkpal-for-business\/","https:\/\/www.trustpilot.com\/review\/talkpal.ai","https:\/\/www.capterra.com\/p\/10006800\/TalkPal\/"],"description":"Talkpal is a language learning web and mobile education app, powered by the latest AI technologies, that provides engaging experiences to its customers in many different languages to help them improve their language skills. Users can chat about unlimited amount of topics with the app and use other modes to practice their language learning.","email":"support@talkpal.ai","legalName":"Talkpal, Inc.","foundingDate":"2023-04-03","duns":"118989042","numberOfEmployees":{"@type":"QuantitativeValue","minValue":"11","maxValue":"50"},"publishingPrinciples":"https:\/\/talkpal.ai\/publishing-principles\/","actionableFeedbackPolicy":"https:\/\/talkpal.ai\/actionable-feedback-policy\/","correctionsPolicy":"https:\/\/talkpal.ai\/corrections-policy\/","ethicsPolicy":"https:\/\/talkpal.ai\/ethics-policy\/","diversityPolicy":"https:\/\/talkpal.ai\/diversity-policy\/","diversityStaffingReport":"https:\/\/talkpal.ai\/diversity-policy\/"}]}},"_links":{"self":[{"href":"https:\/\/talkpal.ai\/et\/wp-json\/wp\/v2\/pages\/130386","targetHints":{"allow":["GET"]}}],"collection":[{"href":"https:\/\/talkpal.ai\/et\/wp-json\/wp\/v2\/pages"}],"about":[{"href":"https:\/\/talkpal.ai\/et\/wp-json\/wp\/v2\/types\/page"}],"author":[{"embeddable":true,"href":"https:\/\/talkpal.ai\/et\/wp-json\/wp\/v2\/users\/1"}],"replies":[{"embeddable":true,"href":"https:\/\/talkpal.ai\/et\/wp-json\/wp\/v2\/comments?post=130386"}],"version-history":[{"count":0,"href":"https:\/\/talkpal.ai\/et\/wp-json\/wp\/v2\/pages\/130386\/revisions"}],"wp:featuredmedia":[{"embeddable":true,"href":"https:\/\/talkpal.ai\/et\/wp-json\/wp\/v2\/media\/107602"}],"wp:attachment":[{"href":"https:\/\/talkpal.ai\/et\/wp-json\/wp\/v2\/media?parent=130386"}],"curies":[{"name":"wp","href":"https:\/\/api.w.org\/{rel}","templated":true}]}}