{"id":130009,"date":"2023-05-14T13:51:46","date_gmt":"2023-05-14T13:51:46","guid":{"rendered":"http:\/\/talkpal.ai\/portugali-keele-grammatika\/"},"modified":"2025-12-11T16:48:07","modified_gmt":"2025-12-11T16:48:07","slug":"portugali-keele-grammatika","status":"publish","type":"page","link":"https:\/\/talkpal.ai\/et\/portugali-keele-grammatika\/","title":{"rendered":"Portugali keele grammatika"},"content":{"rendered":"\r\n\r\n\r\n<section class=\"languageChallengeSection\">\r\n    <div class=\"languageInfoWrapper\">\r\n        \r\n        <h1>Portugali keele grammatika<\/h1>\r\n        <p>Tutvuge <a href=\"https:\/\/talkpal.ai\/portuguese-grammar\/\">portugali keele grammatika<\/a> p\u00f5hit\u00f5dedega ja avage maailma v\u00f5imalused, et luua kontakte miljonite k\u00f5nelejatega kogu maailmas. Selle p\u00f5hireeglite ja -struktuuride valdamisega olete valmis suhtlema enesekindlalt ja nautima t\u00e4ielikult <a href=\"https:\/\/talkpal.ai\/learn-portuguese\/\">portugali<\/a> kultuuri. Alusta <a href=\"https:\/\/talkpal.ai\/et\/opi-portugali-keel\/\">portugali keele<\/a> <a href=\"https:\/\/talkpal.ai\/greek-grammar\/\">grammatika<\/a> \u00f5ppimist juba t\u00e4na ja astu esimene samm sujuva keeleoskuse suunas!<\/p>\r\n\r\n                            <a class=\"getStartedHidden\" href=\"https:\/\/app.talkpal.ai\/et\/signup?lng=\">Alusta<\/a>\r\n        \r\n    <\/div>\r\n\r\n    <figure>\r\n    <img decoding=\"async\" width=\"768\" height=\"768\" src=\"https:\/\/talkpal.ai\/wp-content\/uploads\/2023\/06\/portuguese-768x768.png\" class=\"languageImage no-lazy\" alt=\"Language learning for broader world view\" fetchpriority=\"high\" sizes=\"(max-width: 768px) 150px, 768px\" srcset=\"https:\/\/talkpal.ai\/wp-content\/uploads\/2023\/06\/portuguese-768x768.png 768w, https:\/\/talkpal.ai\/wp-content\/uploads\/2023\/06\/portuguese-300x300.png 300w\" \/>\r\n    \r\n\r\n    <\/figure>\r\n\r\n            <a class=\"getStartedVisible\" href=\"https:\/\/app.talkpal.ai\/et\/signup?lng=\">Alusta<\/a>\r\n    \r\n<\/section>\r\n<section class=\"promotionalBanner\">\r\n    <p class=\"promotionalText\">K\u00f5ige t\u00f5husam viis keele \u00f5ppimiseks<\/p>\r\n    <a class=\"promotionalLink\" href=\"https:\/\/app.talkpal.ai\/et\/signup?lng=\">Proovige Talkpal tasuta<\/a>\r\n<\/section>\n<div class=\"wp-block-group pageContainerStyle\"><div class=\"wp-block-group__inner-container is-layout-constrained wp-block-group-is-layout-constrained\">\n<h2 class=\"wp-block-heading\" id=\"h-a-beginner-s-guide-to-understanding-portuguese-grammar\">Algajate juhend portugali keele grammatika m\u00f5istmiseks<\/h2>\n\n\n\n<p><a href=\"https:\/\/talkpal.ai\/et\/opi-portugali-keel\/\">Portugali keele<\/a> <a href=\"https:\/\/talkpal.ai\/et\/oppimine\/\">\u00f5ppimine<\/a> v\u00f5ib olla p\u00f5nev ja rahuldust pakkuv kogemus, olenemata sellest, kas plaanite reisi Portugali v\u00f5i olete lihtsalt huvitatud uue keele omandamisest. Portugali keele\u00f5ppe \u00fcks oluline aspekt, nagu <a href=\"https:\/\/talkpal.ai\/locations\/language-courses-in-iga\/\">iga<\/a> teinegi, on selle grammatika m\u00f5istmine. See artikkel juhendab teid portugali keele grammatika p\u00f5hit\u00f5dede kaudu, pakkudes teile olulisi n\u00e4pun\u00e4iteid ja teadmisi, mis aitavad teil h\u00f5lpsalt navigeerida ja suhelda. Nii et kui olete oodanud, et sukelduda portugali keelde, siis alustame!<\/p>\n\n\n\n<h3 class=\"wp-block-heading\" id=\"h-1-the-basics-nouns-pronouns-and-articles\">1. P\u00f5hit\u00f5ed: nimis\u00f5nad, ases\u00f5nad ja artiklid<\/h3>\n\n\n\n<p>Nagu <a href=\"https:\/\/talkpal.ai\/learn-english\/\">inglise<\/a> keeles, on portugali keele grammatika \u00fcles ehitatud nimis\u00f5nade, ases\u00f5nade ja artiklite \u00fcmber. Portugali keele nimis\u00f5nad v\u00f5ivad olla nii maskuliinsed kui ka feminiinsed ning \u00f5ige lause moodustamiseks on oluline kindlaks m\u00e4\u00e4rata sugu. N\u00e4iteks &#8220;o menino&#8221; t\u00e4hendab &#8220;poiss&#8221;, &#8220;a menina&#8221; aga &#8220;t\u00fcdruk&#8221;.<\/p>\n\n\n\n<p>Portugali ases\u00f5nad, nagu inglise keel, toimivad nimis\u00f5nade asendajatena. Ka neil on sugu. Isikuliste ases\u00f5nade hulka kuuluvad eu (I), voc\u00ea\/tu (sina), ele\/ela (ta\/ta), n\u00f3s (meie) ja eles\/elas (nad).<\/p>\n\n\n\n<p>Kindlad artiklid (the) ja m\u00e4\u00e4ramata artiklid (a\/an) on samuti soospetsiifilised ja olulised lauseehituseks. Portugali keeles on l\u00f5plikud artiklid &#8220;o&#8221; (maskuliinne) ja &#8220;a&#8221; (feminiinne) ning m\u00e4\u00e4ramata artiklid &#8220;um&#8221; (maskuliinne) ja &#8220;uma&#8221; (feminiinne).<\/p>\n\n\n\n<h3 class=\"wp-block-heading\" id=\"h-2-adjectives-and-adverbs-add-spice-to-your-sentences\">2. Omaduss\u00f5nad ja m\u00e4\u00e4rs\u00f5nad: lisage oma lausetele v\u00fcrtsi<\/h3>\n\n\n\n<p>Omaduss\u00f5nad on s\u00f5nad, mis kirjeldavad v\u00f5i muudavad nimis\u00f5nu, ja nagu nimis\u00f5nad, on neil ka sugu. Tavaliselt on o-l\u00f5pulised omaduss\u00f5nad maskuliinsed, a-l\u00f5pulised aga feminiinsed. Oluline on sobitada omaduss\u00f5na sugu kirjeldatava nimis\u00f5naga. N\u00e4iteks &#8220;homem alto&#8221; t\u00e4hendab &#8220;pikk mees&#8221;, &#8220;mulher alta&#8221; aga &#8220;pikk naine&#8221;.<\/p>\n\n\n\n<p>Adverbid seevastu muudavad tegus\u00f5nu, omaduss\u00f5nu v\u00f5i muid m\u00e4\u00e4rs\u00f5nu. Portugali keeles ei ole adverbidel tavaliselt soop\u00f5hiseid vorme. M\u00f5ned levinud omaduss\u00f5nad on &#8220;rapidamente&#8221; (kiiresti), &#8220;lentamente&#8221; (aeglaselt) ja &#8220;sempre&#8221; (alati).<\/p>\n\n\n\n<h3 class=\"wp-block-heading\" id=\"h-3-verbs-the-action-words\">3. Tegus\u00f5nad: tegevuss\u00f5nad<\/h3>\n\n\n\n<p>Portugali verbid liigitatakse kolme konjugatsioonir\u00fchma (-ar, -er, -ir) ja nende vormid muutuvad s\u00f5ltuvalt pingest ja subjektist. Need on m\u00f5ned olulised ajavormid, mida peate teadma:<\/p>\n\n\n\n<p>&#8211; Praegune aeg (Presente): Kirjeldab praegu toimuvaid tegevusi v\u00f5i harjumusp\u00e4raseid tegevusi.<br\/>&#8211; Minevikus (Pret\u00e9rito): Kirjeldab minevikus toimunud tegevusi. On kahte t\u00fc\u00fcpi: Pret\u00e9rito Perfeito (lihtne minevik) ja Pret\u00e9rito Imperfeito (minevik).<br\/>&#8211; Tulevikus (Futuro): Kirjeldab tegevusi, mis toimuvad tulevikus.<\/p>\n\n\n\n<p>Verbi konjugatsiooni valdamine v\u00f5ib portugali keeles olla v\u00e4ljakutse, kuid praktika ja j\u00e4rjepidevus aitavad teil seda t\u00f5husamalt m\u00f5ista.<\/p>\n\n\n\n<h3 class=\"wp-block-heading\" id=\"h-4-word-order-building-understandable-sentences\">4. S\u00f5nade j\u00e4rjekord: arusaadavate lausete loomine<\/h3>\n\n\n\n<p>T\u00fc\u00fcpiline portugali lauseehitus j\u00e4rgib subjekti-verbi-objekti (SVO) j\u00e4rjekorda. N\u00e4iteks lause &#8220;Eu amo pizza&#8221; (&#8220;Ma armastan pitsat&#8221;) j\u00e4rgib seda mustrit. Portugali keele grammatika v\u00f5ib siiski olla \u00fcsna paindlik ja v\u00f5ite kohata erinevusi s\u00f5nade j\u00e4rjekorras, eriti kirjanduses v\u00f5i mitteametlikes vestlustes. Kontekst ja terve m\u00f5istus on nende variatsioonide m\u00f5istmisel \u00fcliolulised.<\/p>\n\n\n\n<h3 class=\"wp-block-heading\" id=\"h-5-negation-and-interrogation-say-no-and-ask-questions\">5. Eitamine ja \u00fclekuulamine: \u00f6elge ei ja esitage k\u00fcsimusi<\/h3>\n\n\n\n<p>Portugali keeles lause eitamiseks tuleb lihtsalt panna s\u00f5na &#8220;n\u00e3o&#8221; verbi ette. N\u00e4iteks &#8220;Eu n\u00e3o falo portugu\u00eas&#8221; t\u00e4hendab &#8220;ma ei r\u00e4\u00e4gi portugali keelt&#8221;.<\/p>\n\n\n\n<p>Selleks, et muuta portugali keeles v\u00e4ide k\u00fcsimuseks, v\u00f5ite kas muuta s\u00f5naj\u00e4rge v\u00f5i kasutada k\u00fcsivat s\u00f5na (n\u00e4iteks &#8220;quem&#8221; kui &#8220;kes&#8221;, &#8220;o que&#8221; kui &#8220;mis&#8221; v\u00f5i &#8220;onde&#8221; kui &#8220;kus&#8221;). N\u00e4iteks &#8220;Voc\u00ea fala ingl\u00eas?&#8221; t\u00e4hendab &#8220;Kas sa r\u00e4\u00e4gid inglise keelt?&#8221;.<\/p>\n\n\n\n<h3 class=\"wp-block-heading\" id=\"h-conclusion\">Kokkuv\u00f5te<\/h3>\n\n\n\n<p>Portugali keele grammatika \u00f5ppimine v\u00f5ib tunduda hirmutav, kuid \u00e4rge laske end heidutada! Igal keelel on oma keerukus, kuid j\u00e4rjepidevuse, harjutamise ja pisut kannatlikkust kasutades leiate end suhtlemas enesekindlalt ja t\u00f5husalt. Pidage meeles, et grammatika \u00f5ppimine on vaid \u00fcks osa keele omandamisest ning peaksite harjutama ka portugali keeles kuulamist, r\u00e4\u00e4kimist ja lugemist. Boa sorteeri! (\u00d5nn kaasa!)<\/p>\n<\/div><\/div>\n\r\n<section class=\"learnNavigationSection\">\r\n            \r\n        <a href=\"https:\/\/talkpal.ai\/et\/opi-portugali-keel\/\">\r\n            <div class=\"learnNavigationWrapper\">\r\n                <div class=\"learnNavigationContent\">\r\n                    <img decoding=\"async\" src=\"https:\/\/talkpal.ai\/wp-content\/uploads\/2024\/08\/Portuguese.jpg\" alt=\"Portuguese Flag\">\r\n                    <div>\r\n                        <h4>Portugali \u00f5ppimise kohta<\/h4>\r\n                        <p>Uurige k\u00f5ike Portugali grammatika kohta.<\/p>\r\n                    <\/div>\r\n                <\/div>\r\n            <\/div>\r\n        <\/a>\r\n\r\n        \r\n        <a href=\"https:\/\/talkpal.ai\/et\/portugali-keele-grammatikaharjutused\/\">\r\n            <div class=\"learnNavigationWrapper\">\r\n                <div class=\"learnNavigationContent\">\r\n                    <img decoding=\"async\" src=\"https:\/\/talkpal.ai\/wp-content\/uploads\/2024\/08\/Portuguese.jpg\" alt=\"Portuguese Flag\">\r\n                    <div>\r\n                        <h4>Portugali keele grammatika harjutus<\/h4>\r\n                        <p>Harjutage portugali keele grammatikat.<\/p>\r\n                    <\/div>\r\n                <\/div>\r\n            <\/div>\r\n        <\/a>\r\n\r\n        \r\n        <a href=\"https:\/\/talkpal.ai\/vocabulary_language\/portuguese\/\">\r\n            <div class=\"learnNavigationWrapper\">\r\n                <div class=\"learnNavigationContent\">\r\n                    <img decoding=\"async\" src=\"https:\/\/talkpal.ai\/wp-content\/uploads\/2024\/08\/Portuguese.jpg\" alt=\"Portuguese Flag\">\r\n                    <div>\r\n                        <h4>Portugali keele s\u00f5navara<\/h4>\r\n                        <p>Laiendage oma portugali keele s\u00f5navara.<\/p>\r\n                    <\/div>\r\n                <\/div>\r\n            <\/div>\r\n        <\/a>\r\n\r\n            <\/section>","protected":false},"excerpt":{"rendered":"<p>Algajate juhend portugali keele grammatika m\u00f5istmiseks Portugali keele \u00f5ppimine v\u00f5ib olla p\u00f5nev ja rahuldust pakkuv kogemus, olenemata sellest, kas plaanite reisi Portugali v\u00f5i olete lihtsalt huvitatud uue keele omandamisest. Portugali keele\u00f5ppe \u00fcks oluline aspekt, nagu iga teinegi, on selle grammatika m\u00f5istmine. See artikkel juhendab teid portugali keele grammatika p\u00f5hit\u00f5dede kaudu, pakkudes teile olulisi n\u00e4pun\u00e4iteid ja [&hellip;]<\/p>\n","protected":false},"author":1,"featured_media":107857,"parent":0,"menu_order":0,"comment_status":"closed","ping_status":"closed","template":"LearningContentPage.php","meta":{"_acf_changed":false,"footnotes":""},"class_list":["post-130009","page","type-page","status-publish","has-post-thumbnail","hentry"],"acf":[],"yoast_head":"<!-- This site is optimized with the Yoast SEO Premium plugin v27.2 (Yoast SEO v27.2) - https:\/\/yoast.com\/product\/yoast-seo-premium-wordpress\/ -->\n<title>Portugali keele grammatika - Talkpal<\/title>\n<meta name=\"description\" content=\"\u00d5ppige portugali keele grammatikat interaktiivsete harjutuste abil, mis on m\u00f5eldud k\u00f5igile tasemetele. Suurendage oma keeleoskust!\" \/>\n<meta name=\"robots\" content=\"index, follow, max-snippet:-1, max-image-preview:large, max-video-preview:-1\" \/>\n<link rel=\"canonical\" href=\"https:\/\/talkpal.ai\/et\/portugali-keele-grammatika\/\" \/>\n<meta property=\"og:locale\" content=\"et_EE\" \/>\n<meta property=\"og:type\" content=\"article\" \/>\n<meta property=\"og:title\" content=\"Portugali keele grammatika\" \/>\n<meta property=\"og:description\" content=\"Algajate juhend portugali keele grammatika m\u00f5istmiseks Portugali keele \u00f5ppimine v\u00f5ib olla p\u00f5nev ja rahuldust pakkuv kogemus, olenemata sellest, kas\" \/>\n<meta property=\"og:url\" content=\"https:\/\/talkpal.ai\/et\/portugali-keele-grammatika\/\" \/>\n<meta property=\"og:site_name\" content=\"Talkpal\" \/>\n<meta property=\"article:publisher\" content=\"https:\/\/www.facebook.com\/profile.php?id=100090733639311\" \/>\n<meta property=\"article:modified_time\" content=\"2025-12-11T16:48:07+00:00\" \/>\n<meta property=\"og:image\" content=\"https:\/\/talkpal.ai\/wp-content\/uploads\/2023\/04\/portugal.png\" \/>\n\t<meta property=\"og:image:width\" content=\"512\" \/>\n\t<meta property=\"og:image:height\" content=\"512\" \/>\n\t<meta property=\"og:image:type\" content=\"image\/png\" \/>\n<meta name=\"twitter:card\" content=\"summary_large_image\" \/>\n<meta name=\"twitter:site\" content=\"@talkpalai\" \/>\n<meta name=\"twitter:label1\" content=\"Est. reading time\" \/>\n\t<meta name=\"twitter:data1\" content=\"3 minutit\" \/>\n<script type=\"application\/ld+json\" class=\"yoast-schema-graph\">{\"@context\":\"https:\/\/schema.org\",\"@graph\":[{\"@type\":\"WebPage\",\"@id\":\"https:\/\/talkpal.ai\/et\/portugali-keele-grammatika\/\",\"url\":\"https:\/\/talkpal.ai\/et\/portugali-keele-grammatika\/\",\"name\":\"Portugali keele grammatika - Talkpal\",\"isPartOf\":{\"@id\":\"https:\/\/talkpal.ai\/et\/#website\"},\"primaryImageOfPage\":{\"@id\":\"https:\/\/talkpal.ai\/et\/portugali-keele-grammatika\/#primaryimage\"},\"image\":{\"@id\":\"https:\/\/talkpal.ai\/et\/portugali-keele-grammatika\/#primaryimage\"},\"thumbnailUrl\":\"https:\/\/talkpal.ai\/wp-content\/uploads\/2023\/04\/portugal.png\",\"datePublished\":\"2023-05-14T13:51:46+00:00\",\"dateModified\":\"2025-12-11T16:48:07+00:00\",\"description\":\"\u00d5ppige portugali keele grammatikat interaktiivsete harjutuste abil, mis on m\u00f5eldud k\u00f5igile tasemetele. Suurendage oma keeleoskust!\",\"breadcrumb\":{\"@id\":\"https:\/\/talkpal.ai\/et\/portugali-keele-grammatika\/#breadcrumb\"},\"inLanguage\":\"et\",\"potentialAction\":[{\"@type\":\"ReadAction\",\"target\":[\"https:\/\/talkpal.ai\/et\/portugali-keele-grammatika\/\"]}]},{\"@type\":\"ImageObject\",\"inLanguage\":\"et\",\"@id\":\"https:\/\/talkpal.ai\/et\/portugali-keele-grammatika\/#primaryimage\",\"url\":\"https:\/\/talkpal.ai\/wp-content\/uploads\/2023\/04\/portugal.png\",\"contentUrl\":\"https:\/\/talkpal.ai\/wp-content\/uploads\/2023\/04\/portugal.png\",\"width\":512,\"height\":512},{\"@type\":\"BreadcrumbList\",\"@id\":\"https:\/\/talkpal.ai\/et\/portugali-keele-grammatika\/#breadcrumb\",\"itemListElement\":[{\"@type\":\"ListItem\",\"position\":1,\"name\":\"Homepage\",\"item\":\"https:\/\/talkpal.ai\/et\/\"},{\"@type\":\"ListItem\",\"position\":2,\"name\":\"Portugali keele grammatika\"}]},{\"@type\":\"WebSite\",\"@id\":\"https:\/\/talkpal.ai\/et\/#website\",\"url\":\"https:\/\/talkpal.ai\/et\/\",\"name\":\"Talkpal\",\"description\":\"AI Language Learning\",\"publisher\":{\"@id\":\"https:\/\/talkpal.ai\/et\/#organization\"},\"alternateName\":\"Talkpal AI\",\"potentialAction\":[{\"@type\":\"SearchAction\",\"target\":{\"@type\":\"EntryPoint\",\"urlTemplate\":\"https:\/\/talkpal.ai\/et\/?s={search_term_string}\"},\"query-input\":{\"@type\":\"PropertyValueSpecification\",\"valueRequired\":true,\"valueName\":\"search_term_string\"}}],\"inLanguage\":\"et\"},{\"@type\":\"Organization\",\"@id\":\"https:\/\/talkpal.ai\/et\/#organization\",\"name\":\"Talkpal, Inc.\",\"alternateName\":\"Talkpal AI\",\"url\":\"https:\/\/talkpal.ai\/et\/\",\"logo\":{\"@type\":\"ImageObject\",\"inLanguage\":\"et\",\"@id\":\"https:\/\/talkpal.ai\/et\/#\/schema\/logo\/image\/\",\"url\":\"https:\/\/talkpal.ai\/wp-content\/uploads\/2024\/03\/Talkpal-Logo-Icon.png\",\"contentUrl\":\"https:\/\/talkpal.ai\/wp-content\/uploads\/2024\/03\/Talkpal-Logo-Icon.png\",\"width\":2880,\"height\":2880,\"caption\":\"Talkpal, Inc.\"},\"image\":{\"@id\":\"https:\/\/talkpal.ai\/et\/#\/schema\/logo\/image\/\"},\"sameAs\":[\"https:\/\/www.facebook.com\/profile.php?id=100090733639311\",\"https:\/\/x.com\/talkpalai\",\"https:\/\/www.linkedin.com\/company\/talkpal\/\",\"https:\/\/www.youtube.com\/@TalkPal\/\",\"https:\/\/www.tiktok.com\/@talkpal\",\"https:\/\/www.instagram.com\/talkpal_ai\/\",\"https:\/\/www.crunchbase.com\/organization\/talkpal-9cde\",\"https:\/\/www.g2.com\/products\/talkpal-for-business\/\",\"https:\/\/www.trustpilot.com\/review\/talkpal.ai\",\"https:\/\/www.capterra.com\/p\/10006800\/TalkPal\/\"],\"description\":\"Talkpal is a language learning web and mobile education app, powered by the latest AI technologies, that provides engaging experiences to its customers in many different languages to help them improve their language skills. Users can chat about unlimited amount of topics with the app and use other modes to practice their language learning.\",\"email\":\"support@talkpal.ai\",\"legalName\":\"Talkpal, Inc.\",\"foundingDate\":\"2023-04-03\",\"duns\":\"118989042\",\"numberOfEmployees\":{\"@type\":\"QuantitativeValue\",\"minValue\":\"11\",\"maxValue\":\"50\"},\"publishingPrinciples\":\"https:\/\/talkpal.ai\/publishing-principles\/\",\"actionableFeedbackPolicy\":\"https:\/\/talkpal.ai\/actionable-feedback-policy\/\",\"correctionsPolicy\":\"https:\/\/talkpal.ai\/corrections-policy\/\",\"ethicsPolicy\":\"https:\/\/talkpal.ai\/ethics-policy\/\",\"diversityPolicy\":\"https:\/\/talkpal.ai\/diversity-policy\/\",\"diversityStaffingReport\":\"https:\/\/talkpal.ai\/diversity-policy\/\"}]}<\/script>\n<!-- \/ Yoast SEO Premium plugin. -->","yoast_head_json":{"title":"Portugali keele grammatika - Talkpal","description":"\u00d5ppige portugali keele grammatikat interaktiivsete harjutuste abil, mis on m\u00f5eldud k\u00f5igile tasemetele. Suurendage oma keeleoskust!","robots":{"index":"index","follow":"follow","max-snippet":"max-snippet:-1","max-image-preview":"max-image-preview:large","max-video-preview":"max-video-preview:-1"},"canonical":"https:\/\/talkpal.ai\/et\/portugali-keele-grammatika\/","og_locale":"et_EE","og_type":"article","og_title":"Portugali keele grammatika","og_description":"Algajate juhend portugali keele grammatika m\u00f5istmiseks Portugali keele \u00f5ppimine v\u00f5ib olla p\u00f5nev ja rahuldust pakkuv kogemus, olenemata sellest, kas","og_url":"https:\/\/talkpal.ai\/et\/portugali-keele-grammatika\/","og_site_name":"Talkpal","article_publisher":"https:\/\/www.facebook.com\/profile.php?id=100090733639311","article_modified_time":"2025-12-11T16:48:07+00:00","og_image":[{"width":512,"height":512,"url":"https:\/\/talkpal.ai\/wp-content\/uploads\/2023\/04\/portugal.png","type":"image\/png"}],"twitter_card":"summary_large_image","twitter_site":"@talkpalai","twitter_misc":{"Est. reading time":"3 minutit"},"schema":{"@context":"https:\/\/schema.org","@graph":[{"@type":"WebPage","@id":"https:\/\/talkpal.ai\/et\/portugali-keele-grammatika\/","url":"https:\/\/talkpal.ai\/et\/portugali-keele-grammatika\/","name":"Portugali keele grammatika - Talkpal","isPartOf":{"@id":"https:\/\/talkpal.ai\/et\/#website"},"primaryImageOfPage":{"@id":"https:\/\/talkpal.ai\/et\/portugali-keele-grammatika\/#primaryimage"},"image":{"@id":"https:\/\/talkpal.ai\/et\/portugali-keele-grammatika\/#primaryimage"},"thumbnailUrl":"https:\/\/talkpal.ai\/wp-content\/uploads\/2023\/04\/portugal.png","datePublished":"2023-05-14T13:51:46+00:00","dateModified":"2025-12-11T16:48:07+00:00","description":"\u00d5ppige portugali keele grammatikat interaktiivsete harjutuste abil, mis on m\u00f5eldud k\u00f5igile tasemetele. Suurendage oma keeleoskust!","breadcrumb":{"@id":"https:\/\/talkpal.ai\/et\/portugali-keele-grammatika\/#breadcrumb"},"inLanguage":"et","potentialAction":[{"@type":"ReadAction","target":["https:\/\/talkpal.ai\/et\/portugali-keele-grammatika\/"]}]},{"@type":"ImageObject","inLanguage":"et","@id":"https:\/\/talkpal.ai\/et\/portugali-keele-grammatika\/#primaryimage","url":"https:\/\/talkpal.ai\/wp-content\/uploads\/2023\/04\/portugal.png","contentUrl":"https:\/\/talkpal.ai\/wp-content\/uploads\/2023\/04\/portugal.png","width":512,"height":512},{"@type":"BreadcrumbList","@id":"https:\/\/talkpal.ai\/et\/portugali-keele-grammatika\/#breadcrumb","itemListElement":[{"@type":"ListItem","position":1,"name":"Homepage","item":"https:\/\/talkpal.ai\/et\/"},{"@type":"ListItem","position":2,"name":"Portugali keele grammatika"}]},{"@type":"WebSite","@id":"https:\/\/talkpal.ai\/et\/#website","url":"https:\/\/talkpal.ai\/et\/","name":"Talkpal","description":"AI Language Learning","publisher":{"@id":"https:\/\/talkpal.ai\/et\/#organization"},"alternateName":"Talkpal AI","potentialAction":[{"@type":"SearchAction","target":{"@type":"EntryPoint","urlTemplate":"https:\/\/talkpal.ai\/et\/?s={search_term_string}"},"query-input":{"@type":"PropertyValueSpecification","valueRequired":true,"valueName":"search_term_string"}}],"inLanguage":"et"},{"@type":"Organization","@id":"https:\/\/talkpal.ai\/et\/#organization","name":"Talkpal, Inc.","alternateName":"Talkpal AI","url":"https:\/\/talkpal.ai\/et\/","logo":{"@type":"ImageObject","inLanguage":"et","@id":"https:\/\/talkpal.ai\/et\/#\/schema\/logo\/image\/","url":"https:\/\/talkpal.ai\/wp-content\/uploads\/2024\/03\/Talkpal-Logo-Icon.png","contentUrl":"https:\/\/talkpal.ai\/wp-content\/uploads\/2024\/03\/Talkpal-Logo-Icon.png","width":2880,"height":2880,"caption":"Talkpal, Inc."},"image":{"@id":"https:\/\/talkpal.ai\/et\/#\/schema\/logo\/image\/"},"sameAs":["https:\/\/www.facebook.com\/profile.php?id=100090733639311","https:\/\/x.com\/talkpalai","https:\/\/www.linkedin.com\/company\/talkpal\/","https:\/\/www.youtube.com\/@TalkPal\/","https:\/\/www.tiktok.com\/@talkpal","https:\/\/www.instagram.com\/talkpal_ai\/","https:\/\/www.crunchbase.com\/organization\/talkpal-9cde","https:\/\/www.g2.com\/products\/talkpal-for-business\/","https:\/\/www.trustpilot.com\/review\/talkpal.ai","https:\/\/www.capterra.com\/p\/10006800\/TalkPal\/"],"description":"Talkpal is a language learning web and mobile education app, powered by the latest AI technologies, that provides engaging experiences to its customers in many different languages to help them improve their language skills. Users can chat about unlimited amount of topics with the app and use other modes to practice their language learning.","email":"support@talkpal.ai","legalName":"Talkpal, Inc.","foundingDate":"2023-04-03","duns":"118989042","numberOfEmployees":{"@type":"QuantitativeValue","minValue":"11","maxValue":"50"},"publishingPrinciples":"https:\/\/talkpal.ai\/publishing-principles\/","actionableFeedbackPolicy":"https:\/\/talkpal.ai\/actionable-feedback-policy\/","correctionsPolicy":"https:\/\/talkpal.ai\/corrections-policy\/","ethicsPolicy":"https:\/\/talkpal.ai\/ethics-policy\/","diversityPolicy":"https:\/\/talkpal.ai\/diversity-policy\/","diversityStaffingReport":"https:\/\/talkpal.ai\/diversity-policy\/"}]}},"_links":{"self":[{"href":"https:\/\/talkpal.ai\/et\/wp-json\/wp\/v2\/pages\/130009","targetHints":{"allow":["GET"]}}],"collection":[{"href":"https:\/\/talkpal.ai\/et\/wp-json\/wp\/v2\/pages"}],"about":[{"href":"https:\/\/talkpal.ai\/et\/wp-json\/wp\/v2\/types\/page"}],"author":[{"embeddable":true,"href":"https:\/\/talkpal.ai\/et\/wp-json\/wp\/v2\/users\/1"}],"replies":[{"embeddable":true,"href":"https:\/\/talkpal.ai\/et\/wp-json\/wp\/v2\/comments?post=130009"}],"version-history":[{"count":0,"href":"https:\/\/talkpal.ai\/et\/wp-json\/wp\/v2\/pages\/130009\/revisions"}],"wp:featuredmedia":[{"embeddable":true,"href":"https:\/\/talkpal.ai\/et\/wp-json\/wp\/v2\/media\/107857"}],"wp:attachment":[{"href":"https:\/\/talkpal.ai\/et\/wp-json\/wp\/v2\/media?parent=130009"}],"curies":[{"name":"wp","href":"https:\/\/api.w.org\/{rel}","templated":true}]}}